{"id":40,"date":"2023-03-10T11:18:58","date_gmt":"2023-03-10T10:18:58","guid":{"rendered":"https:\/\/wordpress-1074717-3818660.cloudwaysapps.com\/?page_id=40"},"modified":"2026-01-26T17:12:47","modified_gmt":"2026-01-26T16:12:47","slug":"horaires","status":"publish","type":"page","link":"https:\/\/colosseo-roma.it\/fr\/visiter\/heures-douverture\/","title":{"rendered":"Heures d'ouverture"},"content":{"rendered":"<div data-elementor-type=\"wp-page\" data-elementor-id=\"40\" class=\"elementor elementor-40\" data-elementor-post-type=\"page\">\n\t\t\t\t\t\t<section class=\"elementor-section elementor-top-section elementor-element elementor-element-f90df0c elementor-section-boxed elementor-section-height-default elementor-section-height-default\" data-id=\"f90df0c\" data-element_type=\"section\" data-settings=\"{&quot;jet_parallax_layout_list&quot;:[],&quot;ekit_has_onepagescroll_dot&quot;:&quot;yes&quot;}\">\n\t\t\t\t\t\t<div class=\"elementor-container elementor-column-gap-default\">\n\t\t\t\t\t<div class=\"elementor-column elementor-col-100 elementor-top-column elementor-element elementor-element-b1f1488\" data-id=\"b1f1488\" data-element_type=\"column\" data-settings=\"{&quot;background_background&quot;:&quot;classic&quot;}\">\n\t\t\t<div class=\"elementor-widget-wrap elementor-element-populated\">\n\t\t\t\t\t\t<div class=\"elementor-element elementor-element-09e0654 elementor-widget elementor-widget-heading\" data-id=\"09e0654\" data-element_type=\"widget\" data-settings=\"{&quot;ekit_we_effect_on&quot;:&quot;none&quot;}\" data-widget_type=\"heading.default\">\n\t\t\t\t<div class=\"elementor-widget-container\">\n\t\t\t<h1 class=\"elementor-heading-title elementor-size-default\">Heures d'ouverture du Colis\u00e9e\n\n<\/h1>\t\t<\/div>\n\t\t\t\t<\/div>\n\t\t\t\t<div class=\"elementor-element elementor-element-b14ffde elementor-widget elementor-widget-heading\" data-id=\"b14ffde\" data-element_type=\"widget\" data-settings=\"{&quot;ekit_we_effect_on&quot;:&quot;none&quot;}\" data-widget_type=\"heading.default\">\n\t\t\t\t<div class=\"elementor-widget-container\">\n\t\t\t<h4 class=\"elementor-heading-title elementor-size-default\">Heures d'ouverture pour visiter le Colis\u00e9e<\/h4>\t\t<\/div>\n\t\t\t\t<\/div>\n\t\t\t\t<div class=\"elementor-element elementor-element-5c62bb9 elementor-widget elementor-widget-text-editor\" data-id=\"5c62bb9\" data-element_type=\"widget\" data-settings=\"{&quot;ekit_we_effect_on&quot;:&quot;none&quot;}\" data-widget_type=\"text-editor.default\">\n\t\t\t\t<div class=\"elementor-widget-container\">\n\t\t\t\t\t\t\t<p style=\"text-align: center;\"><strong>Les horaires d'ouverture et de fermeture du Colis\u00e9e sont les suivants :\u00a0<\/strong><\/p><p style=\"text-align: center;\"><strong>Heures d'ouverture 08.30 - 16.30 : du dernier dimanche d'octobre au 15 f\u00e9vrier<\/strong><\/p><p style=\"text-align: center;\"><strong>Heures d'ouverture 08.30 - 17.00 : du 16 f\u00e9vrier au 15 mars<\/strong><\/p><p style=\"text-align: center;\"><strong>Heures d'ouverture 08.30 - 17.30 : du 16 au dernier samedi de mars.<\/strong><\/p><p style=\"text-align: center;\"><strong>Heures d'ouverture 08.30 - 19.15 : du dernier dimanche de mars au 31 ao\u00fbt<\/strong><\/p><p style=\"text-align: center;\"><strong>Heures d'ouverture 08.30 - 19.00 : du 1er au 30 septembre<\/strong><\/p><p style=\"text-align: center;\"><strong>Heures d'ouverture 08.30 - 18.30 : du 1er au dernier samedi d'octobre<\/strong><\/p><p style=\"text-align: center;\"><strong>Veuillez noter que la derni\u00e8re entr\u00e9e est possible une heure avant la fermeture du Colis\u00e9e.<\/strong><\/p><p style=\"text-align: center;\"><strong>Le Colis\u00e9e est ouvert tous les jours, il n'est ferm\u00e9 que le 1er janvier et le 25 d\u00e9cembre.<\/strong><\/p>\t\t\t\t\t\t<\/div>\n\t\t\t\t<\/div>\n\t\t\t\t<div class=\"elementor-element elementor-element-57e6c65 elementor-widget elementor-widget-spacer\" data-id=\"57e6c65\" data-element_type=\"widget\" data-settings=\"{&quot;ekit_we_effect_on&quot;:&quot;none&quot;}\" data-widget_type=\"spacer.default\">\n\t\t\t\t<div class=\"elementor-widget-container\">\n\t\t\t\t\t<div class=\"elementor-spacer\">\n\t\t\t<div class=\"elementor-spacer-inner\"><\/div>\n\t\t<\/div>\n\t\t\t\t<\/div>\n\t\t\t\t<\/div>\n\t\t\t\t\t<\/div>\n\t\t<\/div>\n\t\t\t\t\t<\/div>\n\t\t<\/section>\n\t\t\t\t<section class=\"elementor-section elementor-top-section elementor-element elementor-element-4decdf9 elementor-section-boxed elementor-section-height-default elementor-section-height-default\" data-id=\"4decdf9\" data-element_type=\"section\" data-settings=\"{&quot;jet_parallax_layout_list&quot;:[],&quot;ekit_has_onepagescroll_dot&quot;:&quot;yes&quot;}\">\n\t\t\t\t\t\t<div class=\"elementor-container elementor-column-gap-default\">\n\t\t\t\t\t<div class=\"elementor-column elementor-col-100 elementor-top-column elementor-element elementor-element-ae96b9f\" data-id=\"ae96b9f\" data-element_type=\"column\" data-settings=\"{&quot;background_background&quot;:&quot;classic&quot;}\">\n\t\t\t<div class=\"elementor-widget-wrap elementor-element-populated\">\n\t\t\t\t\t\t<div class=\"elementor-element elementor-element-b170979 elementor-widget elementor-widget-html\" data-id=\"b170979\" data-element_type=\"widget\" data-settings=\"{&quot;ekit_we_effect_on&quot;:&quot;none&quot;}\" data-widget_type=\"html.default\">\n\t\t\t\t<div class=\"elementor-widget-container\">\n\t\t\t<div data-tiqets-widget=\"discovery\" data-cards-layout=\"responsive\" data-content-type=\"product\" data-item_count=\"4\" data-destination-type=\"venue\" data-destination-id=\"217362\" data-partner=\"colosseo_roma\" data-tq-campaign=\"orari\"><\/div><script defer src=\"https:\/\/widgets.tiqets.com\/loader.js\"><\/script>\t\t<\/div>\n\t\t\t\t<\/div>\n\t\t\t\t<div class=\"elementor-element elementor-element-8bac0b3 elementor-widget elementor-widget-heading\" data-id=\"8bac0b3\" data-element_type=\"widget\" data-settings=\"{&quot;ekit_we_effect_on&quot;:&quot;none&quot;}\" data-widget_type=\"heading.default\">\n\t\t\t\t<div class=\"elementor-widget-container\">\n\t\t\t<h5 class=\"elementor-heading-title elementor-size-default\">Pourquoi r\u00e9server des visites guid\u00e9es ?<\/h5>\t\t<\/div>\n\t\t\t\t<\/div>\n\t\t\t\t<div class=\"elementor-element elementor-element-6f6d1b0 elementor-widget elementor-widget-text-editor\" data-id=\"6f6d1b0\" data-element_type=\"widget\" data-settings=\"{&quot;ekit_we_effect_on&quot;:&quot;none&quot;}\" data-widget_type=\"text-editor.default\">\n\t\t\t\t<div class=\"elementor-widget-container\">\n\t\t\t\t\t\t\t<p>R\u00e9server une visite guid\u00e9e est un bon choix pour ceux qui souhaitent optimiser leur temps et profiter d'une visite plus approfondie. Lors d'une visite guid\u00e9e, un guide exp\u00e9riment\u00e9 vous accompagnera tout au long de la visite des ar\u00e8nes et vous donnera \u00e9galement acc\u00e8s \u00e0 la partie du Colis\u00e9e qui est ferm\u00e9e aux visiteurs autonomes : la zone souterraine du Colis\u00e9e. En outre, de nombreuses visites guid\u00e9es pr\u00e9voient un acc\u00e8s prioritaire sans file d'attente, ce qui vous permet de gagner un temps pr\u00e9cieux et d'\u00e9viter de faire la queue sous le soleil.<\/p>\t\t\t\t\t\t<\/div>\n\t\t\t\t<\/div>\n\t\t\t\t<div class=\"elementor-element elementor-element-3a1f1fb elementor-widget elementor-widget-heading\" data-id=\"3a1f1fb\" data-element_type=\"widget\" data-settings=\"{&quot;ekit_we_effect_on&quot;:&quot;none&quot;}\" data-widget_type=\"heading.default\">\n\t\t\t\t<div class=\"elementor-widget-container\">\n\t\t\t<h5 class=\"elementor-heading-title elementor-size-default\">Pourquoi acheter des billets et des circuits ?<\/h5>\t\t<\/div>\n\t\t\t\t<\/div>\n\t\t\t\t<div class=\"elementor-element elementor-element-6442606 elementor-widget elementor-widget-text-editor\" data-id=\"6442606\" data-element_type=\"widget\" data-settings=\"{&quot;ekit_we_effect_on&quot;:&quot;none&quot;}\" data-widget_type=\"text-editor.default\">\n\t\t\t\t<div class=\"elementor-widget-container\">\n\t\t\t\t\t\t\t<p>L'achat de billets et de visites \u00e0 l'avance permet d'\u00e9viter les files d'attente et de garantir l'acc\u00e8s aux dates et heures souhait\u00e9es. De plus, il existe souvent des offres sp\u00e9ciales en ligne ou des forfaits incluant plusieurs attractions touristiques. L'achat \u00e0 l'avance de billets et de visites dans les ar\u00e8nes permet \u00e9galement de mieux organiser son voyage et d'avoir une vue d'ensemble des frais \u00e0 engager \u00e0 l'avance, ce qui \u00e9vite les mauvaises surprises.<\/p>\t\t\t\t\t\t<\/div>\n\t\t\t\t<\/div>\n\t\t\t\t<div class=\"elementor-element elementor-element-ec87156 elementor-widget elementor-widget-heading\" data-id=\"ec87156\" data-element_type=\"widget\" data-settings=\"{&quot;ekit_we_effect_on&quot;:&quot;none&quot;}\" data-widget_type=\"heading.default\">\n\t\t\t\t<div class=\"elementor-widget-container\">\n\t\t\t<h5 class=\"elementor-heading-title elementor-size-default\">Quelle est la dur\u00e9e de la visite ?<\/h5>\t\t<\/div>\n\t\t\t\t<\/div>\n\t\t\t\t<div class=\"elementor-element elementor-element-4c254f8 elementor-widget elementor-widget-text-editor\" data-id=\"4c254f8\" data-element_type=\"widget\" data-settings=\"{&quot;ekit_we_effect_on&quot;:&quot;none&quot;}\" data-widget_type=\"text-editor.default\">\n\t\t\t\t<div class=\"elementor-widget-container\">\n\t\t\t\t\t\t\t<p>Il faut compter au moins une heure pour visiter le Colis\u00e9e seul, ce qui inclut le temps d'explorer le monument et de prendre quelques photos et selfies. La visite d'autres attractions telles que le Forum romain et le Palatin prend 3 heures. Le temps n\u00e9cessaire pour visiter ces monuments d\u00e9pend \u00e9galement du type de visite choisi. Les visites guid\u00e9es sont g\u00e9n\u00e9ralement plus longues que les visites individuelles.<\/p>\t\t\t\t\t\t<\/div>\n\t\t\t\t<\/div>\n\t\t\t\t<div class=\"elementor-element elementor-element-6d32b39 elementor-widget elementor-widget-heading\" data-id=\"6d32b39\" data-element_type=\"widget\" data-settings=\"{&quot;ekit_we_effect_on&quot;:&quot;none&quot;}\" data-widget_type=\"heading.default\">\n\t\t\t\t<div class=\"elementor-widget-container\">\n\t\t\t<h5 class=\"elementor-heading-title elementor-size-default\">Un conseil important pour la visite du Colis\u00e9e :<\/h5>\t\t<\/div>\n\t\t\t\t<\/div>\n\t\t\t\t<div class=\"elementor-element elementor-element-e39e5d8 elementor-widget elementor-widget-text-editor\" data-id=\"e39e5d8\" data-element_type=\"widget\" data-settings=\"{&quot;ekit_we_effect_on&quot;:&quot;none&quot;}\" data-widget_type=\"text-editor.default\">\n\t\t\t\t<div class=\"elementor-widget-container\">\n\t\t\t\t\t\t\t<ul><li>La meilleure p\u00e9riode pour visiter le Colis\u00e9e se situe entre novembre et mars pour un climat plus agr\u00e9able et moins de touristes.<\/li><li>Pendant la journ\u00e9e, il est recommand\u00e9 de visiter l'attraction t\u00f4t le matin ou peu avant la fermeture.<\/li><li>Planifiez votre visite en semaine pour \u00e9viter les foules.<\/li><\/ul>\t\t\t\t\t\t<\/div>\n\t\t\t\t<\/div>\n\t\t\t\t<div class=\"elementor-element elementor-element-e79276d elementor-widget elementor-widget-heading\" data-id=\"e79276d\" data-element_type=\"widget\" data-settings=\"{&quot;ekit_we_effect_on&quot;:&quot;none&quot;}\" data-widget_type=\"heading.default\">\n\t\t\t\t<div class=\"elementor-widget-container\">\n\t\t\t<h5 class=\"elementor-heading-title elementor-size-default\">Colis\u00e9e - Billets \u00e0 prix r\u00e9duit<\/h5>\t\t<\/div>\n\t\t\t\t<\/div>\n\t\t\t\t<div class=\"elementor-element elementor-element-9c60533 elementor-widget elementor-widget-text-editor\" data-id=\"9c60533\" data-element_type=\"widget\" data-settings=\"{&quot;ekit_we_effect_on&quot;:&quot;none&quot;}\" data-widget_type=\"text-editor.default\">\n\t\t\t\t<div class=\"elementor-widget-container\">\n\t\t\t\t\t\t\t<p>Achetez les activit\u00e9s suivantes et choisissez le circuit qui r\u00e9pond \u00e0 vos besoins et n'oubliez pas de<\/p><ul><li style=\"list-style-type: none;\"><ul><li><strong>Les citoyens de l'UE \u00e2g\u00e9s de 18 \u00e0 25 ans doivent pr\u00e9senter une pi\u00e8ce d'identit\u00e9 pour b\u00e9n\u00e9ficier de la r\u00e9duction de 2,00 euros.<\/strong>.<\/li><\/ul><\/li><\/ul>\t\t\t\t\t\t<\/div>\n\t\t\t\t<\/div>\n\t\t\t\t<div class=\"elementor-element elementor-element-3dd2788 elementor-widget elementor-widget-spacer\" data-id=\"3dd2788\" data-element_type=\"widget\" data-settings=\"{&quot;ekit_we_effect_on&quot;:&quot;none&quot;}\" data-widget_type=\"spacer.default\">\n\t\t\t\t<div class=\"elementor-widget-container\">\n\t\t\t\t\t<div class=\"elementor-spacer\">\n\t\t\t<div class=\"elementor-spacer-inner\"><\/div>\n\t\t<\/div>\n\t\t\t\t<\/div>\n\t\t\t\t<\/div>\n\t\t\t\t\t<\/div>\n\t\t<\/div>\n\t\t\t\t\t<\/div>\n\t\t<\/section>\n\t\t\t\t<\/div>","protected":false},"excerpt":{"rendered":"<p>Heures d'ouverture du Colis\u00e9e Pour visiter le Colis\u00e9e Les heures d'ouverture et de fermeture du Colis\u00e9e sont les suivantes : Heures d'ouverture 08.30 - 16.30 : du dernier dimanche d'octobre au 15 f\u00e9vrier Heures d'ouverture 08.30 - 17.00 : du 16 f\u00e9vrier au 15 mars Heures d'ouverture 08.30 - 17.30 : du 16 au dernier samedi de mars Heures d'ouverture 08.30 - [...]<\/p>","protected":false},"author":1,"featured_media":0,"parent":2357,"menu_order":4,"comment_status":"closed","ping_status":"closed","template":"","meta":{"site-sidebar-layout":"no-sidebar","site-content-layout":"page-builder","ast-site-content-layout":"full-width-container","site-content-style":"unboxed","site-sidebar-style":"unboxed","ast-global-header-display":"","ast-banner-title-visibility":"","ast-main-header-display":"","ast-hfb-above-header-display":"","ast-hfb-below-header-display":"","ast-hfb-mobile-header-display":"","site-post-title":"disabled","ast-breadcrumbs-content":"","ast-featured-img":"disabled","footer-sml-layout":"","ast-disable-related-posts":"","theme-transparent-header-meta":"default","adv-header-id-meta":"","stick-header-meta":"","header-above-stick-meta":"","header-main-stick-meta":"","header-below-stick-meta":"","astra-migrate-meta-layouts":"default","ast-page-background-enabled":"default","ast-page-background-meta":{"desktop":{"background-color":"var(--ast-global-color-4)","background-image":"","background-repeat":"repeat","background-position":"center center","background-size":"auto","background-attachment":"scroll","background-type":"","background-media":"","overlay-type":"","overlay-color":"","overlay-opacity":"","overlay-gradient":""},"tablet":{"background-color":"","background-image":"","background-repeat":"repeat","background-position":"center center","background-size":"auto","background-attachment":"scroll","background-type":"","background-media":"","overlay-type":"","overlay-color":"","overlay-opacity":"","overlay-gradient":""},"mobile":{"background-color":"","background-image":"","background-repeat":"repeat","background-position":"center center","background-size":"auto","background-attachment":"scroll","background-type":"","background-media":"","overlay-type":"","overlay-color":"","overlay-opacity":"","overlay-gradient":""}},"ast-content-background-meta":{"desktop":{"background-color":"var(--ast-global-color-5)","background-image":"","background-repeat":"repeat","background-position":"center center","background-size":"auto","background-attachment":"scroll","background-type":"","background-media":"","overlay-type":"","overlay-color":"","overlay-opacity":"","overlay-gradient":""},"tablet":{"background-color":"var(--ast-global-color-5)","background-image":"","background-repeat":"repeat","background-position":"center center","background-size":"auto","background-attachment":"scroll","background-type":"","background-media":"","overlay-type":"","overlay-color":"","overlay-opacity":"","overlay-gradient":""},"mobile":{"background-color":"var(--ast-global-color-5)","background-image":"","background-repeat":"repeat","background-position":"center center","background-size":"auto","background-attachment":"scroll","background-type":"","background-media":"","overlay-type":"","overlay-color":"","overlay-opacity":"","overlay-gradient":""}},"iawp_total_views":19499,"footnotes":""},"class_list":["post-40","page","type-page","status-publish","hentry"],"_links":{"self":[{"href":"https:\/\/colosseo-roma.it\/fr\/wp-json\/wp\/v2\/pages\/40","targetHints":{"allow":["GET"]}}],"collection":[{"href":"https:\/\/colosseo-roma.it\/fr\/wp-json\/wp\/v2\/pages"}],"about":[{"href":"https:\/\/colosseo-roma.it\/fr\/wp-json\/wp\/v2\/types\/page"}],"author":[{"embeddable":true,"href":"https:\/\/colosseo-roma.it\/fr\/wp-json\/wp\/v2\/users\/1"}],"replies":[{"embeddable":true,"href":"https:\/\/colosseo-roma.it\/fr\/wp-json\/wp\/v2\/comments?post=40"}],"version-history":[{"count":0,"href":"https:\/\/colosseo-roma.it\/fr\/wp-json\/wp\/v2\/pages\/40\/revisions"}],"up":[{"embeddable":true,"href":"https:\/\/colosseo-roma.it\/fr\/wp-json\/wp\/v2\/pages\/2357"}],"wp:attachment":[{"href":"https:\/\/colosseo-roma.it\/fr\/wp-json\/wp\/v2\/media?parent=40"}],"curies":[{"name":"wp","href":"https:\/\/api.w.org\/{rel}","templated":true}]}}