{"id":46,"date":"2023-03-10T11:29:55","date_gmt":"2023-03-10T10:29:55","guid":{"rendered":"https:\/\/wordpress-1074717-3818660.cloudwaysapps.com\/?page_id=46"},"modified":"2026-01-26T17:11:31","modified_gmt":"2026-01-26T16:11:31","slug":"10-choses-sur-le-colisee","status":"publish","type":"page","link":"https:\/\/colosseo-roma.it\/fr\/explorer\/colisee\/10-choses-a-savoir-sur-le-colisee\/","title":{"rendered":"10 choses \u00e0 savoir sur le Colis\u00e9e"},"content":{"rendered":"<div data-elementor-type=\"wp-page\" data-elementor-id=\"46\" class=\"elementor elementor-46\" data-elementor-post-type=\"page\">\n\t\t\t\t\t\t<section class=\"elementor-section elementor-top-section elementor-element elementor-element-561ee7c elementor-section-boxed elementor-section-height-default elementor-section-height-default\" data-id=\"561ee7c\" data-element_type=\"section\" data-settings=\"{&quot;jet_parallax_layout_list&quot;:[],&quot;ekit_has_onepagescroll_dot&quot;:&quot;yes&quot;}\">\n\t\t\t\t\t\t<div class=\"elementor-container elementor-column-gap-default\">\n\t\t\t\t\t<div class=\"elementor-column elementor-col-100 elementor-top-column elementor-element elementor-element-e725d89\" data-id=\"e725d89\" data-element_type=\"column\" data-settings=\"{&quot;background_background&quot;:&quot;classic&quot;}\">\n\t\t\t<div class=\"elementor-widget-wrap elementor-element-populated\">\n\t\t\t\t\t\t<div class=\"elementor-element elementor-element-2beb02e elementor-widget elementor-widget-heading\" data-id=\"2beb02e\" data-element_type=\"widget\" data-settings=\"{&quot;ekit_we_effect_on&quot;:&quot;none&quot;}\" data-widget_type=\"heading.default\">\n\t\t\t\t<div class=\"elementor-widget-container\">\n\t\t\t<h1 class=\"elementor-heading-title elementor-size-default\">DIX CHOSES \u00c0 SAVOIR SUR LE COLIS\u00c9E<\/h1>\t\t<\/div>\n\t\t\t\t<\/div>\n\t\t\t\t<div class=\"elementor-element elementor-element-eee1aeb elementor-widget elementor-widget-heading\" data-id=\"eee1aeb\" data-element_type=\"widget\" data-settings=\"{&quot;ekit_we_effect_on&quot;:&quot;none&quot;}\" data-widget_type=\"heading.default\">\n\t\t\t\t<div class=\"elementor-widget-container\">\n\t\t\t<h5 class=\"elementor-heading-title elementor-size-default\">1. Colossal... dimensions<\/h5>\t\t<\/div>\n\t\t\t\t<\/div>\n\t\t\t\t<div class=\"elementor-element elementor-element-a55de91 elementor-widget elementor-widget-text-editor\" data-id=\"a55de91\" data-element_type=\"widget\" data-settings=\"{&quot;ekit_we_effect_on&quot;:&quot;none&quot;}\" data-widget_type=\"text-editor.default\">\n\t\t\t\t<div class=\"elementor-widget-container\">\n\t\t\t\t\t\t\t<p>Le Colis\u00e9e est un b\u00e2timent elliptique de 189 m\u00e8tres de long (100 m\u00e8tres de moins que le Costa Concordia, ndlr) et de 156 m\u00e8tres de large, couvrant une surface de 24 000 m\u00e8tres carr\u00e9s avec une hauteur de plus de 48 m\u00e8tres. Il poss\u00e8de environ 80 entr\u00e9es et peut accueillir environ 50 000 spectateurs.<\/p>\t\t\t\t\t\t<\/div>\n\t\t\t\t<\/div>\n\t\t\t\t<div class=\"elementor-element elementor-element-a2b4579 elementor-widget elementor-widget-heading\" data-id=\"a2b4579\" data-element_type=\"widget\" data-settings=\"{&quot;ekit_we_effect_on&quot;:&quot;none&quot;}\" data-widget_type=\"heading.default\">\n\t\t\t\t<div class=\"elementor-widget-container\">\n\t\t\t<h5 class=\"elementor-heading-title elementor-size-default\">2. Travaux en cours.<\/h5>\t\t<\/div>\n\t\t\t\t<\/div>\n\t\t\t\t<div class=\"elementor-element elementor-element-323f92a elementor-widget elementor-widget-text-editor\" data-id=\"323f92a\" data-element_type=\"widget\" data-settings=\"{&quot;ekit_we_effect_on&quot;:&quot;none&quot;}\" data-widget_type=\"text-editor.default\">\n\t\t\t\t<div class=\"elementor-widget-container\">\n\t\t\t\t\t\t\t<p>Sa construction a dur\u00e9 un peu plus de cinq ans, de 75 \u00e0 80 apr\u00e8s J\u00e9sus-Christ. Pour le seul mur ext\u00e9rieur, plus de 100 000 m\u00e8tres cubes de travertin ont \u00e9t\u00e9 utilis\u00e9s.<\/p>\t\t\t\t\t\t<\/div>\n\t\t\t\t<\/div>\n\t\t\t\t<div class=\"elementor-element elementor-element-fa40b62 elementor-widget elementor-widget-heading\" data-id=\"fa40b62\" data-element_type=\"widget\" data-settings=\"{&quot;ekit_we_effect_on&quot;:&quot;none&quot;}\" data-widget_type=\"heading.default\">\n\t\t\t\t<div class=\"elementor-widget-container\">\n\t\t\t<h5 class=\"elementor-heading-title elementor-size-default\">3. Un nom, un myst\u00e8re.<\/h5>\t\t<\/div>\n\t\t\t\t<\/div>\n\t\t\t\t<div class=\"elementor-element elementor-element-2b928d1 elementor-widget elementor-widget-text-editor\" data-id=\"2b928d1\" data-element_type=\"widget\" data-settings=\"{&quot;ekit_we_effect_on&quot;:&quot;none&quot;}\" data-widget_type=\"text-editor.default\">\n\t\t\t\t<div class=\"elementor-widget-container\">\n\t\t\t\t\t\t\t<p>\u00c0 l'origine, il s'appelait l'amphith\u00e9\u00e2tre Flavien (il a \u00e9t\u00e9 construit par Vespasien et Titus de la dynastie des Flaviens, ndlr). Le nom \"Colis\u00e9e\" n'est apparu qu'au Moyen \u00c2ge : la th\u00e9orie la plus r\u00e9pandue veut qu'il ait \u00e9t\u00e9 appel\u00e9 ainsi parce qu'il a \u00e9t\u00e9 construit pr\u00e8s de la statue du \"colosse\" de N\u00e9ron qui se trouvait \u00e0 quelques m\u00e8tres de l'amphith\u00e9\u00e2tre. D'autres disent que le nom vient de l'emplacement, car il se trouve sur une colline o\u00f9 se trouvait autrefois un temple d'Isis (d'o\u00f9 le nom de Collis Isei). Mais il existe aussi une l\u00e9gende noire selon laquelle il s'agirait d'un ancien temple pa\u00efen o\u00f9 l'on v\u00e9n\u00e9rait le diable. Et \u00e0 la fin de chaque c\u00e9r\u00e9monie, les pr\u00eatres demandaient aux fid\u00e8les : \"Colis Eum ?\" (\"L'adorez-vous ?\").<\/p>\t\t\t\t\t\t<\/div>\n\t\t\t\t<\/div>\n\t\t\t\t<div class=\"elementor-element elementor-element-cbbddd9 elementor-widget elementor-widget-heading\" data-id=\"cbbddd9\" data-element_type=\"widget\" data-settings=\"{&quot;ekit_we_effect_on&quot;:&quot;none&quot;}\" data-widget_type=\"heading.default\">\n\t\t\t\t<div class=\"elementor-widget-container\">\n\t\t\t<h5 class=\"elementor-heading-title elementor-size-default\">4. Sans le Colis\u00e9e, de nombreux b\u00e2timents historiques n'existeraient pas.<\/h5>\t\t<\/div>\n\t\t\t\t<\/div>\n\t\t\t\t<div class=\"elementor-element elementor-element-58f4fda elementor-widget elementor-widget-text-editor\" data-id=\"58f4fda\" data-element_type=\"widget\" data-settings=\"{&quot;ekit_we_effect_on&quot;:&quot;none&quot;}\" data-widget_type=\"text-editor.default\">\n\t\t\t\t<div class=\"elementor-widget-container\">\n\t\t\t\t\t\t\t<p>Le marbre de la fa\u00e7ade et de certaines parties int\u00e9rieures du Colis\u00e9e a \u00e9t\u00e9 utilis\u00e9 pour la construction de la basilique Saint-Pierre et de b\u00e2timents civils tels que le Palazzo Barberini. Tomb\u00e9 dans l'oubli, l'amphith\u00e9\u00e2tre a longtemps \u00e9t\u00e9 utilis\u00e9 comme source de mat\u00e9riaux de construction. Ce fut le cas jusqu'au XVIIIe si\u00e8cle, lorsque l'amour pour les vestiges antiques de Rome revint. On estime qu'au fil du temps, seul un tiers de la construction d'origine a \u00e9t\u00e9 conserv\u00e9.<\/p>\t\t\t\t\t\t<\/div>\n\t\t\t\t<\/div>\n\t\t\t\t<div class=\"elementor-element elementor-element-54e09ea elementor-widget elementor-widget-heading\" data-id=\"54e09ea\" data-element_type=\"widget\" data-settings=\"{&quot;ekit_we_effect_on&quot;:&quot;none&quot;}\" data-widget_type=\"heading.default\">\n\t\t\t\t<div class=\"elementor-widget-container\">\n\t\t\t<h5 class=\"elementor-heading-title elementor-size-default\">5. Film historique ? Non, film d'horreur.<\/h5>\t\t<\/div>\n\t\t\t\t<\/div>\n\t\t\t\t<div class=\"elementor-element elementor-element-5d03ddb elementor-widget elementor-widget-text-editor\" data-id=\"5d03ddb\" data-element_type=\"widget\" data-settings=\"{&quot;ekit_we_effect_on&quot;:&quot;none&quot;}\" data-widget_type=\"text-editor.default\">\n\t\t\t\t<div class=\"elementor-widget-container\">\n\t\t\t\t\t\t\t<p>A l'\u00e9poque des gladiateurs, le Colis\u00e9e a acquis une sinistre r\u00e9putation, au point d'\u00eatre consid\u00e9r\u00e9 comme l'une des 7 portes de l'enfer (des dizaines de milliers de personnes y sont mortes). On raconte que des rites propitiatoires y \u00e9taient c\u00e9l\u00e9br\u00e9s, utilisant le sang des morts de l'ar\u00e8ne. Au Moyen \u00c2ge, des bandes de brigands s'en servaient pour enterrer leurs victimes. Et au XVIe si\u00e8cle, elle fut la cible de magiciens et de sorciers qui, semble-t-il, appr\u00e9ciaient les herbes aux pouvoirs magiques qui poussaient dans ses ruines.<\/p>\t\t\t\t\t\t<\/div>\n\t\t\t\t<\/div>\n\t\t\t\t<div class=\"elementor-element elementor-element-ef40974 elementor-widget elementor-widget-heading\" data-id=\"ef40974\" data-element_type=\"widget\" data-settings=\"{&quot;ekit_we_effect_on&quot;:&quot;none&quot;}\" data-widget_type=\"heading.default\">\n\t\t\t\t<div class=\"elementor-widget-container\">\n\t\t\t<h5 class=\"elementor-heading-title elementor-size-default\">6. C'est un peu comme la jungle.<\/h5>\t\t<\/div>\n\t\t\t\t<\/div>\n\t\t\t\t<div class=\"elementor-element elementor-element-ddb7852 elementor-widget elementor-widget-text-editor\" data-id=\"ddb7852\" data-element_type=\"widget\" data-settings=\"{&quot;ekit_we_effect_on&quot;:&quot;none&quot;}\" data-widget_type=\"text-editor.default\">\n\t\t\t\t<div class=\"elementor-widget-container\">\n\t\t\t\t\t\t\t<p>\u00c9trange mais vrai : depuis plusieurs si\u00e8cles, des experts en botanique \u00e9tudient la flore qui pousse \u00e0 l'\u00e9tat sauvage \u00e0 l'int\u00e9rieur du Colis\u00e9e. Plus de 350 esp\u00e8ces de plantes diff\u00e9rentes ont pris racine dans les ruines, dont certaines sont d'origine exotique et dont la croissance serait favoris\u00e9e par le microclimat de l'amphith\u00e9\u00e2tre.<\/p>\t\t\t\t\t\t<\/div>\n\t\t\t\t<\/div>\n\t\t\t\t<div class=\"elementor-element elementor-element-1ea489e elementor-widget elementor-widget-heading\" data-id=\"1ea489e\" data-element_type=\"widget\" data-settings=\"{&quot;ekit_we_effect_on&quot;:&quot;none&quot;}\" data-widget_type=\"heading.default\">\n\t\t\t\t<div class=\"elementor-widget-container\">\n\t\t\t<h5 class=\"elementor-heading-title elementor-size-default\">7. Il a \u00e9galement \u00e9t\u00e9 utilis\u00e9 comme piscine.<\/h5>\t\t<\/div>\n\t\t\t\t<\/div>\n\t\t\t\t<div class=\"elementor-element elementor-element-53280c6 elementor-widget elementor-widget-text-editor\" data-id=\"53280c6\" data-element_type=\"widget\" data-settings=\"{&quot;ekit_we_effect_on&quot;:&quot;none&quot;}\" data-widget_type=\"text-editor.default\">\n\t\t\t\t<div class=\"elementor-widget-container\">\n\t\t\t\t\t\t\t<p>Pendant un certain temps, des nauromachies, repr\u00e9sentations de batailles navales dans l'eau, ont \u00e9galement \u00e9t\u00e9 organis\u00e9es \u00e0 l'int\u00e9rieur de l'ar\u00e8ne, mais elles n'ont pas connu le m\u00eame succ\u00e8s que les jeux de gladiateurs. Selon Martin Crapper, ma\u00eetre de conf\u00e9rences en ing\u00e9nierie civile et environnementale \u00e0 l'universit\u00e9 d'\u00c9dimbourg, l'eau s'\u00e9coulait par une s\u00e9rie de puits et de tuyaux internes situ\u00e9s sous les tribunes. Il fallait environ sept heures pour remplir toute l'ar\u00e8ne.<\/p>\t\t\t\t\t\t<\/div>\n\t\t\t\t<\/div>\n\t\t\t\t<div class=\"elementor-element elementor-element-bf73000 elementor-widget elementor-widget-heading\" data-id=\"bf73000\" data-element_type=\"widget\" data-settings=\"{&quot;ekit_we_effect_on&quot;:&quot;none&quot;}\" data-widget_type=\"heading.default\">\n\t\t\t\t<div class=\"elementor-widget-container\">\n\t\t\t<h5 class=\"elementor-heading-title elementor-size-default\">8. ...Et couvert par un grand parasol.<\/h5>\t\t<\/div>\n\t\t\t\t<\/div>\n\t\t\t\t<div class=\"elementor-element elementor-element-ea6cf2b elementor-widget elementor-widget-text-editor\" data-id=\"ea6cf2b\" data-element_type=\"widget\" data-settings=\"{&quot;ekit_we_effect_on&quot;:&quot;none&quot;}\" data-widget_type=\"text-editor.default\">\n\t\t\t\t<div class=\"elementor-widget-container\">\n\t\t\t\t\t\t\t<p>Les jours de soleil, le Colis\u00e9e \u00e9tait recouvert d'une voile compos\u00e9e d'environ 80 voiles triangulaires, contr\u00f4l\u00e9es par 320 cordes de soutien. La raison est facile \u00e0 deviner : \u00e9viter l'insolation des spectateurs lors des spectacles de midi.<\/p>\t\t\t\t\t\t<\/div>\n\t\t\t\t<\/div>\n\t\t\t\t<div class=\"elementor-element elementor-element-4d8e281 elementor-widget elementor-widget-heading\" data-id=\"4d8e281\" data-element_type=\"widget\" data-settings=\"{&quot;ekit_we_effect_on&quot;:&quot;none&quot;}\" data-widget_type=\"heading.default\">\n\t\t\t\t<div class=\"elementor-widget-container\">\n\t\t\t<h5 class=\"elementor-heading-title elementor-size-default\">9. Au cin\u00e9ma.<\/h5>\t\t<\/div>\n\t\t\t\t<\/div>\n\t\t\t\t<div class=\"elementor-element elementor-element-43a34f8 elementor-widget elementor-widget-text-editor\" data-id=\"43a34f8\" data-element_type=\"widget\" data-settings=\"{&quot;ekit_we_effect_on&quot;:&quot;none&quot;}\" data-widget_type=\"text-editor.default\">\n\t\t\t\t<div class=\"elementor-widget-container\">\n\t\t\t\t\t\t\t<p>Il a servi de d\u00e9cor \u00e0 de nombreux films. Mais le film qui a c\u00e9l\u00e9br\u00e9 sa renomm\u00e9e mondiale, Gladiator, n'a pas \u00e9t\u00e9 tourn\u00e9 au Colis\u00e9e. En effet, une s\u00e9rie de contretemps a pouss\u00e9 le r\u00e9alisateur Ridley Scott \u00e0 tourner certaines sc\u00e8nes dans l'amphith\u00e9\u00e2tre romain d'El Jem en Tunisie et \u00e0 en reconstituer une \u00e0 Malte, ce qui a pris 19 semaines et seulement en partie : l'essentiel a \u00e9t\u00e9 recr\u00e9\u00e9 sur ordinateur.<\/p>\t\t\t\t\t\t<\/div>\n\t\t\t\t<\/div>\n\t\t\t\t<div class=\"elementor-element elementor-element-7faaeef elementor-widget elementor-widget-heading\" data-id=\"7faaeef\" data-element_type=\"widget\" data-settings=\"{&quot;ekit_we_effect_on&quot;:&quot;none&quot;}\" data-widget_type=\"heading.default\">\n\t\t\t\t<div class=\"elementor-widget-container\">\n\t\t\t<h5 class=\"elementor-heading-title elementor-size-default\">10. Un nouveau look, ou plut\u00f4t un vieux look.<\/h5>\t\t<\/div>\n\t\t\t\t<\/div>\n\t\t\t\t<div class=\"elementor-element elementor-element-1465308 elementor-widget elementor-widget-text-editor\" data-id=\"1465308\" data-element_type=\"widget\" data-settings=\"{&quot;ekit_we_effect_on&quot;:&quot;none&quot;}\" data-widget_type=\"text-editor.default\">\n\t\t\t\t<div class=\"elementor-widget-container\">\n\t\t\t\t\t\t\t<p>Fin septembre, la phase de pr\u00e9paration devrait \u00eatre achev\u00e9e et la restauration de la fa\u00e7ade du Colis\u00e9e pourra commencer, qui, d\u00e9barrass\u00e9e du smog, retrouvera le blanc \u00e9clatant du travertin. Le co\u00fbt de l'op\u00e9ration, sponsoris\u00e9e par Tod's, est estim\u00e9 \u00e0 25 millions d'euros.<\/p>\t\t\t\t\t\t<\/div>\n\t\t\t\t<\/div>\n\t\t\t\t\t<\/div>\n\t\t<\/div>\n\t\t\t\t\t<\/div>\n\t\t<\/section>\n\t\t\t\t<\/div>","protected":false},"excerpt":{"rendered":"<p>DIX CHOSES A SAVOIR SUR LE COLOSSEUM 1. Dimensions... colossales Le Colis\u00e9e est un \u00e9difice elliptique de 189 m\u00e8tres de long (100 m\u00e8tres de moins que le Costa Concordia, ndlr) et de 156 m\u00e8tres de large, couvrant une superficie de 24 000 m\u00e8tres carr\u00e9s pour une hauteur de plus de 48 m\u00e8tres. Il poss\u00e8de environ 80 entr\u00e9es et peut accueillir environ 50 000 [...].<\/p>","protected":false},"author":1,"featured_media":0,"parent":528,"menu_order":8,"comment_status":"closed","ping_status":"closed","template":"","meta":{"site-sidebar-layout":"no-sidebar","site-content-layout":"page-builder","ast-site-content-layout":"full-width-container","site-content-style":"unboxed","site-sidebar-style":"unboxed","ast-global-header-display":"","ast-banner-title-visibility":"","ast-main-header-display":"","ast-hfb-above-header-display":"","ast-hfb-below-header-display":"","ast-hfb-mobile-header-display":"","site-post-title":"disabled","ast-breadcrumbs-content":"","ast-featured-img":"disabled","footer-sml-layout":"","ast-disable-related-posts":"","theme-transparent-header-meta":"default","adv-header-id-meta":"","stick-header-meta":"","header-above-stick-meta":"","header-main-stick-meta":"","header-below-stick-meta":"","astra-migrate-meta-layouts":"set","ast-page-background-enabled":"default","ast-page-background-meta":{"desktop":{"background-color":"var(--ast-global-color-4)","background-image":"","background-repeat":"repeat","background-position":"center center","background-size":"auto","background-attachment":"scroll","background-type":"","background-media":"","overlay-type":"","overlay-color":"","overlay-opacity":"","overlay-gradient":""},"tablet":{"background-color":"","background-image":"","background-repeat":"repeat","background-position":"center center","background-size":"auto","background-attachment":"scroll","background-type":"","background-media":"","overlay-type":"","overlay-color":"","overlay-opacity":"","overlay-gradient":""},"mobile":{"background-color":"","background-image":"","background-repeat":"repeat","background-position":"center center","background-size":"auto","background-attachment":"scroll","background-type":"","background-media":"","overlay-type":"","overlay-color":"","overlay-opacity":"","overlay-gradient":""}},"ast-content-background-meta":{"desktop":{"background-color":"var(--ast-global-color-5)","background-image":"","background-repeat":"repeat","background-position":"center center","background-size":"auto","background-attachment":"scroll","background-type":"","background-media":"","overlay-type":"","overlay-color":"","overlay-opacity":"","overlay-gradient":""},"tablet":{"background-color":"var(--ast-global-color-5)","background-image":"","background-repeat":"repeat","background-position":"center center","background-size":"auto","background-attachment":"scroll","background-type":"","background-media":"","overlay-type":"","overlay-color":"","overlay-opacity":"","overlay-gradient":""},"mobile":{"background-color":"var(--ast-global-color-5)","background-image":"","background-repeat":"repeat","background-position":"center center","background-size":"auto","background-attachment":"scroll","background-type":"","background-media":"","overlay-type":"","overlay-color":"","overlay-opacity":"","overlay-gradient":""}},"iawp_total_views":1652,"footnotes":""},"class_list":["post-46","page","type-page","status-publish","hentry"],"_links":{"self":[{"href":"https:\/\/colosseo-roma.it\/fr\/wp-json\/wp\/v2\/pages\/46","targetHints":{"allow":["GET"]}}],"collection":[{"href":"https:\/\/colosseo-roma.it\/fr\/wp-json\/wp\/v2\/pages"}],"about":[{"href":"https:\/\/colosseo-roma.it\/fr\/wp-json\/wp\/v2\/types\/page"}],"author":[{"embeddable":true,"href":"https:\/\/colosseo-roma.it\/fr\/wp-json\/wp\/v2\/users\/1"}],"replies":[{"embeddable":true,"href":"https:\/\/colosseo-roma.it\/fr\/wp-json\/wp\/v2\/comments?post=46"}],"version-history":[{"count":0,"href":"https:\/\/colosseo-roma.it\/fr\/wp-json\/wp\/v2\/pages\/46\/revisions"}],"up":[{"embeddable":true,"href":"https:\/\/colosseo-roma.it\/fr\/wp-json\/wp\/v2\/pages\/528"}],"wp:attachment":[{"href":"https:\/\/colosseo-roma.it\/fr\/wp-json\/wp\/v2\/media?parent=46"}],"curies":[{"name":"wp","href":"https:\/\/api.w.org\/{rel}","templated":true}]}}