{"id":498,"date":"2023-03-28T09:09:42","date_gmt":"2023-03-28T08:09:42","guid":{"rendered":"https:\/\/wordpress-1074717-3818660.cloudwaysapps.com\/?page_id=498"},"modified":"2026-01-26T17:14:09","modified_gmt":"2026-01-26T16:14:09","slug":"visite-guidee","status":"publish","type":"page","link":"https:\/\/colosseo-roma.it\/fr\/visiter\/experience-guidee\/visite-guidee\/","title":{"rendered":"Visites guid\u00e9es"},"content":{"rendered":"<div data-elementor-type=\"wp-page\" data-elementor-id=\"498\" class=\"elementor elementor-498\" data-elementor-post-type=\"page\">\n\t\t\t\t\t\t<section class=\"elementor-section elementor-top-section elementor-element elementor-element-d3d6758 elementor-section-boxed elementor-section-height-default elementor-section-height-default\" data-id=\"d3d6758\" data-element_type=\"section\" data-settings=\"{&quot;jet_parallax_layout_list&quot;:[],&quot;ekit_has_onepagescroll_dot&quot;:&quot;yes&quot;}\">\n\t\t\t\t\t\t<div class=\"elementor-container elementor-column-gap-default\">\n\t\t\t\t\t<div class=\"elementor-column elementor-col-100 elementor-top-column elementor-element elementor-element-a946017\" data-id=\"a946017\" data-element_type=\"column\" data-settings=\"{&quot;background_background&quot;:&quot;classic&quot;}\">\n\t\t\t<div class=\"elementor-widget-wrap elementor-element-populated\">\n\t\t\t\t\t\t<div class=\"elementor-element elementor-element-0a5eaae elementor-widget elementor-widget-heading\" data-id=\"0a5eaae\" data-element_type=\"widget\" data-settings=\"{&quot;ekit_we_effect_on&quot;:&quot;none&quot;}\" data-widget_type=\"heading.default\">\n\t\t\t\t<div class=\"elementor-widget-container\">\n\t\t\t<h1 class=\"elementor-heading-title elementor-size-default\">Visites guid\u00e9es<\/h1>\t\t<\/div>\n\t\t\t\t<\/div>\n\t\t\t\t<div class=\"elementor-element elementor-element-7b2c4ab elementor-widget elementor-widget-heading\" data-id=\"7b2c4ab\" data-element_type=\"widget\" data-settings=\"{&quot;ekit_we_effect_on&quot;:&quot;none&quot;}\" data-widget_type=\"heading.default\">\n\t\t\t\t<div class=\"elementor-widget-container\">\n\t\t\t<h5 class=\"elementor-heading-title elementor-size-default\">VISITES GUID\u00c9ES DU COLIS\u00c9E<\/h5>\t\t<\/div>\n\t\t\t\t<\/div>\n\t\t\t\t<section class=\"elementor-section elementor-inner-section elementor-element elementor-element-e8048ae elementor-section-boxed elementor-section-height-default elementor-section-height-default\" data-id=\"e8048ae\" data-element_type=\"section\" data-settings=\"{&quot;jet_parallax_layout_list&quot;:[],&quot;ekit_has_onepagescroll_dot&quot;:&quot;yes&quot;}\">\n\t\t\t\t\t\t<div class=\"elementor-container elementor-column-gap-default\">\n\t\t\t\t\t<div class=\"elementor-column elementor-col-100 elementor-inner-column elementor-element elementor-element-191bd95\" data-id=\"191bd95\" data-element_type=\"column\">\n\t\t\t<div class=\"elementor-widget-wrap elementor-element-populated\">\n\t\t\t\t\t\t<div class=\"elementor-element elementor-element-117a628 elementor-widget elementor-widget-html\" data-id=\"117a628\" data-element_type=\"widget\" data-settings=\"{&quot;ekit_we_effect_on&quot;:&quot;none&quot;}\" data-widget_type=\"html.default\">\n\t\t\t\t<div class=\"elementor-widget-container\">\n\t\t\t<div data-tiqets-widget=\"discovery\" data-cards-layout=\"responsive\" data-content-type=\"product\" data-item_count=\"4\" data-destination-type=\"venue\" data-destination-id=\"145769\" data-partner=\"colosseo_roma\" data-tq-campaign=\"visita_guidata\"><\/div><script defer src=\"https:\/\/widgets.tiqets.com\/loader.js\"><\/script>\t\t<\/div>\n\t\t\t\t<\/div>\n\t\t\t\t\t<\/div>\n\t\t<\/div>\n\t\t\t\t\t<\/div>\n\t\t<\/section>\n\t\t\t\t<div class=\"elementor-element elementor-element-8bb865f elementor-widget elementor-widget-spacer\" data-id=\"8bb865f\" data-element_type=\"widget\" data-settings=\"{&quot;ekit_we_effect_on&quot;:&quot;none&quot;}\" data-widget_type=\"spacer.default\">\n\t\t\t\t<div class=\"elementor-widget-container\">\n\t\t\t\t\t<div class=\"elementor-spacer\">\n\t\t\t<div class=\"elementor-spacer-inner\"><\/div>\n\t\t<\/div>\n\t\t\t\t<\/div>\n\t\t\t\t<\/div>\n\t\t\t\t<div class=\"elementor-element elementor-element-c0c09d1 elementor-widget elementor-widget-heading\" data-id=\"c0c09d1\" data-element_type=\"widget\" data-settings=\"{&quot;ekit_we_effect_on&quot;:&quot;none&quot;}\" data-widget_type=\"heading.default\">\n\t\t\t\t<div class=\"elementor-widget-container\">\n\t\t\t<h4 class=\"elementor-heading-title elementor-size-default\">Choisissez votre visite guid\u00e9e du Colis\u00e9e <\/h4>\t\t<\/div>\n\t\t\t\t<\/div>\n\t\t\t\t<div class=\"elementor-element elementor-element-f48cc1c elementor-widget elementor-widget-text-editor\" data-id=\"f48cc1c\" data-element_type=\"widget\" data-settings=\"{&quot;ekit_we_effect_on&quot;:&quot;none&quot;}\" data-widget_type=\"text-editor.default\">\n\t\t\t\t<div class=\"elementor-widget-container\">\n\t\t\t\t\t\t\t<p>Voici les meilleures visites du Colis\u00e9e qui vous garantissent une entr\u00e9e prioritaire dans le monument.<\/p>\t\t\t\t\t\t<\/div>\n\t\t\t\t<\/div>\n\t\t\t\t<div class=\"elementor-element elementor-element-b5298e8 elementor-widget elementor-widget-heading\" data-id=\"b5298e8\" data-element_type=\"widget\" data-settings=\"{&quot;ekit_we_effect_on&quot;:&quot;none&quot;}\" data-widget_type=\"heading.default\">\n\t\t\t\t<div class=\"elementor-widget-container\">\n\t\t\t<h4 class=\"elementor-heading-title elementor-size-default\">Pourquoi se contenter d'une visite guid\u00e9e du Colis\u00e9e ? <\/h4>\t\t<\/div>\n\t\t\t\t<\/div>\n\t\t\t\t<div class=\"elementor-element elementor-element-8f86be4 elementor-widget elementor-widget-text-editor\" data-id=\"8f86be4\" data-element_type=\"widget\" data-settings=\"{&quot;ekit_we_effect_on&quot;:&quot;none&quot;}\" data-widget_type=\"text-editor.default\">\n\t\t\t\t<div class=\"elementor-widget-container\">\n\t\t\t\t\t\t\t<ul><li>La visite guid\u00e9e du Colis\u00e9e est assur\u00e9e par un guide exp\u00e9riment\u00e9 qui poss\u00e8de une connaissance approfondie de l'histoire et de l'architecture du Colis\u00e9e et qui peut fournir des explications qu'il serait difficile de trouver sur des panneaux d'information ou dans des livres.<\/li><li>Certaines formules de visites guid\u00e9es offrent un acc\u00e8s prioritaire, c'est-\u00e0-dire la possibilit\u00e9 d'\u00e9viter les longues files d'attente. Les visiteurs peuvent ainsi gagner un temps pr\u00e9cieux lors de leurs visites touristiques, qui peuvent \u00eatre tr\u00e8s fr\u00e9quent\u00e9es, surtout en haute saison.<\/li><li>Certaines visites guid\u00e9es comprennent l'acc\u00e8s \u00e0 des zones exclusives du Colis\u00e9e, telles que les zones souterraines de l'ar\u00e8ne et les quartiers des gladiateurs, qui ne sont pas accessibles aux visiteurs non guid\u00e9s.<\/li><li>Un guide exp\u00e9riment\u00e9 peut aider les visiteurs \u00e0 mieux comprendre l'histoire et l'importance de ce monument extraordinaire, en leur fournissant des explications d\u00e9taill\u00e9es dans la langue de leur choix.<\/li><\/ul>\t\t\t\t\t\t<\/div>\n\t\t\t\t<\/div>\n\t\t\t\t<div class=\"elementor-element elementor-element-b7562f9 elementor-widget elementor-widget-heading\" data-id=\"b7562f9\" data-element_type=\"widget\" data-settings=\"{&quot;ekit_we_effect_on&quot;:&quot;none&quot;}\" data-widget_type=\"heading.default\">\n\t\t\t\t<div class=\"elementor-widget-container\">\n\t\t\t<h4 class=\"elementor-heading-title elementor-size-default\">Organiser une visite guid\u00e9e du Colis\u00e9e \u00e0 Rome<\/h4>\t\t<\/div>\n\t\t\t\t<\/div>\n\t\t\t\t<div class=\"elementor-element elementor-element-cb31b9a elementor-widget elementor-widget-text-editor\" data-id=\"cb31b9a\" data-element_type=\"widget\" data-settings=\"{&quot;ekit_we_effect_on&quot;:&quot;none&quot;}\" data-widget_type=\"text-editor.default\">\n\t\t\t\t<div class=\"elementor-widget-container\">\n\t\t\t\t\t\t\t<ul><li>Vous pouvez acheter des billets pour le Colis\u00e9e en ligne \u00e0 l'avance, en utilisant notre site web. Vous \u00e9viterez ainsi les longues files d'attente.<\/li><li>Pensez \u00e0 vous inscrire \u00e0 une visite guid\u00e9e qui vous fournira des informations d\u00e9taill\u00e9es sur l'histoire et l'architecture du Colis\u00e9e et vous offrira un acc\u00e8s prioritaire \u00e0 des zones exclusives.<\/li><li>Planifiez votre visite du Colis\u00e9e avec soin, de mani\u00e8re \u00e0 \u00e9viter les heures les plus charg\u00e9es si possible. En g\u00e9n\u00e9ral, les heures les moins charg\u00e9es sont t\u00f4t le matin ou tard l'apr\u00e8s-midi.<\/li><li>Portez des chaussures confortables, de pr\u00e9f\u00e9rence des baskets, et des v\u00eatements adapt\u00e9s \u00e0 la saison. N'oubliez pas qu'en \u00e9t\u00e9, le Colis\u00e9e peut \u00eatre particuli\u00e8rement chaud.<\/li><li>En \u00e9t\u00e9, emportez les provisions n\u00e9cessaires telles que de l'eau, de la cr\u00e8me solaire et un chapeau.<\/li><li>Respectez les r\u00e8gles et \u00e9vitez d'escalader les cl\u00f4tures ou de toucher les murs ou les vieux objets.<\/li><li>Profitez de la vue sur le Colis\u00e9e et explorez les environs. Le Colis\u00e9e est l'une des merveilles du monde antique et vous aurez l'occasion de vous plonger dans l'histoire de la glorieuse Rome antique.<\/li><\/ul>\t\t\t\t\t\t<\/div>\n\t\t\t\t<\/div>\n\t\t\t\t\t<\/div>\n\t\t<\/div>\n\t\t\t\t\t<\/div>\n\t\t<\/section>\n\t\t\t\t<\/div>","protected":false},"excerpt":{"rendered":"<p>TOURS GUIDEES COLOSSEO TOURS GUIDEES Choisissez votre visite guid\u00e9e du Colis\u00e9e Voici les meilleures visites guid\u00e9es du Colis\u00e9e qui vous garantissent une entr\u00e9e prioritaire au monument. Pourquoi choisir une visite guid\u00e9e du Colis\u00e9e ? Une visite guid\u00e9e du Colis\u00e9e comprend un guide exp\u00e9riment\u00e9 qui conna\u00eet parfaitement l'histoire et l'architecture du Colis\u00e9e et qui peut vous fournir [...]<\/p>","protected":false},"author":1,"featured_media":0,"parent":494,"menu_order":1,"comment_status":"closed","ping_status":"closed","template":"","meta":{"site-sidebar-layout":"no-sidebar","site-content-layout":"page-builder","ast-site-content-layout":"full-width-container","site-content-style":"unboxed","site-sidebar-style":"unboxed","ast-global-header-display":"","ast-banner-title-visibility":"","ast-main-header-display":"","ast-hfb-above-header-display":"","ast-hfb-below-header-display":"","ast-hfb-mobile-header-display":"","site-post-title":"disabled","ast-breadcrumbs-content":"","ast-featured-img":"disabled","footer-sml-layout":"","ast-disable-related-posts":"","theme-transparent-header-meta":"default","adv-header-id-meta":"","stick-header-meta":"","header-above-stick-meta":"","header-main-stick-meta":"","header-below-stick-meta":"","astra-migrate-meta-layouts":"set","ast-page-background-enabled":"default","ast-page-background-meta":{"desktop":{"background-color":"var(--ast-global-color-4)","background-image":"","background-repeat":"repeat","background-position":"center center","background-size":"auto","background-attachment":"scroll","background-type":"","background-media":"","overlay-type":"","overlay-color":"","overlay-opacity":"","overlay-gradient":""},"tablet":{"background-color":"","background-image":"","background-repeat":"repeat","background-position":"center center","background-size":"auto","background-attachment":"scroll","background-type":"","background-media":"","overlay-type":"","overlay-color":"","overlay-opacity":"","overlay-gradient":""},"mobile":{"background-color":"","background-image":"","background-repeat":"repeat","background-position":"center center","background-size":"auto","background-attachment":"scroll","background-type":"","background-media":"","overlay-type":"","overlay-color":"","overlay-opacity":"","overlay-gradient":""}},"ast-content-background-meta":{"desktop":{"background-color":"var(--ast-global-color-5)","background-image":"","background-repeat":"repeat","background-position":"center center","background-size":"auto","background-attachment":"scroll","background-type":"","background-media":"","overlay-type":"","overlay-color":"","overlay-opacity":"","overlay-gradient":""},"tablet":{"background-color":"var(--ast-global-color-5)","background-image":"","background-repeat":"repeat","background-position":"center center","background-size":"auto","background-attachment":"scroll","background-type":"","background-media":"","overlay-type":"","overlay-color":"","overlay-opacity":"","overlay-gradient":""},"mobile":{"background-color":"var(--ast-global-color-5)","background-image":"","background-repeat":"repeat","background-position":"center center","background-size":"auto","background-attachment":"scroll","background-type":"","background-media":"","overlay-type":"","overlay-color":"","overlay-opacity":"","overlay-gradient":""}},"iawp_total_views":2061,"footnotes":""},"class_list":["post-498","page","type-page","status-publish","hentry"],"_links":{"self":[{"href":"https:\/\/colosseo-roma.it\/fr\/wp-json\/wp\/v2\/pages\/498","targetHints":{"allow":["GET"]}}],"collection":[{"href":"https:\/\/colosseo-roma.it\/fr\/wp-json\/wp\/v2\/pages"}],"about":[{"href":"https:\/\/colosseo-roma.it\/fr\/wp-json\/wp\/v2\/types\/page"}],"author":[{"embeddable":true,"href":"https:\/\/colosseo-roma.it\/fr\/wp-json\/wp\/v2\/users\/1"}],"replies":[{"embeddable":true,"href":"https:\/\/colosseo-roma.it\/fr\/wp-json\/wp\/v2\/comments?post=498"}],"version-history":[{"count":0,"href":"https:\/\/colosseo-roma.it\/fr\/wp-json\/wp\/v2\/pages\/498\/revisions"}],"up":[{"embeddable":true,"href":"https:\/\/colosseo-roma.it\/fr\/wp-json\/wp\/v2\/pages\/494"}],"wp:attachment":[{"href":"https:\/\/colosseo-roma.it\/fr\/wp-json\/wp\/v2\/media?parent=498"}],"curies":[{"name":"wp","href":"https:\/\/api.w.org\/{rel}","templated":true}]}}