{"id":516,"date":"2023-03-28T09:13:59","date_gmt":"2023-03-28T08:13:59","guid":{"rendered":"https:\/\/wordpress-1074717-3818660.cloudwaysapps.com\/?page_id=516"},"modified":"2026-01-26T17:12:22","modified_gmt":"2026-01-26T16:12:22","slug":"bus","status":"publish","type":"page","link":"https:\/\/colosseo-roma.it\/fr\/visiter\/comment-sy-rendre\/bus\/","title":{"rendered":"Bus"},"content":{"rendered":"<div data-elementor-type=\"wp-page\" data-elementor-id=\"516\" class=\"elementor elementor-516\" data-elementor-post-type=\"page\">\n\t\t\t\t\t\t<section class=\"elementor-section elementor-top-section elementor-element elementor-element-7ba6fb9 elementor-section-boxed elementor-section-height-default elementor-section-height-default\" data-id=\"7ba6fb9\" data-element_type=\"section\" data-settings=\"{&quot;jet_parallax_layout_list&quot;:[],&quot;ekit_has_onepagescroll_dot&quot;:&quot;yes&quot;}\">\n\t\t\t\t\t\t<div class=\"elementor-container elementor-column-gap-default\">\n\t\t\t\t\t<div class=\"elementor-column elementor-col-100 elementor-top-column elementor-element elementor-element-aa82c96\" data-id=\"aa82c96\" data-element_type=\"column\" data-settings=\"{&quot;background_background&quot;:&quot;classic&quot;}\">\n\t\t\t<div class=\"elementor-widget-wrap elementor-element-populated\">\n\t\t\t\t\t\t<div class=\"elementor-element elementor-element-3156afc elementor-widget elementor-widget-heading\" data-id=\"3156afc\" data-element_type=\"widget\" data-settings=\"{&quot;ekit_we_effect_on&quot;:&quot;none&quot;}\" data-widget_type=\"heading.default\">\n\t\t\t\t<div class=\"elementor-widget-container\">\n\t\t\t<h1 class=\"elementor-heading-title elementor-size-default\">Se rendre au Colis\u00e9e en bus<\/h1>\t\t<\/div>\n\t\t\t\t<\/div>\n\t\t\t\t<div class=\"elementor-element elementor-element-4f8f27a elementor-widget elementor-widget-text-editor\" data-id=\"4f8f27a\" data-element_type=\"widget\" data-settings=\"{&quot;ekit_we_effect_on&quot;:&quot;none&quot;}\" data-widget_type=\"text-editor.default\">\n\t\t\t\t<div class=\"elementor-widget-container\">\n\t\t\t\t\t\t\t<p>Pour se rendre au Colis\u00e9e de Rome en bus, plusieurs options s'offrent \u00e0 vous en fonction de votre situation initiale \u00e0 Rome.<\/p><p>Voici quelques-uns des principaux itin\u00e9raires :<\/p><ul><li><strong>De la gare Termini \u00e0 Rome<\/strong>prendre l'autobus n\u00b0 75 en direction de Poerio-Marmorata et descendre \u00e0 l'arr\u00eat <strong>Colis\u00e9e-Celio\/Mus\u00e9es Capitolini<\/strong>. Cet arr\u00eat se trouve \u00e0 quelques pas de l'entr\u00e9e principale du Colis\u00e9e.<\/li><li><strong>Depuis la gare de Rome Tiburtina<\/strong>Prendre le bus n\u00b0 714 en direction du Palazzo Sport et descendre \u00e0 l'arr\u00eat Colosseo-Gladiatori. Cet arr\u00eat est situ\u00e9 \u00e0 quelques pas du Colis\u00e9e.<\/li><li><strong>Depuis la gare Ostiense de Rome<\/strong>Prendre le bus 170 en direction de Clodio-Cipro et descendre \u00e0 l'arr\u00eat Piazza del Colosseo. De l\u00e0, le Colis\u00e9e est \u00e0 quelques minutes de marche.<\/li><\/ul><p>En plus de ces options, il existe d'autres bus qui vous emm\u00e8nent \u00e0 proximit\u00e9 du Colis\u00e9e, il est donc conseill\u00e9 de consulter le plan et les horaires des bus de Rome pour trouver la meilleure solution en fonction de votre position de d\u00e9part.<\/p>\t\t\t\t\t\t<\/div>\n\t\t\t\t<\/div>\n\t\t\t\t\t<\/div>\n\t\t<\/div>\n\t\t\t\t\t<\/div>\n\t\t<\/section>\n\t\t\t\t<\/div>","protected":false},"excerpt":{"rendered":"<p>Se rendre au Colis\u00e9e en bus Pour se rendre au Colis\u00e9e de Rome en bus, plusieurs options s'offrent \u00e0 vous en fonction de votre situation initiale dans la ville de Rome. Voici quelques-uns des principaux itin\u00e9raires : Depuis la gare Termini de Rome : prenez le bus 75 en direction de Poerio-Marmorata et descendez \u00e0 l'arr\u00eat Colosseo-Celio\/Musei Capitolini. Cet arr\u00eat est situ\u00e9 [...]<\/p>","protected":false},"author":1,"featured_media":0,"parent":42,"menu_order":2,"comment_status":"closed","ping_status":"closed","template":"","meta":{"site-sidebar-layout":"no-sidebar","site-content-layout":"page-builder","ast-site-content-layout":"full-width-container","site-content-style":"unboxed","site-sidebar-style":"unboxed","ast-global-header-display":"","ast-banner-title-visibility":"","ast-main-header-display":"","ast-hfb-above-header-display":"","ast-hfb-below-header-display":"","ast-hfb-mobile-header-display":"","site-post-title":"disabled","ast-breadcrumbs-content":"","ast-featured-img":"disabled","footer-sml-layout":"","ast-disable-related-posts":"","theme-transparent-header-meta":"default","adv-header-id-meta":"","stick-header-meta":"","header-above-stick-meta":"","header-main-stick-meta":"","header-below-stick-meta":"","astra-migrate-meta-layouts":"set","ast-page-background-enabled":"default","ast-page-background-meta":{"desktop":{"background-color":"var(--ast-global-color-4)","background-image":"","background-repeat":"repeat","background-position":"center center","background-size":"auto","background-attachment":"scroll","background-type":"","background-media":"","overlay-type":"","overlay-color":"","overlay-opacity":"","overlay-gradient":""},"tablet":{"background-color":"","background-image":"","background-repeat":"repeat","background-position":"center center","background-size":"auto","background-attachment":"scroll","background-type":"","background-media":"","overlay-type":"","overlay-color":"","overlay-opacity":"","overlay-gradient":""},"mobile":{"background-color":"","background-image":"","background-repeat":"repeat","background-position":"center center","background-size":"auto","background-attachment":"scroll","background-type":"","background-media":"","overlay-type":"","overlay-color":"","overlay-opacity":"","overlay-gradient":""}},"ast-content-background-meta":{"desktop":{"background-color":"var(--ast-global-color-5)","background-image":"","background-repeat":"repeat","background-position":"center center","background-size":"auto","background-attachment":"scroll","background-type":"","background-media":"","overlay-type":"","overlay-color":"","overlay-opacity":"","overlay-gradient":""},"tablet":{"background-color":"var(--ast-global-color-5)","background-image":"","background-repeat":"repeat","background-position":"center center","background-size":"auto","background-attachment":"scroll","background-type":"","background-media":"","overlay-type":"","overlay-color":"","overlay-opacity":"","overlay-gradient":""},"mobile":{"background-color":"var(--ast-global-color-5)","background-image":"","background-repeat":"repeat","background-position":"center center","background-size":"auto","background-attachment":"scroll","background-type":"","background-media":"","overlay-type":"","overlay-color":"","overlay-opacity":"","overlay-gradient":""}},"iawp_total_views":1449,"footnotes":""},"class_list":["post-516","page","type-page","status-publish","hentry"],"_links":{"self":[{"href":"https:\/\/colosseo-roma.it\/fr\/wp-json\/wp\/v2\/pages\/516","targetHints":{"allow":["GET"]}}],"collection":[{"href":"https:\/\/colosseo-roma.it\/fr\/wp-json\/wp\/v2\/pages"}],"about":[{"href":"https:\/\/colosseo-roma.it\/fr\/wp-json\/wp\/v2\/types\/page"}],"author":[{"embeddable":true,"href":"https:\/\/colosseo-roma.it\/fr\/wp-json\/wp\/v2\/users\/1"}],"replies":[{"embeddable":true,"href":"https:\/\/colosseo-roma.it\/fr\/wp-json\/wp\/v2\/comments?post=516"}],"version-history":[{"count":0,"href":"https:\/\/colosseo-roma.it\/fr\/wp-json\/wp\/v2\/pages\/516\/revisions"}],"up":[{"embeddable":true,"href":"https:\/\/colosseo-roma.it\/fr\/wp-json\/wp\/v2\/pages\/42"}],"wp:attachment":[{"href":"https:\/\/colosseo-roma.it\/fr\/wp-json\/wp\/v2\/media?parent=516"}],"curies":[{"name":"wp","href":"https:\/\/api.w.org\/{rel}","templated":true}]}}