{"id":528,"date":"2023-03-28T09:17:41","date_gmt":"2023-03-28T08:17:41","guid":{"rendered":"https:\/\/wordpress-1074717-3818660.cloudwaysapps.com\/?page_id=528"},"modified":"2026-01-26T17:11:52","modified_gmt":"2026-01-26T16:11:52","slug":"colisee","status":"publish","type":"page","link":"https:\/\/colosseo-roma.it\/fr\/explorer\/colisee\/","title":{"rendered":"Colis\u00e9e"},"content":{"rendered":"<div data-elementor-type=\"wp-page\" data-elementor-id=\"528\" class=\"elementor elementor-528\" data-elementor-post-type=\"page\">\n\t\t\t\t\t\t<section class=\"elementor-section elementor-top-section elementor-element elementor-element-f7c0010 elementor-section-boxed elementor-section-height-default elementor-section-height-default\" data-id=\"f7c0010\" data-element_type=\"section\" data-settings=\"{&quot;jet_parallax_layout_list&quot;:[],&quot;ekit_has_onepagescroll_dot&quot;:&quot;yes&quot;}\">\n\t\t\t\t\t\t<div class=\"elementor-container elementor-column-gap-default\">\n\t\t\t\t\t<div class=\"elementor-column elementor-col-100 elementor-top-column elementor-element elementor-element-c1d5877\" data-id=\"c1d5877\" data-element_type=\"column\" data-settings=\"{&quot;background_background&quot;:&quot;classic&quot;}\">\n\t\t\t<div class=\"elementor-widget-wrap elementor-element-populated\">\n\t\t\t\t\t\t<div class=\"elementor-element elementor-element-2b03883 elementor-widget elementor-widget-heading\" data-id=\"2b03883\" data-element_type=\"widget\" data-settings=\"{&quot;ekit_we_effect_on&quot;:&quot;none&quot;}\" data-widget_type=\"heading.default\">\n\t\t\t\t<div class=\"elementor-widget-container\">\n\t\t\t<h1 class=\"elementor-heading-title elementor-size-default\">Le Colis\u00e9e<\/h1>\t\t<\/div>\n\t\t\t\t<\/div>\n\t\t\t\t<div class=\"elementor-element elementor-element-3c63e13 elementor-widget elementor-widget-text-editor\" data-id=\"3c63e13\" data-element_type=\"widget\" data-settings=\"{&quot;ekit_we_effect_on&quot;:&quot;none&quot;}\" data-widget_type=\"text-editor.default\">\n\t\t\t\t<div class=\"elementor-widget-container\">\n\t\t\t\t\t\t\t<p>La visite du Colis\u00e9e est une exp\u00e9rience unique et inoubliable qui vous permet de vous plonger dans l'histoire et la beaut\u00e9 de l'un des monuments les plus embl\u00e9matiques du monde.<\/p>\t\t\t\t\t\t<\/div>\n\t\t\t\t<\/div>\n\t\t\t\t<div class=\"elementor-element elementor-element-cbf735d elementor-widget elementor-widget-html\" data-id=\"cbf735d\" data-element_type=\"widget\" data-settings=\"{&quot;ekit_we_effect_on&quot;:&quot;none&quot;}\" data-widget_type=\"html.default\">\n\t\t\t\t<div class=\"elementor-widget-container\">\n\t\t\t<div data-tiqets-widget=\"discovery\" data-cards-layout=\"responsive\" data-content-type=\"product\" data-item_count=\"4\" data-destination-type=\"venue\" data-destination-id=\"145769\" data-partner=\"colosseo_roma\" data-tq-campaign=\"colosseo\"><\/div><script defer src=\"https:\/\/widgets.tiqets.com\/loader.js\"><\/script>\t\t<\/div>\n\t\t\t\t<\/div>\n\t\t\t\t<div class=\"elementor-element elementor-element-cf9137a elementor-widget elementor-widget-heading\" data-id=\"cf9137a\" data-element_type=\"widget\" data-settings=\"{&quot;ekit_we_effect_on&quot;:&quot;none&quot;}\" data-widget_type=\"heading.default\">\n\t\t\t\t<div class=\"elementor-widget-container\">\n\t\t\t<h3 class=\"elementor-heading-title elementor-size-default\">L'amphith\u00e9\u00e2tre Flavien<\/h3>\t\t<\/div>\n\t\t\t\t<\/div>\n\t\t\t\t<div class=\"elementor-element elementor-element-1fcfaad elementor-widget elementor-widget-text-editor\" data-id=\"1fcfaad\" data-element_type=\"widget\" data-settings=\"{&quot;ekit_we_effect_on&quot;:&quot;none&quot;}\" data-widget_type=\"text-editor.default\">\n\t\t\t\t<div class=\"elementor-widget-container\">\n\t\t\t\t\t\t\t<p>L'ancien amphith\u00e9\u00e2tre Flavien, construit au 1er si\u00e8cle de notre \u00e8re \u00e0 Rome, a \u00e9t\u00e9 rebaptis\u00e9 \"Colis\u00e9e\" au 8\u00e8me si\u00e8cle en raison de sa proximit\u00e9 avec le Colosse N\u00e9ronien. L'\u00e9tymologie du nouveau nom a donn\u00e9 lieu \u00e0 plusieurs hypoth\u00e8ses : certains voient dans l'appellation \"Colis\u00e9e\" une r\u00e9f\u00e9rence aux proportions \"colossales\" de l'\u00e9difice, tandis que d'autres font r\u00e9f\u00e9rence \u00e0 la proximit\u00e9 du Colosse de N\u00e9ron, sugg\u00e9rant que les gens disaient \"ad Colossum eo\", c'est-\u00e0-dire \"je vais au Colosse\". Une autre th\u00e9orie propose que le nom d\u00e9rive de l'ancien terme \"Collis Isei\", c'est-\u00e0-dire le temple d'Isis qui se trouvait sur le Colle Oppio tout proche.<\/p>\t\t\t\t\t\t<\/div>\n\t\t\t\t<\/div>\n\t\t\t\t<div class=\"elementor-element elementor-element-7b72c82 elementor-widget elementor-widget-heading\" data-id=\"7b72c82\" data-element_type=\"widget\" data-settings=\"{&quot;ekit_we_effect_on&quot;:&quot;none&quot;}\" data-widget_type=\"heading.default\">\n\t\t\t\t<div class=\"elementor-widget-container\">\n\t\t\t<h5 class=\"elementor-heading-title elementor-size-default\">Visite de l'amphith\u00e9\u00e2tre Flavien<\/h5>\t\t<\/div>\n\t\t\t\t<\/div>\n\t\t\t\t<div class=\"elementor-element elementor-element-7bf2ad0 elementor-widget elementor-widget-text-editor\" data-id=\"7bf2ad0\" data-element_type=\"widget\" data-settings=\"{&quot;ekit_we_effect_on&quot;:&quot;none&quot;}\" data-widget_type=\"text-editor.default\">\n\t\t\t\t<div class=\"elementor-widget-container\">\n\t\t\t\t\t\t\t<p>Le Colis\u00e9e de Rome est un amphith\u00e9\u00e2tre romain construit au 1er si\u00e8cle apr\u00e8s J.-C. et l'un des monuments les plus c\u00e9l\u00e8bres et les plus visit\u00e9s au monde. Connu sous le nom d'amphith\u00e9\u00e2tre flavien, il figure parmi les sept merveilles du monde pour sa majest\u00e9 et son importance historique. Le Colis\u00e9e est surtout connu pour avoir \u00e9t\u00e9 l'\u00e9picentre des spectacles et des combats de gladiateurs de la Rome antique.<\/p>\t\t\t\t\t\t<\/div>\n\t\t\t\t<\/div>\n\t\t\t\t<div class=\"elementor-element elementor-element-02f550b elementor-widget elementor-widget-heading\" data-id=\"02f550b\" data-element_type=\"widget\" data-settings=\"{&quot;ekit_we_effect_on&quot;:&quot;none&quot;}\" data-widget_type=\"heading.default\">\n\t\t\t\t<div class=\"elementor-widget-container\">\n\t\t\t<h5 class=\"elementor-heading-title elementor-size-default\">Informations utiles pour visiter le Colis\u00e9e<\/h5>\t\t<\/div>\n\t\t\t\t<\/div>\n\t\t\t\t<div class=\"elementor-element elementor-element-4947f3a elementor-widget elementor-widget-text-editor\" data-id=\"4947f3a\" data-element_type=\"widget\" data-settings=\"{&quot;ekit_we_effect_on&quot;:&quot;none&quot;}\" data-widget_type=\"text-editor.default\">\n\t\t\t\t<div class=\"elementor-widget-container\">\n\t\t\t\t\t\t\t<p>Les billets d'entr\u00e9e peuvent \u00eatre achet\u00e9s en ligne ou dans les points de vente agr\u00e9\u00e9s. Nous recommandons toutefois d'acheter une visite organis\u00e9e en ligne avec un billet \"skip the line\" pour \u00e9viter les longues files d'attente.<\/p><p>Le parc arch\u00e9ologique du Colis\u00e9e est facilement accessible depuis le centre-ville.<\/p><ul><li>A pied depuis le centre de Rome<\/li><li>Bus<\/li><li>M\u00e9tro<\/li><\/ul><p>Les principales attractions de Rome accessibles depuis le Colis\u00e9e sont les suivantes :<\/p><ul><li>La Domus Aurea<\/li><li>Le forum romain du Palatin<\/li><\/ul>\t\t\t\t\t\t<\/div>\n\t\t\t\t<\/div>\n\t\t\t\t<div class=\"elementor-element elementor-element-f36208e elementor-widget elementor-widget-heading\" data-id=\"f36208e\" data-element_type=\"widget\" data-settings=\"{&quot;ekit_we_effect_on&quot;:&quot;none&quot;}\" data-widget_type=\"heading.default\">\n\t\t\t\t<div class=\"elementor-widget-container\">\n\t\t\t<h5 class=\"elementor-heading-title elementor-size-default\">L'architecture de l'amphith\u00e9\u00e2tre Flavien<\/h5>\t\t<\/div>\n\t\t\t\t<\/div>\n\t\t\t\t<div class=\"elementor-element elementor-element-7eff0fc elementor-widget elementor-widget-text-editor\" data-id=\"7eff0fc\" data-element_type=\"widget\" data-settings=\"{&quot;ekit_we_effect_on&quot;:&quot;none&quot;}\" data-widget_type=\"text-editor.default\">\n\t\t\t\t<div class=\"elementor-widget-container\">\n\t\t\t\t\t\t\t<p>Le Colis\u00e9e de Rome est l'un des chefs-d'\u0153uvre de l'architecture romaine et l'un des plus importants t\u00e9moignages de la grandeur de l'Empire romain. Le syst\u00e8me complexe du Colis\u00e9e se compose de trois niveaux principaux, chacun avec une s\u00e9rie d'arcs en plein cintre, qui sont soutenus par des piliers et des colonnes en pierre de travertin. Ces arcs forment des galeries int\u00e9rieures o\u00f9 pouvaient s'asseoir jusqu'\u00e0 50 000 personnes. Les dimensions du Colis\u00e9e sont stup\u00e9fiantes : son ar\u00e8ne ovale couvre une superficie d'environ 6 000 m\u00e8tres carr\u00e9s et sa hauteur atteint 57 m\u00e8tres. Les arcs du Colis\u00e9e ont une hauteur d'environ 30 m\u00e8tres, soit un total de 80 arcs. Le rez-de-chauss\u00e9e du Colis\u00e9e \u00e9tait r\u00e9serv\u00e9 aux activit\u00e9s d'organisation, tandis que les \u00e9tages sup\u00e9rieurs abritaient les places assises pour les assembl\u00e9es et les c\u00e9l\u00e9brations publiques du peuple romain. Le mur ext\u00e9rieur du Colis\u00e9e \u00e9tait tr\u00e8s d\u00e9cor\u00e9, avec de nombreux ornements en pierre, des arcs, des niches et des colonnes effil\u00e9es. De chaque c\u00f4t\u00e9 de la structure, quatre entr\u00e9es principales, chacune dot\u00e9e d'un portique \u00e0 colonnes, menaient aux galeries de l'ar\u00e8ne. La majest\u00e9 du Colis\u00e9e a \u00e9galement \u00e9t\u00e9 rendue possible par l'utilisation de nombreux syst\u00e8mes d'irrigation et de drainage, qui ont permis l'organisation d'\u00e9v\u00e9nements \u00e0 l'int\u00e9rieur sans crainte d'inondation ou d'accumulation d'eau. En r\u00e9sum\u00e9, l'architecture du Colis\u00e9e est exceptionnelle par sa combinaison de fonctionnalit\u00e9 et de beaut\u00e9, ce qui en fait une structure sans pr\u00e9c\u00e9dent et toujours \u00e9tonnante pour les visiteurs du monde entier.<\/p>\t\t\t\t\t\t<\/div>\n\t\t\t\t<\/div>\n\t\t\t\t<div class=\"elementor-element elementor-element-056af37 elementor-widget elementor-widget-heading\" data-id=\"056af37\" data-element_type=\"widget\" data-settings=\"{&quot;ekit_we_effect_on&quot;:&quot;none&quot;}\" data-widget_type=\"heading.default\">\n\t\t\t\t<div class=\"elementor-widget-container\">\n\t\t\t<h5 class=\"elementor-heading-title elementor-size-default\">L'histoire du Colis\u00e9e<\/h5>\t\t<\/div>\n\t\t\t\t<\/div>\n\t\t\t\t<div class=\"elementor-element elementor-element-1c9abae elementor-widget elementor-widget-text-editor\" data-id=\"1c9abae\" data-element_type=\"widget\" data-settings=\"{&quot;ekit_we_effect_on&quot;:&quot;none&quot;}\" data-widget_type=\"text-editor.default\">\n\t\t\t\t<div class=\"elementor-widget-container\">\n\t\t\t\t\t\t\t<p>La construction du Colis\u00e9e a commenc\u00e9 sous l'empereur Vespasien en 72 apr\u00e8s J.-C. et s'est achev\u00e9e sous le r\u00e8gne de son fils, Titus, en 80 apr\u00e8s J.-C. Sa r\u00e9alisation a \u00e9t\u00e9 possible gr\u00e2ce \u00e0 la r\u00e9forme urbaine de Rome, qui a conduit \u00e0 la r\u00e9cup\u00e9ration du Champ de Mars et \u00e0 la cr\u00e9ation de la vaste zone du Colle Oppio. Le Colis\u00e9e \u00e9tait initialement connu sous le nom d'amphith\u00e9\u00e2tre Flavien, en l'honneur de la dynastie des Flaviens. L'objectif principal du Colis\u00e9e \u00e9tait d'accueillir un large \u00e9ventail de spectacles publics, en particulier des combats de gladiateurs, des chasses aux animaux sauvages et des simulations de batailles navales, gr\u00e2ce \u00e0 la technologie innovante d'une vaste citerne souterraine pouvant \u00eatre remplie d'eau. Le Colis\u00e9e est rapidement devenu l'un des lieux de divertissement pr\u00e9f\u00e9r\u00e9s de l'Empire et a \u00e9galement \u00e9t\u00e9 utilis\u00e9 lors de f\u00eates et de c\u00e9l\u00e9brations publiques, telles que la c\u00e9l\u00e9bration de la conqu\u00eate de J\u00e9rusalem en 70 apr\u00e8s J\u00e9sus-Christ. Malgr\u00e9 son importance historique, le Colis\u00e9e est tomb\u00e9 en d\u00e9su\u00e9tude au Moyen \u00c2ge et a \u00e9t\u00e9 utilis\u00e9 comme source de mat\u00e9riaux de construction. Au fil des si\u00e8cles, la structure a subi de nombreux dommages, tant \u00e0 cause des tremblements de terre que de la d\u00e9gradation due au temps et \u00e0 l'usure de l'usage.<\/p><p>Aujourd'hui, le Colis\u00e9e reste l'un des monuments les plus visit\u00e9s au monde et l'un des symboles les plus importants du pass\u00e9 glorieux de Rome. Gr\u00e2ce \u00e0 nos connaissances historiques et \u00e0 notre technologie, le Colis\u00e9e a \u00e9t\u00e9 restaur\u00e9 et pr\u00e9serv\u00e9 pour les g\u00e9n\u00e9rations \u00e0 venir.<\/p>\t\t\t\t\t\t<\/div>\n\t\t\t\t<\/div>\n\t\t\t\t<div class=\"elementor-element elementor-element-b2c6de7 elementor-widget elementor-widget-heading\" data-id=\"b2c6de7\" data-element_type=\"widget\" data-settings=\"{&quot;ekit_we_effect_on&quot;:&quot;none&quot;}\" data-widget_type=\"heading.default\">\n\t\t\t\t<div class=\"elementor-widget-container\">\n\t\t\t<h5 class=\"elementor-heading-title elementor-size-default\">La terrasse de l'imposant monument<\/h5>\t\t<\/div>\n\t\t\t\t<\/div>\n\t\t\t\t<div class=\"elementor-element elementor-element-602d3ae elementor-widget elementor-widget-text-editor\" data-id=\"602d3ae\" data-element_type=\"widget\" data-settings=\"{&quot;ekit_we_effect_on&quot;:&quot;none&quot;}\" data-widget_type=\"text-editor.default\">\n\t\t\t\t<div class=\"elementor-widget-container\">\n\t\t\t\t\t\t\t<p>L'acc\u00e8s au Colis\u00e9e \u00e9tait gratuit et l'on entrait par 76 arches num\u00e9rot\u00e9es et marqu\u00e9es en rouge, dont 29 sont encore visibles sur le c\u00f4t\u00e9 nord. L'orientation des spectateurs \u00e9tait indiqu\u00e9e sur les parcours \u00e0 l'int\u00e9rieur des arches ainsi que sur les cartes distribu\u00e9es \u00e0 chaque chef de famille. L'attribution des places suivait un crit\u00e8re hi\u00e9rarchique strict : la meilleure vue \u00e9tait celle de la loge imp\u00e9riale, situ\u00e9e \u00e0 l'entr\u00e9e sud, sur le petit axe du monument. Les s\u00e9nateurs disposaient des meilleures places pr\u00e8s de l'ar\u00e8ne, suivies du secteur arri\u00e8re r\u00e9serv\u00e9 aux chevaliers, tandis que les deux secteurs du maenianum secundum abritaient des cat\u00e9gories sociales de plus en plus basses. Les plus mauvaises places, en termes de visibilit\u00e9 et de facilit\u00e9 d'acc\u00e8s, se trouvaient dans le maenianum summum, le portique \u00e0 colonnades qui couronnait la cavea, \u00e9quip\u00e9 de si\u00e8ges en bois r\u00e9serv\u00e9s \u00e0 la pl\u00e8be. De l\u00e0, on acc\u00e9dait \u00e0 la terrasse du \"Belv\u00e9d\u00e8re\" du troisi\u00e8me niveau, d'o\u00f9 il est d\u00e9sormais possible d'admirer la cavea depuis diff\u00e9rentes hauteurs des classes sup\u00e9rieures, en atteignant les terrasses des troisi\u00e8me, quatri\u00e8me et cinqui\u00e8me niveaux.<\/p>\t\t\t\t\t\t<\/div>\n\t\t\t\t<\/div>\n\t\t\t\t<div class=\"elementor-element elementor-element-2e7af6b elementor-widget elementor-widget-spacer\" data-id=\"2e7af6b\" data-element_type=\"widget\" data-settings=\"{&quot;ekit_we_effect_on&quot;:&quot;none&quot;}\" data-widget_type=\"spacer.default\">\n\t\t\t\t<div class=\"elementor-widget-container\">\n\t\t\t\t\t<div class=\"elementor-spacer\">\n\t\t\t<div class=\"elementor-spacer-inner\"><\/div>\n\t\t<\/div>\n\t\t\t\t<\/div>\n\t\t\t\t<\/div>\n\t\t\t\t<div class=\"elementor-element elementor-element-373d514 elementor-widget elementor-widget-heading\" data-id=\"373d514\" data-element_type=\"widget\" data-settings=\"{&quot;ekit_we_effect_on&quot;:&quot;none&quot;}\" data-widget_type=\"heading.default\">\n\t\t\t\t<div class=\"elementor-widget-container\">\n\t\t\t<h3 class=\"elementor-heading-title elementor-size-default\">Commentaires<\/h3>\t\t<\/div>\n\t\t\t\t<\/div>\n\t\t<div class=\"elementor-element elementor-element-75822e0 e-flex e-con-boxed e-con e-parent\" data-id=\"75822e0\" data-element_type=\"container\" data-settings=\"{&quot;jet_parallax_layout_list&quot;:[],&quot;ekit_has_onepagescroll_dot&quot;:&quot;yes&quot;}\">\n\t\t\t\t\t<div class=\"e-con-inner\">\n\t\t\t\t<div class=\"elementor-element elementor-element-1ebef0a elementor-widget elementor-widget-jet-carousel\" data-id=\"1ebef0a\" data-element_type=\"widget\" data-settings=\"{&quot;slides_to_show&quot;:&quot;3&quot;,&quot;slides_to_scroll&quot;:&quot;3&quot;,&quot;slides_to_show_tablet&quot;:&quot;2&quot;,&quot;slides_to_show_mobile&quot;:&quot;1&quot;,&quot;slides_to_scroll_tablet&quot;:&quot;2&quot;,&quot;slides_to_scroll_mobile&quot;:&quot;1&quot;,&quot;ekit_we_effect_on&quot;:&quot;none&quot;}\" data-widget_type=\"jet-carousel.default\">\n\t\t\t\t<div class=\"elementor-widget-container\">\n\t\t\t<div class=\"elementor-jet-carousel jet-elements\"><div class=\"jet-carousel-wrap jet-equal-cols\">\n\t<div class=\"jet-carousel\" data-slider_options=\"{&quot;autoplaySpeed&quot;:5000,&quot;autoplay&quot;:true,&quot;infinite&quot;:true,&quot;centerMode&quot;:false,&quot;centerPadding&quot;:&quot;50px&quot;,&quot;pauseOnHover&quot;:false,&quot;speed&quot;:500,&quot;arrows&quot;:true,&quot;dots&quot;:false,&quot;variableWidth&quot;:false,&quot;prevArrow&quot;:&quot;.jet-carousel__prev-arrow-1ebef0a&quot;,&quot;nextArrow&quot;:&quot;.jet-carousel__next-arrow-1ebef0a&quot;,&quot;rtl&quot;:false,&quot;fractionNav&quot;:false}\" dir=\"ltr\">\n\t<div class=\"elementor-slick-slider\">\n\n<div class=\"jet-carousel__item\">\n\t<div class=\"jet-carousel__item-inner\"><div class=\"jet-carousel__content\"><h5 class=\"jet-carousel__item-title\"><\/h5><div class=\"jet-carousel__item-text\"><p>Le Colis\u00e9e est l'un des sites les plus embl\u00e9matiques de la Ville \u00e9ternelle et du monde entier. La magnificence de cette structure antique est incroyable et l'on ne peut s'emp\u00eacher de ressentir un sentiment d'\u00e9merveillement et de respect en la visitant.<\/p><\/div><\/div><\/div>\n<\/div>\n\n<div class=\"jet-carousel__item\">\n\t<div class=\"jet-carousel__item-inner\"><div class=\"jet-carousel__content\"><h5 class=\"jet-carousel__item-title\"><\/h5><div class=\"jet-carousel__item-text\"><p>La visite du Colis\u00e9e est une exp\u00e9rience inoubliable \u00e0 ne pas manquer si vous \u00eates \u00e0 Rome. La majest\u00e9 de l'ar\u00e8ne et l'histoire que l'on respire \u00e0 chaque coin de rue en font un lieu unique au monde.<\/p><\/div><\/div><\/div>\n<\/div>\n\n<div class=\"jet-carousel__item\">\n\t<div class=\"jet-carousel__item-inner\"><div class=\"jet-carousel__content\"><h5 class=\"jet-carousel__item-title\"><\/h5><div class=\"jet-carousel__item-text\"><p>Le Colis\u00e9e est peut-\u00eatre bond\u00e9 de touristes, mais il vaut la peine d'\u00eatre visit\u00e9. C'est une \u0153uvre architecturale qui repr\u00e9sente parfaitement la grandeur de l'Empire romain et son importance dans l'histoire de l'humanit\u00e9.<\/p><\/div><\/div><\/div>\n<\/div>\n\n<div class=\"jet-carousel__item\">\n\t<div class=\"jet-carousel__item-inner\"><div class=\"jet-carousel__content\"><h5 class=\"jet-carousel__item-title\"><\/h5><div class=\"jet-carousel__item-text\"><p>La visite du Colis\u00e9e demande un peu de patience, surtout si l'on veut \u00e9viter les files d'attente. Mais une fois \u00e0 l'int\u00e9rieur, la beaut\u00e9 de l'ar\u00e8ne et les fresques antiques qui la d\u00e9corent r\u00e9compensent tous les efforts.<\/p><\/div><\/div><\/div>\n<\/div>\n\n<div class=\"jet-carousel__item\">\n\t<div class=\"jet-carousel__item-inner\"><div class=\"jet-carousel__content\"><h5 class=\"jet-carousel__item-title\"><\/h5><div class=\"jet-carousel__item-text\"><p>Le Colis\u00e9e est l'un des lieux les plus photographi\u00e9s au monde et il est facile de comprendre pourquoi. Sa structure imposante et ses vues saisissantes sur la ville de Rome en font une destination incontournable pour les amateurs de photographie.<\/p><\/div><\/div><\/div>\n<\/div>\n\n<div class=\"jet-carousel__item\">\n\t<div class=\"jet-carousel__item-inner\"><div class=\"jet-carousel__content\"><h5 class=\"jet-carousel__item-title\"><\/h5><div class=\"jet-carousel__item-text\"><p>Si vous ne connaissez pas les d\u00e9tails historiques du Colis\u00e9e, vous pouvez participer \u00e0 une visite guid\u00e9e pour en savoir plus sur son histoire et les curiosit\u00e9s qui l'entourent.<\/p><\/div><\/div><\/div>\n<\/div>\n\n<div class=\"jet-carousel__item\">\n\t<div class=\"jet-carousel__item-inner\"><div class=\"jet-carousel__content\"><h5 class=\"jet-carousel__item-title\"><\/h5><div class=\"jet-carousel__item-text\"><p>Le Colis\u00e9e est un lieu qui ne cesse de surprendre et de fasciner, m\u00eame apr\u00e8s de nombreuses visites. Sa grandeur et les signes de son ancienne grandeur sont encore tr\u00e8s \u00e9vidents.<\/p><\/div><\/div><\/div>\n<\/div>\n\n<div class=\"jet-carousel__item\">\n\t<div class=\"jet-carousel__item-inner\"><div class=\"jet-carousel__content\"><h5 class=\"jet-carousel__item-title\"><\/h5><div class=\"jet-carousel__item-text\"><p>Le Colis\u00e9e est un symbole embl\u00e9matique de la ville de Rome et du pays tout entier. Chaque Italien devrait le visiter au moins une fois dans sa vie pour appr\u00e9cier sa beaut\u00e9 et son architecture majestueuse.<\/p><\/div><\/div><\/div>\n<\/div>\n\n<div class=\"jet-carousel__item\">\n\t<div class=\"jet-carousel__item-inner\"><div class=\"jet-carousel__content\"><h5 class=\"jet-carousel__item-title\"><\/h5><div class=\"jet-carousel__item-text\"><p>Malgr\u00e9 tout, le Colis\u00e9e semble encore tenir debout avec sa force et sa robustesse, malgr\u00e9 le temps qui a pass\u00e9. Il est un symbole \u00e9ternel de la grandeur de l'humanit\u00e9 et de sa volont\u00e9 de construire des monuments ind\u00e9l\u00e9biles.<\/p><\/div><\/div><\/div>\n<\/div>\n\n<div class=\"jet-carousel__item\">\n\t<div class=\"jet-carousel__item-inner\"><div class=\"jet-carousel__content\"><h5 class=\"jet-carousel__item-title\"><\/h5><div class=\"jet-carousel__item-text\"><p>La visite du Colis\u00e9e est probablement l'un des moments les plus passionnants que l'on puisse vivre \u00e0 Rome. Regarder l'ar\u00e8ne et imaginer les batailles qui s'y sont d\u00e9roul\u00e9es il y a des si\u00e8cles est une exp\u00e9rience unique.<\/p><\/div><\/div><\/div>\n<\/div>\n<\/div><div class=\"jet-carousel__prev-arrow-1ebef0a jet-arrow prev-arrow\"><i aria-hidden=\"true\" class=\"fal fa-chevron-left\"><\/i><\/div><div class=\"jet-carousel__next-arrow-1ebef0a jet-arrow next-arrow\"><i aria-hidden=\"true\" class=\"fal fa-chevron-right\"><\/i><\/div><\/div>\n<\/div>\n<\/div>\t\t<\/div>\n\t\t\t\t<\/div>\n\t\t\t\t\t<\/div>\n\t\t\t\t<\/div>\n\t\t\t\t\t<\/div>\n\t\t<\/div>\n\t\t\t\t\t<\/div>\n\t\t<\/section>\n\t\t\t\t<\/div>","protected":false},"excerpt":{"rendered":"<p>Le Colis\u00e9e La visite du Colis\u00e9e est une exp\u00e9rience unique et inoubliable qui vous permet de vous plonger dans l'histoire et la beaut\u00e9 de l'un des monuments les plus embl\u00e9matiques du monde. L'amphith\u00e9\u00e2tre Flavien L'amphith\u00e9\u00e2tre Flavien, construit au Ier si\u00e8cle de notre \u00e8re \u00e0 Rome, fut rebaptis\u00e9 \"Colis\u00e9e\" au VIIIe si\u00e8cle en raison de sa proximit\u00e9 avec le colosse n\u00e9ronien. L'\u00e9tymologie de [...]<\/p>","protected":false},"author":1,"featured_media":0,"parent":526,"menu_order":0,"comment_status":"closed","ping_status":"closed","template":"","meta":{"site-sidebar-layout":"no-sidebar","site-content-layout":"page-builder","ast-site-content-layout":"full-width-container","site-content-style":"unboxed","site-sidebar-style":"unboxed","ast-global-header-display":"","ast-banner-title-visibility":"","ast-main-header-display":"","ast-hfb-above-header-display":"","ast-hfb-below-header-display":"","ast-hfb-mobile-header-display":"","site-post-title":"disabled","ast-breadcrumbs-content":"","ast-featured-img":"disabled","footer-sml-layout":"","ast-disable-related-posts":"","theme-transparent-header-meta":"default","adv-header-id-meta":"","stick-header-meta":"","header-above-stick-meta":"","header-main-stick-meta":"","header-below-stick-meta":"","astra-migrate-meta-layouts":"set","ast-page-background-enabled":"default","ast-page-background-meta":{"desktop":{"background-color":"var(--ast-global-color-4)","background-image":"","background-repeat":"repeat","background-position":"center center","background-size":"auto","background-attachment":"scroll","background-type":"","background-media":"","overlay-type":"","overlay-color":"","overlay-opacity":"","overlay-gradient":""},"tablet":{"background-color":"","background-image":"","background-repeat":"repeat","background-position":"center center","background-size":"auto","background-attachment":"scroll","background-type":"","background-media":"","overlay-type":"","overlay-color":"","overlay-opacity":"","overlay-gradient":""},"mobile":{"background-color":"","background-image":"","background-repeat":"repeat","background-position":"center center","background-size":"auto","background-attachment":"scroll","background-type":"","background-media":"","overlay-type":"","overlay-color":"","overlay-opacity":"","overlay-gradient":""}},"ast-content-background-meta":{"desktop":{"background-color":"var(--ast-global-color-5)","background-image":"","background-repeat":"repeat","background-position":"center center","background-size":"auto","background-attachment":"scroll","background-type":"","background-media":"","overlay-type":"","overlay-color":"","overlay-opacity":"","overlay-gradient":""},"tablet":{"background-color":"var(--ast-global-color-5)","background-image":"","background-repeat":"repeat","background-position":"center center","background-size":"auto","background-attachment":"scroll","background-type":"","background-media":"","overlay-type":"","overlay-color":"","overlay-opacity":"","overlay-gradient":""},"mobile":{"background-color":"var(--ast-global-color-5)","background-image":"","background-repeat":"repeat","background-position":"center center","background-size":"auto","background-attachment":"scroll","background-type":"","background-media":"","overlay-type":"","overlay-color":"","overlay-opacity":"","overlay-gradient":""}},"iawp_total_views":6412,"footnotes":""},"class_list":["post-528","page","type-page","status-publish","hentry"],"_links":{"self":[{"href":"https:\/\/colosseo-roma.it\/fr\/wp-json\/wp\/v2\/pages\/528","targetHints":{"allow":["GET"]}}],"collection":[{"href":"https:\/\/colosseo-roma.it\/fr\/wp-json\/wp\/v2\/pages"}],"about":[{"href":"https:\/\/colosseo-roma.it\/fr\/wp-json\/wp\/v2\/types\/page"}],"author":[{"embeddable":true,"href":"https:\/\/colosseo-roma.it\/fr\/wp-json\/wp\/v2\/users\/1"}],"replies":[{"embeddable":true,"href":"https:\/\/colosseo-roma.it\/fr\/wp-json\/wp\/v2\/comments?post=528"}],"version-history":[{"count":0,"href":"https:\/\/colosseo-roma.it\/fr\/wp-json\/wp\/v2\/pages\/528\/revisions"}],"up":[{"embeddable":true,"href":"https:\/\/colosseo-roma.it\/fr\/wp-json\/wp\/v2\/pages\/526"}],"wp:attachment":[{"href":"https:\/\/colosseo-roma.it\/fr\/wp-json\/wp\/v2\/media?parent=528"}],"curies":[{"name":"wp","href":"https:\/\/api.w.org\/{rel}","templated":true}]}}