{"id":536,"date":"2023-03-28T09:18:11","date_gmt":"2023-03-28T08:18:11","guid":{"rendered":"https:\/\/wordpress-1074717-3818660.cloudwaysapps.com\/?page_id=536"},"modified":"2026-01-26T17:11:37","modified_gmt":"2026-01-26T16:11:37","slug":"arene","status":"publish","type":"page","link":"https:\/\/colosseo-roma.it\/fr\/explorer\/colisee\/arene\/","title":{"rendered":"Ar\u00e8nes"},"content":{"rendered":"<div data-elementor-type=\"wp-page\" data-elementor-id=\"536\" class=\"elementor elementor-536\" data-elementor-post-type=\"page\">\n\t\t\t\t\t\t<section class=\"elementor-section elementor-top-section elementor-element elementor-element-08eec93 elementor-section-boxed elementor-section-height-default elementor-section-height-default\" data-id=\"08eec93\" data-element_type=\"section\" data-settings=\"{&quot;jet_parallax_layout_list&quot;:[],&quot;ekit_has_onepagescroll_dot&quot;:&quot;yes&quot;}\">\n\t\t\t\t\t\t<div class=\"elementor-container elementor-column-gap-default\">\n\t\t\t\t\t<div class=\"elementor-column elementor-col-100 elementor-top-column elementor-element elementor-element-d4070b0\" data-id=\"d4070b0\" data-element_type=\"column\" data-settings=\"{&quot;background_background&quot;:&quot;classic&quot;}\">\n\t\t\t<div class=\"elementor-widget-wrap elementor-element-populated\">\n\t\t\t\t\t\t<div class=\"elementor-element elementor-element-5374739 elementor-widget elementor-widget-heading\" data-id=\"5374739\" data-element_type=\"widget\" data-settings=\"{&quot;ekit_we_effect_on&quot;:&quot;none&quot;}\" data-widget_type=\"heading.default\">\n\t\t\t\t<div class=\"elementor-widget-container\">\n\t\t\t<h1 class=\"elementor-heading-title elementor-size-default\">Colosseum Arena<\/h1>\t\t<\/div>\n\t\t\t\t<\/div>\n\t\t\t\t<div class=\"elementor-element elementor-element-26d4e55 elementor-widget elementor-widget-heading\" data-id=\"26d4e55\" data-element_type=\"widget\" data-settings=\"{&quot;ekit_we_effect_on&quot;:&quot;none&quot;}\" data-widget_type=\"heading.default\">\n\t\t\t\t<div class=\"elementor-widget-container\">\n\t\t\t<h4 class=\"elementor-heading-title elementor-size-default\">L'ar\u00e8ne du Colis\u00e9e <\/h4>\t\t<\/div>\n\t\t\t\t<\/div>\n\t\t\t\t<div class=\"elementor-element elementor-element-c399692 elementor-widget elementor-widget-text-editor\" data-id=\"c399692\" data-element_type=\"widget\" data-settings=\"{&quot;ekit_we_effect_on&quot;:&quot;none&quot;}\" data-widget_type=\"text-editor.default\">\n\t\t\t\t<div class=\"elementor-widget-container\">\n\t\t\t\t\t\t\t<p>L'\u00e9difice a un plan elliptique et pr\u00e9sente une triple colonnade de quatre-vingts arcs en travertin \u00e0 l'ext\u00e9rieur, d\u00e9cor\u00e9e de demi-colonnes de style dorique-toscan au niveau inf\u00e9rieur, de style ionique au deuxi\u00e8me niveau et de style corinthien au troisi\u00e8me niveau. L'attique est orn\u00e9 de colonnes de style composite et pr\u00e9sente les trous des poteaux qui soutenaient le grand rideau (le velum) utilis\u00e9 pour prot\u00e9ger les spectateurs du soleil et de la pluie. L'attique lui-m\u00eame \u00e9tait orn\u00e9 de 40 boucliers de bronze, symboles des victoires militaires de Rome sur les boucliers de ses ennemis.<\/p><p>Le Colis\u00e9e mesure 189 m\u00e8tres de long et 156 m\u00e8tres de large, avec une fa\u00e7ade de 48 m\u00e8tres de haut. L'ar\u00e8ne centrale est un ovale dont l'axe principal mesure 86 m\u00e8tres de long, entour\u00e9 d'un mur de 4,5 m\u00e8tres de haut qui s'\u00e9l\u00e8ve jusqu'aux premi\u00e8res marches.<\/p><p>La structure a \u00e9t\u00e9 construite \u00e0 partir de divers mat\u00e9riaux, dont le tuf et le travertin, utilis\u00e9s notamment pour la fa\u00e7ade. Les trous visibles sur la fa\u00e7ade ont \u00e9t\u00e9 perc\u00e9s principalement au Moyen \u00c2ge pour r\u00e9cup\u00e9rer les plaques de m\u00e9tal qui reliaient les blocs de pierre.<\/p><p>Les arcades du rez-de-chauss\u00e9e permettaient au public d'acc\u00e9der aux escaliers menant aux gradins. Au-dessus des arcades, des chiffres romains indiquent les diff\u00e9rentes zones de l'auditorium. Les arcades des deux premiers niveaux \u00e9taient d\u00e9cor\u00e9es de 160 statues en bronze de 5 m\u00e8tres de haut, repr\u00e9sentant des dieux et des personnages mythologiques. Les quatre entr\u00e9es principales, non num\u00e9rot\u00e9es, \u00e9taient r\u00e9serv\u00e9es \u00e0 des cat\u00e9gories privil\u00e9gi\u00e9es comme les magistrats ou les religieux. La porte nord menait \u00e0 la tribune imp\u00e9riale.<\/p><p>Dans la partie centrale de l'amphith\u00e9\u00e2tre se trouvent les salles souterraines, \u00e0 l'origine recouvertes de planches de bois qui formaient la surface de l'ar\u00e8ne. On y trouvait des machines, des cages pour les animaux, des salles de stockage et d'autres installations. Quatre couloirs, situ\u00e9s sous les entr\u00e9es principales, reliaient les sous-sols \u00e0 l'ext\u00e9rieur. L'un d'eux menait au Ludus Magnus, la caserne des gladiateurs.<\/p><p>Les repr\u00e9sentations sont gratuites et les places sont attribu\u00e9es en fonction de la classe sociale. Celles du bas \u00e9taient r\u00e9serv\u00e9es aux s\u00e9nateurs ou aux clercs. Parmi les noms figurant sur la liste, on trouve ceux de 195 s\u00e9nateurs de l'\u00e9poque d'Odoacer (476-483).<\/p><p>\u00a0<\/p>\t\t\t\t\t\t<\/div>\n\t\t\t\t<\/div>\n\t\t\t\t\t<\/div>\n\t\t<\/div>\n\t\t\t\t\t<\/div>\n\t\t<\/section>\n\t\t\t\t<\/div>","protected":false},"excerpt":{"rendered":"<p>Ar\u00e8nes du Colis\u00e9e Les Ar\u00e8nes du Colis\u00e9e se caract\u00e9risent par un plan elliptique et pr\u00e9sentent \u00e0 l'ext\u00e9rieur une triple colonnade de quatre-vingts arcs en travertin, d\u00e9cor\u00e9s de demi-colonnes de style dorique-toscan au niveau inf\u00e9rieur, de style ionique au deuxi\u00e8me niveau et de style corinthien au troisi\u00e8me niveau. L'attique est orn\u00e9 de colonnes de style composite et poss\u00e8de [...].<\/p>","protected":false},"author":1,"featured_media":0,"parent":528,"menu_order":1,"comment_status":"closed","ping_status":"closed","template":"","meta":{"site-sidebar-layout":"no-sidebar","site-content-layout":"page-builder","ast-site-content-layout":"full-width-container","site-content-style":"unboxed","site-sidebar-style":"unboxed","ast-global-header-display":"","ast-banner-title-visibility":"","ast-main-header-display":"","ast-hfb-above-header-display":"","ast-hfb-below-header-display":"","ast-hfb-mobile-header-display":"","site-post-title":"disabled","ast-breadcrumbs-content":"","ast-featured-img":"disabled","footer-sml-layout":"","ast-disable-related-posts":"","theme-transparent-header-meta":"default","adv-header-id-meta":"","stick-header-meta":"","header-above-stick-meta":"","header-main-stick-meta":"","header-below-stick-meta":"","astra-migrate-meta-layouts":"set","ast-page-background-enabled":"default","ast-page-background-meta":{"desktop":{"background-color":"var(--ast-global-color-4)","background-image":"","background-repeat":"repeat","background-position":"center center","background-size":"auto","background-attachment":"scroll","background-type":"","background-media":"","overlay-type":"","overlay-color":"","overlay-opacity":"","overlay-gradient":""},"tablet":{"background-color":"","background-image":"","background-repeat":"repeat","background-position":"center center","background-size":"auto","background-attachment":"scroll","background-type":"","background-media":"","overlay-type":"","overlay-color":"","overlay-opacity":"","overlay-gradient":""},"mobile":{"background-color":"","background-image":"","background-repeat":"repeat","background-position":"center center","background-size":"auto","background-attachment":"scroll","background-type":"","background-media":"","overlay-type":"","overlay-color":"","overlay-opacity":"","overlay-gradient":""}},"ast-content-background-meta":{"desktop":{"background-color":"var(--ast-global-color-5)","background-image":"","background-repeat":"repeat","background-position":"center center","background-size":"auto","background-attachment":"scroll","background-type":"","background-media":"","overlay-type":"","overlay-color":"","overlay-opacity":"","overlay-gradient":""},"tablet":{"background-color":"var(--ast-global-color-5)","background-image":"","background-repeat":"repeat","background-position":"center center","background-size":"auto","background-attachment":"scroll","background-type":"","background-media":"","overlay-type":"","overlay-color":"","overlay-opacity":"","overlay-gradient":""},"mobile":{"background-color":"var(--ast-global-color-5)","background-image":"","background-repeat":"repeat","background-position":"center center","background-size":"auto","background-attachment":"scroll","background-type":"","background-media":"","overlay-type":"","overlay-color":"","overlay-opacity":"","overlay-gradient":""}},"iawp_total_views":1404,"footnotes":""},"class_list":["post-536","page","type-page","status-publish","hentry"],"_links":{"self":[{"href":"https:\/\/colosseo-roma.it\/fr\/wp-json\/wp\/v2\/pages\/536","targetHints":{"allow":["GET"]}}],"collection":[{"href":"https:\/\/colosseo-roma.it\/fr\/wp-json\/wp\/v2\/pages"}],"about":[{"href":"https:\/\/colosseo-roma.it\/fr\/wp-json\/wp\/v2\/types\/page"}],"author":[{"embeddable":true,"href":"https:\/\/colosseo-roma.it\/fr\/wp-json\/wp\/v2\/users\/1"}],"replies":[{"embeddable":true,"href":"https:\/\/colosseo-roma.it\/fr\/wp-json\/wp\/v2\/comments?post=536"}],"version-history":[{"count":0,"href":"https:\/\/colosseo-roma.it\/fr\/wp-json\/wp\/v2\/pages\/536\/revisions"}],"up":[{"embeddable":true,"href":"https:\/\/colosseo-roma.it\/fr\/wp-json\/wp\/v2\/pages\/528"}],"wp:attachment":[{"href":"https:\/\/colosseo-roma.it\/fr\/wp-json\/wp\/v2\/media?parent=536"}],"curies":[{"name":"wp","href":"https:\/\/api.w.org\/{rel}","templated":true}]}}