{"id":537,"date":"2023-03-28T09:18:27","date_gmt":"2023-03-28T08:18:27","guid":{"rendered":"https:\/\/wordpress-1074717-3818660.cloudwaysapps.com\/?page_id=537"},"modified":"2026-01-26T17:11:42","modified_gmt":"2026-01-26T16:11:42","slug":"sous-sols","status":"publish","type":"page","link":"https:\/\/colosseo-roma.it\/fr\/explorer\/colisee\/sous-sols\/","title":{"rendered":"Souterrain"},"content":{"rendered":"<div data-elementor-type=\"wp-page\" data-elementor-id=\"537\" class=\"elementor elementor-537\" data-elementor-post-type=\"page\">\n\t\t\t\t\t\t<section class=\"elementor-section elementor-top-section elementor-element elementor-element-235238d elementor-section-boxed elementor-section-height-default elementor-section-height-default\" data-id=\"235238d\" data-element_type=\"section\" data-settings=\"{&quot;jet_parallax_layout_list&quot;:[],&quot;ekit_has_onepagescroll_dot&quot;:&quot;yes&quot;}\">\n\t\t\t\t\t\t<div class=\"elementor-container elementor-column-gap-default\">\n\t\t\t\t\t<div class=\"elementor-column elementor-col-100 elementor-top-column elementor-element elementor-element-dcb42cd\" data-id=\"dcb42cd\" data-element_type=\"column\" data-settings=\"{&quot;background_background&quot;:&quot;classic&quot;}\">\n\t\t\t<div class=\"elementor-widget-wrap elementor-element-populated\">\n\t\t\t\t\t\t<div class=\"elementor-element elementor-element-6a119f8 elementor-widget elementor-widget-heading\" data-id=\"6a119f8\" data-element_type=\"widget\" data-settings=\"{&quot;ekit_we_effect_on&quot;:&quot;none&quot;}\" data-widget_type=\"heading.default\">\n\t\t\t\t<div class=\"elementor-widget-container\">\n\t\t\t<h1 class=\"elementor-heading-title elementor-size-default\">Le sous-sol du Colis\u00e9e<\/h1>\t\t<\/div>\n\t\t\t\t<\/div>\n\t\t\t\t<div class=\"elementor-element elementor-element-5ae2d92 elementor-widget elementor-widget-heading\" data-id=\"5ae2d92\" data-element_type=\"widget\" data-settings=\"{&quot;ekit_we_effect_on&quot;:&quot;none&quot;}\" data-widget_type=\"heading.default\">\n\t\t\t\t<div class=\"elementor-widget-container\">\n\t\t\t<h4 class=\"elementor-heading-title elementor-size-default\">Colis\u00e9e et souterrain<\/h4>\t\t<\/div>\n\t\t\t\t<\/div>\n\t\t\t\t<div class=\"elementor-element elementor-element-44f1ced elementor-widget elementor-widget-text-editor\" data-id=\"44f1ced\" data-element_type=\"widget\" data-settings=\"{&quot;ekit_we_effect_on&quot;:&quot;none&quot;}\" data-widget_type=\"text-editor.default\">\n\t\t\t\t<div class=\"elementor-widget-container\">\n\t\t\t\t\t\t\t<p>La forme elliptique du Colis\u00e9e a \u00e9t\u00e9 r\u00e9alis\u00e9e \u00e0 l'aide d'un proc\u00e9d\u00e9 g\u00e9om\u00e9trique sophistiqu\u00e9 \u00e0 quatre centres et a \u00e9galement \u00e9t\u00e9 reprise par le sol de l'ar\u00e8ne en adoptant une ma\u00e7onnerie m\u00e9lang\u00e9e \u00e0 une planche de bois recouverte de sable. Sous le plancher de l'ar\u00e8ne se trouvaient de vastes salles de service souterraines, construites apr\u00e8s l'empereur Domitien.<\/p><p>Auparavant, l'ar\u00e8ne pouvait \u00eatre inond\u00e9e pour accueillir des naumachiae ou des spectacles de nageurs, comme le rapporte Martial dans son livre De spectaculis. Une grande partie du donjon est encore visible aujourd'hui d'en haut et l'on peut voir un large couloir le long de l'axe principal qui divise la zone en deux demi-cercles lat\u00e9raux travers\u00e9s par douze couloirs curvilignes. Le long du mur d'enceinte se trouve une s\u00e9rie de salles de service vo\u00fbt\u00e9es qui abritaient probablement les animaux utilis\u00e9s pendant les jeux, ainsi que des d\u00e9cors.<\/p><p>Le couloir qui suit l'axe principal de l'ellipse se termine par deux galeries qui s'ouvrent \u00e0 l'int\u00e9rieur du beignet de b\u00e9ton formant les fondations de l'amphith\u00e9\u00e2tre. Deux autres galeries situ\u00e9es sur le petit axe de l'ellipse, l'une en direction du Colle Oppio et l'autre en direction du Caelius, n'ont pas encore \u00e9t\u00e9 fouill\u00e9es. Une cinqui\u00e8me galerie, situ\u00e9e le long du coin V sous la sc\u00e8ne imp\u00e9riale, a \u00e9t\u00e9 construite \u00e0 l'\u00e9poque de Domitien et constituait probablement une voie d'acc\u00e8s r\u00e9serv\u00e9e exclusivement \u00e0 l'empereur et directement reli\u00e9e \u00e0 certains b\u00e2timents imp\u00e9riaux dans la zone du temple de Claude sur le Caelius.<\/p>\t\t\t\t\t\t<\/div>\n\t\t\t\t<\/div>\n\t\t\t\t<div class=\"elementor-element elementor-element-d94dd08 elementor-widget elementor-widget-heading\" data-id=\"d94dd08\" data-element_type=\"widget\" data-settings=\"{&quot;ekit_we_effect_on&quot;:&quot;none&quot;}\" data-widget_type=\"heading.default\">\n\t\t\t\t<div class=\"elementor-widget-container\">\n\t\t\t<h4 class=\"elementor-heading-title elementor-size-default\">Colis\u00e9e et souterrain<\/h4>\t\t<\/div>\n\t\t\t\t<\/div>\n\t\t\t\t<div class=\"elementor-element elementor-element-fd1e286 elementor-widget elementor-widget-text-editor\" data-id=\"fd1e286\" data-element_type=\"widget\" data-settings=\"{&quot;ekit_we_effect_on&quot;:&quot;none&quot;}\" data-widget_type=\"text-editor.default\">\n\t\t\t\t<div class=\"elementor-widget-container\">\n\t\t\t\t\t\t\t<p>Sous les quatre tunnels des deux axes se trouvent des conduits hydrauliques, indispensables pour l'\u00e9vacuation des eaux de pluie et des latrines. Les explorations sp\u00e9l\u00e9o-subaques ont permis de d\u00e9couvrir d'autres grands conduits, qui ont \u00e9t\u00e9 trouv\u00e9s sous le Colis\u00e9e et qui faisaient probablement partie du syst\u00e8me de conduits qui alimentaient le lac construit pour la r\u00e9sidence de N\u00e9ron.<\/p><p>La structure hydraulique du Colis\u00e9e est encore tr\u00e8s complexe et n'est pas compl\u00e8tement comprise. \u00c0 l'ext\u00e9rieur de l'amphith\u00e9\u00e2tre, un tunnel a \u00e9t\u00e9 d\u00e9couvert \u00e0 une profondeur de 8 m\u00e8tres \u00e0 partir du niveau du sol de la place qui entoure tout l'amphith\u00e9\u00e2tre \u00e0 environ 2-3 m\u00e8tres de son p\u00e9rim\u00e8tre ext\u00e9rieur ; il s'agit d'un conduit d'\u00e9gout. Un autre tunnel \u00e0 vo\u00fbte capucine, plus petit, situ\u00e9 \u00e0 l'int\u00e9rieur du donut de fondation \u00e0 une profondeur de 2,8 m\u00e8tres, abritait probablement des tuyaux en plomb transportant de l'eau maintenue sous pression par des r\u00e9servoirs.<\/p>\t\t\t\t\t\t<\/div>\n\t\t\t\t<\/div>\n\t\t\t\t\t<\/div>\n\t\t<\/div>\n\t\t\t\t\t<\/div>\n\t\t<\/section>\n\t\t\t\t<\/div>","protected":false},"excerpt":{"rendered":"<p>Le sous-sol du Colis\u00e9e Colis\u00e9e et sous-sol La forme elliptique du Colis\u00e9e a \u00e9t\u00e9 r\u00e9alis\u00e9e \u00e0 l'aide d'un proc\u00e9d\u00e9 g\u00e9om\u00e9trique sophistiqu\u00e9 \u00e0 quatre centres, et a \u00e9galement \u00e9t\u00e9 reprise par le sol de l'ar\u00e8ne en adoptant une ma\u00e7onnerie m\u00e9lang\u00e9e \u00e0 une planche de bois recouverte de sable. Sous le plancher de l'ar\u00e8ne se trouvaient de vastes salles de service souterraines qui \u00e9taient [...].<\/p>","protected":false},"author":1,"featured_media":0,"parent":528,"menu_order":2,"comment_status":"closed","ping_status":"closed","template":"","meta":{"site-sidebar-layout":"no-sidebar","site-content-layout":"page-builder","ast-site-content-layout":"full-width-container","site-content-style":"unboxed","site-sidebar-style":"unboxed","ast-global-header-display":"","ast-banner-title-visibility":"","ast-main-header-display":"","ast-hfb-above-header-display":"","ast-hfb-below-header-display":"","ast-hfb-mobile-header-display":"","site-post-title":"disabled","ast-breadcrumbs-content":"","ast-featured-img":"disabled","footer-sml-layout":"","ast-disable-related-posts":"","theme-transparent-header-meta":"default","adv-header-id-meta":"","stick-header-meta":"","header-above-stick-meta":"","header-main-stick-meta":"","header-below-stick-meta":"","astra-migrate-meta-layouts":"set","ast-page-background-enabled":"default","ast-page-background-meta":{"desktop":{"background-color":"var(--ast-global-color-4)","background-image":"","background-repeat":"repeat","background-position":"center center","background-size":"auto","background-attachment":"scroll","background-type":"","background-media":"","overlay-type":"","overlay-color":"","overlay-opacity":"","overlay-gradient":""},"tablet":{"background-color":"","background-image":"","background-repeat":"repeat","background-position":"center center","background-size":"auto","background-attachment":"scroll","background-type":"","background-media":"","overlay-type":"","overlay-color":"","overlay-opacity":"","overlay-gradient":""},"mobile":{"background-color":"","background-image":"","background-repeat":"repeat","background-position":"center center","background-size":"auto","background-attachment":"scroll","background-type":"","background-media":"","overlay-type":"","overlay-color":"","overlay-opacity":"","overlay-gradient":""}},"ast-content-background-meta":{"desktop":{"background-color":"var(--ast-global-color-5)","background-image":"","background-repeat":"repeat","background-position":"center center","background-size":"auto","background-attachment":"scroll","background-type":"","background-media":"","overlay-type":"","overlay-color":"","overlay-opacity":"","overlay-gradient":""},"tablet":{"background-color":"var(--ast-global-color-5)","background-image":"","background-repeat":"repeat","background-position":"center center","background-size":"auto","background-attachment":"scroll","background-type":"","background-media":"","overlay-type":"","overlay-color":"","overlay-opacity":"","overlay-gradient":""},"mobile":{"background-color":"var(--ast-global-color-5)","background-image":"","background-repeat":"repeat","background-position":"center center","background-size":"auto","background-attachment":"scroll","background-type":"","background-media":"","overlay-type":"","overlay-color":"","overlay-opacity":"","overlay-gradient":""}},"iawp_total_views":2119,"footnotes":""},"class_list":["post-537","page","type-page","status-publish","hentry"],"_links":{"self":[{"href":"https:\/\/colosseo-roma.it\/fr\/wp-json\/wp\/v2\/pages\/537","targetHints":{"allow":["GET"]}}],"collection":[{"href":"https:\/\/colosseo-roma.it\/fr\/wp-json\/wp\/v2\/pages"}],"about":[{"href":"https:\/\/colosseo-roma.it\/fr\/wp-json\/wp\/v2\/types\/page"}],"author":[{"embeddable":true,"href":"https:\/\/colosseo-roma.it\/fr\/wp-json\/wp\/v2\/users\/1"}],"replies":[{"embeddable":true,"href":"https:\/\/colosseo-roma.it\/fr\/wp-json\/wp\/v2\/comments?post=537"}],"version-history":[{"count":0,"href":"https:\/\/colosseo-roma.it\/fr\/wp-json\/wp\/v2\/pages\/537\/revisions"}],"up":[{"embeddable":true,"href":"https:\/\/colosseo-roma.it\/fr\/wp-json\/wp\/v2\/pages\/528"}],"wp:attachment":[{"href":"https:\/\/colosseo-roma.it\/fr\/wp-json\/wp\/v2\/media?parent=537"}],"curies":[{"name":"wp","href":"https:\/\/api.w.org\/{rel}","templated":true}]}}