{"id":538,"date":"2023-03-28T09:18:33","date_gmt":"2023-03-28T08:18:33","guid":{"rendered":"https:\/\/wordpress-1074717-3818660.cloudwaysapps.com\/?page_id=538"},"modified":"2023-03-31T22:37:11","modified_gmt":"2023-03-31T21:37:11","slug":"musee-du-colisee","status":"publish","type":"page","link":"https:\/\/colosseo-roma.it\/fr\/explorer\/colisee\/musee-du-colisee\/","title":{"rendered":"Mus\u00e9e du Colis\u00e9e"},"content":{"rendered":"<div data-elementor-type=\"wp-page\" data-elementor-id=\"538\" class=\"elementor elementor-538\" data-elementor-post-type=\"page\">\n\t\t\t\t\t\t<section class=\"elementor-section elementor-top-section elementor-element elementor-element-226a65a elementor-section-boxed elementor-section-height-default elementor-section-height-default\" data-id=\"226a65a\" data-element_type=\"section\" data-settings=\"{&quot;jet_parallax_layout_list&quot;:[],&quot;ekit_has_onepagescroll_dot&quot;:&quot;yes&quot;}\">\n\t\t\t\t\t\t<div class=\"elementor-container elementor-column-gap-default\">\n\t\t\t\t\t<div class=\"elementor-column elementor-col-100 elementor-top-column elementor-element elementor-element-7fe7b2d\" data-id=\"7fe7b2d\" data-element_type=\"column\">\n\t\t\t<div class=\"elementor-widget-wrap elementor-element-populated\">\n\t\t\t\t\t\t<div class=\"elementor-element elementor-element-730ea5d elementor-widget elementor-widget-heading\" data-id=\"730ea5d\" data-element_type=\"widget\" data-settings=\"{&quot;ekit_we_effect_on&quot;:&quot;none&quot;}\" data-widget_type=\"heading.default\">\n\t\t\t\t<div class=\"elementor-widget-container\">\n\t\t\t<h1 class=\"elementor-heading-title elementor-size-default\">Le mus\u00e9e palatin<\/h1>\t\t<\/div>\n\t\t\t\t<\/div>\n\t\t\t\t<div class=\"elementor-element elementor-element-3566507 elementor-widget elementor-widget-heading\" data-id=\"3566507\" data-element_type=\"widget\" data-settings=\"{&quot;ekit_we_effect_on&quot;:&quot;none&quot;}\" data-widget_type=\"heading.default\">\n\t\t\t\t<div class=\"elementor-widget-container\">\n\t\t\t<h5 class=\"elementor-heading-title elementor-size-default\">Visite du mus\u00e9e du Colis\u00e9e<\/h5>\t\t<\/div>\n\t\t\t\t<\/div>\n\t\t\t\t<div class=\"elementor-element elementor-element-d56a64d elementor-widget elementor-widget-heading\" data-id=\"d56a64d\" data-element_type=\"widget\" data-settings=\"{&quot;ekit_we_effect_on&quot;:&quot;none&quot;}\" data-widget_type=\"heading.default\">\n\t\t\t\t<div class=\"elementor-widget-container\">\n\t\t\t<h5 class=\"elementor-heading-title elementor-size-default\">Achetez votre billet et suivez la visite <\/h5>\t\t<\/div>\n\t\t\t\t<\/div>\n\t\t\t\t<div class=\"elementor-element elementor-element-a1a62c5 elementor-widget elementor-widget-html\" data-id=\"a1a62c5\" data-element_type=\"widget\" data-settings=\"{&quot;ekit_we_effect_on&quot;:&quot;none&quot;}\" data-widget_type=\"html.default\">\n\t\t\t\t<div class=\"elementor-widget-container\">\n\t\t\t<div data-gyg-href=\"https:\/\/widget.getyourguide.com\/default\/activities.frame\" data-gyg-locale-code=\"it-IT\" data-gyg-widget=\"activities\" data-gyg-number-of-items=\"3\" data-gyg-partner-id=\"D5VYVWQ\" data-gyg-tour-ids=\"183746,408602,225249\"><\/div>\t\t<\/div>\n\t\t\t\t<\/div>\n\t\t\t\t<div class=\"elementor-element elementor-element-21f6686 elementor-widget elementor-widget-heading\" data-id=\"21f6686\" data-element_type=\"widget\" data-settings=\"{&quot;ekit_we_effect_on&quot;:&quot;none&quot;}\" data-widget_type=\"heading.default\">\n\t\t\t\t<div class=\"elementor-widget-container\">\n\t\t\t<h5 class=\"elementor-heading-title elementor-size-default\">Le mus\u00e9e de l'amphith\u00e9\u00e2tre Flavien<\/h5>\t\t<\/div>\n\t\t\t\t<\/div>\n\t\t\t\t<div class=\"elementor-element elementor-element-bccb85f elementor-widget elementor-widget-text-editor\" data-id=\"bccb85f\" data-element_type=\"widget\" data-settings=\"{&quot;ekit_we_effect_on&quot;:&quot;none&quot;}\" data-widget_type=\"text-editor.default\">\n\t\t\t\t<div class=\"elementor-widget-container\">\n\t\t\t\t\t\t\t<p>Le mus\u00e9e du Colis\u00e9e, situ\u00e9 au deuxi\u00e8me niveau de l'amphith\u00e9\u00e2tre, repr\u00e9sente un itin\u00e9raire th\u00e9matique au sein de l'espace d'exposition. Une signal\u00e9tique bien con\u00e7ue permet d'identifier les itin\u00e9raires les plus significatifs afin de tirer le meilleur parti de la visite.<\/p><p>Les recherches arch\u00e9ologiques de ces derni\u00e8res ann\u00e9es, ainsi que les expositions les plus r\u00e9centes et les publications imprim\u00e9es dans lesquelles elles ont \u00e9t\u00e9 int\u00e9gr\u00e9es, ont permis aux experts de mieux comprendre la longue vie du Colis\u00e9e, ses r\u00e9utilisations et m\u00eame ses significations id\u00e9ologiques. L'exposition du Mus\u00e9e rassemble les \u0153uvres les plus remarquables de la construction et des fouilles, organis\u00e9es de mani\u00e8re \u00e0 illustrer les aspects saillants du monument \u00e0 travers des d\u00e9veloppements hypertextuels et hyperm\u00e9diatiques.<\/p><p>La premi\u00e8re section est le point de d\u00e9part du mus\u00e9e et est bas\u00e9e sur l'architecture du grand antith\u00e9\u00e2tre, avec des pi\u00e8ces telles que des chapiteaux et des fragments de transennas et l'impressionnante reconstruction de la vomitoria. Cette section met en \u00e9vidence la force du monument en tant que mod\u00e8le d'architecture au fil des si\u00e8cles. La signature laiss\u00e9e par Hubert Robert sur la \"chair vivante\" du Colis\u00e9e est un exemple artistique \u00e9vident d'identification existentielle avec l'\u00e9difice. Les peintures reproduites dans les panneaux explicatifs montrent fid\u00e8lement les types d'utilisation du rez-de-chauss\u00e9e, comme c'\u00e9tait d\u00e9j\u00e0 le cas \u00e0 la fin du Moyen \u00c2ge.<\/p><p>La deuxi\u00e8me section illustre le fonctionnement de l'amphith\u00e9\u00e2tre et la vie quotidienne \u00e0 l'int\u00e9rieur de celui-ci \u00e0 l'aide de maquettes et d'objets expos\u00e9s dans des vitrines. En outre, des graffitis, des mosa\u00efques et des reliefs d\u00e9crivant le m\u00e9tier de gladiateur et les sujets des venationes sont pr\u00e9sent\u00e9s.<\/p><p>La troisi\u00e8me section est consacr\u00e9e aux spectateurs, avec des loca s\u00e9natoriales dont les inscriptions indiquent une r\u00e9partition des places sur les gradins. Divers marbres expos\u00e9s d\u00e9crivent l'appareil sculptural du monument, y compris leur emplacement d'origine, s'il est connu.<\/p><p>La quatri\u00e8me partie suivante se concentre sur la r\u00e9utilisation id\u00e9ologique du monument, transform\u00e9 en symbole du nouvel empire dans les ann\u00e9es de l'empire. La section se poursuit par une illustration du Moyen \u00c2ge du Colis\u00e9e, de sa \"christianisation\" et, en contrepoint, par l'\u00e9vocation d'un Colis\u00e9e \"magique\" et d\u00e9moniaque.<\/p><p>L'exposition du mus\u00e9e du Colis\u00e9e se termine par la section consacr\u00e9e \u00e0 la reconstruction \"philologique\" de la maquette de Lucangeli et aux \"arcs feuillus\" de vues et d'\u00e9crits romantiques du Grand Tour.<\/p>\t\t\t\t\t\t<\/div>\n\t\t\t\t<\/div>\n\t\t\t\t<div class=\"elementor-element elementor-element-33084a0 elementor-widget elementor-widget-heading\" data-id=\"33084a0\" data-element_type=\"widget\" data-settings=\"{&quot;ekit_we_effect_on&quot;:&quot;none&quot;}\" data-widget_type=\"heading.default\">\n\t\t\t\t<div class=\"elementor-widget-container\">\n\t\t\t<h5 class=\"elementor-heading-title elementor-size-default\">Heures d'ouverture<\/h5>\t\t<\/div>\n\t\t\t\t<\/div>\n\t\t\t\t<div class=\"elementor-element elementor-element-41630b5 elementor-widget elementor-widget-text-editor\" data-id=\"41630b5\" data-element_type=\"widget\" data-settings=\"{&quot;ekit_we_effect_on&quot;:&quot;none&quot;}\" data-widget_type=\"text-editor.default\">\n\t\t\t\t<div class=\"elementor-widget-container\">\n\t\t\t\t\t\t\t<p>Le mus\u00e9e est ouvert tous les jours, du lundi au dimanche, de 9 heures \u00e0 16 heures 30.<\/p><p>La derni\u00e8re visite a lieu une heure avant la fermeture.\u00a0<\/p><p>\u00a0<\/p><p>\u00a0<\/p><p>\u00a0<\/p><p>\u00a0<\/p>\t\t\t\t\t\t<\/div>\n\t\t\t\t<\/div>\n\t\t\t\t<div class=\"elementor-element elementor-element-5a13300 elementor-widget elementor-widget-heading\" data-id=\"5a13300\" data-element_type=\"widget\" data-settings=\"{&quot;ekit_we_effect_on&quot;:&quot;none&quot;}\" data-widget_type=\"heading.default\">\n\t\t\t\t<div class=\"elementor-widget-container\">\n\t\t\t<h5 class=\"elementor-heading-title elementor-size-default\">Comment se rendre au mus\u00e9e de l'amphith\u00e9\u00e2tre Flavien<\/h5>\t\t<\/div>\n\t\t\t\t<\/div>\n\t\t\t\t<div class=\"elementor-element elementor-element-b392f7f elementor-widget elementor-widget-text-editor\" data-id=\"b392f7f\" data-element_type=\"widget\" data-settings=\"{&quot;ekit_we_effect_on&quot;:&quot;none&quot;}\" data-widget_type=\"text-editor.default\">\n\t\t\t\t<div class=\"elementor-widget-container\">\n\t\t\t\t\t\t\t<p>M\u00e9tro : Ligne B arr\u00eat Colosseo<\/p><p>Bus : n\u00b0 75, 81, 87, 673, 175, 204<\/p><p>Tramway : n\u00b0 3<\/p>\t\t\t\t\t\t<\/div>\n\t\t\t\t<\/div>\n\t\t\t\t<div class=\"elementor-element elementor-element-35c1500 elementor-widget elementor-widget-heading\" data-id=\"35c1500\" data-element_type=\"widget\" data-settings=\"{&quot;ekit_we_effect_on&quot;:&quot;none&quot;}\" data-widget_type=\"heading.default\">\n\t\t\t\t<div class=\"elementor-widget-container\">\n\t\t\t<h5 class=\"elementor-heading-title elementor-size-default\">Livre \u00e9galement Forum palatin romain et Domus Aurea<\/h5>\t\t<\/div>\n\t\t\t\t<\/div>\n\t\t\t\t\t<\/div>\n\t\t<\/div>\n\t\t\t\t\t<\/div>\n\t\t<\/section>\n\t\t\t\t<\/div>","protected":false},"excerpt":{"rendered":"<p>Le Mus\u00e9e Palatin Visiter le Mus\u00e9e du Colis\u00e9e Acheter un billet et faire un tour Le Mus\u00e9e de l'Amphith\u00e9\u00e2tre Flavien Le Mus\u00e9e du Colis\u00e9e, situ\u00e9 au deuxi\u00e8me niveau de l'amphith\u00e9\u00e2tre, repr\u00e9sente un itin\u00e9raire th\u00e9matique \u00e0 l'int\u00e9rieur de l'espace d'exposition. Une signal\u00e9tique bien con\u00e7ue identifie les itin\u00e9raires les plus significatifs pour tirer le meilleur parti de la visite. Les recherches arch\u00e9ologiques des derni\u00e8res [...]<\/p>","protected":false},"author":1,"featured_media":0,"parent":528,"menu_order":5,"comment_status":"closed","ping_status":"closed","template":"","meta":{"site-sidebar-layout":"no-sidebar","site-content-layout":"page-builder","ast-site-content-layout":"default","site-content-style":"default","site-sidebar-style":"default","ast-global-header-display":"","ast-banner-title-visibility":"","ast-main-header-display":"","ast-hfb-above-header-display":"","ast-hfb-below-header-display":"","ast-hfb-mobile-header-display":"","site-post-title":"disabled","ast-breadcrumbs-content":"","ast-featured-img":"disabled","footer-sml-layout":"","ast-disable-related-posts":"","theme-transparent-header-meta":"default","adv-header-id-meta":"","stick-header-meta":"","header-above-stick-meta":"","header-main-stick-meta":"","header-below-stick-meta":"","astra-migrate-meta-layouts":"default","ast-page-background-enabled":"default","ast-page-background-meta":{"desktop":{"background-color":"var(--ast-global-color-4)","background-image":"","background-repeat":"repeat","background-position":"center center","background-size":"auto","background-attachment":"scroll","background-type":"","background-media":"","overlay-type":"","overlay-color":"","overlay-opacity":"","overlay-gradient":""},"tablet":{"background-color":"","background-image":"","background-repeat":"repeat","background-position":"center center","background-size":"auto","background-attachment":"scroll","background-type":"","background-media":"","overlay-type":"","overlay-color":"","overlay-opacity":"","overlay-gradient":""},"mobile":{"background-color":"","background-image":"","background-repeat":"repeat","background-position":"center center","background-size":"auto","background-attachment":"scroll","background-type":"","background-media":"","overlay-type":"","overlay-color":"","overlay-opacity":"","overlay-gradient":""}},"ast-content-background-meta":{"desktop":{"background-color":"var(--ast-global-color-5)","background-image":"","background-repeat":"repeat","background-position":"center center","background-size":"auto","background-attachment":"scroll","background-type":"","background-media":"","overlay-type":"","overlay-color":"","overlay-opacity":"","overlay-gradient":""},"tablet":{"background-color":"var(--ast-global-color-5)","background-image":"","background-repeat":"repeat","background-position":"center center","background-size":"auto","background-attachment":"scroll","background-type":"","background-media":"","overlay-type":"","overlay-color":"","overlay-opacity":"","overlay-gradient":""},"mobile":{"background-color":"var(--ast-global-color-5)","background-image":"","background-repeat":"repeat","background-position":"center center","background-size":"auto","background-attachment":"scroll","background-type":"","background-media":"","overlay-type":"","overlay-color":"","overlay-opacity":"","overlay-gradient":""}},"iawp_total_views":495,"footnotes":""},"class_list":["post-538","page","type-page","status-publish","hentry"],"_links":{"self":[{"href":"https:\/\/colosseo-roma.it\/fr\/wp-json\/wp\/v2\/pages\/538","targetHints":{"allow":["GET"]}}],"collection":[{"href":"https:\/\/colosseo-roma.it\/fr\/wp-json\/wp\/v2\/pages"}],"about":[{"href":"https:\/\/colosseo-roma.it\/fr\/wp-json\/wp\/v2\/types\/page"}],"author":[{"embeddable":true,"href":"https:\/\/colosseo-roma.it\/fr\/wp-json\/wp\/v2\/users\/1"}],"replies":[{"embeddable":true,"href":"https:\/\/colosseo-roma.it\/fr\/wp-json\/wp\/v2\/comments?post=538"}],"version-history":[{"count":0,"href":"https:\/\/colosseo-roma.it\/fr\/wp-json\/wp\/v2\/pages\/538\/revisions"}],"up":[{"embeddable":true,"href":"https:\/\/colosseo-roma.it\/fr\/wp-json\/wp\/v2\/pages\/528"}],"wp:attachment":[{"href":"https:\/\/colosseo-roma.it\/fr\/wp-json\/wp\/v2\/media?parent=538"}],"curies":[{"name":"wp","href":"https:\/\/api.w.org\/{rel}","templated":true}]}}