{"id":540,"date":"2023-03-28T09:18:40","date_gmt":"2023-03-28T08:18:40","guid":{"rendered":"https:\/\/wordpress-1074717-3818660.cloudwaysapps.com\/?page_id=540"},"modified":"2026-01-26T17:11:47","modified_gmt":"2026-01-26T16:11:47","slug":"larchitecture","status":"publish","type":"page","link":"https:\/\/colosseo-roma.it\/fr\/explorer\/colisee\/larchitecture\/","title":{"rendered":"L'architecture"},"content":{"rendered":"<div data-elementor-type=\"wp-page\" data-elementor-id=\"540\" class=\"elementor elementor-540\" data-elementor-post-type=\"page\">\n\t\t\t\t\t\t<section class=\"elementor-section elementor-top-section elementor-element elementor-element-bd0a364 elementor-section-boxed elementor-section-height-default elementor-section-height-default\" data-id=\"bd0a364\" data-element_type=\"section\" data-settings=\"{&quot;jet_parallax_layout_list&quot;:[],&quot;ekit_has_onepagescroll_dot&quot;:&quot;yes&quot;}\">\n\t\t\t\t\t\t<div class=\"elementor-container elementor-column-gap-default\">\n\t\t\t\t\t<div class=\"elementor-column elementor-col-100 elementor-top-column elementor-element elementor-element-e53f870\" data-id=\"e53f870\" data-element_type=\"column\" data-settings=\"{&quot;background_background&quot;:&quot;classic&quot;}\">\n\t\t\t<div class=\"elementor-widget-wrap elementor-element-populated\">\n\t\t\t\t\t\t<div class=\"elementor-element elementor-element-3f626a0 elementor-widget elementor-widget-heading\" data-id=\"3f626a0\" data-element_type=\"widget\" data-settings=\"{&quot;ekit_we_effect_on&quot;:&quot;none&quot;}\" data-widget_type=\"heading.default\">\n\t\t\t\t<div class=\"elementor-widget-container\">\n\t\t\t<h1 class=\"elementor-heading-title elementor-size-default\">Architecture du Colis\u00e9e<\/h1>\t\t<\/div>\n\t\t\t\t<\/div>\n\t\t\t\t<div class=\"elementor-element elementor-element-63abe57 elementor-widget elementor-widget-text-editor\" data-id=\"63abe57\" data-element_type=\"widget\" data-settings=\"{&quot;ekit_we_effect_on&quot;:&quot;none&quot;}\" data-widget_type=\"text-editor.default\">\n\t\t\t\t<div class=\"elementor-widget-container\">\n\t\t\t\t\t\t\t<p><strong>Le Colis\u00e9e mesure 52 m\u00e8tres de haut.<\/strong><br \/><strong>Le petit axe de 156 m\u00e8tres.<\/strong><br \/><strong>L'axe principal est de 188 m\u00e8tres.<\/strong><br \/><strong>L'ar\u00e8ne a une superficie de 3357 m\u00e8tres carr\u00e9s.<\/strong><\/p>\t\t\t\t\t\t<\/div>\n\t\t\t\t<\/div>\n\t\t\t\t<div class=\"elementor-element elementor-element-0ad6c2a elementor-widget elementor-widget-heading\" data-id=\"0ad6c2a\" data-element_type=\"widget\" data-settings=\"{&quot;ekit_we_effect_on&quot;:&quot;none&quot;}\" data-widget_type=\"heading.default\">\n\t\t\t\t<div class=\"elementor-widget-container\">\n\t\t\t<h4 class=\"elementor-heading-title elementor-size-default\">Les caract\u00e9ristiques du Colis\u00e9e<\/h4>\t\t<\/div>\n\t\t\t\t<\/div>\n\t\t\t\t<div class=\"elementor-element elementor-element-f411953 elementor-widget elementor-widget-text-editor\" data-id=\"f411953\" data-element_type=\"widget\" data-settings=\"{&quot;ekit_we_effect_on&quot;:&quot;none&quot;}\" data-widget_type=\"text-editor.default\">\n\t\t\t\t<div class=\"elementor-widget-container\">\n\t\t\t\t\t\t\t<p>La structure s'articule \u00e0 l'ext\u00e9rieur en quatre ordres, correspondant \u00e0 l'int\u00e9rieur \u00e0 cinq secteurs de si\u00e8ges constituant la cavea. La structure porteuse est constitu\u00e9e de piliers en blocs de travertin entrecoup\u00e9s, au premier ordre, de ma\u00e7onnerie en blocs de tuf et, aux ordres sup\u00e9rieurs, de cloisons radiales en briques. Le sol du premier ordre \u00e9tait constitu\u00e9 de dalles de travertin, sauf le long du couloir pr\u00e8s de l'ar\u00e8ne qui, destin\u00e9 aux s\u00e9nateurs, \u00e9tait recouvert de marbre. Dans les ordres sup\u00e9rieurs, le sol \u00e9tait en opus spicatum, constitu\u00e9 de briques dispos\u00e9es en chevrons. Le travertin \u00e9tait encore utilis\u00e9 pour le rev\u00eatement des escaliers et des paliers ainsi que pour les conduits visibles. Les vo\u00fbtes et les murs en brique et en tuf \u00e9taient recouverts d'un enduit blanc ; la base des murs \u00e9tait rouge. Toutes les voies d'acc\u00e8s \u00e0 l'empereur, \u00e0 l'ordre s\u00e9natorial et aux plus hautes autorit\u00e9s religieuses \u00e9taient rev\u00eatues de marbre.<\/p>\t\t\t\t\t\t<\/div>\n\t\t\t\t<\/div>\n\t\t\t\t<div class=\"elementor-element elementor-element-3a32cd8 elementor-widget elementor-widget-heading\" data-id=\"3a32cd8\" data-element_type=\"widget\" data-settings=\"{&quot;ekit_we_effect_on&quot;:&quot;none&quot;}\" data-widget_type=\"heading.default\">\n\t\t\t\t<div class=\"elementor-widget-container\">\n\t\t\t<h4 class=\"elementor-heading-title elementor-size-default\">La structure de l'amphith\u00e9\u00e2tre Flavien<\/h4>\t\t<\/div>\n\t\t\t\t<\/div>\n\t\t\t\t<div class=\"elementor-element elementor-element-c8ccae0 elementor-widget elementor-widget-text-editor\" data-id=\"c8ccae0\" data-element_type=\"widget\" data-settings=\"{&quot;ekit_we_effect_on&quot;:&quot;none&quot;}\" data-widget_type=\"text-editor.default\">\n\t\t\t\t<div class=\"elementor-widget-container\">\n\t\t\t\t\t\t\t<p>L'amphith\u00e9\u00e2tre s'\u00e9l\u00e8ve sur une cr\u00e9pidine basse de blocs de travertin formant deux niveaux. Les trois premiers ordres sont form\u00e9s par 80 arcs pos\u00e9s sur des piliers en opus quadratum, avec des demi-colonnes saillantes surmont\u00e9es de chapiteaux doriques dans le premier ordre, ioniques dans le deuxi\u00e8me et corinthiens dans le troisi\u00e8me. Le quatri\u00e8me et dernier registre est constitu\u00e9 d'un mur plein dans lequel des pilastres d'ordre corinthien alternent avec des fen\u00eatres carr\u00e9es. Les corbeaux de travertin sur lesquels reposait la base des poutres en bois qui soutenaient le velarium du toit sont encore visibles ; des trous pour l'insertion des poutres, un pour chacun des corbeaux inf\u00e9rieurs, s'ouvrent dans la corniche en saillie.<\/p>\t\t\t\t\t\t<\/div>\n\t\t\t\t<\/div>\n\t\t\t\t<div class=\"elementor-element elementor-element-27c309a elementor-widget elementor-widget-heading\" data-id=\"27c309a\" data-element_type=\"widget\" data-settings=\"{&quot;ekit_we_effect_on&quot;:&quot;none&quot;}\" data-widget_type=\"heading.default\">\n\t\t\t\t<div class=\"elementor-widget-container\">\n\t\t\t<h4 class=\"elementor-heading-title elementor-size-default\">D\u00e9couvrir l'architecture du Colis\u00e9e<\/h4>\t\t<\/div>\n\t\t\t\t<\/div>\n\t\t\t\t<div class=\"elementor-element elementor-element-378bf9b elementor-widget elementor-widget-text-editor\" data-id=\"378bf9b\" data-element_type=\"widget\" data-settings=\"{&quot;ekit_we_effect_on&quot;:&quot;none&quot;}\" data-widget_type=\"text-editor.default\">\n\t\t\t\t<div class=\"elementor-widget-container\">\n\t\t\t\t\t\t\t<p>La cavea \u00e9tait subdivis\u00e9e par le bas en un premier secteur de si\u00e8ges (podium) comprenant quatre grands gradins de marbre sur lesquels reposaient les si\u00e8ges mobiles des s\u00e9nateurs ; un second secteur, le maenianum primum, \u00e9tait constitu\u00e9 de huit marches de marbre ; le maenianum secundum, le plus grand secteur, \u00e9tait divis\u00e9 en imum et summum et \u00e9tait r\u00e9serv\u00e9 \u00e0 l'ordre \u00e9questre ; le maenianum summum in ligneis \u00e9tait situ\u00e9 dans la partie la plus haute, juste en dessous du velarium, et comportait 11 marches en bois au-dessous d'une colonnade. Des couloirs elliptiques appel\u00e9s praecinctiones s\u00e9paraient les diff\u00e9rents secteurs de si\u00e8ges : la praecinctio qui distinguait le maenianum inf\u00e9rieur du maenianum sup\u00e9rieur formait une haute \u00e9l\u00e9vation articul\u00e9e en portes, vomitoria (couloirs pour la sortie de la foule) et niches.<\/p>\t\t\t\t\t\t<\/div>\n\t\t\t\t<\/div>\n\t\t\t\t<div class=\"elementor-element elementor-element-b25ef14 elementor-widget elementor-widget-heading\" data-id=\"b25ef14\" data-element_type=\"widget\" data-settings=\"{&quot;ekit_we_effect_on&quot;:&quot;none&quot;}\" data-widget_type=\"heading.default\">\n\t\t\t\t<div class=\"elementor-widget-container\">\n\t\t\t<h4 class=\"elementor-heading-title elementor-size-default\">Combien de personnes le Colis\u00e9e de Rome pouvait-il contenir ?<\/h4>\t\t<\/div>\n\t\t\t\t<\/div>\n\t\t\t\t<div class=\"elementor-element elementor-element-9dfaf83 elementor-widget elementor-widget-text-editor\" data-id=\"9dfaf83\" data-element_type=\"widget\" data-settings=\"{&quot;ekit_we_effect_on&quot;:&quot;none&quot;}\" data-widget_type=\"text-editor.default\">\n\t\t\t\t<div class=\"elementor-widget-container\">\n\t\t\t\t\t\t\t<p>On a calcul\u00e9 que l'amphith\u00e9\u00e2tre pouvait accueillir environ 55 000 spectateurs, dont 50 000 assis et 5 000 debout dans la partie la plus haute. Autour de l'ar\u00e8ne s'\u00e9tendait une galerie dont seul le mur du fond avec ses 24 niches est conserv\u00e9 et qui communiquait avec le parterre des jeux par des portes utilis\u00e9es par le personnel de service. Une petite partie de la galerie de service a \u00e9t\u00e9 reconstruite au XIXe si\u00e8cle le long du versant sud, afin de souligner la pr\u00e9sence du cryptoportique imp\u00e9rial qui, \u00e0 cet endroit, atteignait la sc\u00e8ne pour l'empereur.<\/p><p>L'acc\u00e8s \u00e0 l'amphith\u00e9\u00e2tre \u00e9tait gratuit mais r\u00e9glement\u00e9 selon un crit\u00e8re hi\u00e9rarchique pr\u00e9cis : les meilleures places autour de l'ar\u00e8ne \u00e9taient r\u00e9serv\u00e9es aux s\u00e9nateurs, tandis que les moins bonnes, plus hautes et plus \u00e9loign\u00e9es, avec une visibilit\u00e9 r\u00e9duite, \u00e9taient r\u00e9serv\u00e9es \u00e0 la pl\u00e8be et se trouvaient dans le maenianum summum in ligneis.<\/p><p>Les entr\u00e9es \u00e9taient num\u00e9rot\u00e9es : certains num\u00e9ros sont encore visibles sur le sommet des arcs de l'anneau ext\u00e9rieur, le long du c\u00f4t\u00e9 nord intact. Sur le sommet des arcades int\u00e9rieures \u00e9taient peintes d'autres indications qui permettaient aux spectateurs de trouver facilement leur place : les m\u00eames indications \u00e9taient inscrites sur la carte personnelle que chaque citoyen poss\u00e9dait. Seules les entr\u00e9es situ\u00e9es aux extr\u00e9mit\u00e9s des axes majeurs et mineurs n'\u00e9taient pas num\u00e9rot\u00e9es car elles \u00e9taient r\u00e9serv\u00e9es aux autorit\u00e9s et aux gladiateurs.<\/p><p>Au Colis\u00e9e, outre les combats de gladiateurs (munera) et les spectacles de chasse (venationes), des ex\u00e9cutions de condamn\u00e9s \u00e0 mort (noxii) avaient lieu, ce qui, pour les Romains, avait une grande valeur \u00e9ducative en tant qu'avertissement \u00e0 adh\u00e9rer \u00e0 un comportement socialement correct. Les ex\u00e9cutions publiques sont devenues plus fr\u00e9quentes au Bas-Empire, lorsque certains types de torture tels que la potence et la crucifixion ont disparu, tandis que le b\u00fbcher et la d\u00e9capitation ont surv\u00e9cu.<\/p>\t\t\t\t\t\t<\/div>\n\t\t\t\t<\/div>\n\t\t\t\t<div class=\"elementor-element elementor-element-76b51ab elementor-widget elementor-widget-heading\" data-id=\"76b51ab\" data-element_type=\"widget\" data-settings=\"{&quot;ekit_we_effect_on&quot;:&quot;none&quot;}\" data-widget_type=\"heading.default\">\n\t\t\t\t<div class=\"elementor-widget-container\">\n\t\t\t<h4 class=\"elementor-heading-title elementor-size-default\">Le donjon des gladiateurs<\/h4>\t\t<\/div>\n\t\t\t\t<\/div>\n\t\t\t\t<div class=\"elementor-element elementor-element-c7220c5 elementor-widget elementor-widget-text-editor\" data-id=\"c7220c5\" data-element_type=\"widget\" data-settings=\"{&quot;ekit_we_effect_on&quot;:&quot;none&quot;}\" data-widget_type=\"text-editor.default\">\n\t\t\t\t<div class=\"elementor-widget-container\">\n\t\t\t\t\t\t\t<p>Le sol sur lequel se d\u00e9roulaient les spectacles, l'ar\u00e8ne, cachait compl\u00e8tement \u00e0 la vue des spectateurs les salles souterraines o\u00f9 se d\u00e9roulaient toutes les activit\u00e9s li\u00e9es \u00e0 la mise en sc\u00e8ne des jeux. L'ar\u00e8ne \u00e9tait saupoudr\u00e9e de sable (d'o\u00f9 le nom d'\"ar\u00e8ne\"), utile \u00e0 la fois pour \u00e9viter de glisser et pour absorber le sang abondant provenant de la mise \u00e0 mort des grands animaux. Les souterrains du Colis\u00e9e ont \u00e9t\u00e9 ouverts de 80 \u00e0 508 apr\u00e8s J.-C., date \u00e0 laquelle ils ont \u00e9t\u00e9 enti\u00e8rement remplis de terre. Les murs visibles aujourd'hui sont le r\u00e9sultat d'une s\u00e9rie de modifications structurelles, pas toujours faciles \u00e0 comprendre, dues \u00e0 la fois \u00e0 des restaurations et \u00e0 des changements sc\u00e9nographiques. Les sous-sols abritaient les monte-charges (au nombre de 80) qui permettaient de communiquer avec le sol de l'ar\u00e8ne et de sortir rapidement les hommes, les animaux, les d\u00e9cors et les mat\u00e9riaux n\u00e9cessaires aux jeux. La diff\u00e9rence de hauteur entre le sol des donjons et le premier ordre \u00e9tait de 6 m\u00e8tres. L'espace elliptique des donjons est divis\u00e9 en quatre secteurs sym\u00e9triques d\u00e9limit\u00e9s par deux couloirs principaux situ\u00e9s le long des axes principaux, qui se croisent \u00e0 angle droit. Les murs en tuf, sur lesquels sont visibles les rainures pour l'insertion des poutres et les guides \u00e0 rainures verticales pour les palans, datent de la phase de construction initiale de l'\u00e9poque domitienne. Lors des fouilles effectu\u00e9es entre 1874 et 1875, de nombreux \u00e9l\u00e9ments en bois relatifs aux m\u00e9canismes de levage ont \u00e9t\u00e9 d\u00e9couverts, et m\u00eame un plancher en bois entier, retrouv\u00e9 intact dans le couloir central, encore en place peut-\u00eatre pour isoler le sol des remont\u00e9es d'eau.<\/p>\t\t\t\t\t\t<\/div>\n\t\t\t\t<\/div>\n\t\t\t\t<div class=\"elementor-element elementor-element-c77714e elementor-widget elementor-widget-heading\" data-id=\"c77714e\" data-element_type=\"widget\" data-settings=\"{&quot;ekit_we_effect_on&quot;:&quot;none&quot;}\" data-widget_type=\"heading.default\">\n\t\t\t\t<div class=\"elementor-widget-container\">\n\t\t\t<h4 class=\"elementor-heading-title elementor-size-default\">B\u00e2timents desservant l'amphith\u00e9\u00e2tre<\/h4>\t\t<\/div>\n\t\t\t\t<\/div>\n\t\t\t\t<div class=\"elementor-element elementor-element-1e25503 elementor-widget elementor-widget-text-editor\" data-id=\"1e25503\" data-element_type=\"widget\" data-settings=\"{&quot;ekit_we_effect_on&quot;:&quot;none&quot;}\" data-widget_type=\"text-editor.default\">\n\t\t\t\t<div class=\"elementor-widget-container\">\n\t\t\t\t\t\t\t<p>La construction de l'amphith\u00e9\u00e2tre a \u00e9galement entra\u00een\u00e9 la construction simultan\u00e9e d'une s\u00e9rie de b\u00e2timents de service, tous datant de Domitien (81-96 ap. J.-C.).) : les quatre Ludi, ou gymnases pour l'entra\u00eenement des gladiateurs et des venatores (le Ludus Magnus au d\u00e9but de la Via Labicana est bien conserv\u00e9), les casernes pour les marins de la flotte du Cap Misenum (Castra Misenatium) charg\u00e9s de man\u0153uvrer le velarium, le Summum Choragium, ou entrep\u00f4t des d\u00e9cors, et l'Armamentaria, l'entrep\u00f4t des armes des gladiateurs. Il y avait aussi le Saniarium, premier soin pour les bless\u00e9s qui pouvaient \u00eatre soign\u00e9s sur place, et le Spoliarium, o\u00f9 l'on d\u00e9shabillait les corps des gladiateurs tu\u00e9s et o\u00f9 l'on r\u00e9cup\u00e9rait les armures.<\/p>\t\t\t\t\t\t<\/div>\n\t\t\t\t<\/div>\n\t\t\t\t\t<\/div>\n\t\t<\/div>\n\t\t\t\t\t<\/div>\n\t\t<\/section>\n\t\t\t\t<\/div>","protected":false},"excerpt":{"rendered":"<p>Archittetura del Colosseo Il Colosseo \u00e8 alto 52 metri. L&#8217;asse minore di 156 metri. L&#8217;asse maggiore di 188 metri. L&#8217;arena ha una superficie di 3357 metri quadrati. Le caratteristiche del Colosseo La struttura \u00e8 articolata all&#8217;esterno in quattro ordini, corrispondenti all&#8217;interno a cinque settori di posti a sedere costituenti la cavea. La struttura portante \u00e8 [&hellip;]<\/p>","protected":false},"author":1,"featured_media":0,"parent":528,"menu_order":3,"comment_status":"closed","ping_status":"closed","template":"","meta":{"site-sidebar-layout":"no-sidebar","site-content-layout":"page-builder","ast-site-content-layout":"full-width-container","site-content-style":"unboxed","site-sidebar-style":"unboxed","ast-global-header-display":"","ast-banner-title-visibility":"","ast-main-header-display":"","ast-hfb-above-header-display":"","ast-hfb-below-header-display":"","ast-hfb-mobile-header-display":"","site-post-title":"disabled","ast-breadcrumbs-content":"","ast-featured-img":"disabled","footer-sml-layout":"","ast-disable-related-posts":"","theme-transparent-header-meta":"default","adv-header-id-meta":"","stick-header-meta":"","header-above-stick-meta":"","header-main-stick-meta":"","header-below-stick-meta":"","astra-migrate-meta-layouts":"set","ast-page-background-enabled":"default","ast-page-background-meta":{"desktop":{"background-color":"var(--ast-global-color-4)","background-image":"","background-repeat":"repeat","background-position":"center center","background-size":"auto","background-attachment":"scroll","background-type":"","background-media":"","overlay-type":"","overlay-color":"","overlay-opacity":"","overlay-gradient":""},"tablet":{"background-color":"","background-image":"","background-repeat":"repeat","background-position":"center center","background-size":"auto","background-attachment":"scroll","background-type":"","background-media":"","overlay-type":"","overlay-color":"","overlay-opacity":"","overlay-gradient":""},"mobile":{"background-color":"","background-image":"","background-repeat":"repeat","background-position":"center center","background-size":"auto","background-attachment":"scroll","background-type":"","background-media":"","overlay-type":"","overlay-color":"","overlay-opacity":"","overlay-gradient":""}},"ast-content-background-meta":{"desktop":{"background-color":"var(--ast-global-color-5)","background-image":"","background-repeat":"repeat","background-position":"center center","background-size":"auto","background-attachment":"scroll","background-type":"","background-media":"","overlay-type":"","overlay-color":"","overlay-opacity":"","overlay-gradient":""},"tablet":{"background-color":"var(--ast-global-color-5)","background-image":"","background-repeat":"repeat","background-position":"center center","background-size":"auto","background-attachment":"scroll","background-type":"","background-media":"","overlay-type":"","overlay-color":"","overlay-opacity":"","overlay-gradient":""},"mobile":{"background-color":"var(--ast-global-color-5)","background-image":"","background-repeat":"repeat","background-position":"center center","background-size":"auto","background-attachment":"scroll","background-type":"","background-media":"","overlay-type":"","overlay-color":"","overlay-opacity":"","overlay-gradient":""}},"iawp_total_views":4299,"footnotes":""},"class_list":["post-540","page","type-page","status-publish","hentry"],"_links":{"self":[{"href":"https:\/\/colosseo-roma.it\/fr\/wp-json\/wp\/v2\/pages\/540","targetHints":{"allow":["GET"]}}],"collection":[{"href":"https:\/\/colosseo-roma.it\/fr\/wp-json\/wp\/v2\/pages"}],"about":[{"href":"https:\/\/colosseo-roma.it\/fr\/wp-json\/wp\/v2\/types\/page"}],"author":[{"embeddable":true,"href":"https:\/\/colosseo-roma.it\/fr\/wp-json\/wp\/v2\/users\/1"}],"replies":[{"embeddable":true,"href":"https:\/\/colosseo-roma.it\/fr\/wp-json\/wp\/v2\/comments?post=540"}],"version-history":[{"count":0,"href":"https:\/\/colosseo-roma.it\/fr\/wp-json\/wp\/v2\/pages\/540\/revisions"}],"up":[{"embeddable":true,"href":"https:\/\/colosseo-roma.it\/fr\/wp-json\/wp\/v2\/pages\/528"}],"wp:attachment":[{"href":"https:\/\/colosseo-roma.it\/fr\/wp-json\/wp\/v2\/media?parent=540"}],"curies":[{"name":"wp","href":"https:\/\/api.w.org\/{rel}","templated":true}]}}