{"id":541,"date":"2023-03-28T09:18:49","date_gmt":"2023-03-28T08:18:49","guid":{"rendered":"https:\/\/wordpress-1074717-3818660.cloudwaysapps.com\/?page_id=541"},"modified":"2026-01-26T17:11:26","modified_gmt":"2026-01-26T16:11:26","slug":"lhistoire","status":"publish","type":"page","link":"https:\/\/colosseo-roma.it\/fr\/explorer\/colisee\/lhistoire\/","title":{"rendered":"L'histoire"},"content":{"rendered":"<div data-elementor-type=\"wp-page\" data-elementor-id=\"541\" class=\"elementor elementor-541\" data-elementor-post-type=\"page\">\n\t\t\t\t\t\t<section class=\"elementor-section elementor-top-section elementor-element elementor-element-2d9a5e1 elementor-section-boxed elementor-section-height-default elementor-section-height-default\" data-id=\"2d9a5e1\" data-element_type=\"section\" data-settings=\"{&quot;jet_parallax_layout_list&quot;:[],&quot;ekit_has_onepagescroll_dot&quot;:&quot;yes&quot;}\">\n\t\t\t\t\t\t<div class=\"elementor-container elementor-column-gap-default\">\n\t\t\t\t\t<div class=\"elementor-column elementor-col-100 elementor-top-column elementor-element elementor-element-6e78c0a\" data-id=\"6e78c0a\" data-element_type=\"column\" data-settings=\"{&quot;background_background&quot;:&quot;classic&quot;}\">\n\t\t\t<div class=\"elementor-widget-wrap elementor-element-populated\">\n\t\t\t\t\t\t<div class=\"elementor-element elementor-element-d6843ff elementor-widget elementor-widget-heading\" data-id=\"d6843ff\" data-element_type=\"widget\" data-settings=\"{&quot;ekit_we_effect_on&quot;:&quot;none&quot;}\" data-widget_type=\"heading.default\">\n\t\t\t\t<div class=\"elementor-widget-container\">\n\t\t\t<h1 class=\"elementor-heading-title elementor-size-default\">L'histoire du Colis\u00e9e<\/h1>\t\t<\/div>\n\t\t\t\t<\/div>\n\t\t\t\t<div class=\"elementor-element elementor-element-a0dcb53 elementor-widget elementor-widget-text-editor\" data-id=\"a0dcb53\" data-element_type=\"widget\" data-settings=\"{&quot;ekit_we_effect_on&quot;:&quot;none&quot;}\" data-widget_type=\"text-editor.default\">\n\t\t\t\t<div class=\"elementor-widget-container\">\n\t\t\t\t\t\t\t<p style=\"text-align: center;\">Sur l'histoire de la <strong>Colis\u00e9e<\/strong> Au fil des si\u00e8cles, de la construction \u00e0 la destruction, il y a beaucoup \u00e0 dire. Une longue p\u00e9riode historique, au cours de laquelle le Colis\u00e9e a \u00e9t\u00e9 utilis\u00e9 et restaur\u00e9 maintes et maintes fois, de diff\u00e9rentes mani\u00e8res, avec diff\u00e9rentes m\u00e9thodes. Les histoires du Colis\u00e9e, en effet, sont multiples et marquent les diff\u00e9rentes p\u00e9riodes de l'histoire de l'Europe. <strong>La Rome antique.<\/strong> Bref, ce magnifique amphith\u00e9\u00e2tre a vu et subi toutes sortes de choses et continue de le faire ! Parce qu'il est toujours debout, le Colis\u00e9e appartient aussi \u00e0 l'\u00e8re moderne.<\/p><p style=\"text-align: center;\">Le Colis\u00e9e est toujours reconnu par le monde entier comme un symbole de Rome. Les anciens Romains l'appelaient<em><strong>Amphitheatrum Flavium\".<\/strong><\/em> Il doit son nom \u00e0 la famille imp\u00e9riale des Flaviens sous laquelle les travaux de construction ont commenc\u00e9 et se sont achev\u00e9s. En 72 apr\u00e8s J.-C., l'empereur Vespasien commen\u00e7a les travaux, qui furent achev\u00e9s en 80 apr\u00e8s J.-C. par son fils Titus. \u00c0 la fin des travaux, l'inauguration fut c\u00e9l\u00e9br\u00e9e par des jeux et des combats extraordinaires qui dur\u00e8rent 100 jours.<\/p><p style=\"text-align: center;\">Ces quelques informations nous donnent un bref aper\u00e7u de l'histoire du Colis\u00e9e, mais son histoire est bien plus complexe et fascinante. Construit pour \u00eatre le plus grand amphith\u00e9\u00e2tre jamais construit, le Colis\u00e9e repr\u00e9sentait la puissance et la grandeur de l'Empire romain.<strong>Empire romain<\/strong>devenant non seulement un lieu de divertissement, mais aussi un outil politique pour affirmer le contr\u00f4le et l'autorit\u00e9 des empereurs romains.<\/p>\t\t\t\t\t\t<\/div>\n\t\t\t\t<\/div>\n\t\t\t\t<div class=\"elementor-element elementor-element-32a6686 elementor-widget elementor-widget-jet-timeline\" data-id=\"32a6686\" data-element_type=\"widget\" data-settings=\"{&quot;ekit_we_effect_on&quot;:&quot;none&quot;}\" data-widget_type=\"jet-timeline.default\">\n\t\t\t\t<div class=\"elementor-widget-container\">\n\t\t\t<div class=\"elementor-jet-timeline jet-elements\"><div class=\"jet-timeline jet-timeline--align-center jet-timeline--align-middle\">\n\t<div class=\"jet-timeline__line\"><div class=\"jet-timeline__line-progress\"><\/div><\/div>\n\t<div class=\"jet-timeline-list\"><div class=\"jet-timeline-item  elementor-repeater-item-fd1235f jet-timeline-item--image-inside\">\n\t<div class=\"timeline-item__card\">\n\t\t<div class=\"timeline-item__card-inner\">\n\t\t\t\t\t\t\t\t<div class=\"timeline-item__card-content\">\n\t\t\t\t\t<div class=\"timeline-item__meta\"><div class=\"timeline-item__meta-content\">La construction et l'\u00e2ge d'or<\/div><\/div><h5 class=\"timeline-item__card-title\"> Rome antique, p\u00e9riode flavienne (72-80 apr\u00e8s J.-C.)<\/h5><div class=\"timeline-item__card-desc\">L'id\u00e9e de construire un amphith\u00e9\u00e2tre aussi imposant au c\u0153ur de Rome est n\u00e9e sous le r\u00e8gne de Vespasien, premier empereur de la dynastie flavienne. La d\u00e9cision de le construire au-dessus du lac artificiel de la Domus Aurea, la luxueuse villa de N\u00e9ron, \u00e9tait symbolique : une fa\u00e7on de rendre au peuple romain les terres qui lui avaient \u00e9t\u00e9 enlev\u00e9es par le tyran pr\u00e9c\u00e9dent et de s'attirer les faveurs des masses. Sa construction repr\u00e9sentait l'une des plus grandes \u0153uvres architecturales de l'Antiquit\u00e9, r\u00e9alis\u00e9e avec l'emploi de milliers d'esclaves et d'ouvriers.\n\nL'inauguration de l'amphith\u00e9\u00e2tre fut un \u00e9v\u00e9nement extraordinaire qui refl\u00e9tait la grandeur de Rome. Pour c\u00e9l\u00e9brer l'ouverture du Colis\u00e9e, Titus a organis\u00e9 des jeux et des spectacles qui ont dur\u00e9 100 jours cons\u00e9cutifs, au cours desquels on estime que des milliers d'animaux sauvages et de gladiateurs ont \u00e9t\u00e9 tu\u00e9s. Ces \u00e9v\u00e9nements de masse s'inscrivaient dans le cadre du \"panem et circenses\" (du pain et des jeux), une strat\u00e9gie politique visant \u00e0 distraire et \u00e0 contr\u00f4ler la population romaine.<\/div>\t\t\t\t<\/div>\n\t\t\t\t\t\t<\/div>\n\t\t<div class=\"timeline-item__card-arrow\"><\/div>\n\t<\/div>\n\t<div class=\"timeline-item__point\"><div class=\"timeline-item__point-content timeline-item__point-content--icon\"><span class=\"jet-elements-icon\"><i aria-hidden=\"true\" class=\"fas fa-history\"><\/i><\/span><\/div><\/div><div class=\"timeline-item__meta\"><div class=\"timeline-item__meta-content\">La construction et l'\u00e2ge d'or<\/div><\/div><\/div><div class=\"jet-timeline-item  elementor-repeater-item-c9e98a0 jet-timeline-item--image-inside\">\n\t<div class=\"timeline-item__card\">\n\t\t<div class=\"timeline-item__card-inner\">\n\t\t\t\t\t\t\t\t<div class=\"timeline-item__card-content\">\n\t\t\t\t\t<div class=\"timeline-item__meta\"><div class=\"timeline-item__meta-content\">D\u00e9clin et transformation<\/div><\/div><h5 class=\"timeline-item__card-title\">Le Bas-Empire et le Moyen-\u00c2ge (du Ve au XVe si\u00e8cle)<\/h5><div class=\"timeline-item__card-desc\">Apr\u00e8s la chute de l'Empire romain d'Occident, le Colis\u00e9e a subi de nombreuses transformations. Au cours du Moyen \u00c2ge, l'amphith\u00e9\u00e2tre a cess\u00e9 d'\u00eatre utilis\u00e9 pour des repr\u00e9sentations publiques et a \u00e9t\u00e9 adapt\u00e9 \u00e0 divers usages. Certains des arcs ext\u00e9rieurs ont \u00e9t\u00e9 transform\u00e9s en habitations et en magasins, tandis que l'\u00e9tage inf\u00e9rieur a \u00e9t\u00e9 transform\u00e9 en cimeti\u00e8re.\n\nAu fil des si\u00e8cles, les tremblements de terre, les pillages et les changements d'affectation des b\u00e2timents ont consid\u00e9rablement endommag\u00e9 la structure. Certaines pierres ont \u00e9t\u00e9 enlev\u00e9es et r\u00e9utilis\u00e9es pour construire d'autres \u00e9difices \u00e0 Rome, dont la basilique Saint-Pierre. N\u00e9anmoins, le Colis\u00e9e est rest\u00e9 un symbole de la ville et un t\u00e9moin silencieux de son histoire tumultueuse.\n<\/div>\t\t\t\t<\/div>\n\t\t\t\t\t\t<\/div>\n\t\t<div class=\"timeline-item__card-arrow\"><\/div>\n\t<\/div>\n\t<div class=\"timeline-item__point\"><div class=\"timeline-item__point-content timeline-item__point-content--icon\"><span class=\"jet-elements-icon\"><i aria-hidden=\"true\" class=\"fas fa-history\"><\/i><\/span><\/div><\/div><div class=\"timeline-item__meta\"><div class=\"timeline-item__meta-content\">D\u00e9clin et transformation<\/div><\/div><\/div><div class=\"jet-timeline-item  elementor-repeater-item-1a116c5 jet-timeline-item--image-inside\">\n\t<div class=\"timeline-item__card\">\n\t\t<div class=\"timeline-item__card-inner\">\n\t\t\t\t\t\t\t\t<div class=\"timeline-item__card-content\">\n\t\t\t\t\t<div class=\"timeline-item__meta\"><div class=\"timeline-item__meta-content\">Red\u00e9couverte et renouveau<\/div><\/div><h5 class=\"timeline-item__card-title\">Renaissance et p\u00e9riodes ult\u00e9rieures (du XVIe au XIXe si\u00e8cle)<\/h5><div class=\"timeline-item__card-desc\">\u00c0 la Renaissance, le Colis\u00e9e a \u00e9t\u00e9 red\u00e9couvert comme un symbole du pass\u00e9 glorieux de Rome. Artistes, \u00e9crivains et intellectuels commencent \u00e0 s'int\u00e9resser \u00e0 l'amphith\u00e9\u00e2tre antique, inspir\u00e9s par sa grandeur et son histoire complexe. Au XVIIe si\u00e8cle, l'\u00c9glise catholique a d\u00e9clar\u00e9 le Colis\u00e9e site sacr\u00e9 pour comm\u00e9morer les martyrs chr\u00e9tiens qui, selon la tradition, y avaient \u00e9t\u00e9 tu\u00e9s. Une Via Crucis a \u00e9t\u00e9 construite \u00e0 l'int\u00e9rieur de l'amphith\u00e9\u00e2tre, le transformant en un lieu de culte et de m\u00e9moire.\n\nAux XVIIIe et XIXe si\u00e8cles, le Colis\u00e9e a fait l'objet de plusieurs projets de restauration visant \u00e0 pr\u00e9server sa structure et sa valeur historique. Les efforts de conservation se sont poursuivis tout au long du XXe si\u00e8cle et jusqu'\u00e0 aujourd'hui, permettant au Colis\u00e9e de conserver sa grandeur et son charme, malgr\u00e9 les d\u00e9fis du temps.\n<\/div>\t\t\t\t<\/div>\n\t\t\t\t\t\t<\/div>\n\t\t<div class=\"timeline-item__card-arrow\"><\/div>\n\t<\/div>\n\t<div class=\"timeline-item__point\"><div class=\"timeline-item__point-content timeline-item__point-content--icon\"><span class=\"jet-elements-icon\"><i aria-hidden=\"true\" class=\"fas fa-history\"><\/i><\/span><\/div><\/div><div class=\"timeline-item__meta\"><div class=\"timeline-item__meta-content\">Red\u00e9couverte et renouveau<\/div><\/div><\/div><div class=\"jet-timeline-item  elementor-repeater-item-7ed7f15 jet-timeline-item--image-inside\">\n\t<div class=\"timeline-item__card\">\n\t\t<div class=\"timeline-item__card-inner\">\n\t\t\t\t\t\t\t\t<div class=\"timeline-item__card-content\">\n\t\t\t\t\t<div class=\"timeline-item__meta\"><div class=\"timeline-item__meta-content\">Le Colis\u00e9e aujourd'hui<\/div><\/div><h5 class=\"timeline-item__card-title\">\u00c9poque moderne et contemporaine (20e et 21e si\u00e8cles)<\/h5><div class=\"timeline-item__card-desc\">Aujourd'hui, le Colis\u00e9e est l'un des monuments les plus visit\u00e9s au monde, une ic\u00f4ne de la culture italienne et un symbole de la r\u00e9silience de la ville de Rome. Il continue d'inspirer des millions de personnes chaque ann\u00e9e, gr\u00e2ce \u00e0 sa structure imposante et \u00e0 son histoire fascinante \u00e0 travers les si\u00e8cles. Le Colis\u00e9e est plus qu'un simple site arch\u00e9ologique, c'est un t\u00e9moignage vivant de l'histoire, de la culture et de l'ing\u00e9niosit\u00e9 d'une civilisation qui a marqu\u00e9 le cours de l'humanit\u00e9.\n\nVisiter le Colis\u00e9e, c'est faire un voyage dans le temps, s'immerger dans ses multiples histoires, des splendeurs de la Rome antique aux d\u00e9fis de la modernit\u00e9. Malgr\u00e9 les destructions, les tremblements de terre et les si\u00e8cles d'abandon, cet amphith\u00e9\u00e2tre majestueux est toujours debout, t\u00e9moin silencieux et imposant d'un pass\u00e9 qui se perp\u00e9tue dans le pr\u00e9sent.<\/div>\t\t\t\t<\/div>\n\t\t\t\t\t\t<\/div>\n\t\t<div class=\"timeline-item__card-arrow\"><\/div>\n\t<\/div>\n\t<div class=\"timeline-item__point\"><div class=\"timeline-item__point-content timeline-item__point-content--icon\"><span class=\"jet-elements-icon\"><i aria-hidden=\"true\" class=\"fas fa-history\"><\/i><\/span><\/div><\/div><div class=\"timeline-item__meta\"><div class=\"timeline-item__meta-content\">Le Colis\u00e9e aujourd'hui<\/div><\/div><\/div><\/div><\/div><\/div>\t\t<\/div>\n\t\t\t\t<\/div>\n\t\t\t\t\t<\/div>\n\t\t<\/div>\n\t\t\t\t\t<\/div>\n\t\t<\/section>\n\t\t\t\t<\/div>","protected":false},"excerpt":{"rendered":"<p>L'histoire du Colis\u00e9e Il y a beaucoup \u00e0 dire sur l'histoire du Colis\u00e9e au cours des si\u00e8cles, de sa construction \u00e0 sa destruction. Une longue p\u00e9riode historique au cours de laquelle le Colis\u00e9e a \u00e9t\u00e9 utilis\u00e9 et restaur\u00e9 de nombreuses fois, de diff\u00e9rentes mani\u00e8res, avec diff\u00e9rentes m\u00e9thodes. Les histoires du Colis\u00e9e sont en effet multiples et marquent les diff\u00e9rentes p\u00e9riodes de la [...]<\/p>","protected":false},"author":1,"featured_media":0,"parent":528,"menu_order":4,"comment_status":"closed","ping_status":"closed","template":"","meta":{"site-sidebar-layout":"no-sidebar","site-content-layout":"page-builder","ast-site-content-layout":"full-width-container","site-content-style":"unboxed","site-sidebar-style":"unboxed","ast-global-header-display":"","ast-banner-title-visibility":"","ast-main-header-display":"","ast-hfb-above-header-display":"","ast-hfb-below-header-display":"","ast-hfb-mobile-header-display":"","site-post-title":"disabled","ast-breadcrumbs-content":"","ast-featured-img":"disabled","footer-sml-layout":"","ast-disable-related-posts":"","theme-transparent-header-meta":"default","adv-header-id-meta":"","stick-header-meta":"","header-above-stick-meta":"","header-main-stick-meta":"","header-below-stick-meta":"","astra-migrate-meta-layouts":"set","ast-page-background-enabled":"default","ast-page-background-meta":{"desktop":{"background-color":"var(--ast-global-color-4)","background-image":"","background-repeat":"repeat","background-position":"center center","background-size":"auto","background-attachment":"scroll","background-type":"","background-media":"","overlay-type":"","overlay-color":"","overlay-opacity":"","overlay-gradient":""},"tablet":{"background-color":"","background-image":"","background-repeat":"repeat","background-position":"center center","background-size":"auto","background-attachment":"scroll","background-type":"","background-media":"","overlay-type":"","overlay-color":"","overlay-opacity":"","overlay-gradient":""},"mobile":{"background-color":"","background-image":"","background-repeat":"repeat","background-position":"center center","background-size":"auto","background-attachment":"scroll","background-type":"","background-media":"","overlay-type":"","overlay-color":"","overlay-opacity":"","overlay-gradient":""}},"ast-content-background-meta":{"desktop":{"background-color":"var(--ast-global-color-5)","background-image":"","background-repeat":"repeat","background-position":"center center","background-size":"auto","background-attachment":"scroll","background-type":"","background-media":"","overlay-type":"","overlay-color":"","overlay-opacity":"","overlay-gradient":""},"tablet":{"background-color":"var(--ast-global-color-5)","background-image":"","background-repeat":"repeat","background-position":"center center","background-size":"auto","background-attachment":"scroll","background-type":"","background-media":"","overlay-type":"","overlay-color":"","overlay-opacity":"","overlay-gradient":""},"mobile":{"background-color":"var(--ast-global-color-5)","background-image":"","background-repeat":"repeat","background-position":"center center","background-size":"auto","background-attachment":"scroll","background-type":"","background-media":"","overlay-type":"","overlay-color":"","overlay-opacity":"","overlay-gradient":""}},"iawp_total_views":5003,"footnotes":""},"class_list":["post-541","page","type-page","status-publish","hentry"],"_links":{"self":[{"href":"https:\/\/colosseo-roma.it\/fr\/wp-json\/wp\/v2\/pages\/541","targetHints":{"allow":["GET"]}}],"collection":[{"href":"https:\/\/colosseo-roma.it\/fr\/wp-json\/wp\/v2\/pages"}],"about":[{"href":"https:\/\/colosseo-roma.it\/fr\/wp-json\/wp\/v2\/types\/page"}],"author":[{"embeddable":true,"href":"https:\/\/colosseo-roma.it\/fr\/wp-json\/wp\/v2\/users\/1"}],"replies":[{"embeddable":true,"href":"https:\/\/colosseo-roma.it\/fr\/wp-json\/wp\/v2\/comments?post=541"}],"version-history":[{"count":0,"href":"https:\/\/colosseo-roma.it\/fr\/wp-json\/wp\/v2\/pages\/541\/revisions"}],"up":[{"embeddable":true,"href":"https:\/\/colosseo-roma.it\/fr\/wp-json\/wp\/v2\/pages\/528"}],"wp:attachment":[{"href":"https:\/\/colosseo-roma.it\/fr\/wp-json\/wp\/v2\/media?parent=541"}],"curies":[{"name":"wp","href":"https:\/\/api.w.org\/{rel}","templated":true}]}}