{"id":551,"date":"2023-03-28T09:21:21","date_gmt":"2023-03-28T08:21:21","guid":{"rendered":"https:\/\/wordpress-1074717-3818660.cloudwaysapps.com\/?page_id=551"},"modified":"2026-01-26T16:51:32","modified_gmt":"2026-01-26T15:51:32","slug":"musee-palatin","status":"publish","type":"page","link":"https:\/\/colosseo-roma.it\/fr\/explorer\/musee-palatin\/","title":{"rendered":"Mus\u00e9e Palatin"},"content":{"rendered":"<div data-elementor-type=\"wp-page\" data-elementor-id=\"551\" class=\"elementor elementor-551\" data-elementor-post-type=\"page\">\n\t\t\t\t\t\t<section class=\"elementor-section elementor-top-section elementor-element elementor-element-19ebf5d elementor-section-boxed elementor-section-height-default elementor-section-height-default\" data-id=\"19ebf5d\" data-element_type=\"section\" data-settings=\"{&quot;jet_parallax_layout_list&quot;:[],&quot;ekit_has_onepagescroll_dot&quot;:&quot;yes&quot;}\">\n\t\t\t\t\t\t<div class=\"elementor-container elementor-column-gap-default\">\n\t\t\t\t\t<div class=\"elementor-column elementor-col-100 elementor-top-column elementor-element elementor-element-a5b5be8\" data-id=\"a5b5be8\" data-element_type=\"column\" data-settings=\"{&quot;background_background&quot;:&quot;classic&quot;}\">\n\t\t\t<div class=\"elementor-widget-wrap elementor-element-populated\">\n\t\t\t\t\t\t<div class=\"elementor-element elementor-element-3e68570 elementor-widget elementor-widget-heading\" data-id=\"3e68570\" data-element_type=\"widget\" data-settings=\"{&quot;ekit_we_effect_on&quot;:&quot;none&quot;}\" data-widget_type=\"heading.default\">\n\t\t\t\t<div class=\"elementor-widget-container\">\n\t\t\t<h1 class=\"elementor-heading-title elementor-size-default\">Mus\u00e9e Palatin<\/h1>\t\t<\/div>\n\t\t\t\t<\/div>\n\t\t\t\t<div class=\"elementor-element elementor-element-8ed7262 elementor-widget elementor-widget-heading\" data-id=\"8ed7262\" data-element_type=\"widget\" data-settings=\"{&quot;ekit_we_effect_on&quot;:&quot;none&quot;}\" data-widget_type=\"heading.default\">\n\t\t\t\t<div class=\"elementor-widget-container\">\n\t\t\t<h4 class=\"elementor-heading-title elementor-size-default\">Visite du mus\u00e9e Palatin<\/h4>\t\t<\/div>\n\t\t\t\t<\/div>\n\t\t\t\t<div class=\"elementor-element elementor-element-3d53991 elementor-widget elementor-widget-text-editor\" data-id=\"3d53991\" data-element_type=\"widget\" data-settings=\"{&quot;ekit_we_effect_on&quot;:&quot;none&quot;}\" data-widget_type=\"text-editor.default\">\n\t\t\t\t<div class=\"elementor-widget-container\">\n\t\t\t\t\t\t\t<p>Le mus\u00e9e du Palatin, situ\u00e9 dans l'ancien couvent des moniales de la Visitation, est l'un des mus\u00e9es les plus importants et les plus impressionnants de Rome. Construit au sommet de la colline du Palatin, le mus\u00e9e abrite de nombreuses pi\u00e8ces arch\u00e9ologiques qui racontent l'histoire de la ville, des origines de Rome \u00e0 l'av\u00e8nement du Principat.<\/p>\t\t\t\t\t\t<\/div>\n\t\t\t\t<\/div>\n\t\t\t\t<div class=\"elementor-element elementor-element-5af4a50 elementor-widget elementor-widget-text-editor\" data-id=\"5af4a50\" data-element_type=\"widget\" data-settings=\"{&quot;ekit_we_effect_on&quot;:&quot;none&quot;}\" data-widget_type=\"text-editor.default\">\n\t\t\t\t<div class=\"elementor-widget-container\">\n\t\t\t\t\t\t\t<p>Le mus\u00e9e s'\u00e9tend sur deux \u00e9tages : au rez-de-chauss\u00e9e se trouvent les salles qui conservent les structures originales de la domus pr\u00e9existante, o\u00f9 l'on raconte l'histoire de la colline du Palatin. Au premier \u00e9tage, en revanche, on peut admirer de nombreuses pi\u00e8ces, notamment des objets datant de l'\u00e9poque d'Auguste, l'empereur qui a \u00e9t\u00e9 le premier \u00e0 modifier l'aspect du Palatin, ainsi que des mosa\u00efques et des peintures pr\u00e9cieuses provenant de la Domus Transitoria de N\u00e9ron.<\/p><p>Le mus\u00e9e a \u00e9t\u00e9 cr\u00e9\u00e9 en 1868 sur les vestiges du palais de Domitien et, dans les ann\u00e9es 1930, l'arch\u00e9ologue Alfonso Bartoli a cr\u00e9\u00e9 le nouvel Antiquarium Palatin. Gr\u00e2ce \u00e0 ses initiatives, le mus\u00e9e a \u00e9t\u00e9 r\u00e9am\u00e9nag\u00e9 et am\u00e9lior\u00e9, notamment gr\u00e2ce \u00e0 des installations multim\u00e9dias, \u00e0 l'occasion du bimill\u00e9naire d'Auguste.<\/p><p>Pendant la Seconde Guerre mondiale, une grande partie du mat\u00e9riel trouv\u00e9 lors des nombreuses fouilles effectu\u00e9es sur le Palatin depuis la seconde moiti\u00e9 du XIXe si\u00e8cle a \u00e9t\u00e9 transf\u00e9r\u00e9e au Mus\u00e9e des Thermes de Diocl\u00e9tien. Seule une petite partie de la collection est finalement retourn\u00e9e au Palatin apr\u00e8s le conflit.<\/p><p>Pour ceux qui veulent conna\u00eetre l'histoire de Rome et du Palatin, le mus\u00e9e offre une visite tr\u00e8s int\u00e9ressante et passionnante. La beaut\u00e9 des objets expos\u00e9s et l'emplacement suggestif du mus\u00e9e rendent l'exp\u00e9rience de visite extr\u00eamement attrayante et captivante.<\/p>\t\t\t\t\t\t<\/div>\n\t\t\t\t<\/div>\n\t\t\t\t<div class=\"elementor-element elementor-element-2187982 elementor-widget elementor-widget-heading\" data-id=\"2187982\" data-element_type=\"widget\" data-settings=\"{&quot;ekit_we_effect_on&quot;:&quot;none&quot;}\" data-widget_type=\"heading.default\">\n\t\t\t\t<div class=\"elementor-widget-container\">\n\t\t\t<h5 class=\"elementor-heading-title elementor-size-default\">Heures d'ouverture du mus\u00e9e Palatine :<\/h5>\t\t<\/div>\n\t\t\t\t<\/div>\n\t\t\t\t<div class=\"elementor-element elementor-element-0d1a3ce elementor-widget elementor-widget-text-editor\" data-id=\"0d1a3ce\" data-element_type=\"widget\" data-settings=\"{&quot;ekit_we_effect_on&quot;:&quot;none&quot;}\" data-widget_type=\"text-editor.default\">\n\t\t\t\t<div class=\"elementor-widget-container\">\n\t\t\t\t\t\t\t<p>Le mus\u00e9e est ouvert de 9h30 \u00e0 15h30. Derni\u00e8re admission \u00e0 15 heures.<\/p>\t\t\t\t\t\t<\/div>\n\t\t\t\t<\/div>\n\t\t\t\t<div class=\"elementor-element elementor-element-521910f elementor-widget elementor-widget-heading\" data-id=\"521910f\" data-element_type=\"widget\" data-settings=\"{&quot;ekit_we_effect_on&quot;:&quot;none&quot;}\" data-widget_type=\"heading.default\">\n\t\t\t\t<div class=\"elementor-widget-container\">\n\t\t\t<h5 class=\"elementor-heading-title elementor-size-default\">Comment se rendre au Mus\u00e9e Palatin :<\/h5>\t\t<\/div>\n\t\t\t\t<\/div>\n\t\t\t\t<div class=\"elementor-element elementor-element-089a9ea elementor-widget elementor-widget-text-editor\" data-id=\"089a9ea\" data-element_type=\"widget\" data-settings=\"{&quot;ekit_we_effect_on&quot;:&quot;none&quot;}\" data-widget_type=\"text-editor.default\">\n\t\t\t\t<div class=\"elementor-widget-container\">\n\t\t\t\t\t\t\t<p>M\u00e9tro : Ligne B arr\u00eat Colosseo<\/p><p>Bus : n\u00b0 75, 81, 87, 673, 175, 204<\/p><p>Tramway : n\u00b0 3<\/p>\t\t\t\t\t\t<\/div>\n\t\t\t\t<\/div>\n\t\t\t\t<div class=\"elementor-element elementor-element-af008be elementor-widget elementor-widget-heading\" data-id=\"af008be\" data-element_type=\"widget\" data-settings=\"{&quot;ekit_we_effect_on&quot;:&quot;none&quot;}\" data-widget_type=\"heading.default\">\n\t\t\t\t<div class=\"elementor-widget-container\">\n\t\t\t<h5 class=\"elementor-heading-title elementor-size-default\">Comment s'y rendre :<\/h5>\t\t<\/div>\n\t\t\t\t<\/div>\n\t\t\t\t<div class=\"elementor-element elementor-element-fa104ab elementor-widget elementor-widget-text-editor\" data-id=\"fa104ab\" data-element_type=\"widget\" data-settings=\"{&quot;ekit_we_effect_on&quot;:&quot;none&quot;}\" data-widget_type=\"text-editor.default\">\n\t\t\t\t<div class=\"elementor-widget-container\">\n\t\t\t\t\t\t\t<p>-Tram : n\u00b0 3<\/p><p>-M\u00e9tro : Ligne B arr\u00eat Colosseo<\/p><p>-Bus : No. 51, 75, 81, 85, 87, 118<\/p>\t\t\t\t\t\t<\/div>\n\t\t\t\t<\/div>\n\t\t\t\t<div class=\"elementor-element elementor-element-79a3ab9 elementor-widget elementor-widget-spacer\" data-id=\"79a3ab9\" data-element_type=\"widget\" data-settings=\"{&quot;ekit_we_effect_on&quot;:&quot;none&quot;}\" data-widget_type=\"spacer.default\">\n\t\t\t\t<div class=\"elementor-widget-container\">\n\t\t\t\t\t<div class=\"elementor-spacer\">\n\t\t\t<div class=\"elementor-spacer-inner\"><\/div>\n\t\t<\/div>\n\t\t\t\t<\/div>\n\t\t\t\t<\/div>\n\t\t\t\t<div class=\"elementor-element elementor-element-7aa5fc7 elementor-widget elementor-widget-heading\" data-id=\"7aa5fc7\" data-element_type=\"widget\" data-settings=\"{&quot;ekit_we_effect_on&quot;:&quot;none&quot;}\" data-widget_type=\"heading.default\">\n\t\t\t\t<div class=\"elementor-widget-container\">\n\t\t\t<h3 class=\"elementor-heading-title elementor-size-default\">Commentaires<\/h3>\t\t<\/div>\n\t\t\t\t<\/div>\n\t\t<div class=\"elementor-element elementor-element-df5c899 e-flex e-con-boxed e-con e-parent\" data-id=\"df5c899\" data-element_type=\"container\" data-settings=\"{&quot;jet_parallax_layout_list&quot;:[],&quot;ekit_has_onepagescroll_dot&quot;:&quot;yes&quot;}\">\n\t\t\t\t\t<div class=\"e-con-inner\">\n\t\t\t\t<div class=\"elementor-element elementor-element-39b3c22 elementor-widget elementor-widget-jet-carousel\" data-id=\"39b3c22\" data-element_type=\"widget\" data-settings=\"{&quot;slides_to_show&quot;:&quot;3&quot;,&quot;slides_to_scroll&quot;:&quot;3&quot;,&quot;slides_to_show_tablet&quot;:&quot;2&quot;,&quot;slides_to_show_mobile&quot;:&quot;1&quot;,&quot;slides_to_scroll_tablet&quot;:&quot;2&quot;,&quot;slides_to_scroll_mobile&quot;:&quot;1&quot;,&quot;ekit_we_effect_on&quot;:&quot;none&quot;}\" data-widget_type=\"jet-carousel.default\">\n\t\t\t\t<div class=\"elementor-widget-container\">\n\t\t\t<div class=\"elementor-jet-carousel jet-elements\"><div class=\"jet-carousel-wrap jet-equal-cols\">\n\t<div class=\"jet-carousel\" data-slider_options=\"{&quot;autoplaySpeed&quot;:5000,&quot;autoplay&quot;:true,&quot;infinite&quot;:true,&quot;centerMode&quot;:false,&quot;centerPadding&quot;:&quot;50px&quot;,&quot;pauseOnHover&quot;:false,&quot;speed&quot;:500,&quot;arrows&quot;:true,&quot;dots&quot;:false,&quot;variableWidth&quot;:false,&quot;prevArrow&quot;:&quot;.jet-carousel__prev-arrow-39b3c22&quot;,&quot;nextArrow&quot;:&quot;.jet-carousel__next-arrow-39b3c22&quot;,&quot;rtl&quot;:false,&quot;fractionNav&quot;:false}\" dir=\"ltr\">\n\t<div class=\"elementor-slick-slider\">\n\n<div class=\"jet-carousel__item\">\n\t<div class=\"jet-carousel__item-inner\"><div class=\"jet-carousel__content\"><h5 class=\"jet-carousel__item-title\"><\/h5><div class=\"jet-carousel__item-text\"><p>Le mus\u00e9e Palatin a \u00e9t\u00e9 une v\u00e9ritable surprise : la quantit\u00e9 d'objets expos\u00e9s est tout simplement incroyable et l'histoire racont\u00e9e est tr\u00e8s int\u00e9ressante. Je vous recommande vivement de visiter ce mus\u00e9e si vous \u00eates passionn\u00e9 d'arch\u00e9ologie et d'histoire ancienne. - Marco, 35 ans.<\/p><\/div><\/div><\/div>\n<\/div>\n\n<div class=\"jet-carousel__item\">\n\t<div class=\"jet-carousel__item-inner\"><div class=\"jet-carousel__content\"><h5 class=\"jet-carousel__item-title\"><\/h5><div class=\"jet-carousel__item-text\"><p>Le Mus\u00e9e national romain est l'un des lieux les plus impressionnants de Rome : l'atmosph\u00e8re cr\u00e9\u00e9e par les salles et les expositions est tout simplement magique. En outre, les installations multim\u00e9dias ajoutent une composante technologique importante, rendant l'exp\u00e9rience de visite encore plus attrayante et immersive\". - Sara, 27 ans.<\/p><\/div><\/div><\/div>\n<\/div>\n\n<div class=\"jet-carousel__item\">\n\t<div class=\"jet-carousel__item-inner\"><div class=\"jet-carousel__content\"><h5 class=\"jet-carousel__item-title\"><\/h5><div class=\"jet-carousel__item-text\"><p>Visite tr\u00e8s int\u00e9ressante ! J'ai particuli\u00e8rement appr\u00e9ci\u00e9 la section consacr\u00e9e \u00e0 l'\u00e9poque d'Auguste, avec les nombreuses pi\u00e8ces qui racontent la transformation du Palatin en r\u00e9sidence imp\u00e9riale. Le personnel est tr\u00e8s professionnel et serviable. - Giovanni, 43 ans.<\/p><\/div><\/div><\/div>\n<\/div>\n\n<div class=\"jet-carousel__item\">\n\t<div class=\"jet-carousel__item-inner\"><div class=\"jet-carousel__content\"><h5 class=\"jet-carousel__item-title\"><\/h5><div class=\"jet-carousel__item-text\"><p>\"J'ai visit\u00e9 le mus\u00e9e Palatin avec ma famille et je dois dire que ce fut un grand succ\u00e8s : la collection est tr\u00e8s vaste et convient \u00e0 tous les groupes d'\u00e2ge. Mes enfants ont ador\u00e9 les mosa\u00efques et les peintures de la Domus Transitoria de N\u00e9ron, tandis que j'ai beaucoup appr\u00e9ci\u00e9 la reconstitution graphique de la Rome antique.\" - Maria, 38 ans.<\/p><\/div><\/div><\/div>\n<\/div>\n\n<div class=\"jet-carousel__item\">\n\t<div class=\"jet-carousel__item-inner\"><div class=\"jet-carousel__content\"><h5 class=\"jet-carousel__item-title\"><\/h5><div class=\"jet-carousel__item-text\"><p>\"Le mus\u00e9e Palatin est un lieu incontournable pour tous les touristes qui visitent Rome. La collection est tr\u00e8s int\u00e9ressante et extr\u00eamement bien conserv\u00e9e, parfaite pour ceux qui veulent se plonger dans l'histoire de la Rome antique. En outre, l'emplacement est exceptionnel, sur la colline du Palatin, d'o\u00f9 l'on a une vue magnifique sur la ville.\" - Andrea, 29 ans.<\/p><\/div><\/div><\/div>\n<\/div>\n<\/div><div class=\"jet-carousel__prev-arrow-39b3c22 jet-arrow prev-arrow\"><i aria-hidden=\"true\" class=\"fal fa-chevron-left\"><\/i><\/div><div class=\"jet-carousel__next-arrow-39b3c22 jet-arrow next-arrow\"><i aria-hidden=\"true\" class=\"fal fa-chevron-right\"><\/i><\/div><\/div>\n<\/div>\n<\/div>\t\t<\/div>\n\t\t\t\t<\/div>\n\t\t\t\t\t<\/div>\n\t\t\t\t<\/div>\n\t\t\t\t\t<\/div>\n\t\t<\/div>\n\t\t\t\t\t<\/div>\n\t\t<\/section>\n\t\t\t\t<\/div>","protected":false},"excerpt":{"rendered":"<p>Mus\u00e9e du Palatin Visite du mus\u00e9e du Palatin Le mus\u00e9e du Palatin, situ\u00e9 dans l'ancien couvent des moniales de la Visitation, est l'un des mus\u00e9es les plus importants et les plus impressionnants de Rome. Construit au sommet de la colline du Palatin, le mus\u00e9e abrite de nombreuses pi\u00e8ces arch\u00e9ologiques qui racontent l'histoire de la ville, des origines de Rome \u00e0 l'av\u00e8nement du Principat. Le mus\u00e9e est [...]<\/p>","protected":false},"author":1,"featured_media":0,"parent":526,"menu_order":7,"comment_status":"closed","ping_status":"closed","template":"","meta":{"site-sidebar-layout":"no-sidebar","site-content-layout":"page-builder","ast-site-content-layout":"full-width-container","site-content-style":"unboxed","site-sidebar-style":"unboxed","ast-global-header-display":"","ast-banner-title-visibility":"","ast-main-header-display":"","ast-hfb-above-header-display":"","ast-hfb-below-header-display":"","ast-hfb-mobile-header-display":"","site-post-title":"disabled","ast-breadcrumbs-content":"","ast-featured-img":"disabled","footer-sml-layout":"","ast-disable-related-posts":"","theme-transparent-header-meta":"default","adv-header-id-meta":"","stick-header-meta":"","header-above-stick-meta":"","header-main-stick-meta":"","header-below-stick-meta":"","astra-migrate-meta-layouts":"default","ast-page-background-enabled":"default","ast-page-background-meta":{"desktop":{"background-color":"var(--ast-global-color-4)","background-image":"","background-repeat":"repeat","background-position":"center center","background-size":"auto","background-attachment":"scroll","background-type":"","background-media":"","overlay-type":"","overlay-color":"","overlay-opacity":"","overlay-gradient":""},"tablet":{"background-color":"","background-image":"","background-repeat":"repeat","background-position":"center center","background-size":"auto","background-attachment":"scroll","background-type":"","background-media":"","overlay-type":"","overlay-color":"","overlay-opacity":"","overlay-gradient":""},"mobile":{"background-color":"","background-image":"","background-repeat":"repeat","background-position":"center center","background-size":"auto","background-attachment":"scroll","background-type":"","background-media":"","overlay-type":"","overlay-color":"","overlay-opacity":"","overlay-gradient":""}},"ast-content-background-meta":{"desktop":{"background-color":"var(--ast-global-color-5)","background-image":"","background-repeat":"repeat","background-position":"center center","background-size":"auto","background-attachment":"scroll","background-type":"","background-media":"","overlay-type":"","overlay-color":"","overlay-opacity":"","overlay-gradient":""},"tablet":{"background-color":"var(--ast-global-color-5)","background-image":"","background-repeat":"repeat","background-position":"center center","background-size":"auto","background-attachment":"scroll","background-type":"","background-media":"","overlay-type":"","overlay-color":"","overlay-opacity":"","overlay-gradient":""},"mobile":{"background-color":"var(--ast-global-color-5)","background-image":"","background-repeat":"repeat","background-position":"center center","background-size":"auto","background-attachment":"scroll","background-type":"","background-media":"","overlay-type":"","overlay-color":"","overlay-opacity":"","overlay-gradient":""}},"iawp_total_views":904,"footnotes":""},"class_list":["post-551","page","type-page","status-publish","hentry"],"_links":{"self":[{"href":"https:\/\/colosseo-roma.it\/fr\/wp-json\/wp\/v2\/pages\/551","targetHints":{"allow":["GET"]}}],"collection":[{"href":"https:\/\/colosseo-roma.it\/fr\/wp-json\/wp\/v2\/pages"}],"about":[{"href":"https:\/\/colosseo-roma.it\/fr\/wp-json\/wp\/v2\/types\/page"}],"author":[{"embeddable":true,"href":"https:\/\/colosseo-roma.it\/fr\/wp-json\/wp\/v2\/users\/1"}],"replies":[{"embeddable":true,"href":"https:\/\/colosseo-roma.it\/fr\/wp-json\/wp\/v2\/comments?post=551"}],"version-history":[{"count":0,"href":"https:\/\/colosseo-roma.it\/fr\/wp-json\/wp\/v2\/pages\/551\/revisions"}],"up":[{"embeddable":true,"href":"https:\/\/colosseo-roma.it\/fr\/wp-json\/wp\/v2\/pages\/526"}],"wp:attachment":[{"href":"https:\/\/colosseo-roma.it\/fr\/wp-json\/wp\/v2\/media?parent=551"}],"curies":[{"name":"wp","href":"https:\/\/api.w.org\/{rel}","templated":true}]}}