{"id":67,"date":"2023-03-10T11:33:14","date_gmt":"2023-03-10T10:33:14","guid":{"rendered":"https:\/\/wordpress-1074717-3818660.cloudwaysapps.com\/?page_id=67"},"modified":"2026-01-26T09:42:33","modified_gmt":"2026-01-26T08:42:33","slug":"titus-arch","status":"publish","type":"page","link":"https:\/\/colosseo-roma.it\/fr\/romains\/monuments-rome\/titus-arch\/","title":{"rendered":"Arche de Titus"},"content":{"rendered":"<div data-elementor-type=\"wp-page\" data-elementor-id=\"67\" class=\"elementor elementor-67\" data-elementor-post-type=\"page\">\n\t\t\t\t\t\t<section class=\"elementor-section elementor-top-section elementor-element elementor-element-84795ff elementor-section-boxed elementor-section-height-default elementor-section-height-default\" data-id=\"84795ff\" data-element_type=\"section\" data-settings=\"{&quot;jet_parallax_layout_list&quot;:[],&quot;ekit_has_onepagescroll_dot&quot;:&quot;yes&quot;}\">\n\t\t\t\t\t\t<div class=\"elementor-container elementor-column-gap-default\">\n\t\t\t\t\t<div class=\"elementor-column elementor-col-100 elementor-top-column elementor-element elementor-element-7446d0e\" data-id=\"7446d0e\" data-element_type=\"column\">\n\t\t\t<div class=\"elementor-widget-wrap elementor-element-populated\">\n\t\t\t\t\t\t<div class=\"elementor-element elementor-element-2e239bb elementor-widget elementor-widget-heading\" data-id=\"2e239bb\" data-element_type=\"widget\" data-settings=\"{&quot;ekit_we_effect_on&quot;:&quot;none&quot;}\" data-widget_type=\"heading.default\">\n\t\t\t\t<div class=\"elementor-widget-container\">\n\t\t\t<h1 class=\"elementor-heading-title elementor-size-default\">Arche de Titus<\/h1>\t\t<\/div>\n\t\t\t\t<\/div>\n\t\t\t\t<div class=\"elementor-element elementor-element-d7ac2d1 elementor-widget elementor-widget-heading\" data-id=\"d7ac2d1\" data-element_type=\"widget\" data-settings=\"{&quot;ekit_we_effect_on&quot;:&quot;none&quot;}\" data-widget_type=\"heading.default\">\n\t\t\t\t<div class=\"elementor-widget-container\">\n\t\t\t<h5 class=\"elementor-heading-title elementor-size-default\">L'arc de Titus. L'arc de triomphe, monument t\u00e9moin des conqu\u00eates de la Rome antique.<\/h5>\t\t<\/div>\n\t\t\t\t<\/div>\n\t\t\t\t<div class=\"elementor-element elementor-element-5c2bbd4 elementor-widget elementor-widget-jet-unfold\" data-id=\"5c2bbd4\" data-element_type=\"widget\" data-settings=\"{&quot;mask_height&quot;:{&quot;unit&quot;:&quot;px&quot;,&quot;size&quot;:50,&quot;sizes&quot;:[]},&quot;mask_height_tablet&quot;:{&quot;unit&quot;:&quot;px&quot;,&quot;size&quot;:&quot;&quot;,&quot;sizes&quot;:[]},&quot;mask_height_mobile&quot;:{&quot;unit&quot;:&quot;px&quot;,&quot;size&quot;:&quot;&quot;,&quot;sizes&quot;:[]},&quot;unfold_duration&quot;:{&quot;unit&quot;:&quot;ms&quot;,&quot;size&quot;:500,&quot;sizes&quot;:[]},&quot;unfold_easing&quot;:&quot;easeOutBack&quot;,&quot;fold_duration&quot;:{&quot;unit&quot;:&quot;ms&quot;,&quot;size&quot;:300,&quot;sizes&quot;:[]},&quot;fold_easing&quot;:&quot;easeOutSine&quot;,&quot;ekit_we_effect_on&quot;:&quot;none&quot;}\" data-widget_type=\"jet-unfold.default\">\n\t\t\t\t<div class=\"elementor-widget-container\">\n\t\t\t\t\t<div class=\"jet-unfold\" data-settings=\"{&quot;height&quot;:{&quot;unit&quot;:&quot;px&quot;,&quot;size&quot;:50,&quot;sizes&quot;:[]},&quot;separatorHeight&quot;:{&quot;unit&quot;:&quot;px&quot;,&quot;size&quot;:10,&quot;sizes&quot;:[]},&quot;unfoldDuration&quot;:{&quot;unit&quot;:&quot;ms&quot;,&quot;size&quot;:500,&quot;sizes&quot;:[]},&quot;foldDuration&quot;:{&quot;unit&quot;:&quot;ms&quot;,&quot;size&quot;:300,&quot;sizes&quot;:[]},&quot;unfoldEasing&quot;:&quot;easeOutBack&quot;,&quot;foldEasing&quot;:&quot;easeOutSine&quot;,&quot;foldScrolling&quot;:&quot;false&quot;,&quot;hideOutsideClick&quot;:&quot;false&quot;,&quot;autoHide&quot;:&quot;false&quot;,&quot;autoHideTime&quot;:&quot;&quot;,&quot;foldScrollOffset&quot;:null}\">\n\t\t\t<div class=\"jet-unfold__inner\">\n\t\t\t\t<div class=\"jet-unfold__mask\">\n\t\t\t\t\t<div class=\"jet-unfold__content\">\n\t\t\t\t\t\t<div class=\"jet-unfold__content-inner elementor-text-editor elementor-clearfix\">L'arc de Titus a \u00e9t\u00e9 construit \u00e0 une date incertaine entre 81 et 100 apr\u00e8s J.-C.\n\nL'inscription sur l'attique (le c\u00f4t\u00e9 qui fait face au forum) porte une d\u00e9dicace du s\u00e9nat \u00e0 l'empereur Titus : \"senatus populus que romanus divo titus divi vespasianus f vespasianus augustus\". Le monument a donc certainement \u00e9t\u00e9 \u00e9rig\u00e9 apr\u00e8s la mort de Titus, en l'an 81.\n\nIl s'agit d'un arc de triomphe comm\u00e9morant la prise de J\u00e9rusalem par Titus en l'an 70 de notre \u00e8re. L'arc est construit avec un seul fornix et en opus quadratum de marbre pent\u00e9lique, le noyau int\u00e9rieur est en b\u00e9ton et le socle en travertin.\n\nIl est flanqu\u00e9 de demi-colonnes composites, celles du centre avec des f\u00fbts cannel\u00e9s et celles des angles avec des f\u00fbts lisses. Au-dessus des colonnes repose un entablement avec un \u00e9pistyle ionique repr\u00e9sentant un sacrifice, une corniche denticul\u00e9e et des corbeaux, le tout surmont\u00e9 d'un haut attique.\n\nLa vo\u00fbte est surmont\u00e9e d'une belle d\u00e9coration \u00e0 caissons au centre, repr\u00e9sentant un aigle emportant Titus au ciel apr\u00e8s sa mort. Les deux reliefs des murs int\u00e9rieurs repr\u00e9sentent des moments de triomphe lors de la victoire sur les Juifs.\n\nSur le c\u00f4t\u00e9 sud, la procession franchit la porte triomphale avec des porteurs qui soul\u00e8vent les objets sacr\u00e9s du rituel juif pill\u00e9s dans le temple de J\u00e9rusalem : les deux trompettes d'argent appelant les fid\u00e8les \u00e0 la pri\u00e8re, la table avec les vases sacr\u00e9s, le cand\u00e9labre d'or \u00e0 sept branches.\n\nSur le c\u00f4t\u00e9 nord est repr\u00e9sent\u00e9 l'empereur Titus triomphant sur le quadrige, tandis que derri\u00e8re lui une victoire ail\u00e9e le couronne, avec la d\u00e9esse Rome arm\u00e9e qui l'accompagne au Capitole, et \u00e0 droite le personnage \u00e0 moiti\u00e9 nu, qui est peut-\u00eatre une autre all\u00e9gorie, le g\u00e9nie du peuple romain.\n\nLe monument est rest\u00e9 en tr\u00e8s bon \u00e9tat parce qu'il a \u00e9t\u00e9 incorpor\u00e9 au Moyen \u00c2ge dans la forteresse de Frangiane et int\u00e9gr\u00e9 en travertin en 1822 par Valdieri. L'arc de Titus est si connu que m\u00eame le belli, dans un sonnet, l'illustre magistralement.<\/div>\n\t\t\t\t\t<\/div>\n\t\t\t\t\t<div class=\"jet-unfold__separator\"><\/div>\n\t\t\t\t<\/div>\n\t\t\t\t<div class=\"jet-unfold__trigger\"><div class=\"jet-unfold__button elementor-button elementor-size-md\" href=\"#\" data-unfold-text=\"Mostra di pi\u00f9\" data-fold-text=\"Mostra meno\" data-fold-icon=\"&lt;i aria-hidden=&quot;true&quot; class=&quot;fas fa-chevron-up&quot;&gt;&lt;\/i&gt;\" data-unfold-icon=\"&lt;i aria-hidden=&quot;true&quot; class=&quot;fas fa-chevron-down&quot;&gt;&lt;\/i&gt;\" tabindex=\"0\" role=\"button\"><span class=\"jet-unfold__button-icon jet-tricks-icon\"><i aria-hidden=\"true\" class=\"fas fa-chevron-down\"><\/i><\/span><span class=\"jet-unfold__button-text\">Afficher plus<\/span><\/div>\t\t\t\t<\/div>\n\t\t\t<\/div>\n\t\t<\/div>\n\t\t\t\t<\/div>\n\t\t\t\t<\/div>\n\t\t\t\t\t<\/div>\n\t\t<\/div>\n\t\t\t\t\t<\/div>\n\t\t<\/section>\n\t\t\t\t<\/div>","protected":false},"excerpt":{"rendered":"<p>Arc de Titus L'arc de Titus. L'arc de triomphe, monument t\u00e9moignant des conqu\u00eates de la Rome antique. L'arc de Titus a \u00e9t\u00e9 construit \u00e0 une date incertaine, entre 81 et 100 apr\u00e8s J\u00e9sus-Christ. L'inscription de l'attique (le c\u00f4t\u00e9 tourn\u00e9 vers le forum) porte une d\u00e9dicace du S\u00e9nat \u00e0 l'empereur Titus : \"senatus populus que romanus divo titus divi vespasiani f [...].<\/p>","protected":false},"author":1,"featured_media":0,"parent":63,"menu_order":2,"comment_status":"closed","ping_status":"closed","template":"","meta":{"site-sidebar-layout":"no-sidebar","site-content-layout":"page-builder","ast-site-content-layout":"full-width-container","site-content-style":"unboxed","site-sidebar-style":"unboxed","ast-global-header-display":"","ast-banner-title-visibility":"","ast-main-header-display":"","ast-hfb-above-header-display":"","ast-hfb-below-header-display":"","ast-hfb-mobile-header-display":"","site-post-title":"disabled","ast-breadcrumbs-content":"","ast-featured-img":"disabled","footer-sml-layout":"","ast-disable-related-posts":"","theme-transparent-header-meta":"default","adv-header-id-meta":"","stick-header-meta":"","header-above-stick-meta":"","header-main-stick-meta":"","header-below-stick-meta":"","astra-migrate-meta-layouts":"set","ast-page-background-enabled":"default","ast-page-background-meta":{"desktop":{"background-color":"var(--ast-global-color-4)","background-image":"","background-repeat":"repeat","background-position":"center center","background-size":"auto","background-attachment":"scroll","background-type":"","background-media":"","overlay-type":"","overlay-color":"","overlay-opacity":"","overlay-gradient":""},"tablet":{"background-color":"","background-image":"","background-repeat":"repeat","background-position":"center center","background-size":"auto","background-attachment":"scroll","background-type":"","background-media":"","overlay-type":"","overlay-color":"","overlay-opacity":"","overlay-gradient":""},"mobile":{"background-color":"","background-image":"","background-repeat":"repeat","background-position":"center center","background-size":"auto","background-attachment":"scroll","background-type":"","background-media":"","overlay-type":"","overlay-color":"","overlay-opacity":"","overlay-gradient":""}},"ast-content-background-meta":{"desktop":{"background-color":"var(--ast-global-color-5)","background-image":"","background-repeat":"repeat","background-position":"center center","background-size":"auto","background-attachment":"scroll","background-type":"","background-media":"","overlay-type":"","overlay-color":"","overlay-opacity":"","overlay-gradient":""},"tablet":{"background-color":"var(--ast-global-color-5)","background-image":"","background-repeat":"repeat","background-position":"center center","background-size":"auto","background-attachment":"scroll","background-type":"","background-media":"","overlay-type":"","overlay-color":"","overlay-opacity":"","overlay-gradient":""},"mobile":{"background-color":"var(--ast-global-color-5)","background-image":"","background-repeat":"repeat","background-position":"center center","background-size":"auto","background-attachment":"scroll","background-type":"","background-media":"","overlay-type":"","overlay-color":"","overlay-opacity":"","overlay-gradient":""}},"iawp_total_views":462,"footnotes":""},"class_list":["post-67","page","type-page","status-publish","hentry"],"_links":{"self":[{"href":"https:\/\/colosseo-roma.it\/fr\/wp-json\/wp\/v2\/pages\/67","targetHints":{"allow":["GET"]}}],"collection":[{"href":"https:\/\/colosseo-roma.it\/fr\/wp-json\/wp\/v2\/pages"}],"about":[{"href":"https:\/\/colosseo-roma.it\/fr\/wp-json\/wp\/v2\/types\/page"}],"author":[{"embeddable":true,"href":"https:\/\/colosseo-roma.it\/fr\/wp-json\/wp\/v2\/users\/1"}],"replies":[{"embeddable":true,"href":"https:\/\/colosseo-roma.it\/fr\/wp-json\/wp\/v2\/comments?post=67"}],"version-history":[{"count":0,"href":"https:\/\/colosseo-roma.it\/fr\/wp-json\/wp\/v2\/pages\/67\/revisions"}],"up":[{"embeddable":true,"href":"https:\/\/colosseo-roma.it\/fr\/wp-json\/wp\/v2\/pages\/63"}],"wp:attachment":[{"href":"https:\/\/colosseo-roma.it\/fr\/wp-json\/wp\/v2\/media?parent=67"}],"curies":[{"name":"wp","href":"https:\/\/api.w.org\/{rel}","templated":true}]}}