{"id":71,"date":"2023-03-10T11:33:40","date_gmt":"2023-03-10T10:33:40","guid":{"rendered":"https:\/\/wordpress-1074717-3818660.cloudwaysapps.com\/?page_id=71"},"modified":"2026-01-26T16:44:22","modified_gmt":"2026-01-26T15:44:22","slug":"forums-imperiaux","status":"publish","type":"page","link":"https:\/\/colosseo-roma.it\/fr\/attractions-rome\/forums-imperiaux\/","title":{"rendered":"Forums imp\u00e9riaux"},"content":{"rendered":"<div data-elementor-type=\"wp-page\" data-elementor-id=\"71\" class=\"elementor elementor-71\" data-elementor-post-type=\"page\">\n\t\t\t\t\t\t<section class=\"elementor-section elementor-top-section elementor-element elementor-element-102e3b5 elementor-section-boxed elementor-section-height-default elementor-section-height-default\" data-id=\"102e3b5\" data-element_type=\"section\" data-settings=\"{&quot;jet_parallax_layout_list&quot;:[],&quot;ekit_has_onepagescroll_dot&quot;:&quot;yes&quot;}\">\n\t\t\t\t\t\t<div class=\"elementor-container elementor-column-gap-default\">\n\t\t\t\t\t<div class=\"elementor-column elementor-col-100 elementor-top-column elementor-element elementor-element-28b8b1b\" data-id=\"28b8b1b\" data-element_type=\"column\" data-settings=\"{&quot;background_background&quot;:&quot;classic&quot;}\">\n\t\t\t<div class=\"elementor-widget-wrap elementor-element-populated\">\n\t\t\t\t\t\t<div class=\"elementor-element elementor-element-ae20f72 elementor-widget elementor-widget-heading\" data-id=\"ae20f72\" data-element_type=\"widget\" data-settings=\"{&quot;ekit_we_effect_on&quot;:&quot;none&quot;}\" data-widget_type=\"heading.default\">\n\t\t\t\t<div class=\"elementor-widget-container\">\n\t\t\t<h1 class=\"elementor-heading-title elementor-size-default\">Forums imp\u00e9riaux<\/h1>\t\t<\/div>\n\t\t\t\t<\/div>\n\t\t\t\t<div class=\"elementor-element elementor-element-58ed21b elementor-widget elementor-widget-heading\" data-id=\"58ed21b\" data-element_type=\"widget\" data-settings=\"{&quot;ekit_we_effect_on&quot;:&quot;none&quot;}\" data-widget_type=\"heading.default\">\n\t\t\t\t<div class=\"elementor-widget-container\">\n\t\t\t<div class=\"elementor-heading-title elementor-size-default\">Forums imp\u00e9riaux. Places monumentales construites par les empereurs au centre de la ville de Rome.<\/div>\t\t<\/div>\n\t\t\t\t<\/div>\n\t\t\t\t<div class=\"elementor-element elementor-element-cf9078d elementor-widget elementor-widget-jet-unfold\" data-id=\"cf9078d\" data-element_type=\"widget\" data-settings=\"{&quot;mask_height&quot;:{&quot;unit&quot;:&quot;px&quot;,&quot;size&quot;:57,&quot;sizes&quot;:[]},&quot;mask_height_tablet&quot;:{&quot;unit&quot;:&quot;px&quot;,&quot;size&quot;:53,&quot;sizes&quot;:[]},&quot;mask_height_mobile&quot;:{&quot;unit&quot;:&quot;px&quot;,&quot;size&quot;:100,&quot;sizes&quot;:[]},&quot;unfold_duration&quot;:{&quot;unit&quot;:&quot;ms&quot;,&quot;size&quot;:500,&quot;sizes&quot;:[]},&quot;unfold_easing&quot;:&quot;easeOutBack&quot;,&quot;fold_duration&quot;:{&quot;unit&quot;:&quot;ms&quot;,&quot;size&quot;:300,&quot;sizes&quot;:[]},&quot;fold_easing&quot;:&quot;easeOutSine&quot;,&quot;ekit_we_effect_on&quot;:&quot;none&quot;}\" data-widget_type=\"jet-unfold.default\">\n\t\t\t\t<div class=\"elementor-widget-container\">\n\t\t\t\t\t<div class=\"jet-unfold\" data-settings=\"{&quot;height&quot;:{&quot;unit&quot;:&quot;px&quot;,&quot;size&quot;:57,&quot;sizes&quot;:[]},&quot;separatorHeight&quot;:{&quot;unit&quot;:&quot;px&quot;,&quot;size&quot;:&quot;&quot;,&quot;sizes&quot;:[]},&quot;unfoldDuration&quot;:{&quot;unit&quot;:&quot;ms&quot;,&quot;size&quot;:500,&quot;sizes&quot;:[]},&quot;foldDuration&quot;:{&quot;unit&quot;:&quot;ms&quot;,&quot;size&quot;:300,&quot;sizes&quot;:[]},&quot;unfoldEasing&quot;:&quot;easeOutBack&quot;,&quot;foldEasing&quot;:&quot;easeOutSine&quot;,&quot;foldScrolling&quot;:&quot;false&quot;,&quot;hideOutsideClick&quot;:&quot;false&quot;,&quot;autoHide&quot;:&quot;false&quot;,&quot;autoHideTime&quot;:&quot;&quot;,&quot;foldScrollOffset&quot;:null}\">\n\t\t\t<div class=\"jet-unfold__inner\">\n\t\t\t\t<div class=\"jet-unfold__mask\">\n\t\t\t\t\t<div class=\"jet-unfold__content\">\n\t\t\t\t\t\t<div class=\"jet-unfold__content-inner elementor-text-editor elementor-clearfix\"><p>Les Forums romains de l'\u00e9poque imp\u00e9riale, places monumentales au centre de la ville.<br \/>Les forums imp\u00e9riaux sont un ensemble de places monumentales construites par les empereurs sur une p\u00e9riode d'environ 150 ans (entre 46 av. J.-C. et 113 ap. J.-C.).<\/p><\/div>\n\t\t\t\t\t<\/div>\n\t\t\t\t\t<div class=\"jet-unfold__separator\"><\/div>\n\t\t\t\t<\/div>\n\t\t\t\t<div class=\"jet-unfold__trigger\"><div class=\"jet-unfold__button elementor-button elementor-size-md\" href=\"#\" data-unfold-text=\"Mostra di pi\u00f9\" data-fold-text=\"Mostra meno\" data-fold-icon=\"&lt;i aria-hidden=&quot;true&quot; class=&quot;fas fa-chevron-up&quot;&gt;&lt;\/i&gt;\" data-unfold-icon=\"&lt;i aria-hidden=&quot;true&quot; class=&quot;fas fa-chevron-down&quot;&gt;&lt;\/i&gt;\" tabindex=\"0\" role=\"button\"><span class=\"jet-unfold__button-icon jet-tricks-icon\"><i aria-hidden=\"true\" class=\"fas fa-chevron-down\"><\/i><\/span><span class=\"jet-unfold__button-text\">Afficher plus<\/span><\/div>\t\t\t\t<\/div>\n\t\t\t<\/div>\n\t\t<\/div>\n\t\t\t\t<\/div>\n\t\t\t\t<\/div>\n\t\t\t\t<section data-dce-background-image-url=\"https:\/\/colosseo-roma.it\/wp-content\/uploads\/2023\/03\/passeggiata-roma-fori-imperiali.jpg\" class=\"elementor-section elementor-inner-section elementor-element elementor-element-c170afc elementor-section-height-min-height elementor-section-boxed elementor-section-height-default\" data-id=\"c170afc\" data-element_type=\"section\" data-settings=\"{&quot;jet_parallax_layout_list&quot;:[],&quot;background_background&quot;:&quot;classic&quot;,&quot;ekit_has_onepagescroll_dot&quot;:&quot;yes&quot;}\">\n\t\t\t\t\t\t<div class=\"elementor-container elementor-column-gap-default\">\n\t\t\t\t\t<div class=\"elementor-column elementor-col-100 elementor-inner-column elementor-element elementor-element-109d3f3\" data-id=\"109d3f3\" data-element_type=\"column\" data-settings=\"{&quot;background_background&quot;:&quot;classic&quot;}\">\n\t\t\t<div class=\"elementor-widget-wrap\">\n\t\t\t\t\t\t\t<\/div>\n\t\t<\/div>\n\t\t\t\t\t<\/div>\n\t\t<\/section>\n\t\t\t\t<div class=\"elementor-element elementor-element-7819275 elementor-widget elementor-widget-text-editor\" data-id=\"7819275\" data-element_type=\"widget\" data-settings=\"{&quot;ekit_we_effect_on&quot;:&quot;none&quot;}\" data-widget_type=\"text-editor.default\">\n\t\t\t\t<div class=\"elementor-widget-container\">\n\t\t\t\t\t\t\t<p>Au centre de la ville romaine.<\/p><p>Ces places \u00e9taient utilis\u00e9es pour des activit\u00e9s administratives et des c\u00e9r\u00e9monies, elles \u00e9taient consid\u00e9r\u00e9es comme des espaces de c\u00e9l\u00e9bration et de c\u00e9r\u00e9monie appropri\u00e9s \u00e0 la r\u00e9alit\u00e9 imp\u00e9riale.<\/p><p>Le forum romain (l'ancienne place r\u00e9publicaine), quant \u00e0 lui, remonte \u00e0 l'\u00e9poque des rois (6e si\u00e8cle avant J.-C.) et a \u00e9t\u00e9 consid\u00e9r\u00e9 comme le centre politique, \u00e9conomique et religieux de Rome pendant des si\u00e8cles.<\/p><p>L'architecture imp\u00e9riale a atteint des niveaux tr\u00e8s \u00e9lev\u00e9s avec la construction de ces extraordinaires complexes monumentaux, notamment en raison de la richesse de l'appareil d\u00e9coratif et sculptural.<\/p><p>Visiter les forums romains peut \u00eatre une exp\u00e9rience unique et fascinante. Les traverser, se promener parmi les ruines, admirer ce qui est rest\u00e9 intact pendant des si\u00e8cles peut envelopper chaque personne dans une atmosph\u00e8re particuli\u00e8re et unique.<\/p><p>Les Forums romains ont \u00e9t\u00e9 inaugur\u00e9s aux dates suivantes :<\/p><ul><li>Forum de C\u00e9sar (46 av. J.-C.)<\/li><li>Forum d'Auguste (2 av. J.-C.)<\/li><li>Temple de la Paix (75 apr\u00e8s JC)<\/li><li>Forum de Nerva (98 apr\u00e8s J.-C.)<\/li><li>Forum de Trajan (112 et 113 apr\u00e8s J.-C.)<\/li><\/ul>\t\t\t\t\t\t<\/div>\n\t\t\t\t<\/div>\n\t\t\t\t\t<\/div>\n\t\t<\/div>\n\t\t\t\t\t<\/div>\n\t\t<\/section>\n\t\t\t\t<\/div>","protected":false},"excerpt":{"rendered":"<p>Fori Imperiali Fori imperiali. Monumentali piazze edificate dagli imperatori nel centro della citt\u00e0 di Roma I fori romani dell\u2019et\u00e0 imperiale, monumentali piazze al centro della citt\u00e0. I fori imperiali costituiscono un insieme di monumentali piazze edificate, dagli imperatori, in un periodo di circa 150 anni (tra il 46 a.C. E il 113 d.C.) Mostra di [&hellip;]<\/p>","protected":false},"author":1,"featured_media":0,"parent":558,"menu_order":14,"comment_status":"closed","ping_status":"closed","template":"","meta":{"site-sidebar-layout":"no-sidebar","site-content-layout":"page-builder","ast-site-content-layout":"full-width-container","site-content-style":"unboxed","site-sidebar-style":"unboxed","ast-global-header-display":"","ast-banner-title-visibility":"","ast-main-header-display":"","ast-hfb-above-header-display":"","ast-hfb-below-header-display":"","ast-hfb-mobile-header-display":"","site-post-title":"disabled","ast-breadcrumbs-content":"","ast-featured-img":"disabled","footer-sml-layout":"","ast-disable-related-posts":"","theme-transparent-header-meta":"default","adv-header-id-meta":"","stick-header-meta":"","header-above-stick-meta":"","header-main-stick-meta":"","header-below-stick-meta":"","astra-migrate-meta-layouts":"set","ast-page-background-enabled":"default","ast-page-background-meta":{"desktop":{"background-color":"var(--ast-global-color-4)","background-image":"","background-repeat":"repeat","background-position":"center center","background-size":"auto","background-attachment":"scroll","background-type":"","background-media":"","overlay-type":"","overlay-color":"","overlay-opacity":"","overlay-gradient":""},"tablet":{"background-color":"","background-image":"","background-repeat":"repeat","background-position":"center center","background-size":"auto","background-attachment":"scroll","background-type":"","background-media":"","overlay-type":"","overlay-color":"","overlay-opacity":"","overlay-gradient":""},"mobile":{"background-color":"","background-image":"","background-repeat":"repeat","background-position":"center center","background-size":"auto","background-attachment":"scroll","background-type":"","background-media":"","overlay-type":"","overlay-color":"","overlay-opacity":"","overlay-gradient":""}},"ast-content-background-meta":{"desktop":{"background-color":"var(--ast-global-color-5)","background-image":"","background-repeat":"repeat","background-position":"center center","background-size":"auto","background-attachment":"scroll","background-type":"","background-media":"","overlay-type":"","overlay-color":"","overlay-opacity":"","overlay-gradient":""},"tablet":{"background-color":"var(--ast-global-color-5)","background-image":"","background-repeat":"repeat","background-position":"center center","background-size":"auto","background-attachment":"scroll","background-type":"","background-media":"","overlay-type":"","overlay-color":"","overlay-opacity":"","overlay-gradient":""},"mobile":{"background-color":"var(--ast-global-color-5)","background-image":"","background-repeat":"repeat","background-position":"center center","background-size":"auto","background-attachment":"scroll","background-type":"","background-media":"","overlay-type":"","overlay-color":"","overlay-opacity":"","overlay-gradient":""}},"iawp_total_views":931,"footnotes":""},"class_list":["post-71","page","type-page","status-publish","hentry"],"_links":{"self":[{"href":"https:\/\/colosseo-roma.it\/fr\/wp-json\/wp\/v2\/pages\/71","targetHints":{"allow":["GET"]}}],"collection":[{"href":"https:\/\/colosseo-roma.it\/fr\/wp-json\/wp\/v2\/pages"}],"about":[{"href":"https:\/\/colosseo-roma.it\/fr\/wp-json\/wp\/v2\/types\/page"}],"author":[{"embeddable":true,"href":"https:\/\/colosseo-roma.it\/fr\/wp-json\/wp\/v2\/users\/1"}],"replies":[{"embeddable":true,"href":"https:\/\/colosseo-roma.it\/fr\/wp-json\/wp\/v2\/comments?post=71"}],"version-history":[{"count":0,"href":"https:\/\/colosseo-roma.it\/fr\/wp-json\/wp\/v2\/pages\/71\/revisions"}],"up":[{"embeddable":true,"href":"https:\/\/colosseo-roma.it\/fr\/wp-json\/wp\/v2\/pages\/558"}],"wp:attachment":[{"href":"https:\/\/colosseo-roma.it\/fr\/wp-json\/wp\/v2\/media?parent=71"}],"curies":[{"name":"wp","href":"https:\/\/api.w.org\/{rel}","templated":true}]}}