{"id":79,"date":"2023-03-10T11:34:57","date_gmt":"2023-03-10T10:34:57","guid":{"rendered":"https:\/\/wordpress-1074717-3818660.cloudwaysapps.com\/?page_id=79"},"modified":"2026-01-26T16:43:02","modified_gmt":"2026-01-26T15:43:02","slug":"via-salaria","status":"publish","type":"page","link":"https:\/\/colosseo-roma.it\/fr\/romains\/routes\/via-salaria\/","title":{"rendered":"Via Salaria"},"content":{"rendered":"<div data-elementor-type=\"wp-page\" data-elementor-id=\"79\" class=\"elementor elementor-79\" data-elementor-post-type=\"page\">\n\t\t\t\t\t\t<section class=\"elementor-section elementor-top-section elementor-element elementor-element-4934fd0 elementor-section-boxed elementor-section-height-default elementor-section-height-default\" data-id=\"4934fd0\" data-element_type=\"section\" data-settings=\"{&quot;jet_parallax_layout_list&quot;:[],&quot;ekit_has_onepagescroll_dot&quot;:&quot;yes&quot;}\">\n\t\t\t\t\t\t<div class=\"elementor-container elementor-column-gap-default\">\n\t\t\t\t\t<div class=\"elementor-column elementor-col-100 elementor-top-column elementor-element elementor-element-4a1806c\" data-id=\"4a1806c\" data-element_type=\"column\">\n\t\t\t<div class=\"elementor-widget-wrap elementor-element-populated\">\n\t\t\t\t\t\t<div class=\"elementor-element elementor-element-094bbac elementor-widget elementor-widget-heading\" data-id=\"094bbac\" data-element_type=\"widget\" data-settings=\"{&quot;ekit_we_effect_on&quot;:&quot;none&quot;}\" data-widget_type=\"heading.default\">\n\t\t\t\t<div class=\"elementor-widget-container\">\n\t\t\t<h1 class=\"elementor-heading-title elementor-size-default\">La Via Salaria<\/h1>\t\t<\/div>\n\t\t\t\t<\/div>\n\t\t\t\t<div class=\"elementor-element elementor-element-a6c2ce3 elementor-widget elementor-widget-heading\" data-id=\"a6c2ce3\" data-element_type=\"widget\" data-settings=\"{&quot;ekit_we_effect_on&quot;:&quot;none&quot;}\" data-widget_type=\"heading.default\">\n\t\t\t\t<div class=\"elementor-widget-container\">\n\t\t\t<div class=\"elementor-heading-title elementor-size-default\">Voies romaines, voies consulaires de la Rome antique<\/div>\t\t<\/div>\n\t\t\t\t<\/div>\n\t\t\t\t<div class=\"elementor-element elementor-element-1811a3a elementor-widget elementor-widget-text-editor\" data-id=\"1811a3a\" data-element_type=\"widget\" data-settings=\"{&quot;ekit_we_effect_on&quot;:&quot;none&quot;}\" data-widget_type=\"text-editor.default\">\n\t\t\t\t<div class=\"elementor-widget-container\">\n\t\t\t\t\t\t\t<p><em>L'ancienne route du sel romaine<\/em>.<\/p><p>La <strong>Via Salaria<\/strong>\u00a0est l'un des plus\u00a0<strong>anciennes routes consulaires<\/strong>Construite \u00e0 plusieurs reprises par les Romains eux-m\u00eames, elle va de la capitale \u00e0 la mer Adriatique, et est encore utilis\u00e9e aujourd'hui, plus connue sous le nom de route SS 4. Il s'agit en fait de la route entre Rome et Rieti.<\/p><p>Ce nom curieux remonte \u00e0 l'utilisation de la route par les Romains, qui transportaient principalement le sel r\u00e9colt\u00e9 dans les anciens marais salants probablement situ\u00e9s dans les Marches.<\/p><p>La\u00a0<strong>Route de Salaria<\/strong>\u00a0commence \u00e0 partir de\u00a0<strong>Murs d'Aur\u00e9lien<\/strong>\u00a0sortir vers\u00a0<strong>Porte de Salaria<\/strong>Il se dirige tout droit vers Forte Antenne pour traverser la rivi\u00e8re Aniene et, apr\u00e8s quelques kilom\u00e8tres, il arrive \u00e0 ce qui est aujourd'hui le hameau de Fidene.<\/p><p>\u00c0 l'origine, la route bifurquait entre des prairies et des zones assainies, avant d'\u00eatre assainie, en fait, disons que l'ass\u00e8chement final a eu lieu environ deux si\u00e8cles plus tard. La Via Salaria quitte la p\u00e9riph\u00e9rie de Rome en direction de\u00a0<strong>Settebagni<\/strong>\u00a0pour finalement prendre la direction de la\u00a0<strong>Tenuta Marcigliana Vecchia<\/strong>\u00a0o\u00f9 se trouvait une ancienne colonie romaine plus connue sous le nom de\u00a0<strong>Crustumerium<\/strong>. Un peu plus loin, nous commen\u00e7ons \u00e0 apercevoir les premi\u00e8res montagnes ; nous sommes maintenant au col de Corese en direction de Fara Sabina.<\/p><p>\u00c0 cet endroit, la Salaria se divise en deux sections tr\u00e8s importantes pour le commerce antique ; en effet, une rue de Ponte Buita se poursuit en direction de la ville.\u00a0<strong>via Cecilia<\/strong>\u00a0qui a conduit \u00e0\u00a0<strong>Atri<\/strong>\u00a0- l'ancienne Hatria - tandis que l'autre tronc a atteint\u00a0<strong>Rieti<\/strong>.<\/p><p>Avant Rieti, en effet, on peut distinguer deux tron\u00e7ons distincts, l'un qui s'oriente vers l'est, traverse les Apennins en direction de Sella di Corno pour dominer la plaine d'Amiternum dans les environs de l'actuel Eagle, emprunte le Passo delle Capannelle et se dirige vers Teramo, ou plut\u00f4t \u00e0 travers la ville appel\u00e9e Pretutii.<\/p><p>L'autre tronc de Rieti remonte la rivi\u00e8re Velino jusqu'aux Terme di Cotilia, exploit\u00e9s par les Romains, ou plut\u00f4t suffisamment exploit\u00e9s par une grande colonie pour ouvrir un centre de bien-\u00eatre \u00e0 proximit\u00e9, avec des eaux thermales chaudes et sulfureuses.<\/p><p>En continuant, on arrive \u00e0 Antrodoco, juste en dessous de Monte Giano, o\u00f9, l\u00e0 aussi, les Romains ont construit une autre station thermale. Mais la Salaria ne s'arr\u00eate pas, elle continue vers le nord en suivant le fleuve et en traversant des gorges et des montagnes. C'est l\u00e0 que la culture et la pr\u00e9paration des Romains sont incontestablement mises en \u00e9vidence. Pour surmonter tous ces \"impr\u00e9vus\", les ing\u00e9nieurs d'Auguste et de Trajan se sont surpass\u00e9s en adoptant des solutions techniques qui nous \u00e9tonnent encore aujourd'hui.<\/p><p>Apr\u00e8s avoir franchi les montagnes, la Via Salaria continue le long de la plaine de la vall\u00e9e du Tronto, dans la r\u00e9gion des Marches. On rencontre alors des villes connues et importantes encore aujourd'hui, comme Pescara del Tronto, Acquasanta Terme (exploit\u00e9e ici aussi par les Romains comme centre thermal gr\u00e2ce \u00e0 ses eaux albuleuses), Lettera, Posta, Favalanciata, Quintodecimo, pour arriver \u00e0 Ascoli Piceno. En continuant, on rencontre finalement la mer pr\u00e8s de Castrum Trentium, une localit\u00e9 proche de Porto d'Ascoli dans la commune de San Benedetto del Tronto.<\/p>\t\t\t\t\t\t<\/div>\n\t\t\t\t<\/div>\n\t\t\t\t\t<\/div>\n\t\t<\/div>\n\t\t\t\t\t<\/div>\n\t\t<\/section>\n\t\t\t\t<\/div>","protected":false},"excerpt":{"rendered":"<p>La Via Salaria Voies romaines, voies consulaires de la Rome antique L'ancienne route romaine du sel. La Via Salaria est l'une des plus anciennes voies consulaires, construite en plusieurs \u00e9tapes par les Romains eux-m\u00eames, elle va de la capitale \u00e0 la mer Adriatique. Elle est encore utilis\u00e9e aujourd'hui et est plus connue sous le nom de route SS 4. [...]<\/p>","protected":false},"author":1,"featured_media":0,"parent":75,"menu_order":5,"comment_status":"closed","ping_status":"closed","template":"","meta":{"site-sidebar-layout":"no-sidebar","site-content-layout":"page-builder","ast-site-content-layout":"full-width-container","site-content-style":"unboxed","site-sidebar-style":"unboxed","ast-global-header-display":"","ast-banner-title-visibility":"","ast-main-header-display":"","ast-hfb-above-header-display":"","ast-hfb-below-header-display":"","ast-hfb-mobile-header-display":"","site-post-title":"disabled","ast-breadcrumbs-content":"","ast-featured-img":"disabled","footer-sml-layout":"","ast-disable-related-posts":"","theme-transparent-header-meta":"default","adv-header-id-meta":"","stick-header-meta":"","header-above-stick-meta":"","header-main-stick-meta":"","header-below-stick-meta":"","astra-migrate-meta-layouts":"set","ast-page-background-enabled":"default","ast-page-background-meta":{"desktop":{"background-color":"var(--ast-global-color-4)","background-image":"","background-repeat":"repeat","background-position":"center center","background-size":"auto","background-attachment":"scroll","background-type":"","background-media":"","overlay-type":"","overlay-color":"","overlay-opacity":"","overlay-gradient":""},"tablet":{"background-color":"","background-image":"","background-repeat":"repeat","background-position":"center center","background-size":"auto","background-attachment":"scroll","background-type":"","background-media":"","overlay-type":"","overlay-color":"","overlay-opacity":"","overlay-gradient":""},"mobile":{"background-color":"","background-image":"","background-repeat":"repeat","background-position":"center center","background-size":"auto","background-attachment":"scroll","background-type":"","background-media":"","overlay-type":"","overlay-color":"","overlay-opacity":"","overlay-gradient":""}},"ast-content-background-meta":{"desktop":{"background-color":"var(--ast-global-color-5)","background-image":"","background-repeat":"repeat","background-position":"center center","background-size":"auto","background-attachment":"scroll","background-type":"","background-media":"","overlay-type":"","overlay-color":"","overlay-opacity":"","overlay-gradient":""},"tablet":{"background-color":"var(--ast-global-color-5)","background-image":"","background-repeat":"repeat","background-position":"center center","background-size":"auto","background-attachment":"scroll","background-type":"","background-media":"","overlay-type":"","overlay-color":"","overlay-opacity":"","overlay-gradient":""},"mobile":{"background-color":"var(--ast-global-color-5)","background-image":"","background-repeat":"repeat","background-position":"center center","background-size":"auto","background-attachment":"scroll","background-type":"","background-media":"","overlay-type":"","overlay-color":"","overlay-opacity":"","overlay-gradient":""}},"iawp_total_views":909,"footnotes":""},"class_list":["post-79","page","type-page","status-publish","hentry"],"_links":{"self":[{"href":"https:\/\/colosseo-roma.it\/fr\/wp-json\/wp\/v2\/pages\/79","targetHints":{"allow":["GET"]}}],"collection":[{"href":"https:\/\/colosseo-roma.it\/fr\/wp-json\/wp\/v2\/pages"}],"about":[{"href":"https:\/\/colosseo-roma.it\/fr\/wp-json\/wp\/v2\/types\/page"}],"author":[{"embeddable":true,"href":"https:\/\/colosseo-roma.it\/fr\/wp-json\/wp\/v2\/users\/1"}],"replies":[{"embeddable":true,"href":"https:\/\/colosseo-roma.it\/fr\/wp-json\/wp\/v2\/comments?post=79"}],"version-history":[{"count":0,"href":"https:\/\/colosseo-roma.it\/fr\/wp-json\/wp\/v2\/pages\/79\/revisions"}],"up":[{"embeddable":true,"href":"https:\/\/colosseo-roma.it\/fr\/wp-json\/wp\/v2\/pages\/75"}],"wp:attachment":[{"href":"https:\/\/colosseo-roma.it\/fr\/wp-json\/wp\/v2\/media?parent=79"}],"curies":[{"name":"wp","href":"https:\/\/api.w.org\/{rel}","templated":true}]}}