{"id":500,"date":"2023-03-28T09:10:05","date_gmt":"2023-03-28T08:10:05","guid":{"rendered":"https:\/\/wordpress-1074717-3818660.cloudwaysapps.com\/?page_id=500"},"modified":"2026-01-26T17:14:06","modified_gmt":"2026-01-26T16:14:06","slug":"%e5%9c%b0%e4%b8%8b%e3%83%84%e3%82%a2%e3%83%bc","status":"publish","type":"page","link":"https:\/\/colosseo-roma.it\/ja\/%e8%a8%aa%e5%95%8f\/%e3%82%ac%e3%82%a4%e3%83%89%e4%bb%98%e3%81%8d%e4%bd%93%e9%a8%93\/%e5%9c%b0%e4%b8%8b%e3%83%84%e3%82%a2%e3%83%bc\/","title":{"rendered":"\u5730\u4e0b\u30c4\u30a2\u30fc"},"content":{"rendered":"<div data-elementor-type=\"wp-page\" data-elementor-id=\"500\" class=\"elementor elementor-500\" data-elementor-post-type=\"page\">\n\t\t\t\t\t\t<section class=\"elementor-section elementor-top-section elementor-element elementor-element-9cac320 elementor-section-boxed elementor-section-height-default elementor-section-height-default\" data-id=\"9cac320\" data-element_type=\"section\" data-settings=\"{&quot;jet_parallax_layout_list&quot;:[],&quot;ekit_has_onepagescroll_dot&quot;:&quot;yes&quot;}\">\n\t\t\t\t\t\t<div class=\"elementor-container elementor-column-gap-default\">\n\t\t\t\t\t<div class=\"elementor-column elementor-col-100 elementor-top-column elementor-element elementor-element-7b4f1a2\" data-id=\"7b4f1a2\" data-element_type=\"column\" data-settings=\"{&quot;background_background&quot;:&quot;classic&quot;}\">\n\t\t\t<div class=\"elementor-widget-wrap elementor-element-populated\">\n\t\t\t\t\t\t<div class=\"elementor-element elementor-element-59d6f57 elementor-widget elementor-widget-heading\" data-id=\"59d6f57\" data-element_type=\"widget\" data-settings=\"{&quot;ekit_we_effect_on&quot;:&quot;none&quot;}\" data-widget_type=\"heading.default\">\n\t\t\t\t<div class=\"elementor-widget-container\">\n\t\t\t<h1 class=\"elementor-heading-title elementor-size-default\">\u5730\u4e0b\u30c4\u30a2\u30fc<\/h1>\t\t<\/div>\n\t\t\t\t<\/div>\n\t\t\t\t<div class=\"elementor-element elementor-element-1b9be50 elementor-widget elementor-widget-heading\" data-id=\"1b9be50\" data-element_type=\"widget\" data-settings=\"{&quot;ekit_we_effect_on&quot;:&quot;none&quot;}\" data-widget_type=\"heading.default\">\n\t\t\t\t<div class=\"elementor-widget-container\">\n\t\t\t<h4 class=\"elementor-heading-title elementor-size-default\">\u30b3\u30ed\u30c3\u30bb\u30aa\u306e\u5730\u4e0b\u3092\u8a2a\u306d\u308b<\/h4>\t\t<\/div>\n\t\t\t\t<\/div>\n\t\t\t\t<div class=\"elementor-element elementor-element-dcb0d1d elementor-widget elementor-widget-html\" data-id=\"dcb0d1d\" data-element_type=\"widget\" data-settings=\"{&quot;ekit_we_effect_on&quot;:&quot;none&quot;}\" data-widget_type=\"html.default\">\n\t\t\t\t<div class=\"elementor-widget-container\">\n\t\t\t<div data-tiqets-widget=\"discovery\" data-cards-layout=\"responsive\" data-content-type=\"product\" data-item_count=\"4\" data-destination-type=\"venue\" data-destination-id=\"145769\" data-partner=\"colosseo_roma\" data-tq-campaign=\"visita_guidata\"><\/div><script defer src=\"https:\/\/widgets.tiqets.com\/loader.js\"><\/script>\t\t<\/div>\n\t\t\t\t<\/div>\n\t\t\t\t<div class=\"elementor-element elementor-element-f49b65c elementor-widget elementor-widget-heading\" data-id=\"f49b65c\" data-element_type=\"widget\" data-settings=\"{&quot;ekit_we_effect_on&quot;:&quot;none&quot;}\" data-widget_type=\"heading.default\">\n\t\t\t\t<div class=\"elementor-widget-container\">\n\t\t\t<h5 class=\"elementor-heading-title elementor-size-default\">\u30b3\u30ed\u30c3\u30bb\u30aa\u306e\u5730\u4e0b\u30c4\u30a2\u30fc<\/h5>\t\t<\/div>\n\t\t\t\t<\/div>\n\t\t\t\t<div class=\"elementor-element elementor-element-37e8d7b elementor-widget elementor-widget-text-editor\" data-id=\"37e8d7b\" data-element_type=\"widget\" data-settings=\"{&quot;ekit_we_effect_on&quot;:&quot;none&quot;}\" data-widget_type=\"text-editor.default\">\n\t\t\t\t<div class=\"elementor-widget-container\">\n\t\t\t\t\t\t\t<p>\u5730\u4e0b\u5186\u5f62\u5287\u5834\u3092\u8a2a\u308c\u308b\u30d9\u30b9\u30c8\u30c4\u30a2\u30fc\u3092\u3054\u7d39\u4ecb\u3057\u307e\u3059\u3002<\/p>\t\t\t\t\t\t<\/div>\n\t\t\t\t<\/div>\n\t\t\t\t<div class=\"elementor-element elementor-element-d322210 elementor-widget elementor-widget-heading\" data-id=\"d322210\" data-element_type=\"widget\" data-settings=\"{&quot;ekit_we_effect_on&quot;:&quot;none&quot;}\" data-widget_type=\"heading.default\">\n\t\t\t\t<div class=\"elementor-widget-container\">\n\t\t\t<h5 class=\"elementor-heading-title elementor-size-default\">\u30b3\u30ed\u30c3\u30bb\u30aa\u3068\u5730\u4e0b\u30c4\u30a2\u30fc\u3092\u9078\u3076\u7406\u7531<\/h5>\t\t<\/div>\n\t\t\t\t<\/div>\n\t\t\t\t<div class=\"elementor-element elementor-element-c5c91e8 elementor-widget elementor-widget-text-editor\" data-id=\"c5c91e8\" data-element_type=\"widget\" data-settings=\"{&quot;ekit_we_effect_on&quot;:&quot;none&quot;}\" data-widget_type=\"text-editor.default\">\n\t\t\t\t<div class=\"elementor-widget-container\">\n\t\t\t\t\t\t\t<ul><li>\u30b3\u30ed\u30c3\u30bb\u30aa\u306e\u5730\u4e0b\u901a\u8def\u3092\u5de1\u308b\u30c4\u30a2\u30fc\u306f\u3001\u30ed\u30fc\u30de\u306e\u6709\u540d\u306a\u53e4\u4ee3\u5186\u5f62\u95d8\u6280\u5834\u306e\u3001\u30ac\u30a4\u30c9\u30c4\u30a2\u30fc\u306a\u3057\u3067\u306f\u884c\u304f\u3053\u3068\u306e\u3067\u304d\u306a\u3044\u96a0\u308c\u305f\u30a8\u30ea\u30a2\u306b\u30a2\u30af\u30bb\u30b9\u3067\u304d\u308b\u30e6\u30cb\u30fc\u30af\u306a\u4f53\u9a13\u3067\u3059\u3002\u00a0<\/li><li>\u30c4\u30a2\u30fc\u3067\u306f\u3001\u5263\u95d8\u58eb\u304c\u821e\u53f0\u306b\u4e0a\u304c\u308b\u6e96\u5099\u3092\u3057\u305f\u5730\u4e0b\u30a8\u30ea\u30a2\u3092\u63a2\u691c\u3057\u3001\u5186\u5f62\u95d8\u6280\u5834\u306e\u6b74\u53f2\u306b\u3064\u3044\u3066\u5b66\u3076\u6a5f\u4f1a\u304c\u4e0e\u3048\u3089\u308c\u308b\u3002\u00a0<\/li><li>\u30b3\u30ed\u30c3\u30bb\u30aa\u5730\u4e0b\u30c4\u30a2\u30fc\u306b\u306f\u3001\u30b9\u30ad\u30c3\u30d7\u30fb\u30b6\u30fb\u30e9\u30a4\u30f3\u30fb\u30c1\u30b1\u30c3\u30c8\u306b\u3088\u308b\u30b3\u30ed\u30c3\u30bb\u30aa\u3078\u306e\u512a\u5148\u5165\u5834\u304c\u542b\u307e\u308c\u308b\u3002<\/li><li>\u7d4c\u9a13\u8c4a\u5bcc\u306a\u30ac\u30a4\u30c9\u304c\u30a2\u30ea\u30fc\u30ca\u306e\u79d8\u5bc6\u3092\u7d39\u4ecb\u3057\u3001\u52d5\u7269\u304c\u30a2\u30ea\u30fc\u30ca\u306b\u5165\u308b\u305f\u3081\u306e\u4ed5\u7d44\u307f\u306a\u3069\u3001\u30b7\u30e7\u30fc\u306e\u80cc\u5f8c\u306b\u3042\u308b\u6280\u8853\u3084\u7d44\u7e54\u3092\u9451\u8cde\u3059\u308b\u3053\u3068\u304c\u3067\u304d\u308b\u3002\u00a0<\/li><\/ul>\t\t\t\t\t\t<\/div>\n\t\t\t\t<\/div>\n\t\t\t\t\t<\/div>\n\t\t<\/div>\n\t\t\t\t\t<\/div>\n\t\t<\/section>\n\t\t\t\t<\/div>","protected":false},"excerpt":{"rendered":"<p>Tour sotterranei VISITA I SOTTERRANEI DEL COLOSSEO Tour dei sotterranei del Colosseo Questa \u00e8 la nostra selezione dei migliori tour per visitare i sotterranei dell&#8217;anfiteatro Perch\u00e8 scegliere il tour del colosseo e sotterranei? Un tour dei sotterranei del Colosseo \u00e8 un&#8217;esperienza unica che ti permette di accedere alle zone nascoste del famoso anfiteatro antico di Roma, alle quali non si pu\u00f2 accedere senza la visita guidata. Durante il tour, ti verr\u00e0 data l&#8217;opportunit\u00e0 di esplorare l&#8217;area sotterranea dove i gladiatori si preparavano per entrare in scena e di approfondire al meglio la storia del l&#8217;anfiteatro. Il tour dei sotterranei del Colosseo include l&#8217;accesso prioritario al Colosseo, con il biglietto salta [&hellip;]<\/p>","protected":false},"author":1,"featured_media":0,"parent":494,"menu_order":3,"comment_status":"closed","ping_status":"closed","template":"","meta":{"site-sidebar-layout":"no-sidebar","site-content-layout":"page-builder","ast-site-content-layout":"full-width-container","site-content-style":"unboxed","site-sidebar-style":"unboxed","ast-global-header-display":"","ast-banner-title-visibility":"","ast-main-header-display":"","ast-hfb-above-header-display":"","ast-hfb-below-header-display":"","ast-hfb-mobile-header-display":"","site-post-title":"disabled","ast-breadcrumbs-content":"","ast-featured-img":"disabled","footer-sml-layout":"","ast-disable-related-posts":"","theme-transparent-header-meta":"default","adv-header-id-meta":"","stick-header-meta":"","header-above-stick-meta":"","header-main-stick-meta":"","header-below-stick-meta":"","astra-migrate-meta-layouts":"set","ast-page-background-enabled":"default","ast-page-background-meta":{"desktop":{"background-color":"var(--ast-global-color-4)","background-image":"","background-repeat":"repeat","background-position":"center center","background-size":"auto","background-attachment":"scroll","background-type":"","background-media":"","overlay-type":"","overlay-color":"","overlay-opacity":"","overlay-gradient":""},"tablet":{"background-color":"","background-image":"","background-repeat":"repeat","background-position":"center center","background-size":"auto","background-attachment":"scroll","background-type":"","background-media":"","overlay-type":"","overlay-color":"","overlay-opacity":"","overlay-gradient":""},"mobile":{"background-color":"","background-image":"","background-repeat":"repeat","background-position":"center center","background-size":"auto","background-attachment":"scroll","background-type":"","background-media":"","overlay-type":"","overlay-color":"","overlay-opacity":"","overlay-gradient":""}},"ast-content-background-meta":{"desktop":{"background-color":"var(--ast-global-color-5)","background-image":"","background-repeat":"repeat","background-position":"center center","background-size":"auto","background-attachment":"scroll","background-type":"","background-media":"","overlay-type":"","overlay-color":"","overlay-opacity":"","overlay-gradient":""},"tablet":{"background-color":"var(--ast-global-color-5)","background-image":"","background-repeat":"repeat","background-position":"center center","background-size":"auto","background-attachment":"scroll","background-type":"","background-media":"","overlay-type":"","overlay-color":"","overlay-opacity":"","overlay-gradient":""},"mobile":{"background-color":"var(--ast-global-color-5)","background-image":"","background-repeat":"repeat","background-position":"center center","background-size":"auto","background-attachment":"scroll","background-type":"","background-media":"","overlay-type":"","overlay-color":"","overlay-opacity":"","overlay-gradient":""}},"iawp_total_views":4734,"footnotes":""},"class_list":["post-500","page","type-page","status-publish","hentry"],"_links":{"self":[{"href":"https:\/\/colosseo-roma.it\/ja\/wp-json\/wp\/v2\/pages\/500","targetHints":{"allow":["GET"]}}],"collection":[{"href":"https:\/\/colosseo-roma.it\/ja\/wp-json\/wp\/v2\/pages"}],"about":[{"href":"https:\/\/colosseo-roma.it\/ja\/wp-json\/wp\/v2\/types\/page"}],"author":[{"embeddable":true,"href":"https:\/\/colosseo-roma.it\/ja\/wp-json\/wp\/v2\/users\/1"}],"replies":[{"embeddable":true,"href":"https:\/\/colosseo-roma.it\/ja\/wp-json\/wp\/v2\/comments?post=500"}],"version-history":[{"count":0,"href":"https:\/\/colosseo-roma.it\/ja\/wp-json\/wp\/v2\/pages\/500\/revisions"}],"up":[{"embeddable":true,"href":"https:\/\/colosseo-roma.it\/ja\/wp-json\/wp\/v2\/pages\/494"}],"wp:attachment":[{"href":"https:\/\/colosseo-roma.it\/ja\/wp-json\/wp\/v2\/media?parent=500"}],"curies":[{"name":"wp","href":"https:\/\/api.w.org\/{rel}","templated":true}]}}