{"id":71,"date":"2023-03-10T11:33:40","date_gmt":"2023-03-10T10:33:40","guid":{"rendered":"https:\/\/wordpress-1074717-3818660.cloudwaysapps.com\/?page_id=71"},"modified":"2026-01-26T16:44:22","modified_gmt":"2026-01-26T15:44:22","slug":"%e3%82%a4%e3%83%b3%e3%83%9a%e3%83%aa%e3%82%a2%e3%83%ab%e3%83%95%e3%82%a9%e3%83%bc%e3%83%a9%e3%83%a0","status":"publish","type":"page","link":"https:\/\/colosseo-roma.it\/ja\/%e3%82%a2%e3%83%88%e3%83%a9%e3%82%af%e3%82%b7%e3%83%a7%e3%83%b3%e3%83%bb%e3%83%ad%e3%83%bc%e3%83%9e\/%e3%82%a4%e3%83%b3%e3%83%9a%e3%83%aa%e3%82%a2%e3%83%ab%e3%83%95%e3%82%a9%e3%83%bc%e3%83%a9%e3%83%a0\/","title":{"rendered":"\u30a4\u30f3\u30da\u30ea\u30a2\u30eb\u30fb\u30d5\u30a9\u30fc\u30e9\u30e0"},"content":{"rendered":"<div data-elementor-type=\"wp-page\" data-elementor-id=\"71\" class=\"elementor elementor-71\" data-elementor-post-type=\"page\">\n\t\t\t\t\t\t<section class=\"elementor-section elementor-top-section elementor-element elementor-element-102e3b5 elementor-section-boxed elementor-section-height-default elementor-section-height-default\" data-id=\"102e3b5\" data-element_type=\"section\" data-settings=\"{&quot;jet_parallax_layout_list&quot;:[],&quot;ekit_has_onepagescroll_dot&quot;:&quot;yes&quot;}\">\n\t\t\t\t\t\t<div class=\"elementor-container elementor-column-gap-default\">\n\t\t\t\t\t<div class=\"elementor-column elementor-col-100 elementor-top-column elementor-element elementor-element-28b8b1b\" data-id=\"28b8b1b\" data-element_type=\"column\" data-settings=\"{&quot;background_background&quot;:&quot;classic&quot;}\">\n\t\t\t<div class=\"elementor-widget-wrap elementor-element-populated\">\n\t\t\t\t\t\t<div class=\"elementor-element elementor-element-ae20f72 elementor-widget elementor-widget-heading\" data-id=\"ae20f72\" data-element_type=\"widget\" data-settings=\"{&quot;ekit_we_effect_on&quot;:&quot;none&quot;}\" data-widget_type=\"heading.default\">\n\t\t\t\t<div class=\"elementor-widget-container\">\n\t\t\t<h1 class=\"elementor-heading-title elementor-size-default\">\u30a4\u30f3\u30da\u30ea\u30a2\u30eb\u30fb\u30d5\u30a9\u30fc\u30e9\u30e0<\/h1>\t\t<\/div>\n\t\t\t\t<\/div>\n\t\t\t\t<div class=\"elementor-element elementor-element-58ed21b elementor-widget elementor-widget-heading\" data-id=\"58ed21b\" data-element_type=\"widget\" data-settings=\"{&quot;ekit_we_effect_on&quot;:&quot;none&quot;}\" data-widget_type=\"heading.default\">\n\t\t\t\t<div class=\"elementor-widget-container\">\n\t\t\t<div class=\"elementor-heading-title elementor-size-default\">\u30a4\u30f3\u30da\u30ea\u30a2\u30eb\u30fb\u30d5\u30a9\u30fc\u30e9\u30e0\u3002\u30ed\u30fc\u30de\u4e2d\u5fc3\u90e8\u306b\u6b74\u4ee3\u7687\u5e1d\u306b\u3088\u3063\u3066\u5efa\u8a2d\u3055\u308c\u305f\u8a18\u5ff5\u7891\u7684\u306a\u5e83\u5834\u3002<\/div>\t\t<\/div>\n\t\t\t\t<\/div>\n\t\t\t\t<div class=\"elementor-element elementor-element-cf9078d elementor-widget elementor-widget-jet-unfold\" data-id=\"cf9078d\" data-element_type=\"widget\" data-settings=\"{&quot;mask_height&quot;:{&quot;unit&quot;:&quot;px&quot;,&quot;size&quot;:57,&quot;sizes&quot;:[]},&quot;mask_height_tablet&quot;:{&quot;unit&quot;:&quot;px&quot;,&quot;size&quot;:53,&quot;sizes&quot;:[]},&quot;mask_height_mobile&quot;:{&quot;unit&quot;:&quot;px&quot;,&quot;size&quot;:100,&quot;sizes&quot;:[]},&quot;unfold_duration&quot;:{&quot;unit&quot;:&quot;ms&quot;,&quot;size&quot;:500,&quot;sizes&quot;:[]},&quot;unfold_easing&quot;:&quot;easeOutBack&quot;,&quot;fold_duration&quot;:{&quot;unit&quot;:&quot;ms&quot;,&quot;size&quot;:300,&quot;sizes&quot;:[]},&quot;fold_easing&quot;:&quot;easeOutSine&quot;,&quot;ekit_we_effect_on&quot;:&quot;none&quot;}\" data-widget_type=\"jet-unfold.default\">\n\t\t\t\t<div class=\"elementor-widget-container\">\n\t\t\t\t\t<div class=\"jet-unfold\" data-settings=\"{&quot;height&quot;:{&quot;unit&quot;:&quot;px&quot;,&quot;size&quot;:57,&quot;sizes&quot;:[]},&quot;separatorHeight&quot;:{&quot;unit&quot;:&quot;px&quot;,&quot;size&quot;:&quot;&quot;,&quot;sizes&quot;:[]},&quot;unfoldDuration&quot;:{&quot;unit&quot;:&quot;ms&quot;,&quot;size&quot;:500,&quot;sizes&quot;:[]},&quot;foldDuration&quot;:{&quot;unit&quot;:&quot;ms&quot;,&quot;size&quot;:300,&quot;sizes&quot;:[]},&quot;unfoldEasing&quot;:&quot;easeOutBack&quot;,&quot;foldEasing&quot;:&quot;easeOutSine&quot;,&quot;foldScrolling&quot;:&quot;false&quot;,&quot;hideOutsideClick&quot;:&quot;false&quot;,&quot;autoHide&quot;:&quot;false&quot;,&quot;autoHideTime&quot;:&quot;&quot;,&quot;foldScrollOffset&quot;:null}\">\n\t\t\t<div class=\"jet-unfold__inner\">\n\t\t\t\t<div class=\"jet-unfold__mask\">\n\t\t\t\t\t<div class=\"jet-unfold__content\">\n\t\t\t\t\t\t<div class=\"jet-unfold__content-inner elementor-text-editor elementor-clearfix\"><p>\u5e1d\u653f\u6642\u4ee3\u306e\u30ed\u30fc\u30de\u30fb\u30d5\u30a9\u30fc\u30e9\u30e0\u3001\u8857\u306e\u4e2d\u5fc3\u306b\u3042\u308b\u8a18\u5ff5\u7891\u7684\u306a\u5e83\u5834\u3002<br \/>\u30a4\u30f3\u30da\u30ea\u30a2\u30eb\u30fb\u30d5\u30a9\u30fc\u30e9\u30e0\u306f\u3001\u7d04150\u5e74\u9593\uff08\u7d00\u5143\u524d46\u5e74\u304b\u3089\u7d00\u5143\u5f8c113\u5e74\u307e\u3067\uff09\u306b\u308f\u305f\u3063\u3066\u6b74\u4ee3\u7687\u5e1d\u306b\u3088\u3063\u3066\u5efa\u8a2d\u3055\u308c\u305f\u8a18\u5ff5\u7891\u7684\u306a\u5e83\u5834\u3067\u3042\u308b\u3002<\/p><\/div>\n\t\t\t\t\t<\/div>\n\t\t\t\t\t<div class=\"jet-unfold__separator\"><\/div>\n\t\t\t\t<\/div>\n\t\t\t\t<div class=\"jet-unfold__trigger\"><div class=\"jet-unfold__button elementor-button elementor-size-md\" href=\"#\" data-unfold-text=\"Mostra di pi\u00f9\" data-fold-text=\"Mostra meno\" data-fold-icon=\"&lt;i aria-hidden=&quot;true&quot; class=&quot;fas fa-chevron-up&quot;&gt;&lt;\/i&gt;\" data-unfold-icon=\"&lt;i aria-hidden=&quot;true&quot; class=&quot;fas fa-chevron-down&quot;&gt;&lt;\/i&gt;\" tabindex=\"0\" role=\"button\"><span class=\"jet-unfold__button-icon jet-tricks-icon\"><i aria-hidden=\"true\" class=\"fas fa-chevron-down\"><\/i><\/span><span class=\"jet-unfold__button-text\">\u3082\u3063\u3068\u898b\u308b<\/span><\/div>\t\t\t\t<\/div>\n\t\t\t<\/div>\n\t\t<\/div>\n\t\t\t\t<\/div>\n\t\t\t\t<\/div>\n\t\t\t\t<section data-dce-background-image-url=\"https:\/\/colosseo-roma.it\/wp-content\/uploads\/2023\/03\/passeggiata-roma-fori-imperiali.jpg\" class=\"elementor-section elementor-inner-section elementor-element elementor-element-c170afc elementor-section-height-min-height elementor-section-boxed elementor-section-height-default\" data-id=\"c170afc\" data-element_type=\"section\" data-settings=\"{&quot;jet_parallax_layout_list&quot;:[],&quot;background_background&quot;:&quot;classic&quot;,&quot;ekit_has_onepagescroll_dot&quot;:&quot;yes&quot;}\">\n\t\t\t\t\t\t<div class=\"elementor-container elementor-column-gap-default\">\n\t\t\t\t\t<div class=\"elementor-column elementor-col-100 elementor-inner-column elementor-element elementor-element-109d3f3\" data-id=\"109d3f3\" data-element_type=\"column\" data-settings=\"{&quot;background_background&quot;:&quot;classic&quot;}\">\n\t\t\t<div class=\"elementor-widget-wrap\">\n\t\t\t\t\t\t\t<\/div>\n\t\t<\/div>\n\t\t\t\t\t<\/div>\n\t\t<\/section>\n\t\t\t\t<div class=\"elementor-element elementor-element-7819275 elementor-widget elementor-widget-text-editor\" data-id=\"7819275\" data-element_type=\"widget\" data-settings=\"{&quot;ekit_we_effect_on&quot;:&quot;none&quot;}\" data-widget_type=\"text-editor.default\">\n\t\t\t\t<div class=\"elementor-widget-container\">\n\t\t\t\t\t\t\t<p>\u30ed\u30fc\u30de\u90fd\u5e02\u306e\u4e2d\u5fc3\u90e8\u3002<\/p><p>\u3053\u308c\u3089\u306e\u5e83\u5834\u306f\u884c\u653f\u6d3b\u52d5\u3084\u5100\u5f0f\u306b\u4f7f\u308f\u308c\u3001\u5e1d\u56fd\u306e\u73fe\u5b9f\u306b\u3075\u3055\u308f\u3057\u3044\u795d\u5178\u3084\u5100\u5f0f\u306e\u5834\u3068\u8003\u3048\u3089\u308c\u3066\u3044\u305f\u3002<\/p><p>\u4e00\u65b9\u3001\u30ed\u30fc\u30de\u306e\u5e83\u5834\uff08\u65e7\u5171\u548c\u5e83\u5834\uff09\u306f\u3001\u738b\u306e\u6642\u4ee3\uff08\u7d00\u5143\u524d6\u4e16\u7d00\uff09\u306b\u3055\u304b\u306e\u307c\u308a\u3001\u4f55\u4e16\u7d00\u306b\u3082\u308f\u305f\u3063\u3066\u30ed\u30fc\u30de\u306e\u653f\u6cbb\u3001\u7d4c\u6e08\u3001\u5b97\u6559\u306e\u4e2d\u5fc3\u5730\u3068\u3055\u308c\u3066\u304d\u305f\u3002<\/p><p>\u5e1d\u56fd\u306e\u5efa\u7bc9\u306f\u3001\u3053\u308c\u3089\u306e\u9a5a\u7570\u7684\u306a\u8907\u5408\u5efa\u9020\u7269\u306e\u5efa\u8a2d\u306b\u3088\u3063\u3066\u3001\u7279\u306b\u88c5\u98fe\u3068\u5f6b\u523b\u306e\u8c4a\u304b\u3055\u306b\u304a\u3044\u3066\u3001\u975e\u5e38\u306b\u9ad8\u3044\u30ec\u30d9\u30eb\u306b\u9054\u3057\u305f\u3002<\/p><p>\u30ed\u30fc\u30de\u30fb\u30d5\u30a9\u30fc\u30e9\u30e0\u3092\u8a2a\u308c\u308b\u3053\u3068\u306f\u3001\u30e6\u30cb\u30fc\u30af\u3067\u9b45\u529b\u7684\u306a\u4f53\u9a13\u3068\u306a\u308b\u3002\u305d\u306e\u4e2d\u3092\u901a\u308a\u629c\u3051\u3001\u907a\u8de1\u306e\u9593\u3092\u6b69\u304d\u3001\u4f55\u4e16\u7d00\u306b\u3082\u308f\u305f\u3063\u3066\u7121\u50b7\u306e\u307e\u307e\u6b8b\u3063\u3066\u3044\u308b\u3082\u306e\u306b\u611f\u5606\u3059\u308c\u3070\u3001\u8ab0\u3082\u304c\u7279\u5225\u3067\u72ec\u7279\u306a\u96f0\u56f2\u6c17\u306b\u5305\u307e\u308c\u308b\u3053\u3068\u3060\u308d\u3046\u3002<\/p><p>\u30ed\u30fc\u30de\u30fb\u30d5\u30a9\u30fc\u30e9\u30e0\u306f\u4ee5\u4e0b\u306e\u65e5\u4ed8\u306b\u767a\u8db3\u3057\u305f\uff1a<\/p><ul><li>\u30ab\u30a8\u30b5\u30eb\u306e\u30d5\u30a9\u30fc\u30e9\u30e0\uff08\u7d00\u5143\u524d46\u5e74\uff09<\/li><li>\u30a2\u30a6\u30b0\u30b9\u30c8\u30a5\u30b9\u306e\u30d5\u30a9\u30fc\u30e9\u30e0\uff08\u7d00\u5143\u524d2\u5e74\uff09<\/li><li>\u5e73\u548c\u795e\u6bbf\uff08\u897f\u66a675\u5e74\uff09<\/li><li>\u30cd\u30eb\u30f4\u30a1\u306e\u30d5\u30a9\u30fc\u30e9\u30e0\uff08\u897f\u66a698\u5e74\uff09<\/li><li>\u30c8\u30e9\u30e4\u30cc\u30b9\u306e\u30d5\u30a9\u30fc\u30e9\u30e0\uff08\u897f\u66a6112\u5e74\u3068113\u5e74\uff09<\/li><\/ul>\t\t\t\t\t\t<\/div>\n\t\t\t\t<\/div>\n\t\t\t\t\t<\/div>\n\t\t<\/div>\n\t\t\t\t\t<\/div>\n\t\t<\/section>\n\t\t\t\t<\/div>","protected":false},"excerpt":{"rendered":"<p>Fori Imperiali Fori imperiali. Monumentali piazze edificate dagli imperatori nel centro della citt\u00e0 di Roma I fori romani dell\u2019et\u00e0 imperiale, monumentali piazze al centro della citt\u00e0. I fori imperiali costituiscono un insieme di monumentali piazze edificate, dagli imperatori, in un periodo di circa 150 anni (tra il 46 a.C. E il 113 d.C.) Mostra di pi\u00f9 Nel centro della citt\u00e0 romana. Queste piazze erano usate per svolgere attivit\u00e0 amministrative e cerimonie, erano considerati degli spazi celebrativi e di rappresentanza adatti alla realt\u00e0 imperiale. Il foro romano (la vecchia piazza repubblicana), invece risale all\u2019et\u00e0 regia (vi secolo a.C.) E viene considerato per secoli il centro politico, economico e religioso di Roma. [&hellip;]<\/p>","protected":false},"author":1,"featured_media":0,"parent":558,"menu_order":14,"comment_status":"closed","ping_status":"closed","template":"","meta":{"site-sidebar-layout":"no-sidebar","site-content-layout":"page-builder","ast-site-content-layout":"full-width-container","site-content-style":"unboxed","site-sidebar-style":"unboxed","ast-global-header-display":"","ast-banner-title-visibility":"","ast-main-header-display":"","ast-hfb-above-header-display":"","ast-hfb-below-header-display":"","ast-hfb-mobile-header-display":"","site-post-title":"disabled","ast-breadcrumbs-content":"","ast-featured-img":"disabled","footer-sml-layout":"","ast-disable-related-posts":"","theme-transparent-header-meta":"default","adv-header-id-meta":"","stick-header-meta":"","header-above-stick-meta":"","header-main-stick-meta":"","header-below-stick-meta":"","astra-migrate-meta-layouts":"set","ast-page-background-enabled":"default","ast-page-background-meta":{"desktop":{"background-color":"var(--ast-global-color-4)","background-image":"","background-repeat":"repeat","background-position":"center center","background-size":"auto","background-attachment":"scroll","background-type":"","background-media":"","overlay-type":"","overlay-color":"","overlay-opacity":"","overlay-gradient":""},"tablet":{"background-color":"","background-image":"","background-repeat":"repeat","background-position":"center center","background-size":"auto","background-attachment":"scroll","background-type":"","background-media":"","overlay-type":"","overlay-color":"","overlay-opacity":"","overlay-gradient":""},"mobile":{"background-color":"","background-image":"","background-repeat":"repeat","background-position":"center center","background-size":"auto","background-attachment":"scroll","background-type":"","background-media":"","overlay-type":"","overlay-color":"","overlay-opacity":"","overlay-gradient":""}},"ast-content-background-meta":{"desktop":{"background-color":"var(--ast-global-color-5)","background-image":"","background-repeat":"repeat","background-position":"center center","background-size":"auto","background-attachment":"scroll","background-type":"","background-media":"","overlay-type":"","overlay-color":"","overlay-opacity":"","overlay-gradient":""},"tablet":{"background-color":"var(--ast-global-color-5)","background-image":"","background-repeat":"repeat","background-position":"center center","background-size":"auto","background-attachment":"scroll","background-type":"","background-media":"","overlay-type":"","overlay-color":"","overlay-opacity":"","overlay-gradient":""},"mobile":{"background-color":"var(--ast-global-color-5)","background-image":"","background-repeat":"repeat","background-position":"center center","background-size":"auto","background-attachment":"scroll","background-type":"","background-media":"","overlay-type":"","overlay-color":"","overlay-opacity":"","overlay-gradient":""}},"iawp_total_views":933,"footnotes":""},"class_list":["post-71","page","type-page","status-publish","hentry"],"_links":{"self":[{"href":"https:\/\/colosseo-roma.it\/ja\/wp-json\/wp\/v2\/pages\/71","targetHints":{"allow":["GET"]}}],"collection":[{"href":"https:\/\/colosseo-roma.it\/ja\/wp-json\/wp\/v2\/pages"}],"about":[{"href":"https:\/\/colosseo-roma.it\/ja\/wp-json\/wp\/v2\/types\/page"}],"author":[{"embeddable":true,"href":"https:\/\/colosseo-roma.it\/ja\/wp-json\/wp\/v2\/users\/1"}],"replies":[{"embeddable":true,"href":"https:\/\/colosseo-roma.it\/ja\/wp-json\/wp\/v2\/comments?post=71"}],"version-history":[{"count":0,"href":"https:\/\/colosseo-roma.it\/ja\/wp-json\/wp\/v2\/pages\/71\/revisions"}],"up":[{"embeddable":true,"href":"https:\/\/colosseo-roma.it\/ja\/wp-json\/wp\/v2\/pages\/558"}],"wp:attachment":[{"href":"https:\/\/colosseo-roma.it\/ja\/wp-json\/wp\/v2\/media?parent=71"}],"curies":[{"name":"wp","href":"https:\/\/api.w.org\/{rel}","templated":true}]}}