{"id":1198,"date":"2023-03-31T20:37:17","date_gmt":"2023-03-31T19:37:17","guid":{"rendered":"https:\/\/wordpress-1074717-3818660.cloudwaysapps.com\/?page_id=1198"},"modified":"2026-01-26T16:51:39","modified_gmt":"2026-01-26T15:51:39","slug":"colosseumplein","status":"publish","type":"page","link":"https:\/\/colosseo-roma.it\/nl\/archeologisch-park-colosseum\/colosseumplein\/","title":{"rendered":"Colosseumplein"},"content":{"rendered":"<div data-elementor-type=\"wp-page\" data-elementor-id=\"1198\" class=\"elementor elementor-1198\" data-elementor-post-type=\"page\">\n\t\t\t\t\t\t<section class=\"elementor-section elementor-top-section elementor-element elementor-element-b3da0d5 elementor-section-boxed elementor-section-height-default elementor-section-height-default\" data-id=\"b3da0d5\" data-element_type=\"section\" data-settings=\"{&quot;jet_parallax_layout_list&quot;:[],&quot;ekit_has_onepagescroll_dot&quot;:&quot;yes&quot;}\">\n\t\t\t\t\t\t<div class=\"elementor-container elementor-column-gap-default\">\n\t\t\t\t\t<div class=\"elementor-column elementor-col-100 elementor-top-column elementor-element elementor-element-166a491\" data-id=\"166a491\" data-element_type=\"column\" data-settings=\"{&quot;background_background&quot;:&quot;classic&quot;}\">\n\t\t\t<div class=\"elementor-widget-wrap elementor-element-populated\">\n\t\t\t\t\t\t<div class=\"elementor-element elementor-element-19261b7 elementor-widget elementor-widget-heading\" data-id=\"19261b7\" data-element_type=\"widget\" data-settings=\"{&quot;ekit_we_effect_on&quot;:&quot;none&quot;}\" data-widget_type=\"heading.default\">\n\t\t\t\t<div class=\"elementor-widget-container\">\n\t\t\t<h1 class=\"elementor-heading-title elementor-size-default\">Colosseumplein<\/h1>\t\t<\/div>\n\t\t\t\t<\/div>\n\t\t\t\t<div class=\"elementor-element elementor-element-e3b357d elementor-widget elementor-widget-heading\" data-id=\"e3b357d\" data-element_type=\"widget\" data-settings=\"{&quot;ekit_we_effect_on&quot;:&quot;none&quot;}\" data-widget_type=\"heading.default\">\n\t\t\t\t<div class=\"elementor-widget-container\">\n\t\t\t<h4 class=\"elementor-heading-title elementor-size-default\">Het Colosseumplein in het hart van Rome<\/h4>\t\t<\/div>\n\t\t\t\t<\/div>\n\t\t\t\t<div class=\"elementor-element elementor-element-c209607 elementor-widget elementor-widget-text-editor\" data-id=\"c209607\" data-element_type=\"widget\" data-settings=\"{&quot;ekit_we_effect_on&quot;:&quot;none&quot;}\" data-widget_type=\"text-editor.default\">\n\t\t\t\t<div class=\"elementor-widget-container\">\n\t\t\t\t\t\t\t<p>Op deze plek staat het beroemdste monument ter wereld. Het Piazza del Colosseo in Rome ontdekken is een reis door de tijd maken en tegelijkertijd een van de zeven wereldwonderen bewonderen.<\/p>\t\t\t\t\t\t<\/div>\n\t\t\t\t<\/div>\n\t\t\t\t<div class=\"elementor-element elementor-element-6053d41 elementor-widget elementor-widget-heading\" data-id=\"6053d41\" data-element_type=\"widget\" data-settings=\"{&quot;ekit_we_effect_on&quot;:&quot;none&quot;}\" data-widget_type=\"heading.default\">\n\t\t\t\t<div class=\"elementor-widget-container\">\n\t\t\t<h4 class=\"elementor-heading-title elementor-size-default\">Het Colosseumplein in het hart van Rome<\/h4>\t\t<\/div>\n\t\t\t\t<\/div>\n\t\t\t\t<div class=\"elementor-element elementor-element-5bae7cf elementor-widget elementor-widget-text-editor\" data-id=\"5bae7cf\" data-element_type=\"widget\" data-settings=\"{&quot;ekit_we_effect_on&quot;:&quot;none&quot;}\" data-widget_type=\"text-editor.default\">\n\t\t\t\t<div class=\"elementor-widget-container\">\n\t\t\t\t\t\t\t<p>In het midden van het Piazza del Colosseo staat het meest iconische monument van Rome, een symbool van de stad en van Itali\u00eb in de hele wereld: het Colosseum. Het gebied waar het plein nu ligt, werd ooit ingenomen door de vijver van Nero's Domus Aurea, waar het kolossale standbeeld van de keizer weerspiegeld werd, waardoor het Flavische Amfitheater de naam kreeg waaronder het nu algemeen bekend is. Het plein ligt tussen de wijken Monti, Campitelli en Celio en is een kruispunt tussen de Via dei Fori Imperiali en de Via Claudia, een van de oudste Romeinse wegen. Het is dan ook niet verwonderlijk dat het Piazza del Colosseo een van de meest bezochte plaatsen ter wereld is.<\/p>\t\t\t\t\t\t<\/div>\n\t\t\t\t<\/div>\n\t\t\t\t<div class=\"elementor-element elementor-element-dfd33c9 elementor-widget elementor-widget-heading\" data-id=\"dfd33c9\" data-element_type=\"widget\" data-settings=\"{&quot;ekit_we_effect_on&quot;:&quot;none&quot;}\" data-widget_type=\"heading.default\">\n\t\t\t\t<div class=\"elementor-widget-container\">\n\t\t\t<h5 class=\"elementor-heading-title elementor-size-default\">Belangrijke informatie voor uw bezoek:<\/h5>\t\t<\/div>\n\t\t\t\t<\/div>\n\t\t\t\t<div class=\"elementor-element elementor-element-7a2e9b6 elementor-widget elementor-widget-text-editor\" data-id=\"7a2e9b6\" data-element_type=\"widget\" data-settings=\"{&quot;ekit_we_effect_on&quot;:&quot;none&quot;}\" data-widget_type=\"text-editor.default\">\n\t\t\t\t<div class=\"elementor-widget-container\">\n\t\t\t\t\t\t\t<p>Vanaf het Colosseumplein heeft u toegang tot de drie ingangen van het Colosseum.<\/p><p>Er is een toeristeninformatiecentrum aan de zijkant.<\/p><p>Het Colosseo Station van Lijn B kijkt uit over het plein.<\/p><p>De Piazza leidt naar de Via dei Fori Imperiali.<\/p><p>Het nachtelijke bezoek met de artistieke verlichting van het Colosseum is een must.<\/p>\t\t\t\t\t\t<\/div>\n\t\t\t\t<\/div>\n\t\t\t\t<div class=\"elementor-element elementor-element-87d7b43 elementor-widget elementor-widget-heading\" data-id=\"87d7b43\" data-element_type=\"widget\" data-settings=\"{&quot;ekit_we_effect_on&quot;:&quot;none&quot;}\" data-widget_type=\"heading.default\">\n\t\t\t\t<div class=\"elementor-widget-container\">\n\t\t\t<h4 class=\"elementor-heading-title elementor-size-default\">De andere monumenten van het Colosseumplein:<\/h4>\t\t<\/div>\n\t\t\t\t<\/div>\n\t\t\t\t<div class=\"elementor-element elementor-element-f45ad75 elementor-widget elementor-widget-heading\" data-id=\"f45ad75\" data-element_type=\"widget\" data-settings=\"{&quot;ekit_we_effect_on&quot;:&quot;none&quot;}\" data-widget_type=\"heading.default\">\n\t\t\t\t<div class=\"elementor-widget-container\">\n\t\t\t<h5 class=\"elementor-heading-title elementor-size-default\">De Boog van Constantijn <\/h5>\t\t<\/div>\n\t\t\t\t<\/div>\n\t\t\t\t<div class=\"elementor-element elementor-element-4e4e7d3 elementor-widget elementor-widget-text-editor\" data-id=\"4e4e7d3\" data-element_type=\"widget\" data-settings=\"{&quot;ekit_we_effect_on&quot;:&quot;none&quot;}\" data-widget_type=\"text-editor.default\">\n\t\t\t\t<div class=\"elementor-widget-container\">\n\t\t\t\t\t\t\t<p><i>\"Aan keizer Caesar Flavius Constantijn Maximus Pius Felix Augustus, de senaat en het Romeinse volk, omdat hij door goddelijke inspiratie en de grootheid van zijn geest meteen met zijn leger de staat heeft gewroken, door middel van een rechtvaardige oorlog, zowel van tiran als van al zijn facties, deze voorname boog voor triomf opgedragen.\"\u00a0\u00a0<\/i><\/p><p>De Boog van Constantijn, op korte afstand van het Colosseum, is een imposante triomfboog met drie bogen. De centrale doorgang wordt geflankeerd door twee kleinere zijdoorgangen, en het hele bouwwerk kan worden beschouwd als een officieel museum van Romeinse beeldhouwkunst, vanwege de buitengewone rijkdom en het belang ervan. De Senaat wijdde de boog in om de overwinning van Constantijn I op Maxentius in de Slag bij Ponte Milvio op 28 oktober 312 te herdenken, en hij werd in 315 ingehuldigd ter gelegenheid van de decennalia van de keizer, d.w.z. de tien jaren van zijn regering. De positie van de boog, tussen de Palatijn en de Caelian, viel samen met de oude weg van de triomfen.<\/p>\t\t\t\t\t\t<\/div>\n\t\t\t\t<\/div>\n\t\t\t\t<div class=\"elementor-element elementor-element-8afefe0 elementor-widget elementor-widget-heading\" data-id=\"8afefe0\" data-element_type=\"widget\" data-settings=\"{&quot;ekit_we_effect_on&quot;:&quot;none&quot;}\" data-widget_type=\"heading.default\">\n\t\t\t\t<div class=\"elementor-widget-container\">\n\t\t\t<h5 class=\"elementor-heading-title elementor-size-default\">Kelder van de Kolossus van Nero<\/h5>\t\t<\/div>\n\t\t\t\t<\/div>\n\t\t\t\t<div class=\"elementor-element elementor-element-994190c elementor-widget elementor-widget-text-editor\" data-id=\"994190c\" data-element_type=\"widget\" data-settings=\"{&quot;ekit_we_effect_on&quot;:&quot;none&quot;}\" data-widget_type=\"text-editor.default\">\n\t\t\t\t<div class=\"elementor-widget-container\">\n\t\t\t\t\t\t\t<p>Volgens Plinius de Oudere was de Kolossus, gemaakt door de beeldhouwer Zenodorus, 33,5 meter hoog en stond hij op een vierkante sokkel van 11 meter aan \u00e9\u00e9n kant. Het bronzen beeld, dat waarschijnlijk ge\u00efnspireerd was op de beroemde Kolossus van Rhodos, beeldde de keizer af als een zonnegodheid met zijn rechterarm naar voren gestrekt die een tak vasthield, terwijl zijn linkerarm een bol vasthield die de wereldbol symboliseerde. Het hoofd van het imposante standbeeld was versierd met een kroon die bestond uit zeven stralen van elk zes meter lang. Het indrukwekkende visuele effect van het standbeeld moet verbazingwekkend zijn geweest en gemakkelijk waargenomen, zelfs vanaf een grote afstand, vanwege de gigantische afmetingen en het goud dat het brons bedekte. Bovendien bestond het Colosseum nog niet ten tijde van het standbeeld, en er moet een meertje zijn geweest dat het imposante monument weerspiegelde, wat een ongelooflijk indrukwekkend schouwspel opleverde.\u00a0<\/p>\t\t\t\t\t\t<\/div>\n\t\t\t\t<\/div>\n\t\t\t\t<div class=\"elementor-element elementor-element-a238a9b elementor-widget elementor-widget-heading\" data-id=\"a238a9b\" data-element_type=\"widget\" data-settings=\"{&quot;ekit_we_effect_on&quot;:&quot;none&quot;}\" data-widget_type=\"heading.default\">\n\t\t\t\t<div class=\"elementor-widget-container\">\n\t\t\t<h5 class=\"elementor-heading-title elementor-size-default\">De naam van het Colosseum is afgeleid van de Colossus van Nero?<\/h5>\t\t<\/div>\n\t\t\t\t<\/div>\n\t\t\t\t<div class=\"elementor-element elementor-element-3bf8c1a elementor-widget elementor-widget-text-editor\" data-id=\"3bf8c1a\" data-element_type=\"widget\" data-settings=\"{&quot;ekit_we_effect_on&quot;:&quot;none&quot;}\" data-widget_type=\"text-editor.default\">\n\t\t\t\t<div class=\"elementor-widget-container\">\n\t\t\t\t\t\t\t<p>Het is mogelijk dat de naam \"Colosseum\" is afgeleid van de aanwezigheid van de Kolossus van Nero in de buurt van het Flavische amfitheater dat in 80 na Christus werd gebouwd. Er zijn echter andere hypotheses die suggereren dat de bijnaam afkomstig zou kunnen zijn van de grote omvang van het amfitheater zelf of van de nabijgelegen Colle Oppio, waar de tempel van Isis stond die bekend staat als \"Collis Isei\". Door de geschiedenis heen onderging de Kolossus van Nero vele veranderingen, afhankelijk van de keizer van die periode. Vespasianus, die regeerde van 69 tot 79 na Christus, moest ingrijpen om het te repareren nadat er brand was uitgebroken in de Domus Aurea. In 127 na Christus gaf Hadrianus de architect Decrianus de opdracht om de Kolossus naast het Colosseum te verplaatsen om plaats te maken voor de nieuwe tempel van Venus. Decrianus gebruikte vierentwintig olifanten om het te vervoeren, zodat het rechtop bleef staan, en op verzoek van de keizer verving hij de gelaatstrekken van Nero door die van Hadrianus. Een grafische gravure illustreert de nieuwe positie van de Kolossus na de verhuizing.<\/p>\t\t\t\t\t\t<\/div>\n\t\t\t\t<\/div>\n\t\t\t\t<div class=\"elementor-element elementor-element-9db846e elementor-widget elementor-widget-heading\" data-id=\"9db846e\" data-element_type=\"widget\" data-settings=\"{&quot;ekit_we_effect_on&quot;:&quot;none&quot;}\" data-widget_type=\"heading.default\">\n\t\t\t\t<div class=\"elementor-widget-container\">\n\t\t\t<h5 class=\"elementor-heading-title elementor-size-default\">Kerk van Santa Maria della Piet\u00e0 bij het Colosseum<\/h5>\t\t<\/div>\n\t\t\t\t<\/div>\n\t\t\t\t<div class=\"elementor-element elementor-element-8923a6c elementor-widget elementor-widget-text-editor\" data-id=\"8923a6c\" data-element_type=\"widget\" data-settings=\"{&quot;ekit_we_effect_on&quot;:&quot;none&quot;}\" data-widget_type=\"text-editor.default\">\n\t\t\t\t<div class=\"elementor-widget-container\">\n\t\t\t\t\t\t\t<p>In een van de belangrijkste monumenten van Rome, het Flavisch Amfitheater, precies in de 24e boog van een van de grote booggewelven, bevindt zich een kleine kapel gewijd aan Santa Maria della Piet\u00e0. De kerk werd tussen de 6e en 7e eeuw gesticht als gebedsplaats, waarschijnlijk ter nagedachtenis aan de mensen die in het Colosseum stierven. De eerste goed onderbouwde informatie over de kapel komt van kardinaal Cencio Camerario, een vooraanstaand historicus en kenner van Romeinse kerken, en dateert uit 1192, toen de kerk bekend stond onder de titel 'Santissimo Salvatore in Rota Colisei'.<\/p>\t\t\t\t\t\t<\/div>\n\t\t\t\t<\/div>\n\t\t\t\t<div class=\"elementor-element elementor-element-10ef1ad elementor-widget elementor-widget-heading\" data-id=\"10ef1ad\" data-element_type=\"widget\" data-settings=\"{&quot;ekit_we_effect_on&quot;:&quot;none&quot;}\" data-widget_type=\"heading.default\">\n\t\t\t\t<div class=\"elementor-widget-container\">\n\t\t\t<h5 class=\"elementor-heading-title elementor-size-default\">De bezienswaardigheden van Rome zijn gemakkelijk te bereiken vanaf het Piazza:<\/h5>\t\t<\/div>\n\t\t\t\t<\/div>\n\t\t\t\t<div class=\"elementor-element elementor-element-15b046c elementor-widget elementor-widget-text-editor\" data-id=\"15b046c\" data-element_type=\"widget\" data-settings=\"{&quot;ekit_we_effect_on&quot;:&quot;none&quot;}\" data-widget_type=\"text-editor.default\">\n\t\t\t\t<div class=\"elementor-widget-container\">\n\t\t\t\t\t\t\t<p>Het Archeologische Park van het Colosseum:\u00a0<\/p><p>De Palatijnse Heuvel<\/p><p>Het Palatijn Museum<\/p><p>De Domus Aurea<\/p><p>Romeinse forums<\/p><p>Keizerlijke forums<\/p><p>Basiliek van de Heiligen Johannes en Paulus<\/p>\t\t\t\t\t\t<\/div>\n\t\t\t\t<\/div>\n\t\t\t\t<div class=\"elementor-element elementor-element-792aa3d elementor-widget elementor-widget-heading\" data-id=\"792aa3d\" data-element_type=\"widget\" data-settings=\"{&quot;ekit_we_effect_on&quot;:&quot;none&quot;}\" data-widget_type=\"heading.default\">\n\t\t\t\t<div class=\"elementor-widget-container\">\n\t\t\t<h5 class=\"elementor-heading-title elementor-size-default\">Beoordelingen:<\/h5>\t\t<\/div>\n\t\t\t\t<\/div>\n\t\t<div class=\"elementor-element elementor-element-aaa1ccc e-flex e-con-boxed e-con e-parent\" data-id=\"aaa1ccc\" data-element_type=\"container\" data-settings=\"{&quot;jet_parallax_layout_list&quot;:[],&quot;ekit_has_onepagescroll_dot&quot;:&quot;yes&quot;}\">\n\t\t\t\t\t<div class=\"e-con-inner\">\n\t\t\t\t<div class=\"elementor-element elementor-element-75dff37 elementor-widget elementor-widget-jet-carousel\" data-id=\"75dff37\" data-element_type=\"widget\" data-settings=\"{&quot;slides_to_show&quot;:&quot;3&quot;,&quot;slides_to_scroll&quot;:&quot;3&quot;,&quot;slides_to_show_tablet&quot;:&quot;2&quot;,&quot;slides_to_show_mobile&quot;:&quot;1&quot;,&quot;slides_to_scroll_tablet&quot;:&quot;2&quot;,&quot;slides_to_scroll_mobile&quot;:&quot;1&quot;,&quot;ekit_we_effect_on&quot;:&quot;none&quot;}\" data-widget_type=\"jet-carousel.default\">\n\t\t\t\t<div class=\"elementor-widget-container\">\n\t\t\t<div class=\"elementor-jet-carousel jet-elements\"><div class=\"jet-carousel-wrap jet-equal-cols\">\n\t<div class=\"jet-carousel\" data-slider_options=\"{&quot;autoplaySpeed&quot;:5000,&quot;autoplay&quot;:true,&quot;infinite&quot;:true,&quot;centerMode&quot;:false,&quot;centerPadding&quot;:&quot;50px&quot;,&quot;pauseOnHover&quot;:false,&quot;speed&quot;:500,&quot;arrows&quot;:true,&quot;dots&quot;:false,&quot;variableWidth&quot;:false,&quot;prevArrow&quot;:&quot;.jet-carousel__prev-arrow-75dff37&quot;,&quot;nextArrow&quot;:&quot;.jet-carousel__next-arrow-75dff37&quot;,&quot;rtl&quot;:false,&quot;fractionNav&quot;:false}\" dir=\"ltr\">\n\t<div class=\"elementor-slick-slider\">\n\n<div class=\"jet-carousel__item\">\n\t<div class=\"jet-carousel__item-inner\"><div class=\"jet-carousel__content\"><h5 class=\"jet-carousel__item-title\"><\/h5><div class=\"jet-carousel__item-text\"><p>\"Het Piazza del Colosseo is een van de meest fascinerende pleinen die ik ooit heb gezien! Het uitzicht op de majestueuze structuur van het Colosseum en op de overblijfselen van het Flavisch Amfitheater laat je ademloos achter. Het plein zelf is altijd erg druk, maar je kunt nooit het gevoel vergeten dat je op zo'n historische en iconische plek bent.\"<\/p><\/div><\/div><\/div>\n<\/div>\n\n<div class=\"jet-carousel__item\">\n\t<div class=\"jet-carousel__item-inner\"><div class=\"jet-carousel__content\"><h5 class=\"jet-carousel__item-title\"><\/h5><div class=\"jet-carousel__item-text\"><p>\"Met kasseien onder de voeten en de imposante architectuur van het Colosseum als achtergrond, lijkt het Piazza del Colosseo bijna een plaats buiten de tijd in de stad Rome. Het is echt een unieke ervaring om over dit plein te lopen en waarschijnlijk het beroemdste monument ter wereld te zien en de ru\u00efnes die het verhaal van het oude Rome vertellen.\"<\/p><\/div><\/div><\/div>\n<\/div>\n\n<div class=\"jet-carousel__item\">\n\t<div class=\"jet-carousel__item-inner\"><div class=\"jet-carousel__content\"><h5 class=\"jet-carousel__item-title\"><\/h5><div class=\"jet-carousel__item-text\"><p>\"Het Piazza del Colosseo is de perfecte plek voor een nachtelijk bezoek. De lichten die het Colosseum en de omgeving verlichten cre\u00ebren een magische en romantische sfeer, terwijl de woestijn u vaak het gevoel geeft dat u deze ongelooflijke plek helemaal voor uzelf hebt.\"<\/p><\/div><\/div><\/div>\n<\/div>\n\n<div class=\"jet-carousel__item\">\n\t<div class=\"jet-carousel__item-inner\"><div class=\"jet-carousel__content\"><h5 class=\"jet-carousel__item-title\"><\/h5><div class=\"jet-carousel__item-text\"><p>\"Het Piazza del Colosseo is ongetwijfeld een van de meest toeristische plekken in Rome, maar daarom niet minder indrukwekkend. De hoeveelheid mensen kan een beetje verstikkend zijn, maar de aanblik van het historische Colosseum in het centrum van de hoofdstad van Rome is machtig en zorgt ervoor dat al het andere op de achtergrond raakt.\"<\/p><\/div><\/div><\/div>\n<\/div>\n\n<div class=\"jet-carousel__item\">\n\t<div class=\"jet-carousel__item-inner\"><div class=\"jet-carousel__content\"><h5 class=\"jet-carousel__item-title\"><\/h5><div class=\"jet-carousel__item-text\"><p>\"Te midden van de vele historische en culturele plaatsen die over heel Itali\u00eb verspreid liggen, is het Piazza del Colosseo een van de weinige die een magisch vermogen lijken te hebben om de verbeelding te prikkelen en de geschiedenis in uw bewustzijn te brengen. In staat zijn om op een trottoir te lopen waar duizenden mensen zijn gepasseerd en het Colosseum gebeeldhouwd tegen de blauwe lucht te zien, is een unieke ervaring en benadrukt dit buitengewone monument.\"<\/p><\/div><\/div><\/div>\n<\/div>\n<\/div><div class=\"jet-carousel__prev-arrow-75dff37 jet-arrow prev-arrow\"><i aria-hidden=\"true\" class=\"fal fa-chevron-left\"><\/i><\/div><div class=\"jet-carousel__next-arrow-75dff37 jet-arrow next-arrow\"><i aria-hidden=\"true\" class=\"fal fa-chevron-right\"><\/i><\/div><\/div>\n<\/div>\n<\/div>\t\t<\/div>\n\t\t\t\t<\/div>\n\t\t\t\t\t<\/div>\n\t\t\t\t<\/div>\n\t\t\t\t\t<\/div>\n\t\t<\/div>\n\t\t\t\t\t<\/div>\n\t\t<\/section>\n\t\t\t\t<\/div>","protected":false},"excerpt":{"rendered":"<p>Colosseumplein Het Colosseumplein in het hart van Rome Op deze plek staat het beroemdste monument ter wereld. Het ontdekken van het Piazza del Colosseo in Rome betekent een reis door de tijd maken en tegelijkertijd een van de zeven wereldwonderen bewonderen. Het Colosseumplein in het hart van Rome In het midden van het Colosseumplein [...]<\/p>","protected":false},"author":1,"featured_media":0,"parent":526,"menu_order":5,"comment_status":"closed","ping_status":"closed","template":"","meta":{"site-sidebar-layout":"no-sidebar","site-content-layout":"page-builder","ast-site-content-layout":"full-width-container","site-content-style":"unboxed","site-sidebar-style":"unboxed","ast-global-header-display":"","ast-banner-title-visibility":"","ast-main-header-display":"","ast-hfb-above-header-display":"","ast-hfb-below-header-display":"","ast-hfb-mobile-header-display":"","site-post-title":"disabled","ast-breadcrumbs-content":"","ast-featured-img":"disabled","footer-sml-layout":"","ast-disable-related-posts":"","theme-transparent-header-meta":"default","adv-header-id-meta":"","stick-header-meta":"","header-above-stick-meta":"","header-main-stick-meta":"","header-below-stick-meta":"","astra-migrate-meta-layouts":"default","ast-page-background-enabled":"default","ast-page-background-meta":{"desktop":{"background-color":"var(--ast-global-color-4)","background-image":"","background-repeat":"repeat","background-position":"center center","background-size":"auto","background-attachment":"scroll","background-type":"","background-media":"","overlay-type":"","overlay-color":"","overlay-opacity":"","overlay-gradient":""},"tablet":{"background-color":"","background-image":"","background-repeat":"repeat","background-position":"center center","background-size":"auto","background-attachment":"scroll","background-type":"","background-media":"","overlay-type":"","overlay-color":"","overlay-opacity":"","overlay-gradient":""},"mobile":{"background-color":"","background-image":"","background-repeat":"repeat","background-position":"center center","background-size":"auto","background-attachment":"scroll","background-type":"","background-media":"","overlay-type":"","overlay-color":"","overlay-opacity":"","overlay-gradient":""}},"ast-content-background-meta":{"desktop":{"background-color":"var(--ast-global-color-5)","background-image":"","background-repeat":"repeat","background-position":"center center","background-size":"auto","background-attachment":"scroll","background-type":"","background-media":"","overlay-type":"","overlay-color":"","overlay-opacity":"","overlay-gradient":""},"tablet":{"background-color":"var(--ast-global-color-5)","background-image":"","background-repeat":"repeat","background-position":"center center","background-size":"auto","background-attachment":"scroll","background-type":"","background-media":"","overlay-type":"","overlay-color":"","overlay-opacity":"","overlay-gradient":""},"mobile":{"background-color":"var(--ast-global-color-5)","background-image":"","background-repeat":"repeat","background-position":"center center","background-size":"auto","background-attachment":"scroll","background-type":"","background-media":"","overlay-type":"","overlay-color":"","overlay-opacity":"","overlay-gradient":""}},"iawp_total_views":933,"footnotes":""},"class_list":["post-1198","page","type-page","status-publish","hentry"],"_links":{"self":[{"href":"https:\/\/colosseo-roma.it\/nl\/wp-json\/wp\/v2\/pages\/1198","targetHints":{"allow":["GET"]}}],"collection":[{"href":"https:\/\/colosseo-roma.it\/nl\/wp-json\/wp\/v2\/pages"}],"about":[{"href":"https:\/\/colosseo-roma.it\/nl\/wp-json\/wp\/v2\/types\/page"}],"author":[{"embeddable":true,"href":"https:\/\/colosseo-roma.it\/nl\/wp-json\/wp\/v2\/users\/1"}],"replies":[{"embeddable":true,"href":"https:\/\/colosseo-roma.it\/nl\/wp-json\/wp\/v2\/comments?post=1198"}],"version-history":[{"count":0,"href":"https:\/\/colosseo-roma.it\/nl\/wp-json\/wp\/v2\/pages\/1198\/revisions"}],"up":[{"embeddable":true,"href":"https:\/\/colosseo-roma.it\/nl\/wp-json\/wp\/v2\/pages\/526"}],"wp:attachment":[{"href":"https:\/\/colosseo-roma.it\/nl\/wp-json\/wp\/v2\/media?parent=1198"}],"curies":[{"name":"wp","href":"https:\/\/api.w.org\/{rel}","templated":true}]}}