{"id":537,"date":"2023-03-28T09:18:27","date_gmt":"2023-03-28T08:18:27","guid":{"rendered":"https:\/\/wordpress-1074717-3818660.cloudwaysapps.com\/?page_id=537"},"modified":"2026-01-26T17:11:42","modified_gmt":"2026-01-26T16:11:42","slug":"kelders-2","status":"publish","type":"page","link":"https:\/\/colosseo-roma.it\/nl\/archeologisch-park-colosseum\/colosseum\/kelders-2\/","title":{"rendered":"Ondergronds"},"content":{"rendered":"<div data-elementor-type=\"wp-page\" data-elementor-id=\"537\" class=\"elementor elementor-537\" data-elementor-post-type=\"page\">\n\t\t\t\t\t\t<section class=\"elementor-section elementor-top-section elementor-element elementor-element-235238d elementor-section-boxed elementor-section-height-default elementor-section-height-default\" data-id=\"235238d\" data-element_type=\"section\" data-settings=\"{&quot;jet_parallax_layout_list&quot;:[],&quot;ekit_has_onepagescroll_dot&quot;:&quot;yes&quot;}\">\n\t\t\t\t\t\t<div class=\"elementor-container elementor-column-gap-default\">\n\t\t\t\t\t<div class=\"elementor-column elementor-col-100 elementor-top-column elementor-element elementor-element-dcb42cd\" data-id=\"dcb42cd\" data-element_type=\"column\" data-settings=\"{&quot;background_background&quot;:&quot;classic&quot;}\">\n\t\t\t<div class=\"elementor-widget-wrap elementor-element-populated\">\n\t\t\t\t\t\t<div class=\"elementor-element elementor-element-6a119f8 elementor-widget elementor-widget-heading\" data-id=\"6a119f8\" data-element_type=\"widget\" data-settings=\"{&quot;ekit_we_effect_on&quot;:&quot;none&quot;}\" data-widget_type=\"heading.default\">\n\t\t\t\t<div class=\"elementor-widget-container\">\n\t\t\t<h1 class=\"elementor-heading-title elementor-size-default\">Ondergrondse van het Colosseum<\/h1>\t\t<\/div>\n\t\t\t\t<\/div>\n\t\t\t\t<div class=\"elementor-element elementor-element-5ae2d92 elementor-widget elementor-widget-heading\" data-id=\"5ae2d92\" data-element_type=\"widget\" data-settings=\"{&quot;ekit_we_effect_on&quot;:&quot;none&quot;}\" data-widget_type=\"heading.default\">\n\t\t\t\t<div class=\"elementor-widget-container\">\n\t\t\t<h4 class=\"elementor-heading-title elementor-size-default\">Colosseum en ondergrondse<\/h4>\t\t<\/div>\n\t\t\t\t<\/div>\n\t\t\t\t<div class=\"elementor-element elementor-element-44f1ced elementor-widget elementor-widget-text-editor\" data-id=\"44f1ced\" data-element_type=\"widget\" data-settings=\"{&quot;ekit_we_effect_on&quot;:&quot;none&quot;}\" data-widget_type=\"text-editor.default\">\n\t\t\t\t<div class=\"elementor-widget-container\">\n\t\t\t\t\t\t\t<p>De elliptische vorm van het Colosseum werd gerealiseerd met behulp van een verfijnde 4-hoekige geometrische procedure en werd ook overgenomen door de vloer van de arena door het gebruik van een metselwerk gemengd met een houten plank die bedekt was met zand. Onder de vloer van de arena bevonden zich ruime ondergrondse dienstruimten die na keizer Domitianus werden gebouwd.<\/p><p>Vroeger kon de arena onder water worden gezet voor naumachiae of shows met zwemmers, zoals Martial in zijn boek De spectaculis rapporteerde. Een groot deel van de kerker is vandaag de dag nog steeds zichtbaar van bovenaf en men kan een brede gang zien langs de hoofdas die het gebied verdeelt in twee laterale halve cirkels die doorkruist worden door twaalf kromlijnige gangen. Langs de buitenmuur bevinden zich een reeks gewelfde dienstvertrekken waar waarschijnlijk de dieren werden ondergebracht die tijdens de spelen werden gebruikt, samen met toneeldecors.<\/p><p>De gang langs de hoofdas van de ellips eindigde met twee galerijen die uitkomen in de betonnen donut die de funderingen van het amfitheater vormt. Twee andere galerijen langs de korte as van de ellips, \u00e9\u00e9n in de richting van de Colle Oppio en \u00e9\u00e9n in de richting van de Caelian, zijn nog niet opgegraven. Een vijfde tunnel, gelegen langs wig V onder het keizerlijk podium, werd gebouwd in de tijd van Domitianus en was waarschijnlijk een toegangsweg die exclusief was voorbehouden aan de keizer en die rechtstreeks verbonden was met enkele keizerlijke gebouwen in het gebied van de Tempel van Claudius op de Caelianus.<\/p>\t\t\t\t\t\t<\/div>\n\t\t\t\t<\/div>\n\t\t\t\t<div class=\"elementor-element elementor-element-d94dd08 elementor-widget elementor-widget-heading\" data-id=\"d94dd08\" data-element_type=\"widget\" data-settings=\"{&quot;ekit_we_effect_on&quot;:&quot;none&quot;}\" data-widget_type=\"heading.default\">\n\t\t\t\t<div class=\"elementor-widget-container\">\n\t\t\t<h4 class=\"elementor-heading-title elementor-size-default\">Colosseum en ondergrondse<\/h4>\t\t<\/div>\n\t\t\t\t<\/div>\n\t\t\t\t<div class=\"elementor-element elementor-element-fd1e286 elementor-widget elementor-widget-text-editor\" data-id=\"fd1e286\" data-element_type=\"widget\" data-settings=\"{&quot;ekit_we_effect_on&quot;:&quot;none&quot;}\" data-widget_type=\"text-editor.default\">\n\t\t\t\t<div class=\"elementor-widget-container\">\n\t\t\t\t\t\t\t<p>Onder de vier tunnels langs de twee assen bevinden zich vier hydraulische leidingen, die onmisbaar waren voor de afvoer van regenwater en de afvoer van latrines. Onderzoeken in de Speleo-subaque hebben geleid tot de ontdekking van andere grote leidingen, die onder het Colosseum zijn gevonden en waarschijnlijk deel uitmaakten van het stelsel van leidingen dat het meer voedde dat voor de residentie van Nero werd gebouwd.<\/p><p>De hydraulische structuur van het Colosseum is nog steeds erg complex en wordt niet volledig begrepen. Buiten het amfitheater werd op een diepte van 8 meter vanaf het maaiveld van het plein een tunnel gevonden die het hele amfitheater omringt op ongeveer 2-3 meter van de buitenomtrek; het is een rioolbuis. Een andere, kleinere tunnel met kapucijnenbogen, die zich op een diepte van 2,8 meter binnen de donut van de fundering bevond, bevatte waarschijnlijk loden leidingen die water vervoerden dat onder druk werd gehouden door tanks.<\/p>\t\t\t\t\t\t<\/div>\n\t\t\t\t<\/div>\n\t\t\t\t\t<\/div>\n\t\t<\/div>\n\t\t\t\t\t<\/div>\n\t\t<\/section>\n\t\t\t\t<\/div>","protected":false},"excerpt":{"rendered":"<p>Ondergrondse van het Colosseum Colosseum en ondergrondse De elliptische vorm van het Colosseum werd gerealiseerd met behulp van een verfijnde geometrische procedure met vier middelpunten, en werd ook overgenomen door de vloer van de arena door het gebruik van een metselwerk gemengd met een houten plank die bedekt was met zand. Onder de vloer van de arena bevonden zich ruime ondergrondse dienstruimten die [...]...<\/p>","protected":false},"author":1,"featured_media":0,"parent":528,"menu_order":2,"comment_status":"closed","ping_status":"closed","template":"","meta":{"site-sidebar-layout":"no-sidebar","site-content-layout":"page-builder","ast-site-content-layout":"full-width-container","site-content-style":"unboxed","site-sidebar-style":"unboxed","ast-global-header-display":"","ast-banner-title-visibility":"","ast-main-header-display":"","ast-hfb-above-header-display":"","ast-hfb-below-header-display":"","ast-hfb-mobile-header-display":"","site-post-title":"disabled","ast-breadcrumbs-content":"","ast-featured-img":"disabled","footer-sml-layout":"","ast-disable-related-posts":"","theme-transparent-header-meta":"default","adv-header-id-meta":"","stick-header-meta":"","header-above-stick-meta":"","header-main-stick-meta":"","header-below-stick-meta":"","astra-migrate-meta-layouts":"set","ast-page-background-enabled":"default","ast-page-background-meta":{"desktop":{"background-color":"var(--ast-global-color-4)","background-image":"","background-repeat":"repeat","background-position":"center center","background-size":"auto","background-attachment":"scroll","background-type":"","background-media":"","overlay-type":"","overlay-color":"","overlay-opacity":"","overlay-gradient":""},"tablet":{"background-color":"","background-image":"","background-repeat":"repeat","background-position":"center center","background-size":"auto","background-attachment":"scroll","background-type":"","background-media":"","overlay-type":"","overlay-color":"","overlay-opacity":"","overlay-gradient":""},"mobile":{"background-color":"","background-image":"","background-repeat":"repeat","background-position":"center center","background-size":"auto","background-attachment":"scroll","background-type":"","background-media":"","overlay-type":"","overlay-color":"","overlay-opacity":"","overlay-gradient":""}},"ast-content-background-meta":{"desktop":{"background-color":"var(--ast-global-color-5)","background-image":"","background-repeat":"repeat","background-position":"center center","background-size":"auto","background-attachment":"scroll","background-type":"","background-media":"","overlay-type":"","overlay-color":"","overlay-opacity":"","overlay-gradient":""},"tablet":{"background-color":"var(--ast-global-color-5)","background-image":"","background-repeat":"repeat","background-position":"center center","background-size":"auto","background-attachment":"scroll","background-type":"","background-media":"","overlay-type":"","overlay-color":"","overlay-opacity":"","overlay-gradient":""},"mobile":{"background-color":"var(--ast-global-color-5)","background-image":"","background-repeat":"repeat","background-position":"center center","background-size":"auto","background-attachment":"scroll","background-type":"","background-media":"","overlay-type":"","overlay-color":"","overlay-opacity":"","overlay-gradient":""}},"iawp_total_views":2119,"footnotes":""},"class_list":["post-537","page","type-page","status-publish","hentry"],"_links":{"self":[{"href":"https:\/\/colosseo-roma.it\/nl\/wp-json\/wp\/v2\/pages\/537","targetHints":{"allow":["GET"]}}],"collection":[{"href":"https:\/\/colosseo-roma.it\/nl\/wp-json\/wp\/v2\/pages"}],"about":[{"href":"https:\/\/colosseo-roma.it\/nl\/wp-json\/wp\/v2\/types\/page"}],"author":[{"embeddable":true,"href":"https:\/\/colosseo-roma.it\/nl\/wp-json\/wp\/v2\/users\/1"}],"replies":[{"embeddable":true,"href":"https:\/\/colosseo-roma.it\/nl\/wp-json\/wp\/v2\/comments?post=537"}],"version-history":[{"count":0,"href":"https:\/\/colosseo-roma.it\/nl\/wp-json\/wp\/v2\/pages\/537\/revisions"}],"up":[{"embeddable":true,"href":"https:\/\/colosseo-roma.it\/nl\/wp-json\/wp\/v2\/pages\/528"}],"wp:attachment":[{"href":"https:\/\/colosseo-roma.it\/nl\/wp-json\/wp\/v2\/media?parent=537"}],"curies":[{"name":"wp","href":"https:\/\/api.w.org\/{rel}","templated":true}]}}