{"id":1198,"date":"2023-03-31T20:37:17","date_gmt":"2023-03-31T19:37:17","guid":{"rendered":"https:\/\/wordpress-1074717-3818660.cloudwaysapps.com\/?page_id=1198"},"modified":"2026-01-26T16:51:39","modified_gmt":"2026-01-26T15:51:39","slug":"plac-koloseum","status":"publish","type":"page","link":"https:\/\/colosseo-roma.it\/pl\/odkrywac\/plac-koloseum\/","title":{"rendered":"Plac Koloseum"},"content":{"rendered":"<div data-elementor-type=\"wp-page\" data-elementor-id=\"1198\" class=\"elementor elementor-1198\" data-elementor-post-type=\"page\">\n\t\t\t\t\t\t<section class=\"elementor-section elementor-top-section elementor-element elementor-element-b3da0d5 elementor-section-boxed elementor-section-height-default elementor-section-height-default\" data-id=\"b3da0d5\" data-element_type=\"section\" data-settings=\"{&quot;jet_parallax_layout_list&quot;:[],&quot;ekit_has_onepagescroll_dot&quot;:&quot;yes&quot;}\">\n\t\t\t\t\t\t<div class=\"elementor-container elementor-column-gap-default\">\n\t\t\t\t\t<div class=\"elementor-column elementor-col-100 elementor-top-column elementor-element elementor-element-166a491\" data-id=\"166a491\" data-element_type=\"column\" data-settings=\"{&quot;background_background&quot;:&quot;classic&quot;}\">\n\t\t\t<div class=\"elementor-widget-wrap elementor-element-populated\">\n\t\t\t\t\t\t<div class=\"elementor-element elementor-element-19261b7 elementor-widget elementor-widget-heading\" data-id=\"19261b7\" data-element_type=\"widget\" data-settings=\"{&quot;ekit_we_effect_on&quot;:&quot;none&quot;}\" data-widget_type=\"heading.default\">\n\t\t\t\t<div class=\"elementor-widget-container\">\n\t\t\t<h1 class=\"elementor-heading-title elementor-size-default\">Plac Koloseum<\/h1>\t\t<\/div>\n\t\t\t\t<\/div>\n\t\t\t\t<div class=\"elementor-element elementor-element-e3b357d elementor-widget elementor-widget-heading\" data-id=\"e3b357d\" data-element_type=\"widget\" data-settings=\"{&quot;ekit_we_effect_on&quot;:&quot;none&quot;}\" data-widget_type=\"heading.default\">\n\t\t\t\t<div class=\"elementor-widget-container\">\n\t\t\t<h4 class=\"elementor-heading-title elementor-size-default\">Plac Koloseum w samym sercu Rzymu<\/h4>\t\t<\/div>\n\t\t\t\t<\/div>\n\t\t\t\t<div class=\"elementor-element elementor-element-c209607 elementor-widget elementor-widget-text-editor\" data-id=\"c209607\" data-element_type=\"widget\" data-settings=\"{&quot;ekit_we_effect_on&quot;:&quot;none&quot;}\" data-widget_type=\"text-editor.default\">\n\t\t\t\t<div class=\"elementor-widget-container\">\n\t\t\t\t\t\t\t<p>To miejsce jest domem dla najs\u0142ynniejszego pomnika na \u015bwiecie. Odkrycie Piazza del Colosseo w Rzymie to podr\u00f3\u017c w czasie i jednocze\u015bnie podziwianie jednego z siedmiu cud\u00f3w \u015bwiata.<\/p>\t\t\t\t\t\t<\/div>\n\t\t\t\t<\/div>\n\t\t\t\t<div class=\"elementor-element elementor-element-6053d41 elementor-widget elementor-widget-heading\" data-id=\"6053d41\" data-element_type=\"widget\" data-settings=\"{&quot;ekit_we_effect_on&quot;:&quot;none&quot;}\" data-widget_type=\"heading.default\">\n\t\t\t\t<div class=\"elementor-widget-container\">\n\t\t\t<h4 class=\"elementor-heading-title elementor-size-default\">Plac Koloseum w samym sercu Rzymu<\/h4>\t\t<\/div>\n\t\t\t\t<\/div>\n\t\t\t\t<div class=\"elementor-element elementor-element-5bae7cf elementor-widget elementor-widget-text-editor\" data-id=\"5bae7cf\" data-element_type=\"widget\" data-settings=\"{&quot;ekit_we_effect_on&quot;:&quot;none&quot;}\" data-widget_type=\"text-editor.default\">\n\t\t\t\t<div class=\"elementor-widget-container\">\n\t\t\t\t\t\t\t<p>W centrum Piazza del Colosseo znajduje si\u0119 najbardziej kultowy zabytek Rzymu, symbol miasta i W\u0142och na ca\u0142ym \u015bwiecie: Koloseum. Obszar, na kt\u00f3rym dzi\u015b stoi plac, by\u0142 niegdy\u015b zajmowany przez staw Domus Aurea Nerona, w kt\u00f3rym odbija\u0142 si\u0119 kolosalny pos\u0105g cesarza, kt\u00f3ry nada\u0142 Amfiteatrowi Flawiusz\u00f3w nazw\u0119, pod kt\u00f3r\u0105 jest obecnie powszechnie znany. Plac znajduje si\u0119 pomi\u0119dzy dzielnicami Monti, Campitelli i Celio i jest skrzy\u017cowaniem Via dei Fori Imperiali i Via Claudia, jednej z najstarszych rzymskich dr\u00f3g. Nic wi\u0119c dziwnego, \u017ce Piazza del Colosseo jest jednym z najcz\u0119\u015bciej odwiedzanych miejsc na \u015bwiecie.<\/p>\t\t\t\t\t\t<\/div>\n\t\t\t\t<\/div>\n\t\t\t\t<div class=\"elementor-element elementor-element-dfd33c9 elementor-widget elementor-widget-heading\" data-id=\"dfd33c9\" data-element_type=\"widget\" data-settings=\"{&quot;ekit_we_effect_on&quot;:&quot;none&quot;}\" data-widget_type=\"heading.default\">\n\t\t\t\t<div class=\"elementor-widget-container\">\n\t\t\t<h5 class=\"elementor-heading-title elementor-size-default\">Wa\u017cne informacje dotycz\u0105ce wizyty:<\/h5>\t\t<\/div>\n\t\t\t\t<\/div>\n\t\t\t\t<div class=\"elementor-element elementor-element-7a2e9b6 elementor-widget elementor-widget-text-editor\" data-id=\"7a2e9b6\" data-element_type=\"widget\" data-settings=\"{&quot;ekit_we_effect_on&quot;:&quot;none&quot;}\" data-widget_type=\"text-editor.default\">\n\t\t\t\t<div class=\"elementor-widget-container\">\n\t\t\t\t\t\t\t<p>Z placu Koloseum mo\u017cna dosta\u0107 si\u0119 do trzech wej\u015b\u0107 do Koloseum.<\/p><p>Z boku znajduje si\u0119 centrum informacji turystycznej.<\/p><p>Stacja Colosseo linii B wychodzi na plac.<\/p><p>Piazza prowadzi do Via dei Fori Imperiali.<\/p><p>Nocna wizyta z artystyczn\u0105 iluminacj\u0105 Koloseum jest konieczno\u015bci\u0105.<\/p>\t\t\t\t\t\t<\/div>\n\t\t\t\t<\/div>\n\t\t\t\t<div class=\"elementor-element elementor-element-87d7b43 elementor-widget elementor-widget-heading\" data-id=\"87d7b43\" data-element_type=\"widget\" data-settings=\"{&quot;ekit_we_effect_on&quot;:&quot;none&quot;}\" data-widget_type=\"heading.default\">\n\t\t\t\t<div class=\"elementor-widget-container\">\n\t\t\t<h4 class=\"elementor-heading-title elementor-size-default\">Pozosta\u0142e zabytki na placu Koloseum:<\/h4>\t\t<\/div>\n\t\t\t\t<\/div>\n\t\t\t\t<div class=\"elementor-element elementor-element-f45ad75 elementor-widget elementor-widget-heading\" data-id=\"f45ad75\" data-element_type=\"widget\" data-settings=\"{&quot;ekit_we_effect_on&quot;:&quot;none&quot;}\" data-widget_type=\"heading.default\">\n\t\t\t\t<div class=\"elementor-widget-container\">\n\t\t\t<h5 class=\"elementor-heading-title elementor-size-default\">\u0141uk Konstantyna <\/h5>\t\t<\/div>\n\t\t\t\t<\/div>\n\t\t\t\t<div class=\"elementor-element elementor-element-4e4e7d3 elementor-widget elementor-widget-text-editor\" data-id=\"4e4e7d3\" data-element_type=\"widget\" data-settings=\"{&quot;ekit_we_effect_on&quot;:&quot;none&quot;}\" data-widget_type=\"text-editor.default\">\n\t\t\t\t<div class=\"elementor-widget-container\">\n\t\t\t\t\t\t\t<p><i>\"Cesarzowi Cezarowi Flawiuszowi Konstantynowi Maksyminowi Piusowi Feliksowi Augustowi, Senatowi i ludowi rzymskiemu, poniewa\u017c dzi\u0119ki boskiemu natchnieniu i wielko\u015bci swego ducha natychmiast ze swoj\u0105 armi\u0105 pom\u015bci\u0142 pa\u0144stwo za pomoc\u0105 sprawiedliwej wojny, zar\u00f3wno od tyrana, jak i od wszystkich jego frakcji, po\u015bwi\u0119ci\u0142 ten wspania\u0142y \u0142uk triumfalny\".\u00a0\u00a0<\/i><\/p><p>\u0141uk Konstantyna, znajduj\u0105cy si\u0119 w niewielkiej odleg\u0142o\u015bci od Koloseum, to imponuj\u0105cy \u0142uk triumfalny z trzema \u0142ukami. Centralne przej\u015bcie jest otoczone dwoma mniejszymi przej\u015bciami bocznymi, a ca\u0142\u0105 struktur\u0119 mo\u017cna uzna\u0107 za oficjalne muzeum rze\u017aby rzymskiej, ze wzgl\u0119du na jej niezwyk\u0142e bogactwo i znaczenie. Senat po\u015bwi\u0119ci\u0142 \u0142uk dla upami\u0119tnienia zwyci\u0119stwa Konstantyna I nad Maksencjuszem w bitwie pod Ponte Milvio 28 pa\u017adziernika 312 r., a jego inauguracja mia\u0142a miejsce w 315 r. z okazji dziesi\u0119ciolecia panowania cesarza. Po\u0142o\u017cenie \u0142uku, mi\u0119dzy Palatynem a Caelianem, zbiega\u0142o si\u0119 ze staro\u017cytn\u0105 \u015bcie\u017ck\u0105 triumf\u00f3w.<\/p>\t\t\t\t\t\t<\/div>\n\t\t\t\t<\/div>\n\t\t\t\t<div class=\"elementor-element elementor-element-8afefe0 elementor-widget elementor-widget-heading\" data-id=\"8afefe0\" data-element_type=\"widget\" data-settings=\"{&quot;ekit_we_effect_on&quot;:&quot;none&quot;}\" data-widget_type=\"heading.default\">\n\t\t\t\t<div class=\"elementor-widget-container\">\n\t\t\t<h5 class=\"elementor-heading-title elementor-size-default\">Obszar piwnicy Kolosa Nerona<\/h5>\t\t<\/div>\n\t\t\t\t<\/div>\n\t\t\t\t<div class=\"elementor-element elementor-element-994190c elementor-widget elementor-widget-text-editor\" data-id=\"994190c\" data-element_type=\"widget\" data-settings=\"{&quot;ekit_we_effect_on&quot;:&quot;none&quot;}\" data-widget_type=\"text-editor.default\">\n\t\t\t\t<div class=\"elementor-widget-container\">\n\t\t\t\t\t\t\t<p>Wed\u0142ug Pliniusza Starszego, Kolos, wykonany przez rze\u017abiarza Zenodorusa, mia\u0142 33,5 metra wysoko\u015bci i sta\u0142 na kwadratowym cokole o boku 11 metr\u00f3w. Pos\u0105g z br\u0105zu, prawdopodobnie zainspirowany s\u0142ynnym Kolosem z Rodos, przedstawia\u0142 cesarza jako b\u00f3stwo solarne z prawym ramieniem wyci\u0105gni\u0119tym do przodu, trzymaj\u0105cym ga\u0142\u0105\u017a, podczas gdy jego lewe rami\u0119 trzyma\u0142o kul\u0119, symbolizuj\u0105c\u0105 kul\u0119 ziemsk\u0105. G\u0142ow\u0119 imponuj\u0105cego pos\u0105gu zdobi\u0142a korona z\u0142o\u017cona z siedmiu promieni, ka\u017cdy o d\u0142ugo\u015bci sze\u015bciu metr\u00f3w. Imponuj\u0105cy efekt wizualny pos\u0105gu musia\u0142 by\u0107 zdumiewaj\u0105cy i \u0142atwo dostrzegalny nawet z du\u017cej odleg\u0142o\u015bci ze wzgl\u0119du na jego gigantyczne rozmiary i z\u0142oto pokrywaj\u0105ce br\u0105z. Co wi\u0119cej, Koloseum nie istnia\u0142o jeszcze w czasie, gdy powsta\u0142 pos\u0105g, i musia\u0142o istnie\u0107 ma\u0142e jezioro, kt\u00f3re odbija\u0142o imponuj\u0105cy pomnik, tworz\u0105c niesamowicie imponuj\u0105cy spektakl.\u00a0<\/p>\t\t\t\t\t\t<\/div>\n\t\t\t\t<\/div>\n\t\t\t\t<div class=\"elementor-element elementor-element-a238a9b elementor-widget elementor-widget-heading\" data-id=\"a238a9b\" data-element_type=\"widget\" data-settings=\"{&quot;ekit_we_effect_on&quot;:&quot;none&quot;}\" data-widget_type=\"heading.default\">\n\t\t\t\t<div class=\"elementor-widget-container\">\n\t\t\t<h5 class=\"elementor-heading-title elementor-size-default\">Nazwa Koloseum pochodzi od Kolosa Nerona?<\/h5>\t\t<\/div>\n\t\t\t\t<\/div>\n\t\t\t\t<div class=\"elementor-element elementor-element-3bf8c1a elementor-widget elementor-widget-text-editor\" data-id=\"3bf8c1a\" data-element_type=\"widget\" data-settings=\"{&quot;ekit_we_effect_on&quot;:&quot;none&quot;}\" data-widget_type=\"text-editor.default\">\n\t\t\t\t<div class=\"elementor-widget-container\">\n\t\t\t\t\t\t\t<p>Mo\u017cliwe, \u017ce nazwa \"Koloseum\" wywodzi si\u0119 od obecno\u015bci Kolosa Nerona w pobli\u017cu amfiteatru Flawiusz\u00f3w zbudowanego w 80 r. n.e.. Istniej\u0105 jednak inne hipotezy sugeruj\u0105ce, \u017ce przydomek m\u00f3g\u0142 pochodzi\u0107 od du\u017cych rozmiar\u00f3w samego amfiteatru lub od pobliskiego Colle Oppio, gdzie sta\u0142a \u015bwi\u0105tynia Izydy znana jako \"Collis Isei\". Na przestrzeni dziej\u00f3w Kolos Nerona przechodzi\u0142 wiele zmian w zale\u017cno\u015bci od panuj\u0105cego w danym okresie cesarza. Wespazjan, kt\u00f3ry rz\u0105dzi\u0142 od 69 do 79 roku n.e., musia\u0142 interweniowa\u0107, aby go naprawi\u0107 po po\u017carze, kt\u00f3ry wybuch\u0142 w Domus Aurea. W 127 r. Hadrian zleci\u0142 architektowi Decrianusowi przeniesienie Kolosa obok Koloseum, aby zrobi\u0107 miejsce na now\u0105 \u015bwi\u0105tyni\u0119 Wenus. Decrianus u\u017cy\u0142 dwudziestu czterech s\u0142oni do przetransportowania go, utrzymuj\u0105c go w pozycji pionowej, a na pro\u015bb\u0119 cesarza zast\u0105pi\u0142 rysy twarzy Nerona rysami Hadrianusa. Grafika przedstawia now\u0105 pozycj\u0119 Kolosa po przeniesieniu.<\/p>\t\t\t\t\t\t<\/div>\n\t\t\t\t<\/div>\n\t\t\t\t<div class=\"elementor-element elementor-element-9db846e elementor-widget elementor-widget-heading\" data-id=\"9db846e\" data-element_type=\"widget\" data-settings=\"{&quot;ekit_we_effect_on&quot;:&quot;none&quot;}\" data-widget_type=\"heading.default\">\n\t\t\t\t<div class=\"elementor-widget-container\">\n\t\t\t<h5 class=\"elementor-heading-title elementor-size-default\">Ko\u015bci\u00f3\u0142 Santa Maria della Pieta w Koloseum<\/h5>\t\t<\/div>\n\t\t\t\t<\/div>\n\t\t\t\t<div class=\"elementor-element elementor-element-8923a6c elementor-widget elementor-widget-text-editor\" data-id=\"8923a6c\" data-element_type=\"widget\" data-settings=\"{&quot;ekit_we_effect_on&quot;:&quot;none&quot;}\" data-widget_type=\"text-editor.default\">\n\t\t\t\t<div class=\"elementor-widget-container\">\n\t\t\t\t\t\t\t<p>Wewn\u0105trz jednego z najwa\u017cniejszych zabytk\u00f3w Rzymu, Amfiteatru Flawiusz\u00f3w, dok\u0142adnie w 24 \u0142uku jednego z jego du\u017cych \u0142uk\u00f3w, znajduje si\u0119 ma\u0142a kaplica po\u015bwi\u0119cona Santa Maria della Pieta. Ko\u015bci\u00f3\u0142 zosta\u0142 za\u0142o\u017cony mi\u0119dzy VI a VII wiekiem jako miejsce kultu, prawdopodobnie ku pami\u0119ci ludzi, kt\u00f3rzy zgin\u0119li wewn\u0105trz Koloseum. Pierwsza dobrze uzasadniona informacja o kaplicy pochodzi od kardyna\u0142a Cencio Camerario, wybitnego historyka i znawcy rzymskich ko\u015bcio\u0142\u00f3w, i pochodzi z 1192 roku, kiedy ko\u015bci\u00f3\u0142 by\u0142 znany pod tytu\u0142em \"Santissimo Salvatore in Rota Colisei\".<\/p>\t\t\t\t\t\t<\/div>\n\t\t\t\t<\/div>\n\t\t\t\t<div class=\"elementor-element elementor-element-10ef1ad elementor-widget elementor-widget-heading\" data-id=\"10ef1ad\" data-element_type=\"widget\" data-settings=\"{&quot;ekit_we_effect_on&quot;:&quot;none&quot;}\" data-widget_type=\"heading.default\">\n\t\t\t\t<div class=\"elementor-widget-container\">\n\t\t\t<h5 class=\"elementor-heading-title elementor-size-default\">Z placu Piazza mo\u017cna z \u0142atwo\u015bci\u0105 dotrze\u0107 do atrakcji Rzymu:<\/h5>\t\t<\/div>\n\t\t\t\t<\/div>\n\t\t\t\t<div class=\"elementor-element elementor-element-15b046c elementor-widget elementor-widget-text-editor\" data-id=\"15b046c\" data-element_type=\"widget\" data-settings=\"{&quot;ekit_we_effect_on&quot;:&quot;none&quot;}\" data-widget_type=\"text-editor.default\">\n\t\t\t\t<div class=\"elementor-widget-container\">\n\t\t\t\t\t\t\t<p>Park archeologiczny Koloseum:\u00a0<\/p><p>Wzg\u00f3rze Palatyn<\/p><p>Muzeum Palaty\u0144skie<\/p><p>Domus Aurea<\/p><p>Fora rzymskie<\/p><p>Imperial Forums<\/p><p>Bazylika \u015awi\u0119tych Jana i Paw\u0142a<\/p>\t\t\t\t\t\t<\/div>\n\t\t\t\t<\/div>\n\t\t\t\t<div class=\"elementor-element elementor-element-792aa3d elementor-widget elementor-widget-heading\" data-id=\"792aa3d\" data-element_type=\"widget\" data-settings=\"{&quot;ekit_we_effect_on&quot;:&quot;none&quot;}\" data-widget_type=\"heading.default\">\n\t\t\t\t<div class=\"elementor-widget-container\">\n\t\t\t<h5 class=\"elementor-heading-title elementor-size-default\">Recenzje:<\/h5>\t\t<\/div>\n\t\t\t\t<\/div>\n\t\t<div class=\"elementor-element elementor-element-aaa1ccc e-flex e-con-boxed e-con e-parent\" data-id=\"aaa1ccc\" data-element_type=\"container\" data-settings=\"{&quot;jet_parallax_layout_list&quot;:[],&quot;ekit_has_onepagescroll_dot&quot;:&quot;yes&quot;}\">\n\t\t\t\t\t<div class=\"e-con-inner\">\n\t\t\t\t<div class=\"elementor-element elementor-element-75dff37 elementor-widget elementor-widget-jet-carousel\" data-id=\"75dff37\" data-element_type=\"widget\" data-settings=\"{&quot;slides_to_show&quot;:&quot;3&quot;,&quot;slides_to_scroll&quot;:&quot;3&quot;,&quot;slides_to_show_tablet&quot;:&quot;2&quot;,&quot;slides_to_show_mobile&quot;:&quot;1&quot;,&quot;slides_to_scroll_tablet&quot;:&quot;2&quot;,&quot;slides_to_scroll_mobile&quot;:&quot;1&quot;,&quot;ekit_we_effect_on&quot;:&quot;none&quot;}\" data-widget_type=\"jet-carousel.default\">\n\t\t\t\t<div class=\"elementor-widget-container\">\n\t\t\t<div class=\"elementor-jet-carousel jet-elements\"><div class=\"jet-carousel-wrap jet-equal-cols\">\n\t<div class=\"jet-carousel\" data-slider_options=\"{&quot;autoplaySpeed&quot;:5000,&quot;autoplay&quot;:true,&quot;infinite&quot;:true,&quot;centerMode&quot;:false,&quot;centerPadding&quot;:&quot;50px&quot;,&quot;pauseOnHover&quot;:false,&quot;speed&quot;:500,&quot;arrows&quot;:true,&quot;dots&quot;:false,&quot;variableWidth&quot;:false,&quot;prevArrow&quot;:&quot;.jet-carousel__prev-arrow-75dff37&quot;,&quot;nextArrow&quot;:&quot;.jet-carousel__next-arrow-75dff37&quot;,&quot;rtl&quot;:false,&quot;fractionNav&quot;:false}\" dir=\"ltr\">\n\t<div class=\"elementor-slick-slider\">\n\n<div class=\"jet-carousel__item\">\n\t<div class=\"jet-carousel__item-inner\"><div class=\"jet-carousel__content\"><h5 class=\"jet-carousel__item-title\"><\/h5><div class=\"jet-carousel__item-text\"><p>\"Piazza del Colosseo to jeden z najbardziej fascynuj\u0105cych plac\u00f3w, jakie kiedykolwiek widzia\u0142em! Widok na majestatyczn\u0105 struktur\u0119 Koloseum, a tak\u017ce na pozosta\u0142o\u015bci Amfiteatru Flawiusz\u00f3w, zapiera dech w piersiach. Sam plac jest zawsze bardzo zat\u0142oczony, ale nigdy nie mo\u017cna zapomnie\u0107 uczucia przebywania w tak historycznym i kultowym miejscu\".<\/p><\/div><\/div><\/div>\n<\/div>\n\n<div class=\"jet-carousel__item\">\n\t<div class=\"jet-carousel__item-inner\"><div class=\"jet-carousel__content\"><h5 class=\"jet-carousel__item-title\"><\/h5><div class=\"jet-carousel__item-text\"><p>\"Z kostk\u0105 brukow\u0105 pod stopami i imponuj\u0105c\u0105 architektur\u0105 Koloseum jako t\u0142em, Piazza del Colosseo wydaje si\u0119 prawie jak miejsce poza czasem w Rzymie. Spacer po tym placu i zobaczenie prawdopodobnie najs\u0142ynniejszego zabytku na \u015bwiecie oraz ruin, kt\u00f3re opowiadaj\u0105 histori\u0119 staro\u017cytnego Rzymu, to naprawd\u0119 wyj\u0105tkowe do\u015bwiadczenie\".<\/p><\/div><\/div><\/div>\n<\/div>\n\n<div class=\"jet-carousel__item\">\n\t<div class=\"jet-carousel__item-inner\"><div class=\"jet-carousel__content\"><h5 class=\"jet-carousel__item-title\"><\/h5><div class=\"jet-carousel__item-text\"><p>\"Plac Koloseum to idealne miejsce na nocn\u0105 wizyt\u0119. \u015awiat\u0142a, kt\u00f3re o\u015bwietlaj\u0105 Koloseum i okolic\u0119, tworz\u0105 magiczn\u0105 i romantyczn\u0105 atmosfer\u0119, a pustynia cz\u0119sto sprawia, \u017ce czujesz si\u0119, jakby\u015b mia\u0142 to niesamowite miejsce tylko dla siebie\".<\/p><\/div><\/div><\/div>\n<\/div>\n\n<div class=\"jet-carousel__item\">\n\t<div class=\"jet-carousel__item-inner\"><div class=\"jet-carousel__content\"><h5 class=\"jet-carousel__item-title\"><\/h5><div class=\"jet-carousel__item-text\"><p>\"Piazza del Colosseo jest bez w\u0105tpienia jednym z najbardziej turystycznych miejsc w Rzymie, ale nie mniej imponuj\u0105cym. Ilo\u015b\u0107 ludzi mo\u017ce by\u0107 nieco dusz\u0105ca, ale widok historycznego Koloseum w centrum stolicy Rzymu jest pot\u0119\u017cny i sprawia, \u017ce wszystko inne schodzi na dalszy plan\".<\/p><\/div><\/div><\/div>\n<\/div>\n\n<div class=\"jet-carousel__item\">\n\t<div class=\"jet-carousel__item-inner\"><div class=\"jet-carousel__content\"><h5 class=\"jet-carousel__item-title\"><\/h5><div class=\"jet-carousel__item-text\"><p>\"Po\u015br\u00f3d tak wielu historycznych i kulturalnych miejsc rozsianych po ca\u0142ych W\u0142oszech, Piazza del Colosseo jest jednym z niewielu, kt\u00f3re wydaj\u0105 si\u0119 mie\u0107 magiczn\u0105 zdolno\u015b\u0107 pobudzania wyobra\u017ani i przenoszenia historii do \u015bwiadomo\u015bci. Mo\u017cliwo\u015b\u0107 spaceru po chodniku, po kt\u00f3rym przesz\u0142y tysi\u0105ce ludzi i zobaczenia Koloseum wyrze\u017abionego na tle b\u0142\u0119kitnego nieba, jest wyj\u0105tkowym do\u015bwiadczeniem i podkre\u015bla ten niezwyk\u0142y zabytek\".<\/p><\/div><\/div><\/div>\n<\/div>\n<\/div><div class=\"jet-carousel__prev-arrow-75dff37 jet-arrow prev-arrow\"><i aria-hidden=\"true\" class=\"fal fa-chevron-left\"><\/i><\/div><div class=\"jet-carousel__next-arrow-75dff37 jet-arrow next-arrow\"><i aria-hidden=\"true\" class=\"fal fa-chevron-right\"><\/i><\/div><\/div>\n<\/div>\n<\/div>\t\t<\/div>\n\t\t\t\t<\/div>\n\t\t\t\t\t<\/div>\n\t\t\t\t<\/div>\n\t\t\t\t\t<\/div>\n\t\t<\/div>\n\t\t\t\t\t<\/div>\n\t\t<\/section>\n\t\t\t\t<\/div>","protected":false},"excerpt":{"rendered":"<p>Plac Koloseum Plac Koloseum w sercu Rzymu To miejsce jest domem dla najs\u0142ynniejszego pomnika na \u015bwiecie. Odkrywanie Piazza del Colosseo w Rzymie oznacza podr\u00f3\u017c w czasie i jednoczesne podziwianie jednego z siedmiu cud\u00f3w \u015bwiata. Plac Koloseum w samym sercu Rzymu W centrum placu Koloseum [...]<\/p>","protected":false},"author":1,"featured_media":0,"parent":526,"menu_order":5,"comment_status":"closed","ping_status":"closed","template":"","meta":{"site-sidebar-layout":"no-sidebar","site-content-layout":"page-builder","ast-site-content-layout":"full-width-container","site-content-style":"unboxed","site-sidebar-style":"unboxed","ast-global-header-display":"","ast-banner-title-visibility":"","ast-main-header-display":"","ast-hfb-above-header-display":"","ast-hfb-below-header-display":"","ast-hfb-mobile-header-display":"","site-post-title":"disabled","ast-breadcrumbs-content":"","ast-featured-img":"disabled","footer-sml-layout":"","ast-disable-related-posts":"","theme-transparent-header-meta":"default","adv-header-id-meta":"","stick-header-meta":"","header-above-stick-meta":"","header-main-stick-meta":"","header-below-stick-meta":"","astra-migrate-meta-layouts":"default","ast-page-background-enabled":"default","ast-page-background-meta":{"desktop":{"background-color":"var(--ast-global-color-4)","background-image":"","background-repeat":"repeat","background-position":"center center","background-size":"auto","background-attachment":"scroll","background-type":"","background-media":"","overlay-type":"","overlay-color":"","overlay-opacity":"","overlay-gradient":""},"tablet":{"background-color":"","background-image":"","background-repeat":"repeat","background-position":"center center","background-size":"auto","background-attachment":"scroll","background-type":"","background-media":"","overlay-type":"","overlay-color":"","overlay-opacity":"","overlay-gradient":""},"mobile":{"background-color":"","background-image":"","background-repeat":"repeat","background-position":"center center","background-size":"auto","background-attachment":"scroll","background-type":"","background-media":"","overlay-type":"","overlay-color":"","overlay-opacity":"","overlay-gradient":""}},"ast-content-background-meta":{"desktop":{"background-color":"var(--ast-global-color-5)","background-image":"","background-repeat":"repeat","background-position":"center center","background-size":"auto","background-attachment":"scroll","background-type":"","background-media":"","overlay-type":"","overlay-color":"","overlay-opacity":"","overlay-gradient":""},"tablet":{"background-color":"var(--ast-global-color-5)","background-image":"","background-repeat":"repeat","background-position":"center center","background-size":"auto","background-attachment":"scroll","background-type":"","background-media":"","overlay-type":"","overlay-color":"","overlay-opacity":"","overlay-gradient":""},"mobile":{"background-color":"var(--ast-global-color-5)","background-image":"","background-repeat":"repeat","background-position":"center center","background-size":"auto","background-attachment":"scroll","background-type":"","background-media":"","overlay-type":"","overlay-color":"","overlay-opacity":"","overlay-gradient":""}},"iawp_total_views":929,"footnotes":""},"class_list":["post-1198","page","type-page","status-publish","hentry"],"_links":{"self":[{"href":"https:\/\/colosseo-roma.it\/pl\/wp-json\/wp\/v2\/pages\/1198","targetHints":{"allow":["GET"]}}],"collection":[{"href":"https:\/\/colosseo-roma.it\/pl\/wp-json\/wp\/v2\/pages"}],"about":[{"href":"https:\/\/colosseo-roma.it\/pl\/wp-json\/wp\/v2\/types\/page"}],"author":[{"embeddable":true,"href":"https:\/\/colosseo-roma.it\/pl\/wp-json\/wp\/v2\/users\/1"}],"replies":[{"embeddable":true,"href":"https:\/\/colosseo-roma.it\/pl\/wp-json\/wp\/v2\/comments?post=1198"}],"version-history":[{"count":0,"href":"https:\/\/colosseo-roma.it\/pl\/wp-json\/wp\/v2\/pages\/1198\/revisions"}],"up":[{"embeddable":true,"href":"https:\/\/colosseo-roma.it\/pl\/wp-json\/wp\/v2\/pages\/526"}],"wp:attachment":[{"href":"https:\/\/colosseo-roma.it\/pl\/wp-json\/wp\/v2\/media?parent=1198"}],"curies":[{"name":"wp","href":"https:\/\/api.w.org\/{rel}","templated":true}]}}