{"id":40,"date":"2023-03-10T11:18:58","date_gmt":"2023-03-10T10:18:58","guid":{"rendered":"https:\/\/wordpress-1074717-3818660.cloudwaysapps.com\/?page_id=40"},"modified":"2026-01-26T17:12:47","modified_gmt":"2026-01-26T16:12:47","slug":"rozklady-jazdy","status":"publish","type":"page","link":"https:\/\/colosseo-roma.it\/pl\/wizyta\/godziny-otwarcia\/","title":{"rendered":"Godziny otwarcia"},"content":{"rendered":"<div data-elementor-type=\"wp-page\" data-elementor-id=\"40\" class=\"elementor elementor-40\" data-elementor-post-type=\"page\">\n\t\t\t\t\t\t<section class=\"elementor-section elementor-top-section elementor-element elementor-element-f90df0c elementor-section-boxed elementor-section-height-default elementor-section-height-default\" data-id=\"f90df0c\" data-element_type=\"section\" data-settings=\"{&quot;jet_parallax_layout_list&quot;:[],&quot;ekit_has_onepagescroll_dot&quot;:&quot;yes&quot;}\">\n\t\t\t\t\t\t<div class=\"elementor-container elementor-column-gap-default\">\n\t\t\t\t\t<div class=\"elementor-column elementor-col-100 elementor-top-column elementor-element elementor-element-b1f1488\" data-id=\"b1f1488\" data-element_type=\"column\" data-settings=\"{&quot;background_background&quot;:&quot;classic&quot;}\">\n\t\t\t<div class=\"elementor-widget-wrap elementor-element-populated\">\n\t\t\t\t\t\t<div class=\"elementor-element elementor-element-09e0654 elementor-widget elementor-widget-heading\" data-id=\"09e0654\" data-element_type=\"widget\" data-settings=\"{&quot;ekit_we_effect_on&quot;:&quot;none&quot;}\" data-widget_type=\"heading.default\">\n\t\t\t\t<div class=\"elementor-widget-container\">\n\t\t\t<h1 class=\"elementor-heading-title elementor-size-default\">Godziny otwarcia Koloseum\n\n<\/h1>\t\t<\/div>\n\t\t\t\t<\/div>\n\t\t\t\t<div class=\"elementor-element elementor-element-b14ffde elementor-widget elementor-widget-heading\" data-id=\"b14ffde\" data-element_type=\"widget\" data-settings=\"{&quot;ekit_we_effect_on&quot;:&quot;none&quot;}\" data-widget_type=\"heading.default\">\n\t\t\t\t<div class=\"elementor-widget-container\">\n\t\t\t<h4 class=\"elementor-heading-title elementor-size-default\">Godziny otwarcia Koloseum<\/h4>\t\t<\/div>\n\t\t\t\t<\/div>\n\t\t\t\t<div class=\"elementor-element elementor-element-5c62bb9 elementor-widget elementor-widget-text-editor\" data-id=\"5c62bb9\" data-element_type=\"widget\" data-settings=\"{&quot;ekit_we_effect_on&quot;:&quot;none&quot;}\" data-widget_type=\"text-editor.default\">\n\t\t\t\t<div class=\"elementor-widget-container\">\n\t\t\t\t\t\t\t<p style=\"text-align: center;\"><strong>Koloseum ma nast\u0119puj\u0105ce godziny otwarcia i zamkni\u0119cia:\u00a0<\/strong><\/p><p style=\"text-align: center;\"><strong>Godziny otwarcia 08:30 - 16:30: od ostatniej niedzieli pa\u017adziernika do 15 lutego<\/strong><\/p><p style=\"text-align: center;\"><strong>Godziny otwarcia od 08:30 do 17:00: od 16 lutego do 15 marca<\/strong><\/p><p style=\"text-align: center;\"><strong>Godziny otwarcia od 08:30 do 17:30: od 16 do ostatniej soboty marca.<\/strong><\/p><p style=\"text-align: center;\"><strong>Godziny otwarcia 08.30 - 19.15: od ostatniej niedzieli marca do 31 sierpnia<\/strong><\/p><p style=\"text-align: center;\"><strong>Godziny otwarcia od 08:30 do 19:00: od 1 do 30 wrze\u015bnia<\/strong><\/p><p style=\"text-align: center;\"><strong>Godziny otwarcia 08.30 - 18.30: od 1 do ostatniej soboty pa\u017adziernika<\/strong><\/p><p style=\"text-align: center;\"><strong>Nale\u017cy pami\u0119ta\u0107, \u017ce ostatnie wej\u015bcie jest mo\u017cliwe na godzin\u0119 przed zamkni\u0119ciem Koloseum.<\/strong><\/p><p style=\"text-align: center;\"><strong>Koloseum jest otwarte codziennie, zamkni\u0119te tylko 1 stycznia i 25 grudnia.<\/strong><\/p>\t\t\t\t\t\t<\/div>\n\t\t\t\t<\/div>\n\t\t\t\t<div class=\"elementor-element elementor-element-57e6c65 elementor-widget elementor-widget-spacer\" data-id=\"57e6c65\" data-element_type=\"widget\" data-settings=\"{&quot;ekit_we_effect_on&quot;:&quot;none&quot;}\" data-widget_type=\"spacer.default\">\n\t\t\t\t<div class=\"elementor-widget-container\">\n\t\t\t\t\t<div class=\"elementor-spacer\">\n\t\t\t<div class=\"elementor-spacer-inner\"><\/div>\n\t\t<\/div>\n\t\t\t\t<\/div>\n\t\t\t\t<\/div>\n\t\t\t\t\t<\/div>\n\t\t<\/div>\n\t\t\t\t\t<\/div>\n\t\t<\/section>\n\t\t\t\t<section class=\"elementor-section elementor-top-section elementor-element elementor-element-4decdf9 elementor-section-boxed elementor-section-height-default elementor-section-height-default\" data-id=\"4decdf9\" data-element_type=\"section\" data-settings=\"{&quot;jet_parallax_layout_list&quot;:[],&quot;ekit_has_onepagescroll_dot&quot;:&quot;yes&quot;}\">\n\t\t\t\t\t\t<div class=\"elementor-container elementor-column-gap-default\">\n\t\t\t\t\t<div class=\"elementor-column elementor-col-100 elementor-top-column elementor-element elementor-element-ae96b9f\" data-id=\"ae96b9f\" data-element_type=\"column\" data-settings=\"{&quot;background_background&quot;:&quot;classic&quot;}\">\n\t\t\t<div class=\"elementor-widget-wrap elementor-element-populated\">\n\t\t\t\t\t\t<div class=\"elementor-element elementor-element-b170979 elementor-widget elementor-widget-html\" data-id=\"b170979\" data-element_type=\"widget\" data-settings=\"{&quot;ekit_we_effect_on&quot;:&quot;none&quot;}\" data-widget_type=\"html.default\">\n\t\t\t\t<div class=\"elementor-widget-container\">\n\t\t\t<div data-tiqets-widget=\"discovery\" data-cards-layout=\"responsive\" data-content-type=\"product\" data-item_count=\"4\" data-destination-type=\"venue\" data-destination-id=\"217362\" data-partner=\"colosseo_roma\" data-tq-campaign=\"orari\"><\/div><script defer src=\"https:\/\/widgets.tiqets.com\/loader.js\"><\/script>\t\t<\/div>\n\t\t\t\t<\/div>\n\t\t\t\t<div class=\"elementor-element elementor-element-8bac0b3 elementor-widget elementor-widget-heading\" data-id=\"8bac0b3\" data-element_type=\"widget\" data-settings=\"{&quot;ekit_we_effect_on&quot;:&quot;none&quot;}\" data-widget_type=\"heading.default\">\n\t\t\t\t<div class=\"elementor-widget-container\">\n\t\t\t<h5 class=\"elementor-heading-title elementor-size-default\">Dlaczego warto zarezerwowa\u0107 wycieczki z przewodnikiem?<\/h5>\t\t<\/div>\n\t\t\t\t<\/div>\n\t\t\t\t<div class=\"elementor-element elementor-element-6f6d1b0 elementor-widget elementor-widget-text-editor\" data-id=\"6f6d1b0\" data-element_type=\"widget\" data-settings=\"{&quot;ekit_we_effect_on&quot;:&quot;none&quot;}\" data-widget_type=\"text-editor.default\">\n\t\t\t\t<div class=\"elementor-widget-container\">\n\t\t\t\t\t\t\t<p>Rezerwacja wycieczek z przewodnikiem to dobry wyb\u00f3r dla tych, kt\u00f3rzy chc\u0105 zmaksymalizowa\u0107 sw\u00f3j czas i cieszy\u0107 si\u0119 bardziej dog\u0142\u0119bnym zwiedzaniem. Podczas wycieczki z przewodnikiem do\u015bwiadczony przewodnik oprowadzi Ci\u0119 po ca\u0142ej arenie, a tak\u017ce zapewni dost\u0119p do cz\u0119\u015bci Koloseum, kt\u00f3ra jest zamkni\u0119ta dla os\u00f3b zwiedzaj\u0105cych samodzielnie: podziemi Koloseum. Ponadto wiele wycieczek z przewodnikiem obejmuje r\u00f3wnie\u017c priorytetowy dost\u0119p bez kolejek, co pozwala zaoszcz\u0119dzi\u0107 cenny czas i nie trzeba czeka\u0107 w kolejce pod s\u0142o\u0144cem.<\/p>\t\t\t\t\t\t<\/div>\n\t\t\t\t<\/div>\n\t\t\t\t<div class=\"elementor-element elementor-element-3a1f1fb elementor-widget elementor-widget-heading\" data-id=\"3a1f1fb\" data-element_type=\"widget\" data-settings=\"{&quot;ekit_we_effect_on&quot;:&quot;none&quot;}\" data-widget_type=\"heading.default\">\n\t\t\t\t<div class=\"elementor-widget-container\">\n\t\t\t<h5 class=\"elementor-heading-title elementor-size-default\">Dlaczego warto kupowa\u0107 bilety i wycieczki?<\/h5>\t\t<\/div>\n\t\t\t\t<\/div>\n\t\t\t\t<div class=\"elementor-element elementor-element-6442606 elementor-widget elementor-widget-text-editor\" data-id=\"6442606\" data-element_type=\"widget\" data-settings=\"{&quot;ekit_we_effect_on&quot;:&quot;none&quot;}\" data-widget_type=\"text-editor.default\">\n\t\t\t\t<div class=\"elementor-widget-container\">\n\t\t\t\t\t\t\t<p>Kupowanie bilet\u00f3w i wycieczek z wyprzedzeniem pozwala unikn\u0105\u0107 kolejek i zapewni\u0107 sobie dost\u0119p w wybranych dniach i godzinach. Ponadto cz\u0119sto dost\u0119pne s\u0105 specjalne oferty online lub pakiety obejmuj\u0105ce kilka atrakcji turystycznych. Kupowanie bilet\u00f3w i wycieczek na aren\u0119 z wyprzedzeniem pozwala r\u00f3wnie\u017c lepiej zorganizowa\u0107 podr\u00f3\u017c i mie\u0107 przegl\u0105d koszt\u00f3w, kt\u00f3re nale\u017cy ponie\u015b\u0107 z wyprzedzeniem, unikaj\u0105c niepo\u017c\u0105danych niespodzianek.<\/p>\t\t\t\t\t\t<\/div>\n\t\t\t\t<\/div>\n\t\t\t\t<div class=\"elementor-element elementor-element-ec87156 elementor-widget elementor-widget-heading\" data-id=\"ec87156\" data-element_type=\"widget\" data-settings=\"{&quot;ekit_we_effect_on&quot;:&quot;none&quot;}\" data-widget_type=\"heading.default\">\n\t\t\t\t<div class=\"elementor-widget-container\">\n\t\t\t<h5 class=\"elementor-heading-title elementor-size-default\">Jak d\u0142ugo trwa wizyta?<\/h5>\t\t<\/div>\n\t\t\t\t<\/div>\n\t\t\t\t<div class=\"elementor-element elementor-element-4c254f8 elementor-widget elementor-widget-text-editor\" data-id=\"4c254f8\" data-element_type=\"widget\" data-settings=\"{&quot;ekit_we_effect_on&quot;:&quot;none&quot;}\" data-widget_type=\"text-editor.default\">\n\t\t\t\t<div class=\"elementor-widget-container\">\n\t\t\t\t\t\t\t<p>Samo zwiedzanie Koloseum zajmie co najmniej godzin\u0119, co obejmuje czas na zwiedzanie zabytku i zrobienie kilku zdj\u0119\u0107 i selfie. Obejrzenie innych atrakcji, takich jak Forum Romanum i Wzg\u00f3rze Palaty\u0144skie, zajmie 3 godziny. Czas potrzebny na zwiedzenie tych zabytk\u00f3w zale\u017cy r\u00f3wnie\u017c od rodzaju wybranej wycieczki. Wycieczki z przewodnikiem zwykle trwaj\u0105 d\u0142u\u017cej ni\u017c samodzielne zwiedzanie.<\/p>\t\t\t\t\t\t<\/div>\n\t\t\t\t<\/div>\n\t\t\t\t<div class=\"elementor-element elementor-element-6d32b39 elementor-widget elementor-widget-heading\" data-id=\"6d32b39\" data-element_type=\"widget\" data-settings=\"{&quot;ekit_we_effect_on&quot;:&quot;none&quot;}\" data-widget_type=\"heading.default\">\n\t\t\t\t<div class=\"elementor-widget-container\">\n\t\t\t<h5 class=\"elementor-heading-title elementor-size-default\">Wa\u017cna wskaz\u00f3wka dotycz\u0105ca zwiedzania Koloseum:<\/h5>\t\t<\/div>\n\t\t\t\t<\/div>\n\t\t\t\t<div class=\"elementor-element elementor-element-e39e5d8 elementor-widget elementor-widget-text-editor\" data-id=\"e39e5d8\" data-element_type=\"widget\" data-settings=\"{&quot;ekit_we_effect_on&quot;:&quot;none&quot;}\" data-widget_type=\"text-editor.default\">\n\t\t\t\t<div class=\"elementor-widget-container\">\n\t\t\t\t\t\t\t<ul><li>Najlepsz\u0105 por\u0105 na zwiedzanie Koloseum jest okres od listopada do marca, kiedy panuje przyjemniejszy klimat i jest mniej turyst\u00f3w.<\/li><li>W ci\u0105gu dnia zaleca si\u0119 odwiedzanie atrakcji we wczesnych godzinach porannych lub na kr\u00f3tko przed zamkni\u0119ciem.<\/li><li>Zaplanuj wizyt\u0119 w dni powszednie, aby unikn\u0105\u0107 t\u0142um\u00f3w odwiedzaj\u0105cych.<\/li><\/ul>\t\t\t\t\t\t<\/div>\n\t\t\t\t<\/div>\n\t\t\t\t<div class=\"elementor-element elementor-element-e79276d elementor-widget elementor-widget-heading\" data-id=\"e79276d\" data-element_type=\"widget\" data-settings=\"{&quot;ekit_we_effect_on&quot;:&quot;none&quot;}\" data-widget_type=\"heading.default\">\n\t\t\t\t<div class=\"elementor-widget-container\">\n\t\t\t<h5 class=\"elementor-heading-title elementor-size-default\">Koloseum - bilety ulgowe<\/h5>\t\t<\/div>\n\t\t\t\t<\/div>\n\t\t\t\t<div class=\"elementor-element elementor-element-9c60533 elementor-widget elementor-widget-text-editor\" data-id=\"9c60533\" data-element_type=\"widget\" data-settings=\"{&quot;ekit_we_effect_on&quot;:&quot;none&quot;}\" data-widget_type=\"text-editor.default\">\n\t\t\t\t<div class=\"elementor-widget-container\">\n\t\t\t\t\t\t\t<p>Kup nast\u0119puj\u0105ce atrakcje i wybierz wycieczk\u0119, kt\u00f3ra spe\u0142nia Twoje potrzeby i pami\u0119taj, aby<\/p><ul><li style=\"list-style-type: none;\"><ul><li><strong>Obywatele UE w wieku od 18 do 25 lat musz\u0105 okaza\u0107 dow\u00f3d to\u017csamo\u015bci, aby skorzysta\u0107 ze zni\u017cki w wysoko\u015bci 2,00 \u20ac.<\/strong>.<\/li><\/ul><\/li><\/ul>\t\t\t\t\t\t<\/div>\n\t\t\t\t<\/div>\n\t\t\t\t<div class=\"elementor-element elementor-element-3dd2788 elementor-widget elementor-widget-spacer\" data-id=\"3dd2788\" data-element_type=\"widget\" data-settings=\"{&quot;ekit_we_effect_on&quot;:&quot;none&quot;}\" data-widget_type=\"spacer.default\">\n\t\t\t\t<div class=\"elementor-widget-container\">\n\t\t\t\t\t<div class=\"elementor-spacer\">\n\t\t\t<div class=\"elementor-spacer-inner\"><\/div>\n\t\t<\/div>\n\t\t\t\t<\/div>\n\t\t\t\t<\/div>\n\t\t\t\t\t<\/div>\n\t\t<\/div>\n\t\t\t\t\t<\/div>\n\t\t<\/section>\n\t\t\t\t<\/div>","protected":false},"excerpt":{"rendered":"<p>Godziny otwarcia Koloseum Zwiedzanie Koloseum Koloseum ma nast\u0119puj\u0105ce godziny otwarcia i zamkni\u0119cia: Godziny otwarcia 08.30 - 16.30: od ostatniej niedzieli pa\u017adziernika do 15 lutego Godziny otwarcia 08.30 - 17.00: od 16 lutego do 15 marca Godziny otwarcia 08.30 - 17.30: od 16 do ostatniej soboty marca Godziny otwarcia 08.30 - [...]<\/p>","protected":false},"author":1,"featured_media":0,"parent":2357,"menu_order":4,"comment_status":"closed","ping_status":"closed","template":"","meta":{"site-sidebar-layout":"no-sidebar","site-content-layout":"page-builder","ast-site-content-layout":"full-width-container","site-content-style":"unboxed","site-sidebar-style":"unboxed","ast-global-header-display":"","ast-banner-title-visibility":"","ast-main-header-display":"","ast-hfb-above-header-display":"","ast-hfb-below-header-display":"","ast-hfb-mobile-header-display":"","site-post-title":"disabled","ast-breadcrumbs-content":"","ast-featured-img":"disabled","footer-sml-layout":"","ast-disable-related-posts":"","theme-transparent-header-meta":"default","adv-header-id-meta":"","stick-header-meta":"","header-above-stick-meta":"","header-main-stick-meta":"","header-below-stick-meta":"","astra-migrate-meta-layouts":"default","ast-page-background-enabled":"default","ast-page-background-meta":{"desktop":{"background-color":"var(--ast-global-color-4)","background-image":"","background-repeat":"repeat","background-position":"center center","background-size":"auto","background-attachment":"scroll","background-type":"","background-media":"","overlay-type":"","overlay-color":"","overlay-opacity":"","overlay-gradient":""},"tablet":{"background-color":"","background-image":"","background-repeat":"repeat","background-position":"center center","background-size":"auto","background-attachment":"scroll","background-type":"","background-media":"","overlay-type":"","overlay-color":"","overlay-opacity":"","overlay-gradient":""},"mobile":{"background-color":"","background-image":"","background-repeat":"repeat","background-position":"center center","background-size":"auto","background-attachment":"scroll","background-type":"","background-media":"","overlay-type":"","overlay-color":"","overlay-opacity":"","overlay-gradient":""}},"ast-content-background-meta":{"desktop":{"background-color":"var(--ast-global-color-5)","background-image":"","background-repeat":"repeat","background-position":"center center","background-size":"auto","background-attachment":"scroll","background-type":"","background-media":"","overlay-type":"","overlay-color":"","overlay-opacity":"","overlay-gradient":""},"tablet":{"background-color":"var(--ast-global-color-5)","background-image":"","background-repeat":"repeat","background-position":"center center","background-size":"auto","background-attachment":"scroll","background-type":"","background-media":"","overlay-type":"","overlay-color":"","overlay-opacity":"","overlay-gradient":""},"mobile":{"background-color":"var(--ast-global-color-5)","background-image":"","background-repeat":"repeat","background-position":"center center","background-size":"auto","background-attachment":"scroll","background-type":"","background-media":"","overlay-type":"","overlay-color":"","overlay-opacity":"","overlay-gradient":""}},"iawp_total_views":19499,"footnotes":""},"class_list":["post-40","page","type-page","status-publish","hentry"],"_links":{"self":[{"href":"https:\/\/colosseo-roma.it\/pl\/wp-json\/wp\/v2\/pages\/40","targetHints":{"allow":["GET"]}}],"collection":[{"href":"https:\/\/colosseo-roma.it\/pl\/wp-json\/wp\/v2\/pages"}],"about":[{"href":"https:\/\/colosseo-roma.it\/pl\/wp-json\/wp\/v2\/types\/page"}],"author":[{"embeddable":true,"href":"https:\/\/colosseo-roma.it\/pl\/wp-json\/wp\/v2\/users\/1"}],"replies":[{"embeddable":true,"href":"https:\/\/colosseo-roma.it\/pl\/wp-json\/wp\/v2\/comments?post=40"}],"version-history":[{"count":0,"href":"https:\/\/colosseo-roma.it\/pl\/wp-json\/wp\/v2\/pages\/40\/revisions"}],"up":[{"embeddable":true,"href":"https:\/\/colosseo-roma.it\/pl\/wp-json\/wp\/v2\/pages\/2357"}],"wp:attachment":[{"href":"https:\/\/colosseo-roma.it\/pl\/wp-json\/wp\/v2\/media?parent=40"}],"curies":[{"name":"wp","href":"https:\/\/api.w.org\/{rel}","templated":true}]}}