{"id":506,"date":"2023-03-28T09:11:34","date_gmt":"2023-03-28T08:11:34","guid":{"rendered":"https:\/\/wordpress-1074717-3818660.cloudwaysapps.com\/?page_id=506"},"modified":"2026-01-26T17:13:53","modified_gmt":"2026-01-26T16:13:53","slug":"wycieczki-dla-osob-niepelnosprawnych","status":"publish","type":"page","link":"https:\/\/colosseo-roma.it\/pl\/wizyta\/doswiadczenie-z-przewodnikiem\/wycieczki-dla-osob-niepelnosprawnych\/","title":{"rendered":"Wycieczki dla os\u00f3b niepe\u0142nosprawnych"},"content":{"rendered":"<div data-elementor-type=\"wp-page\" data-elementor-id=\"506\" class=\"elementor elementor-506\" data-elementor-post-type=\"page\">\n\t\t\t\t\t\t<section class=\"elementor-section elementor-top-section elementor-element elementor-element-dd313d4 elementor-section-boxed elementor-section-height-default elementor-section-height-default\" data-id=\"dd313d4\" data-element_type=\"section\" data-settings=\"{&quot;jet_parallax_layout_list&quot;:[],&quot;ekit_has_onepagescroll_dot&quot;:&quot;yes&quot;}\">\n\t\t\t\t\t\t<div class=\"elementor-container elementor-column-gap-default\">\n\t\t\t\t\t<div class=\"elementor-column elementor-col-100 elementor-top-column elementor-element elementor-element-d5e507f\" data-id=\"d5e507f\" data-element_type=\"column\" data-settings=\"{&quot;background_background&quot;:&quot;classic&quot;}\">\n\t\t\t<div class=\"elementor-widget-wrap elementor-element-populated\">\n\t\t\t\t\t\t<div class=\"elementor-element elementor-element-ea0c97c elementor-widget elementor-widget-heading\" data-id=\"ea0c97c\" data-element_type=\"widget\" data-settings=\"{&quot;ekit_we_effect_on&quot;:&quot;none&quot;}\" data-widget_type=\"heading.default\">\n\t\t\t\t<div class=\"elementor-widget-container\">\n\t\t\t<h1 class=\"elementor-heading-title elementor-size-default\">Zwiedzanie Koloseum dla os\u00f3b niepe\u0142nosprawnych<\/h1>\t\t<\/div>\n\t\t\t\t<\/div>\n\t\t\t\t<div class=\"elementor-element elementor-element-c8a778e elementor-widget elementor-widget-heading\" data-id=\"c8a778e\" data-element_type=\"widget\" data-settings=\"{&quot;ekit_we_effect_on&quot;:&quot;none&quot;}\" data-widget_type=\"heading.default\">\n\t\t\t\t<div class=\"elementor-widget-container\">\n\t\t\t<h4 class=\"elementor-heading-title elementor-size-default\">Oto r\u00f3\u017cne propozycje zwiedzania Koloseum w ramach wycieczki dla os\u00f3b niepe\u0142nosprawnych<\/h4>\t\t<\/div>\n\t\t\t\t<\/div>\n\t\t\t\t<div class=\"elementor-element elementor-element-c183d13 elementor-widget elementor-widget-html\" data-id=\"c183d13\" data-element_type=\"widget\" data-settings=\"{&quot;ekit_we_effect_on&quot;:&quot;none&quot;}\" data-widget_type=\"html.default\">\n\t\t\t\t<div class=\"elementor-widget-container\">\n\t\t\t<div data-tiqets-widget=\"discovery\" data-cards-layout=\"responsive\" data-content-type=\"product\" data-item_count=\"4\" data-destination-type=\"venue\" data-destination-id=\"145769\" data-partner=\"colosseo_roma\" data-tq-campaign=\"disabili\"><\/div><script defer src=\"https:\/\/widgets.tiqets.com\/loader.js\"><\/script>\t\t<\/div>\n\t\t\t\t<\/div>\n\t\t\t\t<div class=\"elementor-element elementor-element-7882a39 elementor-widget elementor-widget-heading\" data-id=\"7882a39\" data-element_type=\"widget\" data-settings=\"{&quot;ekit_we_effect_on&quot;:&quot;none&quot;}\" data-widget_type=\"heading.default\">\n\t\t\t\t<div class=\"elementor-widget-container\">\n\t\t\t<h5 class=\"elementor-heading-title elementor-size-default\">Zwiedzanie Rzymu z dost\u0119pem do wycieczek po Koloseum dla os\u00f3b niepe\u0142nosprawnych jest mo\u017cliwe. Wystarczy dokona\u0107 rezerwacji.<\/h5>\t\t<\/div>\n\t\t\t\t<\/div>\n\t\t\t\t<div class=\"elementor-element elementor-element-27bf8e6 elementor-widget elementor-widget-text-editor\" data-id=\"27bf8e6\" data-element_type=\"widget\" data-settings=\"{&quot;ekit_we_effect_on&quot;:&quot;none&quot;}\" data-widget_type=\"text-editor.default\">\n\t\t\t\t<div class=\"elementor-widget-container\">\n\t\t\t\t\t\t\t<p>Istnieje wiele dost\u0119pnych wycieczek do Koloseum w Rzymie dla os\u00f3b niepe\u0142nosprawnych. Wi\u0119kszo\u015b\u0107 organizator\u00f3w wycieczek i przewodnik\u00f3w oferuje wycieczki przystosowane do potrzeb os\u00f3b niepe\u0142nosprawnych, dzi\u0119ki czemu mo\u017cna odkry\u0107 histori\u0119 zabytku. Wa\u017cne jest jednak, aby okre\u015bli\u0107 potrzeby i wymagania osoby niepe\u0142nosprawnej przed zorganizowaniem wycieczki, aby mo\u017cna by\u0142o dokona\u0107 odpowiednich dostosowa\u0144. Ponadto niekt\u00f3re wycieczki mog\u0105 wymaga\u0107 wcze\u015bniejszej rezerwacji, aby zapewni\u0107 dost\u0119p i jak najlepsze wra\u017cenia.<\/p>\t\t\t\t\t\t<\/div>\n\t\t\t\t<\/div>\n\t\t\t\t\t<\/div>\n\t\t<\/div>\n\t\t\t\t\t<\/div>\n\t\t<\/section>\n\t\t\t\t<\/div>","protected":false},"excerpt":{"rendered":"<p>Wycieczki po Koloseum dla os\u00f3b niepe\u0142nosprawnych Oto r\u00f3\u017cne propozycje zwiedzania Koloseum z wycieczk\u0105 dla os\u00f3b niepe\u0142nosprawnych Zwiedzanie Rzymu z wycieczk\u0105 po Koloseum dla os\u00f3b niepe\u0142nosprawnych jest mo\u017cliwe. Wystarczy tylko dokona\u0107 rezerwacji. Istnieje wiele dost\u0119pnych wycieczek, aby odwiedzi\u0107 Koloseum w Rzymie dla os\u00f3b niepe\u0142nosprawnych. Wi\u0119kszo\u015b\u0107 touroperator\u00f3w i przewodnik\u00f3w oferuje [...]<\/p>","protected":false},"author":1,"featured_media":0,"parent":494,"menu_order":5,"comment_status":"closed","ping_status":"closed","template":"","meta":{"site-sidebar-layout":"no-sidebar","site-content-layout":"page-builder","ast-site-content-layout":"full-width-container","site-content-style":"unboxed","site-sidebar-style":"unboxed","ast-global-header-display":"","ast-banner-title-visibility":"","ast-main-header-display":"","ast-hfb-above-header-display":"","ast-hfb-below-header-display":"","ast-hfb-mobile-header-display":"","site-post-title":"disabled","ast-breadcrumbs-content":"","ast-featured-img":"disabled","footer-sml-layout":"","ast-disable-related-posts":"","theme-transparent-header-meta":"default","adv-header-id-meta":"","stick-header-meta":"","header-above-stick-meta":"","header-main-stick-meta":"","header-below-stick-meta":"","astra-migrate-meta-layouts":"set","ast-page-background-enabled":"default","ast-page-background-meta":{"desktop":{"background-color":"var(--ast-global-color-4)","background-image":"","background-repeat":"repeat","background-position":"center center","background-size":"auto","background-attachment":"scroll","background-type":"","background-media":"","overlay-type":"","overlay-color":"","overlay-opacity":"","overlay-gradient":""},"tablet":{"background-color":"","background-image":"","background-repeat":"repeat","background-position":"center center","background-size":"auto","background-attachment":"scroll","background-type":"","background-media":"","overlay-type":"","overlay-color":"","overlay-opacity":"","overlay-gradient":""},"mobile":{"background-color":"","background-image":"","background-repeat":"repeat","background-position":"center center","background-size":"auto","background-attachment":"scroll","background-type":"","background-media":"","overlay-type":"","overlay-color":"","overlay-opacity":"","overlay-gradient":""}},"ast-content-background-meta":{"desktop":{"background-color":"var(--ast-global-color-5)","background-image":"","background-repeat":"repeat","background-position":"center center","background-size":"auto","background-attachment":"scroll","background-type":"","background-media":"","overlay-type":"","overlay-color":"","overlay-opacity":"","overlay-gradient":""},"tablet":{"background-color":"var(--ast-global-color-5)","background-image":"","background-repeat":"repeat","background-position":"center center","background-size":"auto","background-attachment":"scroll","background-type":"","background-media":"","overlay-type":"","overlay-color":"","overlay-opacity":"","overlay-gradient":""},"mobile":{"background-color":"var(--ast-global-color-5)","background-image":"","background-repeat":"repeat","background-position":"center center","background-size":"auto","background-attachment":"scroll","background-type":"","background-media":"","overlay-type":"","overlay-color":"","overlay-opacity":"","overlay-gradient":""}},"iawp_total_views":2949,"footnotes":""},"class_list":["post-506","page","type-page","status-publish","hentry"],"_links":{"self":[{"href":"https:\/\/colosseo-roma.it\/pl\/wp-json\/wp\/v2\/pages\/506","targetHints":{"allow":["GET"]}}],"collection":[{"href":"https:\/\/colosseo-roma.it\/pl\/wp-json\/wp\/v2\/pages"}],"about":[{"href":"https:\/\/colosseo-roma.it\/pl\/wp-json\/wp\/v2\/types\/page"}],"author":[{"embeddable":true,"href":"https:\/\/colosseo-roma.it\/pl\/wp-json\/wp\/v2\/users\/1"}],"replies":[{"embeddable":true,"href":"https:\/\/colosseo-roma.it\/pl\/wp-json\/wp\/v2\/comments?post=506"}],"version-history":[{"count":0,"href":"https:\/\/colosseo-roma.it\/pl\/wp-json\/wp\/v2\/pages\/506\/revisions"}],"up":[{"embeddable":true,"href":"https:\/\/colosseo-roma.it\/pl\/wp-json\/wp\/v2\/pages\/494"}],"wp:attachment":[{"href":"https:\/\/colosseo-roma.it\/pl\/wp-json\/wp\/v2\/media?parent=506"}],"curies":[{"name":"wp","href":"https:\/\/api.w.org\/{rel}","templated":true}]}}