{"id":513,"date":"2023-03-28T09:13:38","date_gmt":"2023-03-28T08:13:38","guid":{"rendered":"https:\/\/wordpress-1074717-3818660.cloudwaysapps.com\/?page_id=513"},"modified":"2026-01-26T17:12:37","modified_gmt":"2026-01-26T16:12:37","slug":"samochody","status":"publish","type":"page","link":"https:\/\/colosseo-roma.it\/pl\/wizyta\/jak-sie-tam-dostac\/samochody\/","title":{"rendered":"Samoch\u00f3d"},"content":{"rendered":"<div data-elementor-type=\"wp-page\" data-elementor-id=\"513\" class=\"elementor elementor-513\" data-elementor-post-type=\"page\">\n\t\t\t\t\t\t<section class=\"elementor-section elementor-top-section elementor-element elementor-element-5692cc6 elementor-section-boxed elementor-section-height-default elementor-section-height-default\" data-id=\"5692cc6\" data-element_type=\"section\" data-settings=\"{&quot;jet_parallax_layout_list&quot;:[],&quot;ekit_has_onepagescroll_dot&quot;:&quot;yes&quot;}\">\n\t\t\t\t\t\t<div class=\"elementor-container elementor-column-gap-default\">\n\t\t\t\t\t<div class=\"elementor-column elementor-col-100 elementor-top-column elementor-element elementor-element-cdf2143\" data-id=\"cdf2143\" data-element_type=\"column\" data-settings=\"{&quot;background_background&quot;:&quot;classic&quot;}\">\n\t\t\t<div class=\"elementor-widget-wrap elementor-element-populated\">\n\t\t\t\t\t\t<div class=\"elementor-element elementor-element-a663f07 elementor-widget elementor-widget-heading\" data-id=\"a663f07\" data-element_type=\"widget\" data-settings=\"{&quot;ekit_we_effect_on&quot;:&quot;none&quot;}\" data-widget_type=\"heading.default\">\n\t\t\t\t<div class=\"elementor-widget-container\">\n\t\t\t<h1 class=\"elementor-heading-title elementor-size-default\">Jak dojecha\u0107 samochodem do Koloseum<\/h1>\t\t<\/div>\n\t\t\t\t<\/div>\n\t\t\t\t<div class=\"elementor-element elementor-element-97ca5f0 elementor-widget elementor-widget-text-editor\" data-id=\"97ca5f0\" data-element_type=\"widget\" data-settings=\"{&quot;ekit_we_effect_on&quot;:&quot;none&quot;}\" data-widget_type=\"text-editor.default\">\n\t\t\t\t<div class=\"elementor-widget-container\">\n\t\t\t\t\t\t\t<p>Dojazd do Koloseum samochodem nie jest opcj\u0105, aby dotrze\u0107 do atrakcji turystycznej, poniewa\u017c obszar wok\u00f3\u0142 pomnika jest bardzo zat\u0142oczony.<\/p><p>Je\u015bli jednak musisz uda\u0107 si\u0119 do Koloseum samochodem, w pobli\u017cu znajduje si\u0119 kilka p\u0142atnych parking\u00f3w.<\/p><p><strong>Najbardziej funkcjonalne parkingi to<\/strong><\/p><ul><li>Obs\u0142uga parku Koloseum: 4 \u20ac za godzin\u0119<\/li><li>Park Koloseum: 8 \u20ac za 2 godziny<\/li><li>Supergarage Metronio: 22,93 \u20ac za dzie\u0144<\/li><\/ul><p>Znacznie bardziej zalecan\u0105 opcj\u0105 jest zaparkowanie samochodu poza historycznym centrum Rzymu w <strong>Parkingi przesiadkowe ATAC.<\/strong> S\u0105 to bardzo funkcjonalne i niedrogie parkingi. Stamt\u0105d wystarczy wsi\u0105\u015b\u0107 do metra, aby podr\u00f3\u017cowa\u0107 po Rzymie.<\/p><p>Je\u015bli chcesz wybra\u0107 si\u0119 do Rzymu samochodem, polecamy <strong>Parking przy dworcu Termini<\/strong>Stamt\u0105d mo\u017cna dotrze\u0107 do Koloseum w oko\u0142o 20 minut pieszo lub metrem.<\/p><p>Alternatywnie, istnieje wiele p\u0142atnych parking\u00f3w zlokalizowanych w r\u00f3\u017cnych cz\u0119\u015bciach miasta, kt\u00f3re mog\u0105 okaza\u0107 si\u0119 przydatne w zale\u017cno\u015bci od pozycji pocz\u0105tkowej i planowanej trasy podr\u00f3\u017cy.<\/p><p>Je\u015bli jednak planujesz wizyt\u0119 w Rzymie i Koloseum, <strong>Radz\u0119 korzysta\u0107 z transportu publicznego<\/strong> takich jak metro, autobus, poniewa\u017c ulice w centrum s\u0105 zat\u0142oczone, a parkowanie samochodu mo\u017ce by\u0107 raczej niewygodnym do\u015bwiadczeniem.<\/p>\t\t\t\t\t\t<\/div>\n\t\t\t\t<\/div>\n\t\t\t\t\t<\/div>\n\t\t<\/div>\n\t\t\t\t\t<\/div>\n\t\t<\/section>\n\t\t\t\t<\/div>","protected":false},"excerpt":{"rendered":"<p>Dojazd do Koloseum samochodem Dojazd do Koloseum samochodem nie jest opcj\u0105 dotarcia do atrakcji turystycznej, poniewa\u017c obszar zabytku jest bardzo zat\u0142oczony. Je\u015bli jednak musisz uda\u0107 si\u0119 do Koloseum samochodem, w pobli\u017cu znajduje si\u0119 kilka p\u0142atnych parking\u00f3w. Najbardziej funkcjonalne parkingi s\u0105 nast\u0119puj\u0105ce: Colosseum Park Service: 4 \u20ac za godzin\u0119 [...].<\/p>","protected":false},"author":1,"featured_media":0,"parent":42,"menu_order":3,"comment_status":"closed","ping_status":"closed","template":"","meta":{"site-sidebar-layout":"no-sidebar","site-content-layout":"page-builder","ast-site-content-layout":"full-width-container","site-content-style":"unboxed","site-sidebar-style":"unboxed","ast-global-header-display":"","ast-banner-title-visibility":"","ast-main-header-display":"","ast-hfb-above-header-display":"","ast-hfb-below-header-display":"","ast-hfb-mobile-header-display":"","site-post-title":"disabled","ast-breadcrumbs-content":"","ast-featured-img":"disabled","footer-sml-layout":"","ast-disable-related-posts":"","theme-transparent-header-meta":"default","adv-header-id-meta":"","stick-header-meta":"","header-above-stick-meta":"","header-main-stick-meta":"","header-below-stick-meta":"","astra-migrate-meta-layouts":"set","ast-page-background-enabled":"default","ast-page-background-meta":{"desktop":{"background-color":"var(--ast-global-color-4)","background-image":"","background-repeat":"repeat","background-position":"center center","background-size":"auto","background-attachment":"scroll","background-type":"","background-media":"","overlay-type":"","overlay-color":"","overlay-opacity":"","overlay-gradient":""},"tablet":{"background-color":"","background-image":"","background-repeat":"repeat","background-position":"center center","background-size":"auto","background-attachment":"scroll","background-type":"","background-media":"","overlay-type":"","overlay-color":"","overlay-opacity":"","overlay-gradient":""},"mobile":{"background-color":"","background-image":"","background-repeat":"repeat","background-position":"center center","background-size":"auto","background-attachment":"scroll","background-type":"","background-media":"","overlay-type":"","overlay-color":"","overlay-opacity":"","overlay-gradient":""}},"ast-content-background-meta":{"desktop":{"background-color":"var(--ast-global-color-5)","background-image":"","background-repeat":"repeat","background-position":"center center","background-size":"auto","background-attachment":"scroll","background-type":"","background-media":"","overlay-type":"","overlay-color":"","overlay-opacity":"","overlay-gradient":""},"tablet":{"background-color":"var(--ast-global-color-5)","background-image":"","background-repeat":"repeat","background-position":"center center","background-size":"auto","background-attachment":"scroll","background-type":"","background-media":"","overlay-type":"","overlay-color":"","overlay-opacity":"","overlay-gradient":""},"mobile":{"background-color":"var(--ast-global-color-5)","background-image":"","background-repeat":"repeat","background-position":"center center","background-size":"auto","background-attachment":"scroll","background-type":"","background-media":"","overlay-type":"","overlay-color":"","overlay-opacity":"","overlay-gradient":""}},"iawp_total_views":2371,"footnotes":""},"class_list":["post-513","page","type-page","status-publish","hentry"],"_links":{"self":[{"href":"https:\/\/colosseo-roma.it\/pl\/wp-json\/wp\/v2\/pages\/513","targetHints":{"allow":["GET"]}}],"collection":[{"href":"https:\/\/colosseo-roma.it\/pl\/wp-json\/wp\/v2\/pages"}],"about":[{"href":"https:\/\/colosseo-roma.it\/pl\/wp-json\/wp\/v2\/types\/page"}],"author":[{"embeddable":true,"href":"https:\/\/colosseo-roma.it\/pl\/wp-json\/wp\/v2\/users\/1"}],"replies":[{"embeddable":true,"href":"https:\/\/colosseo-roma.it\/pl\/wp-json\/wp\/v2\/comments?post=513"}],"version-history":[{"count":0,"href":"https:\/\/colosseo-roma.it\/pl\/wp-json\/wp\/v2\/pages\/513\/revisions"}],"up":[{"embeddable":true,"href":"https:\/\/colosseo-roma.it\/pl\/wp-json\/wp\/v2\/pages\/42"}],"wp:attachment":[{"href":"https:\/\/colosseo-roma.it\/pl\/wp-json\/wp\/v2\/media?parent=513"}],"curies":[{"name":"wp","href":"https:\/\/api.w.org\/{rel}","templated":true}]}}