{"id":521,"date":"2023-03-28T09:14:40","date_gmt":"2023-03-28T08:14:40","guid":{"rendered":"https:\/\/wordpress-1074717-3818660.cloudwaysapps.com\/?page_id=521"},"modified":"2026-01-26T17:12:17","modified_gmt":"2026-01-26T16:12:17","slug":"plan-wizyty","status":"publish","type":"page","link":"https:\/\/colosseo-roma.it\/pl\/wizyta\/plan-wizyty\/","title":{"rendered":"Plan wizyty"},"content":{"rendered":"<div data-elementor-type=\"wp-page\" data-elementor-id=\"521\" class=\"elementor elementor-521\" data-elementor-post-type=\"page\">\n\t\t\t\t\t\t<section class=\"elementor-section elementor-top-section elementor-element elementor-element-fdbd7ad elementor-section-boxed elementor-section-height-default elementor-section-height-default\" data-id=\"fdbd7ad\" data-element_type=\"section\" data-settings=\"{&quot;jet_parallax_layout_list&quot;:[],&quot;ekit_has_onepagescroll_dot&quot;:&quot;yes&quot;}\">\n\t\t\t\t\t\t<div class=\"elementor-container elementor-column-gap-default\">\n\t\t\t\t\t<div class=\"elementor-column elementor-col-100 elementor-top-column elementor-element elementor-element-356d384\" data-id=\"356d384\" data-element_type=\"column\" data-settings=\"{&quot;background_background&quot;:&quot;classic&quot;}\">\n\t\t\t<div class=\"elementor-widget-wrap elementor-element-populated\">\n\t\t\t\t\t\t<div class=\"elementor-element elementor-element-6c161f4 elementor-widget elementor-widget-heading\" data-id=\"6c161f4\" data-element_type=\"widget\" data-settings=\"{&quot;ekit_we_effect_on&quot;:&quot;none&quot;}\" data-widget_type=\"heading.default\">\n\t\t\t\t<div class=\"elementor-widget-container\">\n\t\t\t<h1 class=\"elementor-heading-title elementor-size-default\">Zaplanuj swoj\u0105 wizyt\u0119 <\/h1>\t\t<\/div>\n\t\t\t\t<\/div>\n\t\t\t\t<div class=\"elementor-element elementor-element-269dbcf elementor-widget elementor-widget-heading\" data-id=\"269dbcf\" data-element_type=\"widget\" data-settings=\"{&quot;ekit_we_effect_on&quot;:&quot;none&quot;}\" data-widget_type=\"heading.default\">\n\t\t\t\t<div class=\"elementor-widget-container\">\n\t\t\t<h5 class=\"elementor-heading-title elementor-size-default\">Pomagamy zorganizowa\u0107 wizyt\u0119 w Koloseum<\/h5>\t\t<\/div>\n\t\t\t\t<\/div>\n\t\t\t\t<div class=\"elementor-element elementor-element-174a2a0 elementor-widget elementor-widget-html\" data-id=\"174a2a0\" data-element_type=\"widget\" data-settings=\"{&quot;ekit_we_effect_on&quot;:&quot;none&quot;}\" data-widget_type=\"html.default\">\n\t\t\t\t<div class=\"elementor-widget-container\">\n\t\t\t<div data-tiqets-widget=\"discovery\" data-cards-layout=\"responsive\" data-content-type=\"product\" data-item_count=\"4\" data-destination-type=\"venue\" data-destination-id=\"145769\" data-partner=\"colosseo_roma\" data-tq-campaign=\"pianifica_visita\"><\/div><script defer src=\"https:\/\/widgets.tiqets.com\/loader.js\"><\/script>\t\t<\/div>\n\t\t\t\t<\/div>\n\t\t\t\t<div class=\"elementor-element elementor-element-462bd3a elementor-widget elementor-widget-spacer\" data-id=\"462bd3a\" data-element_type=\"widget\" data-settings=\"{&quot;ekit_we_effect_on&quot;:&quot;none&quot;}\" data-widget_type=\"spacer.default\">\n\t\t\t\t<div class=\"elementor-widget-container\">\n\t\t\t\t\t<div class=\"elementor-spacer\">\n\t\t\t<div class=\"elementor-spacer-inner\"><\/div>\n\t\t<\/div>\n\t\t\t\t<\/div>\n\t\t\t\t<\/div>\n\t\t\t\t<section class=\"elementor-section elementor-inner-section elementor-element elementor-element-9c51d8d elementor-section-boxed elementor-section-height-default elementor-section-height-default\" data-id=\"9c51d8d\" data-element_type=\"section\" data-settings=\"{&quot;jet_parallax_layout_list&quot;:[],&quot;ekit_has_onepagescroll_dot&quot;:&quot;yes&quot;}\">\n\t\t\t\t\t\t<div class=\"elementor-container elementor-column-gap-default\">\n\t\t\t\t\t<div class=\"elementor-column elementor-col-50 elementor-inner-column elementor-element elementor-element-3a5f46c\" data-id=\"3a5f46c\" data-element_type=\"column\" data-settings=\"{&quot;background_background&quot;:&quot;slideshow&quot;,&quot;background_slideshow_gallery&quot;:[{&quot;id&quot;:2213,&quot;url&quot;:&quot;https:\\\/\\\/colosseo-roma.it\\\/wp-content\\\/uploads\\\/2024\\\/08\\\/Colosseo_notte.jpg&quot;}],&quot;background_slideshow_loop&quot;:&quot;yes&quot;,&quot;background_slideshow_slide_duration&quot;:5000,&quot;background_slideshow_slide_transition&quot;:&quot;fade&quot;,&quot;background_slideshow_transition_duration&quot;:500}\">\n\t\t\t<div class=\"elementor-widget-wrap elementor-element-populated\">\n\t\t\t\t\t\t<div class=\"elementor-element elementor-element-ecd185e elementor-widget elementor-widget-spacer\" data-id=\"ecd185e\" data-element_type=\"widget\" data-settings=\"{&quot;ekit_we_effect_on&quot;:&quot;none&quot;}\" data-widget_type=\"spacer.default\">\n\t\t\t\t<div class=\"elementor-widget-container\">\n\t\t\t\t\t<div class=\"elementor-spacer\">\n\t\t\t<div class=\"elementor-spacer-inner\"><\/div>\n\t\t<\/div>\n\t\t\t\t<\/div>\n\t\t\t\t<\/div>\n\t\t\t\t\t<\/div>\n\t\t<\/div>\n\t\t\t\t<div class=\"elementor-column elementor-col-50 elementor-inner-column elementor-element elementor-element-e7baccf\" data-id=\"e7baccf\" data-element_type=\"column\">\n\t\t\t<div class=\"elementor-widget-wrap elementor-element-populated\">\n\t\t\t\t\t\t<div class=\"elementor-element elementor-element-1b66dc1 elementor-widget elementor-widget-heading\" data-id=\"1b66dc1\" data-element_type=\"widget\" data-settings=\"{&quot;ekit_we_effect_on&quot;:&quot;none&quot;}\" data-widget_type=\"heading.default\">\n\t\t\t\t<div class=\"elementor-widget-container\">\n\t\t\t<h4 class=\"elementor-heading-title elementor-size-default\">Zwiedzanie Koloseum wymaga starannego planowania, aby unikn\u0105\u0107 rozczarowania<\/h4>\t\t<\/div>\n\t\t\t\t<\/div>\n\t\t\t\t<div class=\"elementor-element elementor-element-b43c6cf elementor-widget elementor-widget-text-editor\" data-id=\"b43c6cf\" data-element_type=\"widget\" data-settings=\"{&quot;ekit_we_effect_on&quot;:&quot;none&quot;}\" data-widget_type=\"text-editor.default\">\n\t\t\t\t<div class=\"elementor-widget-container\">\n\t\t\t\t\t\t\t<p>Zorganizuj swoj\u0105 wizyt\u0119 w <strong>Koloseum<\/strong> jest niezb\u0119dna do prze\u017cycia niezapomnianych wra\u017ce\u0144 w jednym z najbardziej kultowych zabytk\u00f3w na \u015bwiecie. <span style=\"text-decoration: underline;\">Rezerwacja bilet\u00f3w online z wyprzedzeniem <\/span>pozwala omin\u0105\u0107 d\u0142ugie kolejki, zapewniaj\u0105c priorytetowy dost\u0119p. Mo\u017cesz wybra\u0107 jedn\u0105 z kilku opcji wizyty: od<strong> bilety bez kolejki<\/strong>na stronie <strong>wycieczki z przewodnikiem<\/strong> kt\u00f3re obejmuj\u0105 r\u00f3wnie\u017c Forum Romanum i Palatyn, a\u017c do <strong>ekskluzywne wycieczki<\/strong> noc\u0105 lub pod ziemi\u0105. Pami\u0119taj, aby zarezerwowa\u0107 czas wej\u015bcia, szczeg\u00f3lnie w sezonie, aby unikn\u0105\u0107 rozczarowania. Przyb\u0105d\u017a kilka minut wcze\u015bniej, aby przej\u015b\u0107 przez kontrol\u0119 bezpiecze\u0144stwa i pami\u0119taj o za\u0142o\u017ceniu wygodnych but\u00f3w, poniewa\u017c miejsce jest rozleg\u0142e i bogate w histori\u0119. Aby uzyska\u0107 pe\u0142n\u0105 i \u015bwiadom\u0105 wizyt\u0119, rozwa\u017c skorzystanie z<strong>audioprzewodnik<\/strong> lub wycieczk\u0119 z przewodnikiem, aby odkry\u0107 tajemnice i cuda staro\u017cytnego Rzymu. <span style=\"text-decoration: underline;\">Planowanie wizyty<\/span> pozwoli ci w pe\u0142ni cieszy\u0107 si\u0119 wspania\u0142o\u015bci\u0105 Koloseum i zanurzy\u0107 si\u0119 w jego fascynuj\u0105cej historii.<\/p>\t\t\t\t\t\t<\/div>\n\t\t\t\t<\/div>\n\t\t\t\t\t<\/div>\n\t\t<\/div>\n\t\t\t\t\t<\/div>\n\t\t<\/section>\n\t\t\t\t<section class=\"elementor-section elementor-inner-section elementor-element elementor-element-a65ae7d elementor-section-boxed elementor-section-height-default elementor-section-height-default\" data-id=\"a65ae7d\" data-element_type=\"section\" data-settings=\"{&quot;jet_parallax_layout_list&quot;:[],&quot;ekit_has_onepagescroll_dot&quot;:&quot;yes&quot;}\">\n\t\t\t\t\t\t<div class=\"elementor-container elementor-column-gap-default\">\n\t\t\t\t\t<div class=\"elementor-column elementor-col-50 elementor-inner-column elementor-element elementor-element-61ec2c8\" data-id=\"61ec2c8\" data-element_type=\"column\">\n\t\t\t<div class=\"elementor-widget-wrap elementor-element-populated\">\n\t\t\t\t\t\t<div class=\"elementor-element elementor-element-b1e56fb elementor-widget elementor-widget-heading\" data-id=\"b1e56fb\" data-element_type=\"widget\" data-settings=\"{&quot;ekit_we_effect_on&quot;:&quot;none&quot;}\" data-widget_type=\"heading.default\">\n\t\t\t\t<div class=\"elementor-widget-container\">\n\t\t\t<h4 class=\"elementor-heading-title elementor-size-default\">Jaki jest najlepszy czas na zwiedzanie Koloseum i podziwianie tego niezwyk\u0142ego miejsca bez t\u0142um\u00f3w?<\/h4>\t\t<\/div>\n\t\t\t\t<\/div>\n\t\t\t\t<div class=\"elementor-element elementor-element-ef88207 elementor-widget elementor-widget-text-editor\" data-id=\"ef88207\" data-element_type=\"widget\" data-settings=\"{&quot;ekit_we_effect_on&quot;:&quot;none&quot;}\" data-widget_type=\"text-editor.default\">\n\t\t\t\t<div class=\"elementor-widget-container\">\n\t\t\t\t\t\t\t<p>The <strong>najlepszy okres<\/strong> aby odwiedzi\u0107 Koloseum i cieszy\u0107 si\u0119 miejscem bez zbyt wielu t\u0142um\u00f3w jest podczas <strong>poza sezonem,<\/strong> kt\u00f3ry zazwyczaj waha si\u0119 od <span style=\"text-decoration: underline;\">Od listopada do marca<\/span> (z wy\u0142\u0105czeniem \u015bwi\u0105t Bo\u017cego Narodzenia i Nowego Roku). W tych miesi\u0105cach liczba odwiedzaj\u0105cych jest znacznie ni\u017csza ni\u017c w szczycie sezonu, co pozwala na spokojne zwiedzanie Koloseum. R\u00f3wnie\u017c <strong>wczesne godziny poranne<\/strong>jak tylko atrakcja zostanie otwarta, lub <strong>p\u00f3\u017ane popo\u0142udnie<\/strong>Blisko godziny zamkni\u0119cia to dobry czas, aby unikn\u0105\u0107 du\u017cych t\u0142um\u00f3w. W tych godzinach mo\u017cna w pe\u0142ni doceni\u0107 majestat Koloseum bez konieczno\u015bci radzenia sobie z d\u0142ugim oczekiwaniem lub du\u017cymi grupami turyst\u00f3w.<\/p>\t\t\t\t\t\t<\/div>\n\t\t\t\t<\/div>\n\t\t\t\t\t<\/div>\n\t\t<\/div>\n\t\t\t\t<div class=\"elementor-column elementor-col-50 elementor-inner-column elementor-element elementor-element-2d372b0\" data-id=\"2d372b0\" data-element_type=\"column\" data-settings=\"{&quot;background_background&quot;:&quot;slideshow&quot;,&quot;background_slideshow_gallery&quot;:[{&quot;id&quot;:2258,&quot;url&quot;:&quot;https:\\\/\\\/colosseo-roma.it\\\/wp-content\\\/uploads\\\/2024\\\/08\\\/Sotterranei_colosseo.jpg&quot;}],&quot;background_slideshow_loop&quot;:&quot;yes&quot;,&quot;background_slideshow_slide_duration&quot;:5000,&quot;background_slideshow_slide_transition&quot;:&quot;fade&quot;,&quot;background_slideshow_transition_duration&quot;:500}\">\n\t\t\t<div class=\"elementor-widget-wrap elementor-element-populated\">\n\t\t\t\t\t\t<div class=\"elementor-element elementor-element-08aba30 elementor-widget elementor-widget-spacer\" data-id=\"08aba30\" data-element_type=\"widget\" data-settings=\"{&quot;ekit_we_effect_on&quot;:&quot;none&quot;}\" data-widget_type=\"spacer.default\">\n\t\t\t\t<div class=\"elementor-widget-container\">\n\t\t\t\t\t<div class=\"elementor-spacer\">\n\t\t\t<div class=\"elementor-spacer-inner\"><\/div>\n\t\t<\/div>\n\t\t\t\t<\/div>\n\t\t\t\t<\/div>\n\t\t\t\t\t<\/div>\n\t\t<\/div>\n\t\t\t\t\t<\/div>\n\t\t<\/section>\n\t\t\t\t<section class=\"elementor-section elementor-inner-section elementor-element elementor-element-b6edc51 elementor-section-boxed elementor-section-height-default elementor-section-height-default\" data-id=\"b6edc51\" data-element_type=\"section\" data-settings=\"{&quot;jet_parallax_layout_list&quot;:[],&quot;ekit_has_onepagescroll_dot&quot;:&quot;yes&quot;}\">\n\t\t\t\t\t\t<div class=\"elementor-container elementor-column-gap-default\">\n\t\t\t\t\t<div class=\"elementor-column elementor-col-50 elementor-inner-column elementor-element elementor-element-5e0a5a6\" data-id=\"5e0a5a6\" data-element_type=\"column\" data-settings=\"{&quot;background_background&quot;:&quot;slideshow&quot;,&quot;background_slideshow_gallery&quot;:[{&quot;id&quot;:2260,&quot;url&quot;:&quot;https:\\\/\\\/colosseo-roma.it\\\/wp-content\\\/uploads\\\/2024\\\/08\\\/Pavimento_colosseo.jpg&quot;}],&quot;background_slideshow_loop&quot;:&quot;yes&quot;,&quot;background_slideshow_slide_duration&quot;:5000,&quot;background_slideshow_slide_transition&quot;:&quot;fade&quot;,&quot;background_slideshow_transition_duration&quot;:500}\">\n\t\t\t<div class=\"elementor-widget-wrap elementor-element-populated\">\n\t\t\t\t\t\t<div class=\"elementor-element elementor-element-1359518 elementor-widget elementor-widget-spacer\" data-id=\"1359518\" data-element_type=\"widget\" data-settings=\"{&quot;ekit_we_effect_on&quot;:&quot;none&quot;}\" data-widget_type=\"spacer.default\">\n\t\t\t\t<div class=\"elementor-widget-container\">\n\t\t\t\t\t<div class=\"elementor-spacer\">\n\t\t\t<div class=\"elementor-spacer-inner\"><\/div>\n\t\t<\/div>\n\t\t\t\t<\/div>\n\t\t\t\t<\/div>\n\t\t\t\t\t<\/div>\n\t\t<\/div>\n\t\t\t\t<div class=\"elementor-column elementor-col-50 elementor-inner-column elementor-element elementor-element-7cf086b\" data-id=\"7cf086b\" data-element_type=\"column\">\n\t\t\t<div class=\"elementor-widget-wrap elementor-element-populated\">\n\t\t\t\t\t\t<div class=\"elementor-element elementor-element-e2925a5 elementor-widget elementor-widget-heading\" data-id=\"e2925a5\" data-element_type=\"widget\" data-settings=\"{&quot;ekit_we_effect_on&quot;:&quot;none&quot;}\" data-widget_type=\"heading.default\">\n\t\t\t\t<div class=\"elementor-widget-container\">\n\t\t\t<h4 class=\"elementor-heading-title elementor-size-default\">Jaki jest najlepszy czas na zwiedzanie Koloseum i podziwianie tego niezwyk\u0142ego miejsca bez t\u0142um\u00f3w?<\/h4>\t\t<\/div>\n\t\t\t\t<\/div>\n\t\t\t\t<div class=\"elementor-element elementor-element-8907f82 elementor-widget elementor-widget-text-editor\" data-id=\"8907f82\" data-element_type=\"widget\" data-settings=\"{&quot;ekit_we_effect_on&quot;:&quot;none&quot;}\" data-widget_type=\"text-editor.default\">\n\t\t\t\t<div class=\"elementor-widget-container\">\n\t\t\t\t\t\t\t<p>The <strong>Koloseum<\/strong> jest otwarte przez ca\u0142y rok, a godziny otwarcia r\u00f3\u017cni\u0105 si\u0119 w zale\u017cno\u015bci od sezonu. Og\u00f3lnie rzecz bior\u0105c, godziny otwarcia <strong>otwarcie<\/strong> jest ustawiony na<strong> 9:00<\/strong> <strong>rano<\/strong>natomiast czas zamkni\u0119cia zmienia si\u0119 wraz ze zmian\u0105 nas\u0142onecznienia. Od<span style=\"text-decoration: underline;\"> od ko\u0144ca marca do ko\u0144ca sierpnia<\/span>Koloseum <strong>zamyka si\u0119 o 19:15<\/strong>podczas gdy od <span style=\"text-decoration: underline;\">od ko\u0144ca sierpnia do ko\u0144ca pa\u017adziernika<\/span> Godzina zamkni\u0119cia jest wcze\u015bniejsza o <strong>18:30<\/strong>. Podczas <span style=\"text-decoration: underline;\">miesi\u0105ce zimowe,<\/span> Od listopada do lutego pomnik <strong>zamyka si\u0119 o 16:30.<\/strong> Nale\u017cy pami\u0119ta\u0107, \u017ce ostatnie wej\u015bcie jest dozwolone na godzin\u0119 przed zamkni\u0119ciem. Koloseum jest zamkni\u0119te tylko w <strong>25 grudnia i 1 stycznia<\/strong>. Zaplanowanie wizyty z uwzgl\u0119dnieniem tych godzin pomo\u017ce w pe\u0142ni cieszy\u0107 si\u0119 do\u015bwiadczeniem.<\/p>\t\t\t\t\t\t<\/div>\n\t\t\t\t<\/div>\n\t\t\t\t\t<\/div>\n\t\t<\/div>\n\t\t\t\t\t<\/div>\n\t\t<\/section>\n\t\t\t\t\t<\/div>\n\t\t<\/div>\n\t\t\t\t\t<\/div>\n\t\t<\/section>\n\t\t\t\t<\/div>","protected":false},"excerpt":{"rendered":"<p>Zaplanuj swoj\u0105 wizyt\u0119 Pomagamy zorganizowa\u0107 wizyt\u0119 w Koloseum Zwiedzanie Koloseum wymaga starannego planowania, aby unikn\u0105\u0107 rozczarowania Zorganizowanie wizyty w Koloseum jest niezb\u0119dne, aby prze\u017cy\u0107 niezapomniane wra\u017cenia w jednym z najbardziej znanych zabytk\u00f3w na \u015bwiecie. Rezerwacja bilet\u00f3w online z wyprzedzeniem pozwala pomin\u0105\u0107 [...]<\/p>","protected":false},"author":1,"featured_media":0,"parent":2357,"menu_order":6,"comment_status":"closed","ping_status":"closed","template":"","meta":{"site-sidebar-layout":"no-sidebar","site-content-layout":"page-builder","ast-site-content-layout":"full-width-container","site-content-style":"unboxed","site-sidebar-style":"unboxed","ast-global-header-display":"","ast-banner-title-visibility":"","ast-main-header-display":"","ast-hfb-above-header-display":"","ast-hfb-below-header-display":"","ast-hfb-mobile-header-display":"","site-post-title":"disabled","ast-breadcrumbs-content":"","ast-featured-img":"disabled","footer-sml-layout":"","ast-disable-related-posts":"","theme-transparent-header-meta":"default","adv-header-id-meta":"","stick-header-meta":"","header-above-stick-meta":"","header-main-stick-meta":"","header-below-stick-meta":"","astra-migrate-meta-layouts":"set","ast-page-background-enabled":"default","ast-page-background-meta":{"desktop":{"background-color":"var(--ast-global-color-4)","background-image":"","background-repeat":"repeat","background-position":"center center","background-size":"auto","background-attachment":"scroll","background-type":"","background-media":"","overlay-type":"","overlay-color":"","overlay-opacity":"","overlay-gradient":""},"tablet":{"background-color":"","background-image":"","background-repeat":"repeat","background-position":"center center","background-size":"auto","background-attachment":"scroll","background-type":"","background-media":"","overlay-type":"","overlay-color":"","overlay-opacity":"","overlay-gradient":""},"mobile":{"background-color":"","background-image":"","background-repeat":"repeat","background-position":"center center","background-size":"auto","background-attachment":"scroll","background-type":"","background-media":"","overlay-type":"","overlay-color":"","overlay-opacity":"","overlay-gradient":""}},"ast-content-background-meta":{"desktop":{"background-color":"var(--ast-global-color-5)","background-image":"","background-repeat":"repeat","background-position":"center center","background-size":"auto","background-attachment":"scroll","background-type":"","background-media":"","overlay-type":"","overlay-color":"","overlay-opacity":"","overlay-gradient":""},"tablet":{"background-color":"var(--ast-global-color-5)","background-image":"","background-repeat":"repeat","background-position":"center center","background-size":"auto","background-attachment":"scroll","background-type":"","background-media":"","overlay-type":"","overlay-color":"","overlay-opacity":"","overlay-gradient":""},"mobile":{"background-color":"var(--ast-global-color-5)","background-image":"","background-repeat":"repeat","background-position":"center center","background-size":"auto","background-attachment":"scroll","background-type":"","background-media":"","overlay-type":"","overlay-color":"","overlay-opacity":"","overlay-gradient":""}},"iawp_total_views":15993,"footnotes":""},"class_list":["post-521","page","type-page","status-publish","hentry"],"_links":{"self":[{"href":"https:\/\/colosseo-roma.it\/pl\/wp-json\/wp\/v2\/pages\/521","targetHints":{"allow":["GET"]}}],"collection":[{"href":"https:\/\/colosseo-roma.it\/pl\/wp-json\/wp\/v2\/pages"}],"about":[{"href":"https:\/\/colosseo-roma.it\/pl\/wp-json\/wp\/v2\/types\/page"}],"author":[{"embeddable":true,"href":"https:\/\/colosseo-roma.it\/pl\/wp-json\/wp\/v2\/users\/1"}],"replies":[{"embeddable":true,"href":"https:\/\/colosseo-roma.it\/pl\/wp-json\/wp\/v2\/comments?post=521"}],"version-history":[{"count":0,"href":"https:\/\/colosseo-roma.it\/pl\/wp-json\/wp\/v2\/pages\/521\/revisions"}],"up":[{"embeddable":true,"href":"https:\/\/colosseo-roma.it\/pl\/wp-json\/wp\/v2\/pages\/2357"}],"wp:attachment":[{"href":"https:\/\/colosseo-roma.it\/pl\/wp-json\/wp\/v2\/media?parent=521"}],"curies":[{"name":"wp","href":"https:\/\/api.w.org\/{rel}","templated":true}]}}