{"id":523,"date":"2023-03-28T09:15:11","date_gmt":"2023-03-28T08:15:11","guid":{"rendered":"https:\/\/wordpress-1074717-3818660.cloudwaysapps.com\/?page_id=523"},"modified":"2026-01-26T17:12:12","modified_gmt":"2026-01-26T16:12:12","slug":"wejscia","status":"publish","type":"page","link":"https:\/\/colosseo-roma.it\/pl\/wizyta\/wejscia\/","title":{"rendered":"Wej\u015bcia"},"content":{"rendered":"<div data-elementor-type=\"wp-page\" data-elementor-id=\"523\" class=\"elementor elementor-523\" data-elementor-post-type=\"page\">\n\t\t\t\t\t\t<section class=\"elementor-section elementor-top-section elementor-element elementor-element-7635c3c elementor-section-boxed elementor-section-height-default elementor-section-height-default\" data-id=\"7635c3c\" data-element_type=\"section\" data-settings=\"{&quot;jet_parallax_layout_list&quot;:[],&quot;ekit_has_onepagescroll_dot&quot;:&quot;yes&quot;}\">\n\t\t\t\t\t\t<div class=\"elementor-container elementor-column-gap-default\">\n\t\t\t\t\t<div class=\"elementor-column elementor-col-100 elementor-top-column elementor-element elementor-element-6f4dbfd\" data-id=\"6f4dbfd\" data-element_type=\"column\">\n\t\t\t<div class=\"elementor-widget-wrap elementor-element-populated\">\n\t\t\t\t\t\t<div class=\"elementor-element elementor-element-59583c8 elementor-widget elementor-widget-heading\" data-id=\"59583c8\" data-element_type=\"widget\" data-settings=\"{&quot;ekit_we_effect_on&quot;:&quot;none&quot;}\" data-widget_type=\"heading.default\">\n\t\t\t\t<div class=\"elementor-widget-container\">\n\t\t\t<h1 class=\"elementor-heading-title elementor-size-default\">Wej\u015bcie do Koloseum<\/h1>\t\t<\/div>\n\t\t\t\t<\/div>\n\t\t\t\t<div class=\"elementor-element elementor-element-8c86bb4 elementor-widget elementor-widget-text-editor\" data-id=\"8c86bb4\" data-element_type=\"widget\" data-settings=\"{&quot;ekit_we_effect_on&quot;:&quot;none&quot;}\" data-widget_type=\"text-editor.default\">\n\t\t\t\t<div class=\"elementor-widget-container\">\n\t\t\t\t\t\t\t<p>Je\u015bli jest to Twoja pierwsza wizyta w Koloseum, mo\u017cesz potrzebowa\u0107 tych prostych informacji.<\/p>\t\t\t\t\t\t<\/div>\n\t\t\t\t<\/div>\n\t\t\t\t<div class=\"elementor-element elementor-element-f2cb74a elementor-widget elementor-widget-heading\" data-id=\"f2cb74a\" data-element_type=\"widget\" data-settings=\"{&quot;ekit_we_effect_on&quot;:&quot;none&quot;}\" data-widget_type=\"heading.default\">\n\t\t\t\t<div class=\"elementor-widget-container\">\n\t\t\t<h2 class=\"elementor-heading-title elementor-size-default\">Gdzie znajduj\u0105 si\u0119 wej\u015bcia do Koloseum?<\/h2>\t\t<\/div>\n\t\t\t\t<\/div>\n\t\t\t\t<div class=\"elementor-element elementor-element-af85a6e elementor-widget elementor-widget-text-editor\" data-id=\"af85a6e\" data-element_type=\"widget\" data-settings=\"{&quot;ekit_we_effect_on&quot;:&quot;none&quot;}\" data-widget_type=\"text-editor.default\">\n\t\t\t\t<div class=\"elementor-widget-container\">\n\t\t\t\t\t\t\t<p>Aby wej\u015b\u0107 na staro\u017cytn\u0105 aren\u0119, mo\u017cna skorzysta\u0107 z jednego z trzech wej\u015b\u0107, w zale\u017cno\u015bci od rodzaju zakupionego biletu do Koloseum. Wszyscy odwiedzaj\u0105cy musz\u0105 zakupi\u0107 bilet, aby wej\u015b\u0107 na teren zabytku.\u00a0<\/p><ul><li>Wej\u015bcie g\u0142\u00f3wne (wej\u015bcie dla niepe\u0142nosprawnych)<\/li><li>Wej\u015bcie dla grup<\/li><li>Wej\u015bcie rufowe<\/li><\/ul><p>Przygotowali\u015bmy ma\u0142\u0105 map\u0119, aby spr\u00f3bowa\u0107 by\u0107 dla Ciebie przydatnym. \u017byczymy mi\u0142ej wizyty.<\/p>\t\t\t\t\t\t<\/div>\n\t\t\t\t<\/div>\n\t\t\t\t<div class=\"elementor-element elementor-element-12013ab dce_masking-none elementor-widget elementor-widget-image\" data-id=\"12013ab\" data-element_type=\"widget\" data-settings=\"{&quot;ekit_we_effect_on&quot;:&quot;none&quot;}\" data-widget_type=\"image.default\">\n\t\t\t\t<div class=\"elementor-widget-container\">\n\t\t\t\t\t\t\t\t\t\t\t\t\t<img fetchpriority=\"high\" decoding=\"async\" width=\"1536\" height=\"862\" src=\"https:\/\/colosseo-roma.it\/wp-content\/uploads\/2023\/03\/INGRESSI-COLOSSEO-SITO.jpg\" class=\"attachment-full size-full wp-image-1278\" alt=\"\" srcset=\"https:\/\/colosseo-roma.it\/wp-content\/uploads\/2023\/03\/INGRESSI-COLOSSEO-SITO.jpg 1536w, https:\/\/colosseo-roma.it\/wp-content\/uploads\/2023\/03\/INGRESSI-COLOSSEO-SITO-300x168.jpg 300w, https:\/\/colosseo-roma.it\/wp-content\/uploads\/2023\/03\/INGRESSI-COLOSSEO-SITO-1024x575.jpg 1024w, https:\/\/colosseo-roma.it\/wp-content\/uploads\/2023\/03\/INGRESSI-COLOSSEO-SITO-768x431.jpg 768w\" sizes=\"(max-width: 1536px) 100vw, 1536px\" \/>\t\t\t\t\t\t\t\t\t\t\t\t\t<\/div>\n\t\t\t\t<\/div>\n\t\t\t\t<div class=\"elementor-element elementor-element-2184c9c elementor-widget elementor-widget-text-editor\" data-id=\"2184c9c\" data-element_type=\"widget\" data-settings=\"{&quot;ekit_we_effect_on&quot;:&quot;none&quot;}\" data-widget_type=\"text-editor.default\">\n\t\t\t\t<div class=\"elementor-widget-container\">\n\t\t\t\t\t\t\t<p>Najlepszy czas na zwiedzanie amfiteatru to okres od listopada do marca. Oczywi\u015bcie, je\u015bli mo\u017cna odwiedzi\u0107 zabytek w dni powszednie, lepiej unikn\u0105\u0107 du\u017cego nap\u0142ywu turyst\u00f3w. Zaleca si\u0119, aby uda\u0107 si\u0119 do najpopularniejszej atrakcji Rzymu we wczesnych godzinach porannych lub blisko godziny zamkni\u0119cia.<\/p>\t\t\t\t\t\t<\/div>\n\t\t\t\t<\/div>\n\t\t\t\t\t<\/div>\n\t\t<\/div>\n\t\t\t\t\t<\/div>\n\t\t<\/section>\n\t\t\t\t<\/div>","protected":false},"excerpt":{"rendered":"<p>Wej\u015bcie do Koloseum Je\u015bli jest to Twoja pierwsza wizyta w Koloseum, mo\u017cesz potrzebowa\u0107 tych prostych informacji. Gdzie znajduj\u0105 si\u0119 wej\u015bcia do Koloseum? Aby wej\u015b\u0107 na staro\u017cytn\u0105 aren\u0119, mo\u017cesz skorzysta\u0107 z jednego z trzech wej\u015b\u0107, w zale\u017cno\u015bci od rodzaju zakupionego biletu do Koloseum. Wszyscy odwiedzaj\u0105cy musz\u0105 kupi\u0107 bilet [...].<\/p>","protected":false},"author":1,"featured_media":0,"parent":2357,"menu_order":7,"comment_status":"closed","ping_status":"closed","template":"","meta":{"site-sidebar-layout":"no-sidebar","site-content-layout":"page-builder","ast-site-content-layout":"full-width-container","site-content-style":"unboxed","site-sidebar-style":"unboxed","ast-global-header-display":"","ast-banner-title-visibility":"","ast-main-header-display":"","ast-hfb-above-header-display":"","ast-hfb-below-header-display":"","ast-hfb-mobile-header-display":"","site-post-title":"disabled","ast-breadcrumbs-content":"","ast-featured-img":"disabled","footer-sml-layout":"","ast-disable-related-posts":"","theme-transparent-header-meta":"default","adv-header-id-meta":"","stick-header-meta":"","header-above-stick-meta":"","header-main-stick-meta":"","header-below-stick-meta":"","astra-migrate-meta-layouts":"set","ast-page-background-enabled":"default","ast-page-background-meta":{"desktop":{"background-color":"var(--ast-global-color-4)","background-image":"","background-repeat":"repeat","background-position":"center center","background-size":"auto","background-attachment":"scroll","background-type":"","background-media":"","overlay-type":"","overlay-color":"","overlay-opacity":"","overlay-gradient":""},"tablet":{"background-color":"","background-image":"","background-repeat":"repeat","background-position":"center center","background-size":"auto","background-attachment":"scroll","background-type":"","background-media":"","overlay-type":"","overlay-color":"","overlay-opacity":"","overlay-gradient":""},"mobile":{"background-color":"","background-image":"","background-repeat":"repeat","background-position":"center center","background-size":"auto","background-attachment":"scroll","background-type":"","background-media":"","overlay-type":"","overlay-color":"","overlay-opacity":"","overlay-gradient":""}},"ast-content-background-meta":{"desktop":{"background-color":"var(--ast-global-color-5)","background-image":"","background-repeat":"repeat","background-position":"center center","background-size":"auto","background-attachment":"scroll","background-type":"","background-media":"","overlay-type":"","overlay-color":"","overlay-opacity":"","overlay-gradient":""},"tablet":{"background-color":"var(--ast-global-color-5)","background-image":"","background-repeat":"repeat","background-position":"center center","background-size":"auto","background-attachment":"scroll","background-type":"","background-media":"","overlay-type":"","overlay-color":"","overlay-opacity":"","overlay-gradient":""},"mobile":{"background-color":"var(--ast-global-color-5)","background-image":"","background-repeat":"repeat","background-position":"center center","background-size":"auto","background-attachment":"scroll","background-type":"","background-media":"","overlay-type":"","overlay-color":"","overlay-opacity":"","overlay-gradient":""}},"iawp_total_views":14253,"footnotes":""},"class_list":["post-523","page","type-page","status-publish","hentry"],"_links":{"self":[{"href":"https:\/\/colosseo-roma.it\/pl\/wp-json\/wp\/v2\/pages\/523","targetHints":{"allow":["GET"]}}],"collection":[{"href":"https:\/\/colosseo-roma.it\/pl\/wp-json\/wp\/v2\/pages"}],"about":[{"href":"https:\/\/colosseo-roma.it\/pl\/wp-json\/wp\/v2\/types\/page"}],"author":[{"embeddable":true,"href":"https:\/\/colosseo-roma.it\/pl\/wp-json\/wp\/v2\/users\/1"}],"replies":[{"embeddable":true,"href":"https:\/\/colosseo-roma.it\/pl\/wp-json\/wp\/v2\/comments?post=523"}],"version-history":[{"count":0,"href":"https:\/\/colosseo-roma.it\/pl\/wp-json\/wp\/v2\/pages\/523\/revisions"}],"up":[{"embeddable":true,"href":"https:\/\/colosseo-roma.it\/pl\/wp-json\/wp\/v2\/pages\/2357"}],"wp:attachment":[{"href":"https:\/\/colosseo-roma.it\/pl\/wp-json\/wp\/v2\/media?parent=523"}],"curies":[{"name":"wp","href":"https:\/\/api.w.org\/{rel}","templated":true}]}}