{"id":528,"date":"2023-03-28T09:17:41","date_gmt":"2023-03-28T08:17:41","guid":{"rendered":"https:\/\/wordpress-1074717-3818660.cloudwaysapps.com\/?page_id=528"},"modified":"2026-01-26T17:11:52","modified_gmt":"2026-01-26T16:11:52","slug":"koloseum","status":"publish","type":"page","link":"https:\/\/colosseo-roma.it\/pl\/odkrywac\/koloseum\/","title":{"rendered":"Koloseum"},"content":{"rendered":"<div data-elementor-type=\"wp-page\" data-elementor-id=\"528\" class=\"elementor elementor-528\" data-elementor-post-type=\"page\">\n\t\t\t\t\t\t<section class=\"elementor-section elementor-top-section elementor-element elementor-element-f7c0010 elementor-section-boxed elementor-section-height-default elementor-section-height-default\" data-id=\"f7c0010\" data-element_type=\"section\" data-settings=\"{&quot;jet_parallax_layout_list&quot;:[],&quot;ekit_has_onepagescroll_dot&quot;:&quot;yes&quot;}\">\n\t\t\t\t\t\t<div class=\"elementor-container elementor-column-gap-default\">\n\t\t\t\t\t<div class=\"elementor-column elementor-col-100 elementor-top-column elementor-element elementor-element-c1d5877\" data-id=\"c1d5877\" data-element_type=\"column\" data-settings=\"{&quot;background_background&quot;:&quot;classic&quot;}\">\n\t\t\t<div class=\"elementor-widget-wrap elementor-element-populated\">\n\t\t\t\t\t\t<div class=\"elementor-element elementor-element-2b03883 elementor-widget elementor-widget-heading\" data-id=\"2b03883\" data-element_type=\"widget\" data-settings=\"{&quot;ekit_we_effect_on&quot;:&quot;none&quot;}\" data-widget_type=\"heading.default\">\n\t\t\t\t<div class=\"elementor-widget-container\">\n\t\t\t<h1 class=\"elementor-heading-title elementor-size-default\">Koloseum<\/h1>\t\t<\/div>\n\t\t\t\t<\/div>\n\t\t\t\t<div class=\"elementor-element elementor-element-3c63e13 elementor-widget elementor-widget-text-editor\" data-id=\"3c63e13\" data-element_type=\"widget\" data-settings=\"{&quot;ekit_we_effect_on&quot;:&quot;none&quot;}\" data-widget_type=\"text-editor.default\">\n\t\t\t\t<div class=\"elementor-widget-container\">\n\t\t\t\t\t\t\t<p>Wizyta w Koloseum to wyj\u0105tkowe i niezapomniane prze\u017cycie, kt\u00f3re pozwala zanurzy\u0107 si\u0119 w historii i pi\u0119knie jednego z najbardziej znanych zabytk\u00f3w na \u015bwiecie.<\/p>\t\t\t\t\t\t<\/div>\n\t\t\t\t<\/div>\n\t\t\t\t<div class=\"elementor-element elementor-element-cbf735d elementor-widget elementor-widget-html\" data-id=\"cbf735d\" data-element_type=\"widget\" data-settings=\"{&quot;ekit_we_effect_on&quot;:&quot;none&quot;}\" data-widget_type=\"html.default\">\n\t\t\t\t<div class=\"elementor-widget-container\">\n\t\t\t<div data-tiqets-widget=\"discovery\" data-cards-layout=\"responsive\" data-content-type=\"product\" data-item_count=\"4\" data-destination-type=\"venue\" data-destination-id=\"145769\" data-partner=\"colosseo_roma\" data-tq-campaign=\"colosseo\"><\/div><script defer src=\"https:\/\/widgets.tiqets.com\/loader.js\"><\/script>\t\t<\/div>\n\t\t\t\t<\/div>\n\t\t\t\t<div class=\"elementor-element elementor-element-cf9137a elementor-widget elementor-widget-heading\" data-id=\"cf9137a\" data-element_type=\"widget\" data-settings=\"{&quot;ekit_we_effect_on&quot;:&quot;none&quot;}\" data-widget_type=\"heading.default\">\n\t\t\t\t<div class=\"elementor-widget-container\">\n\t\t\t<h3 class=\"elementor-heading-title elementor-size-default\">Amfiteatr Flawiusz\u00f3w<\/h3>\t\t<\/div>\n\t\t\t\t<\/div>\n\t\t\t\t<div class=\"elementor-element elementor-element-1fcfaad elementor-widget elementor-widget-text-editor\" data-id=\"1fcfaad\" data-element_type=\"widget\" data-settings=\"{&quot;ekit_we_effect_on&quot;:&quot;none&quot;}\" data-widget_type=\"text-editor.default\">\n\t\t\t\t<div class=\"elementor-widget-container\">\n\t\t\t\t\t\t\t<p>Staro\u017cytny Amfiteatr Flawiusz\u00f3w, zbudowany w I wieku naszej ery w Rzymie, zosta\u0142 przemianowany na Koloseum w VIII wieku ze wzgl\u0119du na blisko\u015b\u0107 Kolosa Neronia\u0144skiego. Etymologia nowej nazwy da\u0142a pocz\u0105tek kilku hipotezom: niekt\u00f3rzy widz\u0105 w nazwie \"Koloseum\" odniesienie do \"kolosalnych\" proporcji budynku, podczas gdy inni odnosz\u0105 si\u0119 do blisko\u015bci Kolosa Nerona, sugeruj\u0105c, \u017ce ludzie m\u00f3wili \"ad Colossum eo\", czyli \"id\u0119 do Kolosa\". Inna teoria sugeruje, \u017ce nazwa pochodzi od staro\u017cytnego terminu \"Collis Isei\", oznaczaj\u0105cego \u015bwi\u0105tyni\u0119 Izydy, kt\u00f3ra sta\u0142a na pobliskim Colle Oppio.<\/p>\t\t\t\t\t\t<\/div>\n\t\t\t\t<\/div>\n\t\t\t\t<div class=\"elementor-element elementor-element-7b72c82 elementor-widget elementor-widget-heading\" data-id=\"7b72c82\" data-element_type=\"widget\" data-settings=\"{&quot;ekit_we_effect_on&quot;:&quot;none&quot;}\" data-widget_type=\"heading.default\">\n\t\t\t\t<div class=\"elementor-widget-container\">\n\t\t\t<h5 class=\"elementor-heading-title elementor-size-default\">Odwied\u017a amfiteatr Flawiusz\u00f3w<\/h5>\t\t<\/div>\n\t\t\t\t<\/div>\n\t\t\t\t<div class=\"elementor-element elementor-element-7bf2ad0 elementor-widget elementor-widget-text-editor\" data-id=\"7bf2ad0\" data-element_type=\"widget\" data-settings=\"{&quot;ekit_we_effect_on&quot;:&quot;none&quot;}\" data-widget_type=\"text-editor.default\">\n\t\t\t\t<div class=\"elementor-widget-container\">\n\t\t\t\t\t\t\t<p>Koloseum w Rzymie to rzymski amfiteatr zbudowany w I wieku naszej ery i jest jednym z najbardziej znanych i odwiedzanych zabytk\u00f3w na \u015bwiecie. Znany jako Amfiteatr Flawiusz\u00f3w, zosta\u0142 zaliczony do siedmiu cud\u00f3w \u015bwiata ze wzgl\u0119du na sw\u00f3j majestat i znaczenie historyczne. Koloseum jest najbardziej znane z tego, \u017ce by\u0142o epicentrum pokaz\u00f3w gladiator\u00f3w i bitew staro\u017cytnego Rzymu.<\/p>\t\t\t\t\t\t<\/div>\n\t\t\t\t<\/div>\n\t\t\t\t<div class=\"elementor-element elementor-element-02f550b elementor-widget elementor-widget-heading\" data-id=\"02f550b\" data-element_type=\"widget\" data-settings=\"{&quot;ekit_we_effect_on&quot;:&quot;none&quot;}\" data-widget_type=\"heading.default\">\n\t\t\t\t<div class=\"elementor-widget-container\">\n\t\t\t<h5 class=\"elementor-heading-title elementor-size-default\">Przydatne informacje dotycz\u0105ce zwiedzania Koloseum<\/h5>\t\t<\/div>\n\t\t\t\t<\/div>\n\t\t\t\t<div class=\"elementor-element elementor-element-4947f3a elementor-widget elementor-widget-text-editor\" data-id=\"4947f3a\" data-element_type=\"widget\" data-settings=\"{&quot;ekit_we_effect_on&quot;:&quot;none&quot;}\" data-widget_type=\"text-editor.default\">\n\t\t\t\t<div class=\"elementor-widget-container\">\n\t\t\t\t\t\t\t<p>Bilety wst\u0119pu mo\u017cna kupi\u0107 online lub w autoryzowanych punktach sprzeda\u017cy. Zalecamy jednak zakup zorganizowanej wycieczki online z biletem \"skip the line\", aby unikn\u0105\u0107 d\u0142ugich kolejek.<\/p><p>Park archeologiczny Koloseum jest \u0142atwo dost\u0119pny z centrum miasta<\/p><ul><li>Spacer z centrum Rzymu<\/li><li>Autobus<\/li><li>Metro<\/li><\/ul><p>G\u0142\u00f3wne atrakcje Rzymu, do kt\u00f3rych mo\u017cna dotrze\u0107 z Koloseum to:<\/p><ul><li>Domus Aurea<\/li><li>Forum Palaty\u0144skie<\/li><\/ul>\t\t\t\t\t\t<\/div>\n\t\t\t\t<\/div>\n\t\t\t\t<div class=\"elementor-element elementor-element-f36208e elementor-widget elementor-widget-heading\" data-id=\"f36208e\" data-element_type=\"widget\" data-settings=\"{&quot;ekit_we_effect_on&quot;:&quot;none&quot;}\" data-widget_type=\"heading.default\">\n\t\t\t\t<div class=\"elementor-widget-container\">\n\t\t\t<h5 class=\"elementor-heading-title elementor-size-default\">Architektura amfiteatru Flawiusz\u00f3w<\/h5>\t\t<\/div>\n\t\t\t\t<\/div>\n\t\t\t\t<div class=\"elementor-element elementor-element-7eff0fc elementor-widget elementor-widget-text-editor\" data-id=\"7eff0fc\" data-element_type=\"widget\" data-settings=\"{&quot;ekit_we_effect_on&quot;:&quot;none&quot;}\" data-widget_type=\"text-editor.default\">\n\t\t\t\t<div class=\"elementor-widget-container\">\n\t\t\t\t\t\t\t<p>Koloseum w Rzymie jest jednym z arcydzie\u0142 architektury rzymskiej i jednym z najwa\u017cniejszych \u015bwiadectw wielko\u015bci Imperium Rzymskiego. Z\u0142o\u017cony system Koloseum sk\u0142ada si\u0119 z trzech g\u0142\u00f3wnych poziom\u00f3w, ka\u017cdy z szeregiem p\u00f3\u0142kolistych \u0142uk\u00f3w, kt\u00f3re s\u0105 wspierane przez filary i kolumny z trawertynu. \u0141uki te tworz\u0105 wewn\u0119trzne galerie, w kt\u00f3rych mog\u0142o zasi\u0105\u015b\u0107 do 50 000 os\u00f3b. Wymiary Koloseum s\u0105 zdumiewaj\u0105ce: jego owalna arena zajmuje powierzchni\u0119 oko\u0142o 6000 metr\u00f3w kwadratowych, a jej wysoko\u015b\u0107 si\u0119ga 57 metr\u00f3w. \u0141uki Koloseum maj\u0105 oko\u0142o 30 metr\u00f3w wysoko\u015bci, co daje \u0142\u0105cznie 80 \u0142uk\u00f3w. Parter Koloseum by\u0142 zarezerwowany dla dzia\u0142a\u0144 organizacyjnych, podczas gdy na wy\u017cszych pi\u0119trach znajdowa\u0142y si\u0119 miejsca siedz\u0105ce dla zgromadze\u0144 i uroczysto\u015bci publicznych ludu rzymskiego. Zewn\u0119trzna \u015bciana Koloseum by\u0142a bogato zdobiona, z licznymi kamiennymi ornamentami, \u0142ukami, niszami i sto\u017ckowymi kolumnami. Po obu stronach konstrukcji znajdowa\u0142y si\u0119 cztery g\u0142\u00f3wne wej\u015bcia, ka\u017cde z kolumnowym portykiem, kt\u00f3re prowadzi\u0142y na galerie areny. Majestat Koloseum by\u0142 r\u00f3wnie\u017c mo\u017cliwy dzi\u0119ki zastosowaniu licznych system\u00f3w nawadniaj\u0105cych i odwadniaj\u0105cych, kt\u00f3re pozwoli\u0142y na organizacj\u0119 wydarze\u0144 wewn\u0105trz bez obawy o zalanie lub gromadzenie si\u0119 wody. Podsumowuj\u0105c, architektura Koloseum jest wyj\u0105tkowa ze wzgl\u0119du na po\u0142\u0105czenie funkcjonalno\u015bci i pi\u0119kna, co czyni j\u0105 bezprecedensow\u0105 i wci\u0105\u017c zadziwiaj\u0105c\u0105 struktur\u0105 dla odwiedzaj\u0105cych z ca\u0142ego \u015bwiata.<\/p>\t\t\t\t\t\t<\/div>\n\t\t\t\t<\/div>\n\t\t\t\t<div class=\"elementor-element elementor-element-056af37 elementor-widget elementor-widget-heading\" data-id=\"056af37\" data-element_type=\"widget\" data-settings=\"{&quot;ekit_we_effect_on&quot;:&quot;none&quot;}\" data-widget_type=\"heading.default\">\n\t\t\t\t<div class=\"elementor-widget-container\">\n\t\t\t<h5 class=\"elementor-heading-title elementor-size-default\">Historia Koloseum<\/h5>\t\t<\/div>\n\t\t\t\t<\/div>\n\t\t\t\t<div class=\"elementor-element elementor-element-1c9abae elementor-widget elementor-widget-text-editor\" data-id=\"1c9abae\" data-element_type=\"widget\" data-settings=\"{&quot;ekit_we_effect_on&quot;:&quot;none&quot;}\" data-widget_type=\"text-editor.default\">\n\t\t\t\t<div class=\"elementor-widget-container\">\n\t\t\t\t\t\t\t<p>Budowa Koloseum rozpocz\u0119\u0142a si\u0119 za panowania cesarza Wespazjana w 72 r. n.e. i zosta\u0142a uko\u0144czona za panowania jego syna, Tytusa, w 80 r. n.e.. Jego realizacja by\u0142a mo\u017cliwa dzi\u0119ki reformie urbanistycznej Rzymu, kt\u00f3ra doprowadzi\u0142a do rekultywacji Campus Martius i stworzenia rozleg\u0142ego obszaru Colle Oppio. Koloseum by\u0142o pocz\u0105tkowo znane jako Amfiteatr Flawiusz\u00f3w, na cze\u015b\u0107 dynastii Flawiusz\u00f3w. G\u0142\u00f3wnym celem Koloseum by\u0142o organizowanie szerokiej gamy widowisk publicznych, w szczeg\u00f3lno\u015bci walk gladiator\u00f3w, polowa\u0144 na dzikie zwierz\u0119ta i symulowanych bitew morskich, dzi\u0119ki innowacyjnej technologii ogromnej podziemnej cysterny, kt\u00f3r\u0105 mo\u017cna by\u0142o wype\u0142ni\u0107 wod\u0105. Koloseum szybko sta\u0142o si\u0119 jednym z ulubionych miejsc rozrywki Imperium i by\u0142o r\u00f3wnie\u017c wykorzystywane podczas publicznych festiwali i uroczysto\u015bci, takich jak obchody podboju Jerozolimy w 70 roku n.e. Pomimo swojego historycznego znaczenia, w \u015bredniowieczu Koloseum popad\u0142o w ruin\u0119 i by\u0142o wykorzystywane jako \u017ar\u00f3d\u0142o materia\u0142\u00f3w budowlanych. Na przestrzeni wiek\u00f3w konstrukcja dozna\u0142a wielu uszkodze\u0144, zar\u00f3wno w wyniku trz\u0119sie\u0144 ziemi, jak i degradacji spowodowanej up\u0142ywem czasu i zu\u017cyciem.<\/p><p>Dzi\u015b Koloseum pozostaje jednym z najcz\u0119\u015bciej odwiedzanych zabytk\u00f3w na \u015bwiecie i jednym z najwa\u017cniejszych symboli chwalebnej przesz\u0142o\u015bci Rzymu. Dzi\u0119ki naszej wiedzy historycznej i technologii Koloseum zosta\u0142o odrestaurowane i zachowane dla przysz\u0142ych pokole\u0144.<\/p>\t\t\t\t\t\t<\/div>\n\t\t\t\t<\/div>\n\t\t\t\t<div class=\"elementor-element elementor-element-b2c6de7 elementor-widget elementor-widget-heading\" data-id=\"b2c6de7\" data-element_type=\"widget\" data-settings=\"{&quot;ekit_we_effect_on&quot;:&quot;none&quot;}\" data-widget_type=\"heading.default\">\n\t\t\t\t<div class=\"elementor-widget-container\">\n\t\t\t<h5 class=\"elementor-heading-title elementor-size-default\">Taras imponuj\u0105cego pomnika<\/h5>\t\t<\/div>\n\t\t\t\t<\/div>\n\t\t\t\t<div class=\"elementor-element elementor-element-602d3ae elementor-widget elementor-widget-text-editor\" data-id=\"602d3ae\" data-element_type=\"widget\" data-settings=\"{&quot;ekit_we_effect_on&quot;:&quot;none&quot;}\" data-widget_type=\"text-editor.default\">\n\t\t\t\t<div class=\"elementor-widget-container\">\n\t\t\t\t\t\t\t<p>Wst\u0119p do Koloseum by\u0142 bezp\u0142atny, a ludzie wchodzili przez 76 ponumerowanych \u0142uk\u00f3w oznaczonych na czerwono, z kt\u00f3rych 29 jest nadal widocznych po p\u00f3\u0142nocnej stronie. Wskaz\u00f3wki dla widz\u00f3w znajdowa\u0142y si\u0119 na trasach wewn\u0105trz \u0142uk\u00f3w, a tak\u017ce na kartach rozdawanych ka\u017cdej g\u0142owie rodziny. Przydzielanie miejsc odbywa\u0142o si\u0119 wed\u0142ug \u015bcis\u0142ego kryterium hierarchicznego: najlepszy widok by\u0142 z lo\u017cy cesarskiej, znajduj\u0105cej si\u0119 przy po\u0142udniowym wej\u015bciu, na mniejszej osi pomnika. Senatorowie mieli najlepsze miejsca w pobli\u017cu areny, a nast\u0119pnie sektor zarezerwowany dla rycerzy, podczas gdy dwa sektory maenianum secundum mie\u015bci\u0142y stopniowo ni\u017csze kategorie spo\u0142eczne. Najgorsze miejsca, pod wzgl\u0119dem widoczno\u015bci i \u0142atwo\u015bci dost\u0119pu, znajdowa\u0142y si\u0119 w maenianum summum, kolumnadowym portyku wie\u0144cz\u0105cym cavea, wyposa\u017conym w drewniane siedzenia zarezerwowane dla plebsu. Z tego miejsca mo\u017cna by\u0142o dosta\u0107 si\u0119 na taras tak zwanego \"Belwederu\" na trzecim poziomie, z kt\u00f3rego obecnie mo\u017cna podziwia\u0107 jaskini\u0119 z r\u00f3\u017cnych wysoko\u015bci wy\u017cszych rz\u0119d\u00f3w, docieraj\u0105c do taras\u00f3w na trzecim, czwartym i pi\u0105tym poziomie.<\/p>\t\t\t\t\t\t<\/div>\n\t\t\t\t<\/div>\n\t\t\t\t<div class=\"elementor-element elementor-element-2e7af6b elementor-widget elementor-widget-spacer\" data-id=\"2e7af6b\" data-element_type=\"widget\" data-settings=\"{&quot;ekit_we_effect_on&quot;:&quot;none&quot;}\" data-widget_type=\"spacer.default\">\n\t\t\t\t<div class=\"elementor-widget-container\">\n\t\t\t\t\t<div class=\"elementor-spacer\">\n\t\t\t<div class=\"elementor-spacer-inner\"><\/div>\n\t\t<\/div>\n\t\t\t\t<\/div>\n\t\t\t\t<\/div>\n\t\t\t\t<div class=\"elementor-element elementor-element-373d514 elementor-widget elementor-widget-heading\" data-id=\"373d514\" data-element_type=\"widget\" data-settings=\"{&quot;ekit_we_effect_on&quot;:&quot;none&quot;}\" data-widget_type=\"heading.default\">\n\t\t\t\t<div class=\"elementor-widget-container\">\n\t\t\t<h3 class=\"elementor-heading-title elementor-size-default\">Recenzje<\/h3>\t\t<\/div>\n\t\t\t\t<\/div>\n\t\t<div class=\"elementor-element elementor-element-75822e0 e-flex e-con-boxed e-con e-parent\" data-id=\"75822e0\" data-element_type=\"container\" data-settings=\"{&quot;jet_parallax_layout_list&quot;:[],&quot;ekit_has_onepagescroll_dot&quot;:&quot;yes&quot;}\">\n\t\t\t\t\t<div class=\"e-con-inner\">\n\t\t\t\t<div class=\"elementor-element elementor-element-1ebef0a elementor-widget elementor-widget-jet-carousel\" data-id=\"1ebef0a\" data-element_type=\"widget\" data-settings=\"{&quot;slides_to_show&quot;:&quot;3&quot;,&quot;slides_to_scroll&quot;:&quot;3&quot;,&quot;slides_to_show_tablet&quot;:&quot;2&quot;,&quot;slides_to_show_mobile&quot;:&quot;1&quot;,&quot;slides_to_scroll_tablet&quot;:&quot;2&quot;,&quot;slides_to_scroll_mobile&quot;:&quot;1&quot;,&quot;ekit_we_effect_on&quot;:&quot;none&quot;}\" data-widget_type=\"jet-carousel.default\">\n\t\t\t\t<div class=\"elementor-widget-container\">\n\t\t\t<div class=\"elementor-jet-carousel jet-elements\"><div class=\"jet-carousel-wrap jet-equal-cols\">\n\t<div class=\"jet-carousel\" data-slider_options=\"{&quot;autoplaySpeed&quot;:5000,&quot;autoplay&quot;:true,&quot;infinite&quot;:true,&quot;centerMode&quot;:false,&quot;centerPadding&quot;:&quot;50px&quot;,&quot;pauseOnHover&quot;:false,&quot;speed&quot;:500,&quot;arrows&quot;:true,&quot;dots&quot;:false,&quot;variableWidth&quot;:false,&quot;prevArrow&quot;:&quot;.jet-carousel__prev-arrow-1ebef0a&quot;,&quot;nextArrow&quot;:&quot;.jet-carousel__next-arrow-1ebef0a&quot;,&quot;rtl&quot;:false,&quot;fractionNav&quot;:false}\" dir=\"ltr\">\n\t<div class=\"elementor-slick-slider\">\n\n<div class=\"jet-carousel__item\">\n\t<div class=\"jet-carousel__item-inner\"><div class=\"jet-carousel__content\"><h5 class=\"jet-carousel__item-title\"><\/h5><div class=\"jet-carousel__item-text\"><p>Koloseum jest jednym z najbardziej charakterystycznych miejsc w Wiecznym Mie\u015bcie i na ca\u0142ym \u015bwiecie. Wspania\u0142o\u015b\u0107 tej staro\u017cytnej budowli jest niesamowita i nie spos\u00f3b nie poczu\u0107 podziwu i szacunku podczas jej zwiedzania.<\/p><\/div><\/div><\/div>\n<\/div>\n\n<div class=\"jet-carousel__item\">\n\t<div class=\"jet-carousel__item-inner\"><div class=\"jet-carousel__content\"><h5 class=\"jet-carousel__item-title\"><\/h5><div class=\"jet-carousel__item-text\"><p>Zwiedzanie Koloseum to niezapomniane prze\u017cycie, kt\u00f3rego nie mo\u017cna przegapi\u0107 b\u0119d\u0105c w Rzymie. Majestat areny i historia, kt\u00f3r\u0105 mo\u017cna oddycha\u0107 w ka\u017cdym zak\u0105tku, sprawiaj\u0105, \u017ce jest to wyj\u0105tkowe miejsce na \u015bwiecie.<\/p><\/div><\/div><\/div>\n<\/div>\n\n<div class=\"jet-carousel__item\">\n\t<div class=\"jet-carousel__item-inner\"><div class=\"jet-carousel__content\"><h5 class=\"jet-carousel__item-title\"><\/h5><div class=\"jet-carousel__item-text\"><p>Koloseum mo\u017ce by\u0107 zat\u0142oczone przez turyst\u00f3w, ale nadal jest warte odwiedzenia. Jest to dzie\u0142o architektury, kt\u00f3re doskonale reprezentuje wielko\u015b\u0107 Imperium Rzymskiego i jego znaczenie w historii ludzko\u015bci.<\/p><\/div><\/div><\/div>\n<\/div>\n\n<div class=\"jet-carousel__item\">\n\t<div class=\"jet-carousel__item-inner\"><div class=\"jet-carousel__content\"><h5 class=\"jet-carousel__item-title\"><\/h5><div class=\"jet-carousel__item-text\"><p>Wizyta w Koloseum wymaga nieco cierpliwo\u015bci, zw\u0142aszcza je\u015bli chce si\u0119 unikn\u0105\u0107 kolejek do wej\u015bcia. Jednak po wej\u015bciu do \u015brodka, pi\u0119kno areny i staro\u017cytne freski, kt\u00f3re j\u0105 zdobi\u0105, wynagradzaj\u0105 ka\u017cdy wysi\u0142ek.<\/p><\/div><\/div><\/div>\n<\/div>\n\n<div class=\"jet-carousel__item\">\n\t<div class=\"jet-carousel__item-inner\"><div class=\"jet-carousel__content\"><h5 class=\"jet-carousel__item-title\"><\/h5><div class=\"jet-carousel__item-text\"><p>Koloseum jest jednym z najcz\u0119\u015bciej fotografowanych miejsc na \u015bwiecie i \u0142atwo zrozumie\u0107 dlaczego. Jego imponuj\u0105ca struktura i uderzaj\u0105ce widoki na Rzym sprawiaj\u0105, \u017ce jest to obowi\u0105zkowe miejsce dla entuzjast\u00f3w fotografii.<\/p><\/div><\/div><\/div>\n<\/div>\n\n<div class=\"jet-carousel__item\">\n\t<div class=\"jet-carousel__item-inner\"><div class=\"jet-carousel__content\"><h5 class=\"jet-carousel__item-title\"><\/h5><div class=\"jet-carousel__item-text\"><p>Je\u015bli nie jeste\u015b zaznajomiony ze szczeg\u00f3\u0142ami historycznymi dotycz\u0105cymi Koloseum, mo\u017cesz do\u0142\u0105czy\u0107 do wycieczki z przewodnikiem, aby dowiedzie\u0107 si\u0119 wi\u0119cej o jego historii i ciekawostkach z nim zwi\u0105zanych.<\/p><\/div><\/div><\/div>\n<\/div>\n\n<div class=\"jet-carousel__item\">\n\t<div class=\"jet-carousel__item-inner\"><div class=\"jet-carousel__content\"><h5 class=\"jet-carousel__item-title\"><\/h5><div class=\"jet-carousel__item-text\"><p>Koloseum to miejsce, kt\u00f3re nigdy nie przestaje zaskakiwa\u0107 i fascynowa\u0107, nawet po wielu wizytach. Jego wielko\u015b\u0107 i oznaki staro\u017cytnej \u015bwietno\u015bci s\u0105 nadal bardzo widoczne.<\/p><\/div><\/div><\/div>\n<\/div>\n\n<div class=\"jet-carousel__item\">\n\t<div class=\"jet-carousel__item-inner\"><div class=\"jet-carousel__content\"><h5 class=\"jet-carousel__item-title\"><\/h5><div class=\"jet-carousel__item-text\"><p>Koloseum jest ikonicznym symbolem Rzymu i ca\u0142ego kraju. Ka\u017cdy W\u0142och powinien odwiedzi\u0107 je przynajmniej raz w \u017cyciu, aby doceni\u0107 jego pi\u0119kno i majestatyczn\u0105 architektur\u0119.<\/p><\/div><\/div><\/div>\n<\/div>\n\n<div class=\"jet-carousel__item\">\n\t<div class=\"jet-carousel__item-inner\"><div class=\"jet-carousel__content\"><h5 class=\"jet-carousel__item-title\"><\/h5><div class=\"jet-carousel__item-text\"><p>Mimo wszystko Koloseum nadal wydaje si\u0119 sta\u0107 ze swoj\u0105 si\u0142\u0105 i wytrzyma\u0142o\u015bci\u0105, pomimo up\u0142ywu czasu. Jest to wieczny symbol wielko\u015bci ludzko\u015bci i jej woli budowania niezatartych pomnik\u00f3w.<\/p><\/div><\/div><\/div>\n<\/div>\n\n<div class=\"jet-carousel__item\">\n\t<div class=\"jet-carousel__item-inner\"><div class=\"jet-carousel__content\"><h5 class=\"jet-carousel__item-title\"><\/h5><div class=\"jet-carousel__item-text\"><p>Wizyta w Koloseum jest prawdopodobnie jednym z najbardziej ekscytuj\u0105cych moment\u00f3w, jakie mo\u017cna prze\u017cy\u0107 w Rzymie. Ogl\u0105danie areny i wyobra\u017canie sobie bitew, kt\u00f3re mia\u0142y tam miejsce wieki temu, jest niepowtarzalnym do\u015bwiadczeniem.<\/p><\/div><\/div><\/div>\n<\/div>\n<\/div><div class=\"jet-carousel__prev-arrow-1ebef0a jet-arrow prev-arrow\"><i aria-hidden=\"true\" class=\"fal fa-chevron-left\"><\/i><\/div><div class=\"jet-carousel__next-arrow-1ebef0a jet-arrow next-arrow\"><i aria-hidden=\"true\" class=\"fal fa-chevron-right\"><\/i><\/div><\/div>\n<\/div>\n<\/div>\t\t<\/div>\n\t\t\t\t<\/div>\n\t\t\t\t\t<\/div>\n\t\t\t\t<\/div>\n\t\t\t\t\t<\/div>\n\t\t<\/div>\n\t\t\t\t\t<\/div>\n\t\t<\/section>\n\t\t\t\t<\/div>","protected":false},"excerpt":{"rendered":"<p>Koloseum Wizyta w Koloseum to wyj\u0105tkowe i niezapomniane do\u015bwiadczenie, kt\u00f3re pozwala zanurzy\u0107 si\u0119 w historii i pi\u0119knie jednego z najbardziej znanych zabytk\u00f3w na \u015bwiecie. Amfiteatr Flawiusz\u00f3w Amfiteatr Flawiusz\u00f3w, zbudowany w I wieku naszej ery w Rzymie, zosta\u0142 przemianowany na Koloseum w VIII wieku ze wzgl\u0119du na blisko\u015b\u0107 Kolosa Neronia\u0144skiego. Etymologia [...]<\/p>","protected":false},"author":1,"featured_media":0,"parent":526,"menu_order":0,"comment_status":"closed","ping_status":"closed","template":"","meta":{"site-sidebar-layout":"no-sidebar","site-content-layout":"page-builder","ast-site-content-layout":"full-width-container","site-content-style":"unboxed","site-sidebar-style":"unboxed","ast-global-header-display":"","ast-banner-title-visibility":"","ast-main-header-display":"","ast-hfb-above-header-display":"","ast-hfb-below-header-display":"","ast-hfb-mobile-header-display":"","site-post-title":"disabled","ast-breadcrumbs-content":"","ast-featured-img":"disabled","footer-sml-layout":"","ast-disable-related-posts":"","theme-transparent-header-meta":"default","adv-header-id-meta":"","stick-header-meta":"","header-above-stick-meta":"","header-main-stick-meta":"","header-below-stick-meta":"","astra-migrate-meta-layouts":"set","ast-page-background-enabled":"default","ast-page-background-meta":{"desktop":{"background-color":"var(--ast-global-color-4)","background-image":"","background-repeat":"repeat","background-position":"center center","background-size":"auto","background-attachment":"scroll","background-type":"","background-media":"","overlay-type":"","overlay-color":"","overlay-opacity":"","overlay-gradient":""},"tablet":{"background-color":"","background-image":"","background-repeat":"repeat","background-position":"center center","background-size":"auto","background-attachment":"scroll","background-type":"","background-media":"","overlay-type":"","overlay-color":"","overlay-opacity":"","overlay-gradient":""},"mobile":{"background-color":"","background-image":"","background-repeat":"repeat","background-position":"center center","background-size":"auto","background-attachment":"scroll","background-type":"","background-media":"","overlay-type":"","overlay-color":"","overlay-opacity":"","overlay-gradient":""}},"ast-content-background-meta":{"desktop":{"background-color":"var(--ast-global-color-5)","background-image":"","background-repeat":"repeat","background-position":"center center","background-size":"auto","background-attachment":"scroll","background-type":"","background-media":"","overlay-type":"","overlay-color":"","overlay-opacity":"","overlay-gradient":""},"tablet":{"background-color":"var(--ast-global-color-5)","background-image":"","background-repeat":"repeat","background-position":"center center","background-size":"auto","background-attachment":"scroll","background-type":"","background-media":"","overlay-type":"","overlay-color":"","overlay-opacity":"","overlay-gradient":""},"mobile":{"background-color":"var(--ast-global-color-5)","background-image":"","background-repeat":"repeat","background-position":"center center","background-size":"auto","background-attachment":"scroll","background-type":"","background-media":"","overlay-type":"","overlay-color":"","overlay-opacity":"","overlay-gradient":""}},"iawp_total_views":6431,"footnotes":""},"class_list":["post-528","page","type-page","status-publish","hentry"],"_links":{"self":[{"href":"https:\/\/colosseo-roma.it\/pl\/wp-json\/wp\/v2\/pages\/528","targetHints":{"allow":["GET"]}}],"collection":[{"href":"https:\/\/colosseo-roma.it\/pl\/wp-json\/wp\/v2\/pages"}],"about":[{"href":"https:\/\/colosseo-roma.it\/pl\/wp-json\/wp\/v2\/types\/page"}],"author":[{"embeddable":true,"href":"https:\/\/colosseo-roma.it\/pl\/wp-json\/wp\/v2\/users\/1"}],"replies":[{"embeddable":true,"href":"https:\/\/colosseo-roma.it\/pl\/wp-json\/wp\/v2\/comments?post=528"}],"version-history":[{"count":0,"href":"https:\/\/colosseo-roma.it\/pl\/wp-json\/wp\/v2\/pages\/528\/revisions"}],"up":[{"embeddable":true,"href":"https:\/\/colosseo-roma.it\/pl\/wp-json\/wp\/v2\/pages\/526"}],"wp:attachment":[{"href":"https:\/\/colosseo-roma.it\/pl\/wp-json\/wp\/v2\/media?parent=528"}],"curies":[{"name":"wp","href":"https:\/\/api.w.org\/{rel}","templated":true}]}}