{"id":536,"date":"2023-03-28T09:18:11","date_gmt":"2023-03-28T08:18:11","guid":{"rendered":"https:\/\/wordpress-1074717-3818660.cloudwaysapps.com\/?page_id=536"},"modified":"2026-01-26T17:11:37","modified_gmt":"2026-01-26T16:11:37","slug":"arena","status":"publish","type":"page","link":"https:\/\/colosseo-roma.it\/pl\/odkrywac\/koloseum\/arena\/","title":{"rendered":"Arena"},"content":{"rendered":"<div data-elementor-type=\"wp-page\" data-elementor-id=\"536\" class=\"elementor elementor-536\" data-elementor-post-type=\"page\">\n\t\t\t\t\t\t<section class=\"elementor-section elementor-top-section elementor-element elementor-element-08eec93 elementor-section-boxed elementor-section-height-default elementor-section-height-default\" data-id=\"08eec93\" data-element_type=\"section\" data-settings=\"{&quot;jet_parallax_layout_list&quot;:[],&quot;ekit_has_onepagescroll_dot&quot;:&quot;yes&quot;}\">\n\t\t\t\t\t\t<div class=\"elementor-container elementor-column-gap-default\">\n\t\t\t\t\t<div class=\"elementor-column elementor-col-100 elementor-top-column elementor-element elementor-element-d4070b0\" data-id=\"d4070b0\" data-element_type=\"column\" data-settings=\"{&quot;background_background&quot;:&quot;classic&quot;}\">\n\t\t\t<div class=\"elementor-widget-wrap elementor-element-populated\">\n\t\t\t\t\t\t<div class=\"elementor-element elementor-element-5374739 elementor-widget elementor-widget-heading\" data-id=\"5374739\" data-element_type=\"widget\" data-settings=\"{&quot;ekit_we_effect_on&quot;:&quot;none&quot;}\" data-widget_type=\"heading.default\">\n\t\t\t\t<div class=\"elementor-widget-container\">\n\t\t\t<h1 class=\"elementor-heading-title elementor-size-default\">Colosseum Arena<\/h1>\t\t<\/div>\n\t\t\t\t<\/div>\n\t\t\t\t<div class=\"elementor-element elementor-element-26d4e55 elementor-widget elementor-widget-heading\" data-id=\"26d4e55\" data-element_type=\"widget\" data-settings=\"{&quot;ekit_we_effect_on&quot;:&quot;none&quot;}\" data-widget_type=\"heading.default\">\n\t\t\t\t<div class=\"elementor-widget-container\">\n\t\t\t<h4 class=\"elementor-heading-title elementor-size-default\">Colosseum Arena <\/h4>\t\t<\/div>\n\t\t\t\t<\/div>\n\t\t\t\t<div class=\"elementor-element elementor-element-c399692 elementor-widget elementor-widget-text-editor\" data-id=\"c399692\" data-element_type=\"widget\" data-settings=\"{&quot;ekit_we_effect_on&quot;:&quot;none&quot;}\" data-widget_type=\"text-editor.default\">\n\t\t\t\t<div class=\"elementor-widget-container\">\n\t\t\t\t\t\t\t<p>Budynek ma eliptyczny plan i posiada potr\u00f3jn\u0105 kolumnad\u0119 z osiemdziesi\u0119cioma trawertynowymi \u0142ukami na zewn\u0105trz, ozdobionymi p\u00f3\u0142kolumnami w stylu dorycko-toska\u0144skim na ni\u017cszym poziomie, w stylu jo\u0144skim na drugim poziomie i w stylu korynckim na trzecim poziomie. Attyka ozdobiona jest kolumnami w stylu kompozytowym i posiada otwory po s\u0142upach, kt\u00f3re podtrzymywa\u0142y du\u017c\u0105 zas\u0142on\u0119 (velum) u\u017cywan\u0105 do ochrony widz\u00f3w przed s\u0142o\u0144cem i deszczem. Sama attyka by\u0142a ozdobiona 40 tarczami z br\u0105zu, symbolami zwyci\u0119stw wojskowych Rzymu nad tarczami wrog\u00f3w.<\/p><p>Koloseum mierzy 189 metr\u00f3w d\u0142ugo\u015bci i 156 metr\u00f3w szeroko\u015bci, z fasad\u0105 o wysoko\u015bci 48 metr\u00f3w. Jego centralna arena jest owalna z g\u0142\u00f3wn\u0105 osi\u0105 o d\u0142ugo\u015bci 86 metr\u00f3w, otoczon\u0105 wysokim na 4,5 metra murem si\u0119gaj\u0105cym pierwszych stopni.<\/p><p>Konstrukcja zosta\u0142a zbudowana z r\u00f3\u017cnych materia\u0142\u00f3w, w tym tufu i trawertynu, u\u017cytych specjalnie do elewacji. Otwory widoczne na fasadzie zosta\u0142y wywiercone g\u0142\u00f3wnie w \u015bredniowieczu w celu odzyskania metalowych p\u0142yt, kt\u00f3re \u0142\u0105czy\u0142y kamienne bloki.<\/p><p>Arkady na parterze zapewnia\u0142y publiczno\u015bci dost\u0119p do schod\u00f3w prowadz\u0105cych na trybuny. Nad \u0142ukami umieszczono rzymskie cyfry oznaczaj\u0105ce poszczeg\u00f3lne strefy widowni. \u0141uki na pierwszych dw\u00f3ch poziomach zosta\u0142y ozdobione 160 pos\u0105gami z br\u0105zu o wysoko\u015bci 5 metr\u00f3w, przedstawiaj\u0105cymi bog\u00f3w i postacie mitologiczne. Cztery g\u0142\u00f3wne wej\u015bcia, kt\u00f3re nie zosta\u0142y ponumerowane, by\u0142y zarezerwowane dla uprzywilejowanych kategorii, takich jak s\u0119dziowie lub osoby religijne. P\u00f3\u0142nocna brama prowadzi\u0142a do trybuny cesarskiej.<\/p><p>W centralnej cz\u0119\u015bci amfiteatru znajduj\u0105 si\u0119 podziemne sale, pierwotnie pokryte drewnianymi deskami, kt\u00f3re tworzy\u0142y powierzchni\u0119 areny. Znajdowa\u0142y si\u0119 tam maszyny, klatki dla zwierz\u0105t, magazyny i inne obiekty. Cztery korytarze, znajduj\u0105ce si\u0119 poni\u017cej g\u0142\u00f3wnych wej\u015b\u0107, \u0142\u0105czy\u0142y piwnice z zewn\u0119trzem. Jeden z nich prowadzi\u0142 do Ludus Magnus, koszar gladiator\u00f3w.<\/p><p>Wyst\u0119py by\u0142y darmowe, a miejsca przydzielano wed\u0142ug klasy spo\u0142ecznej. Te na dole by\u0142y zarezerwowane dla senator\u00f3w lub duchownych. W\u015br\u00f3d nazwisk na li\u015bcie znajduj\u0105 si\u0119 nazwiska 195 senator\u00f3w z epoki Odoacera (476-483).<\/p><p>\u00a0<\/p>\t\t\t\t\t\t<\/div>\n\t\t\t\t<\/div>\n\t\t\t\t\t<\/div>\n\t\t<\/div>\n\t\t\t\t\t<\/div>\n\t\t<\/section>\n\t\t\t\t<\/div>","protected":false},"excerpt":{"rendered":"<p>Arena Koloseum Arena Koloseum charakteryzuje si\u0119 eliptycznym planem i posiada potr\u00f3jn\u0105 kolumnad\u0119 z osiemdziesi\u0119cioma trawertynowymi \u0142ukami na zewn\u0105trz, ozdobion\u0105 p\u00f3\u0142kolumnami w stylu dorycko-toska\u0144skim na dolnym poziomie, w stylu jo\u0144skim na drugim poziomie i w stylu korynckim na trzecim poziomie. Poddasze jest ozdobione kolumnami w stylu kompozytowym i ma [...].<\/p>","protected":false},"author":1,"featured_media":0,"parent":528,"menu_order":1,"comment_status":"closed","ping_status":"closed","template":"","meta":{"site-sidebar-layout":"no-sidebar","site-content-layout":"page-builder","ast-site-content-layout":"full-width-container","site-content-style":"unboxed","site-sidebar-style":"unboxed","ast-global-header-display":"","ast-banner-title-visibility":"","ast-main-header-display":"","ast-hfb-above-header-display":"","ast-hfb-below-header-display":"","ast-hfb-mobile-header-display":"","site-post-title":"disabled","ast-breadcrumbs-content":"","ast-featured-img":"disabled","footer-sml-layout":"","ast-disable-related-posts":"","theme-transparent-header-meta":"default","adv-header-id-meta":"","stick-header-meta":"","header-above-stick-meta":"","header-main-stick-meta":"","header-below-stick-meta":"","astra-migrate-meta-layouts":"set","ast-page-background-enabled":"default","ast-page-background-meta":{"desktop":{"background-color":"var(--ast-global-color-4)","background-image":"","background-repeat":"repeat","background-position":"center center","background-size":"auto","background-attachment":"scroll","background-type":"","background-media":"","overlay-type":"","overlay-color":"","overlay-opacity":"","overlay-gradient":""},"tablet":{"background-color":"","background-image":"","background-repeat":"repeat","background-position":"center center","background-size":"auto","background-attachment":"scroll","background-type":"","background-media":"","overlay-type":"","overlay-color":"","overlay-opacity":"","overlay-gradient":""},"mobile":{"background-color":"","background-image":"","background-repeat":"repeat","background-position":"center center","background-size":"auto","background-attachment":"scroll","background-type":"","background-media":"","overlay-type":"","overlay-color":"","overlay-opacity":"","overlay-gradient":""}},"ast-content-background-meta":{"desktop":{"background-color":"var(--ast-global-color-5)","background-image":"","background-repeat":"repeat","background-position":"center center","background-size":"auto","background-attachment":"scroll","background-type":"","background-media":"","overlay-type":"","overlay-color":"","overlay-opacity":"","overlay-gradient":""},"tablet":{"background-color":"var(--ast-global-color-5)","background-image":"","background-repeat":"repeat","background-position":"center center","background-size":"auto","background-attachment":"scroll","background-type":"","background-media":"","overlay-type":"","overlay-color":"","overlay-opacity":"","overlay-gradient":""},"mobile":{"background-color":"var(--ast-global-color-5)","background-image":"","background-repeat":"repeat","background-position":"center center","background-size":"auto","background-attachment":"scroll","background-type":"","background-media":"","overlay-type":"","overlay-color":"","overlay-opacity":"","overlay-gradient":""}},"iawp_total_views":1402,"footnotes":""},"class_list":["post-536","page","type-page","status-publish","hentry"],"_links":{"self":[{"href":"https:\/\/colosseo-roma.it\/pl\/wp-json\/wp\/v2\/pages\/536","targetHints":{"allow":["GET"]}}],"collection":[{"href":"https:\/\/colosseo-roma.it\/pl\/wp-json\/wp\/v2\/pages"}],"about":[{"href":"https:\/\/colosseo-roma.it\/pl\/wp-json\/wp\/v2\/types\/page"}],"author":[{"embeddable":true,"href":"https:\/\/colosseo-roma.it\/pl\/wp-json\/wp\/v2\/users\/1"}],"replies":[{"embeddable":true,"href":"https:\/\/colosseo-roma.it\/pl\/wp-json\/wp\/v2\/comments?post=536"}],"version-history":[{"count":0,"href":"https:\/\/colosseo-roma.it\/pl\/wp-json\/wp\/v2\/pages\/536\/revisions"}],"up":[{"embeddable":true,"href":"https:\/\/colosseo-roma.it\/pl\/wp-json\/wp\/v2\/pages\/528"}],"wp:attachment":[{"href":"https:\/\/colosseo-roma.it\/pl\/wp-json\/wp\/v2\/media?parent=536"}],"curies":[{"name":"wp","href":"https:\/\/api.w.org\/{rel}","templated":true}]}}