{"id":537,"date":"2023-03-28T09:18:27","date_gmt":"2023-03-28T08:18:27","guid":{"rendered":"https:\/\/wordpress-1074717-3818660.cloudwaysapps.com\/?page_id=537"},"modified":"2026-01-26T17:11:42","modified_gmt":"2026-01-26T16:11:42","slug":"piwnice","status":"publish","type":"page","link":"https:\/\/colosseo-roma.it\/pl\/odkrywac\/koloseum\/piwnice\/","title":{"rendered":"Podziemny"},"content":{"rendered":"<div data-elementor-type=\"wp-page\" data-elementor-id=\"537\" class=\"elementor elementor-537\" data-elementor-post-type=\"page\">\n\t\t\t\t\t\t<section class=\"elementor-section elementor-top-section elementor-element elementor-element-235238d elementor-section-boxed elementor-section-height-default elementor-section-height-default\" data-id=\"235238d\" data-element_type=\"section\" data-settings=\"{&quot;jet_parallax_layout_list&quot;:[],&quot;ekit_has_onepagescroll_dot&quot;:&quot;yes&quot;}\">\n\t\t\t\t\t\t<div class=\"elementor-container elementor-column-gap-default\">\n\t\t\t\t\t<div class=\"elementor-column elementor-col-100 elementor-top-column elementor-element elementor-element-dcb42cd\" data-id=\"dcb42cd\" data-element_type=\"column\" data-settings=\"{&quot;background_background&quot;:&quot;classic&quot;}\">\n\t\t\t<div class=\"elementor-widget-wrap elementor-element-populated\">\n\t\t\t\t\t\t<div class=\"elementor-element elementor-element-6a119f8 elementor-widget elementor-widget-heading\" data-id=\"6a119f8\" data-element_type=\"widget\" data-settings=\"{&quot;ekit_we_effect_on&quot;:&quot;none&quot;}\" data-widget_type=\"heading.default\">\n\t\t\t\t<div class=\"elementor-widget-container\">\n\t\t\t<h1 class=\"elementor-heading-title elementor-size-default\">Podziemia Koloseum<\/h1>\t\t<\/div>\n\t\t\t\t<\/div>\n\t\t\t\t<div class=\"elementor-element elementor-element-5ae2d92 elementor-widget elementor-widget-heading\" data-id=\"5ae2d92\" data-element_type=\"widget\" data-settings=\"{&quot;ekit_we_effect_on&quot;:&quot;none&quot;}\" data-widget_type=\"heading.default\">\n\t\t\t\t<div class=\"elementor-widget-container\">\n\t\t\t<h4 class=\"elementor-heading-title elementor-size-default\">Koloseum i podziemia<\/h4>\t\t<\/div>\n\t\t\t\t<\/div>\n\t\t\t\t<div class=\"elementor-element elementor-element-44f1ced elementor-widget elementor-widget-text-editor\" data-id=\"44f1ced\" data-element_type=\"widget\" data-settings=\"{&quot;ekit_we_effect_on&quot;:&quot;none&quot;}\" data-widget_type=\"text-editor.default\">\n\t\t\t\t<div class=\"elementor-widget-container\">\n\t\t\t\t\t\t\t<p>Eliptyczny kszta\u0142t Koloseum zosta\u0142 zrealizowany przy u\u017cyciu wyrafinowanej czterocentrycznej procedury geometrycznej i zosta\u0142 r\u00f3wnie\u017c przyj\u0119ty przez pod\u0142og\u0119 areny poprzez przyj\u0119cie muru zmieszanego z drewnian\u0105 desk\u0105, kt\u00f3ra zosta\u0142a pokryta piaskiem. Pod poszyciem areny znajdowa\u0142y si\u0119 przestronne podziemne pomieszczenia us\u0142ugowe, kt\u00f3re zosta\u0142y zbudowane za cesarza Domicjana.<\/p><p>Wcze\u015bniej arena mog\u0142a by\u0107 zalana, aby go\u015bci\u0107 naumachiae lub pokazy z p\u0142ywakami, jak donosi Martial w swojej ksi\u0105\u017cce De spectaculis. Du\u017ca cz\u0119\u015b\u0107 lochu jest nadal widoczna z g\u00f3ry i mo\u017cna zobaczy\u0107 szeroki korytarz wzd\u0142u\u017c g\u0142\u00f3wnej osi, kt\u00f3ry dzieli obszar na dwa boczne p\u00f3\u0142kola przecinane przez dwana\u015bcie krzywoliniowych korytarzy. Wzd\u0142u\u017c \u015bciany obwodowej znajduje si\u0119 szereg sklepionych pomieszcze\u0144 us\u0142ugowych, w kt\u00f3rych prawdopodobnie znajdowa\u0142y si\u0119 zwierz\u0119ta u\u017cywane podczas igrzysk, wraz ze scenografi\u0105.<\/p><p>Korytarz wzd\u0142u\u017c g\u0142\u00f3wnej osi elipsy ko\u0144czy\u0142 si\u0119 dwoma galeriami, kt\u00f3re otwiera\u0142y si\u0119 wewn\u0105trz betonowego p\u0105czka tworz\u0105cego fundamenty amfiteatru. Dwie inne galerie wzd\u0142u\u017c mniejszej osi elipsy, jedna w kierunku Colle Oppio i jedna w kierunku Caelian, nie zosta\u0142y jeszcze odkopane. Pi\u0105ty tunel, znajduj\u0105cy si\u0119 wzd\u0142u\u017c klina V poni\u017cej sceny cesarskiej, zosta\u0142 zbudowany w czasach Domicjana i by\u0142 prawdopodobnie drog\u0105 dost\u0119pu zarezerwowan\u0105 wy\u0142\u0105cznie dla cesarza i bezpo\u015brednio po\u0142\u0105czon\u0105 z niekt\u00f3rymi budynkami cesarskimi w obszarze \u015awi\u0105tyni Klaudiusza na Caelian.<\/p>\t\t\t\t\t\t<\/div>\n\t\t\t\t<\/div>\n\t\t\t\t<div class=\"elementor-element elementor-element-d94dd08 elementor-widget elementor-widget-heading\" data-id=\"d94dd08\" data-element_type=\"widget\" data-settings=\"{&quot;ekit_we_effect_on&quot;:&quot;none&quot;}\" data-widget_type=\"heading.default\">\n\t\t\t\t<div class=\"elementor-widget-container\">\n\t\t\t<h4 class=\"elementor-heading-title elementor-size-default\">Koloseum i podziemia<\/h4>\t\t<\/div>\n\t\t\t\t<\/div>\n\t\t\t\t<div class=\"elementor-element elementor-element-fd1e286 elementor-widget elementor-widget-text-editor\" data-id=\"fd1e286\" data-element_type=\"widget\" data-settings=\"{&quot;ekit_we_effect_on&quot;:&quot;none&quot;}\" data-widget_type=\"text-editor.default\">\n\t\t\t\t<div class=\"elementor-widget-container\">\n\t\t\t\t\t\t\t<p>Pod czterema tunelami wzd\u0142u\u017c dw\u00f3ch osi znajduj\u0105 si\u0119 kana\u0142y hydrauliczne, kt\u00f3re by\u0142y niezb\u0119dne do odprowadzania wody deszczowej i odp\u0142yw\u00f3w z latryn. Badania Speleo-Subaque doprowadzi\u0142y do odkrycia innych du\u017cych kana\u0142\u00f3w, kt\u00f3re zosta\u0142y znalezione pod Koloseum i prawdopodobnie by\u0142y cz\u0119\u015bci\u0105 systemu kana\u0142\u00f3w, kt\u00f3re zasila\u0142y jezioro zbudowane dla rezydencji Nerona.<\/p><p>Struktura hydrauliczna Koloseum jest nadal bardzo z\u0142o\u017cona i nie do ko\u0144ca zrozumia\u0142a. Na zewn\u0105trz amfiteatru znaleziono tunel na g\u0142\u0119boko\u015bci 8 metr\u00f3w od poziomu gruntu placu, kt\u00f3ry otacza ca\u0142y amfiteatr w odleg\u0142o\u015bci oko\u0142o 2-3 metr\u00f3w od jego zewn\u0119trznego obwodu; jest to kana\u0142 \u015bciekowy. Inny, mniejszy, sklepiony kapucy\u0144sko tunel, znajduj\u0105cy si\u0119 wewn\u0105trz p\u0105czka fundamentowego na g\u0142\u0119boko\u015bci 2,8 metra, prawdopodobnie mie\u015bci\u0142 o\u0142owiane rury transportuj\u0105ce wod\u0119 utrzymywan\u0105 pod ci\u015bnieniem przez zbiorniki.<\/p>\t\t\t\t\t\t<\/div>\n\t\t\t\t<\/div>\n\t\t\t\t\t<\/div>\n\t\t<\/div>\n\t\t\t\t\t<\/div>\n\t\t<\/section>\n\t\t\t\t<\/div>","protected":false},"excerpt":{"rendered":"<p>Podziemia Koloseum Koloseum i podziemia Eliptyczny kszta\u0142t Koloseum zosta\u0142 zrealizowany przy u\u017cyciu wyrafinowanej czterocentrycznej procedury geometrycznej, a tak\u017ce zosta\u0142 przyj\u0119ty przez pod\u0142og\u0119 areny poprzez przyj\u0119cie muru zmieszanego z drewnian\u0105 desk\u0105, kt\u00f3ra zosta\u0142a pokryta piaskiem. Pod pod\u0142og\u0105 areny znajdowa\u0142y si\u0119 przestronne podziemne pomieszczenia us\u0142ugowe, kt\u00f3re by\u0142y [...].<\/p>","protected":false},"author":1,"featured_media":0,"parent":528,"menu_order":2,"comment_status":"closed","ping_status":"closed","template":"","meta":{"site-sidebar-layout":"no-sidebar","site-content-layout":"page-builder","ast-site-content-layout":"full-width-container","site-content-style":"unboxed","site-sidebar-style":"unboxed","ast-global-header-display":"","ast-banner-title-visibility":"","ast-main-header-display":"","ast-hfb-above-header-display":"","ast-hfb-below-header-display":"","ast-hfb-mobile-header-display":"","site-post-title":"disabled","ast-breadcrumbs-content":"","ast-featured-img":"disabled","footer-sml-layout":"","ast-disable-related-posts":"","theme-transparent-header-meta":"default","adv-header-id-meta":"","stick-header-meta":"","header-above-stick-meta":"","header-main-stick-meta":"","header-below-stick-meta":"","astra-migrate-meta-layouts":"set","ast-page-background-enabled":"default","ast-page-background-meta":{"desktop":{"background-color":"var(--ast-global-color-4)","background-image":"","background-repeat":"repeat","background-position":"center center","background-size":"auto","background-attachment":"scroll","background-type":"","background-media":"","overlay-type":"","overlay-color":"","overlay-opacity":"","overlay-gradient":""},"tablet":{"background-color":"","background-image":"","background-repeat":"repeat","background-position":"center center","background-size":"auto","background-attachment":"scroll","background-type":"","background-media":"","overlay-type":"","overlay-color":"","overlay-opacity":"","overlay-gradient":""},"mobile":{"background-color":"","background-image":"","background-repeat":"repeat","background-position":"center center","background-size":"auto","background-attachment":"scroll","background-type":"","background-media":"","overlay-type":"","overlay-color":"","overlay-opacity":"","overlay-gradient":""}},"ast-content-background-meta":{"desktop":{"background-color":"var(--ast-global-color-5)","background-image":"","background-repeat":"repeat","background-position":"center center","background-size":"auto","background-attachment":"scroll","background-type":"","background-media":"","overlay-type":"","overlay-color":"","overlay-opacity":"","overlay-gradient":""},"tablet":{"background-color":"var(--ast-global-color-5)","background-image":"","background-repeat":"repeat","background-position":"center center","background-size":"auto","background-attachment":"scroll","background-type":"","background-media":"","overlay-type":"","overlay-color":"","overlay-opacity":"","overlay-gradient":""},"mobile":{"background-color":"var(--ast-global-color-5)","background-image":"","background-repeat":"repeat","background-position":"center center","background-size":"auto","background-attachment":"scroll","background-type":"","background-media":"","overlay-type":"","overlay-color":"","overlay-opacity":"","overlay-gradient":""}},"iawp_total_views":2101,"footnotes":""},"class_list":["post-537","page","type-page","status-publish","hentry"],"_links":{"self":[{"href":"https:\/\/colosseo-roma.it\/pl\/wp-json\/wp\/v2\/pages\/537","targetHints":{"allow":["GET"]}}],"collection":[{"href":"https:\/\/colosseo-roma.it\/pl\/wp-json\/wp\/v2\/pages"}],"about":[{"href":"https:\/\/colosseo-roma.it\/pl\/wp-json\/wp\/v2\/types\/page"}],"author":[{"embeddable":true,"href":"https:\/\/colosseo-roma.it\/pl\/wp-json\/wp\/v2\/users\/1"}],"replies":[{"embeddable":true,"href":"https:\/\/colosseo-roma.it\/pl\/wp-json\/wp\/v2\/comments?post=537"}],"version-history":[{"count":0,"href":"https:\/\/colosseo-roma.it\/pl\/wp-json\/wp\/v2\/pages\/537\/revisions"}],"up":[{"embeddable":true,"href":"https:\/\/colosseo-roma.it\/pl\/wp-json\/wp\/v2\/pages\/528"}],"wp:attachment":[{"href":"https:\/\/colosseo-roma.it\/pl\/wp-json\/wp\/v2\/media?parent=537"}],"curies":[{"name":"wp","href":"https:\/\/api.w.org\/{rel}","templated":true}]}}