{"id":538,"date":"2023-03-28T09:18:33","date_gmt":"2023-03-28T08:18:33","guid":{"rendered":"https:\/\/wordpress-1074717-3818660.cloudwaysapps.com\/?page_id=538"},"modified":"2023-03-31T22:37:11","modified_gmt":"2023-03-31T21:37:11","slug":"muzeum-koloseum","status":"publish","type":"page","link":"https:\/\/colosseo-roma.it\/pl\/odkrywac\/koloseum\/muzeum-koloseum\/","title":{"rendered":"Muzeum Koloseum"},"content":{"rendered":"<div data-elementor-type=\"wp-page\" data-elementor-id=\"538\" class=\"elementor elementor-538\" data-elementor-post-type=\"page\">\n\t\t\t\t\t\t<section class=\"elementor-section elementor-top-section elementor-element elementor-element-226a65a elementor-section-boxed elementor-section-height-default elementor-section-height-default\" data-id=\"226a65a\" data-element_type=\"section\" data-settings=\"{&quot;jet_parallax_layout_list&quot;:[],&quot;ekit_has_onepagescroll_dot&quot;:&quot;yes&quot;}\">\n\t\t\t\t\t\t<div class=\"elementor-container elementor-column-gap-default\">\n\t\t\t\t\t<div class=\"elementor-column elementor-col-100 elementor-top-column elementor-element elementor-element-7fe7b2d\" data-id=\"7fe7b2d\" data-element_type=\"column\">\n\t\t\t<div class=\"elementor-widget-wrap elementor-element-populated\">\n\t\t\t\t\t\t<div class=\"elementor-element elementor-element-730ea5d elementor-widget elementor-widget-heading\" data-id=\"730ea5d\" data-element_type=\"widget\" data-settings=\"{&quot;ekit_we_effect_on&quot;:&quot;none&quot;}\" data-widget_type=\"heading.default\">\n\t\t\t\t<div class=\"elementor-widget-container\">\n\t\t\t<h1 class=\"elementor-heading-title elementor-size-default\">Muzeum Palaty\u0144skie<\/h1>\t\t<\/div>\n\t\t\t\t<\/div>\n\t\t\t\t<div class=\"elementor-element elementor-element-3566507 elementor-widget elementor-widget-heading\" data-id=\"3566507\" data-element_type=\"widget\" data-settings=\"{&quot;ekit_we_effect_on&quot;:&quot;none&quot;}\" data-widget_type=\"heading.default\">\n\t\t\t\t<div class=\"elementor-widget-container\">\n\t\t\t<h5 class=\"elementor-heading-title elementor-size-default\">Wizyta w Muzeum Koloseum<\/h5>\t\t<\/div>\n\t\t\t\t<\/div>\n\t\t\t\t<div class=\"elementor-element elementor-element-d56a64d elementor-widget elementor-widget-heading\" data-id=\"d56a64d\" data-element_type=\"widget\" data-settings=\"{&quot;ekit_we_effect_on&quot;:&quot;none&quot;}\" data-widget_type=\"heading.default\">\n\t\t\t\t<div class=\"elementor-widget-container\">\n\t\t\t<h5 class=\"elementor-heading-title elementor-size-default\">Kup bilet i wybierz si\u0119 na wycieczk\u0119 <\/h5>\t\t<\/div>\n\t\t\t\t<\/div>\n\t\t\t\t<div class=\"elementor-element elementor-element-a1a62c5 elementor-widget elementor-widget-html\" data-id=\"a1a62c5\" data-element_type=\"widget\" data-settings=\"{&quot;ekit_we_effect_on&quot;:&quot;none&quot;}\" data-widget_type=\"html.default\">\n\t\t\t\t<div class=\"elementor-widget-container\">\n\t\t\t<div data-gyg-href=\"https:\/\/widget.getyourguide.com\/default\/activities.frame\" data-gyg-locale-code=\"it-IT\" data-gyg-widget=\"activities\" data-gyg-number-of-items=\"3\" data-gyg-partner-id=\"D5VYVWQ\" data-gyg-tour-ids=\"183746,408602,225249\"><\/div>\t\t<\/div>\n\t\t\t\t<\/div>\n\t\t\t\t<div class=\"elementor-element elementor-element-21f6686 elementor-widget elementor-widget-heading\" data-id=\"21f6686\" data-element_type=\"widget\" data-settings=\"{&quot;ekit_we_effect_on&quot;:&quot;none&quot;}\" data-widget_type=\"heading.default\">\n\t\t\t\t<div class=\"elementor-widget-container\">\n\t\t\t<h5 class=\"elementor-heading-title elementor-size-default\">Muzeum Amfiteatru Flawiusz\u00f3w<\/h5>\t\t<\/div>\n\t\t\t\t<\/div>\n\t\t\t\t<div class=\"elementor-element elementor-element-bccb85f elementor-widget elementor-widget-text-editor\" data-id=\"bccb85f\" data-element_type=\"widget\" data-settings=\"{&quot;ekit_we_effect_on&quot;:&quot;none&quot;}\" data-widget_type=\"text-editor.default\">\n\t\t\t\t<div class=\"elementor-widget-container\">\n\t\t\t\t\t\t\t<p>Muzeum Koloseum, znajduj\u0105ce si\u0119 na drugim poziomie amfiteatru, stanowi tematyczn\u0105 tras\u0119 w przestrzeni wystawienniczej. Dobrze zaprojektowane oznakowanie identyfikuje najwa\u017cniejsze trasy, aby jak najlepiej wykorzysta\u0107 wizyt\u0119.<\/p><p>Badania archeologiczne ostatnich kilku lat, wraz z najnowszymi wystawami i drukowanymi publikacjami, w kt\u00f3rych zosta\u0142y one uwzgl\u0119dnione, zapewni\u0142y ekspertom lepsze zrozumienie d\u0142ugiego \u017cycia Koloseum, jego ponownego wykorzystania, a nawet jego ideologicznych znacze\u0144. Wystawa Muzeum gromadzi najbardziej niezwyk\u0142e dzie\u0142a z budynku i wykopalisk, zorganizowane w taki spos\u00f3b, aby zilustrowa\u0107 najistotniejsze aspekty pomnika za pomoc\u0105 hipertekstowych i hipermedialnych rozszerze\u0144.<\/p><p>Pierwsza sekcja jest punktem wyj\u015bcia muzeum i opiera si\u0119 na architekturze wielkiego antyteatru, z eksponatami takimi jak kapitele i fragmenty transenn\u00f3w oraz imponuj\u0105ca rekonstrukcja vomitorii. W tej sekcji podkre\u015blono si\u0142\u0119 zabytku jako modelu architektury na przestrzeni wiek\u00f3w. Podpis pozostawiony przez Huberta Roberta na \"\u017cywym ciele\" Koloseum jest wyra\u017anym artystycznym przyk\u0142adem egzystencjalnej identyfikacji z budynkiem. Malowid\u0142a reprodukowane w panelach obja\u015bniaj\u0105cych wiernie ukazuj\u0105 rodzaje u\u017cytkowania parteru, w spos\u00f3b rozpowszechniony ju\u017c w p\u00f3\u017anym \u015bredniowieczu.<\/p><p>Druga sekcja ilustruje funkcjonowanie amfiteatru i codzienne \u017cycie w nim poprzez plastikowe modele i eksponaty. Ponadto prezentowane s\u0105 graffiti, mozaiki i p\u0142askorze\u017aby opisuj\u0105ce zaw\u00f3d gladiatora i tematy venationes.<\/p><p>Trzecia sekcja przeznaczona jest dla widz\u00f3w, z lo\u017c\u0105 senatorsk\u0105, kt\u00f3rej inskrypcje pokazuj\u0105 podzia\u0142 miejsc na poziomy siedze\u0144. R\u00f3\u017cnorodne marmury na wystawie opisuj\u0105 aparat rze\u017abiarski pomnika, w tym ich pierwotn\u0105 lokalizacj\u0119, je\u015bli jest znana.<\/p><p>Kolejna czwarta cz\u0119\u015b\u0107 skupia si\u0119 na ideologicznym ponownym wykorzystaniu pomnika, przekszta\u0142conego w symbol nowego imperium w latach cesarstwa. Nast\u0119pnie sekcja zawiera ilustracj\u0119 \u015bredniowiecza Koloseum, jego \"chrystianizacji\" oraz, jako kontrapunkt, przywo\u0142anie \"magicznego\" i demonicznego Koloseum.<\/p><p>Wystawa w Muzeum Koloseum ko\u0144czy si\u0119 sekcj\u0105 po\u015bwi\u0119con\u0105 \"filologicznej\" rekonstrukcji modelu Lucangeliego i \"li\u015bciastym \u0142ukom\" romantycznych widok\u00f3w i pism z Grand Tour.<\/p>\t\t\t\t\t\t<\/div>\n\t\t\t\t<\/div>\n\t\t\t\t<div class=\"elementor-element elementor-element-33084a0 elementor-widget elementor-widget-heading\" data-id=\"33084a0\" data-element_type=\"widget\" data-settings=\"{&quot;ekit_we_effect_on&quot;:&quot;none&quot;}\" data-widget_type=\"heading.default\">\n\t\t\t\t<div class=\"elementor-widget-container\">\n\t\t\t<h5 class=\"elementor-heading-title elementor-size-default\">Godziny otwarcia<\/h5>\t\t<\/div>\n\t\t\t\t<\/div>\n\t\t\t\t<div class=\"elementor-element elementor-element-41630b5 elementor-widget elementor-widget-text-editor\" data-id=\"41630b5\" data-element_type=\"widget\" data-settings=\"{&quot;ekit_we_effect_on&quot;:&quot;none&quot;}\" data-widget_type=\"text-editor.default\">\n\t\t\t\t<div class=\"elementor-widget-container\">\n\t\t\t\t\t\t\t<p>Muzeum jest otwarte codziennie, od poniedzia\u0142ku do niedzieli w godzinach od 9.00 do 16.30 .<\/p><p>Ostatnia wizyta odbywa si\u0119 na godzin\u0119 przed zamkni\u0119ciem.\u00a0<\/p><p>\u00a0<\/p><p>\u00a0<\/p><p>\u00a0<\/p><p>\u00a0<\/p>\t\t\t\t\t\t<\/div>\n\t\t\t\t<\/div>\n\t\t\t\t<div class=\"elementor-element elementor-element-5a13300 elementor-widget elementor-widget-heading\" data-id=\"5a13300\" data-element_type=\"widget\" data-settings=\"{&quot;ekit_we_effect_on&quot;:&quot;none&quot;}\" data-widget_type=\"heading.default\">\n\t\t\t\t<div class=\"elementor-widget-container\">\n\t\t\t<h5 class=\"elementor-heading-title elementor-size-default\">Jak dosta\u0107 si\u0119 do Muzeum Amfiteatru Flawiusz\u00f3w<\/h5>\t\t<\/div>\n\t\t\t\t<\/div>\n\t\t\t\t<div class=\"elementor-element elementor-element-b392f7f elementor-widget elementor-widget-text-editor\" data-id=\"b392f7f\" data-element_type=\"widget\" data-settings=\"{&quot;ekit_we_effect_on&quot;:&quot;none&quot;}\" data-widget_type=\"text-editor.default\">\n\t\t\t\t<div class=\"elementor-widget-container\">\n\t\t\t\t\t\t\t<p>Metro: Linia B, przystanek Colosseo<\/p><p>Autobusy: nr 75, 81, 87, 673, 175, 204<\/p><p>Tramwaj: nr 3<\/p>\t\t\t\t\t\t<\/div>\n\t\t\t\t<\/div>\n\t\t\t\t<div class=\"elementor-element elementor-element-35c1500 elementor-widget elementor-widget-heading\" data-id=\"35c1500\" data-element_type=\"widget\" data-settings=\"{&quot;ekit_we_effect_on&quot;:&quot;none&quot;}\" data-widget_type=\"heading.default\">\n\t\t\t\t<div class=\"elementor-widget-container\">\n\t\t\t<h5 class=\"elementor-heading-title elementor-size-default\">Ksi\u0105\u017cka r\u00f3wnie\u017c Forum Romanum Palatine i Domus Aurea<\/h5>\t\t<\/div>\n\t\t\t\t<\/div>\n\t\t\t\t\t<\/div>\n\t\t<\/div>\n\t\t\t\t\t<\/div>\n\t\t<\/section>\n\t\t\t\t<\/div>","protected":false},"excerpt":{"rendered":"<p>Muzeum Palaty\u0144skie Odwied\u017a Muzeum Koloseum Kup bilet i zwiedzaj Muzeum Amfiteatru Flawiusz\u00f3w Muzeum Koloseum, znajduj\u0105ce si\u0119 na drugim poziomie amfiteatru, stanowi tematyczn\u0105 tras\u0119 zwiedzania przestrzeni wystawienniczej. Dobrze zaprojektowane oznakowanie identyfikuje najwa\u017cniejsze trasy, aby jak najlepiej wykorzysta\u0107 wizyt\u0119. Badania archeologiczne ostatnich [...]<\/p>","protected":false},"author":1,"featured_media":0,"parent":528,"menu_order":5,"comment_status":"closed","ping_status":"closed","template":"","meta":{"site-sidebar-layout":"no-sidebar","site-content-layout":"page-builder","ast-site-content-layout":"default","site-content-style":"default","site-sidebar-style":"default","ast-global-header-display":"","ast-banner-title-visibility":"","ast-main-header-display":"","ast-hfb-above-header-display":"","ast-hfb-below-header-display":"","ast-hfb-mobile-header-display":"","site-post-title":"disabled","ast-breadcrumbs-content":"","ast-featured-img":"disabled","footer-sml-layout":"","ast-disable-related-posts":"","theme-transparent-header-meta":"default","adv-header-id-meta":"","stick-header-meta":"","header-above-stick-meta":"","header-main-stick-meta":"","header-below-stick-meta":"","astra-migrate-meta-layouts":"default","ast-page-background-enabled":"default","ast-page-background-meta":{"desktop":{"background-color":"var(--ast-global-color-4)","background-image":"","background-repeat":"repeat","background-position":"center center","background-size":"auto","background-attachment":"scroll","background-type":"","background-media":"","overlay-type":"","overlay-color":"","overlay-opacity":"","overlay-gradient":""},"tablet":{"background-color":"","background-image":"","background-repeat":"repeat","background-position":"center center","background-size":"auto","background-attachment":"scroll","background-type":"","background-media":"","overlay-type":"","overlay-color":"","overlay-opacity":"","overlay-gradient":""},"mobile":{"background-color":"","background-image":"","background-repeat":"repeat","background-position":"center center","background-size":"auto","background-attachment":"scroll","background-type":"","background-media":"","overlay-type":"","overlay-color":"","overlay-opacity":"","overlay-gradient":""}},"ast-content-background-meta":{"desktop":{"background-color":"var(--ast-global-color-5)","background-image":"","background-repeat":"repeat","background-position":"center center","background-size":"auto","background-attachment":"scroll","background-type":"","background-media":"","overlay-type":"","overlay-color":"","overlay-opacity":"","overlay-gradient":""},"tablet":{"background-color":"var(--ast-global-color-5)","background-image":"","background-repeat":"repeat","background-position":"center center","background-size":"auto","background-attachment":"scroll","background-type":"","background-media":"","overlay-type":"","overlay-color":"","overlay-opacity":"","overlay-gradient":""},"mobile":{"background-color":"var(--ast-global-color-5)","background-image":"","background-repeat":"repeat","background-position":"center center","background-size":"auto","background-attachment":"scroll","background-type":"","background-media":"","overlay-type":"","overlay-color":"","overlay-opacity":"","overlay-gradient":""}},"iawp_total_views":516,"footnotes":""},"class_list":["post-538","page","type-page","status-publish","hentry"],"_links":{"self":[{"href":"https:\/\/colosseo-roma.it\/pl\/wp-json\/wp\/v2\/pages\/538","targetHints":{"allow":["GET"]}}],"collection":[{"href":"https:\/\/colosseo-roma.it\/pl\/wp-json\/wp\/v2\/pages"}],"about":[{"href":"https:\/\/colosseo-roma.it\/pl\/wp-json\/wp\/v2\/types\/page"}],"author":[{"embeddable":true,"href":"https:\/\/colosseo-roma.it\/pl\/wp-json\/wp\/v2\/users\/1"}],"replies":[{"embeddable":true,"href":"https:\/\/colosseo-roma.it\/pl\/wp-json\/wp\/v2\/comments?post=538"}],"version-history":[{"count":0,"href":"https:\/\/colosseo-roma.it\/pl\/wp-json\/wp\/v2\/pages\/538\/revisions"}],"up":[{"embeddable":true,"href":"https:\/\/colosseo-roma.it\/pl\/wp-json\/wp\/v2\/pages\/528"}],"wp:attachment":[{"href":"https:\/\/colosseo-roma.it\/pl\/wp-json\/wp\/v2\/media?parent=538"}],"curies":[{"name":"wp","href":"https:\/\/api.w.org\/{rel}","templated":true}]}}