{"id":541,"date":"2023-03-28T09:18:49","date_gmt":"2023-03-28T08:18:49","guid":{"rendered":"https:\/\/wordpress-1074717-3818660.cloudwaysapps.com\/?page_id=541"},"modified":"2026-01-26T17:11:26","modified_gmt":"2026-01-26T16:11:26","slug":"historia","status":"publish","type":"page","link":"https:\/\/colosseo-roma.it\/pl\/odkrywac\/koloseum\/historia\/","title":{"rendered":"Historia"},"content":{"rendered":"<div data-elementor-type=\"wp-page\" data-elementor-id=\"541\" class=\"elementor elementor-541\" data-elementor-post-type=\"page\">\n\t\t\t\t\t\t<section class=\"elementor-section elementor-top-section elementor-element elementor-element-2d9a5e1 elementor-section-boxed elementor-section-height-default elementor-section-height-default\" data-id=\"2d9a5e1\" data-element_type=\"section\" data-settings=\"{&quot;jet_parallax_layout_list&quot;:[],&quot;ekit_has_onepagescroll_dot&quot;:&quot;yes&quot;}\">\n\t\t\t\t\t\t<div class=\"elementor-container elementor-column-gap-default\">\n\t\t\t\t\t<div class=\"elementor-column elementor-col-100 elementor-top-column elementor-element elementor-element-6e78c0a\" data-id=\"6e78c0a\" data-element_type=\"column\" data-settings=\"{&quot;background_background&quot;:&quot;classic&quot;}\">\n\t\t\t<div class=\"elementor-widget-wrap elementor-element-populated\">\n\t\t\t\t\t\t<div class=\"elementor-element elementor-element-d6843ff elementor-widget elementor-widget-heading\" data-id=\"d6843ff\" data-element_type=\"widget\" data-settings=\"{&quot;ekit_we_effect_on&quot;:&quot;none&quot;}\" data-widget_type=\"heading.default\">\n\t\t\t\t<div class=\"elementor-widget-container\">\n\t\t\t<h1 class=\"elementor-heading-title elementor-size-default\">Historia Koloseum<\/h1>\t\t<\/div>\n\t\t\t\t<\/div>\n\t\t\t\t<div class=\"elementor-element elementor-element-a0dcb53 elementor-widget elementor-widget-text-editor\" data-id=\"a0dcb53\" data-element_type=\"widget\" data-settings=\"{&quot;ekit_we_effect_on&quot;:&quot;none&quot;}\" data-widget_type=\"text-editor.default\">\n\t\t\t\t<div class=\"elementor-widget-container\">\n\t\t\t\t\t\t\t<p style=\"text-align: center;\">O historii <strong>Koloseum<\/strong> Na przestrzeni wiek\u00f3w, od budowy do zniszczenia, jest wiele do powiedzenia. D\u0142ugi okres historyczny, podczas kt\u00f3rego Koloseum by\u0142o u\u017cywane i odnawiane wiele razy, na r\u00f3\u017cne sposoby, r\u00f3\u017cnymi metodami. Historie Koloseum, w rzeczywisto\u015bci, s\u0105 liczne i wyznaczaj\u0105 r\u00f3\u017cne okresy jego istnienia. <strong>Staro\u017cytny Rzym.<\/strong> Kr\u00f3tko m\u00f3wi\u0105c, ten wspania\u0142y amfiteatr widzia\u0142 i wycierpia\u0142 wszelkiego rodzaju rzeczy i nadal to robi! Poniewa\u017c Koloseum wci\u0105\u017c stoi, nale\u017cy r\u00f3wnie\u017c do wsp\u00f3\u0142czesnej epoki.<\/p><p style=\"text-align: center;\">Koloseum jest nadal rozpoznawane przez ca\u0142y \u015bwiat jako symbol Rzymu. Przez staro\u017cytnych Rzymian nazywane by\u0142o<em><strong>Amphitheatrum Flavium\".<\/strong><\/em> nazwany na cze\u015b\u0107 cesarskiej rodziny Flawiusz\u00f3w, pod rz\u0105dami kt\u00f3rej rozpocz\u0119to i zako\u0144czono prace nad jego budow\u0105. W roku 72 n.e. cesarz Wespazjan rozpocz\u0105\u0142 prace, kt\u00f3re zosta\u0142y uko\u0144czone w roku 80 n.e. przez jego syna Tytusa. Pod koniec prac inauguracja by\u0142a \u015bwi\u0119towana niezwyk\u0142ymi grami i walkami, kt\u00f3re trwa\u0142y 100 dni.<\/p><p style=\"text-align: center;\">Ta niewielka informacja daje nam kr\u00f3tki przegl\u0105d historii Koloseum, ale jego historia jest o wiele bardziej z\u0142o\u017cona i fascynuj\u0105ca. Zbudowany jako najwi\u0119kszy amfiteatr, jaki kiedykolwiek zbudowano, Koloseum reprezentowa\u0142o pot\u0119g\u0119 i wielko\u015b\u0107<strong>Imperium Rzymskie<\/strong>staj\u0105c si\u0119 nie tylko miejscem rozrywki, ale tak\u017ce narz\u0119dziem politycznym s\u0142u\u017c\u0105cym do zapewnienia kontroli i autorytetu rzymskich cesarzy.<\/p>\t\t\t\t\t\t<\/div>\n\t\t\t\t<\/div>\n\t\t\t\t<div class=\"elementor-element elementor-element-32a6686 elementor-widget elementor-widget-jet-timeline\" data-id=\"32a6686\" data-element_type=\"widget\" data-settings=\"{&quot;ekit_we_effect_on&quot;:&quot;none&quot;}\" data-widget_type=\"jet-timeline.default\">\n\t\t\t\t<div class=\"elementor-widget-container\">\n\t\t\t<div class=\"elementor-jet-timeline jet-elements\"><div class=\"jet-timeline jet-timeline--align-center jet-timeline--align-middle\">\n\t<div class=\"jet-timeline__line\"><div class=\"jet-timeline__line-progress\"><\/div><\/div>\n\t<div class=\"jet-timeline-list\"><div class=\"jet-timeline-item  elementor-repeater-item-fd1235f jet-timeline-item--image-inside\">\n\t<div class=\"timeline-item__card\">\n\t\t<div class=\"timeline-item__card-inner\">\n\t\t\t\t\t\t\t\t<div class=\"timeline-item__card-content\">\n\t\t\t\t\t<div class=\"timeline-item__meta\"><div class=\"timeline-item__meta-content\">Budowa i Z\u0142oty Wiek<\/div><\/div><h5 class=\"timeline-item__card-title\"> Staro\u017cytny Rzym, okres flawijski (72-80 r. n.e.)<\/h5><div class=\"timeline-item__card-desc\">Pomys\u0142 budowy tak imponuj\u0105cego amfiteatru w sercu Rzymu narodzi\u0142 si\u0119 za panowania Wespazjana, pierwszego cesarza z dynastii Flawiusz\u00f3w. Decyzja o wzniesieniu go nad sztucznym jeziorem Domus Aurea, luksusow\u0105 will\u0105 Nerona, mia\u0142a wymiar symboliczny: by\u0142a sposobem na zwr\u00f3cenie ludowi rzymskiemu ziemi odebranej mu przez poprzedniego tyrana i zdobycie przychylno\u015bci mas. Jego budowa stanowi\u0142a jedno z najwi\u0119kszych dzie\u0142 architektonicznych staro\u017cytno\u015bci, zbudowane przy zatrudnieniu tysi\u0119cy niewolnik\u00f3w i robotnik\u00f3w.\n\nInauguracja amfiteatru by\u0142a niezwyk\u0142ym wydarzeniem, kt\u00f3re odzwierciedla\u0142o wielko\u015b\u0107 Rzymu. Aby uczci\u0107 otwarcie Koloseum, Tytus zorganizowa\u0142 igrzyska i spektakle, kt\u00f3re trwa\u0142y 100 kolejnych dni, podczas kt\u00f3rych szacuje si\u0119, \u017ce zabito tysi\u0105ce dzikich zwierz\u0105t i gladiator\u00f3w. Te masowe wydarzenia by\u0142y cz\u0119\u015bci\u0105 \"panem et circenses\" (chleba i igrzysk), strategii politycznej maj\u0105cej na celu odwr\u00f3cenie uwagi i kontrolowanie rzymskiej populacji.<\/div>\t\t\t\t<\/div>\n\t\t\t\t\t\t<\/div>\n\t\t<div class=\"timeline-item__card-arrow\"><\/div>\n\t<\/div>\n\t<div class=\"timeline-item__point\"><div class=\"timeline-item__point-content timeline-item__point-content--icon\"><span class=\"jet-elements-icon\"><i aria-hidden=\"true\" class=\"fas fa-history\"><\/i><\/span><\/div><\/div><div class=\"timeline-item__meta\"><div class=\"timeline-item__meta-content\">Budowa i Z\u0142oty Wiek<\/div><\/div><\/div><div class=\"jet-timeline-item  elementor-repeater-item-c9e98a0 jet-timeline-item--image-inside\">\n\t<div class=\"timeline-item__card\">\n\t\t<div class=\"timeline-item__card-inner\">\n\t\t\t\t\t\t\t\t<div class=\"timeline-item__card-content\">\n\t\t\t\t\t<div class=\"timeline-item__meta\"><div class=\"timeline-item__meta-content\">Upadek i transformacja<\/div><\/div><h5 class=\"timeline-item__card-title\">P\u00f3\u017ane Cesarstwo Rzymskie i \u015bredniowiecze (V-XV wiek)<\/h5><div class=\"timeline-item__card-desc\">Po upadku Cesarstwa Zachodniorzymskiego Koloseum przesz\u0142o liczne transformacje. W \u015bredniowieczu amfiteatr przesta\u0142 by\u0107 wykorzystywany do publicznych wyst\u0119p\u00f3w i zosta\u0142 zaadaptowany do r\u00f3\u017cnych cel\u00f3w. Niekt\u00f3re z zewn\u0119trznych \u0142uk\u00f3w zosta\u0142y przekszta\u0142cone w mieszkania i sklepy, podczas gdy dolne pi\u0119tro zosta\u0142o przekszta\u0142cone w cmentarz.\n\nNa przestrzeni wiek\u00f3w trz\u0119sienia ziemi, grabie\u017ce i zmiany w u\u017cytkowaniu budynk\u00f3w spowodowa\u0142y znaczne uszkodzenia konstrukcji. Niekt\u00f3re kamienie zosta\u0142y usuni\u0119te i ponownie wykorzystane do budowy innych budynk\u00f3w w Rzymie, w tym Bazyliki \u015awi\u0119tego Piotra. Niemniej jednak Koloseum pozosta\u0142o symbolem miasta i niemym \u015bwiadkiem jego burzliwej historii.\n<\/div>\t\t\t\t<\/div>\n\t\t\t\t\t\t<\/div>\n\t\t<div class=\"timeline-item__card-arrow\"><\/div>\n\t<\/div>\n\t<div class=\"timeline-item__point\"><div class=\"timeline-item__point-content timeline-item__point-content--icon\"><span class=\"jet-elements-icon\"><i aria-hidden=\"true\" class=\"fas fa-history\"><\/i><\/span><\/div><\/div><div class=\"timeline-item__meta\"><div class=\"timeline-item__meta-content\">Upadek i transformacja<\/div><\/div><\/div><div class=\"jet-timeline-item  elementor-repeater-item-1a116c5 jet-timeline-item--image-inside\">\n\t<div class=\"timeline-item__card\">\n\t\t<div class=\"timeline-item__card-inner\">\n\t\t\t\t\t\t\t\t<div class=\"timeline-item__card-content\">\n\t\t\t\t\t<div class=\"timeline-item__meta\"><div class=\"timeline-item__meta-content\">Ponowne odkrycie i odnowienie<\/div><\/div><h5 class=\"timeline-item__card-title\">Renesans i p\u00f3\u017aniejsze epoki (od XVI do XIX wieku)<\/h5><div class=\"timeline-item__card-desc\">W okresie renesansu Koloseum zosta\u0142o ponownie odkryte jako symbol wspania\u0142ej przesz\u0142o\u015bci Rzymu. Arty\u015bci, pisarze i intelektuali\u015bci zacz\u0119li interesowa\u0107 si\u0119 staro\u017cytnym amfiteatrem, zainspirowani jego wielko\u015bci\u0105 i z\u0142o\u017con\u0105 histori\u0105. W XVII wieku Ko\u015bci\u00f3\u0142 katolicki og\u0142osi\u0142 Koloseum \u015bwi\u0119tym miejscem upami\u0119tniaj\u0105cym chrze\u015bcija\u0144skich m\u0119czennik\u00f3w, kt\u00f3rzy wed\u0142ug tradycji zostali tam zabici. Wewn\u0105trz amfiteatru zbudowano Via Crucis, przekszta\u0142caj\u0105c go w miejsce kultu i pami\u0119ci.\n\nW XVIII i XIX wieku Koloseum sta\u0142o si\u0119 przedmiotem kilku projekt\u00f3w renowacyjnych maj\u0105cych na celu zachowanie jego struktury i warto\u015bci historycznej. Prace konserwatorskie trwa\u0142y przez ca\u0142y XX wiek a\u017c do dnia dzisiejszego, dzi\u0119ki czemu Koloseum zachowa\u0142o swoj\u0105 wielko\u015b\u0107 i urok, pomimo wyzwa\u0144 czasu.\n<\/div>\t\t\t\t<\/div>\n\t\t\t\t\t\t<\/div>\n\t\t<div class=\"timeline-item__card-arrow\"><\/div>\n\t<\/div>\n\t<div class=\"timeline-item__point\"><div class=\"timeline-item__point-content timeline-item__point-content--icon\"><span class=\"jet-elements-icon\"><i aria-hidden=\"true\" class=\"fas fa-history\"><\/i><\/span><\/div><\/div><div class=\"timeline-item__meta\"><div class=\"timeline-item__meta-content\">Ponowne odkrycie i odnowienie<\/div><\/div><\/div><div class=\"jet-timeline-item  elementor-repeater-item-7ed7f15 jet-timeline-item--image-inside\">\n\t<div class=\"timeline-item__card\">\n\t\t<div class=\"timeline-item__card-inner\">\n\t\t\t\t\t\t\t\t<div class=\"timeline-item__card-content\">\n\t\t\t\t\t<div class=\"timeline-item__meta\"><div class=\"timeline-item__meta-content\">Koloseum dzisiaj<\/div><\/div><h5 class=\"timeline-item__card-title\">Era nowoczesna i wsp\u00f3\u0142czesna (XX i XXI wiek)<\/h5><div class=\"timeline-item__card-desc\">Dzi\u015b Koloseum jest jednym z najcz\u0119\u015bciej odwiedzanych zabytk\u00f3w na \u015bwiecie, ikon\u0105 w\u0142oskiej kultury i symbolem odporno\u015bci Rzymu. Ka\u017cdego roku inspiruje miliony ludzi dzi\u0119ki swojej imponuj\u0105cej strukturze i fascynuj\u0105cej historii na przestrzeni wiek\u00f3w. Koloseum to co\u015b wi\u0119cej ni\u017c tylko stanowisko archeologiczne; to \u017cywe \u015bwiadectwo historii, kultury i pomys\u0142owo\u015bci cywilizacji, kt\u00f3ra wyznaczy\u0142a bieg ludzko\u015bci.\n\nWizyta w Koloseum to podr\u00f3\u017c w czasie, zanurzenie si\u0119 w wielu historiach, od wspania\u0142o\u015bci staro\u017cytnego Rzymu po wyzwania wsp\u00f3\u0142czesno\u015bci. Pomimo zniszcze\u0144, trz\u0119sie\u0144 ziemi i stuleci zaniedba\u0144, ten majestatyczny amfiteatr wci\u0105\u017c stoi, milcz\u0105cy i imponuj\u0105cy \u015bwiadek przesz\u0142o\u015bci, kt\u00f3ra \u017cyje w tera\u017aniejszo\u015bci.<\/div>\t\t\t\t<\/div>\n\t\t\t\t\t\t<\/div>\n\t\t<div class=\"timeline-item__card-arrow\"><\/div>\n\t<\/div>\n\t<div class=\"timeline-item__point\"><div class=\"timeline-item__point-content timeline-item__point-content--icon\"><span class=\"jet-elements-icon\"><i aria-hidden=\"true\" class=\"fas fa-history\"><\/i><\/span><\/div><\/div><div class=\"timeline-item__meta\"><div class=\"timeline-item__meta-content\">Koloseum dzisiaj<\/div><\/div><\/div><\/div><\/div><\/div>\t\t<\/div>\n\t\t\t\t<\/div>\n\t\t\t\t\t<\/div>\n\t\t<\/div>\n\t\t\t\t\t<\/div>\n\t\t<\/section>\n\t\t\t\t<\/div>","protected":false},"excerpt":{"rendered":"<p>Historia Koloseum Wiele mo\u017cna powiedzie\u0107 o historii Koloseum na przestrzeni wiek\u00f3w, od jego budowy do zniszczenia. D\u0142ugi okres historyczny, podczas kt\u00f3rego Koloseum by\u0142o u\u017cywane i odnawiane wiele razy, na r\u00f3\u017cne sposoby, r\u00f3\u017cnymi metodami. Historie Koloseum, w rzeczywisto\u015bci, s\u0105 liczne i oznaczaj\u0105 r\u00f3\u017cne okresy [...]<\/p>","protected":false},"author":1,"featured_media":0,"parent":528,"menu_order":4,"comment_status":"closed","ping_status":"closed","template":"","meta":{"site-sidebar-layout":"no-sidebar","site-content-layout":"page-builder","ast-site-content-layout":"full-width-container","site-content-style":"unboxed","site-sidebar-style":"unboxed","ast-global-header-display":"","ast-banner-title-visibility":"","ast-main-header-display":"","ast-hfb-above-header-display":"","ast-hfb-below-header-display":"","ast-hfb-mobile-header-display":"","site-post-title":"disabled","ast-breadcrumbs-content":"","ast-featured-img":"disabled","footer-sml-layout":"","ast-disable-related-posts":"","theme-transparent-header-meta":"default","adv-header-id-meta":"","stick-header-meta":"","header-above-stick-meta":"","header-main-stick-meta":"","header-below-stick-meta":"","astra-migrate-meta-layouts":"set","ast-page-background-enabled":"default","ast-page-background-meta":{"desktop":{"background-color":"var(--ast-global-color-4)","background-image":"","background-repeat":"repeat","background-position":"center center","background-size":"auto","background-attachment":"scroll","background-type":"","background-media":"","overlay-type":"","overlay-color":"","overlay-opacity":"","overlay-gradient":""},"tablet":{"background-color":"","background-image":"","background-repeat":"repeat","background-position":"center center","background-size":"auto","background-attachment":"scroll","background-type":"","background-media":"","overlay-type":"","overlay-color":"","overlay-opacity":"","overlay-gradient":""},"mobile":{"background-color":"","background-image":"","background-repeat":"repeat","background-position":"center center","background-size":"auto","background-attachment":"scroll","background-type":"","background-media":"","overlay-type":"","overlay-color":"","overlay-opacity":"","overlay-gradient":""}},"ast-content-background-meta":{"desktop":{"background-color":"var(--ast-global-color-5)","background-image":"","background-repeat":"repeat","background-position":"center center","background-size":"auto","background-attachment":"scroll","background-type":"","background-media":"","overlay-type":"","overlay-color":"","overlay-opacity":"","overlay-gradient":""},"tablet":{"background-color":"var(--ast-global-color-5)","background-image":"","background-repeat":"repeat","background-position":"center center","background-size":"auto","background-attachment":"scroll","background-type":"","background-media":"","overlay-type":"","overlay-color":"","overlay-opacity":"","overlay-gradient":""},"mobile":{"background-color":"var(--ast-global-color-5)","background-image":"","background-repeat":"repeat","background-position":"center center","background-size":"auto","background-attachment":"scroll","background-type":"","background-media":"","overlay-type":"","overlay-color":"","overlay-opacity":"","overlay-gradient":""}},"iawp_total_views":4963,"footnotes":""},"class_list":["post-541","page","type-page","status-publish","hentry"],"_links":{"self":[{"href":"https:\/\/colosseo-roma.it\/pl\/wp-json\/wp\/v2\/pages\/541","targetHints":{"allow":["GET"]}}],"collection":[{"href":"https:\/\/colosseo-roma.it\/pl\/wp-json\/wp\/v2\/pages"}],"about":[{"href":"https:\/\/colosseo-roma.it\/pl\/wp-json\/wp\/v2\/types\/page"}],"author":[{"embeddable":true,"href":"https:\/\/colosseo-roma.it\/pl\/wp-json\/wp\/v2\/users\/1"}],"replies":[{"embeddable":true,"href":"https:\/\/colosseo-roma.it\/pl\/wp-json\/wp\/v2\/comments?post=541"}],"version-history":[{"count":0,"href":"https:\/\/colosseo-roma.it\/pl\/wp-json\/wp\/v2\/pages\/541\/revisions"}],"up":[{"embeddable":true,"href":"https:\/\/colosseo-roma.it\/pl\/wp-json\/wp\/v2\/pages\/528"}],"wp:attachment":[{"href":"https:\/\/colosseo-roma.it\/pl\/wp-json\/wp\/v2\/media?parent=541"}],"curies":[{"name":"wp","href":"https:\/\/api.w.org\/{rel}","templated":true}]}}