{"id":551,"date":"2023-03-28T09:21:21","date_gmt":"2023-03-28T08:21:21","guid":{"rendered":"https:\/\/wordpress-1074717-3818660.cloudwaysapps.com\/?page_id=551"},"modified":"2026-01-26T16:51:32","modified_gmt":"2026-01-26T15:51:32","slug":"muzeum-palatynskie","status":"publish","type":"page","link":"https:\/\/colosseo-roma.it\/pl\/odkrywac\/muzeum-palatynskie\/","title":{"rendered":"Muzeum Palaty\u0144skie"},"content":{"rendered":"<div data-elementor-type=\"wp-page\" data-elementor-id=\"551\" class=\"elementor elementor-551\" data-elementor-post-type=\"page\">\n\t\t\t\t\t\t<section class=\"elementor-section elementor-top-section elementor-element elementor-element-19ebf5d elementor-section-boxed elementor-section-height-default elementor-section-height-default\" data-id=\"19ebf5d\" data-element_type=\"section\" data-settings=\"{&quot;jet_parallax_layout_list&quot;:[],&quot;ekit_has_onepagescroll_dot&quot;:&quot;yes&quot;}\">\n\t\t\t\t\t\t<div class=\"elementor-container elementor-column-gap-default\">\n\t\t\t\t\t<div class=\"elementor-column elementor-col-100 elementor-top-column elementor-element elementor-element-a5b5be8\" data-id=\"a5b5be8\" data-element_type=\"column\" data-settings=\"{&quot;background_background&quot;:&quot;classic&quot;}\">\n\t\t\t<div class=\"elementor-widget-wrap elementor-element-populated\">\n\t\t\t\t\t\t<div class=\"elementor-element elementor-element-3e68570 elementor-widget elementor-widget-heading\" data-id=\"3e68570\" data-element_type=\"widget\" data-settings=\"{&quot;ekit_we_effect_on&quot;:&quot;none&quot;}\" data-widget_type=\"heading.default\">\n\t\t\t\t<div class=\"elementor-widget-container\">\n\t\t\t<h1 class=\"elementor-heading-title elementor-size-default\">Muzeum Palaty\u0144skie<\/h1>\t\t<\/div>\n\t\t\t\t<\/div>\n\t\t\t\t<div class=\"elementor-element elementor-element-8ed7262 elementor-widget elementor-widget-heading\" data-id=\"8ed7262\" data-element_type=\"widget\" data-settings=\"{&quot;ekit_we_effect_on&quot;:&quot;none&quot;}\" data-widget_type=\"heading.default\">\n\t\t\t\t<div class=\"elementor-widget-container\">\n\t\t\t<h4 class=\"elementor-heading-title elementor-size-default\">Odwied\u017a Muzeum Palaty\u0144skie<\/h4>\t\t<\/div>\n\t\t\t\t<\/div>\n\t\t\t\t<div class=\"elementor-element elementor-element-3d53991 elementor-widget elementor-widget-text-editor\" data-id=\"3d53991\" data-element_type=\"widget\" data-settings=\"{&quot;ekit_we_effect_on&quot;:&quot;none&quot;}\" data-widget_type=\"text-editor.default\">\n\t\t\t\t<div class=\"elementor-widget-container\">\n\t\t\t\t\t\t\t<p>Muzeum Palaty\u0144skie, znajduj\u0105ce si\u0119 w dawnym klasztorze si\u00f3str wizytek, jest jednym z najwa\u017cniejszych i najbardziej imponuj\u0105cych muze\u00f3w w Rzymie. Zbudowane na szczycie wzg\u00f3rza Palatyn, muzeum mie\u015bci liczne znaleziska archeologiczne, kt\u00f3re opowiadaj\u0105 histori\u0119 miasta od pocz\u0105tk\u00f3w Rzymu do nadej\u015bcia Ksi\u0119stwa.<\/p>\t\t\t\t\t\t<\/div>\n\t\t\t\t<\/div>\n\t\t\t\t<div class=\"elementor-element elementor-element-5af4a50 elementor-widget elementor-widget-text-editor\" data-id=\"5af4a50\" data-element_type=\"widget\" data-settings=\"{&quot;ekit_we_effect_on&quot;:&quot;none&quot;}\" data-widget_type=\"text-editor.default\">\n\t\t\t\t<div class=\"elementor-widget-container\">\n\t\t\t\t\t\t\t<p>Muzeum ma dwa pi\u0119tra: na parterze znajduj\u0105 si\u0119 pomieszczenia, w kt\u00f3rych zachowa\u0142y si\u0119 oryginalne struktury istniej\u0105cego wcze\u015bniej domus, gdzie opowiadana jest historia Wzg\u00f3rza Palaty\u0144skiego. Z kolei na pierwszym pi\u0119trze mo\u017cna podziwia\u0107 liczne eksponaty, w tym artefakty z czas\u00f3w Augusta, cesarza, kt\u00f3ry jako pierwszy zmieni\u0142 wygl\u0105d Wzg\u00f3rza Palaty\u0144skiego, oraz mozaiki i cenne obrazy z Domus Transitoria Nerona.<\/p><p>Muzeum zosta\u0142o za\u0142o\u017cone w 1868 roku na pozosta\u0142o\u015bciach pa\u0142acu Domicjana, a w latach trzydziestych XX wieku archeolog Alfonso Bartoli za\u0142o\u017cy\u0142 nowe Antykwarium Palaty\u0144skie. Dzi\u0119ki jego inicjatywom muzeum zosta\u0142o ponownie utworzone i ulepszone pod wzgl\u0119dem u\u017cyteczno\u015bci, r\u00f3wnie\u017c dzi\u0119ki instalacjom multimedialnym, z okazji Dwusetlecia Augusta.<\/p><p>Podczas II wojny \u015bwiatowej wiele materia\u0142\u00f3w znalezionych podczas licznych wykopalisk, kt\u00f3re mia\u0142y miejsce na Wzg\u00f3rzu Palaty\u0144skim od drugiej po\u0142owy XIX wieku, zosta\u0142o przeniesionych do Muzeum \u0141a\u017ani Dioklecjana. Tylko niewielka cz\u0119\u015b\u0107 kolekcji ostatecznie powr\u00f3ci\u0142a na Palatyn po zako\u0144czeniu konfliktu.<\/p><p>Dla tych, kt\u00f3rzy chc\u0105 pozna\u0107 histori\u0119 Rzymu i Wzg\u00f3rza Palaty\u0144skiego, muzeum oferuje bardzo interesuj\u0105c\u0105 i ekscytuj\u0105c\u0105 wizyt\u0119. Pi\u0119kno eksponat\u00f3w i sugestywna lokalizacja muzeum sprawiaj\u0105, \u017ce zwiedzanie jest niezwykle atrakcyjne i wci\u0105gaj\u0105ce.<\/p>\t\t\t\t\t\t<\/div>\n\t\t\t\t<\/div>\n\t\t\t\t<div class=\"elementor-element elementor-element-2187982 elementor-widget elementor-widget-heading\" data-id=\"2187982\" data-element_type=\"widget\" data-settings=\"{&quot;ekit_we_effect_on&quot;:&quot;none&quot;}\" data-widget_type=\"heading.default\">\n\t\t\t\t<div class=\"elementor-widget-container\">\n\t\t\t<h5 class=\"elementor-heading-title elementor-size-default\">Godziny otwarcia Muzeum Palaty\u0144skiego:<\/h5>\t\t<\/div>\n\t\t\t\t<\/div>\n\t\t\t\t<div class=\"elementor-element elementor-element-0d1a3ce elementor-widget elementor-widget-text-editor\" data-id=\"0d1a3ce\" data-element_type=\"widget\" data-settings=\"{&quot;ekit_we_effect_on&quot;:&quot;none&quot;}\" data-widget_type=\"text-editor.default\">\n\t\t\t\t<div class=\"elementor-widget-container\">\n\t\t\t\t\t\t\t<p>Muzeum jest otwarte od 9:30 do 15:30. Ostatni wst\u0119p o 3 po po\u0142udniu.<\/p>\t\t\t\t\t\t<\/div>\n\t\t\t\t<\/div>\n\t\t\t\t<div class=\"elementor-element elementor-element-521910f elementor-widget elementor-widget-heading\" data-id=\"521910f\" data-element_type=\"widget\" data-settings=\"{&quot;ekit_we_effect_on&quot;:&quot;none&quot;}\" data-widget_type=\"heading.default\">\n\t\t\t\t<div class=\"elementor-widget-container\">\n\t\t\t<h5 class=\"elementor-heading-title elementor-size-default\">Jak dosta\u0107 si\u0119 do Muzeum Palaty\u0144skiego:<\/h5>\t\t<\/div>\n\t\t\t\t<\/div>\n\t\t\t\t<div class=\"elementor-element elementor-element-089a9ea elementor-widget elementor-widget-text-editor\" data-id=\"089a9ea\" data-element_type=\"widget\" data-settings=\"{&quot;ekit_we_effect_on&quot;:&quot;none&quot;}\" data-widget_type=\"text-editor.default\">\n\t\t\t\t<div class=\"elementor-widget-container\">\n\t\t\t\t\t\t\t<p>Metro: Linia B, przystanek Colosseo<\/p><p>Autobusy: nr 75, 81, 87, 673, 175, 204<\/p><p>Tramwaj: nr 3<\/p>\t\t\t\t\t\t<\/div>\n\t\t\t\t<\/div>\n\t\t\t\t<div class=\"elementor-element elementor-element-af008be elementor-widget elementor-widget-heading\" data-id=\"af008be\" data-element_type=\"widget\" data-settings=\"{&quot;ekit_we_effect_on&quot;:&quot;none&quot;}\" data-widget_type=\"heading.default\">\n\t\t\t\t<div class=\"elementor-widget-container\">\n\t\t\t<h5 class=\"elementor-heading-title elementor-size-default\">Jak si\u0119 tam dosta\u0107:<\/h5>\t\t<\/div>\n\t\t\t\t<\/div>\n\t\t\t\t<div class=\"elementor-element elementor-element-fa104ab elementor-widget elementor-widget-text-editor\" data-id=\"fa104ab\" data-element_type=\"widget\" data-settings=\"{&quot;ekit_we_effect_on&quot;:&quot;none&quot;}\" data-widget_type=\"text-editor.default\">\n\t\t\t\t<div class=\"elementor-widget-container\">\n\t\t\t\t\t\t\t<p>-Tramwaj: nr 3<\/p><p>-Metro: linia B, przystanek Colosseo<\/p><p>-Autobusy: nr 51, 75, 81, 85, 87, 118<\/p>\t\t\t\t\t\t<\/div>\n\t\t\t\t<\/div>\n\t\t\t\t<div class=\"elementor-element elementor-element-79a3ab9 elementor-widget elementor-widget-spacer\" data-id=\"79a3ab9\" data-element_type=\"widget\" data-settings=\"{&quot;ekit_we_effect_on&quot;:&quot;none&quot;}\" data-widget_type=\"spacer.default\">\n\t\t\t\t<div class=\"elementor-widget-container\">\n\t\t\t\t\t<div class=\"elementor-spacer\">\n\t\t\t<div class=\"elementor-spacer-inner\"><\/div>\n\t\t<\/div>\n\t\t\t\t<\/div>\n\t\t\t\t<\/div>\n\t\t\t\t<div class=\"elementor-element elementor-element-7aa5fc7 elementor-widget elementor-widget-heading\" data-id=\"7aa5fc7\" data-element_type=\"widget\" data-settings=\"{&quot;ekit_we_effect_on&quot;:&quot;none&quot;}\" data-widget_type=\"heading.default\">\n\t\t\t\t<div class=\"elementor-widget-container\">\n\t\t\t<h3 class=\"elementor-heading-title elementor-size-default\">Recenzje<\/h3>\t\t<\/div>\n\t\t\t\t<\/div>\n\t\t<div class=\"elementor-element elementor-element-df5c899 e-flex e-con-boxed e-con e-parent\" data-id=\"df5c899\" data-element_type=\"container\" data-settings=\"{&quot;jet_parallax_layout_list&quot;:[],&quot;ekit_has_onepagescroll_dot&quot;:&quot;yes&quot;}\">\n\t\t\t\t\t<div class=\"e-con-inner\">\n\t\t\t\t<div class=\"elementor-element elementor-element-39b3c22 elementor-widget elementor-widget-jet-carousel\" data-id=\"39b3c22\" data-element_type=\"widget\" data-settings=\"{&quot;slides_to_show&quot;:&quot;3&quot;,&quot;slides_to_scroll&quot;:&quot;3&quot;,&quot;slides_to_show_tablet&quot;:&quot;2&quot;,&quot;slides_to_show_mobile&quot;:&quot;1&quot;,&quot;slides_to_scroll_tablet&quot;:&quot;2&quot;,&quot;slides_to_scroll_mobile&quot;:&quot;1&quot;,&quot;ekit_we_effect_on&quot;:&quot;none&quot;}\" data-widget_type=\"jet-carousel.default\">\n\t\t\t\t<div class=\"elementor-widget-container\">\n\t\t\t<div class=\"elementor-jet-carousel jet-elements\"><div class=\"jet-carousel-wrap jet-equal-cols\">\n\t<div class=\"jet-carousel\" data-slider_options=\"{&quot;autoplaySpeed&quot;:5000,&quot;autoplay&quot;:true,&quot;infinite&quot;:true,&quot;centerMode&quot;:false,&quot;centerPadding&quot;:&quot;50px&quot;,&quot;pauseOnHover&quot;:false,&quot;speed&quot;:500,&quot;arrows&quot;:true,&quot;dots&quot;:false,&quot;variableWidth&quot;:false,&quot;prevArrow&quot;:&quot;.jet-carousel__prev-arrow-39b3c22&quot;,&quot;nextArrow&quot;:&quot;.jet-carousel__next-arrow-39b3c22&quot;,&quot;rtl&quot;:false,&quot;fractionNav&quot;:false}\" dir=\"ltr\">\n\t<div class=\"elementor-slick-slider\">\n\n<div class=\"jet-carousel__item\">\n\t<div class=\"jet-carousel__item-inner\"><div class=\"jet-carousel__content\"><h5 class=\"jet-carousel__item-title\"><\/h5><div class=\"jet-carousel__item-text\"><p>Muzeum Palaty\u0144skie by\u0142o prawdziw\u0105 niespodziank\u0105: ilo\u015b\u0107 eksponat\u00f3w jest po prostu niesamowita, a opowiedziana historia jest bardzo interesuj\u0105ca. Gor\u0105co polecam odwiedzenie tego muzeum, je\u015bli jeste\u015b pasjonatem archeologii i historii staro\u017cytnej\". - Marco, 35 lat.<\/p><\/div><\/div><\/div>\n<\/div>\n\n<div class=\"jet-carousel__item\">\n\t<div class=\"jet-carousel__item-inner\"><div class=\"jet-carousel__content\"><h5 class=\"jet-carousel__item-title\"><\/h5><div class=\"jet-carousel__item-text\"><p>Rzymskie Muzeum Narodowe jest jednym z najbardziej imponuj\u0105cych miejsc w Rzymie: atmosfera stworzona przez sale i wystawy jest po prostu magiczna. Ponadto instalacje multimedialne dodaj\u0105 wa\u017cny element technologiczny, czyni\u0105c zwiedzanie jeszcze bardziej wci\u0105gaj\u0105cym i immersyjnym\". - Sara, 27 lat.<\/p><\/div><\/div><\/div>\n<\/div>\n\n<div class=\"jet-carousel__item\">\n\t<div class=\"jet-carousel__item-inner\"><div class=\"jet-carousel__content\"><h5 class=\"jet-carousel__item-title\"><\/h5><div class=\"jet-carousel__item-text\"><p>\"Bardzo interesuj\u0105ca wizyta! Szczeg\u00f3lnie podoba\u0142a mi si\u0119 sekcja po\u015bwi\u0119cona czasom Augusta, z licznymi eksponatami, kt\u00f3re opowiadaj\u0105 o przekszta\u0142ceniu Wzg\u00f3rza Palaty\u0144skiego w rezydencj\u0119 cesarsk\u0105. Personel jest bardzo profesjonalny i pomocny.\" - Giovanni, 43.<\/p><\/div><\/div><\/div>\n<\/div>\n\n<div class=\"jet-carousel__item\">\n\t<div class=\"jet-carousel__item-inner\"><div class=\"jet-carousel__content\"><h5 class=\"jet-carousel__item-title\"><\/h5><div class=\"jet-carousel__item-text\"><p>\"Odwiedzi\u0142em Muzeum Palaty\u0144skie z moj\u0105 rodzin\u0105 i musz\u0119 powiedzie\u0107, \u017ce by\u0142 to wielki sukces: kolekcja jest bardzo du\u017ca i odpowiednia dla wszystkich grup wiekowych. Moje dzieci uwielbia\u0142y mozaiki i obrazy z Domus Transitoria Nerona, podczas gdy mnie bardzo podoba\u0142a si\u0119 graficzna rekonstrukcja staro\u017cytnego Rzymu\". - Maria, 38 lat.<\/p><\/div><\/div><\/div>\n<\/div>\n\n<div class=\"jet-carousel__item\">\n\t<div class=\"jet-carousel__item-inner\"><div class=\"jet-carousel__content\"><h5 class=\"jet-carousel__item-title\"><\/h5><div class=\"jet-carousel__item-text\"><p>\"Muzeum Palaty\u0144skie to obowi\u0105zkowy punkt dla wszystkich turyst\u00f3w odwiedzaj\u0105cych Rzym. Kolekcja jest bardzo interesuj\u0105ca i niezwykle dobrze wyselekcjonowana, idealna dla tych, kt\u00f3rzy chc\u0105 zanurzy\u0107 si\u0119 w historii staro\u017cytnego Rzymu. Ponadto lokalizacja jest wyj\u0105tkowa, tu\u017c przy Wzg\u00f3rzu Palaty\u0144skim, z kt\u00f3rego roztacza si\u0119 wspania\u0142y widok na miasto\". - Andrea, 29 lat.<\/p><\/div><\/div><\/div>\n<\/div>\n<\/div><div class=\"jet-carousel__prev-arrow-39b3c22 jet-arrow prev-arrow\"><i aria-hidden=\"true\" class=\"fal fa-chevron-left\"><\/i><\/div><div class=\"jet-carousel__next-arrow-39b3c22 jet-arrow next-arrow\"><i aria-hidden=\"true\" class=\"fal fa-chevron-right\"><\/i><\/div><\/div>\n<\/div>\n<\/div>\t\t<\/div>\n\t\t\t\t<\/div>\n\t\t\t\t\t<\/div>\n\t\t\t\t<\/div>\n\t\t\t\t\t<\/div>\n\t\t<\/div>\n\t\t\t\t\t<\/div>\n\t\t<\/section>\n\t\t\t\t<\/div>","protected":false},"excerpt":{"rendered":"<p>Muzeum Palaty\u0144skie Odwied\u017a Muzeum Palaty\u0144skie Muzeum Palaty\u0144skie, znajduj\u0105ce si\u0119 w dawnym klasztorze si\u00f3str wizytek, jest jednym z najwa\u017cniejszych i najbardziej imponuj\u0105cych muze\u00f3w w Rzymie. Zbudowane na szczycie wzg\u00f3rza Palatyn, muzeum mie\u015bci liczne znaleziska archeologiczne, kt\u00f3re opowiadaj\u0105 histori\u0119 miasta od pocz\u0105tk\u00f3w Rzymu do nadej\u015bcia Ksi\u0119stwa. Muzeum jest [...]<\/p>","protected":false},"author":1,"featured_media":0,"parent":526,"menu_order":7,"comment_status":"closed","ping_status":"closed","template":"","meta":{"site-sidebar-layout":"no-sidebar","site-content-layout":"page-builder","ast-site-content-layout":"full-width-container","site-content-style":"unboxed","site-sidebar-style":"unboxed","ast-global-header-display":"","ast-banner-title-visibility":"","ast-main-header-display":"","ast-hfb-above-header-display":"","ast-hfb-below-header-display":"","ast-hfb-mobile-header-display":"","site-post-title":"disabled","ast-breadcrumbs-content":"","ast-featured-img":"disabled","footer-sml-layout":"","ast-disable-related-posts":"","theme-transparent-header-meta":"default","adv-header-id-meta":"","stick-header-meta":"","header-above-stick-meta":"","header-main-stick-meta":"","header-below-stick-meta":"","astra-migrate-meta-layouts":"default","ast-page-background-enabled":"default","ast-page-background-meta":{"desktop":{"background-color":"var(--ast-global-color-4)","background-image":"","background-repeat":"repeat","background-position":"center center","background-size":"auto","background-attachment":"scroll","background-type":"","background-media":"","overlay-type":"","overlay-color":"","overlay-opacity":"","overlay-gradient":""},"tablet":{"background-color":"","background-image":"","background-repeat":"repeat","background-position":"center center","background-size":"auto","background-attachment":"scroll","background-type":"","background-media":"","overlay-type":"","overlay-color":"","overlay-opacity":"","overlay-gradient":""},"mobile":{"background-color":"","background-image":"","background-repeat":"repeat","background-position":"center center","background-size":"auto","background-attachment":"scroll","background-type":"","background-media":"","overlay-type":"","overlay-color":"","overlay-opacity":"","overlay-gradient":""}},"ast-content-background-meta":{"desktop":{"background-color":"var(--ast-global-color-5)","background-image":"","background-repeat":"repeat","background-position":"center center","background-size":"auto","background-attachment":"scroll","background-type":"","background-media":"","overlay-type":"","overlay-color":"","overlay-opacity":"","overlay-gradient":""},"tablet":{"background-color":"var(--ast-global-color-5)","background-image":"","background-repeat":"repeat","background-position":"center center","background-size":"auto","background-attachment":"scroll","background-type":"","background-media":"","overlay-type":"","overlay-color":"","overlay-opacity":"","overlay-gradient":""},"mobile":{"background-color":"var(--ast-global-color-5)","background-image":"","background-repeat":"repeat","background-position":"center center","background-size":"auto","background-attachment":"scroll","background-type":"","background-media":"","overlay-type":"","overlay-color":"","overlay-opacity":"","overlay-gradient":""}},"iawp_total_views":930,"footnotes":""},"class_list":["post-551","page","type-page","status-publish","hentry"],"_links":{"self":[{"href":"https:\/\/colosseo-roma.it\/pl\/wp-json\/wp\/v2\/pages\/551","targetHints":{"allow":["GET"]}}],"collection":[{"href":"https:\/\/colosseo-roma.it\/pl\/wp-json\/wp\/v2\/pages"}],"about":[{"href":"https:\/\/colosseo-roma.it\/pl\/wp-json\/wp\/v2\/types\/page"}],"author":[{"embeddable":true,"href":"https:\/\/colosseo-roma.it\/pl\/wp-json\/wp\/v2\/users\/1"}],"replies":[{"embeddable":true,"href":"https:\/\/colosseo-roma.it\/pl\/wp-json\/wp\/v2\/comments?post=551"}],"version-history":[{"count":0,"href":"https:\/\/colosseo-roma.it\/pl\/wp-json\/wp\/v2\/pages\/551\/revisions"}],"up":[{"embeddable":true,"href":"https:\/\/colosseo-roma.it\/pl\/wp-json\/wp\/v2\/pages\/526"}],"wp:attachment":[{"href":"https:\/\/colosseo-roma.it\/pl\/wp-json\/wp\/v2\/media?parent=551"}],"curies":[{"name":"wp","href":"https:\/\/api.w.org\/{rel}","templated":true}]}}