{"id":552,"date":"2023-03-28T09:21:10","date_gmt":"2023-03-28T08:21:10","guid":{"rendered":"https:\/\/wordpress-1074717-3818660.cloudwaysapps.com\/?page_id=552"},"modified":"2026-01-26T16:51:36","modified_gmt":"2026-01-26T15:51:36","slug":"forum-rzymskie","status":"publish","type":"page","link":"https:\/\/colosseo-roma.it\/pl\/odkrywac\/forum-rzymskie\/","title":{"rendered":"Forum Romanum"},"content":{"rendered":"<div data-elementor-type=\"wp-page\" data-elementor-id=\"552\" class=\"elementor elementor-552\" data-elementor-post-type=\"page\">\n\t\t\t\t\t\t<section class=\"elementor-section elementor-top-section elementor-element elementor-element-b4d039c elementor-section-boxed elementor-section-height-default elementor-section-height-default\" data-id=\"b4d039c\" data-element_type=\"section\" data-settings=\"{&quot;jet_parallax_layout_list&quot;:[],&quot;ekit_has_onepagescroll_dot&quot;:&quot;yes&quot;}\">\n\t\t\t\t\t\t<div class=\"elementor-container elementor-column-gap-default\">\n\t\t\t\t\t<div class=\"elementor-column elementor-col-100 elementor-top-column elementor-element elementor-element-56abcc9\" data-id=\"56abcc9\" data-element_type=\"column\" data-settings=\"{&quot;background_background&quot;:&quot;classic&quot;}\">\n\t\t\t<div class=\"elementor-widget-wrap elementor-element-populated\">\n\t\t\t\t\t\t<div class=\"elementor-element elementor-element-c24f544 elementor-widget elementor-widget-heading\" data-id=\"c24f544\" data-element_type=\"widget\" data-settings=\"{&quot;ekit_we_effect_on&quot;:&quot;none&quot;}\" data-widget_type=\"heading.default\">\n\t\t\t\t<div class=\"elementor-widget-container\">\n\t\t\t<h1 class=\"elementor-heading-title elementor-size-default\">Forum Romanum<\/h1>\t\t<\/div>\n\t\t\t\t<\/div>\n\t\t\t\t<div class=\"elementor-element elementor-element-2e061c5 elementor-widget elementor-widget-text-editor\" data-id=\"2e061c5\" data-element_type=\"widget\" data-settings=\"{&quot;ekit_we_effect_on&quot;:&quot;none&quot;}\" data-widget_type=\"text-editor.default\">\n\t\t\t\t<div class=\"elementor-widget-container\">\n\t\t\t\t\t\t\t<p>Je\u015bli odwiedzasz Koloseum, nie mo\u017cesz przegapi\u0107 wizyty na Forum Romanum.<\/p>\t\t\t\t\t\t<\/div>\n\t\t\t\t<\/div>\n\t\t\t\t<div class=\"elementor-element elementor-element-c44be8a elementor-widget elementor-widget-heading\" data-id=\"c44be8a\" data-element_type=\"widget\" data-settings=\"{&quot;ekit_we_effect_on&quot;:&quot;none&quot;}\" data-widget_type=\"heading.default\">\n\t\t\t\t<div class=\"elementor-widget-container\">\n\t\t\t<h4 class=\"elementor-heading-title elementor-size-default\">Odwied\u017a Forum Romanum<\/h4>\t\t<\/div>\n\t\t\t\t<\/div>\n\t\t\t\t<div class=\"elementor-element elementor-element-96eaf34 elementor-widget elementor-widget-text-editor\" data-id=\"96eaf34\" data-element_type=\"widget\" data-settings=\"{&quot;ekit_we_effect_on&quot;:&quot;none&quot;}\" data-widget_type=\"text-editor.default\">\n\t\t\t\t<div class=\"elementor-widget-container\">\n\t\t\t\t\t\t\t<p><i>Wycieczka po forach cesarskich to wyj\u0105tkowe do\u015bwiadczenie pozwalaj\u0105ce pozna\u0107 staro\u017cytn\u0105 histori\u0119 Rzymu i jego zabytk\u00f3w.<\/i><\/p><p>Wycieczka trwa zwykle oko\u0142o dw\u00f3ch godzin, podczas kt\u00f3rych przechodzimy przez r\u00f3\u017cne place i ulice Forum Imperialnego i odwiedzamy Forum Romanum.  Zwykle wycieczka rozpoczyna si\u0119 w Koloseum, a stamt\u0105d przechodzimy przez park archeologiczny do Forum Romanum, gdzie odtwarzamy najwa\u017cniejsze wydarzenia \u017cycia publicznego w staro\u017cytnym Rzymie. Podczas wycieczki przewodnik skupia si\u0119 na g\u0142\u00f3wnych zabytkach Forum Romanum, w tym Kurii, Bazylice Aemilia, \u015awi\u0105tyni Saturna, Via Sacra i \u0141uku Tytusa, wyja\u015bniaj\u0105c ich histori\u0119 i znaczenie historyczne. Nast\u0119pnie wycieczka kontynuowana jest przez Fora Cesarskie, gdzie mo\u017cna podziwia\u0107 staro\u017cytne ruiny publicznych budynk\u00f3w i \u015bwi\u0105ty\u0144 Imperium. Tutaj przewodnik odkryje g\u0142\u00f3wne elementy architektoniczne For\u00f3w Cesarskich, takie jak wielka Kolumna Trajana i \u0141uk Septymiusza Sewera.<\/p>\t\t\t\t\t\t<\/div>\n\t\t\t\t<\/div>\n\t\t\t\t<div class=\"elementor-element elementor-element-2bb49d7 elementor-widget elementor-widget-heading\" data-id=\"2bb49d7\" data-element_type=\"widget\" data-settings=\"{&quot;ekit_we_effect_on&quot;:&quot;none&quot;}\" data-widget_type=\"heading.default\">\n\t\t\t\t<div class=\"elementor-widget-container\">\n\t\t\t<h4 class=\"elementor-heading-title elementor-size-default\">Park archeologiczny Koloseum<\/h4>\t\t<\/div>\n\t\t\t\t<\/div>\n\t\t\t\t<div class=\"elementor-element elementor-element-0b4f59b elementor-widget elementor-widget-heading\" data-id=\"0b4f59b\" data-element_type=\"widget\" data-settings=\"{&quot;ekit_we_effect_on&quot;:&quot;none&quot;}\" data-widget_type=\"heading.default\">\n\t\t\t\t<div class=\"elementor-widget-container\">\n\t\t\t<div class=\"elementor-heading-title elementor-size-default\">Co obejmuje park archeologiczny Koloseum?<\/div>\t\t<\/div>\n\t\t\t\t<\/div>\n\t\t\t\t<div class=\"elementor-element elementor-element-f4e93cf elementor-widget elementor-widget-text-editor\" data-id=\"f4e93cf\" data-element_type=\"widget\" data-settings=\"{&quot;ekit_we_effect_on&quot;:&quot;none&quot;}\" data-widget_type=\"text-editor.default\">\n\t\t\t\t<div class=\"elementor-widget-container\">\n\t\t\t\t\t\t\t<p>Park archeologiczny Koloseum, kt\u00f3ry obejmuje samo Koloseum, Amfiteatr Flawiusz\u00f3w, Forum Romanum i wiele innych miejsc, oferuje odwiedzaj\u0105cym z ca\u0142ego \u015bwiata kompleksowy wgl\u0105d w \u017cycie staro\u017cytnego Rzymu. Wizyta w tym parku archeologicznym daje mo\u017cliwo\u015b\u0107 bardziej szczeg\u00f3\u0142owego odkrycia \u017cycia Rzymian i ich sposobu \u017cycia w czasach \u015bwietno\u015bci imperium.<\/p>\t\t\t\t\t\t<\/div>\n\t\t\t\t<\/div>\n\t\t\t\t<div class=\"elementor-element elementor-element-01b86b5 elementor-widget elementor-widget-heading\" data-id=\"01b86b5\" data-element_type=\"widget\" data-settings=\"{&quot;ekit_we_effect_on&quot;:&quot;none&quot;}\" data-widget_type=\"heading.default\">\n\t\t\t\t<div class=\"elementor-widget-container\">\n\t\t\t<h5 class=\"elementor-heading-title elementor-size-default\">Godziny otwarcia:<\/h5>\t\t<\/div>\n\t\t\t\t<\/div>\n\t\t\t\t<div class=\"elementor-element elementor-element-8a2a6d7 elementor-widget elementor-widget-text-editor\" data-id=\"8a2a6d7\" data-element_type=\"widget\" data-settings=\"{&quot;ekit_we_effect_on&quot;:&quot;none&quot;}\" data-widget_type=\"text-editor.default\">\n\t\t\t\t<div class=\"elementor-widget-container\">\n\t\t\t\t\t\t\t<p>Czynne codziennie od poniedzia\u0142ku do niedzieli w godzinach 9.00-16.30.<\/p><p>Ostatnie wej\u015bcie na godzin\u0119 przed zamkni\u0119ciem.<\/p>\t\t\t\t\t\t<\/div>\n\t\t\t\t<\/div>\n\t\t\t\t<div class=\"elementor-element elementor-element-bc33079 elementor-widget elementor-widget-heading\" data-id=\"bc33079\" data-element_type=\"widget\" data-settings=\"{&quot;ekit_we_effect_on&quot;:&quot;none&quot;}\" data-widget_type=\"heading.default\">\n\t\t\t\t<div class=\"elementor-widget-container\">\n\t\t\t<h5 class=\"elementor-heading-title elementor-size-default\">Jak si\u0119 tam dosta\u0107<\/h5>\t\t<\/div>\n\t\t\t\t<\/div>\n\t\t\t\t<div class=\"elementor-element elementor-element-ab7f954 elementor-widget elementor-widget-text-editor\" data-id=\"ab7f954\" data-element_type=\"widget\" data-settings=\"{&quot;ekit_we_effect_on&quot;:&quot;none&quot;}\" data-widget_type=\"text-editor.default\">\n\t\t\t\t<div class=\"elementor-widget-container\">\n\t\t\t\t\t\t\t<p>-Forum Rzymskie: Largo della Salara Vecchia 5\/6<\/p><p>-Metro: linia B, przystanek Colosseo<\/p><p>-Autobusy: nr 51, 75, 81, 85, 87, 118<\/p>\t\t\t\t\t\t<\/div>\n\t\t\t\t<\/div>\n\t\t\t\t<div class=\"elementor-element elementor-element-bb64a1d elementor-widget elementor-widget-heading\" data-id=\"bb64a1d\" data-element_type=\"widget\" data-settings=\"{&quot;ekit_we_effect_on&quot;:&quot;none&quot;}\" data-widget_type=\"heading.default\">\n\t\t\t\t<div class=\"elementor-widget-container\">\n\t\t\t<h4 class=\"elementor-heading-title elementor-size-default\">Recenzje<\/h4>\t\t<\/div>\n\t\t\t\t<\/div>\n\t\t<div class=\"elementor-element elementor-element-6a94b40 e-flex e-con-boxed e-con e-parent\" data-id=\"6a94b40\" data-element_type=\"container\" data-settings=\"{&quot;jet_parallax_layout_list&quot;:[],&quot;ekit_has_onepagescroll_dot&quot;:&quot;yes&quot;}\">\n\t\t\t\t\t<div class=\"e-con-inner\">\n\t\t\t\t<div class=\"elementor-element elementor-element-6111cb4 elementor-widget elementor-widget-jet-carousel\" data-id=\"6111cb4\" data-element_type=\"widget\" data-settings=\"{&quot;slides_to_show&quot;:&quot;3&quot;,&quot;slides_to_scroll&quot;:&quot;3&quot;,&quot;slides_to_show_tablet&quot;:&quot;2&quot;,&quot;slides_to_show_mobile&quot;:&quot;1&quot;,&quot;slides_to_scroll_tablet&quot;:&quot;2&quot;,&quot;slides_to_scroll_mobile&quot;:&quot;1&quot;,&quot;ekit_we_effect_on&quot;:&quot;none&quot;}\" data-widget_type=\"jet-carousel.default\">\n\t\t\t\t<div class=\"elementor-widget-container\">\n\t\t\t<div class=\"elementor-jet-carousel jet-elements\"><div class=\"jet-carousel-wrap jet-equal-cols\">\n\t<div class=\"jet-carousel\" data-slider_options=\"{&quot;autoplaySpeed&quot;:5000,&quot;autoplay&quot;:true,&quot;infinite&quot;:true,&quot;centerMode&quot;:false,&quot;centerPadding&quot;:&quot;50px&quot;,&quot;pauseOnHover&quot;:false,&quot;speed&quot;:500,&quot;arrows&quot;:true,&quot;dots&quot;:false,&quot;variableWidth&quot;:false,&quot;prevArrow&quot;:&quot;.jet-carousel__prev-arrow-6111cb4&quot;,&quot;nextArrow&quot;:&quot;.jet-carousel__next-arrow-6111cb4&quot;,&quot;rtl&quot;:false,&quot;fractionNav&quot;:false}\" dir=\"ltr\">\n\t<div class=\"elementor-slick-slider\">\n\n<div class=\"jet-carousel__item\">\n\t<div class=\"jet-carousel__item-inner\"><div class=\"jet-carousel__content\"><h5 class=\"jet-carousel__item-title\"><\/h5><div class=\"jet-carousel__item-text\"><p>Forum Romanum to miejsce, kt\u00f3rego nie mo\u017cna przegapi\u0107 dla ka\u017cdego, kto chce dowiedzie\u0107 si\u0119 wi\u0119cej o wielko\u015bci staro\u017cytnego Rzymu. Pi\u0119kno i majestat jego zabytk\u00f3w sprawiaj\u0105, \u017ce wizyta jest wyj\u0105tkowym i niezapomnianym prze\u017cyciem.<\/p><\/div><\/div><\/div>\n<\/div>\n\n<div class=\"jet-carousel__item\">\n\t<div class=\"jet-carousel__item-inner\"><div class=\"jet-carousel__content\"><h5 class=\"jet-carousel__item-title\"><\/h5><div class=\"jet-carousel__item-text\"><p>Forum Romanum to magiczne miejsce, kt\u00f3re oferuje mo\u017cliwo\u015b\u0107 pe\u0142nego zanurzenia si\u0119 w \u017cyciu staro\u017cytnego Rzymu. Przewodnik, kt\u00f3ry towarzyszy\u0142 nam podczas wizyty, by\u0142 niezwykle kompetentny i przekazywa\u0142 informacje historyczne w anga\u017cuj\u0105cy i interesuj\u0105cy spos\u00f3b.<\/p><\/div><\/div><\/div>\n<\/div>\n\n<div class=\"jet-carousel__item\">\n\t<div class=\"jet-carousel__item-inner\"><div class=\"jet-carousel__content\"><h5 class=\"jet-carousel__item-title\"><\/h5><div class=\"jet-carousel__item-text\"><p>Zwiedzanie Forum Romanum by\u0142o jednym z najwa\u017cniejszych punkt\u00f3w moich wakacji w Rzymie. Podziwianie \u0141uku Tytusa i Kurii, w\u015br\u00f3d innych zabytk\u00f3w, sprawi\u0142o, \u017ce poczu\u0142em si\u0119 troch\u0119 jak w \u015brodku Imperium Rzymskiego.<\/p><\/div><\/div><\/div>\n<\/div>\n\n<div class=\"jet-carousel__item\">\n\t<div class=\"jet-carousel__item-inner\"><div class=\"jet-carousel__content\"><h5 class=\"jet-carousel__item-title\"><\/h5><div class=\"jet-carousel__item-text\"><p>Forum Romanum oferuje zapieraj\u0105cy dech w piersiach panoramiczny widok na miasto i jego histori\u0119. Szczeg\u00f3lnie widok na Kapitol by\u0142 jednym z najwa\u017cniejszych punkt\u00f3w wizyty.<\/p><\/div><\/div><\/div>\n<\/div>\n\n<div class=\"jet-carousel__item\">\n\t<div class=\"jet-carousel__item-inner\"><div class=\"jet-carousel__content\"><h5 class=\"jet-carousel__item-title\"><\/h5><div class=\"jet-carousel__item-text\"><p>Wizyta na Forum Romanum by\u0142a pouczaj\u0105cym i sugestywnym do\u015bwiadczeniem. Bycie otoczonym histori\u0105 staro\u017cytnego Rzymu sprawi\u0142o, \u017ce poczu\u0142em si\u0119 bardzo pokorny i da\u0142o mi ogromne poczucie szacunku dla wielko\u015bci rzymskiej cywilizacji i jej imperium.<\/p><\/div><\/div><\/div>\n<\/div>\n<\/div><div class=\"jet-carousel__prev-arrow-6111cb4 jet-arrow prev-arrow\"><i aria-hidden=\"true\" class=\"fal fa-chevron-left\"><\/i><\/div><div class=\"jet-carousel__next-arrow-6111cb4 jet-arrow next-arrow\"><i aria-hidden=\"true\" class=\"fal fa-chevron-right\"><\/i><\/div><\/div>\n<\/div>\n<\/div>\t\t<\/div>\n\t\t\t\t<\/div>\n\t\t\t\t\t<\/div>\n\t\t\t\t<\/div>\n\t\t\t\t\t<\/div>\n\t\t<\/div>\n\t\t\t\t\t<\/div>\n\t\t<\/section>\n\t\t\t\t<section class=\"elementor-section elementor-top-section elementor-element elementor-element-6ffcafb elementor-section-boxed elementor-section-height-default elementor-section-height-default\" data-id=\"6ffcafb\" data-element_type=\"section\" data-settings=\"{&quot;jet_parallax_layout_list&quot;:[],&quot;ekit_has_onepagescroll_dot&quot;:&quot;yes&quot;}\">\n\t\t\t\t\t\t<div class=\"elementor-container elementor-column-gap-default\">\n\t\t\t\t\t<div class=\"elementor-column elementor-col-100 elementor-top-column elementor-element elementor-element-0952dbf\" data-id=\"0952dbf\" data-element_type=\"column\">\n\t\t\t<div class=\"elementor-widget-wrap elementor-element-populated\">\n\t\t\t\t\t\t<section data-dce-background-image-url=\"https:\/\/colosseo-roma.it\/wp-content\/uploads\/2023\/03\/forum-romanum-archeological-site-in-rome-after-sunset.jpg\" class=\"elementor-section elementor-inner-section elementor-element elementor-element-9e257df elementor-section-height-min-height elementor-section-boxed elementor-section-height-default\" data-id=\"9e257df\" data-element_type=\"section\" data-settings=\"{&quot;jet_parallax_layout_list&quot;:[],&quot;background_background&quot;:&quot;classic&quot;,&quot;ekit_has_onepagescroll_dot&quot;:&quot;yes&quot;}\">\n\t\t\t\t\t\t<div class=\"elementor-container elementor-column-gap-default\">\n\t\t\t\t\t<div class=\"elementor-column elementor-col-100 elementor-inner-column elementor-element elementor-element-5474bf8\" data-id=\"5474bf8\" data-element_type=\"column\">\n\t\t\t<div class=\"elementor-widget-wrap\">\n\t\t\t\t\t\t\t<\/div>\n\t\t<\/div>\n\t\t\t\t\t<\/div>\n\t\t<\/section>\n\t\t\t\t\t<\/div>\n\t\t<\/div>\n\t\t\t\t\t<\/div>\n\t\t<\/section>\n\t\t\t\t<\/div>","protected":false},"excerpt":{"rendered":"<p>Forum Romanum Je\u015bli odwiedzasz Koloseum, nie mo\u017cesz przegapi\u0107 wizyty na Forum Romanum. Odwied\u017a Forum Romanum Wycieczka po Forum Imperialnym to wyj\u0105tkowe do\u015bwiadczenie, kt\u00f3re pozwala pozna\u0107 staro\u017cytn\u0105 histori\u0119 Rzymu i jego zabytk\u00f3w. Wycieczka trwa zwykle oko\u0142o dw\u00f3ch godzin, podczas kt\u00f3rych przechodzisz przez r\u00f3\u017cne place i ulice [...]<\/p>","protected":false},"author":1,"featured_media":0,"parent":526,"menu_order":8,"comment_status":"closed","ping_status":"closed","template":"","meta":{"site-sidebar-layout":"no-sidebar","site-content-layout":"page-builder","ast-site-content-layout":"full-width-container","site-content-style":"unboxed","site-sidebar-style":"unboxed","ast-global-header-display":"","ast-banner-title-visibility":"","ast-main-header-display":"","ast-hfb-above-header-display":"","ast-hfb-below-header-display":"","ast-hfb-mobile-header-display":"","site-post-title":"disabled","ast-breadcrumbs-content":"","ast-featured-img":"disabled","footer-sml-layout":"","ast-disable-related-posts":"","theme-transparent-header-meta":"default","adv-header-id-meta":"","stick-header-meta":"","header-above-stick-meta":"","header-main-stick-meta":"","header-below-stick-meta":"","astra-migrate-meta-layouts":"set","ast-page-background-enabled":"default","ast-page-background-meta":{"desktop":{"background-color":"var(--ast-global-color-4)","background-image":"","background-repeat":"repeat","background-position":"center center","background-size":"auto","background-attachment":"scroll","background-type":"","background-media":"","overlay-type":"","overlay-color":"","overlay-opacity":"","overlay-gradient":""},"tablet":{"background-color":"","background-image":"","background-repeat":"repeat","background-position":"center center","background-size":"auto","background-attachment":"scroll","background-type":"","background-media":"","overlay-type":"","overlay-color":"","overlay-opacity":"","overlay-gradient":""},"mobile":{"background-color":"","background-image":"","background-repeat":"repeat","background-position":"center center","background-size":"auto","background-attachment":"scroll","background-type":"","background-media":"","overlay-type":"","overlay-color":"","overlay-opacity":"","overlay-gradient":""}},"ast-content-background-meta":{"desktop":{"background-color":"var(--ast-global-color-5)","background-image":"","background-repeat":"repeat","background-position":"center center","background-size":"auto","background-attachment":"scroll","background-type":"","background-media":"","overlay-type":"","overlay-color":"","overlay-opacity":"","overlay-gradient":""},"tablet":{"background-color":"var(--ast-global-color-5)","background-image":"","background-repeat":"repeat","background-position":"center center","background-size":"auto","background-attachment":"scroll","background-type":"","background-media":"","overlay-type":"","overlay-color":"","overlay-opacity":"","overlay-gradient":""},"mobile":{"background-color":"var(--ast-global-color-5)","background-image":"","background-repeat":"repeat","background-position":"center center","background-size":"auto","background-attachment":"scroll","background-type":"","background-media":"","overlay-type":"","overlay-color":"","overlay-opacity":"","overlay-gradient":""}},"iawp_total_views":3618,"footnotes":""},"class_list":["post-552","page","type-page","status-publish","hentry"],"_links":{"self":[{"href":"https:\/\/colosseo-roma.it\/pl\/wp-json\/wp\/v2\/pages\/552","targetHints":{"allow":["GET"]}}],"collection":[{"href":"https:\/\/colosseo-roma.it\/pl\/wp-json\/wp\/v2\/pages"}],"about":[{"href":"https:\/\/colosseo-roma.it\/pl\/wp-json\/wp\/v2\/types\/page"}],"author":[{"embeddable":true,"href":"https:\/\/colosseo-roma.it\/pl\/wp-json\/wp\/v2\/users\/1"}],"replies":[{"embeddable":true,"href":"https:\/\/colosseo-roma.it\/pl\/wp-json\/wp\/v2\/comments?post=552"}],"version-history":[{"count":0,"href":"https:\/\/colosseo-roma.it\/pl\/wp-json\/wp\/v2\/pages\/552\/revisions"}],"up":[{"embeddable":true,"href":"https:\/\/colosseo-roma.it\/pl\/wp-json\/wp\/v2\/pages\/526"}],"wp:attachment":[{"href":"https:\/\/colosseo-roma.it\/pl\/wp-json\/wp\/v2\/media?parent=552"}],"curies":[{"name":"wp","href":"https:\/\/api.w.org\/{rel}","templated":true}]}}