{"id":5833,"date":"2024-10-02T13:03:07","date_gmt":"2024-10-02T12:03:07","guid":{"rendered":"https:\/\/colosseo-roma.it\/?page_id=5833"},"modified":"2024-10-02T13:18:50","modified_gmt":"2024-10-02T12:18:50","slug":"mapa-strony","status":"publish","type":"page","link":"https:\/\/colosseo-roma.it\/pl\/mapa-strony\/","title":{"rendered":"Sitemap"},"content":{"rendered":"<div class=\"wshs-post-simple-list full-layout\"><h2>Mapa strony<\/h2><ul><li><a href=\"https:\/\/colosseo-roma.it\/pl\/koloseum-tour-adv\/\" title=\"Koloseum Tour Adv\">Koloseum Tour Adv<\/a><ul class=\"children\" ><li><a href=\"https:\/\/colosseo-roma.it\/pl\/koloseum-tour-adv\/koloseum-arena-gladiatorzy-wzgorze-palatyn-rzymskie-forum\/\" title=\"Koloseum + Arena Gladiator\u00f3w + Wzg\u00f3rze Palaty\u0144skie + Forum Romanum\">Koloseum + Arena Gladiator\u00f3w + Wzg\u00f3rze Palaty\u0144skie + Forum Romanum<\/a><\/li><li><a href=\"https:\/\/colosseo-roma.it\/pl\/koloseum-tour-adv\/koloseum-wzgorze-palatynskie-forum-rzymskie\/\" title=\"Koloseum + Wzg\u00f3rze Palaty\u0144skie + Forum Romanum\">Koloseum + Wzg\u00f3rze Palaty\u0144skie + Forum Romanum<\/a><\/li><li><a href=\"https:\/\/colosseo-roma.it\/pl\/koloseum-tour-adv\/koloseum-arena-gladiatorow-podziemia\/\" title=\"Koloseum + Arena Gladiator\u00f3w + Podziemia\">Koloseum + Arena Gladiator\u00f3w + Podziemia<\/a><\/li><li><a href=\"https:\/\/colosseo-roma.it\/pl\/koloseum-tour-adv\/coliseum-arena-express\/\" title=\"Colosseum Arena Express\">Colosseum Arena Express<\/a><\/li><\/ul><\/li><li><a href=\"https:\/\/colosseo-roma.it\/pl\/kategoria\/\" title=\"KATEGORIA\">KATEGORIA<\/a><\/li><li><a href=\"https:\/\/colosseo-roma.it\/pl\/kim-jestesmy\/\" title=\"O nas\">O nas<\/a><\/li><li><a href=\"https:\/\/colosseo-roma.it\/pl\/rzymianie\/\" title=\"Rzymianie\">Rzymianie<\/a><ul class=\"children\" ><li><a href=\"https:\/\/colosseo-roma.it\/pl\/rzymianie\/gotowanie\/\" title=\"Kuchnia\">Kuchnia<\/a><\/li><li><a href=\"https:\/\/colosseo-roma.it\/pl\/rzymianie\/dynastie\/\" title=\"Dynastie\">Dynastie<\/a><ul class=\"children\" ><li><a href=\"https:\/\/colosseo-roma.it\/pl\/rzymianie\/dynastie\/dynastia-flawijska\/\" title=\"Dynastia Flawiusz\u00f3w\">Dynastia Flawiusz\u00f3w<\/a><\/li><li><a href=\"https:\/\/colosseo-roma.it\/pl\/rzymianie\/dynastie\/dynastia-julio-claudia\/\" title=\"Dynastia julijsko-klaudyjska\">Dynastia julijsko-klaudyjska<\/a><\/li><\/ul><\/li><li><a href=\"https:\/\/colosseo-roma.it\/pl\/rzymianie\/zabytki-imperium-rzymskie\/\" title=\"Zabytki Imperium Rzymskiego\">Zabytki Imperium Rzymskiego<\/a><ul class=\"children\" ><li><a href=\"https:\/\/colosseo-roma.it\/pl\/rzymianie\/zabytki-imperium-rzymskie\/villa-adriana\/\" title=\"Willa Hadriana\">Willa Hadriana<\/a><\/li><li><a href=\"https:\/\/colosseo-roma.it\/pl\/rzymianie\/zabytki-imperium-rzymskie\/pompeje-i-ercolano\/\" title=\"Pompeje i Herkulanum\">Pompeje i Herkulanum<\/a><\/li><li><a href=\"https:\/\/colosseo-roma.it\/pl\/rzymianie\/zabytki-imperium-rzymskie\/arena-w-weronie\/\" title=\"Arena w Weronie\">Arena w Weronie<\/a><\/li><\/ul><\/li><li><a href=\"https:\/\/colosseo-roma.it\/pl\/rzymianie\/zabytki-rzymu\/\" title=\"Zabytki Rzymu\">Zabytki Rzymu<\/a><ul class=\"children\" ><li><a href=\"https:\/\/colosseo-roma.it\/pl\/rzymianie\/zabytki-rzymu\/cyrk-maximus\/\" title=\"Circus Maximus\">Circus Maximus<\/a><\/li><li><a href=\"https:\/\/colosseo-roma.it\/pl\/rzymianie\/zabytki-rzymu\/luk-septimiusa-severusa\/\" title=\"\u0141uk Septymiusza Sewera\">\u0141uk Septymiusza Sewera<\/a><\/li><li><a href=\"https:\/\/colosseo-roma.it\/pl\/rzymianie\/zabytki-rzymu\/titus-arch\/\" title=\"Titus Arch\">Titus Arch<\/a><\/li><li><a href=\"https:\/\/colosseo-roma.it\/pl\/rzymianie\/zabytki-rzymu\/kolumna-trajana\/\" title=\"Kolumna Trajana\">Kolumna Trajana<\/a><\/li><li><a href=\"https:\/\/colosseo-roma.it\/pl\/rzymianie\/zabytki-rzymu\/kolumna-marka-aureliusza\/\" title=\"Kolumna Marka Aureliusza\">Kolumna Marka Aureliusza<\/a><\/li><\/ul><\/li><li><a href=\"https:\/\/colosseo-roma.it\/pl\/rzymianie\/gladiatorzy\/\" title=\"Gladiatorzy\">Gladiatorzy<\/a><\/li><li><a href=\"https:\/\/colosseo-roma.it\/pl\/rzymianie\/drogi\/\" title=\"Drogi\">Drogi<\/a><ul class=\"children\" ><li><a href=\"https:\/\/colosseo-roma.it\/pl\/rzymianie\/drogi\/via-salaria\/\" title=\"Via Salaria\">Via Salaria<\/a><\/li><li><a href=\"https:\/\/colosseo-roma.it\/pl\/rzymianie\/drogi\/przez-cassia\/\" title=\"Via Cassia\">Via Cassia<\/a><\/li><li><a href=\"https:\/\/colosseo-roma.it\/pl\/rzymianie\/drogi\/via-appia-antica\/\" title=\"Via Appia Antica\">Via Appia Antica<\/a><\/li><li><a href=\"https:\/\/colosseo-roma.it\/pl\/rzymianie\/drogi\/via-clodia\/\" title=\"Via Clodia\">Via Clodia<\/a><\/li><li><a href=\"https:\/\/colosseo-roma.it\/pl\/rzymianie\/drogi\/przez-aurelie\/\" title=\"Via Aurelia\">Via Aurelia<\/a><\/li><li><a href=\"https:\/\/colosseo-roma.it\/pl\/rzymianie\/drogi\/przez-emilie\/\" title=\"Via Emilia\">Via Emilia<\/a><\/li><\/ul><\/li><li><a href=\"https:\/\/colosseo-roma.it\/pl\/rzymianie\/ludus\/\" title=\"Ludus\">Ludus<\/a><\/li><\/ul><\/li><li><a href=\"https:\/\/colosseo-roma.it\/pl\/wycieczka-z-przewodnikiem\/\" title=\"Wycieczki z przewodnikiem\">Wycieczki z przewodnikiem<\/a><ul class=\"children\" ><li><a href=\"https:\/\/colosseo-roma.it\/pl\/wycieczka-z-przewodnikiem\/rejsy-po-tybrze\/\" title=\"Rejsy po Tybrze\">Rejsy po Tybrze<\/a><\/li><li><a href=\"https:\/\/colosseo-roma.it\/pl\/wycieczka-z-przewodnikiem\/wycieczki-gastronomiczne-po-rzymie\/\" title=\"Wycieczki gastronomiczne po Rzymie\">Wycieczki gastronomiczne po Rzymie<\/a><\/li><li><a href=\"https:\/\/colosseo-roma.it\/pl\/wycieczka-z-przewodnikiem\/wycieczka-z-degustacja-wina\/\" title=\"Degustacja wina\">Degustacja wina<\/a><\/li><li><a href=\"https:\/\/colosseo-roma.it\/pl\/wycieczka-z-przewodnikiem\/katakumby-i-podziemne-wycieczki\/\" title=\"Katakumby i podziemna wycieczka\">Katakumby i podziemna wycieczka<\/a><\/li><li><a href=\"https:\/\/colosseo-roma.it\/pl\/wycieczka-z-przewodnikiem\/wycieczka-z-audioprzewodnikiem-po-rzymie\/\" title=\"Wycieczka z audioprzewodnikiem po Rzymie\">Wycieczka z audioprzewodnikiem po Rzymie<\/a><\/li><li><a href=\"https:\/\/colosseo-roma.it\/pl\/wycieczka-z-przewodnikiem\/piesze-wycieczki-po-rzymie\/\" title=\"Wycieczki piesze po Rzymie\">Wycieczki piesze po Rzymie<\/a><\/li><\/ul><\/li><li><a href=\"https:\/\/colosseo-roma.it\/pl\/muzea-rzym\/\" title=\"Muzea w Rzymie\">Muzea w Rzymie<\/a><ul class=\"children\" ><li><a href=\"https:\/\/colosseo-roma.it\/pl\/muzea-rzym\/palac-barberini\/\" title=\"Pa\u0142ac Barberini\">Pa\u0142ac Barberini<\/a><\/li><li><a href=\"https:\/\/colosseo-roma.it\/pl\/muzea-rzym\/muzeum-lara-pacis\/\" title=\"Muzeum Ara Pacis\">Muzeum Ara Pacis<\/a><\/li><li><a href=\"https:\/\/colosseo-roma.it\/pl\/muzea-rzym\/muzea-kapitolinskie\/\" title=\"Muzea Kapitoli\u0144skie\">Muzea Kapitoli\u0144skie<\/a><\/li><li><a href=\"https:\/\/colosseo-roma.it\/pl\/muzea-rzym\/villa-giulia-muzeum-etruskie\/\" title=\"Muzeum Etrusk\u00f3w w Villa Giulia\">Muzeum Etrusk\u00f3w w Villa Giulia<\/a><\/li><li><a href=\"https:\/\/colosseo-roma.it\/pl\/muzea-rzym\/galeria-borghese\/\" title=\"Galeria Borghese\">Galeria Borghese<\/a><\/li><li><a href=\"https:\/\/colosseo-roma.it\/pl\/muzea-rzym\/muzea-watykanskie\/\" title=\"Muzea Watyka\u0144skie\">Muzea Watyka\u0144skie<\/a><ul class=\"children\" ><li><a href=\"https:\/\/colosseo-roma.it\/pl\/muzea-rzym\/muzea-watykanskie\/kaplica-sykstynska\/\" title=\"Kaplica Syksty\u0144ska\">Kaplica Syksty\u0144ska<\/a><\/li><\/ul><\/li><li><a href=\"https:\/\/colosseo-roma.it\/pl\/muzea-rzym\/muzea-kapitolinskie\/\" title=\"Muzea Kapitoli\u0144skie\">Muzea Kapitoli\u0144skie<\/a><\/li><\/ul><\/li><li><a href=\"https:\/\/colosseo-roma.it\/pl\/atrakcje-rzymu\/\" title=\"Rzym - atrakcje\">Rzym - atrakcje<\/a><ul class=\"children\" ><li><a href=\"https:\/\/colosseo-roma.it\/pl\/atrakcje-rzymu\/panteon-2\/\" title=\"Panteon\">Panteon<\/a><\/li><li><a href=\"https:\/\/colosseo-roma.it\/pl\/atrakcje-rzymu\/fora-imperialne\/\" title=\"Imperial Forums\">Imperial Forums<\/a><\/li><li><a href=\"https:\/\/colosseo-roma.it\/pl\/atrakcje-rzymu\/castel-santangelo\/\" title=\"Castel Sant&#039;Angelo\">Castel Sant'Angelo<\/a><\/li><li><a href=\"https:\/\/colosseo-roma.it\/pl\/atrakcje-rzymu\/laznie-karakalli\/\" title=\"\u0141a\u017anie Karakalli\">\u0141a\u017anie Karakalli<\/a><\/li><li><a href=\"https:\/\/colosseo-roma.it\/pl\/atrakcje-rzymu\/obszar-archeologiczny-ostia-antica\/\" title=\"Obszar archeologiczny Ostia Antica\">Obszar archeologiczny Ostia Antica<\/a><\/li><li><a href=\"https:\/\/colosseo-roma.it\/pl\/atrakcje-rzymu\/bazylika-swietego-piotra\/\" title=\"Bazylika \u015bw.\">Bazylika \u015bw.<\/a><ul class=\"children\" ><li><a href=\"https:\/\/colosseo-roma.it\/pl\/atrakcje-rzymu\/bazylika-swietego-piotra\/kopula-swietego-piotra\/\" title=\"Kopu\u0142a \u015awi\u0119tego Piotra\">Kopu\u0142a \u015awi\u0119tego Piotra<\/a><\/li><li><a href=\"https:\/\/colosseo-roma.it\/pl\/atrakcje-rzymu\/bazylika-swietego-piotra\/plac-swietego-piotra\/\" title=\"Plac \u015awi\u0119tego Piotra\">Plac \u015awi\u0119tego Piotra<\/a><\/li><\/ul><\/li><li><a href=\"https:\/\/colosseo-roma.it\/pl\/atrakcje-rzymu\/katakumby-rzymu\/\" title=\"Katakumby Rzymu\">Katakumby Rzymu<\/a><ul class=\"children\" ><li><a href=\"https:\/\/colosseo-roma.it\/pl\/atrakcje-rzymu\/katakumby-rzymu\/katakumby-domitilli\/\" title=\"Katakumby Domitilli\">Katakumby Domitilli<\/a><\/li><li><a href=\"https:\/\/colosseo-roma.it\/pl\/atrakcje-rzymu\/katakumby-rzymu\/katakumby-swietego-sebastiana\/\" title=\"Katakumby \u015bw. Sebastiana\">Katakumby \u015bw. Sebastiana<\/a><\/li><li><a href=\"https:\/\/colosseo-roma.it\/pl\/atrakcje-rzymu\/katakumby-rzymu\/katakumby-priscilli\/\" title=\"Katakumby Priscilli\">Katakumby Priscilli<\/a><\/li><li><a href=\"https:\/\/colosseo-roma.it\/pl\/atrakcje-rzymu\/katakumby-rzymu\/katakumby-santagnese\/\" title=\"Katakumby \u015bw. Agnieszki\">Katakumby \u015bw. Agnieszki<\/a><\/li><li><a href=\"https:\/\/colosseo-roma.it\/pl\/atrakcje-rzymu\/katakumby-rzymu\/katakumby-san-callisto\/\" title=\"Katakumby San Callisto\">Katakumby San Callisto<\/a><\/li><\/ul><\/li><li><a href=\"https:\/\/colosseo-roma.it\/pl\/atrakcje-rzymu\/bio-park-rome\/\" title=\"Bio Park Rzym\">Bio Park Rzym<\/a><\/li><li><a href=\"https:\/\/colosseo-roma.it\/pl\/atrakcje-rzymu\/villa-borghese\/\" title=\"Villa Borghese\">Villa Borghese<\/a><\/li><li><a href=\"https:\/\/colosseo-roma.it\/pl\/atrakcje-rzymu\/stolica\/\" title=\"Kapitol\">Kapitol<\/a><\/li><li><a href=\"https:\/\/colosseo-roma.it\/pl\/atrakcje-rzymu\/fontanna-trevi\/\" title=\"Fontanna di Trevi\">Fontanna di Trevi<\/a><\/li><li><a href=\"https:\/\/colosseo-roma.it\/pl\/atrakcje-rzymu\/podziemny-rzym\/\" title=\"Podziemny Rzym\">Podziemny Rzym<\/a><\/li><li><a href=\"https:\/\/colosseo-roma.it\/pl\/atrakcje-rzymu\/villa-doria-pamphilj\/\" title=\"Villa Doria Pamphilj\">Villa Doria Pamphilj<\/a><\/li><li><a href=\"https:\/\/colosseo-roma.it\/pl\/atrakcje-rzymu\/piazza-navona\/\" title=\"Piazza Navona\">Piazza Navona<\/a><\/li><li><a href=\"https:\/\/colosseo-roma.it\/pl\/atrakcje-rzymu\/piazza-venezia\/\" title=\"Piazza Venezia\">Piazza Venezia<\/a><\/li><li><a href=\"https:\/\/colosseo-roma.it\/pl\/atrakcje-rzymu\/spanish-square\/\" title=\"Spanish Steps\">Spanish Steps<\/a><\/li><\/ul><\/li><li><a href=\"https:\/\/colosseo-roma.it\/pl\/odkrywac\/\" title=\"Park archeologiczny Koloseum\">Park archeologiczny Koloseum<\/a><ul class=\"children\" ><li><a href=\"https:\/\/colosseo-roma.it\/pl\/odkrywac\/luk-konstantyna\/\" title=\"\u0141uk Konstantyna\">\u0141uk Konstantyna<\/a><\/li><li><a href=\"https:\/\/colosseo-roma.it\/pl\/odkrywac\/forum-rzymskie\/\" title=\"Forum Romanum\">Forum Romanum<\/a><\/li><li><a href=\"https:\/\/colosseo-roma.it\/pl\/odkrywac\/muzeum-palatynskie\/\" title=\"Muzeum Palaty\u0144skie\">Muzeum Palaty\u0144skie<\/a><\/li><li><a href=\"https:\/\/colosseo-roma.it\/pl\/odkrywac\/wzgorze-palatynskie\/\" title=\"Wzg\u00f3rze Palatyn\">Wzg\u00f3rze Palatyn<\/a><\/li><li><a href=\"https:\/\/colosseo-roma.it\/pl\/odkrywac\/plac-koloseum\/\" title=\"Plac Koloseum\">Plac Koloseum<\/a><\/li><li><a href=\"https:\/\/colosseo-roma.it\/pl\/odkrywac\/wzgorze-opium\/\" title=\"Opium Hill\">Opium Hill<\/a><\/li><li><a href=\"https:\/\/colosseo-roma.it\/pl\/odkrywac\/wiezienie-mamertynskie\/\" title=\"Wi\u0119zienie Mamerty\u0144skie\">Wi\u0119zienie Mamerty\u0144skie<\/a><\/li><li><a href=\"https:\/\/colosseo-roma.it\/pl\/odkrywac\/meta-sudany\/\" title=\"Meta Sudans\">Meta Sudans<\/a><\/li><li><a href=\"https:\/\/colosseo-roma.it\/pl\/odkrywac\/domus-aurea\/\" title=\"Domus Aurea\">Domus Aurea<\/a><\/li><li><a href=\"https:\/\/colosseo-roma.it\/pl\/odkrywac\/koloseum\/\" title=\"Koloseum\">Koloseum<\/a><ul class=\"children\" ><li><a href=\"https:\/\/colosseo-roma.it\/pl\/odkrywac\/koloseum\/10-rzeczy-ktore-warto-wiedziec-o-koloseum\/\" title=\"10 rzeczy, kt\u00f3re warto wiedzie\u0107 o Koloseum\">10 rzeczy, kt\u00f3re warto wiedzie\u0107 o Koloseum<\/a><\/li><li><a href=\"https:\/\/colosseo-roma.it\/pl\/odkrywac\/koloseum\/zdjecia\/\" title=\"Zdj\u0119cia\">Zdj\u0119cia<\/a><\/li><li><a href=\"https:\/\/colosseo-roma.it\/pl\/odkrywac\/koloseum\/fakty\/\" title=\"Fakty\">Fakty<\/a><\/li><li><a href=\"https:\/\/colosseo-roma.it\/pl\/odkrywac\/koloseum\/muzeum-koloseum\/\" title=\"Muzeum Koloseum\">Muzeum Koloseum<\/a><\/li><li><a href=\"https:\/\/colosseo-roma.it\/pl\/odkrywac\/koloseum\/historia\/\" title=\"Historia\">Historia<\/a><\/li><li><a href=\"https:\/\/colosseo-roma.it\/pl\/odkrywac\/koloseum\/architektura\/\" title=\"Architektura\">Architektura<\/a><\/li><li><a href=\"https:\/\/colosseo-roma.it\/pl\/odkrywac\/koloseum\/piwnice\/\" title=\"Podziemny\">Podziemny<\/a><\/li><li><a href=\"https:\/\/colosseo-roma.it\/pl\/odkrywac\/koloseum\/arena\/\" title=\"Arena\">Arena<\/a><\/li><li><a href=\"https:\/\/colosseo-roma.it\/pl\/odkrywac\/koloseum\/amfiteatr-flavio\/\" title=\"Amfiteatr Flawiusz\u00f3w\">Amfiteatr Flawiusz\u00f3w<\/a><\/li><\/ul><\/li><\/ul><\/li><li><a href=\"https:\/\/colosseo-roma.it\/pl\/wizyta\/\" title=\"Wizyta\">Wizyta<\/a><ul class=\"children\" ><li><a href=\"https:\/\/colosseo-roma.it\/pl\/wizyta\/uslugi\/\" title=\"Us\u0142ugi\">Us\u0142ugi<\/a><\/li><li><a href=\"https:\/\/colosseo-roma.it\/pl\/wizyta\/wydarzenia\/\" title=\"Wydarzenia\">Wydarzenia<\/a><\/li><li><a href=\"https:\/\/colosseo-roma.it\/pl\/wizyta\/ceny-i-obnizki\/\" title=\"Ceny i obni\u017cki\">Ceny i obni\u017cki<\/a><\/li><li><a href=\"https:\/\/colosseo-roma.it\/pl\/wizyta\/wejscia\/\" title=\"Wej\u015bcia\">Wej\u015bcia<\/a><\/li><li><a href=\"https:\/\/colosseo-roma.it\/pl\/wizyta\/plan-wizyty\/\" title=\"Plan wizyty\">Plan wizyty<\/a><\/li><li><a href=\"https:\/\/colosseo-roma.it\/pl\/wizyta\/jak-sie-tam-dostac\/\" title=\"Jak si\u0119 tam dosta\u0107\">Jak si\u0119 tam dosta\u0107<\/a><ul class=\"children\" ><li><a href=\"https:\/\/colosseo-roma.it\/pl\/wizyta\/jak-sie-tam-dostac\/parking-colosseum\/\" title=\"Parking Koloseum\">Parking Koloseum<\/a><\/li><li><a href=\"https:\/\/colosseo-roma.it\/pl\/wizyta\/jak-sie-tam-dostac\/stopy\/\" title=\"Stopy\">Stopy<\/a><\/li><li><a href=\"https:\/\/colosseo-roma.it\/pl\/wizyta\/jak-sie-tam-dostac\/taksowka\/\" title=\"Taks\u00f3wka\">Taks\u00f3wka<\/a><\/li><li><a href=\"https:\/\/colosseo-roma.it\/pl\/wizyta\/jak-sie-tam-dostac\/rower\/\" title=\"Rower\">Rower<\/a><\/li><li><a href=\"https:\/\/colosseo-roma.it\/pl\/wizyta\/jak-sie-tam-dostac\/tramwaje\/\" title=\"Tramwaj\">Tramwaj<\/a><\/li><li><a href=\"https:\/\/colosseo-roma.it\/pl\/wizyta\/jak-sie-tam-dostac\/samochody\/\" title=\"Samoch\u00f3d\">Samoch\u00f3d<\/a><\/li><li><a href=\"https:\/\/colosseo-roma.it\/pl\/wizyta\/jak-sie-tam-dostac\/autobus\/\" title=\"Autobus\">Autobus<\/a><\/li><li><a href=\"https:\/\/colosseo-roma.it\/pl\/wizyta\/jak-sie-tam-dostac\/metro\/\" title=\"Metro\">Metro<\/a><\/li><li><a href=\"https:\/\/colosseo-roma.it\/pl\/wizyta\/jak-sie-tam-dostac\/pociag\/\" title=\"Poci\u0105g\">Poci\u0105g<\/a><\/li><\/ul><\/li><li><a href=\"https:\/\/colosseo-roma.it\/pl\/wizyta\/godziny-otwarcia\/\" title=\"Godziny otwarcia\">Godziny otwarcia<\/a><\/li><li><a href=\"https:\/\/colosseo-roma.it\/pl\/wizyta\/karta\/\" title=\"Karta\">Karta<\/a><ul class=\"children\" ><li><a href=\"https:\/\/colosseo-roma.it\/pl\/wizyta\/karta\/karta-omnia\/\" title=\"Karta Omnia\">Karta Omnia<\/a><\/li><li><a href=\"https:\/\/colosseo-roma.it\/pl\/wizyta\/karta\/karta-hop-on-hop-off\/\" title=\"Karta Hop-On Hop-Off\">Karta Hop-On Hop-Off<\/a><\/li><li><a href=\"https:\/\/colosseo-roma.it\/pl\/wizyta\/karta\/karnet-rzymski\/\" title=\"Roma Pass\">Roma Pass<\/a><\/li><li><a href=\"https:\/\/colosseo-roma.it\/pl\/wizyta\/karta\/karta-turystyczna-rzym\/\" title=\"Rzymska karta turystyczna\">Rzymska karta turystyczna<\/a><\/li><\/ul><\/li><li><a href=\"https:\/\/colosseo-roma.it\/pl\/wizyta\/doswiadczenie-z-przewodnikiem\/\" title=\"Wycieczki z przewodnikiem\">Wycieczki z przewodnikiem<\/a><ul class=\"children\" ><li><a href=\"https:\/\/colosseo-roma.it\/pl\/wizyta\/doswiadczenie-z-przewodnikiem\/wycieczki-dla-osob-niepelnosprawnych\/\" title=\"Wycieczki dla os\u00f3b niepe\u0142nosprawnych\">Wycieczki dla os\u00f3b niepe\u0142nosprawnych<\/a><\/li><li><a href=\"https:\/\/colosseo-roma.it\/pl\/wizyta\/doswiadczenie-z-przewodnikiem\/nocna-wycieczka\/\" title=\"Nocna wycieczka\">Nocna wycieczka<\/a><\/li><li><a href=\"https:\/\/colosseo-roma.it\/pl\/wizyta\/doswiadczenie-z-przewodnikiem\/podziemne-wycieczki\/\" title=\"Podziemne wycieczki\">Podziemne wycieczki<\/a><\/li><li><a href=\"https:\/\/colosseo-roma.it\/pl\/wizyta\/doswiadczenie-z-przewodnikiem\/trasa-po-arenie\/\" title=\"Tour arena\">Tour arena<\/a><\/li><li><a href=\"https:\/\/colosseo-roma.it\/pl\/wizyta\/doswiadczenie-z-przewodnikiem\/wycieczka-z-przewodnikiem\/\" title=\"Wycieczki z przewodnikiem\">Wycieczki z przewodnikiem<\/a><\/li><li><a href=\"https:\/\/colosseo-roma.it\/pl\/wizyta\/doswiadczenie-z-przewodnikiem\/pomin-linie\/\" title=\"Pomi\u0144 kolejk\u0119\">Pomi\u0144 kolejk\u0119<\/a><\/li><\/ul><\/li><li><a href=\"https:\/\/colosseo-roma.it\/pl\/wizyta\/bilet-kombi\/\" title=\"Bilet Combo\">Bilet Combo<\/a><\/li><li><a href=\"https:\/\/colosseo-roma.it\/pl\/wizyta\/bilety\/\" title=\"Bilety\">Bilety<\/a><\/li><\/ul><\/li><li><a href=\"https:\/\/colosseo-roma.it\/pl\/colosseum-bilety-local-adv\/\" title=\"Colosseum Bilety Lokalna porada\">Colosseum Bilety Lokalna porada<\/a><ul class=\"children\" ><li><a href=\"https:\/\/colosseo-roma.it\/pl\/colosseum-bilety-local-adv\/koloseum-arena-wzgorze-palatynskie-forum-rzymskie\/\" title=\"Koloseum + Arena + Wzg\u00f3rze Palaty\u0144skie + Forum Romanum\">Koloseum + Arena + Wzg\u00f3rze Palaty\u0144skie + Forum Romanum<\/a><\/li><li><a href=\"https:\/\/colosseo-roma.it\/pl\/colosseum-bilety-local-adv\/rzymskie-forum-koloseum\/\" title=\"Koloseum + Forum Romanum\">Koloseum + Forum Romanum<\/a><\/li><li><a href=\"https:\/\/colosseo-roma.it\/pl\/colosseum-bilety-local-adv\/koloseum-forum-rzymskie-wiezienie-mamertynskie\/\" title=\"Koloseum + Forum Romanum + Wi\u0119zienie Mamerty\u0144skie\">Koloseum + Forum Romanum + Wi\u0119zienie Mamerty\u0144skie<\/a><\/li><li><a href=\"https:\/\/colosseo-roma.it\/pl\/colosseum-bilety-local-adv\/przepustka\/\" title=\"przepustka\">przepustka<\/a><\/li><\/ul><\/li><li><a href=\"https:\/\/colosseo-roma.it\/pl\/\" title=\"Koloseum Rzym\">Koloseum Rzym<\/a><\/li><li><a href=\"https:\/\/colosseo-roma.it\/pl\/colosseum-bilety-global-adv\/\" title=\"Colosseum Bilety Global Adv\">Colosseum Bilety Global Adv<\/a><ul class=\"children\" ><li><a href=\"https:\/\/colosseo-roma.it\/pl\/colosseum-bilety-global-adv\/koloseum-arena-wzgorze-palatynskie-forum-rzymskie\/\" title=\"Koloseum + Arena + Wzg\u00f3rze Palaty\u0144skie + Forum Romanum\">Koloseum + Arena + Wzg\u00f3rze Palaty\u0144skie + Forum Romanum<\/a><\/li><li><a href=\"https:\/\/colosseo-roma.it\/pl\/colosseum-bilety-global-adv\/rzymskie-forum-koloseum\/\" title=\"Koloseum + Forum Romanum\">Koloseum + Forum Romanum<\/a><\/li><li><a href=\"https:\/\/colosseo-roma.it\/pl\/colosseum-bilety-global-adv\/koloseum-forum-rzymskie-wiezienie-mamertynskie\/\" title=\"Koloseum + Forum Romanum + Wi\u0119zienie Mamerty\u0144skie\">Koloseum + Forum Romanum + Wi\u0119zienie Mamerty\u0144skie<\/a><\/li><li><a href=\"https:\/\/colosseo-roma.it\/pl\/colosseum-bilety-global-adv\/przepustka\/\" title=\"przepustka\">przepustka<\/a><\/li><\/ul><\/li><li><a href=\"https:\/\/colosseo-roma.it\/pl\/mapa-strony\/\" title=\"Sitemap\">Sitemap<\/a><\/li><\/ul><\/div>","protected":false},"excerpt":{"rendered":"","protected":false},"author":1,"featured_media":0,"parent":0,"menu_order":0,"comment_status":"closed","ping_status":"closed","template":"","meta":{"site-sidebar-layout":"default","site-content-layout":"","ast-site-content-layout":"default","site-content-style":"default","site-sidebar-style":"default","ast-global-header-display":"","ast-banner-title-visibility":"","ast-main-header-display":"","ast-hfb-above-header-display":"","ast-hfb-below-header-display":"","ast-hfb-mobile-header-display":"","site-post-title":"","ast-breadcrumbs-content":"","ast-featured-img":"","footer-sml-layout":"","ast-disable-related-posts":"","theme-transparent-header-meta":"default","adv-header-id-meta":"","stick-header-meta":"","header-above-stick-meta":"","header-main-stick-meta":"","header-below-stick-meta":"","astra-migrate-meta-layouts":"set","ast-page-background-enabled":"default","ast-page-background-meta":{"desktop":{"background-color":"var(--ast-global-color-4)","background-image":"","background-repeat":"repeat","background-position":"center center","background-size":"auto","background-attachment":"scroll","background-type":"","background-media":"","overlay-type":"","overlay-color":"","overlay-opacity":"","overlay-gradient":""},"tablet":{"background-color":"","background-image":"","background-repeat":"repeat","background-position":"center center","background-size":"auto","background-attachment":"scroll","background-type":"","background-media":"","overlay-type":"","overlay-color":"","overlay-opacity":"","overlay-gradient":""},"mobile":{"background-color":"","background-image":"","background-repeat":"repeat","background-position":"center center","background-size":"auto","background-attachment":"scroll","background-type":"","background-media":"","overlay-type":"","overlay-color":"","overlay-opacity":"","overlay-gradient":""}},"ast-content-background-meta":{"desktop":{"background-color":"var(--ast-global-color-5)","background-image":"","background-repeat":"repeat","background-position":"center center","background-size":"auto","background-attachment":"scroll","background-type":"","background-media":"","overlay-type":"","overlay-color":"","overlay-opacity":"","overlay-gradient":""},"tablet":{"background-color":"var(--ast-global-color-5)","background-image":"","background-repeat":"repeat","background-position":"center center","background-size":"auto","background-attachment":"scroll","background-type":"","background-media":"","overlay-type":"","overlay-color":"","overlay-opacity":"","overlay-gradient":""},"mobile":{"background-color":"var(--ast-global-color-5)","background-image":"","background-repeat":"repeat","background-position":"center center","background-size":"auto","background-attachment":"scroll","background-type":"","background-media":"","overlay-type":"","overlay-color":"","overlay-opacity":"","overlay-gradient":""}},"iawp_total_views":31,"footnotes":""},"class_list":["post-5833","page","type-page","status-publish","hentry"],"_links":{"self":[{"href":"https:\/\/colosseo-roma.it\/pl\/wp-json\/wp\/v2\/pages\/5833","targetHints":{"allow":["GET"]}}],"collection":[{"href":"https:\/\/colosseo-roma.it\/pl\/wp-json\/wp\/v2\/pages"}],"about":[{"href":"https:\/\/colosseo-roma.it\/pl\/wp-json\/wp\/v2\/types\/page"}],"author":[{"embeddable":true,"href":"https:\/\/colosseo-roma.it\/pl\/wp-json\/wp\/v2\/users\/1"}],"replies":[{"embeddable":true,"href":"https:\/\/colosseo-roma.it\/pl\/wp-json\/wp\/v2\/comments?post=5833"}],"version-history":[{"count":0,"href":"https:\/\/colosseo-roma.it\/pl\/wp-json\/wp\/v2\/pages\/5833\/revisions"}],"wp:attachment":[{"href":"https:\/\/colosseo-roma.it\/pl\/wp-json\/wp\/v2\/media?parent=5833"}],"curies":[{"name":"wp","href":"https:\/\/api.w.org\/{rel}","templated":true}]}}