{"id":61,"date":"2023-03-10T11:32:23","date_gmt":"2023-03-10T10:32:23","guid":{"rendered":"https:\/\/wordpress-1074717-3818660.cloudwaysapps.com\/?page_id=61"},"modified":"2026-01-26T16:42:45","modified_gmt":"2026-01-26T15:42:45","slug":"gladiatorzy","status":"publish","type":"page","link":"https:\/\/colosseo-roma.it\/pl\/rzymianie\/gladiatorzy\/","title":{"rendered":"Gladiatorzy"},"content":{"rendered":"<div data-elementor-type=\"wp-page\" data-elementor-id=\"61\" class=\"elementor elementor-61\" data-elementor-post-type=\"page\">\n\t\t\t\t\t\t<section class=\"elementor-section elementor-top-section elementor-element elementor-element-492661c elementor-section-boxed elementor-section-height-default elementor-section-height-default\" data-id=\"492661c\" data-element_type=\"section\" data-settings=\"{&quot;jet_parallax_layout_list&quot;:[],&quot;ekit_has_onepagescroll_dot&quot;:&quot;yes&quot;}\">\n\t\t\t\t\t\t<div class=\"elementor-container elementor-column-gap-default\">\n\t\t\t\t\t<div class=\"elementor-column elementor-col-100 elementor-top-column elementor-element elementor-element-e3c653a\" data-id=\"e3c653a\" data-element_type=\"column\">\n\t\t\t<div class=\"elementor-widget-wrap elementor-element-populated\">\n\t\t\t\t\t\t<div class=\"elementor-element elementor-element-ab68d20 elementor-widget elementor-widget-heading\" data-id=\"ab68d20\" data-element_type=\"widget\" data-settings=\"{&quot;ekit_we_effect_on&quot;:&quot;none&quot;}\" data-widget_type=\"heading.default\">\n\t\t\t\t<div class=\"elementor-widget-container\">\n\t\t\t<h1 class=\"elementor-heading-title elementor-size-default\">Gladiator<\/h1>\t\t<\/div>\n\t\t\t\t<\/div>\n\t\t\t\t<div class=\"elementor-element elementor-element-1ed1f6a elementor-widget elementor-widget-heading\" data-id=\"1ed1f6a\" data-element_type=\"widget\" data-settings=\"{&quot;ekit_we_effect_on&quot;:&quot;none&quot;}\" data-widget_type=\"heading.default\">\n\t\t\t\t<div class=\"elementor-widget-container\">\n\t\t\t<h5 class=\"elementor-heading-title elementor-size-default\">W amfiteatrze Flawiusz\u00f3w po po\u0142udniu odbywa\u0142y si\u0119 walki gladiator\u00f3w. Ich nazwa pochodzi od kr\u00f3tkiego miecza, kt\u00f3rego u\u017cywali w walkach: \"gladius\". Gladiator w Rzymie uczy\u0142 si\u0119 sztuki walki gladiator\u00f3w w \"ludi\", szko\u0142ach, kt\u00f3re by\u0142y barakami bardzo podobnymi do wi\u0119zie\u0144 znajduj\u0105cych si\u0119 w ca\u0142ym imperium; spa\u0142 w ma\u0142ych celach rozmieszczonych wok\u00f3\u0142 dziedzi\u0144ca, na kt\u00f3rym trenowa\u0142.<\/h5>\t\t<\/div>\n\t\t\t\t<\/div>\n\t\t\t\t<div class=\"elementor-element elementor-element-51acbbc elementor-widget elementor-widget-jet-unfold\" data-id=\"51acbbc\" data-element_type=\"widget\" data-settings=\"{&quot;mask_height&quot;:{&quot;unit&quot;:&quot;px&quot;,&quot;size&quot;:50,&quot;sizes&quot;:[]},&quot;mask_height_tablet&quot;:{&quot;unit&quot;:&quot;px&quot;,&quot;size&quot;:&quot;&quot;,&quot;sizes&quot;:[]},&quot;mask_height_mobile&quot;:{&quot;unit&quot;:&quot;px&quot;,&quot;size&quot;:&quot;&quot;,&quot;sizes&quot;:[]},&quot;unfold_duration&quot;:{&quot;unit&quot;:&quot;ms&quot;,&quot;size&quot;:500,&quot;sizes&quot;:[]},&quot;unfold_easing&quot;:&quot;easeOutBack&quot;,&quot;fold_duration&quot;:{&quot;unit&quot;:&quot;ms&quot;,&quot;size&quot;:300,&quot;sizes&quot;:[]},&quot;fold_easing&quot;:&quot;easeOutSine&quot;,&quot;ekit_we_effect_on&quot;:&quot;none&quot;}\" data-widget_type=\"jet-unfold.default\">\n\t\t\t\t<div class=\"elementor-widget-container\">\n\t\t\t\t\t<div class=\"jet-unfold\" data-settings=\"{&quot;height&quot;:{&quot;unit&quot;:&quot;px&quot;,&quot;size&quot;:50,&quot;sizes&quot;:[]},&quot;separatorHeight&quot;:{&quot;unit&quot;:&quot;px&quot;,&quot;size&quot;:10,&quot;sizes&quot;:[]},&quot;unfoldDuration&quot;:{&quot;unit&quot;:&quot;ms&quot;,&quot;size&quot;:500,&quot;sizes&quot;:[]},&quot;foldDuration&quot;:{&quot;unit&quot;:&quot;ms&quot;,&quot;size&quot;:300,&quot;sizes&quot;:[]},&quot;unfoldEasing&quot;:&quot;easeOutBack&quot;,&quot;foldEasing&quot;:&quot;easeOutSine&quot;,&quot;foldScrolling&quot;:&quot;false&quot;,&quot;hideOutsideClick&quot;:&quot;false&quot;,&quot;autoHide&quot;:&quot;false&quot;,&quot;autoHideTime&quot;:&quot;&quot;,&quot;foldScrollOffset&quot;:null}\">\n\t\t\t<div class=\"jet-unfold__inner\">\n\t\t\t\t<div class=\"jet-unfold__mask\">\n\t\t\t\t\t<div class=\"jet-unfold__content\">\n\t\t\t\t\t\t<div class=\"jet-unfold__content-inner elementor-text-editor elementor-clearfix\"><p style=\"text-align: center;\">Ludi by\u0142y kierowane przez w\u0142a\u015bciciela (lanist\u0119), instruktora gladiator\u00f3w, kt\u00f3ry mia\u0142 nad nimi absolutn\u0105 w\u0142adz\u0119. W Rzymie cesarskie ludi (jedyne autoryzowane szko\u0142y) mie\u015bci\u0142y do 2000 m\u0119\u017cczyzn: \"ludus matutinus\", gdzie \u0107wiczyli \u0142owcy dzikich zwierz\u0105t, \"ludus gallicus\", \"ludus dacicus\" i \"ludus magnus\".<\/p><p style=\"text-align: center;\">Gladiatorami mogli by\u0107 je\u0144cy wojenni, przest\u0119pcy, skaza\u0144cy, niewolnicy, skaza\u0144cy lub wolni ludzie bez przysz\u0142o\u015bci; mogli to by\u0107 niedo\u015bwiadczeni lub prawdziwi profesjonali\u015bci, zw\u0142aszcza je\u0144cy wojenni, kt\u00f3rzy po do\u015bwiadczeniu kilku star\u0107 zbrojnych, walk, bitew i cierpie\u0144 byli szczeg\u00f3lnie zahartowani i zaciekli i cz\u0119sto pochodzili z odleg\u0142ych krain, takich jak Tracja i Niemcy. Te postacie by\u0142y najbardziej poszukiwane, a poniewa\u017c nie mia\u0142y innego sposobu na godne \u017cycie, ch\u0119tnie zg\u0142asza\u0142y si\u0119 i mocno anga\u017cowa\u0142y w niebezpieczn\u0105 karier\u0119 gladiatora.<\/p><p style=\"text-align: center;\">Kobiety r\u00f3wnie\u017c walczy\u0142y, ale by\u0142y one bardzo rzadkie, a zatem i bardzo poszukiwane. Popularno\u015b\u0107 zwyci\u0119skiego gladiatora by\u0142a naprawd\u0119 niezwyk\u0142a, ludzie wychwalali go i z pasj\u0105 \u015bledzili walki i pokazy, a jego imi\u0119 sta\u0142o si\u0119 s\u0142awne.<\/p><p style=\"text-align: center;\">Gladiatorzy szkolili si\u0119 w r\u00f3\u017cnych technikach ataku lub obrony przy u\u017cyciu r\u00f3\u017cnych broni, a w zale\u017cno\u015bci od rodzaju broni i techniki, kt\u00f3rej u\u017cywali, nazywano ich: \"cetervari\", \"secutores\", \"reziari\", \"mirmillones\" i \"traces\".<\/p><p style=\"text-align: center;\">W walkach zawsze \u015bciera\u0142y si\u0119 ze sob\u0105 r\u00f3\u017cne pary gladiator\u00f3w; najbardziej klasyczne walki toczy\u0142y si\u0119 mi\u0119dzy \"reziari\" i \"mirmilloni\" oraz mi\u0119dzy \"traca\" i \"secutores\".<\/p><p style=\"text-align: center;\">Gladiator, kt\u00f3ry pokona\u0142 swojego przeciwnika, zwraca\u0142 si\u0119 do publiczno\u015bci amfiteatru, aby zapyta\u0107, jaki los t\u0142um chce zarezerwowa\u0107 dla pokonanego, a t\u0142um, za pomoc\u0105 znaku d\u0142oni, decydowa\u0142 o \u015bmierci lub \u017cyciu: kciuk skierowany w g\u00f3r\u0119, \"mitte\" (bezpieczny) oznacza\u0142, \u017ce powinien \u017cy\u0107, a kciuk skierowany w d\u00f3\u0142, \"jugula\" (\u015bmier\u0107) oznacza\u0142, \u017ce powinien umrze\u0107. Ostatecznie jednak to cesarz lub organizator danego widowiska decydowa\u0142 kciukiem o losie pokonanego gladiatora.<\/p><p style=\"text-align: center;\">Ka\u017cdy zabity gladiator kosztowa\u0142 cesarza lub osob\u0119 organizuj\u0105c\u0105 widowisko bardzo wysok\u0105 sum\u0119 pieni\u0119dzy i, co oczywiste, nie prosili oni \u0142atwo o swoj\u0105 \u015bmier\u0107; prawdopodobnie zale\u017ca\u0142o to r\u00f3wnie\u017c od du\u017cego popytu ze strony widz\u00f3w.<\/p><p style=\"text-align: center;\">Walki gladiator\u00f3w by\u0142y inspirowane mitologicznymi epizodami, zawsze staraj\u0105c si\u0119 konkurowa\u0107 z nowymi spektaklami i nowymi pomys\u0142ami, aby nie zm\u0119czy\u0107 publiczno\u015bci, jednocze\u015bnie inscenizuj\u0105c groteskowe sytuacje, kt\u00f3re jednocze\u015bnie bawi\u0142y i ekscytowa\u0142y t\u0142um.<\/p><p style=\"text-align: center;\">Gladiatorzy byli w rzeczywisto\u015bci wi\u0119\u017aniami i nie mogli uciec; mogli jedynie odzyska\u0107 wolno\u015b\u0107, walcz\u0105c na arenie i maj\u0105c nadziej\u0119, \u017ce jaka\u015b pot\u0119\u017cna osoba zauwa\u017cy ich odwag\u0119 i si\u0142\u0119 i zdecyduje si\u0119 ich uwolni\u0107. Ta nadzieja by\u0142a w sercach gladiator\u00f3w i pomaga\u0142a im lepiej znosi\u0107 sw\u00f3j los.<\/p><p style=\"text-align: center;\">Gladiator mia\u0142 wi\u0119c trudne i bardzo ryzykowne \u017cycie. Walczy\u0142 o \u017cycie, wolno\u015b\u0107 i chwa\u0142\u0119, a lud rzymski docenia\u0142 i by\u0142 zafascynowany si\u0142\u0105 i odwag\u0105 zwyci\u0119skiego gladiatora, kt\u00f3ry sta\u0142 si\u0119 wielkim bohaterem.<\/p><\/div>\n\t\t\t\t\t<\/div>\n\t\t\t\t\t<div class=\"jet-unfold__separator\"><\/div>\n\t\t\t\t<\/div>\n\t\t\t\t<div class=\"jet-unfold__trigger\"><div class=\"jet-unfold__button elementor-button elementor-size-md\" href=\"#\" data-unfold-text=\"Mostra di pi\u00f9\" data-fold-text=\"Mostra meno\" data-fold-icon=\"&lt;i aria-hidden=&quot;true&quot; class=&quot;fas fa-chevron-up&quot;&gt;&lt;\/i&gt;\" data-unfold-icon=\"&lt;i aria-hidden=&quot;true&quot; class=&quot;fas fa-chevron-down&quot;&gt;&lt;\/i&gt;\" tabindex=\"0\" role=\"button\"><span class=\"jet-unfold__button-icon jet-tricks-icon\"><i aria-hidden=\"true\" class=\"fas fa-chevron-down\"><\/i><\/span><span class=\"jet-unfold__button-text\">Poka\u017c wi\u0119cej<\/span><\/div>\t\t\t\t<\/div>\n\t\t\t<\/div>\n\t\t<\/div>\n\t\t\t\t<\/div>\n\t\t\t\t<\/div>\n\t\t\t\t<section data-dce-background-image-url=\"https:\/\/colosseo-roma.it\/wp-content\/uploads\/2023\/03\/rome-3632318_1920-2.jpg\" class=\"elementor-section elementor-inner-section elementor-element elementor-element-66d3a1d elementor-section-height-min-height elementor-section-boxed elementor-section-height-default\" data-id=\"66d3a1d\" data-element_type=\"section\" data-settings=\"{&quot;jet_parallax_layout_list&quot;:[],&quot;background_background&quot;:&quot;classic&quot;,&quot;ekit_has_onepagescroll_dot&quot;:&quot;yes&quot;}\">\n\t\t\t\t\t\t<div class=\"elementor-container elementor-column-gap-default\">\n\t\t\t\t\t<div class=\"elementor-column elementor-col-100 elementor-inner-column elementor-element elementor-element-fe87e41\" data-id=\"fe87e41\" data-element_type=\"column\">\n\t\t\t<div class=\"elementor-widget-wrap\">\n\t\t\t\t\t\t\t<\/div>\n\t\t<\/div>\n\t\t\t\t\t<\/div>\n\t\t<\/section>\n\t\t\t\t<div class=\"elementor-element elementor-element-347d54d elementor-widget elementor-widget-heading\" data-id=\"347d54d\" data-element_type=\"widget\" data-settings=\"{&quot;ekit_we_effect_on&quot;:&quot;none&quot;}\" data-widget_type=\"heading.default\">\n\t\t\t\t<div class=\"elementor-widget-container\">\n\t\t\t<h5 class=\"elementor-heading-title elementor-size-default\">Kim byli rzymscy gladiatorzy?<\/h5>\t\t<\/div>\n\t\t\t\t<\/div>\n\t\t\t\t<div class=\"elementor-element elementor-element-4a8b2ba elementor-widget elementor-widget-text-editor\" data-id=\"4a8b2ba\" data-element_type=\"widget\" data-settings=\"{&quot;ekit_we_effect_on&quot;:&quot;none&quot;}\" data-widget_type=\"text-editor.default\">\n\t\t\t\t<div class=\"elementor-widget-container\">\n\t\t\t\t\t\t\t<p>Gladiatorzy byli niewolnikami, je\u0144cami wojennymi, ale tak\u017ce wolnymi lud\u017ami. Mo\u017cna by\u0142o r\u00f3wnie\u017c zosta\u0107 gladiatorem.<\/p><p>Od I wieku p.n.e., opr\u00f3cz je\u0144c\u00f3w wojennych, du\u017ca liczba niewolnik\u00f3w winnych bardzo powa\u017cnych przest\u0119pstw by\u0142a zmuszana do zostania gladiatorami.<\/p><p>Byli oni zobowi\u0105zani do wst\u0105pienia do szko\u0142y gladiator\u00f3w i w wi\u0119kszo\u015bci przypadk\u00f3w odraczano im wyrok \u015bmierci, ale mieli te\u017c mo\u017cliwo\u015b\u0107 rehabilitacji.<\/p><p>Niekt\u00f3rym gladiatorom uda\u0142o si\u0119 odzyska\u0107 miejsce w spo\u0142ecze\u0144stwie, walcz\u0105c na arenie i demonstruj\u0105c odwag\u0119 i umiej\u0119tno\u015bci dzi\u0119ki wyst\u0119pom, kt\u00f3re zdoby\u0142y uznanie widz\u00f3w.<\/p><p>Dla niekt\u00f3rych niewolnik\u00f3w perspektywa by\u0142a gorsza; niekt\u00f3rzy zostali skazani na \u015bmier\u0107 z r\u0105k dzikich bestii (ad bestias). Nawet obywatele, kt\u00f3rzy pope\u0142nili bardzo powa\u017cne przest\u0119pstwa, mogli zosta\u0107 skazani na okrutn\u0105 \u015bmier\u0107 na arenie, od miecza (ad gladium), a dla innych niewolnik\u00f3w by\u0142a jeszcze bardziej tragiczna \u015bmier\u0107 przez ukrzy\u017cowanie (crucifixio).<\/p><p>Wi\u0119kszo\u015b\u0107 gladiator\u00f3w by\u0142a zatem zmuszana do tej roli, ale nie brakowa\u0142o wolnych m\u0119\u017cczyzn, kt\u00f3rzy pojawiali si\u0119 dobrowolnie, poniewa\u017c fascynowa\u0142o ich ryzyko i przemoc.<\/p><p>M\u0119\u017cczy\u017ani ci zawierali kontrakt na okre\u015blony czas i wst\u0119powali do szk\u00f3\u0142 gladiator\u00f3w, aby przygotowa\u0107 si\u0119 do walk.<\/p><p>Wielu zrobi\u0142o to dla pieni\u0119dzy, innych przyci\u0105gn\u0119\u0142y silne emocje do\u015bwiadczane podczas walk, jeszcze inni, by zostawi\u0107 za sob\u0105 stan wielkiego ub\u00f3stwa, kt\u00f3ry bardzo utrudnia\u0142 im \u017cycie i znalezienie godnego miejsca w spo\u0142ecze\u0144stwie.<\/p><p>Wi\u0119kszo\u015b\u0107 wolnych obywateli, kt\u00f3rzy zaci\u0105gn\u0119li si\u0119 do wojska, to byli zwolnieni \u017co\u0142nierze, kt\u00f3rzy po do\u015bwiadczeniu tak wielkiej przemocy nie byli ju\u017c w stanie zintegrowa\u0107 si\u0119 z normalnym \u017cyciem w mie\u015bcie.<\/p><p>Zdarza\u0142o si\u0119 r\u00f3wnie\u017c, \u017ce synowie rycerzy i senator\u00f3w walczyli jako ochotnicy na arenie, by\u0107 mo\u017ce przez pewien czas i z mniej niebezpieczn\u0105 broni\u0105, prawdopodobnie po to, aby co\u015b udowodni\u0107 lub w jaki\u015b spos\u00f3b zmieni\u0107 swoje \u017cycie.<\/p><p>Niekt\u00f3rzy arystokraci r\u00f3wnie\u017c walczyli na arenie, nie przechodz\u0105c szkolenia w szko\u0142ach gladiator\u00f3w. Senatorowie i rycerze tymczasowo stawali si\u0119 gladiatorami dla zabawy lub dlatego, \u017ce byli do tego zmuszani przez cesarza, kt\u00f3ry chcia\u0142 ich czym\u015b obci\u0105\u017cy\u0107.<\/p><p>Najwyra\u017aniej nawet sami cesarze nie mogli oprze\u0107 si\u0119 urokowi walki w koloseum.<\/p><p>Niekt\u00f3rzy z nich, tacy jak Tytus, Hadrian, Kaligula i s\u0142ynny komik, kt\u00f3ry regularnie przebiera\u0142 si\u0119 za gladiatora, wyst\u0119powali na arenie.<\/p><p>Co ciekawe, wydaje si\u0119, \u017ce by\u0142o to prawdziwe hobby, rodzaj gry i rozrywki, i jasne jest, \u017ce \u017caden gladiator nigdy nie odwa\u017cy\u0142by si\u0119 skrzywdzi\u0107 swojego cesarza...<\/p>\t\t\t\t\t\t<\/div>\n\t\t\t\t<\/div>\n\t\t\t\t<section data-dce-background-image-url=\"https:\/\/colosseo-roma.it\/wp-content\/uploads\/2023\/03\/colosseum-75003_1920.jpg\" class=\"elementor-section elementor-inner-section elementor-element elementor-element-e433b2f elementor-section-height-min-height elementor-section-boxed elementor-section-height-default\" data-id=\"e433b2f\" data-element_type=\"section\" data-settings=\"{&quot;jet_parallax_layout_list&quot;:[],&quot;background_background&quot;:&quot;classic&quot;,&quot;ekit_has_onepagescroll_dot&quot;:&quot;yes&quot;}\">\n\t\t\t\t\t\t<div class=\"elementor-container elementor-column-gap-default\">\n\t\t\t\t\t<div class=\"elementor-column elementor-col-100 elementor-inner-column elementor-element elementor-element-9e57a8c\" data-id=\"9e57a8c\" data-element_type=\"column\">\n\t\t\t<div class=\"elementor-widget-wrap\">\n\t\t\t\t\t\t\t<\/div>\n\t\t<\/div>\n\t\t\t\t\t<\/div>\n\t\t<\/section>\n\t\t\t\t<div class=\"elementor-element elementor-element-4820706 elementor-widget elementor-widget-heading\" data-id=\"4820706\" data-element_type=\"widget\" data-settings=\"{&quot;ekit_we_effect_on&quot;:&quot;none&quot;}\" data-widget_type=\"heading.default\">\n\t\t\t\t<div class=\"elementor-widget-container\">\n\t\t\t<h5 class=\"elementor-heading-title elementor-size-default\">\u015arednia d\u0142ugo\u015b\u0107 \u017cycia rzymskich gladiator\u00f3w<\/h5>\t\t<\/div>\n\t\t\t\t<\/div>\n\t\t\t\t<div class=\"elementor-element elementor-element-95a5248 elementor-widget elementor-widget-text-editor\" data-id=\"95a5248\" data-element_type=\"widget\" data-settings=\"{&quot;ekit_we_effect_on&quot;:&quot;none&quot;}\" data-widget_type=\"text-editor.default\">\n\t\t\t\t<div class=\"elementor-widget-container\">\n\t\t\t\t\t\t\t<p>Jak\u0105 d\u0142ugo\u015b\u0107 \u017cycia mieli gladiatorzy? W jakich warunkach walczyli na arenie? Jak dla gladiatora mog\u0142a zako\u0144czy\u0107 si\u0119 walka na arenie?<\/p><p>K\u0142\u00f3tnie z kolegami i przyjaci\u00f3\u0142mi.<\/p><p>Walka gladiatora na arenie mog\u0142a zako\u0144czy\u0107 si\u0119 na pi\u0119\u0107 r\u00f3\u017cnych sposob\u00f3w: gladiator m\u00f3g\u0142 wygra\u0107 lub zosta\u0107 zabity, m\u00f3g\u0142 zosta\u0107 stracony przez lud lub przez cesarza po poddaniu si\u0119, m\u00f3g\u0142 opu\u015bci\u0107 aren\u0119 \u017cywy dzi\u0119ki \u0142asce, a je\u015bli walka zako\u0144czy\u0142a si\u0119 remisem, m\u00f3g\u0142 opu\u015bci\u0107 aren\u0119 razem ze swoim przeciwnikiem.<\/p><p>Za ka\u017cdym razem, gdy gladiator stawa\u0142 do walki, wiedzia\u0142, \u017ce prawdopodobie\u0144stwo jego \u015bmierci jest do\u015b\u0107 wysokie, zar\u00f3wno na arenie, jak i w wyniku odniesionych obra\u017ce\u0144. Gladiatorzy, kt\u00f3rzy zachowywali si\u0119 bohatersko, mieli wi\u0119ksze szanse na u\u0142askawienie ze strony ludu.<\/p><p>Wielu gladiator\u00f3w umiera\u0142o m\u0142odo nawet po jednej walce.<\/p><p>Pr\u00f3buj\u0105c wyobrazi\u0107 sobie stan umys\u0142u gladiator\u00f3w, gdy trenowali, gdy dzielili szko\u0142y i miejsce, w kt\u00f3rym mieszkali, przychodzi mi do g\u0142owy, \u017ce prawdopodobnie wielu z nich trudno by\u0142o zamieni\u0107 s\u0142owo z przyjacielem, kt\u00f3ry sta\u0142by si\u0119 wrogiem na arenie, z kt\u00f3rym mo\u017cna by si\u0119 zmierzy\u0107 i by\u0107 mo\u017ce zabi\u0107 lub przez kt\u00f3rego mo\u017cna by zosta\u0107 zabitym.<\/p><p>Stres, kt\u00f3remu codziennie poddawani byli gladiatorzy, z pewno\u015bci\u0105 nie by\u0142 piknikiem, a warunki \u017cycia nie nale\u017ca\u0142y do naj\u0142atwiejszych, zw\u0142aszcza dla tych, kt\u00f3rzy nie cieszyli si\u0119 dobr\u0105 reputacj\u0105 i byli uwa\u017cani za przeci\u0119tnych wojownik\u00f3w.<\/p><p>Wydaje si\u0119, \u017ce wielu gladiator\u00f3w, zw\u0142aszcza nowych rekrut\u00f3w, cz\u0119sto pr\u00f3bowa\u0142o uciec. Wydaje si\u0119 r\u00f3wnie\u017c, \u017ce wielu gladiator\u00f3w, kt\u00f3rzy nie byli uwa\u017cani za bohater\u00f3w i wielkich wojownik\u00f3w, \u017cyj\u0105c w bardzo trudnym codziennym \u017cyciu, wola\u0142o samob\u00f3jstwo od upokorzenia i bezhonorowej \u015bmierci, kt\u00f3ra mog\u0142a ich spotka\u0107 na arenie.<\/p>\t\t\t\t\t\t<\/div>\n\t\t\t\t<\/div>\n\t\t\t\t<section data-dce-background-image-url=\"https:\/\/colosseo-roma.it\/wp-content\/uploads\/2023\/03\/rome-173469_1920.jpg\" class=\"elementor-section elementor-inner-section elementor-element elementor-element-242c095 elementor-section-height-min-height elementor-section-boxed elementor-section-height-default\" data-id=\"242c095\" data-element_type=\"section\" data-settings=\"{&quot;jet_parallax_layout_list&quot;:[],&quot;background_background&quot;:&quot;classic&quot;,&quot;ekit_has_onepagescroll_dot&quot;:&quot;yes&quot;}\">\n\t\t\t\t\t\t<div class=\"elementor-container elementor-column-gap-default\">\n\t\t\t\t\t<div class=\"elementor-column elementor-col-100 elementor-inner-column elementor-element elementor-element-65b01bc\" data-id=\"65b01bc\" data-element_type=\"column\">\n\t\t\t<div class=\"elementor-widget-wrap\">\n\t\t\t\t\t\t\t<\/div>\n\t\t<\/div>\n\t\t\t\t\t<\/div>\n\t\t<\/section>\n\t\t\t\t<div class=\"elementor-element elementor-element-48304c1 elementor-widget elementor-widget-heading\" data-id=\"48304c1\" data-element_type=\"widget\" data-settings=\"{&quot;ekit_we_effect_on&quot;:&quot;none&quot;}\" data-widget_type=\"heading.default\">\n\t\t\t\t<div class=\"elementor-widget-container\">\n\t\t\t<h5 class=\"elementor-heading-title elementor-size-default\">Pochodzenie walk gladiator\u00f3w lub igrzysk gladiator\u00f3w<\/h5>\t\t<\/div>\n\t\t\t\t<\/div>\n\t\t\t\t<div class=\"elementor-element elementor-element-d6becbf elementor-widget elementor-widget-text-editor\" data-id=\"d6becbf\" data-element_type=\"widget\" data-settings=\"{&quot;ekit_we_effect_on&quot;:&quot;none&quot;}\" data-widget_type=\"text-editor.default\">\n\t\t\t\t<div class=\"elementor-widget-container\">\n\t\t\t\t\t\t\t<p>Jak zacz\u0119\u0142y si\u0119 walki gladiator\u00f3w lub igrzyska gladiator\u00f3w? Kiedy odbywa\u0142y si\u0119 walki gladiator\u00f3w?<\/p><p>Walki gladiator\u00f3w i kult zmar\u0142ych.<\/p><p>Walki gladiator\u00f3w (munera) wywodz\u0105 si\u0119 z kultu zmar\u0142ych. Widzimy, \u017ce ju\u017c w Iliadzie Homera wspomina si\u0119, \u017ce na cze\u015b\u0107 zmar\u0142ego bohatera Patroklosa odby\u0142y si\u0119 igrzyska pogrzebowe, a wi\u0119\u017aniowie zostali z\u0142o\u017ceni w ofierze, kt\u00f3rzy musieli walczy\u0107 ze sob\u0105 na \u015bmier\u0107 i \u017cycie. Uwa\u017cano, \u017ce dzi\u0119ki tym ofiarom duch zmar\u0142ego mo\u017ce znale\u017a\u0107 spok\u00f3j, prawdziwe magiczne rytua\u0142y<\/p><p>Najwyra\u017aniej pierwsze rzymskie ludi mo\u017cna prze\u015bledzi\u0107 do czas\u00f3w Tarkwiniusza Priskusa, kiedy Rzym znajdowa\u0142 si\u0119 pod wp\u0142ywem Etrusk\u00f3w, ale walki gladiator\u00f3w pojawi\u0142y si\u0119 znacznie p\u00f3\u017aniej.<\/p><p>W 264 r. p.n.e. odby\u0142a si\u0119 pierwsza walka gladiator\u00f3w na cze\u015b\u0107 10 Juniusa Brutusa Pera podczas ceremonii pogrzebowej.<\/p><p>Wkr\u00f3tce walki gladiator\u00f3w sta\u0142y si\u0119 nieodzownym elementem ceremonii pogrzebowych rzymskich szlachcic\u00f3w, ale tak\u017ce specjalnych wydarze\u0144 i uroczysto\u015bci rzymskiego \u017cycia.<\/p><p>\"[...] inferiae to ofiary za zmar\u0142ych, sk\u0142adane kr\u00f3lestwu zmar\u0142ych. Niew\u0105tpliwie zwyczajem by\u0142o zabijanie je\u0144c\u00f3w wojennych przed grobami dzielnych ludzi: poniewa\u017c zwyczaj ten wydawa\u0142 si\u0119 okrutny, wydawa\u0142o si\u0119 w\u0142a\u015bciwe, aby gladiatorzy zwani bustuarii, od busta [...] walczyli przed grobami.<\/p><p>(komentarze w vergili aeneidos, ksi\u0119ga x, 519)<\/p><p>Opr\u00f3cz walk gladiator\u00f3w, egzekucji i pokaz\u00f3w polowa\u0144 z dzikimi zwierz\u0119tami, dodano tak\u017ce tragedie i komedie, a od 186 r. p.n.e. Greccy zawodowi sportowcy r\u00f3wnie\u017c zacz\u0119li wyst\u0119powa\u0107 w Rzymie.<\/p><p>Innym wielkim widowiskiem by\u0142 wy\u015bcig rydwan\u00f3w, w kt\u00f3rym ten, kto pierwszy przekroczy\u0142 lini\u0119 mety z rydwanem ci\u0105gni\u0119tym przez cztery konie, zyska\u0142 wielk\u0105 s\u0142aw\u0119 w\u015br\u00f3d rzymskiego ludu.<\/p><p>Ale pomimo r\u00f3\u017cnorodno\u015bci widowisk, faworytem zawsze by\u0142y walki gladiator\u00f3w, kt\u00f3re by\u0142y organizowane przez urz\u0119dnik\u00f3w publicznych wybieranych przez lud.<\/p><p>Aby sta\u0107 si\u0119 kim\u015b i zosta\u0107 docenionym przez ludzi, trzeba by\u0142o stworzy\u0107 niezapomniane widowisko z r\u00f3\u017cnymi wystawnymi i drogimi rozrywkami.<\/p>\t\t\t\t\t\t<\/div>\n\t\t\t\t<\/div>\n\t\t\t\t\t<\/div>\n\t\t<\/div>\n\t\t\t\t\t<\/div>\n\t\t<\/section>\n\t\t\t\t<\/div>","protected":false},"excerpt":{"rendered":"<p>Gladiator W amfiteatrze Flawiusz\u00f3w po po\u0142udniu odbywa\u0142y si\u0119 walki gladiator\u00f3w. Ich nazwa pochodzi od kr\u00f3tkiego miecza, kt\u00f3rego u\u017cywali w walkach: \"gladius\". Rzymski gladiator uczy\u0142 si\u0119 sztuki walki gladiatorskiej w \"ludi\", szko\u0142ach, kt\u00f3re by\u0142y barakami bardzo podobnymi do wi\u0119zie\u0144 znajduj\u0105cych si\u0119 w ca\u0142ym imperium; spa\u0142 w ma\u0142ych celach u\u0142o\u017conych [...].<\/p>","protected":false},"author":1,"featured_media":0,"parent":556,"menu_order":2,"comment_status":"closed","ping_status":"closed","template":"","meta":{"site-sidebar-layout":"no-sidebar","site-content-layout":"page-builder","ast-site-content-layout":"full-width-container","site-content-style":"unboxed","site-sidebar-style":"unboxed","ast-global-header-display":"","ast-banner-title-visibility":"","ast-main-header-display":"","ast-hfb-above-header-display":"","ast-hfb-below-header-display":"","ast-hfb-mobile-header-display":"","site-post-title":"disabled","ast-breadcrumbs-content":"","ast-featured-img":"disabled","footer-sml-layout":"","ast-disable-related-posts":"","theme-transparent-header-meta":"default","adv-header-id-meta":"","stick-header-meta":"","header-above-stick-meta":"","header-main-stick-meta":"","header-below-stick-meta":"","astra-migrate-meta-layouts":"set","ast-page-background-enabled":"default","ast-page-background-meta":{"desktop":{"background-color":"var(--ast-global-color-4)","background-image":"","background-repeat":"repeat","background-position":"center center","background-size":"auto","background-attachment":"scroll","background-type":"","background-media":"","overlay-type":"","overlay-color":"","overlay-opacity":"","overlay-gradient":""},"tablet":{"background-color":"","background-image":"","background-repeat":"repeat","background-position":"center center","background-size":"auto","background-attachment":"scroll","background-type":"","background-media":"","overlay-type":"","overlay-color":"","overlay-opacity":"","overlay-gradient":""},"mobile":{"background-color":"","background-image":"","background-repeat":"repeat","background-position":"center center","background-size":"auto","background-attachment":"scroll","background-type":"","background-media":"","overlay-type":"","overlay-color":"","overlay-opacity":"","overlay-gradient":""}},"ast-content-background-meta":{"desktop":{"background-color":"var(--ast-global-color-5)","background-image":"","background-repeat":"repeat","background-position":"center center","background-size":"auto","background-attachment":"scroll","background-type":"","background-media":"","overlay-type":"","overlay-color":"","overlay-opacity":"","overlay-gradient":""},"tablet":{"background-color":"var(--ast-global-color-5)","background-image":"","background-repeat":"repeat","background-position":"center center","background-size":"auto","background-attachment":"scroll","background-type":"","background-media":"","overlay-type":"","overlay-color":"","overlay-opacity":"","overlay-gradient":""},"mobile":{"background-color":"var(--ast-global-color-5)","background-image":"","background-repeat":"repeat","background-position":"center center","background-size":"auto","background-attachment":"scroll","background-type":"","background-media":"","overlay-type":"","overlay-color":"","overlay-opacity":"","overlay-gradient":""}},"iawp_total_views":3072,"footnotes":""},"class_list":["post-61","page","type-page","status-publish","hentry"],"_links":{"self":[{"href":"https:\/\/colosseo-roma.it\/pl\/wp-json\/wp\/v2\/pages\/61","targetHints":{"allow":["GET"]}}],"collection":[{"href":"https:\/\/colosseo-roma.it\/pl\/wp-json\/wp\/v2\/pages"}],"about":[{"href":"https:\/\/colosseo-roma.it\/pl\/wp-json\/wp\/v2\/types\/page"}],"author":[{"embeddable":true,"href":"https:\/\/colosseo-roma.it\/pl\/wp-json\/wp\/v2\/users\/1"}],"replies":[{"embeddable":true,"href":"https:\/\/colosseo-roma.it\/pl\/wp-json\/wp\/v2\/comments?post=61"}],"version-history":[{"count":0,"href":"https:\/\/colosseo-roma.it\/pl\/wp-json\/wp\/v2\/pages\/61\/revisions"}],"up":[{"embeddable":true,"href":"https:\/\/colosseo-roma.it\/pl\/wp-json\/wp\/v2\/pages\/556"}],"wp:attachment":[{"href":"https:\/\/colosseo-roma.it\/pl\/wp-json\/wp\/v2\/media?parent=61"}],"curies":[{"name":"wp","href":"https:\/\/api.w.org\/{rel}","templated":true}]}}