{"id":67,"date":"2023-03-10T11:33:14","date_gmt":"2023-03-10T10:33:14","guid":{"rendered":"https:\/\/wordpress-1074717-3818660.cloudwaysapps.com\/?page_id=67"},"modified":"2026-01-26T09:42:33","modified_gmt":"2026-01-26T08:42:33","slug":"titus-arch","status":"publish","type":"page","link":"https:\/\/colosseo-roma.it\/pl\/rzymianie\/zabytki-rzymu\/titus-arch\/","title":{"rendered":"Titus Arch"},"content":{"rendered":"<div data-elementor-type=\"wp-page\" data-elementor-id=\"67\" class=\"elementor elementor-67\" data-elementor-post-type=\"page\">\n\t\t\t\t\t\t<section class=\"elementor-section elementor-top-section elementor-element elementor-element-84795ff elementor-section-boxed elementor-section-height-default elementor-section-height-default\" data-id=\"84795ff\" data-element_type=\"section\" data-settings=\"{&quot;jet_parallax_layout_list&quot;:[],&quot;ekit_has_onepagescroll_dot&quot;:&quot;yes&quot;}\">\n\t\t\t\t\t\t<div class=\"elementor-container elementor-column-gap-default\">\n\t\t\t\t\t<div class=\"elementor-column elementor-col-100 elementor-top-column elementor-element elementor-element-7446d0e\" data-id=\"7446d0e\" data-element_type=\"column\">\n\t\t\t<div class=\"elementor-widget-wrap elementor-element-populated\">\n\t\t\t\t\t\t<div class=\"elementor-element elementor-element-2e239bb elementor-widget elementor-widget-heading\" data-id=\"2e239bb\" data-element_type=\"widget\" data-settings=\"{&quot;ekit_we_effect_on&quot;:&quot;none&quot;}\" data-widget_type=\"heading.default\">\n\t\t\t\t<div class=\"elementor-widget-container\">\n\t\t\t<h1 class=\"elementor-heading-title elementor-size-default\">Titus Arch<\/h1>\t\t<\/div>\n\t\t\t\t<\/div>\n\t\t\t\t<div class=\"elementor-element elementor-element-d7ac2d1 elementor-widget elementor-widget-heading\" data-id=\"d7ac2d1\" data-element_type=\"widget\" data-settings=\"{&quot;ekit_we_effect_on&quot;:&quot;none&quot;}\" data-widget_type=\"heading.default\">\n\t\t\t\t<div class=\"elementor-widget-container\">\n\t\t\t<h5 class=\"elementor-heading-title elementor-size-default\">\u0141uk Tytusa. \u0141uk triumfalny, pomnik b\u0119d\u0105cy \u015bwiadkiem podboj\u00f3w w staro\u017cytnym Rzymie.<\/h5>\t\t<\/div>\n\t\t\t\t<\/div>\n\t\t\t\t<div class=\"elementor-element elementor-element-5c2bbd4 elementor-widget elementor-widget-jet-unfold\" data-id=\"5c2bbd4\" data-element_type=\"widget\" data-settings=\"{&quot;mask_height&quot;:{&quot;unit&quot;:&quot;px&quot;,&quot;size&quot;:50,&quot;sizes&quot;:[]},&quot;mask_height_tablet&quot;:{&quot;unit&quot;:&quot;px&quot;,&quot;size&quot;:&quot;&quot;,&quot;sizes&quot;:[]},&quot;mask_height_mobile&quot;:{&quot;unit&quot;:&quot;px&quot;,&quot;size&quot;:&quot;&quot;,&quot;sizes&quot;:[]},&quot;unfold_duration&quot;:{&quot;unit&quot;:&quot;ms&quot;,&quot;size&quot;:500,&quot;sizes&quot;:[]},&quot;unfold_easing&quot;:&quot;easeOutBack&quot;,&quot;fold_duration&quot;:{&quot;unit&quot;:&quot;ms&quot;,&quot;size&quot;:300,&quot;sizes&quot;:[]},&quot;fold_easing&quot;:&quot;easeOutSine&quot;,&quot;ekit_we_effect_on&quot;:&quot;none&quot;}\" data-widget_type=\"jet-unfold.default\">\n\t\t\t\t<div class=\"elementor-widget-container\">\n\t\t\t\t\t<div class=\"jet-unfold\" data-settings=\"{&quot;height&quot;:{&quot;unit&quot;:&quot;px&quot;,&quot;size&quot;:50,&quot;sizes&quot;:[]},&quot;separatorHeight&quot;:{&quot;unit&quot;:&quot;px&quot;,&quot;size&quot;:10,&quot;sizes&quot;:[]},&quot;unfoldDuration&quot;:{&quot;unit&quot;:&quot;ms&quot;,&quot;size&quot;:500,&quot;sizes&quot;:[]},&quot;foldDuration&quot;:{&quot;unit&quot;:&quot;ms&quot;,&quot;size&quot;:300,&quot;sizes&quot;:[]},&quot;unfoldEasing&quot;:&quot;easeOutBack&quot;,&quot;foldEasing&quot;:&quot;easeOutSine&quot;,&quot;foldScrolling&quot;:&quot;false&quot;,&quot;hideOutsideClick&quot;:&quot;false&quot;,&quot;autoHide&quot;:&quot;false&quot;,&quot;autoHideTime&quot;:&quot;&quot;,&quot;foldScrollOffset&quot;:null}\">\n\t\t\t<div class=\"jet-unfold__inner\">\n\t\t\t\t<div class=\"jet-unfold__mask\">\n\t\t\t\t\t<div class=\"jet-unfold__content\">\n\t\t\t\t\t\t<div class=\"jet-unfold__content-inner elementor-text-editor elementor-clearfix\">\u0141uk Tytusa zosta\u0142 zbudowany w niepewnym okresie mi\u0119dzy 81 a 100 rokiem n.e..\n\nInskrypcja na attyce (strona zwr\u00f3cona w stron\u0119 forum) zawiera dedykacj\u0119 dla cesarza Tytusa od senatu: \"senatus populus que Romanus divo titus divi vespasianus f vespasianus augustus\", a zatem pomnik zosta\u0142 z pewno\u015bci\u0105 wzniesiony po jego \u015bmierci w 81 roku n.e..\n\nJest to \u0142uk triumfalny upami\u0119tniaj\u0105cy zdobycie Jerozolimy przez Tytusa w 70 roku naszej ery. \u0141uk zbudowany jest z pojedynczego forniru i w opus quadratum z marmuru pentelickiego, wewn\u0119trzny rdze\u0144 jest betonowy, a cok\u00f3\u0142 z trawertynu.\n\n\u0141uk flankowany jest przez kompozytowe p\u00f3\u0142kolumny, z kt\u00f3rych \u015brodkowe maj\u0105 \u017cebrowane trzony, a te w rogach g\u0142adkie trzony. Nad kolumnami znajduje si\u0119 belkowanie z jo\u0144skim epistylem przedstawiaj\u0105cym ofiar\u0119, z\u0105bkowany gzyms i wsporniki, a ca\u0142o\u015b\u0107 zwie\u0144czona jest wysok\u0105 attyk\u0105.\n\nW sklepieniu znajduje si\u0119 pi\u0119kna dekoracja kasetonowa w centrum przedstawiaj\u0105ca or\u0142a zabieraj\u0105cego Tytusa do nieba po jego \u015bmierci. Dwie p\u0142askorze\u017aby na \u015bcianach wewn\u0119trznych przedstawiaj\u0105 momenty triumfu w zwyci\u0119stwie nad \u017bydami.\n\nPo po\u0142udniowej stronie znajduje si\u0119 przedstawienie procesji przechodz\u0105cej przez bram\u0119 triumfaln\u0105 z nios\u0105cymi \u015bwi\u0119te przedmioty \u017cydowskiego rytua\u0142u zrabowane ze \u015bwi\u0105tyni w Jerozolimie: dwie srebrne tr\u0105by wzywaj\u0105ce wiernych do modlitwy, st\u00f3\u0142 ze \u015bwi\u0119tymi naczyniami, siedmioramienny z\u0142oty \u015bwiecznik.\n\nPo p\u00f3\u0142nocnej stronie przedstawiony jest cesarz Tytus triumfuj\u0105cy na kwadrydze, podczas gdy za nim skrzydlate zwyci\u0119stwo wie\u0144czy go, z uzbrojon\u0105 bogini\u0105 Rzymu towarzysz\u0105c\u0105 mu na Kapitol, a po prawej p\u00f3\u0142naga posta\u0107, kt\u00f3ra by\u0107 mo\u017ce jest kolejn\u0105 alegori\u0105, geniuszem ludu rzymskiego.\n\nPomnik przetrwa\u0142 w bardzo dobrym stanie, poniewa\u017c w \u015bredniowieczu zosta\u0142 w\u0142\u0105czony do twierdzy Frangiane i zintegrowany z trawertynem w 1822 roku przez Valdieriego. \u0141uk Tytusa jest tak dobrze znany, \u017ce nawet belli, w sonecie, mistrzowsko go zilustrowa\u0142.<\/div>\n\t\t\t\t\t<\/div>\n\t\t\t\t\t<div class=\"jet-unfold__separator\"><\/div>\n\t\t\t\t<\/div>\n\t\t\t\t<div class=\"jet-unfold__trigger\"><div class=\"jet-unfold__button elementor-button elementor-size-md\" href=\"#\" data-unfold-text=\"Mostra di pi\u00f9\" data-fold-text=\"Mostra meno\" data-fold-icon=\"&lt;i aria-hidden=&quot;true&quot; class=&quot;fas fa-chevron-up&quot;&gt;&lt;\/i&gt;\" data-unfold-icon=\"&lt;i aria-hidden=&quot;true&quot; class=&quot;fas fa-chevron-down&quot;&gt;&lt;\/i&gt;\" tabindex=\"0\" role=\"button\"><span class=\"jet-unfold__button-icon jet-tricks-icon\"><i aria-hidden=\"true\" class=\"fas fa-chevron-down\"><\/i><\/span><span class=\"jet-unfold__button-text\">Poka\u017c wi\u0119cej<\/span><\/div>\t\t\t\t<\/div>\n\t\t\t<\/div>\n\t\t<\/div>\n\t\t\t\t<\/div>\n\t\t\t\t<\/div>\n\t\t\t\t\t<\/div>\n\t\t<\/div>\n\t\t\t\t\t<\/div>\n\t\t<\/section>\n\t\t\t\t<\/div>","protected":false},"excerpt":{"rendered":"<p>\u0141uk Tytusa \u0141uk Tytusa. \u0141uk triumfalny, pomnik \u015bwiadcz\u0105cy o podbojach staro\u017cytnego Rzymu. \u0141uk Tytusa zosta\u0142 zbudowany w niepewnym okresie mi\u0119dzy 81 a 100 rokiem n.e.. Inskrypcja na attyce (od strony forum) zawiera dedykacj\u0119 dla cesarza Tytusa od senatu: \"senatus populus que romanus divo titus divi vespasiani f [...].<\/p>","protected":false},"author":1,"featured_media":0,"parent":63,"menu_order":2,"comment_status":"closed","ping_status":"closed","template":"","meta":{"site-sidebar-layout":"no-sidebar","site-content-layout":"page-builder","ast-site-content-layout":"full-width-container","site-content-style":"unboxed","site-sidebar-style":"unboxed","ast-global-header-display":"","ast-banner-title-visibility":"","ast-main-header-display":"","ast-hfb-above-header-display":"","ast-hfb-below-header-display":"","ast-hfb-mobile-header-display":"","site-post-title":"disabled","ast-breadcrumbs-content":"","ast-featured-img":"disabled","footer-sml-layout":"","ast-disable-related-posts":"","theme-transparent-header-meta":"default","adv-header-id-meta":"","stick-header-meta":"","header-above-stick-meta":"","header-main-stick-meta":"","header-below-stick-meta":"","astra-migrate-meta-layouts":"set","ast-page-background-enabled":"default","ast-page-background-meta":{"desktop":{"background-color":"var(--ast-global-color-4)","background-image":"","background-repeat":"repeat","background-position":"center center","background-size":"auto","background-attachment":"scroll","background-type":"","background-media":"","overlay-type":"","overlay-color":"","overlay-opacity":"","overlay-gradient":""},"tablet":{"background-color":"","background-image":"","background-repeat":"repeat","background-position":"center center","background-size":"auto","background-attachment":"scroll","background-type":"","background-media":"","overlay-type":"","overlay-color":"","overlay-opacity":"","overlay-gradient":""},"mobile":{"background-color":"","background-image":"","background-repeat":"repeat","background-position":"center center","background-size":"auto","background-attachment":"scroll","background-type":"","background-media":"","overlay-type":"","overlay-color":"","overlay-opacity":"","overlay-gradient":""}},"ast-content-background-meta":{"desktop":{"background-color":"var(--ast-global-color-5)","background-image":"","background-repeat":"repeat","background-position":"center center","background-size":"auto","background-attachment":"scroll","background-type":"","background-media":"","overlay-type":"","overlay-color":"","overlay-opacity":"","overlay-gradient":""},"tablet":{"background-color":"var(--ast-global-color-5)","background-image":"","background-repeat":"repeat","background-position":"center center","background-size":"auto","background-attachment":"scroll","background-type":"","background-media":"","overlay-type":"","overlay-color":"","overlay-opacity":"","overlay-gradient":""},"mobile":{"background-color":"var(--ast-global-color-5)","background-image":"","background-repeat":"repeat","background-position":"center center","background-size":"auto","background-attachment":"scroll","background-type":"","background-media":"","overlay-type":"","overlay-color":"","overlay-opacity":"","overlay-gradient":""}},"iawp_total_views":458,"footnotes":""},"class_list":["post-67","page","type-page","status-publish","hentry"],"_links":{"self":[{"href":"https:\/\/colosseo-roma.it\/pl\/wp-json\/wp\/v2\/pages\/67","targetHints":{"allow":["GET"]}}],"collection":[{"href":"https:\/\/colosseo-roma.it\/pl\/wp-json\/wp\/v2\/pages"}],"about":[{"href":"https:\/\/colosseo-roma.it\/pl\/wp-json\/wp\/v2\/types\/page"}],"author":[{"embeddable":true,"href":"https:\/\/colosseo-roma.it\/pl\/wp-json\/wp\/v2\/users\/1"}],"replies":[{"embeddable":true,"href":"https:\/\/colosseo-roma.it\/pl\/wp-json\/wp\/v2\/comments?post=67"}],"version-history":[{"count":0,"href":"https:\/\/colosseo-roma.it\/pl\/wp-json\/wp\/v2\/pages\/67\/revisions"}],"up":[{"embeddable":true,"href":"https:\/\/colosseo-roma.it\/pl\/wp-json\/wp\/v2\/pages\/63"}],"wp:attachment":[{"href":"https:\/\/colosseo-roma.it\/pl\/wp-json\/wp\/v2\/media?parent=67"}],"curies":[{"name":"wp","href":"https:\/\/api.w.org\/{rel}","templated":true}]}}