{"id":75,"date":"2023-03-10T11:34:18","date_gmt":"2023-03-10T10:34:18","guid":{"rendered":"https:\/\/wordpress-1074717-3818660.cloudwaysapps.com\/?page_id=75"},"modified":"2026-01-26T16:43:10","modified_gmt":"2026-01-26T15:43:10","slug":"drogi","status":"publish","type":"page","link":"https:\/\/colosseo-roma.it\/pl\/rzymianie\/drogi\/","title":{"rendered":"Drogi"},"content":{"rendered":"<div data-elementor-type=\"wp-page\" data-elementor-id=\"75\" class=\"elementor elementor-75\" data-elementor-post-type=\"page\">\n\t\t\t\t\t\t<section class=\"elementor-section elementor-top-section elementor-element elementor-element-20d3f94 elementor-section-boxed elementor-section-height-default elementor-section-height-default\" data-id=\"20d3f94\" data-element_type=\"section\" data-settings=\"{&quot;jet_parallax_layout_list&quot;:[],&quot;ekit_has_onepagescroll_dot&quot;:&quot;yes&quot;}\">\n\t\t\t\t\t\t<div class=\"elementor-container elementor-column-gap-default\">\n\t\t\t\t\t<div class=\"elementor-column elementor-col-100 elementor-top-column elementor-element elementor-element-8dcfdf6\" data-id=\"8dcfdf6\" data-element_type=\"column\" data-settings=\"{&quot;background_background&quot;:&quot;classic&quot;}\">\n\t\t\t<div class=\"elementor-widget-wrap elementor-element-populated\">\n\t\t\t\t\t\t<div class=\"elementor-element elementor-element-90d4d47 elementor-widget elementor-widget-heading\" data-id=\"90d4d47\" data-element_type=\"widget\" data-settings=\"{&quot;ekit_we_effect_on&quot;:&quot;none&quot;}\" data-widget_type=\"heading.default\">\n\t\t\t\t<div class=\"elementor-widget-container\">\n\t\t\t<h1 class=\"elementor-heading-title elementor-size-default\">Rzymskie drogi<\/h1>\t\t<\/div>\n\t\t\t\t<\/div>\n\t\t\t\t<section class=\"elementor-section elementor-inner-section elementor-element elementor-element-b221d95 elementor-section-boxed elementor-section-height-default elementor-section-height-default\" data-id=\"b221d95\" data-element_type=\"section\" data-settings=\"{&quot;jet_parallax_layout_list&quot;:[],&quot;ekit_has_onepagescroll_dot&quot;:&quot;yes&quot;}\">\n\t\t\t\t\t\t<div class=\"elementor-container elementor-column-gap-default\">\n\t\t\t\t\t<div class=\"elementor-column elementor-col-100 elementor-inner-column elementor-element elementor-element-fcda83b\" data-id=\"fcda83b\" data-element_type=\"column\">\n\t\t\t<div class=\"elementor-widget-wrap elementor-element-populated\">\n\t\t\t\t\t\t<div class=\"elementor-element elementor-element-838b60b elementor-widget elementor-widget-heading\" data-id=\"838b60b\" data-element_type=\"widget\" data-settings=\"{&quot;ekit_we_effect_on&quot;:&quot;none&quot;}\" data-widget_type=\"heading.default\">\n\t\t\t\t<div class=\"elementor-widget-container\">\n\t\t\t<h2 class=\"elementor-heading-title elementor-size-default\">Przedstawiamy g\u0142\u00f3wne drogi Imperium Rzymskiego<\/h2>\t\t<\/div>\n\t\t\t\t<\/div>\n\t\t\t\t<div class=\"elementor-element elementor-element-a1607c0 elementor-widget elementor-widget-text-editor\" data-id=\"a1607c0\" data-element_type=\"widget\" data-settings=\"{&quot;ekit_we_effect_on&quot;:&quot;none&quot;}\" data-widget_type=\"text-editor.default\">\n\t\t\t\t<div class=\"elementor-widget-container\">\n\t\t\t\t\t\t\t<p>Wielkie rzymskie drogi, tak zwane Drogi Konsularne, przecina\u0142y W\u0142ochy od czas\u00f3w staro\u017cytnych, a my podr\u00f3\u017cujemy nimi do dzi\u015b, by\u0107 mo\u017ce zupe\u0142nie o nich nie wiedz\u0105c.<\/p>\t\t\t\t\t\t<\/div>\n\t\t\t\t<\/div>\n\t\t\t\t\t<\/div>\n\t\t<\/div>\n\t\t\t\t\t<\/div>\n\t\t<\/section>\n\t\t\t\t<section class=\"elementor-section elementor-inner-section elementor-element elementor-element-dbfa3bf elementor-section-boxed elementor-section-height-default elementor-section-height-default\" data-id=\"dbfa3bf\" data-element_type=\"section\" data-settings=\"{&quot;jet_parallax_layout_list&quot;:[],&quot;ekit_has_onepagescroll_dot&quot;:&quot;yes&quot;}\">\n\t\t\t\t\t\t<div class=\"elementor-container elementor-column-gap-default\">\n\t\t\t\t\t<div class=\"elementor-column elementor-col-100 elementor-inner-column elementor-element elementor-element-cefc636\" data-id=\"cefc636\" data-element_type=\"column\">\n\t\t\t<div class=\"elementor-widget-wrap elementor-element-populated\">\n\t\t\t\t\t\t<div class=\"elementor-element elementor-element-bf84a9e elementor-widget elementor-widget-heading\" data-id=\"bf84a9e\" data-element_type=\"widget\" data-settings=\"{&quot;ekit_we_effect_on&quot;:&quot;none&quot;}\" data-widget_type=\"heading.default\">\n\t\t\t\t<div class=\"elementor-widget-container\">\n\t\t\t<h3 class=\"elementor-heading-title elementor-size-default\">Pierwsze rzymskie drogi konsularne<\/h3>\t\t<\/div>\n\t\t\t\t<\/div>\n\t\t\t\t<div class=\"elementor-element elementor-element-5772e8d elementor-widget elementor-widget-text-editor\" data-id=\"5772e8d\" data-element_type=\"widget\" data-settings=\"{&quot;ekit_we_effect_on&quot;:&quot;none&quot;}\" data-widget_type=\"text-editor.default\">\n\t\t\t\t<div class=\"elementor-widget-container\">\n\t\t\t\t\t\t\t<p>Wszystkie drogi konsularne s\u0105 namacalnym dowodem wielko\u015bci Rzymu, a w szczeg\u00f3lno\u015bci staro\u017cytnej cywilizacji rzymskiej. To w\u0142a\u015bnie po staro\u017cytnych Rzymianach odziedziczyli\u015bmy to, co do dzi\u015b stanowi nasz g\u0142\u00f3wny szkielet po\u0142\u0105cze\u0144 miejskich, kt\u00f3re przecinaj\u0105 ca\u0142y kraj.<\/p><p>Rzymianie byli pierwszymi, kt\u00f3rzy wprowadzili potrzeb\u0119 podr\u00f3\u017cowania do swojej cywilizacji, dlatego stworzyli g\u0119st\u0105 sie\u0107 dr\u00f3g, aby dotrze\u0107 do ka\u017cdego cywilizowanego i podbitego miejsca. W miar\u0119 rozrastania si\u0119 imperium, sie\u0107 dr\u00f3g by\u0142a automatycznie rozszerzana i rozwijana wzd\u0142u\u017c g\u0142\u00f3wnego kr\u0119gos\u0142upa, od kt\u00f3rego odga\u0142\u0119zia\u0142y si\u0119 niezliczone drogi drugorz\u0119dne, kt\u00f3re s\u0142u\u017cy\u0142y jako w\u0119ze\u0142 przesiadkowy mi\u0119dzy du\u017cymi miastami, przedmie\u015bciami i obszarami wiejskimi.<\/p>\t\t\t\t\t\t<\/div>\n\t\t\t\t<\/div>\n\t\t\t\t\t<\/div>\n\t\t<\/div>\n\t\t\t\t\t<\/div>\n\t\t<\/section>\n\t\t\t\t<section class=\"elementor-section elementor-inner-section elementor-element elementor-element-c72268a elementor-section-boxed elementor-section-height-default elementor-section-height-default\" data-id=\"c72268a\" data-element_type=\"section\" data-settings=\"{&quot;jet_parallax_layout_list&quot;:[],&quot;ekit_has_onepagescroll_dot&quot;:&quot;yes&quot;}\">\n\t\t\t\t\t\t<div class=\"elementor-container elementor-column-gap-default\">\n\t\t\t\t\t<div class=\"elementor-column elementor-col-100 elementor-inner-column elementor-element elementor-element-9e88167\" data-id=\"9e88167\" data-element_type=\"column\">\n\t\t\t<div class=\"elementor-widget-wrap elementor-element-populated\">\n\t\t\t\t\t\t<div class=\"elementor-element elementor-element-74974e5 elementor-widget elementor-widget-heading\" data-id=\"74974e5\" data-element_type=\"widget\" data-settings=\"{&quot;ekit_we_effect_on&quot;:&quot;none&quot;}\" data-widget_type=\"heading.default\">\n\t\t\t\t<div class=\"elementor-widget-container\">\n\t\t\t<h3 class=\"elementor-heading-title elementor-size-default\">Wszystkie prowincje by\u0142y po\u0142\u0105czone z Rzymem<\/h3>\t\t<\/div>\n\t\t\t\t<\/div>\n\t\t\t\t<div class=\"elementor-element elementor-element-1a008de elementor-widget elementor-widget-text-editor\" data-id=\"1a008de\" data-element_type=\"widget\" data-settings=\"{&quot;ekit_we_effect_on&quot;:&quot;none&quot;}\" data-widget_type=\"text-editor.default\">\n\t\t\t\t<div class=\"elementor-widget-container\">\n\t\t\t\t\t\t\t<p>Rzymowi uda\u0142o si\u0119 stworzy\u0107 sie\u0107 dr\u00f3g, kt\u00f3ra obejmowa\u0142a wszystkie rzymskie prowincje i umo\u017cliwia\u0142a dotarcie do stolicy ze wszystkich cz\u0119\u015bci imperium.<\/p>\t\t\t\t\t\t<\/div>\n\t\t\t\t<\/div>\n\t\t\t\t\t<\/div>\n\t\t<\/div>\n\t\t\t\t\t<\/div>\n\t\t<\/section>\n\t\t\t\t<section class=\"elementor-section elementor-inner-section elementor-element elementor-element-7dbce42 elementor-section-boxed elementor-section-height-default elementor-section-height-default\" data-id=\"7dbce42\" data-element_type=\"section\" data-settings=\"{&quot;jet_parallax_layout_list&quot;:[],&quot;ekit_has_onepagescroll_dot&quot;:&quot;yes&quot;}\">\n\t\t\t\t\t\t<div class=\"elementor-container elementor-column-gap-default\">\n\t\t\t\t\t<div class=\"elementor-column elementor-col-100 elementor-inner-column elementor-element elementor-element-c0def74\" data-id=\"c0def74\" data-element_type=\"column\">\n\t\t\t<div class=\"elementor-widget-wrap elementor-element-populated\">\n\t\t\t\t\t\t<div class=\"elementor-element elementor-element-5e8b5eb elementor-widget elementor-widget-heading\" data-id=\"5e8b5eb\" data-element_type=\"widget\" data-settings=\"{&quot;ekit_we_effect_on&quot;:&quot;none&quot;}\" data-widget_type=\"heading.default\">\n\t\t\t\t<div class=\"elementor-widget-container\">\n\t\t\t<h3 class=\"elementor-heading-title elementor-size-default\">System budowy dr\u00f3g jest badany do dzi\u015b<\/h3>\t\t<\/div>\n\t\t\t\t<\/div>\n\t\t\t\t<div class=\"elementor-element elementor-element-f8d066c elementor-widget elementor-widget-text-editor\" data-id=\"f8d066c\" data-element_type=\"widget\" data-settings=\"{&quot;ekit_we_effect_on&quot;:&quot;none&quot;}\" data-widget_type=\"text-editor.default\">\n\t\t\t\t<div class=\"elementor-widget-container\">\n\t\t\t\t\t\t\t<p>Jeste\u015bmy zatem \u015bwiadkami dzie\u0142 wysokiej in\u017cynierii, kt\u00f3re wci\u0105\u017c s\u0105 niewyt\u0142umaczalne zar\u00f3wno ze wzgl\u0119du na ogromne po\u015bwi\u0119cenie na budow\u0119 i ilo\u015b\u0107 transportowanych materia\u0142\u00f3w - pami\u0119tajmy, \u017ce rzymskie drogi by\u0142y w ca\u0142o\u015bci wy\u0142o\u017cone kamiennymi p\u0142ytami wraz z poboczami - jak i na skrupulatne badania geoarcheologiczne. W \u017cywej pami\u0119ci nie ma \u017cadnych wspomnie\u0144 o rzymskiej drodze, kt\u00f3ra kiedykolwiek si\u0119 zawali\u0142a; wszystkie prace poprzedzaj\u0105ce budow\u0119 s\u0105 nadal badane.<\/p>\t\t\t\t\t\t<\/div>\n\t\t\t\t<\/div>\n\t\t\t\t\t<\/div>\n\t\t<\/div>\n\t\t\t\t\t<\/div>\n\t\t<\/section>\n\t\t\t\t<section class=\"elementor-section elementor-inner-section elementor-element elementor-element-4e0761d elementor-section-boxed elementor-section-height-default elementor-section-height-default\" data-id=\"4e0761d\" data-element_type=\"section\" data-settings=\"{&quot;jet_parallax_layout_list&quot;:[],&quot;ekit_has_onepagescroll_dot&quot;:&quot;yes&quot;}\">\n\t\t\t\t\t\t<div class=\"elementor-container elementor-column-gap-default\">\n\t\t\t\t\t<div class=\"elementor-column elementor-col-100 elementor-inner-column elementor-element elementor-element-a805c03\" data-id=\"a805c03\" data-element_type=\"column\">\n\t\t\t<div class=\"elementor-widget-wrap elementor-element-populated\">\n\t\t\t\t\t\t<div class=\"elementor-element elementor-element-3c5f0db elementor-widget elementor-widget-heading\" data-id=\"3c5f0db\" data-element_type=\"widget\" data-settings=\"{&quot;ekit_we_effect_on&quot;:&quot;none&quot;}\" data-widget_type=\"heading.default\">\n\t\t\t\t<div class=\"elementor-widget-container\">\n\t\t\t<h2 class=\"elementor-heading-title elementor-size-default\">Drogi zaopatrzeniowe rzymskich legion\u00f3w<\/h2>\t\t<\/div>\n\t\t\t\t<\/div>\n\t\t\t\t<div class=\"elementor-element elementor-element-6709cfe elementor-widget elementor-widget-text-editor\" data-id=\"6709cfe\" data-element_type=\"widget\" data-settings=\"{&quot;ekit_we_effect_on&quot;:&quot;none&quot;}\" data-widget_type=\"text-editor.default\">\n\t\t\t\t<div class=\"elementor-widget-container\">\n\t\t\t\t\t\t\t<p>Pierwsze drogi zbudowane przez Rzymian mia\u0142y g\u0142\u00f3wnie zastosowania wojenne, w rzeczywisto\u015bci g\u0142\u00f3wna potrzeba umo\u017cliwienia legionom odpowiedniego zaopatrzenia i dotarcia do nich w ograniczonym czasie, nada\u0142a tym dzie\u0142om status legendy.<\/p>\t\t\t\t\t\t<\/div>\n\t\t\t\t<\/div>\n\t\t\t\t\t<\/div>\n\t\t<\/div>\n\t\t\t\t\t<\/div>\n\t\t<\/section>\n\t\t\t\t<section class=\"elementor-section elementor-inner-section elementor-element elementor-element-b3149a3 elementor-section-boxed elementor-section-height-default elementor-section-height-default\" data-id=\"b3149a3\" data-element_type=\"section\" data-settings=\"{&quot;jet_parallax_layout_list&quot;:[],&quot;ekit_has_onepagescroll_dot&quot;:&quot;yes&quot;}\">\n\t\t\t\t\t\t<div class=\"elementor-container elementor-column-gap-default\">\n\t\t\t\t\t<div class=\"elementor-column elementor-col-100 elementor-inner-column elementor-element elementor-element-0e3bbb9\" data-id=\"0e3bbb9\" data-element_type=\"column\">\n\t\t\t<div class=\"elementor-widget-wrap elementor-element-populated\">\n\t\t\t\t\t\t<div class=\"elementor-element elementor-element-03ec717 elementor-widget elementor-widget-heading\" data-id=\"03ec717\" data-element_type=\"widget\" data-settings=\"{&quot;ekit_we_effect_on&quot;:&quot;none&quot;}\" data-widget_type=\"heading.default\">\n\t\t\t\t<div class=\"elementor-widget-container\">\n\t\t\t<h3 class=\"elementor-heading-title elementor-size-default\">Rzymska droga - symbol wielko\u015bci<\/h3>\t\t<\/div>\n\t\t\t\t<\/div>\n\t\t\t\t<div class=\"elementor-element elementor-element-6bbfd6c elementor-widget elementor-widget-text-editor\" data-id=\"6bbfd6c\" data-element_type=\"widget\" data-settings=\"{&quot;ekit_we_effect_on&quot;:&quot;none&quot;}\" data-widget_type=\"text-editor.default\">\n\t\t\t\t<div class=\"elementor-widget-container\">\n\t\t\t\t\t\t\t<p>P\u00f3\u017aniej przeszli do budowy dr\u00f3g w celach politycznych, ale ten rodzaj konstrukcji dotyczy\u0142 g\u0142\u00f3wnie ma\u0142ych wiosek wok\u00f3\u0142 Rzymu, kt\u00f3re by\u0142y ju\u017c \u017ar\u00f3d\u0142em politycznego rozg\u0142osu dla \u00f3wczesnych senator\u00f3w.<\/p>\t\t\t\t\t\t<\/div>\n\t\t\t\t<\/div>\n\t\t\t\t\t<\/div>\n\t\t<\/div>\n\t\t\t\t\t<\/div>\n\t\t<\/section>\n\t\t\t\t<section class=\"elementor-section elementor-inner-section elementor-element elementor-element-fb076eb elementor-section-boxed elementor-section-height-default elementor-section-height-default\" data-id=\"fb076eb\" data-element_type=\"section\" data-settings=\"{&quot;jet_parallax_layout_list&quot;:[],&quot;ekit_has_onepagescroll_dot&quot;:&quot;yes&quot;}\">\n\t\t\t\t\t\t<div class=\"elementor-container elementor-column-gap-default\">\n\t\t\t\t\t<div class=\"elementor-column elementor-col-100 elementor-inner-column elementor-element elementor-element-df3e2dd\" data-id=\"df3e2dd\" data-element_type=\"column\">\n\t\t\t<div class=\"elementor-widget-wrap elementor-element-populated\">\n\t\t\t\t\t\t<div class=\"elementor-element elementor-element-b013b72 elementor-widget elementor-widget-heading\" data-id=\"b013b72\" data-element_type=\"widget\" data-settings=\"{&quot;ekit_we_effect_on&quot;:&quot;none&quot;}\" data-widget_type=\"heading.default\">\n\t\t\t\t<div class=\"elementor-widget-container\">\n\t\t\t<h3 class=\"elementor-heading-title elementor-size-default\">Drogi imperium wykorzystywane do handlu<\/h3>\t\t<\/div>\n\t\t\t\t<\/div>\n\t\t\t\t<div class=\"elementor-element elementor-element-190368e elementor-widget elementor-widget-text-editor\" data-id=\"190368e\" data-element_type=\"widget\" data-settings=\"{&quot;ekit_we_effect_on&quot;:&quot;none&quot;}\" data-widget_type=\"text-editor.default\">\n\t\t\t\t<div class=\"elementor-widget-container\">\n\t\t\t\t\t\t\t<p>P\u00f3\u017aniej drogi zosta\u0142y lepiej \"zinterpretowane\", poniewa\u017c sta\u0142y si\u0119 celem handlarzy.<\/p><p>St\u0105d otwarcie si\u0119 na \u015bwiat Wschodu, pe\u0142en niesko\u0144czonych bogactw; handel dla zysku i ju\u017c nie barter dla podstawowych potrzeb, nale\u017cy powiedzie\u0107.<\/p>\t\t\t\t\t\t<\/div>\n\t\t\t\t<\/div>\n\t\t\t\t\t<\/div>\n\t\t<\/div>\n\t\t\t\t\t<\/div>\n\t\t<\/section>\n\t\t\t\t<section class=\"elementor-section elementor-inner-section elementor-element elementor-element-d11971d elementor-section-boxed elementor-section-height-default elementor-section-height-default\" data-id=\"d11971d\" data-element_type=\"section\" data-settings=\"{&quot;jet_parallax_layout_list&quot;:[],&quot;ekit_has_onepagescroll_dot&quot;:&quot;yes&quot;}\">\n\t\t\t\t\t\t<div class=\"elementor-container elementor-column-gap-default\">\n\t\t\t\t\t<div class=\"elementor-column elementor-col-100 elementor-inner-column elementor-element elementor-element-cd08047\" data-id=\"cd08047\" data-element_type=\"column\">\n\t\t\t<div class=\"elementor-widget-wrap elementor-element-populated\">\n\t\t\t\t\t\t<div class=\"elementor-element elementor-element-befc974 elementor-widget elementor-widget-heading\" data-id=\"befc974\" data-element_type=\"widget\" data-settings=\"{&quot;ekit_we_effect_on&quot;:&quot;none&quot;}\" data-widget_type=\"heading.default\">\n\t\t\t\t<div class=\"elementor-widget-container\">\n\t\t\t<h3 class=\"elementor-heading-title elementor-size-default\">R\u00f3\u017cne cele budowy drogi<\/h3>\t\t<\/div>\n\t\t\t\t<\/div>\n\t\t\t\t<div class=\"elementor-element elementor-element-1bb134d elementor-widget elementor-widget-text-editor\" data-id=\"1bb134d\" data-element_type=\"widget\" data-settings=\"{&quot;ekit_we_effect_on&quot;:&quot;none&quot;}\" data-widget_type=\"text-editor.default\">\n\t\t\t\t<div class=\"elementor-widget-container\">\n\t\t\t\t\t\t\t<p>Od spontanicznego pojawienia si\u0119 prostych dr\u00f3g ochrzczonych w zale\u017cno\u015bci od potrzeb (pomy\u015blmy na przyk\u0142ad o via salaria po\u015bwi\u0119conej transportowi soli), do pracy publicznej silnie po\u017c\u0105danej przez polityk\u00f3w (st\u0105d nazwa cenzor\u00f3w i konsul\u00f3w).<br \/>W ko\u0144cu w staro\u017cytnym Rzymie budowa drogi kosztowa\u0142a bardzo niewiele, wykorzystywano g\u0142\u00f3wnie niewolnik\u00f3w i \u017co\u0142nierzy, nie przejmowano si\u0119 wyw\u0142aszczeniami ani nawet wp\u0142ywem na \u015brodowisko, po prostu budowano.<\/p>\t\t\t\t\t\t<\/div>\n\t\t\t\t<\/div>\n\t\t\t\t\t<\/div>\n\t\t<\/div>\n\t\t\t\t\t<\/div>\n\t\t<\/section>\n\t\t\t\t<section class=\"elementor-section elementor-inner-section elementor-element elementor-element-7a1bb39 elementor-section-boxed elementor-section-height-default elementor-section-height-default\" data-id=\"7a1bb39\" data-element_type=\"section\" data-settings=\"{&quot;jet_parallax_layout_list&quot;:[],&quot;ekit_has_onepagescroll_dot&quot;:&quot;yes&quot;}\">\n\t\t\t\t\t\t<div class=\"elementor-container elementor-column-gap-default\">\n\t\t\t\t\t<div class=\"elementor-column elementor-col-100 elementor-inner-column elementor-element elementor-element-4e65cf3\" data-id=\"4e65cf3\" data-element_type=\"column\">\n\t\t\t<div class=\"elementor-widget-wrap elementor-element-populated\">\n\t\t\t\t\t\t<div class=\"elementor-element elementor-element-e6c675a elementor-widget elementor-widget-heading\" data-id=\"e6c675a\" data-element_type=\"widget\" data-settings=\"{&quot;ekit_we_effect_on&quot;:&quot;none&quot;}\" data-widget_type=\"heading.default\">\n\t\t\t\t<div class=\"elementor-widget-container\">\n\t\t\t<h3 class=\"elementor-heading-title elementor-size-default\">\"Wszystkie drogi prowadz\u0105 do Rzymu<\/h3>\t\t<\/div>\n\t\t\t\t<\/div>\n\t\t\t\t<div class=\"elementor-element elementor-element-715933b elementor-widget elementor-widget-text-editor\" data-id=\"715933b\" data-element_type=\"widget\" data-settings=\"{&quot;ekit_we_effect_on&quot;:&quot;none&quot;}\" data-widget_type=\"text-editor.default\">\n\t\t\t\t<div class=\"elementor-widget-container\">\n\t\t\t\t\t\t\t<p>Najwa\u017cniejsze by\u0142o, aby zbudowana droga przetrwa\u0142a wieki. Bez cienia w\u0105tpliwo\u015bci mo\u017cemy powiedzie\u0107, \u017ce cel zosta\u0142 w pe\u0142ni osi\u0105gni\u0119ty, a dowodem na to jest fakt, \u017ce po oko\u0142o dw\u00f3ch tysi\u0105cleciach wci\u0105\u017c pami\u0119tamy i korzystamy z tych wielkich dzie\u0142.<\/p>\t\t\t\t\t\t<\/div>\n\t\t\t\t<\/div>\n\t\t\t\t\t<\/div>\n\t\t<\/div>\n\t\t\t\t\t<\/div>\n\t\t<\/section>\n\t\t\t\t<section class=\"elementor-section elementor-inner-section elementor-element elementor-element-61d56b8 elementor-section-boxed elementor-section-height-default elementor-section-height-default\" data-id=\"61d56b8\" data-element_type=\"section\" data-settings=\"{&quot;jet_parallax_layout_list&quot;:[],&quot;ekit_has_onepagescroll_dot&quot;:&quot;yes&quot;}\">\n\t\t\t\t\t\t<div class=\"elementor-container elementor-column-gap-default\">\n\t\t\t\t\t<div class=\"elementor-column elementor-col-100 elementor-inner-column elementor-element elementor-element-dc69e13\" data-id=\"dc69e13\" data-element_type=\"column\">\n\t\t\t<div class=\"elementor-widget-wrap elementor-element-populated\">\n\t\t\t\t\t\t<div class=\"elementor-element elementor-element-1d54a38 elementor-widget elementor-widget-heading\" data-id=\"1d54a38\" data-element_type=\"widget\" data-settings=\"{&quot;ekit_we_effect_on&quot;:&quot;none&quot;}\" data-widget_type=\"heading.default\">\n\t\t\t\t<div class=\"elementor-widget-container\">\n\t\t\t<h3 class=\"elementor-heading-title elementor-size-default\">G\u0142\u00f3wne drogi imperium zachowane do dzi\u015b to:<\/h3>\t\t<\/div>\n\t\t\t\t<\/div>\n\t\t\t\t<div class=\"elementor-element elementor-element-8217348 elementor-widget elementor-widget-text-editor\" data-id=\"8217348\" data-element_type=\"widget\" data-settings=\"{&quot;ekit_we_effect_on&quot;:&quot;none&quot;}\" data-widget_type=\"text-editor.default\">\n\t\t\t\t<div class=\"elementor-widget-container\">\n\t\t\t\t\t\t\t<ul><li>Via Appia<\/li><li>Via Aurelia<\/li><li>Via Cassia<\/li><li>Via Claudia Augusta<\/li><li><a href=\"https:\/\/colosseo-roma.it\/pl\/rzymianie\/drogi\/przez-emilie\/\">Via Emilia<\/a><\/li><li>Via Flaminia<\/li><li><a href=\"https:\/\/colosseo-roma.it\/pl\/rzymianie\/drogi\/via-salaria\/\">Via Salaria<\/a><\/li><\/ul>\t\t\t\t\t\t<\/div>\n\t\t\t\t<\/div>\n\t\t\t\t\t<\/div>\n\t\t<\/div>\n\t\t\t\t\t<\/div>\n\t\t<\/section>\n\t\t\t\t\t<\/div>\n\t\t<\/div>\n\t\t\t\t\t<\/div>\n\t\t<\/section>\n\t\t\t\t<\/div>","protected":false},"excerpt":{"rendered":"<p>Drogi rzymskie Przedstawiamy g\u0142\u00f3wne drogi Imperium Rzymskiego Wielkie drogi rzymskie, tak zwane drogi konsularne, przecina\u0142y W\u0142ochy od czas\u00f3w staro\u017cytnych i nadal nimi podr\u00f3\u017cujemy, by\u0107 mo\u017ce zupe\u0142nie nie\u015bwiadomi ich istnienia. Pierwsze rzymskie drogi konsularne Wszystkie drogi konsularne s\u0105 namacalnym dowodem wielko\u015bci Rzymu, a w szczeg\u00f3lno\u015bci staro\u017cytnej cywilizacji [...].<\/p>","protected":false},"author":1,"featured_media":0,"parent":556,"menu_order":1,"comment_status":"closed","ping_status":"closed","template":"","meta":{"site-sidebar-layout":"no-sidebar","site-content-layout":"page-builder","ast-site-content-layout":"full-width-container","site-content-style":"unboxed","site-sidebar-style":"unboxed","ast-global-header-display":"","ast-banner-title-visibility":"","ast-main-header-display":"","ast-hfb-above-header-display":"","ast-hfb-below-header-display":"","ast-hfb-mobile-header-display":"","site-post-title":"disabled","ast-breadcrumbs-content":"","ast-featured-img":"disabled","footer-sml-layout":"","ast-disable-related-posts":"","theme-transparent-header-meta":"default","adv-header-id-meta":"","stick-header-meta":"","header-above-stick-meta":"","header-main-stick-meta":"","header-below-stick-meta":"","astra-migrate-meta-layouts":"default","ast-page-background-enabled":"default","ast-page-background-meta":{"desktop":{"background-color":"var(--ast-global-color-4)","background-image":"","background-repeat":"repeat","background-position":"center center","background-size":"auto","background-attachment":"scroll","background-type":"","background-media":"","overlay-type":"","overlay-color":"","overlay-opacity":"","overlay-gradient":""},"tablet":{"background-color":"","background-image":"","background-repeat":"repeat","background-position":"center center","background-size":"auto","background-attachment":"scroll","background-type":"","background-media":"","overlay-type":"","overlay-color":"","overlay-opacity":"","overlay-gradient":""},"mobile":{"background-color":"","background-image":"","background-repeat":"repeat","background-position":"center center","background-size":"auto","background-attachment":"scroll","background-type":"","background-media":"","overlay-type":"","overlay-color":"","overlay-opacity":"","overlay-gradient":""}},"ast-content-background-meta":{"desktop":{"background-color":"var(--ast-global-color-5)","background-image":"","background-repeat":"repeat","background-position":"center center","background-size":"auto","background-attachment":"scroll","background-type":"","background-media":"","overlay-type":"","overlay-color":"","overlay-opacity":"","overlay-gradient":""},"tablet":{"background-color":"var(--ast-global-color-5)","background-image":"","background-repeat":"repeat","background-position":"center center","background-size":"auto","background-attachment":"scroll","background-type":"","background-media":"","overlay-type":"","overlay-color":"","overlay-opacity":"","overlay-gradient":""},"mobile":{"background-color":"var(--ast-global-color-5)","background-image":"","background-repeat":"repeat","background-position":"center center","background-size":"auto","background-attachment":"scroll","background-type":"","background-media":"","overlay-type":"","overlay-color":"","overlay-opacity":"","overlay-gradient":""}},"iawp_total_views":462,"footnotes":""},"class_list":["post-75","page","type-page","status-publish","hentry"],"_links":{"self":[{"href":"https:\/\/colosseo-roma.it\/pl\/wp-json\/wp\/v2\/pages\/75","targetHints":{"allow":["GET"]}}],"collection":[{"href":"https:\/\/colosseo-roma.it\/pl\/wp-json\/wp\/v2\/pages"}],"about":[{"href":"https:\/\/colosseo-roma.it\/pl\/wp-json\/wp\/v2\/types\/page"}],"author":[{"embeddable":true,"href":"https:\/\/colosseo-roma.it\/pl\/wp-json\/wp\/v2\/users\/1"}],"replies":[{"embeddable":true,"href":"https:\/\/colosseo-roma.it\/pl\/wp-json\/wp\/v2\/comments?post=75"}],"version-history":[{"count":0,"href":"https:\/\/colosseo-roma.it\/pl\/wp-json\/wp\/v2\/pages\/75\/revisions"}],"up":[{"embeddable":true,"href":"https:\/\/colosseo-roma.it\/pl\/wp-json\/wp\/v2\/pages\/556"}],"wp:attachment":[{"href":"https:\/\/colosseo-roma.it\/pl\/wp-json\/wp\/v2\/media?parent=75"}],"curies":[{"name":"wp","href":"https:\/\/api.w.org\/{rel}","templated":true}]}}