{"id":77,"date":"2023-03-10T11:34:31","date_gmt":"2023-03-10T10:34:31","guid":{"rendered":"https:\/\/wordpress-1074717-3818660.cloudwaysapps.com\/?page_id=77"},"modified":"2026-01-26T16:43:07","modified_gmt":"2026-01-26T15:43:07","slug":"przez-emilie","status":"publish","type":"page","link":"https:\/\/colosseo-roma.it\/pl\/rzymianie\/drogi\/przez-emilie\/","title":{"rendered":"Via Emilia"},"content":{"rendered":"<div data-elementor-type=\"wp-page\" data-elementor-id=\"77\" class=\"elementor elementor-77\" data-elementor-post-type=\"page\">\n\t\t\t\t\t\t<section class=\"elementor-section elementor-top-section elementor-element elementor-element-f71a303 elementor-section-boxed elementor-section-height-default elementor-section-height-default\" data-id=\"f71a303\" data-element_type=\"section\" data-settings=\"{&quot;jet_parallax_layout_list&quot;:[],&quot;ekit_has_onepagescroll_dot&quot;:&quot;yes&quot;}\">\n\t\t\t\t\t\t<div class=\"elementor-container elementor-column-gap-default\">\n\t\t\t\t\t<div class=\"elementor-column elementor-col-100 elementor-top-column elementor-element elementor-element-bd018f7\" data-id=\"bd018f7\" data-element_type=\"column\">\n\t\t\t<div class=\"elementor-widget-wrap elementor-element-populated\">\n\t\t\t\t\t\t<div class=\"elementor-element elementor-element-60fc539 elementor-widget elementor-widget-heading\" data-id=\"60fc539\" data-element_type=\"widget\" data-settings=\"{&quot;ekit_we_effect_on&quot;:&quot;none&quot;}\" data-widget_type=\"heading.default\">\n\t\t\t\t<div class=\"elementor-widget-container\">\n\t\t\t<h1 class=\"elementor-heading-title elementor-size-default\">Via Emilia<\/h1>\t\t<\/div>\n\t\t\t\t<\/div>\n\t\t\t\t<div class=\"elementor-element elementor-element-cbc1e95 elementor-widget elementor-widget-heading\" data-id=\"cbc1e95\" data-element_type=\"widget\" data-settings=\"{&quot;ekit_we_effect_on&quot;:&quot;none&quot;}\" data-widget_type=\"heading.default\">\n\t\t\t\t<div class=\"elementor-widget-container\">\n\t\t\t<div class=\"elementor-heading-title elementor-size-default\">Drogi rzymskie, drogi konsularne staro\u017cytnego Rzymu<\/div>\t\t<\/div>\n\t\t\t\t<\/div>\n\t\t\t\t<div class=\"elementor-element elementor-element-3308ae6 elementor-widget elementor-widget-text-editor\" data-id=\"3308ae6\" data-element_type=\"widget\" data-settings=\"{&quot;ekit_we_effect_on&quot;:&quot;none&quot;}\" data-widget_type=\"text-editor.default\">\n\t\t\t\t<div class=\"elementor-widget-container\">\n\t\t\t\t\t\t\t<p>\u00a0Via Emilia, staro\u017cytna droga dogodna dla rzymskiej armii.<\/p><p>Staro\u017cytna rzymska droga biegn\u0105ca przez Emili\u0119 Romani\u0119 pozwala\u0142a armii rzymskiej na szybkie przemieszczanie si\u0119 i dotarcie do miasta Placentia.<\/p><p>Via Emilia powsta\u0142a w staro\u017cytnym Rzymie jako droga rzymska. Zosta\u0142a zbudowana w latach 189-187 p.n.e. przez konsula Marco Emilia Lepido. Droga zosta\u0142a zbudowana, aby bezpo\u015brednio po\u0142\u0105czy\u0107 Rimini z Piacenz\u0105 w czasie, gdy \"placentia\" by\u0142a otoczona przez Gal\u00f3w Boii, kt\u00f3rzy, cho\u0107 pokonani przez Rzymian, odm\u00f3wili podpisania traktatu pokojowego z Rzymem i grozili buntami.<\/p><p>Dlatego Rzym postanowi\u0142 zbudowa\u0107 dogodn\u0105 drog\u0119, aby szybko przenie\u015b\u0107 armi\u0119 do Placentii, gotow\u0105 do st\u0142umienia jakiejkolwiek formy buntu Gal\u00f3w Boii.<\/p><p>Kilka lat p\u00f3\u017aniej droga zosta\u0142a przed\u0142u\u017cona z Piacenzy do Mediolanu.<\/p><p>Najwa\u017cniejszymi miastami, przez kt\u00f3re przebiega Via Emilia, za\u0142o\u017conymi przez Rzymian i ponownie za\u0142o\u017conymi przez Rzymian, s\u0105: caesena (cesena), forum popili (forlimpopoli), forum livii (forl\u00ec), faventia (faenza), forum cornelii (imola), bononia (bolonia), mutina (modena), regium lepidi (reggio emilia), tannetum (sant ilario d'enza), fidentia (fidenza), parma, placentia (piacenza).<br \/><br \/>Via Aemilia \u0142\u0105czy\u0142a dwie bardzo wa\u017cne rzymskie drogi: Via Emilia, kt\u00f3ra zaczyna\u0142a si\u0119 w Rzymie i dociera\u0142a do Rimini (kolonii za\u0142o\u017conej w 268 r. p.n.e.) oraz Via Postumia, kt\u00f3ra bieg\u0142a z Piacenzy do Akwilei.<br \/><br \/>Do dzi\u015b rzymska Via Emilia jest g\u0142\u00f3wn\u0105 arteri\u0105 Emilii-Romanii (regionu nazwanego na cze\u015b\u0107 drogi). Via Emilia to szeroka i wygodna droga, w wi\u0119kszo\u015bci prosta, co jest typow\u0105 cech\u0105 rzymskich dr\u00f3g. Rzymianie zacz\u0119li budowa\u0107 d\u0142ugie, proste drogi do cel\u00f3w wojskowych, handlowych i politycznych; by\u0142y one niezb\u0119dne do rozwoju ich imperium, poniewa\u017c pozwala\u0142y armii rzymskiej na szybkie przemieszczanie si\u0119.<\/p>\t\t\t\t\t\t<\/div>\n\t\t\t\t<\/div>\n\t\t\t\t\t<\/div>\n\t\t<\/div>\n\t\t\t\t\t<\/div>\n\t\t<\/section>\n\t\t\t\t<\/div>","protected":false},"excerpt":{"rendered":"<p>La Via Emilia Strade romane, Vie consolari dell&#8217;antica Roma La Via Emilia, la strada antica comoda per l\u2019esercito romano. L\u2019antica strada romana che attraversa l\u2019emilia romagna permetteva all\u2019esercito romano di muoversi rapidamente e raggiungere la citt\u00e0 di placentia. La via emilia nasce nell\u2019antica roma come strada romana. fatta costruire tra il 189 e il 187 [&hellip;]<\/p>","protected":false},"author":1,"featured_media":0,"parent":75,"menu_order":0,"comment_status":"closed","ping_status":"closed","template":"","meta":{"site-sidebar-layout":"no-sidebar","site-content-layout":"page-builder","ast-site-content-layout":"full-width-container","site-content-style":"unboxed","site-sidebar-style":"unboxed","ast-global-header-display":"","ast-banner-title-visibility":"","ast-main-header-display":"","ast-hfb-above-header-display":"","ast-hfb-below-header-display":"","ast-hfb-mobile-header-display":"","site-post-title":"disabled","ast-breadcrumbs-content":"","ast-featured-img":"disabled","footer-sml-layout":"","ast-disable-related-posts":"","theme-transparent-header-meta":"default","adv-header-id-meta":"","stick-header-meta":"","header-above-stick-meta":"","header-main-stick-meta":"","header-below-stick-meta":"","astra-migrate-meta-layouts":"set","ast-page-background-enabled":"default","ast-page-background-meta":{"desktop":{"background-color":"var(--ast-global-color-4)","background-image":"","background-repeat":"repeat","background-position":"center center","background-size":"auto","background-attachment":"scroll","background-type":"","background-media":"","overlay-type":"","overlay-color":"","overlay-opacity":"","overlay-gradient":""},"tablet":{"background-color":"","background-image":"","background-repeat":"repeat","background-position":"center center","background-size":"auto","background-attachment":"scroll","background-type":"","background-media":"","overlay-type":"","overlay-color":"","overlay-opacity":"","overlay-gradient":""},"mobile":{"background-color":"","background-image":"","background-repeat":"repeat","background-position":"center center","background-size":"auto","background-attachment":"scroll","background-type":"","background-media":"","overlay-type":"","overlay-color":"","overlay-opacity":"","overlay-gradient":""}},"ast-content-background-meta":{"desktop":{"background-color":"var(--ast-global-color-5)","background-image":"","background-repeat":"repeat","background-position":"center center","background-size":"auto","background-attachment":"scroll","background-type":"","background-media":"","overlay-type":"","overlay-color":"","overlay-opacity":"","overlay-gradient":""},"tablet":{"background-color":"var(--ast-global-color-5)","background-image":"","background-repeat":"repeat","background-position":"center center","background-size":"auto","background-attachment":"scroll","background-type":"","background-media":"","overlay-type":"","overlay-color":"","overlay-opacity":"","overlay-gradient":""},"mobile":{"background-color":"var(--ast-global-color-5)","background-image":"","background-repeat":"repeat","background-position":"center center","background-size":"auto","background-attachment":"scroll","background-type":"","background-media":"","overlay-type":"","overlay-color":"","overlay-opacity":"","overlay-gradient":""}},"iawp_total_views":717,"footnotes":""},"class_list":["post-77","page","type-page","status-publish","hentry"],"_links":{"self":[{"href":"https:\/\/colosseo-roma.it\/pl\/wp-json\/wp\/v2\/pages\/77","targetHints":{"allow":["GET"]}}],"collection":[{"href":"https:\/\/colosseo-roma.it\/pl\/wp-json\/wp\/v2\/pages"}],"about":[{"href":"https:\/\/colosseo-roma.it\/pl\/wp-json\/wp\/v2\/types\/page"}],"author":[{"embeddable":true,"href":"https:\/\/colosseo-roma.it\/pl\/wp-json\/wp\/v2\/users\/1"}],"replies":[{"embeddable":true,"href":"https:\/\/colosseo-roma.it\/pl\/wp-json\/wp\/v2\/comments?post=77"}],"version-history":[{"count":0,"href":"https:\/\/colosseo-roma.it\/pl\/wp-json\/wp\/v2\/pages\/77\/revisions"}],"up":[{"embeddable":true,"href":"https:\/\/colosseo-roma.it\/pl\/wp-json\/wp\/v2\/pages\/75"}],"wp:attachment":[{"href":"https:\/\/colosseo-roma.it\/pl\/wp-json\/wp\/v2\/media?parent=77"}],"curies":[{"name":"wp","href":"https:\/\/api.w.org\/{rel}","templated":true}]}}