{"id":79,"date":"2023-03-10T11:34:57","date_gmt":"2023-03-10T10:34:57","guid":{"rendered":"https:\/\/wordpress-1074717-3818660.cloudwaysapps.com\/?page_id=79"},"modified":"2026-01-26T16:43:02","modified_gmt":"2026-01-26T15:43:02","slug":"via-salaria","status":"publish","type":"page","link":"https:\/\/colosseo-roma.it\/pl\/rzymianie\/drogi\/via-salaria\/","title":{"rendered":"Via Salaria"},"content":{"rendered":"<div data-elementor-type=\"wp-page\" data-elementor-id=\"79\" class=\"elementor elementor-79\" data-elementor-post-type=\"page\">\n\t\t\t\t\t\t<section class=\"elementor-section elementor-top-section elementor-element elementor-element-4934fd0 elementor-section-boxed elementor-section-height-default elementor-section-height-default\" data-id=\"4934fd0\" data-element_type=\"section\" data-settings=\"{&quot;jet_parallax_layout_list&quot;:[],&quot;ekit_has_onepagescroll_dot&quot;:&quot;yes&quot;}\">\n\t\t\t\t\t\t<div class=\"elementor-container elementor-column-gap-default\">\n\t\t\t\t\t<div class=\"elementor-column elementor-col-100 elementor-top-column elementor-element elementor-element-4a1806c\" data-id=\"4a1806c\" data-element_type=\"column\">\n\t\t\t<div class=\"elementor-widget-wrap elementor-element-populated\">\n\t\t\t\t\t\t<div class=\"elementor-element elementor-element-094bbac elementor-widget elementor-widget-heading\" data-id=\"094bbac\" data-element_type=\"widget\" data-settings=\"{&quot;ekit_we_effect_on&quot;:&quot;none&quot;}\" data-widget_type=\"heading.default\">\n\t\t\t\t<div class=\"elementor-widget-container\">\n\t\t\t<h1 class=\"elementor-heading-title elementor-size-default\">Via Salaria<\/h1>\t\t<\/div>\n\t\t\t\t<\/div>\n\t\t\t\t<div class=\"elementor-element elementor-element-a6c2ce3 elementor-widget elementor-widget-heading\" data-id=\"a6c2ce3\" data-element_type=\"widget\" data-settings=\"{&quot;ekit_we_effect_on&quot;:&quot;none&quot;}\" data-widget_type=\"heading.default\">\n\t\t\t\t<div class=\"elementor-widget-container\">\n\t\t\t<div class=\"elementor-heading-title elementor-size-default\">Drogi rzymskie, drogi konsularne staro\u017cytnego Rzymu<\/div>\t\t<\/div>\n\t\t\t\t<\/div>\n\t\t\t\t<div class=\"elementor-element elementor-element-1811a3a elementor-widget elementor-widget-text-editor\" data-id=\"1811a3a\" data-element_type=\"widget\" data-settings=\"{&quot;ekit_we_effect_on&quot;:&quot;none&quot;}\" data-widget_type=\"text-editor.default\">\n\t\t\t\t<div class=\"elementor-widget-container\">\n\t\t\t\t\t\t\t<p><em>Staro\u017cytna rzymska droga solna<\/em>.<\/p><p>La <strong>Via Salaria<\/strong>\u00a0jest jednym z najbardziej\u00a0<strong>staro\u017cytne drogi konsularne<\/strong>Zbudowana kilkakrotnie przez samych Rzymian, biegnie od stolicy do Morza Adriatyckiego i jest nadal u\u017cywana i jest lepiej znana jako droga SS 4. W rzeczywisto\u015bci jest to droga mi\u0119dzy Rzymem a Rieti.<\/p><p>Ciekawa nazwa pochodzi od rzymskiego u\u017cytkowania drogi, kt\u00f3ra s\u0142u\u017cy\u0142a g\u0142\u00f3wnie do transportu soli zebranej ze staro\u017cytnych warzelni soli, kt\u00f3re prawdopodobnie znajdowa\u0142y si\u0119 w Marchii.<\/p><p>La\u00a0<strong>Droga Salaria<\/strong>\u00a0zaczyna si\u0119 od\u00a0<strong>Aurelian Walls<\/strong>\u00a0wychodz\u0105c w kierunku\u00a0<strong>Brama Salaria<\/strong>Kieruje si\u0119 prosto do Forte Antenne, aby przekroczy\u0107 rzek\u0119 Aniene i po kilku kilometrach dotrze\u0107 do dzisiejszej wioski Fidene.<\/p><p>Pierwotnie droga rozga\u0142\u0119zia\u0142a si\u0119 mi\u0119dzy \u0142\u0105kami i terenami zrekultywowanymi, kt\u00f3re dopiero p\u00f3\u017aniej zosta\u0142y zrekultywowane, a raczej powiedzmy, \u017ce ostateczna rekultywacja mia\u0142a miejsce oko\u0142o dwa wieki p\u00f3\u017aniej. Via Salaria opuszcza obrze\u017ca Rzymu i kieruje si\u0119 w stron\u0119\u00a0<strong>Settebagni<\/strong>\u00a0aby ostatecznie obra\u0107 kierunek\u00a0<strong>Tenuta Marcigliana Vecchia<\/strong>\u00a0gdzie znajdowa\u0142a si\u0119 staro\u017cytna rzymska osada, lepiej znana jako\u00a0<strong>Crustumerium<\/strong>. Nieco dalej zaczynamy widzie\u0107 pierwsze g\u00f3ry; jeste\u015bmy teraz na prze\u0142\u0119czy Corese w kierunku Fara Sabina.<\/p><p>Tutaj Salaria dzieli\u0142a si\u0119 na dwie cz\u0119\u015bci, kt\u00f3re by\u0142y bardzo wa\u017cne dla staro\u017cytnego handlu; w rzeczywisto\u015bci jedna ulica przy Ponte Buita bieg\u0142a dalej w kierunku\u00a0<strong>przez Cecili\u0119<\/strong>\u00a0co doprowadzi\u0142o do\u00a0<strong>Atri<\/strong>\u00a0- staro\u017cytna hatria - podczas gdy drugi pie\u0144 si\u0119ga\u0142\u00a0<strong>Rieti<\/strong>.<\/p><p>Przed Rieti w rzeczywisto\u015bci mo\u017cna dostrzec dwie odr\u0119bne sekcje, jedn\u0105, kt\u00f3ra skr\u0119ca na wsch\u00f3d, przecinaj\u0105c Apeniny w kierunku Sella di Corno, aby wyj\u015b\u0107 na r\u00f3wnin\u0119 Amiternum w pobli\u017cu dzisiejszego Or\u0142a, bierze Passo delle Capannelle i idzie dalej do Teramo, a raczej przez miasto zwane Pretutii.<\/p><p>Druga odnoga z Rieti prowadzi w g\u00f3r\u0119 rzeki Velino do Terme di Cotilia, wykorzystywanych przez Rzymian, a raczej wykorzystywanych na tyle przez du\u017c\u0105 osad\u0119, by otworzy\u0107 w pobli\u017cu centrum odnowy biologicznej z gor\u0105cymi siarkowymi wodami termalnymi.<\/p><p>Kontynuuj\u0105c, dociera si\u0119 do Antrodoco tu\u017c poni\u017cej Monte Giano, gdzie Rzymianie zbudowali kolejne uzdrowisko. Ale Salaria nie zatrzymuje si\u0119, pod\u0105\u017ca dalej na p\u00f3\u0142noc wzd\u0142u\u017c rzeki, przecinaj\u0105c w\u0105wozy i g\u00f3ry. Tutaj kultura i przygotowanie Rzymian bez w\u0105tpienia wysuwa si\u0119 na pierwszy plan. Aby przezwyci\u0119\u017cy\u0107 wszystkie te \"nieprzewidziane okoliczno\u015bci\", in\u017cynierowie Augusta i Trajana przeszli samych siebie, przyjmuj\u0105c rozwi\u0105zania techniczne, kt\u00f3re do dzi\u015b nas zadziwiaj\u0105.<\/p><p>Po mini\u0119ciu g\u00f3r, Via Salaria biegnie wzd\u0142u\u017c r\u00f3wniny doliny Tronto w regionie Marche, a nast\u0119pnie napotykamy miasta, kt\u00f3re s\u0105 znane i wa\u017cne nawet dzi\u015b, takie jak Pescara del Tronto, Acquasanta Terme (r\u00f3wnie\u017c wykorzystywane przez Rzymian jako centrum spa ze wzgl\u0119du na wody albule), Lettera, Posta, Favalanciata, Quintodecimo, aby dotrze\u0107 do Ascoli Piceno. Jad\u0105c dalej, w ko\u0144cu spotykamy si\u0119 z morzem w pobli\u017cu Castrum Trentium, miejscowo\u015bci w pobli\u017cu Porto d'Ascoli w gminie San Benedetto del Tronto.<\/p>\t\t\t\t\t\t<\/div>\n\t\t\t\t<\/div>\n\t\t\t\t\t<\/div>\n\t\t<\/div>\n\t\t\t\t\t<\/div>\n\t\t<\/section>\n\t\t\t\t<\/div>","protected":false},"excerpt":{"rendered":"<p>Rzymskie drogi Via Salaria, drogi konsularne staro\u017cytnego Rzymu Staro\u017cytna rzymska droga solna. Via Salaria to jedna z najstarszych dr\u00f3g konsularnych, zbudowana w kilku etapach przez samych Rzymian, biegn\u0105ca od stolicy do Morza Adriatyckiego, nadal u\u017cywana i lepiej znana jako droga SS 4. [...]<\/p>","protected":false},"author":1,"featured_media":0,"parent":75,"menu_order":5,"comment_status":"closed","ping_status":"closed","template":"","meta":{"site-sidebar-layout":"no-sidebar","site-content-layout":"page-builder","ast-site-content-layout":"full-width-container","site-content-style":"unboxed","site-sidebar-style":"unboxed","ast-global-header-display":"","ast-banner-title-visibility":"","ast-main-header-display":"","ast-hfb-above-header-display":"","ast-hfb-below-header-display":"","ast-hfb-mobile-header-display":"","site-post-title":"disabled","ast-breadcrumbs-content":"","ast-featured-img":"disabled","footer-sml-layout":"","ast-disable-related-posts":"","theme-transparent-header-meta":"default","adv-header-id-meta":"","stick-header-meta":"","header-above-stick-meta":"","header-main-stick-meta":"","header-below-stick-meta":"","astra-migrate-meta-layouts":"set","ast-page-background-enabled":"default","ast-page-background-meta":{"desktop":{"background-color":"var(--ast-global-color-4)","background-image":"","background-repeat":"repeat","background-position":"center center","background-size":"auto","background-attachment":"scroll","background-type":"","background-media":"","overlay-type":"","overlay-color":"","overlay-opacity":"","overlay-gradient":""},"tablet":{"background-color":"","background-image":"","background-repeat":"repeat","background-position":"center center","background-size":"auto","background-attachment":"scroll","background-type":"","background-media":"","overlay-type":"","overlay-color":"","overlay-opacity":"","overlay-gradient":""},"mobile":{"background-color":"","background-image":"","background-repeat":"repeat","background-position":"center center","background-size":"auto","background-attachment":"scroll","background-type":"","background-media":"","overlay-type":"","overlay-color":"","overlay-opacity":"","overlay-gradient":""}},"ast-content-background-meta":{"desktop":{"background-color":"var(--ast-global-color-5)","background-image":"","background-repeat":"repeat","background-position":"center center","background-size":"auto","background-attachment":"scroll","background-type":"","background-media":"","overlay-type":"","overlay-color":"","overlay-opacity":"","overlay-gradient":""},"tablet":{"background-color":"var(--ast-global-color-5)","background-image":"","background-repeat":"repeat","background-position":"center center","background-size":"auto","background-attachment":"scroll","background-type":"","background-media":"","overlay-type":"","overlay-color":"","overlay-opacity":"","overlay-gradient":""},"mobile":{"background-color":"var(--ast-global-color-5)","background-image":"","background-repeat":"repeat","background-position":"center center","background-size":"auto","background-attachment":"scroll","background-type":"","background-media":"","overlay-type":"","overlay-color":"","overlay-opacity":"","overlay-gradient":""}},"iawp_total_views":909,"footnotes":""},"class_list":["post-79","page","type-page","status-publish","hentry"],"_links":{"self":[{"href":"https:\/\/colosseo-roma.it\/pl\/wp-json\/wp\/v2\/pages\/79","targetHints":{"allow":["GET"]}}],"collection":[{"href":"https:\/\/colosseo-roma.it\/pl\/wp-json\/wp\/v2\/pages"}],"about":[{"href":"https:\/\/colosseo-roma.it\/pl\/wp-json\/wp\/v2\/types\/page"}],"author":[{"embeddable":true,"href":"https:\/\/colosseo-roma.it\/pl\/wp-json\/wp\/v2\/users\/1"}],"replies":[{"embeddable":true,"href":"https:\/\/colosseo-roma.it\/pl\/wp-json\/wp\/v2\/comments?post=79"}],"version-history":[{"count":0,"href":"https:\/\/colosseo-roma.it\/pl\/wp-json\/wp\/v2\/pages\/79\/revisions"}],"up":[{"embeddable":true,"href":"https:\/\/colosseo-roma.it\/pl\/wp-json\/wp\/v2\/pages\/75"}],"wp:attachment":[{"href":"https:\/\/colosseo-roma.it\/pl\/wp-json\/wp\/v2\/media?parent=79"}],"curies":[{"name":"wp","href":"https:\/\/api.w.org\/{rel}","templated":true}]}}