{"id":1198,"date":"2023-03-31T20:37:17","date_gmt":"2023-03-31T19:37:17","guid":{"rendered":"https:\/\/wordpress-1074717-3818660.cloudwaysapps.com\/?page_id=1198"},"modified":"2026-01-26T16:51:39","modified_gmt":"2026-01-26T15:51:39","slug":"praca-do-coliseu","status":"publish","type":"page","link":"https:\/\/colosseo-roma.it\/pt\/explorar\/praca-do-coliseu\/","title":{"rendered":"Pra\u00e7a do Coliseu"},"content":{"rendered":"<div data-elementor-type=\"wp-page\" data-elementor-id=\"1198\" class=\"elementor elementor-1198\" data-elementor-post-type=\"page\">\n\t\t\t\t\t\t<section class=\"elementor-section elementor-top-section elementor-element elementor-element-b3da0d5 elementor-section-boxed elementor-section-height-default elementor-section-height-default\" data-id=\"b3da0d5\" data-element_type=\"section\" data-settings=\"{&quot;jet_parallax_layout_list&quot;:[],&quot;ekit_has_onepagescroll_dot&quot;:&quot;yes&quot;}\">\n\t\t\t\t\t\t<div class=\"elementor-container elementor-column-gap-default\">\n\t\t\t\t\t<div class=\"elementor-column elementor-col-100 elementor-top-column elementor-element elementor-element-166a491\" data-id=\"166a491\" data-element_type=\"column\" data-settings=\"{&quot;background_background&quot;:&quot;classic&quot;}\">\n\t\t\t<div class=\"elementor-widget-wrap elementor-element-populated\">\n\t\t\t\t\t\t<div class=\"elementor-element elementor-element-19261b7 elementor-widget elementor-widget-heading\" data-id=\"19261b7\" data-element_type=\"widget\" data-settings=\"{&quot;ekit_we_effect_on&quot;:&quot;none&quot;}\" data-widget_type=\"heading.default\">\n\t\t\t\t<div class=\"elementor-widget-container\">\n\t\t\t<h1 class=\"elementor-heading-title elementor-size-default\">Pra\u00e7a do Coliseu<\/h1>\t\t<\/div>\n\t\t\t\t<\/div>\n\t\t\t\t<div class=\"elementor-element elementor-element-e3b357d elementor-widget elementor-widget-heading\" data-id=\"e3b357d\" data-element_type=\"widget\" data-settings=\"{&quot;ekit_we_effect_on&quot;:&quot;none&quot;}\" data-widget_type=\"heading.default\">\n\t\t\t\t<div class=\"elementor-widget-container\">\n\t\t\t<h4 class=\"elementor-heading-title elementor-size-default\">A Pra\u00e7a do Coliseu no cora\u00e7\u00e3o de Roma<\/h4>\t\t<\/div>\n\t\t\t\t<\/div>\n\t\t\t\t<div class=\"elementor-element elementor-element-c209607 elementor-widget elementor-widget-text-editor\" data-id=\"c209607\" data-element_type=\"widget\" data-settings=\"{&quot;ekit_we_effect_on&quot;:&quot;none&quot;}\" data-widget_type=\"text-editor.default\">\n\t\t\t\t<div class=\"elementor-widget-container\">\n\t\t\t\t\t\t\t<p>Este lugar \u00e9 o lar do monumento mais famoso do mundo. Descobrir a Piazza del Colosseo em Roma \u00e9 fazer uma viagem no tempo e, ao mesmo tempo, admirar uma das sete maravilhas do mundo.<\/p>\t\t\t\t\t\t<\/div>\n\t\t\t\t<\/div>\n\t\t\t\t<div class=\"elementor-element elementor-element-6053d41 elementor-widget elementor-widget-heading\" data-id=\"6053d41\" data-element_type=\"widget\" data-settings=\"{&quot;ekit_we_effect_on&quot;:&quot;none&quot;}\" data-widget_type=\"heading.default\">\n\t\t\t\t<div class=\"elementor-widget-container\">\n\t\t\t<h4 class=\"elementor-heading-title elementor-size-default\">A Pra\u00e7a do Coliseu no cora\u00e7\u00e3o de Roma<\/h4>\t\t<\/div>\n\t\t\t\t<\/div>\n\t\t\t\t<div class=\"elementor-element elementor-element-5bae7cf elementor-widget elementor-widget-text-editor\" data-id=\"5bae7cf\" data-element_type=\"widget\" data-settings=\"{&quot;ekit_we_effect_on&quot;:&quot;none&quot;}\" data-widget_type=\"text-editor.default\">\n\t\t\t\t<div class=\"elementor-widget-container\">\n\t\t\t\t\t\t\t<p>No centro da Piazza del Colosseo encontra-se o monumento mais emblem\u00e1tico de Roma, um s\u00edmbolo da cidade e da It\u00e1lia em todo o mundo: o Coliseu. A \u00e1rea onde hoje se encontra a pra\u00e7a foi outrora ocupada pelo lago da Domus Aurea de Nero, onde se reflectia a colossal est\u00e1tua do imperador, que deu ao Anfiteatro Flaviano o nome pelo qual \u00e9 hoje universalmente conhecido. A pra\u00e7a est\u00e1 situada entre os bairros Monti, Campitelli e Celio e \u00e9 um cruzamento entre a Via dei Fori Imperiali e a Via Claudia, uma das mais antigas estradas romanas. N\u00e3o \u00e9, pois, de estranhar que a Piazza del Colosseo seja um dos locais mais frequentados do mundo.<\/p>\t\t\t\t\t\t<\/div>\n\t\t\t\t<\/div>\n\t\t\t\t<div class=\"elementor-element elementor-element-dfd33c9 elementor-widget elementor-widget-heading\" data-id=\"dfd33c9\" data-element_type=\"widget\" data-settings=\"{&quot;ekit_we_effect_on&quot;:&quot;none&quot;}\" data-widget_type=\"heading.default\">\n\t\t\t\t<div class=\"elementor-widget-container\">\n\t\t\t<h5 class=\"elementor-heading-title elementor-size-default\">Informa\u00e7\u00f5es importantes para a sua visita:<\/h5>\t\t<\/div>\n\t\t\t\t<\/div>\n\t\t\t\t<div class=\"elementor-element elementor-element-7a2e9b6 elementor-widget elementor-widget-text-editor\" data-id=\"7a2e9b6\" data-element_type=\"widget\" data-settings=\"{&quot;ekit_we_effect_on&quot;:&quot;none&quot;}\" data-widget_type=\"text-editor.default\">\n\t\t\t\t<div class=\"elementor-widget-container\">\n\t\t\t\t\t\t\t<p>A partir da Pra\u00e7a do Coliseu \u00e9 poss\u00edvel aceder \u00e0s tr\u00eas entradas do Coliseu.<\/p><p>Existe um centro de informa\u00e7\u00e3o tur\u00edstica ao lado.<\/p><p>A esta\u00e7\u00e3o Colosseo da Linha B tem vista para a pra\u00e7a.<\/p><p>A Piazza conduz \u00e0 Via dei Fori Imperiali.<\/p><p>A visita nocturna, com a ilumina\u00e7\u00e3o art\u00edstica do Coliseu, \u00e9 obrigat\u00f3ria.<\/p>\t\t\t\t\t\t<\/div>\n\t\t\t\t<\/div>\n\t\t\t\t<div class=\"elementor-element elementor-element-87d7b43 elementor-widget elementor-widget-heading\" data-id=\"87d7b43\" data-element_type=\"widget\" data-settings=\"{&quot;ekit_we_effect_on&quot;:&quot;none&quot;}\" data-widget_type=\"heading.default\">\n\t\t\t\t<div class=\"elementor-widget-container\">\n\t\t\t<h4 class=\"elementor-heading-title elementor-size-default\">Os outros monumentos da Pra\u00e7a do Coliseu:<\/h4>\t\t<\/div>\n\t\t\t\t<\/div>\n\t\t\t\t<div class=\"elementor-element elementor-element-f45ad75 elementor-widget elementor-widget-heading\" data-id=\"f45ad75\" data-element_type=\"widget\" data-settings=\"{&quot;ekit_we_effect_on&quot;:&quot;none&quot;}\" data-widget_type=\"heading.default\">\n\t\t\t\t<div class=\"elementor-widget-container\">\n\t\t\t<h5 class=\"elementor-heading-title elementor-size-default\">O Arco de Constantino <\/h5>\t\t<\/div>\n\t\t\t\t<\/div>\n\t\t\t\t<div class=\"elementor-element elementor-element-4e4e7d3 elementor-widget elementor-widget-text-editor\" data-id=\"4e4e7d3\" data-element_type=\"widget\" data-settings=\"{&quot;ekit_we_effect_on&quot;:&quot;none&quot;}\" data-widget_type=\"text-editor.default\">\n\t\t\t\t<div class=\"elementor-widget-container\">\n\t\t\t\t\t\t\t<p><i>\"Ao Imperador C\u00e9sar Fl\u00e1vio Constantino M\u00e1ximo Pio F\u00e9lix Augusto, ao Senado e ao povo romano, uma vez que, por inspira\u00e7\u00e3o divina e pela grandeza do seu esp\u00edrito, vingou com o seu ex\u00e9rcito o Estado, por meio de uma guerra justa, tanto do tirano como de todas as suas fac\u00e7\u00f5es, dedicou este arco insigne para o triunfo.\"\u00a0\u00a0<\/i><\/p><p>O Arco de Constantino, situado a pouca dist\u00e2ncia do Coliseu, \u00e9 um imponente arco triunfal com tr\u00eas arcos. A passagem central \u00e9 ladeada por duas passagens laterais mais pequenas, e toda a estrutura pode ser considerada um museu oficial da escultura romana, devido \u00e0 sua extraordin\u00e1ria riqueza e import\u00e2ncia. O Senado dedicou o arco para comemorar a vit\u00f3ria de Constantino I sobre Max\u00eancio na batalha de Ponte Milvio, a 28 de outubro de 312, e foi inaugurado em 315, por ocasi\u00e3o das decenais do imperador, ou seja, os dez anos do seu reinado. A posi\u00e7\u00e3o do arco, entre o Palatino e o Caeliano, coincidia com o antigo caminho dos triunfos.<\/p>\t\t\t\t\t\t<\/div>\n\t\t\t\t<\/div>\n\t\t\t\t<div class=\"elementor-element elementor-element-8afefe0 elementor-widget elementor-widget-heading\" data-id=\"8afefe0\" data-element_type=\"widget\" data-settings=\"{&quot;ekit_we_effect_on&quot;:&quot;none&quot;}\" data-widget_type=\"heading.default\">\n\t\t\t\t<div class=\"elementor-widget-container\">\n\t\t\t<h5 class=\"elementor-heading-title elementor-size-default\">Zona da cave do Colosso de Nero<\/h5>\t\t<\/div>\n\t\t\t\t<\/div>\n\t\t\t\t<div class=\"elementor-element elementor-element-994190c elementor-widget elementor-widget-text-editor\" data-id=\"994190c\" data-element_type=\"widget\" data-settings=\"{&quot;ekit_we_effect_on&quot;:&quot;none&quot;}\" data-widget_type=\"text-editor.default\">\n\t\t\t\t<div class=\"elementor-widget-container\">\n\t\t\t\t\t\t\t<p>De acordo com Pl\u00ednio, o Velho, o Colosso, realizado pelo escultor Zenodoro, tinha 33,5 metros de altura e estava assente num pedestal quadrado com 11 metros de lado. A est\u00e1tua de bronze, provavelmente inspirada no famoso Colosso de Rodes, representava o imperador como uma divindade solar com o bra\u00e7o direito estendido para a frente, segurando um ramo, enquanto o bra\u00e7o esquerdo segurava uma esfera, simbolizando o globo terrestre. A cabe\u00e7a da imponente est\u00e1tua era adornada com uma coroa composta por sete raios, cada um com seis metros de comprimento. O efeito visual impressionante da est\u00e1tua deve ter sido espantoso e facilmente percet\u00edvel, mesmo a grande dist\u00e2ncia, devido ao seu tamanho gigantesco e ao ouro que cobria o bronze. Al\u00e9m disso, o Coliseu ainda n\u00e3o existia na \u00e9poca da est\u00e1tua, e deve ter havido um pequeno lago que reflectiu o imponente monumento, criando um espet\u00e1culo incrivelmente impressionante.\u00a0<\/p>\t\t\t\t\t\t<\/div>\n\t\t\t\t<\/div>\n\t\t\t\t<div class=\"elementor-element elementor-element-a238a9b elementor-widget elementor-widget-heading\" data-id=\"a238a9b\" data-element_type=\"widget\" data-settings=\"{&quot;ekit_we_effect_on&quot;:&quot;none&quot;}\" data-widget_type=\"heading.default\">\n\t\t\t\t<div class=\"elementor-widget-container\">\n\t\t\t<h5 class=\"elementor-heading-title elementor-size-default\">O nome do Coliseu deriva do Colosso de Nero?<\/h5>\t\t<\/div>\n\t\t\t\t<\/div>\n\t\t\t\t<div class=\"elementor-element elementor-element-3bf8c1a elementor-widget elementor-widget-text-editor\" data-id=\"3bf8c1a\" data-element_type=\"widget\" data-settings=\"{&quot;ekit_we_effect_on&quot;:&quot;none&quot;}\" data-widget_type=\"text-editor.default\">\n\t\t\t\t<div class=\"elementor-widget-container\">\n\t\t\t\t\t\t\t<p>\u00c9 poss\u00edvel que o nome \"Coliseu\" derive da presen\u00e7a do Colosso de Nero nas imedia\u00e7\u00f5es do anfiteatro flaviano constru\u00eddo em 80 d.C. No entanto, existem outras hip\u00f3teses que sugerem que a alcunha pode ter vindo das grandes dimens\u00f5es do pr\u00f3prio anfiteatro ou do vizinho Colle Oppio, onde se encontrava o templo de \u00cdsis conhecido como \"Collis Isei\". Ao longo da hist\u00f3ria, o Colosso de Nero sofreu muitas altera\u00e7\u00f5es, consoante o imperador da \u00e9poca. Vespasiano, que governou de 69 a 79 d.C., teve de intervir para o reparar depois de um inc\u00eandio na Domus Aurea. Em 127 d.C., Adriano encarregou o arquiteto Decriano de deslocar o Colosso junto ao Coliseu para dar lugar ao novo templo de V\u00e9nus. Decriano utilizou vinte e quatro elefantes para o transportar, mantendo-o na vertical, e, a pedido do imperador, substituiu os tra\u00e7os faciais de Nero pelos de Adriano. Uma gravura gr\u00e1fica ilustra a nova posi\u00e7\u00e3o do Colosso ap\u00f3s a desloca\u00e7\u00e3o.<\/p>\t\t\t\t\t\t<\/div>\n\t\t\t\t<\/div>\n\t\t\t\t<div class=\"elementor-element elementor-element-9db846e elementor-widget elementor-widget-heading\" data-id=\"9db846e\" data-element_type=\"widget\" data-settings=\"{&quot;ekit_we_effect_on&quot;:&quot;none&quot;}\" data-widget_type=\"heading.default\">\n\t\t\t\t<div class=\"elementor-widget-container\">\n\t\t\t<h5 class=\"elementor-heading-title elementor-size-default\">Igreja de Santa Maria della Piet\u00e0 no Coliseu<\/h5>\t\t<\/div>\n\t\t\t\t<\/div>\n\t\t\t\t<div class=\"elementor-element elementor-element-8923a6c elementor-widget elementor-widget-text-editor\" data-id=\"8923a6c\" data-element_type=\"widget\" data-settings=\"{&quot;ekit_we_effect_on&quot;:&quot;none&quot;}\" data-widget_type=\"text-editor.default\">\n\t\t\t\t<div class=\"elementor-widget-container\">\n\t\t\t\t\t\t\t<p>No interior de um dos monumentos mais importantes de Roma, o Anfiteatro Flaviano, precisamente no arco 24 de uma das suas grandes arcadas, encontra-se uma pequena capela dedicada a Santa Maria della Piet\u00e0. A igreja foi fundada entre os s\u00e9culos VI e VII como local de culto, provavelmente em mem\u00f3ria das pessoas que morreram no Coliseu. As primeiras informa\u00e7\u00f5es bem fundamentadas sobre a capela prov\u00eam do Cardeal Cencio Camerario, um ilustre historiador e conhecedor das igrejas romanas, e datam de 1192, altura em que a igreja era conhecida pelo t\u00edtulo \"Santissimo Salvatore in Rota Colisei\".<\/p>\t\t\t\t\t\t<\/div>\n\t\t\t\t<\/div>\n\t\t\t\t<div class=\"elementor-element elementor-element-10ef1ad elementor-widget elementor-widget-heading\" data-id=\"10ef1ad\" data-element_type=\"widget\" data-settings=\"{&quot;ekit_we_effect_on&quot;:&quot;none&quot;}\" data-widget_type=\"heading.default\">\n\t\t\t\t<div class=\"elementor-widget-container\">\n\t\t\t<h5 class=\"elementor-heading-title elementor-size-default\">As atrac\u00e7\u00f5es de Roma podem ser facilmente alcan\u00e7adas a partir da Piazza:<\/h5>\t\t<\/div>\n\t\t\t\t<\/div>\n\t\t\t\t<div class=\"elementor-element elementor-element-15b046c elementor-widget elementor-widget-text-editor\" data-id=\"15b046c\" data-element_type=\"widget\" data-settings=\"{&quot;ekit_we_effect_on&quot;:&quot;none&quot;}\" data-widget_type=\"text-editor.default\">\n\t\t\t\t<div class=\"elementor-widget-container\">\n\t\t\t\t\t\t\t<p>O Parque Arqueol\u00f3gico do Coliseu:\u00a0<\/p><p>O Monte Palatino<\/p><p>O Museu Palatino<\/p><p>A Domus Aurea<\/p><p>F\u00f3runs romanos<\/p><p>F\u00f3runs Imperiais<\/p><p>Bas\u00edlica de S\u00e3o Jo\u00e3o e S\u00e3o Paulo<\/p>\t\t\t\t\t\t<\/div>\n\t\t\t\t<\/div>\n\t\t\t\t<div class=\"elementor-element elementor-element-792aa3d elementor-widget elementor-widget-heading\" data-id=\"792aa3d\" data-element_type=\"widget\" data-settings=\"{&quot;ekit_we_effect_on&quot;:&quot;none&quot;}\" data-widget_type=\"heading.default\">\n\t\t\t\t<div class=\"elementor-widget-container\">\n\t\t\t<h5 class=\"elementor-heading-title elementor-size-default\">Coment\u00e1rios:<\/h5>\t\t<\/div>\n\t\t\t\t<\/div>\n\t\t<div class=\"elementor-element elementor-element-aaa1ccc e-flex e-con-boxed e-con e-parent\" data-id=\"aaa1ccc\" data-element_type=\"container\" data-settings=\"{&quot;jet_parallax_layout_list&quot;:[],&quot;ekit_has_onepagescroll_dot&quot;:&quot;yes&quot;}\">\n\t\t\t\t\t<div class=\"e-con-inner\">\n\t\t\t\t<div class=\"elementor-element elementor-element-75dff37 elementor-widget elementor-widget-jet-carousel\" data-id=\"75dff37\" data-element_type=\"widget\" data-settings=\"{&quot;slides_to_show&quot;:&quot;3&quot;,&quot;slides_to_scroll&quot;:&quot;3&quot;,&quot;slides_to_show_tablet&quot;:&quot;2&quot;,&quot;slides_to_show_mobile&quot;:&quot;1&quot;,&quot;slides_to_scroll_tablet&quot;:&quot;2&quot;,&quot;slides_to_scroll_mobile&quot;:&quot;1&quot;,&quot;ekit_we_effect_on&quot;:&quot;none&quot;}\" data-widget_type=\"jet-carousel.default\">\n\t\t\t\t<div class=\"elementor-widget-container\">\n\t\t\t<div class=\"elementor-jet-carousel jet-elements\"><div class=\"jet-carousel-wrap jet-equal-cols\">\n\t<div class=\"jet-carousel\" data-slider_options=\"{&quot;autoplaySpeed&quot;:5000,&quot;autoplay&quot;:true,&quot;infinite&quot;:true,&quot;centerMode&quot;:false,&quot;centerPadding&quot;:&quot;50px&quot;,&quot;pauseOnHover&quot;:false,&quot;speed&quot;:500,&quot;arrows&quot;:true,&quot;dots&quot;:false,&quot;variableWidth&quot;:false,&quot;prevArrow&quot;:&quot;.jet-carousel__prev-arrow-75dff37&quot;,&quot;nextArrow&quot;:&quot;.jet-carousel__next-arrow-75dff37&quot;,&quot;rtl&quot;:false,&quot;fractionNav&quot;:false}\" dir=\"ltr\">\n\t<div class=\"elementor-slick-slider\">\n\n<div class=\"jet-carousel__item\">\n\t<div class=\"jet-carousel__item-inner\"><div class=\"jet-carousel__content\"><h5 class=\"jet-carousel__item-title\"><\/h5><div class=\"jet-carousel__item-text\"><p>\"A Piazza del Colosseo \u00e9 uma das pra\u00e7as mais fascinantes que j\u00e1 vi! A vista da majestosa estrutura do Coliseu, bem como dos restos do Anfiteatro Flaviano, deixa-nos sem f\u00f4lego. A pra\u00e7a em si est\u00e1 sempre muito cheia, mas nunca se esquece a sensa\u00e7\u00e3o de estar num lugar t\u00e3o hist\u00f3rico e emblem\u00e1tico.\"<\/p><\/div><\/div><\/div>\n<\/div>\n\n<div class=\"jet-carousel__item\">\n\t<div class=\"jet-carousel__item-inner\"><div class=\"jet-carousel__content\"><h5 class=\"jet-carousel__item-title\"><\/h5><div class=\"jet-carousel__item-text\"><p>\"Com as pedras da cal\u00e7ada sob os p\u00e9s e a imponente arquitetura do Coliseu como pano de fundo, a Piazza del Colosseo parece quase como um lugar fora do tempo na cidade de Roma. \u00c9 uma experi\u00eancia verdadeiramente \u00fanica passear por esta pra\u00e7a e ver, sem d\u00favida, o monumento mais famoso do mundo e as ru\u00ednas que contam a hist\u00f3ria da Roma antiga.\"<\/p><\/div><\/div><\/div>\n<\/div>\n\n<div class=\"jet-carousel__item\">\n\t<div class=\"jet-carousel__item-inner\"><div class=\"jet-carousel__content\"><h5 class=\"jet-carousel__item-title\"><\/h5><div class=\"jet-carousel__item-text\"><p>\"A Piazza del Colosseo \u00e9 o local perfeito para uma visita nocturna. As luzes que iluminam o Coliseu e a \u00e1rea circundante criam uma atmosfera m\u00e1gica e rom\u00e2ntica, enquanto o deserto faz com que muitas vezes se sinta como se tivesse este lugar incr\u00edvel s\u00f3 para si.\"<\/p><\/div><\/div><\/div>\n<\/div>\n\n<div class=\"jet-carousel__item\">\n\t<div class=\"jet-carousel__item-inner\"><div class=\"jet-carousel__content\"><h5 class=\"jet-carousel__item-title\"><\/h5><div class=\"jet-carousel__item-text\"><p>\"A Piazza del Colosseo \u00e9, sem d\u00favida, um dos locais mais tur\u00edsticos de Roma, mas n\u00e3o menos impressionante por isso. A quantidade de pessoas pode ser um pouco sufocante, mas a vis\u00e3o do hist\u00f3rico Coliseu no centro da capital de Roma \u00e9 poderosa e faz com que tudo o resto passe para segundo plano.\"<\/p><\/div><\/div><\/div>\n<\/div>\n\n<div class=\"jet-carousel__item\">\n\t<div class=\"jet-carousel__item-inner\"><div class=\"jet-carousel__content\"><h5 class=\"jet-carousel__item-title\"><\/h5><div class=\"jet-carousel__item-text\"><p>\"No meio de tantos lugares hist\u00f3ricos e culturais espalhados por It\u00e1lia, a Piazza del Colosseo \u00e9 um dos poucos que parece ter uma capacidade m\u00e1gica de estimular a imagina\u00e7\u00e3o e trazer a hist\u00f3ria para a nossa consci\u00eancia. Poder caminhar num pavimento por onde passaram milhares de pessoas e ver o Coliseu esculpido contra o c\u00e9u azul \u00e9 uma experi\u00eancia \u00fanica e real\u00e7a este monumento extraordin\u00e1rio.\"<\/p><\/div><\/div><\/div>\n<\/div>\n<\/div><div class=\"jet-carousel__prev-arrow-75dff37 jet-arrow prev-arrow\"><i aria-hidden=\"true\" class=\"fal fa-chevron-left\"><\/i><\/div><div class=\"jet-carousel__next-arrow-75dff37 jet-arrow next-arrow\"><i aria-hidden=\"true\" class=\"fal fa-chevron-right\"><\/i><\/div><\/div>\n<\/div>\n<\/div>\t\t<\/div>\n\t\t\t\t<\/div>\n\t\t\t\t\t<\/div>\n\t\t\t\t<\/div>\n\t\t\t\t\t<\/div>\n\t\t<\/div>\n\t\t\t\t\t<\/div>\n\t\t<\/section>\n\t\t\t\t<\/div>","protected":false},"excerpt":{"rendered":"<p>Pra\u00e7a do Coliseu A Pra\u00e7a do Coliseu no cora\u00e7\u00e3o de Roma Este lugar \u00e9 o lar do monumento mais famoso do mundo. Descobrir a Piazza del Colosseo em Roma significa fazer uma viagem no tempo e, ao mesmo tempo, admirar uma das sete maravilhas do mundo. A Pra\u00e7a do Coliseu no cora\u00e7\u00e3o de Roma No centro da Pra\u00e7a do Coliseu [...]<\/p>","protected":false},"author":1,"featured_media":0,"parent":526,"menu_order":5,"comment_status":"closed","ping_status":"closed","template":"","meta":{"site-sidebar-layout":"no-sidebar","site-content-layout":"page-builder","ast-site-content-layout":"full-width-container","site-content-style":"unboxed","site-sidebar-style":"unboxed","ast-global-header-display":"","ast-banner-title-visibility":"","ast-main-header-display":"","ast-hfb-above-header-display":"","ast-hfb-below-header-display":"","ast-hfb-mobile-header-display":"","site-post-title":"disabled","ast-breadcrumbs-content":"","ast-featured-img":"disabled","footer-sml-layout":"","ast-disable-related-posts":"","theme-transparent-header-meta":"default","adv-header-id-meta":"","stick-header-meta":"","header-above-stick-meta":"","header-main-stick-meta":"","header-below-stick-meta":"","astra-migrate-meta-layouts":"default","ast-page-background-enabled":"default","ast-page-background-meta":{"desktop":{"background-color":"var(--ast-global-color-4)","background-image":"","background-repeat":"repeat","background-position":"center center","background-size":"auto","background-attachment":"scroll","background-type":"","background-media":"","overlay-type":"","overlay-color":"","overlay-opacity":"","overlay-gradient":""},"tablet":{"background-color":"","background-image":"","background-repeat":"repeat","background-position":"center center","background-size":"auto","background-attachment":"scroll","background-type":"","background-media":"","overlay-type":"","overlay-color":"","overlay-opacity":"","overlay-gradient":""},"mobile":{"background-color":"","background-image":"","background-repeat":"repeat","background-position":"center center","background-size":"auto","background-attachment":"scroll","background-type":"","background-media":"","overlay-type":"","overlay-color":"","overlay-opacity":"","overlay-gradient":""}},"ast-content-background-meta":{"desktop":{"background-color":"var(--ast-global-color-5)","background-image":"","background-repeat":"repeat","background-position":"center center","background-size":"auto","background-attachment":"scroll","background-type":"","background-media":"","overlay-type":"","overlay-color":"","overlay-opacity":"","overlay-gradient":""},"tablet":{"background-color":"var(--ast-global-color-5)","background-image":"","background-repeat":"repeat","background-position":"center center","background-size":"auto","background-attachment":"scroll","background-type":"","background-media":"","overlay-type":"","overlay-color":"","overlay-opacity":"","overlay-gradient":""},"mobile":{"background-color":"var(--ast-global-color-5)","background-image":"","background-repeat":"repeat","background-position":"center center","background-size":"auto","background-attachment":"scroll","background-type":"","background-media":"","overlay-type":"","overlay-color":"","overlay-opacity":"","overlay-gradient":""}},"iawp_total_views":907,"footnotes":""},"class_list":["post-1198","page","type-page","status-publish","hentry"],"_links":{"self":[{"href":"https:\/\/colosseo-roma.it\/pt\/wp-json\/wp\/v2\/pages\/1198","targetHints":{"allow":["GET"]}}],"collection":[{"href":"https:\/\/colosseo-roma.it\/pt\/wp-json\/wp\/v2\/pages"}],"about":[{"href":"https:\/\/colosseo-roma.it\/pt\/wp-json\/wp\/v2\/types\/page"}],"author":[{"embeddable":true,"href":"https:\/\/colosseo-roma.it\/pt\/wp-json\/wp\/v2\/users\/1"}],"replies":[{"embeddable":true,"href":"https:\/\/colosseo-roma.it\/pt\/wp-json\/wp\/v2\/comments?post=1198"}],"version-history":[{"count":0,"href":"https:\/\/colosseo-roma.it\/pt\/wp-json\/wp\/v2\/pages\/1198\/revisions"}],"up":[{"embeddable":true,"href":"https:\/\/colosseo-roma.it\/pt\/wp-json\/wp\/v2\/pages\/526"}],"wp:attachment":[{"href":"https:\/\/colosseo-roma.it\/pt\/wp-json\/wp\/v2\/media?parent=1198"}],"curies":[{"name":"wp","href":"https:\/\/api.w.org\/{rel}","templated":true}]}}