{"id":40,"date":"2023-03-10T11:18:58","date_gmt":"2023-03-10T10:18:58","guid":{"rendered":"https:\/\/wordpress-1074717-3818660.cloudwaysapps.com\/?page_id=40"},"modified":"2026-01-26T17:12:47","modified_gmt":"2026-01-26T16:12:47","slug":"horarios","status":"publish","type":"page","link":"https:\/\/colosseo-roma.it\/pt\/visita\/horario-de-funcionamento\/","title":{"rendered":"Hor\u00e1rio de funcionamento"},"content":{"rendered":"<div data-elementor-type=\"wp-page\" data-elementor-id=\"40\" class=\"elementor elementor-40\" data-elementor-post-type=\"page\">\n\t\t\t\t\t\t<section class=\"elementor-section elementor-top-section elementor-element elementor-element-f90df0c elementor-section-boxed elementor-section-height-default elementor-section-height-default\" data-id=\"f90df0c\" data-element_type=\"section\" data-settings=\"{&quot;jet_parallax_layout_list&quot;:[],&quot;ekit_has_onepagescroll_dot&quot;:&quot;yes&quot;}\">\n\t\t\t\t\t\t<div class=\"elementor-container elementor-column-gap-default\">\n\t\t\t\t\t<div class=\"elementor-column elementor-col-100 elementor-top-column elementor-element elementor-element-b1f1488\" data-id=\"b1f1488\" data-element_type=\"column\" data-settings=\"{&quot;background_background&quot;:&quot;classic&quot;}\">\n\t\t\t<div class=\"elementor-widget-wrap elementor-element-populated\">\n\t\t\t\t\t\t<div class=\"elementor-element elementor-element-09e0654 elementor-widget elementor-widget-heading\" data-id=\"09e0654\" data-element_type=\"widget\" data-settings=\"{&quot;ekit_we_effect_on&quot;:&quot;none&quot;}\" data-widget_type=\"heading.default\">\n\t\t\t\t<div class=\"elementor-widget-container\">\n\t\t\t<h1 class=\"elementor-heading-title elementor-size-default\">Hor\u00e1rio de funcionamento do Coliseu\n\n<\/h1>\t\t<\/div>\n\t\t\t\t<\/div>\n\t\t\t\t<div class=\"elementor-element elementor-element-b14ffde elementor-widget elementor-widget-heading\" data-id=\"b14ffde\" data-element_type=\"widget\" data-settings=\"{&quot;ekit_we_effect_on&quot;:&quot;none&quot;}\" data-widget_type=\"heading.default\">\n\t\t\t\t<div class=\"elementor-widget-container\">\n\t\t\t<h4 class=\"elementor-heading-title elementor-size-default\">Hor\u00e1rio de abertura para visitar o Coliseu<\/h4>\t\t<\/div>\n\t\t\t\t<\/div>\n\t\t\t\t<div class=\"elementor-element elementor-element-5c62bb9 elementor-widget elementor-widget-text-editor\" data-id=\"5c62bb9\" data-element_type=\"widget\" data-settings=\"{&quot;ekit_we_effect_on&quot;:&quot;none&quot;}\" data-widget_type=\"text-editor.default\">\n\t\t\t\t<div class=\"elementor-widget-container\">\n\t\t\t\t\t\t\t<p style=\"text-align: center;\"><strong>O Coliseu tem os seguintes hor\u00e1rios de abertura e encerramento:\u00a0<\/strong><\/p><p style=\"text-align: center;\"><strong>Hor\u00e1rio de abertura 08.30 - 16.30: do \u00faltimo domingo de outubro a 15 de fevereiro<\/strong><\/p><p style=\"text-align: center;\"><strong>Hor\u00e1rio de abertura 08.30 - 17.00: 16 de fevereiro a 15 de mar\u00e7o<\/strong><\/p><p style=\"text-align: center;\"><strong>Hor\u00e1rio de abertura 08.30 - 17.30: 16 at\u00e9 ao \u00faltimo s\u00e1bado de mar\u00e7o.<\/strong><\/p><p style=\"text-align: center;\"><strong>Hor\u00e1rio de abertura 08.30 - 19.15: do \u00faltimo domingo de mar\u00e7o at\u00e9 31 de agosto<\/strong><\/p><p style=\"text-align: center;\"><strong>Hor\u00e1rio de abertura 08.30 - 19.00: 1 a 30 de setembro<\/strong><\/p><p style=\"text-align: center;\"><strong>Hor\u00e1rio de abertura 08.30 - 18.30: 1 a \u00faltimo s\u00e1bado de outubro<\/strong><\/p><p style=\"text-align: center;\"><strong>Note-se que a \u00faltima entrada \u00e9 poss\u00edvel uma hora antes do encerramento do Coliseu.<\/strong><\/p><p style=\"text-align: center;\"><strong>O Coliseu est\u00e1 aberto todos os dias, estando fechado apenas a 1 de janeiro e a 25 de dezembro.<\/strong><\/p>\t\t\t\t\t\t<\/div>\n\t\t\t\t<\/div>\n\t\t\t\t<div class=\"elementor-element elementor-element-57e6c65 elementor-widget elementor-widget-spacer\" data-id=\"57e6c65\" data-element_type=\"widget\" data-settings=\"{&quot;ekit_we_effect_on&quot;:&quot;none&quot;}\" data-widget_type=\"spacer.default\">\n\t\t\t\t<div class=\"elementor-widget-container\">\n\t\t\t\t\t<div class=\"elementor-spacer\">\n\t\t\t<div class=\"elementor-spacer-inner\"><\/div>\n\t\t<\/div>\n\t\t\t\t<\/div>\n\t\t\t\t<\/div>\n\t\t\t\t\t<\/div>\n\t\t<\/div>\n\t\t\t\t\t<\/div>\n\t\t<\/section>\n\t\t\t\t<section class=\"elementor-section elementor-top-section elementor-element elementor-element-4decdf9 elementor-section-boxed elementor-section-height-default elementor-section-height-default\" data-id=\"4decdf9\" data-element_type=\"section\" data-settings=\"{&quot;jet_parallax_layout_list&quot;:[],&quot;ekit_has_onepagescroll_dot&quot;:&quot;yes&quot;}\">\n\t\t\t\t\t\t<div class=\"elementor-container elementor-column-gap-default\">\n\t\t\t\t\t<div class=\"elementor-column elementor-col-100 elementor-top-column elementor-element elementor-element-ae96b9f\" data-id=\"ae96b9f\" data-element_type=\"column\" data-settings=\"{&quot;background_background&quot;:&quot;classic&quot;}\">\n\t\t\t<div class=\"elementor-widget-wrap elementor-element-populated\">\n\t\t\t\t\t\t<div class=\"elementor-element elementor-element-b170979 elementor-widget elementor-widget-html\" data-id=\"b170979\" data-element_type=\"widget\" data-settings=\"{&quot;ekit_we_effect_on&quot;:&quot;none&quot;}\" data-widget_type=\"html.default\">\n\t\t\t\t<div class=\"elementor-widget-container\">\n\t\t\t<div data-tiqets-widget=\"discovery\" data-cards-layout=\"responsive\" data-content-type=\"product\" data-item_count=\"4\" data-destination-type=\"venue\" data-destination-id=\"217362\" data-partner=\"colosseo_roma\" data-tq-campaign=\"orari\"><\/div><script defer src=\"https:\/\/widgets.tiqets.com\/loader.js\"><\/script>\t\t<\/div>\n\t\t\t\t<\/div>\n\t\t\t\t<div class=\"elementor-element elementor-element-8bac0b3 elementor-widget elementor-widget-heading\" data-id=\"8bac0b3\" data-element_type=\"widget\" data-settings=\"{&quot;ekit_we_effect_on&quot;:&quot;none&quot;}\" data-widget_type=\"heading.default\">\n\t\t\t\t<div class=\"elementor-widget-container\">\n\t\t\t<h5 class=\"elementor-heading-title elementor-size-default\">Porqu\u00ea reservar visitas guiadas?<\/h5>\t\t<\/div>\n\t\t\t\t<\/div>\n\t\t\t\t<div class=\"elementor-element elementor-element-6f6d1b0 elementor-widget elementor-widget-text-editor\" data-id=\"6f6d1b0\" data-element_type=\"widget\" data-settings=\"{&quot;ekit_we_effect_on&quot;:&quot;none&quot;}\" data-widget_type=\"text-editor.default\">\n\t\t\t\t<div class=\"elementor-widget-container\">\n\t\t\t\t\t\t\t<p>A reserva de visitas guiadas \u00e9 uma boa escolha para aqueles que querem maximizar o seu tempo e desfrutar de uma experi\u00eancia tur\u00edstica mais aprofundada. Com uma visita guiada, um guia experiente leva-o atrav\u00e9s de todo o percurso da arena e tamb\u00e9m lhe d\u00e1 acesso \u00e0 parte do Coliseu que est\u00e1 fechada aos visitantes aut\u00f3nomos: a \u00e1rea subterr\u00e2nea do Coliseu. Al\u00e9m disso, muitas visitas guiadas tamb\u00e9m incluem acesso priorit\u00e1rio sem filas de espera, o que lhe permite poupar tempo precioso e n\u00e3o ter de esperar numa fila ao sol.<\/p>\t\t\t\t\t\t<\/div>\n\t\t\t\t<\/div>\n\t\t\t\t<div class=\"elementor-element elementor-element-3a1f1fb elementor-widget elementor-widget-heading\" data-id=\"3a1f1fb\" data-element_type=\"widget\" data-settings=\"{&quot;ekit_we_effect_on&quot;:&quot;none&quot;}\" data-widget_type=\"heading.default\">\n\t\t\t\t<div class=\"elementor-widget-container\">\n\t\t\t<h5 class=\"elementor-heading-title elementor-size-default\">Porqu\u00ea comprar bilhetes e visitas guiadas?<\/h5>\t\t<\/div>\n\t\t\t\t<\/div>\n\t\t\t\t<div class=\"elementor-element elementor-element-6442606 elementor-widget elementor-widget-text-editor\" data-id=\"6442606\" data-element_type=\"widget\" data-settings=\"{&quot;ekit_we_effect_on&quot;:&quot;none&quot;}\" data-widget_type=\"text-editor.default\">\n\t\t\t\t<div class=\"elementor-widget-container\">\n\t\t\t\t\t\t\t<p>A compra antecipada de bilhetes e excurs\u00f5es permite-lhe evitar filas de espera e garantir o acesso nas datas e horas desejadas. Al\u00e9m disso, existem frequentemente ofertas especiais online ou pacotes que incluem v\u00e1rias atrac\u00e7\u00f5es tur\u00edsticas. A compra antecipada de bilhetes e excurs\u00f5es no recinto de espect\u00e1culos permite-lhe tamb\u00e9m organizar melhor a sua viagem e ter uma vis\u00e3o geral dos custos a suportar antecipadamente, evitando surpresas indesej\u00e1veis.<\/p>\t\t\t\t\t\t<\/div>\n\t\t\t\t<\/div>\n\t\t\t\t<div class=\"elementor-element elementor-element-ec87156 elementor-widget elementor-widget-heading\" data-id=\"ec87156\" data-element_type=\"widget\" data-settings=\"{&quot;ekit_we_effect_on&quot;:&quot;none&quot;}\" data-widget_type=\"heading.default\">\n\t\t\t\t<div class=\"elementor-widget-container\">\n\t\t\t<h5 class=\"elementor-heading-title elementor-size-default\">Quanto tempo demora a visita?<\/h5>\t\t<\/div>\n\t\t\t\t<\/div>\n\t\t\t\t<div class=\"elementor-element elementor-element-4c254f8 elementor-widget elementor-widget-text-editor\" data-id=\"4c254f8\" data-element_type=\"widget\" data-settings=\"{&quot;ekit_we_effect_on&quot;:&quot;none&quot;}\" data-widget_type=\"text-editor.default\">\n\t\t\t\t<div class=\"elementor-widget-container\">\n\t\t\t\t\t\t\t<p>S\u00f3 a visita ao Coliseu demora pelo menos uma hora, o que inclui tempo para explorar o monumento e tirar algumas fotografias e selfies. Para visitar outras atrac\u00e7\u00f5es, como o F\u00f3rum Romano e o Monte Palatino, s\u00e3o necess\u00e1rias 3 horas. O tempo necess\u00e1rio para visitar estes monumentos depende tamb\u00e9m do tipo de visita escolhida. As visitas guiadas demoram normalmente mais tempo do que as visitas por conta pr\u00f3pria.<\/p>\t\t\t\t\t\t<\/div>\n\t\t\t\t<\/div>\n\t\t\t\t<div class=\"elementor-element elementor-element-6d32b39 elementor-widget elementor-widget-heading\" data-id=\"6d32b39\" data-element_type=\"widget\" data-settings=\"{&quot;ekit_we_effect_on&quot;:&quot;none&quot;}\" data-widget_type=\"heading.default\">\n\t\t\t\t<div class=\"elementor-widget-container\">\n\t\t\t<h5 class=\"elementor-heading-title elementor-size-default\">Uma dica importante para visitar o Coliseu:<\/h5>\t\t<\/div>\n\t\t\t\t<\/div>\n\t\t\t\t<div class=\"elementor-element elementor-element-e39e5d8 elementor-widget elementor-widget-text-editor\" data-id=\"e39e5d8\" data-element_type=\"widget\" data-settings=\"{&quot;ekit_we_effect_on&quot;:&quot;none&quot;}\" data-widget_type=\"text-editor.default\">\n\t\t\t\t<div class=\"elementor-widget-container\">\n\t\t\t\t\t\t\t<ul><li>A melhor altura para visitar o Coliseu seria entre novembro e mar\u00e7o, para um clima mais agrad\u00e1vel e menos turistas.<\/li><li>Durante o dia, recomenda-se visitar a atra\u00e7\u00e3o durante as primeiras horas da manh\u00e3 ou pouco antes da hora de encerramento.<\/li><li>Planeie a sua visita durante os dias de semana para evitar multid\u00f5es de visitantes.<\/li><\/ul>\t\t\t\t\t\t<\/div>\n\t\t\t\t<\/div>\n\t\t\t\t<div class=\"elementor-element elementor-element-e79276d elementor-widget elementor-widget-heading\" data-id=\"e79276d\" data-element_type=\"widget\" data-settings=\"{&quot;ekit_we_effect_on&quot;:&quot;none&quot;}\" data-widget_type=\"heading.default\">\n\t\t\t\t<div class=\"elementor-widget-container\">\n\t\t\t<h5 class=\"elementor-heading-title elementor-size-default\">Coliseu - Bilhetes reduzidos<\/h5>\t\t<\/div>\n\t\t\t\t<\/div>\n\t\t\t\t<div class=\"elementor-element elementor-element-9c60533 elementor-widget elementor-widget-text-editor\" data-id=\"9c60533\" data-element_type=\"widget\" data-settings=\"{&quot;ekit_we_effect_on&quot;:&quot;none&quot;}\" data-widget_type=\"text-editor.default\">\n\t\t\t\t<div class=\"elementor-widget-container\">\n\t\t\t\t\t\t\t<p>Compre as seguintes actividades e escolha a excurs\u00e3o que melhor se adapta \u00e0s suas necessidades e lembre-se de<\/p><ul><li style=\"list-style-type: none;\"><ul><li><strong>Os cidad\u00e3os da UE com idades compreendidas entre os 18 e os 25 anos devem apresentar um comprovativo de identidade para poderem beneficiar da redu\u00e7\u00e3o de 2,00 euros.<\/strong>.<\/li><\/ul><\/li><\/ul>\t\t\t\t\t\t<\/div>\n\t\t\t\t<\/div>\n\t\t\t\t<div class=\"elementor-element elementor-element-3dd2788 elementor-widget elementor-widget-spacer\" data-id=\"3dd2788\" data-element_type=\"widget\" data-settings=\"{&quot;ekit_we_effect_on&quot;:&quot;none&quot;}\" data-widget_type=\"spacer.default\">\n\t\t\t\t<div class=\"elementor-widget-container\">\n\t\t\t\t\t<div class=\"elementor-spacer\">\n\t\t\t<div class=\"elementor-spacer-inner\"><\/div>\n\t\t<\/div>\n\t\t\t\t<\/div>\n\t\t\t\t<\/div>\n\t\t\t\t\t<\/div>\n\t\t<\/div>\n\t\t\t\t\t<\/div>\n\t\t<\/section>\n\t\t\t\t<\/div>","protected":false},"excerpt":{"rendered":"<p>Hor\u00e1rio de abertura do Coliseu Para visitar o Coliseu O Coliseu tem os seguintes hor\u00e1rios de abertura e encerramento: Hor\u00e1rio de abertura 08.30 - 16.30: do \u00faltimo domingo de outubro a 15 de fevereiro Hor\u00e1rio de abertura 08.30 - 17.00: de 16 de fevereiro a 15 de mar\u00e7o Hor\u00e1rio de abertura 08.30 - 17.30: de 16 a \u00faltimo s\u00e1bado de mar\u00e7o Hor\u00e1rio de abertura 08.30 - [...]<\/p>","protected":false},"author":1,"featured_media":0,"parent":2357,"menu_order":4,"comment_status":"closed","ping_status":"closed","template":"","meta":{"site-sidebar-layout":"no-sidebar","site-content-layout":"page-builder","ast-site-content-layout":"full-width-container","site-content-style":"unboxed","site-sidebar-style":"unboxed","ast-global-header-display":"","ast-banner-title-visibility":"","ast-main-header-display":"","ast-hfb-above-header-display":"","ast-hfb-below-header-display":"","ast-hfb-mobile-header-display":"","site-post-title":"disabled","ast-breadcrumbs-content":"","ast-featured-img":"disabled","footer-sml-layout":"","ast-disable-related-posts":"","theme-transparent-header-meta":"default","adv-header-id-meta":"","stick-header-meta":"","header-above-stick-meta":"","header-main-stick-meta":"","header-below-stick-meta":"","astra-migrate-meta-layouts":"default","ast-page-background-enabled":"default","ast-page-background-meta":{"desktop":{"background-color":"var(--ast-global-color-4)","background-image":"","background-repeat":"repeat","background-position":"center center","background-size":"auto","background-attachment":"scroll","background-type":"","background-media":"","overlay-type":"","overlay-color":"","overlay-opacity":"","overlay-gradient":""},"tablet":{"background-color":"","background-image":"","background-repeat":"repeat","background-position":"center center","background-size":"auto","background-attachment":"scroll","background-type":"","background-media":"","overlay-type":"","overlay-color":"","overlay-opacity":"","overlay-gradient":""},"mobile":{"background-color":"","background-image":"","background-repeat":"repeat","background-position":"center center","background-size":"auto","background-attachment":"scroll","background-type":"","background-media":"","overlay-type":"","overlay-color":"","overlay-opacity":"","overlay-gradient":""}},"ast-content-background-meta":{"desktop":{"background-color":"var(--ast-global-color-5)","background-image":"","background-repeat":"repeat","background-position":"center center","background-size":"auto","background-attachment":"scroll","background-type":"","background-media":"","overlay-type":"","overlay-color":"","overlay-opacity":"","overlay-gradient":""},"tablet":{"background-color":"var(--ast-global-color-5)","background-image":"","background-repeat":"repeat","background-position":"center center","background-size":"auto","background-attachment":"scroll","background-type":"","background-media":"","overlay-type":"","overlay-color":"","overlay-opacity":"","overlay-gradient":""},"mobile":{"background-color":"var(--ast-global-color-5)","background-image":"","background-repeat":"repeat","background-position":"center center","background-size":"auto","background-attachment":"scroll","background-type":"","background-media":"","overlay-type":"","overlay-color":"","overlay-opacity":"","overlay-gradient":""}},"iawp_total_views":19499,"footnotes":""},"class_list":["post-40","page","type-page","status-publish","hentry"],"_links":{"self":[{"href":"https:\/\/colosseo-roma.it\/pt\/wp-json\/wp\/v2\/pages\/40","targetHints":{"allow":["GET"]}}],"collection":[{"href":"https:\/\/colosseo-roma.it\/pt\/wp-json\/wp\/v2\/pages"}],"about":[{"href":"https:\/\/colosseo-roma.it\/pt\/wp-json\/wp\/v2\/types\/page"}],"author":[{"embeddable":true,"href":"https:\/\/colosseo-roma.it\/pt\/wp-json\/wp\/v2\/users\/1"}],"replies":[{"embeddable":true,"href":"https:\/\/colosseo-roma.it\/pt\/wp-json\/wp\/v2\/comments?post=40"}],"version-history":[{"count":0,"href":"https:\/\/colosseo-roma.it\/pt\/wp-json\/wp\/v2\/pages\/40\/revisions"}],"up":[{"embeddable":true,"href":"https:\/\/colosseo-roma.it\/pt\/wp-json\/wp\/v2\/pages\/2357"}],"wp:attachment":[{"href":"https:\/\/colosseo-roma.it\/pt\/wp-json\/wp\/v2\/media?parent=40"}],"curies":[{"name":"wp","href":"https:\/\/api.w.org\/{rel}","templated":true}]}}