{"id":46,"date":"2023-03-10T11:29:55","date_gmt":"2023-03-10T10:29:55","guid":{"rendered":"https:\/\/wordpress-1074717-3818660.cloudwaysapps.com\/?page_id=46"},"modified":"2026-01-26T17:11:31","modified_gmt":"2026-01-26T16:11:31","slug":"10-coisas-sobre-o-coliseu","status":"publish","type":"page","link":"https:\/\/colosseo-roma.it\/pt\/explorar\/coliseu\/10-coisas-a-saber-sobre-o-coliseu\/","title":{"rendered":"10 coisas a saber sobre o Coliseu"},"content":{"rendered":"<div data-elementor-type=\"wp-page\" data-elementor-id=\"46\" class=\"elementor elementor-46\" data-elementor-post-type=\"page\">\n\t\t\t\t\t\t<section class=\"elementor-section elementor-top-section elementor-element elementor-element-561ee7c elementor-section-boxed elementor-section-height-default elementor-section-height-default\" data-id=\"561ee7c\" data-element_type=\"section\" data-settings=\"{&quot;jet_parallax_layout_list&quot;:[],&quot;ekit_has_onepagescroll_dot&quot;:&quot;yes&quot;}\">\n\t\t\t\t\t\t<div class=\"elementor-container elementor-column-gap-default\">\n\t\t\t\t\t<div class=\"elementor-column elementor-col-100 elementor-top-column elementor-element elementor-element-e725d89\" data-id=\"e725d89\" data-element_type=\"column\" data-settings=\"{&quot;background_background&quot;:&quot;classic&quot;}\">\n\t\t\t<div class=\"elementor-widget-wrap elementor-element-populated\">\n\t\t\t\t\t\t<div class=\"elementor-element elementor-element-2beb02e elementor-widget elementor-widget-heading\" data-id=\"2beb02e\" data-element_type=\"widget\" data-settings=\"{&quot;ekit_we_effect_on&quot;:&quot;none&quot;}\" data-widget_type=\"heading.default\">\n\t\t\t\t<div class=\"elementor-widget-container\">\n\t\t\t<h1 class=\"elementor-heading-title elementor-size-default\">DEZ COISAS A SABER SOBRE O COLISEU<\/h1>\t\t<\/div>\n\t\t\t\t<\/div>\n\t\t\t\t<div class=\"elementor-element elementor-element-eee1aeb elementor-widget elementor-widget-heading\" data-id=\"eee1aeb\" data-element_type=\"widget\" data-settings=\"{&quot;ekit_we_effect_on&quot;:&quot;none&quot;}\" data-widget_type=\"heading.default\">\n\t\t\t\t<div class=\"elementor-widget-container\">\n\t\t\t<h5 class=\"elementor-heading-title elementor-size-default\">1. Dimens\u00f5es colossais...<\/h5>\t\t<\/div>\n\t\t\t\t<\/div>\n\t\t\t\t<div class=\"elementor-element elementor-element-a55de91 elementor-widget elementor-widget-text-editor\" data-id=\"a55de91\" data-element_type=\"widget\" data-settings=\"{&quot;ekit_we_effect_on&quot;:&quot;none&quot;}\" data-widget_type=\"text-editor.default\">\n\t\t\t\t<div class=\"elementor-widget-container\">\n\t\t\t\t\t\t\t<p>O Coliseu \u00e9 um edif\u00edcio el\u00edptico com 189 metros de comprimento (menos 100 metros do que o Costa Concordia) e 156 metros de largura, cobrindo uma \u00e1rea de 24.000 metros quadrados com uma altura de mais de 48 metros. Tem cerca de 80 entradas e pode acolher cerca de 50.000 espectadores.<\/p>\t\t\t\t\t\t<\/div>\n\t\t\t\t<\/div>\n\t\t\t\t<div class=\"elementor-element elementor-element-a2b4579 elementor-widget elementor-widget-heading\" data-id=\"a2b4579\" data-element_type=\"widget\" data-settings=\"{&quot;ekit_we_effect_on&quot;:&quot;none&quot;}\" data-widget_type=\"heading.default\">\n\t\t\t\t<div class=\"elementor-widget-container\">\n\t\t\t<h5 class=\"elementor-heading-title elementor-size-default\">2. Trabalhos em curso.<\/h5>\t\t<\/div>\n\t\t\t\t<\/div>\n\t\t\t\t<div class=\"elementor-element elementor-element-323f92a elementor-widget elementor-widget-text-editor\" data-id=\"323f92a\" data-element_type=\"widget\" data-settings=\"{&quot;ekit_we_effect_on&quot;:&quot;none&quot;}\" data-widget_type=\"text-editor.default\">\n\t\t\t\t<div class=\"elementor-widget-container\">\n\t\t\t\t\t\t\t<p>A sua constru\u00e7\u00e3o demorou pouco mais de cinco anos: de 75 a 80 d.C. S\u00f3 para a muralha exterior, foram utilizados mais de 100 000 metros c\u00fabicos de travertino.<\/p>\t\t\t\t\t\t<\/div>\n\t\t\t\t<\/div>\n\t\t\t\t<div class=\"elementor-element elementor-element-fa40b62 elementor-widget elementor-widget-heading\" data-id=\"fa40b62\" data-element_type=\"widget\" data-settings=\"{&quot;ekit_we_effect_on&quot;:&quot;none&quot;}\" data-widget_type=\"heading.default\">\n\t\t\t\t<div class=\"elementor-widget-container\">\n\t\t\t<h5 class=\"elementor-heading-title elementor-size-default\">3. Um nome, um mist\u00e9rio.<\/h5>\t\t<\/div>\n\t\t\t\t<\/div>\n\t\t\t\t<div class=\"elementor-element elementor-element-2b928d1 elementor-widget elementor-widget-text-editor\" data-id=\"2b928d1\" data-element_type=\"widget\" data-settings=\"{&quot;ekit_we_effect_on&quot;:&quot;none&quot;}\" data-widget_type=\"text-editor.default\">\n\t\t\t\t<div class=\"elementor-widget-container\">\n\t\t\t\t\t\t\t<p>No in\u00edcio, chamava-se Anfiteatro Flaviano (foi constru\u00eddo por Vespasiano e Tito da dinastia Flaviana). O nome \"Coliseu\" s\u00f3 chegou na Idade M\u00e9dia: a teoria mais acreditada \u00e9 que \u00e9 assim chamado porque foi constru\u00eddo perto da est\u00e1tua do \"colosso\" de Nero que se encontrava a poucos metros do anfiteatro. Outros dizem que o nome deriva da localiza\u00e7\u00e3o, porque se situa numa colina onde outrora existia um templo de \u00cdsis (da\u00ed Collis Isei). Mas h\u00e1 tamb\u00e9m uma lenda negra que diz que antigamente era um templo pag\u00e3o, onde se venerava o dem\u00f3nio. E, no final de cada cerim\u00f3nia, os sacerdotes perguntavam aos fi\u00e9is: \"Colis Eum?<\/p>\t\t\t\t\t\t<\/div>\n\t\t\t\t<\/div>\n\t\t\t\t<div class=\"elementor-element elementor-element-cbbddd9 elementor-widget elementor-widget-heading\" data-id=\"cbbddd9\" data-element_type=\"widget\" data-settings=\"{&quot;ekit_we_effect_on&quot;:&quot;none&quot;}\" data-widget_type=\"heading.default\">\n\t\t\t\t<div class=\"elementor-widget-container\">\n\t\t\t<h5 class=\"elementor-heading-title elementor-size-default\">4. Sem o Coliseu, muitos edif\u00edcios hist\u00f3ricos n\u00e3o existiriam.<\/h5>\t\t<\/div>\n\t\t\t\t<\/div>\n\t\t\t\t<div class=\"elementor-element elementor-element-58f4fda elementor-widget elementor-widget-text-editor\" data-id=\"58f4fda\" data-element_type=\"widget\" data-settings=\"{&quot;ekit_we_effect_on&quot;:&quot;none&quot;}\" data-widget_type=\"text-editor.default\">\n\t\t\t\t<div class=\"elementor-widget-container\">\n\t\t\t\t\t\t\t<p>O m\u00e1rmore da fachada e de algumas partes interiores do Coliseu foi utilizado para a constru\u00e7\u00e3o da Bas\u00edlica de S\u00e3o Pedro e tamb\u00e9m para edif\u00edcios civis como o Palazzo Barberini. Tendo ca\u00eddo no esquecimento, durante muito tempo o anfiteatro foi, de facto, utilizado como fonte de materiais de constru\u00e7\u00e3o. Foi assim at\u00e9 ao s\u00e9culo XVIII, altura em que regressou o amor pelos vest\u00edgios antigos de Roma. Calcula-se que, ao longo do tempo, apenas um ter\u00e7o da constru\u00e7\u00e3o original tenha permanecido.<\/p>\t\t\t\t\t\t<\/div>\n\t\t\t\t<\/div>\n\t\t\t\t<div class=\"elementor-element elementor-element-54e09ea elementor-widget elementor-widget-heading\" data-id=\"54e09ea\" data-element_type=\"widget\" data-settings=\"{&quot;ekit_we_effect_on&quot;:&quot;none&quot;}\" data-widget_type=\"heading.default\">\n\t\t\t\t<div class=\"elementor-widget-container\">\n\t\t\t<h5 class=\"elementor-heading-title elementor-size-default\">5. Filme hist\u00f3rico? N\u00e3o, terror.<\/h5>\t\t<\/div>\n\t\t\t\t<\/div>\n\t\t\t\t<div class=\"elementor-element elementor-element-5d03ddb elementor-widget elementor-widget-text-editor\" data-id=\"5d03ddb\" data-element_type=\"widget\" data-settings=\"{&quot;ekit_we_effect_on&quot;:&quot;none&quot;}\" data-widget_type=\"text-editor.default\">\n\t\t\t\t<div class=\"elementor-widget-container\">\n\t\t\t\t\t\t\t<p>No tempo dos gladiadores, o Coliseu ganhou uma reputa\u00e7\u00e3o sinistra, ao ponto de ser considerado uma das 7 portas do inferno (dezenas de milhares de pessoas morreram ali). Diz-se que a\u00ed se realizavam ritos propiciat\u00f3rios, utilizando o sangue dos mortos na arena. Na Idade M\u00e9dia, bandos de salteadores utilizavam-na para enterrar as suas v\u00edtimas. E no s\u00e9culo XVI foi alvo de magos e feiticeiros que, aparentemente, apreciavam as ervas com poderes m\u00e1gicos que cresciam entre as suas ru\u00ednas.<\/p>\t\t\t\t\t\t<\/div>\n\t\t\t\t<\/div>\n\t\t\t\t<div class=\"elementor-element elementor-element-ef40974 elementor-widget elementor-widget-heading\" data-id=\"ef40974\" data-element_type=\"widget\" data-settings=\"{&quot;ekit_we_effect_on&quot;:&quot;none&quot;}\" data-widget_type=\"heading.default\">\n\t\t\t\t<div class=\"elementor-widget-container\">\n\t\t\t<h5 class=\"elementor-heading-title elementor-size-default\">6. \u00c9 um pouco como a selva.<\/h5>\t\t<\/div>\n\t\t\t\t<\/div>\n\t\t\t\t<div class=\"elementor-element elementor-element-ddb7852 elementor-widget elementor-widget-text-editor\" data-id=\"ddb7852\" data-element_type=\"widget\" data-settings=\"{&quot;ekit_we_effect_on&quot;:&quot;none&quot;}\" data-widget_type=\"text-editor.default\">\n\t\t\t\t<div class=\"elementor-widget-container\">\n\t\t\t\t\t\t\t<p>Estranho mas verdadeiro: h\u00e1 v\u00e1rios s\u00e9culos que os especialistas em bot\u00e2nica estudam a flora selvagem que cresce no interior do Coliseu. Mais de 350 esp\u00e9cies diferentes de plantas criaram ra\u00edzes nas ru\u00ednas, algumas das quais de origem ex\u00f3tica e cujo crescimento seria favorecido pelo microclima do anfiteatro.<\/p>\t\t\t\t\t\t<\/div>\n\t\t\t\t<\/div>\n\t\t\t\t<div class=\"elementor-element elementor-element-1ea489e elementor-widget elementor-widget-heading\" data-id=\"1ea489e\" data-element_type=\"widget\" data-settings=\"{&quot;ekit_we_effect_on&quot;:&quot;none&quot;}\" data-widget_type=\"heading.default\">\n\t\t\t\t<div class=\"elementor-widget-container\">\n\t\t\t<h5 class=\"elementor-heading-title elementor-size-default\">7. Foi tamb\u00e9m utilizada como piscina.<\/h5>\t\t<\/div>\n\t\t\t\t<\/div>\n\t\t\t\t<div class=\"elementor-element elementor-element-53280c6 elementor-widget elementor-widget-text-editor\" data-id=\"53280c6\" data-element_type=\"widget\" data-settings=\"{&quot;ekit_we_effect_on&quot;:&quot;none&quot;}\" data-widget_type=\"text-editor.default\">\n\t\t\t\t<div class=\"elementor-widget-container\">\n\t\t\t\t\t\t\t<p>Durante algum tempo, as nauromachiae, representa\u00e7\u00f5es de batalhas navais na \u00e1gua, tamb\u00e9m se realizaram no interior da arena, mas n\u00e3o tiveram tanto \u00eaxito como os jogos de gladiadores. De acordo com Martin Crapper, professor de engenharia civil e ambiental na Universidade de Edimburgo, a \u00e1gua flu\u00eda atrav\u00e9s de uma s\u00e9rie de po\u00e7os e tubos internos por baixo das bancadas. Foram necess\u00e1rias cerca de sete horas para encher toda a arena.<\/p>\t\t\t\t\t\t<\/div>\n\t\t\t\t<\/div>\n\t\t\t\t<div class=\"elementor-element elementor-element-bf73000 elementor-widget elementor-widget-heading\" data-id=\"bf73000\" data-element_type=\"widget\" data-settings=\"{&quot;ekit_we_effect_on&quot;:&quot;none&quot;}\" data-widget_type=\"heading.default\">\n\t\t\t\t<div class=\"elementor-widget-container\">\n\t\t\t<h5 class=\"elementor-heading-title elementor-size-default\">8. ...e coberto por um grande guarda-sol.<\/h5>\t\t<\/div>\n\t\t\t\t<\/div>\n\t\t\t\t<div class=\"elementor-element elementor-element-ea6cf2b elementor-widget elementor-widget-text-editor\" data-id=\"ea6cf2b\" data-element_type=\"widget\" data-settings=\"{&quot;ekit_we_effect_on&quot;:&quot;none&quot;}\" data-widget_type=\"text-editor.default\">\n\t\t\t\t<div class=\"elementor-widget-container\">\n\t\t\t\t\t\t\t<p>Nos dias de sol, o Coliseu era coberto por uma vela composta por cerca de 80 velas triangulares, controladas por 320 cordas de suporte. A raz\u00e3o \u00e9 f\u00e1cil de adivinhar: evitar a insola\u00e7\u00e3o dos espectadores durante os espect\u00e1culos do meio-dia.<\/p>\t\t\t\t\t\t<\/div>\n\t\t\t\t<\/div>\n\t\t\t\t<div class=\"elementor-element elementor-element-4d8e281 elementor-widget elementor-widget-heading\" data-id=\"4d8e281\" data-element_type=\"widget\" data-settings=\"{&quot;ekit_we_effect_on&quot;:&quot;none&quot;}\" data-widget_type=\"heading.default\">\n\t\t\t\t<div class=\"elementor-widget-container\">\n\t\t\t<h5 class=\"elementor-heading-title elementor-size-default\">9. No cinema.<\/h5>\t\t<\/div>\n\t\t\t\t<\/div>\n\t\t\t\t<div class=\"elementor-element elementor-element-43a34f8 elementor-widget elementor-widget-text-editor\" data-id=\"43a34f8\" data-element_type=\"widget\" data-settings=\"{&quot;ekit_we_effect_on&quot;:&quot;none&quot;}\" data-widget_type=\"text-editor.default\">\n\t\t\t\t<div class=\"elementor-widget-container\">\n\t\t\t\t\t\t\t<p>Foi cen\u00e1rio de in\u00fameros filmes. Mas o filme que celebrizou a sua fama mundial, Gladiador, n\u00e3o foi filmado no Coliseu. De facto, uma s\u00e9rie de contratempos levou o realizador Ridley Scott a filmar algumas cenas no anfiteatro romano de El Jem, na Tun\u00edsia, e a reconstruir uma em Malta, onde demorou 19 semanas e apenas em parte: o essencial foi recriado em computador.<\/p>\t\t\t\t\t\t<\/div>\n\t\t\t\t<\/div>\n\t\t\t\t<div class=\"elementor-element elementor-element-7faaeef elementor-widget elementor-widget-heading\" data-id=\"7faaeef\" data-element_type=\"widget\" data-settings=\"{&quot;ekit_we_effect_on&quot;:&quot;none&quot;}\" data-widget_type=\"heading.default\">\n\t\t\t\t<div class=\"elementor-widget-container\">\n\t\t\t<h5 class=\"elementor-heading-title elementor-size-default\">10. Novo, ou melhor, velho, visual.<\/h5>\t\t<\/div>\n\t\t\t\t<\/div>\n\t\t\t\t<div class=\"elementor-element elementor-element-1465308 elementor-widget elementor-widget-text-editor\" data-id=\"1465308\" data-element_type=\"widget\" data-settings=\"{&quot;ekit_we_effect_on&quot;:&quot;none&quot;}\" data-widget_type=\"text-editor.default\">\n\t\t\t\t<div class=\"elementor-widget-container\">\n\t\t\t\t\t\t\t<p>No final de setembro, a fase de prepara\u00e7\u00e3o dever\u00e1 estar conclu\u00edda e poder\u00e1 come\u00e7ar a restaura\u00e7\u00e3o da fachada do Coliseu, que, limpa de polui\u00e7\u00e3o, voltar\u00e1 ao branco brilhante do travertino. O custo estimado da opera\u00e7\u00e3o, patrocinada pela Tod's, \u00e9 de 25 milh\u00f5es de euros.<\/p>\t\t\t\t\t\t<\/div>\n\t\t\t\t<\/div>\n\t\t\t\t\t<\/div>\n\t\t<\/div>\n\t\t\t\t\t<\/div>\n\t\t<\/section>\n\t\t\t\t<\/div>","protected":false},"excerpt":{"rendered":"<p>DEZ COISAS A SABER SOBRE O COLISEU 1. Dimens\u00f5es... colossais O Coliseu \u00e9 um edif\u00edcio el\u00edptico com 189 metros de comprimento (menos 100 metros do que o Costa Concordia, ed.) e 156 metros de largura, cobrindo uma \u00e1rea de 24.000 metros quadrados com uma altura de mais de 48 metros. Tem cerca de 80 entradas e pode acolher cerca de 50.000 pessoas [...].<\/p>","protected":false},"author":1,"featured_media":0,"parent":528,"menu_order":8,"comment_status":"closed","ping_status":"closed","template":"","meta":{"site-sidebar-layout":"no-sidebar","site-content-layout":"page-builder","ast-site-content-layout":"full-width-container","site-content-style":"unboxed","site-sidebar-style":"unboxed","ast-global-header-display":"","ast-banner-title-visibility":"","ast-main-header-display":"","ast-hfb-above-header-display":"","ast-hfb-below-header-display":"","ast-hfb-mobile-header-display":"","site-post-title":"disabled","ast-breadcrumbs-content":"","ast-featured-img":"disabled","footer-sml-layout":"","ast-disable-related-posts":"","theme-transparent-header-meta":"default","adv-header-id-meta":"","stick-header-meta":"","header-above-stick-meta":"","header-main-stick-meta":"","header-below-stick-meta":"","astra-migrate-meta-layouts":"set","ast-page-background-enabled":"default","ast-page-background-meta":{"desktop":{"background-color":"var(--ast-global-color-4)","background-image":"","background-repeat":"repeat","background-position":"center center","background-size":"auto","background-attachment":"scroll","background-type":"","background-media":"","overlay-type":"","overlay-color":"","overlay-opacity":"","overlay-gradient":""},"tablet":{"background-color":"","background-image":"","background-repeat":"repeat","background-position":"center center","background-size":"auto","background-attachment":"scroll","background-type":"","background-media":"","overlay-type":"","overlay-color":"","overlay-opacity":"","overlay-gradient":""},"mobile":{"background-color":"","background-image":"","background-repeat":"repeat","background-position":"center center","background-size":"auto","background-attachment":"scroll","background-type":"","background-media":"","overlay-type":"","overlay-color":"","overlay-opacity":"","overlay-gradient":""}},"ast-content-background-meta":{"desktop":{"background-color":"var(--ast-global-color-5)","background-image":"","background-repeat":"repeat","background-position":"center center","background-size":"auto","background-attachment":"scroll","background-type":"","background-media":"","overlay-type":"","overlay-color":"","overlay-opacity":"","overlay-gradient":""},"tablet":{"background-color":"var(--ast-global-color-5)","background-image":"","background-repeat":"repeat","background-position":"center center","background-size":"auto","background-attachment":"scroll","background-type":"","background-media":"","overlay-type":"","overlay-color":"","overlay-opacity":"","overlay-gradient":""},"mobile":{"background-color":"var(--ast-global-color-5)","background-image":"","background-repeat":"repeat","background-position":"center center","background-size":"auto","background-attachment":"scroll","background-type":"","background-media":"","overlay-type":"","overlay-color":"","overlay-opacity":"","overlay-gradient":""}},"iawp_total_views":1652,"footnotes":""},"class_list":["post-46","page","type-page","status-publish","hentry"],"_links":{"self":[{"href":"https:\/\/colosseo-roma.it\/pt\/wp-json\/wp\/v2\/pages\/46","targetHints":{"allow":["GET"]}}],"collection":[{"href":"https:\/\/colosseo-roma.it\/pt\/wp-json\/wp\/v2\/pages"}],"about":[{"href":"https:\/\/colosseo-roma.it\/pt\/wp-json\/wp\/v2\/types\/page"}],"author":[{"embeddable":true,"href":"https:\/\/colosseo-roma.it\/pt\/wp-json\/wp\/v2\/users\/1"}],"replies":[{"embeddable":true,"href":"https:\/\/colosseo-roma.it\/pt\/wp-json\/wp\/v2\/comments?post=46"}],"version-history":[{"count":0,"href":"https:\/\/colosseo-roma.it\/pt\/wp-json\/wp\/v2\/pages\/46\/revisions"}],"up":[{"embeddable":true,"href":"https:\/\/colosseo-roma.it\/pt\/wp-json\/wp\/v2\/pages\/528"}],"wp:attachment":[{"href":"https:\/\/colosseo-roma.it\/pt\/wp-json\/wp\/v2\/media?parent=46"}],"curies":[{"name":"wp","href":"https:\/\/api.w.org\/{rel}","templated":true}]}}