{"id":498,"date":"2023-03-28T09:09:42","date_gmt":"2023-03-28T08:09:42","guid":{"rendered":"https:\/\/wordpress-1074717-3818660.cloudwaysapps.com\/?page_id=498"},"modified":"2026-01-26T17:14:09","modified_gmt":"2026-01-26T16:14:09","slug":"visita-guiada","status":"publish","type":"page","link":"https:\/\/colosseo-roma.it\/pt\/visita\/experiencia-guiada\/visita-guiada\/","title":{"rendered":"Visitas guiadas"},"content":{"rendered":"<div data-elementor-type=\"wp-page\" data-elementor-id=\"498\" class=\"elementor elementor-498\" data-elementor-post-type=\"page\">\n\t\t\t\t\t\t<section class=\"elementor-section elementor-top-section elementor-element elementor-element-d3d6758 elementor-section-boxed elementor-section-height-default elementor-section-height-default\" data-id=\"d3d6758\" data-element_type=\"section\" data-settings=\"{&quot;jet_parallax_layout_list&quot;:[],&quot;ekit_has_onepagescroll_dot&quot;:&quot;yes&quot;}\">\n\t\t\t\t\t\t<div class=\"elementor-container elementor-column-gap-default\">\n\t\t\t\t\t<div class=\"elementor-column elementor-col-100 elementor-top-column elementor-element elementor-element-a946017\" data-id=\"a946017\" data-element_type=\"column\" data-settings=\"{&quot;background_background&quot;:&quot;classic&quot;}\">\n\t\t\t<div class=\"elementor-widget-wrap elementor-element-populated\">\n\t\t\t\t\t\t<div class=\"elementor-element elementor-element-0a5eaae elementor-widget elementor-widget-heading\" data-id=\"0a5eaae\" data-element_type=\"widget\" data-settings=\"{&quot;ekit_we_effect_on&quot;:&quot;none&quot;}\" data-widget_type=\"heading.default\">\n\t\t\t\t<div class=\"elementor-widget-container\">\n\t\t\t<h1 class=\"elementor-heading-title elementor-size-default\">Visitas guiadas<\/h1>\t\t<\/div>\n\t\t\t\t<\/div>\n\t\t\t\t<div class=\"elementor-element elementor-element-7b2c4ab elementor-widget elementor-widget-heading\" data-id=\"7b2c4ab\" data-element_type=\"widget\" data-settings=\"{&quot;ekit_we_effect_on&quot;:&quot;none&quot;}\" data-widget_type=\"heading.default\">\n\t\t\t\t<div class=\"elementor-widget-container\">\n\t\t\t<h5 class=\"elementor-heading-title elementor-size-default\">VISITAS GUIADAS AO COLISEU<\/h5>\t\t<\/div>\n\t\t\t\t<\/div>\n\t\t\t\t<section class=\"elementor-section elementor-inner-section elementor-element elementor-element-e8048ae elementor-section-boxed elementor-section-height-default elementor-section-height-default\" data-id=\"e8048ae\" data-element_type=\"section\" data-settings=\"{&quot;jet_parallax_layout_list&quot;:[],&quot;ekit_has_onepagescroll_dot&quot;:&quot;yes&quot;}\">\n\t\t\t\t\t\t<div class=\"elementor-container elementor-column-gap-default\">\n\t\t\t\t\t<div class=\"elementor-column elementor-col-100 elementor-inner-column elementor-element elementor-element-191bd95\" data-id=\"191bd95\" data-element_type=\"column\">\n\t\t\t<div class=\"elementor-widget-wrap elementor-element-populated\">\n\t\t\t\t\t\t<div class=\"elementor-element elementor-element-117a628 elementor-widget elementor-widget-html\" data-id=\"117a628\" data-element_type=\"widget\" data-settings=\"{&quot;ekit_we_effect_on&quot;:&quot;none&quot;}\" data-widget_type=\"html.default\">\n\t\t\t\t<div class=\"elementor-widget-container\">\n\t\t\t<div data-tiqets-widget=\"discovery\" data-cards-layout=\"responsive\" data-content-type=\"product\" data-item_count=\"4\" data-destination-type=\"venue\" data-destination-id=\"145769\" data-partner=\"colosseo_roma\" data-tq-campaign=\"visita_guidata\"><\/div><script defer src=\"https:\/\/widgets.tiqets.com\/loader.js\"><\/script>\t\t<\/div>\n\t\t\t\t<\/div>\n\t\t\t\t\t<\/div>\n\t\t<\/div>\n\t\t\t\t\t<\/div>\n\t\t<\/section>\n\t\t\t\t<div class=\"elementor-element elementor-element-8bb865f elementor-widget elementor-widget-spacer\" data-id=\"8bb865f\" data-element_type=\"widget\" data-settings=\"{&quot;ekit_we_effect_on&quot;:&quot;none&quot;}\" data-widget_type=\"spacer.default\">\n\t\t\t\t<div class=\"elementor-widget-container\">\n\t\t\t\t\t<div class=\"elementor-spacer\">\n\t\t\t<div class=\"elementor-spacer-inner\"><\/div>\n\t\t<\/div>\n\t\t\t\t<\/div>\n\t\t\t\t<\/div>\n\t\t\t\t<div class=\"elementor-element elementor-element-c0c09d1 elementor-widget elementor-widget-heading\" data-id=\"c0c09d1\" data-element_type=\"widget\" data-settings=\"{&quot;ekit_we_effect_on&quot;:&quot;none&quot;}\" data-widget_type=\"heading.default\">\n\t\t\t\t<div class=\"elementor-widget-container\">\n\t\t\t<h4 class=\"elementor-heading-title elementor-size-default\">Escolha a sua visita guiada ao Coliseu <\/h4>\t\t<\/div>\n\t\t\t\t<\/div>\n\t\t\t\t<div class=\"elementor-element elementor-element-f48cc1c elementor-widget elementor-widget-text-editor\" data-id=\"f48cc1c\" data-element_type=\"widget\" data-settings=\"{&quot;ekit_we_effect_on&quot;:&quot;none&quot;}\" data-widget_type=\"text-editor.default\">\n\t\t\t\t<div class=\"elementor-widget-container\">\n\t\t\t\t\t\t\t<p>Aqui est\u00e3o as melhores excurs\u00f5es ao Coliseu que lhe garantem entrada priorit\u00e1ria no monumento.<\/p>\t\t\t\t\t\t<\/div>\n\t\t\t\t<\/div>\n\t\t\t\t<div class=\"elementor-element elementor-element-b5298e8 elementor-widget elementor-widget-heading\" data-id=\"b5298e8\" data-element_type=\"widget\" data-settings=\"{&quot;ekit_we_effect_on&quot;:&quot;none&quot;}\" data-widget_type=\"heading.default\">\n\t\t\t\t<div class=\"elementor-widget-container\">\n\t\t\t<h4 class=\"elementor-heading-title elementor-size-default\">Porqu\u00ea recorrer a uma visita guiada ao Coliseu? <\/h4>\t\t<\/div>\n\t\t\t\t<\/div>\n\t\t\t\t<div class=\"elementor-element elementor-element-8f86be4 elementor-widget elementor-widget-text-editor\" data-id=\"8f86be4\" data-element_type=\"widget\" data-settings=\"{&quot;ekit_we_effect_on&quot;:&quot;none&quot;}\" data-widget_type=\"text-editor.default\">\n\t\t\t\t<div class=\"elementor-widget-container\">\n\t\t\t\t\t\t\t<ul><li>Uma visita guiada ao Coliseu inclui um guia experiente com um conhecimento profundo da hist\u00f3ria e da arquitetura do Coliseu, que pode fornecer explica\u00e7\u00f5es que seriam dif\u00edceis de encontrar em pain\u00e9is informativos ou livros.<\/li><li>Algumas op\u00e7\u00f5es de visitas guiadas oferecem acesso priorit\u00e1rio, ou seja, a possibilidade de evitar longas filas de espera. Isto significa que os visitantes podem poupar tempo valioso durante as suas visitas tur\u00edsticas, que podem ser muito concorridas, especialmente na \u00e9poca alta.<\/li><li>Algumas visitas guiadas incluem o acesso a \u00e1reas exclusivas do Coliseu, como as \u00e1reas subterr\u00e2neas da arena e os aposentos dos gladiadores, que n\u00e3o est\u00e3o dispon\u00edveis para os visitantes n\u00e3o guiados.<\/li><li>Um guia experiente pode ajudar os visitantes a compreender melhor a hist\u00f3ria e a import\u00e2ncia deste monumento extraordin\u00e1rio, fornecendo explica\u00e7\u00f5es pormenorizadas na l\u00edngua da sua escolha.<\/li><\/ul>\t\t\t\t\t\t<\/div>\n\t\t\t\t<\/div>\n\t\t\t\t<div class=\"elementor-element elementor-element-b7562f9 elementor-widget elementor-widget-heading\" data-id=\"b7562f9\" data-element_type=\"widget\" data-settings=\"{&quot;ekit_we_effect_on&quot;:&quot;none&quot;}\" data-widget_type=\"heading.default\">\n\t\t\t\t<div class=\"elementor-widget-container\">\n\t\t\t<h4 class=\"elementor-heading-title elementor-size-default\">Organizar uma visita guiada ao Coliseu de Roma<\/h4>\t\t<\/div>\n\t\t\t\t<\/div>\n\t\t\t\t<div class=\"elementor-element elementor-element-cb31b9a elementor-widget elementor-widget-text-editor\" data-id=\"cb31b9a\" data-element_type=\"widget\" data-settings=\"{&quot;ekit_we_effect_on&quot;:&quot;none&quot;}\" data-widget_type=\"text-editor.default\">\n\t\t\t\t<div class=\"elementor-widget-container\">\n\t\t\t\t\t\t\t<ul><li>Pode comprar bilhetes para o Coliseu online com anteced\u00eancia, utilizando o nosso s\u00edtio Web. Desta forma, evita as longas filas de espera.<\/li><li>Considere a possibilidade de aderir e adquirir uma visita guiada que pode fornecer informa\u00e7\u00f5es detalhadas sobre a hist\u00f3ria e a arquitetura do Coliseu e oferecer acesso priorit\u00e1rio a \u00e1reas exclusivas.<\/li><li>Planeie cuidadosamente a sua visita ao Coliseu, de modo a evitar as horas de maior aflu\u00eancia, se poss\u00edvel. Em geral, as horas menos concorridas s\u00e3o as primeiras da manh\u00e3 ou as \u00faltimas da tarde.<\/li><li>Use sapatos confort\u00e1veis, de prefer\u00eancia t\u00e9nis, e roupas apropriadas para a esta\u00e7\u00e3o, lembre-se que no ver\u00e3o o Coliseu pode ser particularmente quente.<\/li><li>No ver\u00e3o, leve consigo as provis\u00f5es necess\u00e1rias, como \u00e1gua, protetor solar e um chap\u00e9u.<\/li><li>Respeite as regras e evite trepar \u00e0s veda\u00e7\u00f5es ou tocar em paredes ou objectos antigos.<\/li><li>Aprecie a vista do Coliseu e explore os arredores. O Coliseu \u00e9 uma das maravilhas do mundo antigo e ter\u00e1 a oportunidade de mergulhar em primeira m\u00e3o na hist\u00f3ria da gloriosa Roma antiga.<\/li><\/ul>\t\t\t\t\t\t<\/div>\n\t\t\t\t<\/div>\n\t\t\t\t\t<\/div>\n\t\t<\/div>\n\t\t\t\t\t<\/div>\n\t\t<\/section>\n\t\t\t\t<\/div>","protected":false},"excerpt":{"rendered":"<p>VISITAS GUIADAS COLOSSEO VISITAS GUIADAS Escolha a sua visita guiada ao Coliseu Aqui est\u00e3o as melhores visitas guiadas ao Coliseu que lhe garantem entrada priorit\u00e1ria no monumento. Porqu\u00ea confiar numa visita guiada ao Coliseu? Uma visita guiada ao Coliseu inclui um guia experiente com um conhecimento profundo da hist\u00f3ria e da arquitetura do Coliseu, que pode fornecer [...]<\/p>","protected":false},"author":1,"featured_media":0,"parent":494,"menu_order":1,"comment_status":"closed","ping_status":"closed","template":"","meta":{"site-sidebar-layout":"no-sidebar","site-content-layout":"page-builder","ast-site-content-layout":"full-width-container","site-content-style":"unboxed","site-sidebar-style":"unboxed","ast-global-header-display":"","ast-banner-title-visibility":"","ast-main-header-display":"","ast-hfb-above-header-display":"","ast-hfb-below-header-display":"","ast-hfb-mobile-header-display":"","site-post-title":"disabled","ast-breadcrumbs-content":"","ast-featured-img":"disabled","footer-sml-layout":"","ast-disable-related-posts":"","theme-transparent-header-meta":"default","adv-header-id-meta":"","stick-header-meta":"","header-above-stick-meta":"","header-main-stick-meta":"","header-below-stick-meta":"","astra-migrate-meta-layouts":"set","ast-page-background-enabled":"default","ast-page-background-meta":{"desktop":{"background-color":"var(--ast-global-color-4)","background-image":"","background-repeat":"repeat","background-position":"center center","background-size":"auto","background-attachment":"scroll","background-type":"","background-media":"","overlay-type":"","overlay-color":"","overlay-opacity":"","overlay-gradient":""},"tablet":{"background-color":"","background-image":"","background-repeat":"repeat","background-position":"center center","background-size":"auto","background-attachment":"scroll","background-type":"","background-media":"","overlay-type":"","overlay-color":"","overlay-opacity":"","overlay-gradient":""},"mobile":{"background-color":"","background-image":"","background-repeat":"repeat","background-position":"center center","background-size":"auto","background-attachment":"scroll","background-type":"","background-media":"","overlay-type":"","overlay-color":"","overlay-opacity":"","overlay-gradient":""}},"ast-content-background-meta":{"desktop":{"background-color":"var(--ast-global-color-5)","background-image":"","background-repeat":"repeat","background-position":"center center","background-size":"auto","background-attachment":"scroll","background-type":"","background-media":"","overlay-type":"","overlay-color":"","overlay-opacity":"","overlay-gradient":""},"tablet":{"background-color":"var(--ast-global-color-5)","background-image":"","background-repeat":"repeat","background-position":"center center","background-size":"auto","background-attachment":"scroll","background-type":"","background-media":"","overlay-type":"","overlay-color":"","overlay-opacity":"","overlay-gradient":""},"mobile":{"background-color":"var(--ast-global-color-5)","background-image":"","background-repeat":"repeat","background-position":"center center","background-size":"auto","background-attachment":"scroll","background-type":"","background-media":"","overlay-type":"","overlay-color":"","overlay-opacity":"","overlay-gradient":""}},"iawp_total_views":2061,"footnotes":""},"class_list":["post-498","page","type-page","status-publish","hentry"],"_links":{"self":[{"href":"https:\/\/colosseo-roma.it\/pt\/wp-json\/wp\/v2\/pages\/498","targetHints":{"allow":["GET"]}}],"collection":[{"href":"https:\/\/colosseo-roma.it\/pt\/wp-json\/wp\/v2\/pages"}],"about":[{"href":"https:\/\/colosseo-roma.it\/pt\/wp-json\/wp\/v2\/types\/page"}],"author":[{"embeddable":true,"href":"https:\/\/colosseo-roma.it\/pt\/wp-json\/wp\/v2\/users\/1"}],"replies":[{"embeddable":true,"href":"https:\/\/colosseo-roma.it\/pt\/wp-json\/wp\/v2\/comments?post=498"}],"version-history":[{"count":0,"href":"https:\/\/colosseo-roma.it\/pt\/wp-json\/wp\/v2\/pages\/498\/revisions"}],"up":[{"embeddable":true,"href":"https:\/\/colosseo-roma.it\/pt\/wp-json\/wp\/v2\/pages\/494"}],"wp:attachment":[{"href":"https:\/\/colosseo-roma.it\/pt\/wp-json\/wp\/v2\/media?parent=498"}],"curies":[{"name":"wp","href":"https:\/\/api.w.org\/{rel}","templated":true}]}}