{"id":500,"date":"2023-03-28T09:10:05","date_gmt":"2023-03-28T08:10:05","guid":{"rendered":"https:\/\/wordpress-1074717-3818660.cloudwaysapps.com\/?page_id=500"},"modified":"2026-01-26T17:14:06","modified_gmt":"2026-01-26T16:14:06","slug":"visitas-subterraneas","status":"publish","type":"page","link":"https:\/\/colosseo-roma.it\/pt\/visita\/experiencia-guiada\/visitas-subterraneas\/","title":{"rendered":"Passeios subterr\u00e2neos"},"content":{"rendered":"<div data-elementor-type=\"wp-page\" data-elementor-id=\"500\" class=\"elementor elementor-500\" data-elementor-post-type=\"page\">\n\t\t\t\t\t\t<section class=\"elementor-section elementor-top-section elementor-element elementor-element-9cac320 elementor-section-boxed elementor-section-height-default elementor-section-height-default\" data-id=\"9cac320\" data-element_type=\"section\" data-settings=\"{&quot;jet_parallax_layout_list&quot;:[],&quot;ekit_has_onepagescroll_dot&quot;:&quot;yes&quot;}\">\n\t\t\t\t\t\t<div class=\"elementor-container elementor-column-gap-default\">\n\t\t\t\t\t<div class=\"elementor-column elementor-col-100 elementor-top-column elementor-element elementor-element-7b4f1a2\" data-id=\"7b4f1a2\" data-element_type=\"column\" data-settings=\"{&quot;background_background&quot;:&quot;classic&quot;}\">\n\t\t\t<div class=\"elementor-widget-wrap elementor-element-populated\">\n\t\t\t\t\t\t<div class=\"elementor-element elementor-element-59d6f57 elementor-widget elementor-widget-heading\" data-id=\"59d6f57\" data-element_type=\"widget\" data-settings=\"{&quot;ekit_we_effect_on&quot;:&quot;none&quot;}\" data-widget_type=\"heading.default\">\n\t\t\t\t<div class=\"elementor-widget-container\">\n\t\t\t<h1 class=\"elementor-heading-title elementor-size-default\">Passeios subterr\u00e2neos<\/h1>\t\t<\/div>\n\t\t\t\t<\/div>\n\t\t\t\t<div class=\"elementor-element elementor-element-1b9be50 elementor-widget elementor-widget-heading\" data-id=\"1b9be50\" data-element_type=\"widget\" data-settings=\"{&quot;ekit_we_effect_on&quot;:&quot;none&quot;}\" data-widget_type=\"heading.default\">\n\t\t\t\t<div class=\"elementor-widget-container\">\n\t\t\t<h4 class=\"elementor-heading-title elementor-size-default\">VISITAR A CAVE DO COLISEU<\/h4>\t\t<\/div>\n\t\t\t\t<\/div>\n\t\t\t\t<div class=\"elementor-element elementor-element-dcb0d1d elementor-widget elementor-widget-html\" data-id=\"dcb0d1d\" data-element_type=\"widget\" data-settings=\"{&quot;ekit_we_effect_on&quot;:&quot;none&quot;}\" data-widget_type=\"html.default\">\n\t\t\t\t<div class=\"elementor-widget-container\">\n\t\t\t<div data-tiqets-widget=\"discovery\" data-cards-layout=\"responsive\" data-content-type=\"product\" data-item_count=\"4\" data-destination-type=\"venue\" data-destination-id=\"145769\" data-partner=\"colosseo_roma\" data-tq-campaign=\"visita_guidata\"><\/div><script defer src=\"https:\/\/widgets.tiqets.com\/loader.js\"><\/script>\t\t<\/div>\n\t\t\t\t<\/div>\n\t\t\t\t<div class=\"elementor-element elementor-element-f49b65c elementor-widget elementor-widget-heading\" data-id=\"f49b65c\" data-element_type=\"widget\" data-settings=\"{&quot;ekit_we_effect_on&quot;:&quot;none&quot;}\" data-widget_type=\"heading.default\">\n\t\t\t\t<div class=\"elementor-widget-container\">\n\t\t\t<h5 class=\"elementor-heading-title elementor-size-default\">Visita ao subsolo do Coliseu<\/h5>\t\t<\/div>\n\t\t\t\t<\/div>\n\t\t\t\t<div class=\"elementor-element elementor-element-37e8d7b elementor-widget elementor-widget-text-editor\" data-id=\"37e8d7b\" data-element_type=\"widget\" data-settings=\"{&quot;ekit_we_effect_on&quot;:&quot;none&quot;}\" data-widget_type=\"text-editor.default\">\n\t\t\t\t<div class=\"elementor-widget-container\">\n\t\t\t\t\t\t\t<p>Esta \u00e9 a nossa sele\u00e7\u00e3o das melhores excurs\u00f5es para visitar o anfiteatro subterr\u00e2neo<\/p>\t\t\t\t\t\t<\/div>\n\t\t\t\t<\/div>\n\t\t\t\t<div class=\"elementor-element elementor-element-d322210 elementor-widget elementor-widget-heading\" data-id=\"d322210\" data-element_type=\"widget\" data-settings=\"{&quot;ekit_we_effect_on&quot;:&quot;none&quot;}\" data-widget_type=\"heading.default\">\n\t\t\t\t<div class=\"elementor-widget-container\">\n\t\t\t<h5 class=\"elementor-heading-title elementor-size-default\">Porqu\u00ea escolher a visita ao Coliseu e ao subsolo?<\/h5>\t\t<\/div>\n\t\t\t\t<\/div>\n\t\t\t\t<div class=\"elementor-element elementor-element-c5c91e8 elementor-widget elementor-widget-text-editor\" data-id=\"c5c91e8\" data-element_type=\"widget\" data-settings=\"{&quot;ekit_we_effect_on&quot;:&quot;none&quot;}\" data-widget_type=\"text-editor.default\">\n\t\t\t\t<div class=\"elementor-widget-container\">\n\t\t\t\t\t\t\t<ul><li>Uma visita \u00e0s passagens subterr\u00e2neas do Coliseu \u00e9 uma experi\u00eancia \u00fanica que lhe d\u00e1 acesso \u00e0s \u00e1reas escondidas do famoso anfiteatro antigo de Roma, \u00e0s quais n\u00e3o se pode aceder sem uma visita guiada.\u00a0<\/li><li>Durante a visita, ter\u00e1 a oportunidade de explorar a \u00e1rea subterr\u00e2nea onde os gladiadores se preparavam para entrar no palco e de aprender mais sobre a hist\u00f3ria do anfiteatro.\u00a0<\/li><li>O passeio subterr\u00e2neo do Coliseu inclui acesso priorit\u00e1rio ao Coliseu, com um bilhete sem filas.<\/li><li>Guias experientes apresentar-lhe-\u00e3o os segredos da arena e poder\u00e1 admirar a tecnologia e a organiza\u00e7\u00e3o por detr\u00e1s dos espect\u00e1culos, como os mecanismos que permitiam a entrada dos animais na arena.\u00a0<\/li><\/ul>\t\t\t\t\t\t<\/div>\n\t\t\t\t<\/div>\n\t\t\t\t\t<\/div>\n\t\t<\/div>\n\t\t\t\t\t<\/div>\n\t\t<\/section>\n\t\t\t\t<\/div>","protected":false},"excerpt":{"rendered":"<p>VISITAS SUBTERR\u00c2NEAS VISITAR OS SUBTERR\u00c2NEOS DO COLOSSEU Esta \u00e9 a nossa sele\u00e7\u00e3o das melhores visitas para visitar os subterr\u00e2neos do anfiteatro Porqu\u00ea escolher o Coliseu e as visitas subterr\u00e2neas? Uma visita ao subsolo do Coliseu \u00e9 uma experi\u00eancia \u00fanica que d\u00e1 acesso \u00e0s \u00e1reas escondidas do famoso anfiteatro antigo de [...]<\/p>","protected":false},"author":1,"featured_media":0,"parent":494,"menu_order":3,"comment_status":"closed","ping_status":"closed","template":"","meta":{"site-sidebar-layout":"no-sidebar","site-content-layout":"page-builder","ast-site-content-layout":"full-width-container","site-content-style":"unboxed","site-sidebar-style":"unboxed","ast-global-header-display":"","ast-banner-title-visibility":"","ast-main-header-display":"","ast-hfb-above-header-display":"","ast-hfb-below-header-display":"","ast-hfb-mobile-header-display":"","site-post-title":"disabled","ast-breadcrumbs-content":"","ast-featured-img":"disabled","footer-sml-layout":"","ast-disable-related-posts":"","theme-transparent-header-meta":"default","adv-header-id-meta":"","stick-header-meta":"","header-above-stick-meta":"","header-main-stick-meta":"","header-below-stick-meta":"","astra-migrate-meta-layouts":"set","ast-page-background-enabled":"default","ast-page-background-meta":{"desktop":{"background-color":"var(--ast-global-color-4)","background-image":"","background-repeat":"repeat","background-position":"center center","background-size":"auto","background-attachment":"scroll","background-type":"","background-media":"","overlay-type":"","overlay-color":"","overlay-opacity":"","overlay-gradient":""},"tablet":{"background-color":"","background-image":"","background-repeat":"repeat","background-position":"center center","background-size":"auto","background-attachment":"scroll","background-type":"","background-media":"","overlay-type":"","overlay-color":"","overlay-opacity":"","overlay-gradient":""},"mobile":{"background-color":"","background-image":"","background-repeat":"repeat","background-position":"center center","background-size":"auto","background-attachment":"scroll","background-type":"","background-media":"","overlay-type":"","overlay-color":"","overlay-opacity":"","overlay-gradient":""}},"ast-content-background-meta":{"desktop":{"background-color":"var(--ast-global-color-5)","background-image":"","background-repeat":"repeat","background-position":"center center","background-size":"auto","background-attachment":"scroll","background-type":"","background-media":"","overlay-type":"","overlay-color":"","overlay-opacity":"","overlay-gradient":""},"tablet":{"background-color":"var(--ast-global-color-5)","background-image":"","background-repeat":"repeat","background-position":"center center","background-size":"auto","background-attachment":"scroll","background-type":"","background-media":"","overlay-type":"","overlay-color":"","overlay-opacity":"","overlay-gradient":""},"mobile":{"background-color":"var(--ast-global-color-5)","background-image":"","background-repeat":"repeat","background-position":"center center","background-size":"auto","background-attachment":"scroll","background-type":"","background-media":"","overlay-type":"","overlay-color":"","overlay-opacity":"","overlay-gradient":""}},"iawp_total_views":4779,"footnotes":""},"class_list":["post-500","page","type-page","status-publish","hentry"],"_links":{"self":[{"href":"https:\/\/colosseo-roma.it\/pt\/wp-json\/wp\/v2\/pages\/500","targetHints":{"allow":["GET"]}}],"collection":[{"href":"https:\/\/colosseo-roma.it\/pt\/wp-json\/wp\/v2\/pages"}],"about":[{"href":"https:\/\/colosseo-roma.it\/pt\/wp-json\/wp\/v2\/types\/page"}],"author":[{"embeddable":true,"href":"https:\/\/colosseo-roma.it\/pt\/wp-json\/wp\/v2\/users\/1"}],"replies":[{"embeddable":true,"href":"https:\/\/colosseo-roma.it\/pt\/wp-json\/wp\/v2\/comments?post=500"}],"version-history":[{"count":0,"href":"https:\/\/colosseo-roma.it\/pt\/wp-json\/wp\/v2\/pages\/500\/revisions"}],"up":[{"embeddable":true,"href":"https:\/\/colosseo-roma.it\/pt\/wp-json\/wp\/v2\/pages\/494"}],"wp:attachment":[{"href":"https:\/\/colosseo-roma.it\/pt\/wp-json\/wp\/v2\/media?parent=500"}],"curies":[{"name":"wp","href":"https:\/\/api.w.org\/{rel}","templated":true}]}}