{"id":514,"date":"2023-03-28T09:13:43","date_gmt":"2023-03-28T08:13:43","guid":{"rendered":"https:\/\/wordpress-1074717-3818660.cloudwaysapps.com\/?page_id=514"},"modified":"2026-01-26T17:12:32","modified_gmt":"2026-01-26T16:12:32","slug":"comboio","status":"publish","type":"page","link":"https:\/\/colosseo-roma.it\/pt\/visita\/como-la-chegar\/comboio\/","title":{"rendered":"Comboio"},"content":{"rendered":"<div data-elementor-type=\"wp-page\" data-elementor-id=\"514\" class=\"elementor elementor-514\" data-elementor-post-type=\"page\">\n\t\t\t\t\t\t<section class=\"elementor-section elementor-top-section elementor-element elementor-element-5e58a6c elementor-section-boxed elementor-section-height-default elementor-section-height-default\" data-id=\"5e58a6c\" data-element_type=\"section\" data-settings=\"{&quot;jet_parallax_layout_list&quot;:[],&quot;ekit_has_onepagescroll_dot&quot;:&quot;yes&quot;}\">\n\t\t\t\t\t\t<div class=\"elementor-container elementor-column-gap-default\">\n\t\t\t\t\t<div class=\"elementor-column elementor-col-100 elementor-top-column elementor-element elementor-element-5a87a13\" data-id=\"5a87a13\" data-element_type=\"column\" data-settings=\"{&quot;background_background&quot;:&quot;classic&quot;}\">\n\t\t\t<div class=\"elementor-widget-wrap elementor-element-populated\">\n\t\t\t\t\t\t<div class=\"elementor-element elementor-element-d0ce29a elementor-widget elementor-widget-heading\" data-id=\"d0ce29a\" data-element_type=\"widget\" data-settings=\"{&quot;ekit_we_effect_on&quot;:&quot;none&quot;}\" data-widget_type=\"heading.default\">\n\t\t\t\t<div class=\"elementor-widget-container\">\n\t\t\t<h1 class=\"elementor-heading-title elementor-size-default\">Esta\u00e7\u00e3o de comboios do Coliseu<\/h1>\t\t<\/div>\n\t\t\t\t<\/div>\n\t\t\t\t<div class=\"elementor-element elementor-element-9627983 elementor-widget elementor-widget-text-editor\" data-id=\"9627983\" data-element_type=\"widget\" data-settings=\"{&quot;ekit_we_effect_on&quot;:&quot;none&quot;}\" data-widget_type=\"text-editor.default\">\n\t\t\t\t<div class=\"elementor-widget-container\">\n\t\t\t\t\t\t\t<p>Para chegar ao Coliseu de Roma de comboio, existem v\u00e1rias op\u00e7\u00f5es, a esta\u00e7\u00e3o principal \u00e9 <strong>Roma Termini <\/strong>mas, consoante as suas necessidades, pode escolher uma das seguintes esta\u00e7\u00f5es: <strong>Termini, Tiburtina, Ostiense.\u00a0<\/strong><\/p><p>Eis as principais esta\u00e7\u00f5es:<\/p><p><strong>Da esta\u00e7\u00e3o Termini em Roma<\/strong>Apanhar a linha B do metro em dire\u00e7\u00e3o a Laurentina e sair na paragem Colosseo. A esta\u00e7\u00e3o est\u00e1 localizada mesmo em frente \u00e0 entrada principal do Coliseu.<\/p><p><strong>Da esta\u00e7\u00e3o Tiburtina de Roma<\/strong>Apanhar a linha B do metro em dire\u00e7\u00e3o a Laurentina e sair em Colosseo.<\/p><p><strong>Da esta\u00e7\u00e3o Ostiense de Roma<\/strong>Apanhar a linha B do metro em dire\u00e7\u00e3o a Rebibbia e sair em Colosseo.<\/p><p>O Coliseu situa-se no centro hist\u00f3rico de Roma, pelo que a maioria das principais esta\u00e7\u00f5es ferrovi\u00e1rias se encontram a alguma dist\u00e2ncia. Para chegar ao Coliseu, ter\u00e1 de utilizar outro meio de transporte, como o metro ou um autocarro, para chegar ao seu destino.\u00a0<\/p>\t\t\t\t\t\t<\/div>\n\t\t\t\t<\/div>\n\t\t\t\t\t<\/div>\n\t\t<\/div>\n\t\t\t\t\t<\/div>\n\t\t<\/section>\n\t\t\t\t<\/div>","protected":false},"excerpt":{"rendered":"<p>Esta\u00e7\u00e3o de comboio do Coliseu Para chegar ao Coliseu de Roma de comboio, existem v\u00e1rias op\u00e7\u00f5es, a esta\u00e7\u00e3o principal \u00e9 Roma Termini mas, dependendo das suas necessidades, pode escolher uma das seguintes esta\u00e7\u00f5es: Termini, Tiburtina, Ostiense.  Aqui est\u00e3o as principais esta\u00e7\u00f5es: Da esta\u00e7\u00e3o Termini de Roma: apanhar a linha B do metro em dire\u00e7\u00e3o a Laurentina e [...].<\/p>","protected":false},"author":1,"featured_media":0,"parent":42,"menu_order":0,"comment_status":"closed","ping_status":"closed","template":"","meta":{"site-sidebar-layout":"no-sidebar","site-content-layout":"page-builder","ast-site-content-layout":"full-width-container","site-content-style":"unboxed","site-sidebar-style":"unboxed","ast-global-header-display":"","ast-banner-title-visibility":"","ast-main-header-display":"","ast-hfb-above-header-display":"","ast-hfb-below-header-display":"","ast-hfb-mobile-header-display":"","site-post-title":"disabled","ast-breadcrumbs-content":"","ast-featured-img":"disabled","footer-sml-layout":"","ast-disable-related-posts":"","theme-transparent-header-meta":"default","adv-header-id-meta":"","stick-header-meta":"","header-above-stick-meta":"","header-main-stick-meta":"","header-below-stick-meta":"","astra-migrate-meta-layouts":"set","ast-page-background-enabled":"default","ast-page-background-meta":{"desktop":{"background-color":"var(--ast-global-color-4)","background-image":"","background-repeat":"repeat","background-position":"center center","background-size":"auto","background-attachment":"scroll","background-type":"","background-media":"","overlay-type":"","overlay-color":"","overlay-opacity":"","overlay-gradient":""},"tablet":{"background-color":"","background-image":"","background-repeat":"repeat","background-position":"center center","background-size":"auto","background-attachment":"scroll","background-type":"","background-media":"","overlay-type":"","overlay-color":"","overlay-opacity":"","overlay-gradient":""},"mobile":{"background-color":"","background-image":"","background-repeat":"repeat","background-position":"center center","background-size":"auto","background-attachment":"scroll","background-type":"","background-media":"","overlay-type":"","overlay-color":"","overlay-opacity":"","overlay-gradient":""}},"ast-content-background-meta":{"desktop":{"background-color":"var(--ast-global-color-5)","background-image":"","background-repeat":"repeat","background-position":"center center","background-size":"auto","background-attachment":"scroll","background-type":"","background-media":"","overlay-type":"","overlay-color":"","overlay-opacity":"","overlay-gradient":""},"tablet":{"background-color":"var(--ast-global-color-5)","background-image":"","background-repeat":"repeat","background-position":"center center","background-size":"auto","background-attachment":"scroll","background-type":"","background-media":"","overlay-type":"","overlay-color":"","overlay-opacity":"","overlay-gradient":""},"mobile":{"background-color":"var(--ast-global-color-5)","background-image":"","background-repeat":"repeat","background-position":"center center","background-size":"auto","background-attachment":"scroll","background-type":"","background-media":"","overlay-type":"","overlay-color":"","overlay-opacity":"","overlay-gradient":""}},"iawp_total_views":2462,"footnotes":""},"class_list":["post-514","page","type-page","status-publish","hentry"],"_links":{"self":[{"href":"https:\/\/colosseo-roma.it\/pt\/wp-json\/wp\/v2\/pages\/514","targetHints":{"allow":["GET"]}}],"collection":[{"href":"https:\/\/colosseo-roma.it\/pt\/wp-json\/wp\/v2\/pages"}],"about":[{"href":"https:\/\/colosseo-roma.it\/pt\/wp-json\/wp\/v2\/types\/page"}],"author":[{"embeddable":true,"href":"https:\/\/colosseo-roma.it\/pt\/wp-json\/wp\/v2\/users\/1"}],"replies":[{"embeddable":true,"href":"https:\/\/colosseo-roma.it\/pt\/wp-json\/wp\/v2\/comments?post=514"}],"version-history":[{"count":0,"href":"https:\/\/colosseo-roma.it\/pt\/wp-json\/wp\/v2\/pages\/514\/revisions"}],"up":[{"embeddable":true,"href":"https:\/\/colosseo-roma.it\/pt\/wp-json\/wp\/v2\/pages\/42"}],"wp:attachment":[{"href":"https:\/\/colosseo-roma.it\/pt\/wp-json\/wp\/v2\/media?parent=514"}],"curies":[{"name":"wp","href":"https:\/\/api.w.org\/{rel}","templated":true}]}}