{"id":515,"date":"2023-03-28T09:13:47","date_gmt":"2023-03-28T08:13:47","guid":{"rendered":"https:\/\/wordpress-1074717-3818660.cloudwaysapps.com\/?page_id=515"},"modified":"2026-01-26T17:12:26","modified_gmt":"2026-01-26T16:12:26","slug":"metro","status":"publish","type":"page","link":"https:\/\/colosseo-roma.it\/pt\/visita\/como-la-chegar\/metro\/","title":{"rendered":"Metro"},"content":{"rendered":"<div data-elementor-type=\"wp-page\" data-elementor-id=\"515\" class=\"elementor elementor-515\" data-elementor-post-type=\"page\">\n\t\t\t\t\t\t<section class=\"elementor-section elementor-top-section elementor-element elementor-element-0fb4f47 elementor-section-boxed elementor-section-height-default elementor-section-height-default\" data-id=\"0fb4f47\" data-element_type=\"section\" data-settings=\"{&quot;jet_parallax_layout_list&quot;:[],&quot;ekit_has_onepagescroll_dot&quot;:&quot;yes&quot;}\">\n\t\t\t\t\t\t<div class=\"elementor-container elementor-column-gap-default\">\n\t\t\t\t\t<div class=\"elementor-column elementor-col-100 elementor-top-column elementor-element elementor-element-4208249\" data-id=\"4208249\" data-element_type=\"column\" data-settings=\"{&quot;background_background&quot;:&quot;classic&quot;}\">\n\t\t\t<div class=\"elementor-widget-wrap elementor-element-populated\">\n\t\t\t\t\t\t<div class=\"elementor-element elementor-element-ea5c774 elementor-widget elementor-widget-heading\" data-id=\"ea5c774\" data-element_type=\"widget\" data-settings=\"{&quot;ekit_we_effect_on&quot;:&quot;none&quot;}\" data-widget_type=\"heading.default\">\n\t\t\t\t<div class=\"elementor-widget-container\">\n\t\t\t<h1 class=\"elementor-heading-title elementor-size-default\">Paragem de metro Colosseo<\/h1>\t\t<\/div>\n\t\t\t\t<\/div>\n\t\t\t\t<div class=\"elementor-element elementor-element-a13ccf3 elementor-widget elementor-widget-heading\" data-id=\"a13ccf3\" data-element_type=\"widget\" data-settings=\"{&quot;ekit_we_effect_on&quot;:&quot;none&quot;}\" data-widget_type=\"heading.default\">\n\t\t\t\t<div class=\"elementor-widget-container\">\n\t\t\t<h4 class=\"elementor-heading-title elementor-size-default\">Qual \u00e9 a paragem de metro para visitar o Coliseu? <\/h4>\t\t<\/div>\n\t\t\t\t<\/div>\n\t\t\t\t<div class=\"elementor-element elementor-element-b4a2803 elementor-widget elementor-widget-text-editor\" data-id=\"b4a2803\" data-element_type=\"widget\" data-settings=\"{&quot;ekit_we_effect_on&quot;:&quot;none&quot;}\" data-widget_type=\"text-editor.default\">\n\t\t\t\t<div class=\"elementor-widget-container\">\n\t\t\t\t\t\t\t<ul><li>Para chegar ao Coliseu basta apanhar a <strong>linha b paragem no coliseu.\u00a0<\/strong><\/li><\/ul><p><strong>Coliseu<\/strong> \u00e9 uma paragem no <strong>Metro de Roma Linha B<\/strong>localizado no bairro de Monti e inaugurado em 1955.\u00a0<\/p><p>A paragem tem duas entradas: a primeira na Piazza del Colosseo e a segunda no Largo Gaetana Agnesi.<\/p><p>Em frente \u00e0 entrada principal da esta\u00e7\u00e3o encontra-se o <strong>Coliseu<\/strong> e o<strong>Arco de Constantino<\/strong>ao prosseguir pela Via dei Fori Imperiali, \u00e9 poss\u00edvel chegar a <strong>piazza Venezia<\/strong> e o <strong>Capit\u00f3lio<\/strong> bem como os vizinhos <strong>s\u00edtios arqueol\u00f3gicos do F\u00f3rum Romano<\/strong>do <strong>Palatino<\/strong>do <strong>Ludus Magnus<\/strong>do <strong>Domus Aurea<\/strong> e o <strong>F\u00f3runs Imperiais<\/strong>.<\/p><p>Tamb\u00e9m perto da esta\u00e7\u00e3o est\u00e3o: Colle Oppio, com o <strong>Bas\u00edlica de S\u00e3o Pedro acorrentado<\/strong> e alguns vest\u00edgios da Domus Aurea, a <strong>Bas\u00edlica de Santo Stefano Rotondo al Celio<\/strong>, o <strong>Bas\u00edlica de S\u00e3o Jo\u00e3o e S\u00e3o Paulo<\/strong>, o <strong>Bas\u00edlica dos Quatro Santos Coroados<\/strong>, o <strong>Bas\u00edlica de S\u00e3o Clemente al Laterano<\/strong> e o <strong>Bas\u00edlica dos Santos Cosme e Dami\u00e3o.<\/strong><\/p>\t\t\t\t\t\t<\/div>\n\t\t\t\t<\/div>\n\t\t\t\t<div class=\"elementor-element elementor-element-92707de elementor-widget elementor-widget-heading\" data-id=\"92707de\" data-element_type=\"widget\" data-settings=\"{&quot;ekit_we_effect_on&quot;:&quot;none&quot;}\" data-widget_type=\"heading.default\">\n\t\t\t\t<div class=\"elementor-widget-container\">\n\t\t\t<h4 class=\"elementor-heading-title elementor-size-default\">Liga\u00e7\u00e3o de metro do Colosseo: Linha B - Azul<\/h4>\t\t<\/div>\n\t\t\t\t<\/div>\n\t\t\t\t<div class=\"elementor-element elementor-element-2bd55ec elementor-widget elementor-widget-text-editor\" data-id=\"2bd55ec\" data-element_type=\"widget\" data-settings=\"{&quot;ekit_we_effect_on&quot;:&quot;none&quot;}\" data-widget_type=\"text-editor.default\">\n\t\t\t\t<div class=\"elementor-widget-container\">\n\t\t\t\t\t\t\t<ul><li><p>Atrav\u00e9s de Roma <strong>de nordeste para sul<\/strong>de Rebibbia a Laurentina. As paragens mais importantes s\u00e3o:<\/p><ul><li>Termini: Ponto de liga\u00e7\u00e3o entre o metro e a esta\u00e7\u00e3o ferrovi\u00e1ria, onde chegam os comboios de Fiumicino<\/li><li><strong>Coliseu: Paragem perto do Coliseu e do F\u00f3rum Romano<\/strong><\/li><li>Piramide: Se chegar de comboio regional a partir de Fiumicino, pode apanhar o metro at\u00e9 aqui.\u00a0<\/li><\/ul><\/li><\/ul>\t\t\t\t\t\t<\/div>\n\t\t\t\t<\/div>\n\t\t\t\t<div class=\"elementor-element elementor-element-187db69 elementor-widget elementor-widget-heading\" data-id=\"187db69\" data-element_type=\"widget\" data-settings=\"{&quot;ekit_we_effect_on&quot;:&quot;none&quot;}\" data-widget_type=\"heading.default\">\n\t\t\t\t<div class=\"elementor-widget-container\">\n\t\t\t<h4 class=\"elementor-heading-title elementor-size-default\">Todas as informa\u00e7\u00f5es sobre o Metro de Roma<\/h4>\t\t<\/div>\n\t\t\t\t<\/div>\n\t\t\t\t<div class=\"elementor-element elementor-element-ad4877b elementor-widget elementor-widget-text-editor\" data-id=\"ad4877b\" data-element_type=\"widget\" data-settings=\"{&quot;ekit_we_effect_on&quot;:&quot;none&quot;}\" data-widget_type=\"text-editor.default\">\n\t\t\t\t<div class=\"elementor-widget-container\">\n\t\t\t\t\t\t\t<p><strong>Hor\u00e1rio\u00a0<\/strong><\/p><ul><li>O metro est\u00e1 aberto todos os dias <strong>das 5h30 \u00e0s 23h30.<\/strong>.<\/li><li>\u00c0s sextas-feiras e s\u00e1bados, funciona at\u00e9 \u00e0 01:30 horas.<\/li><li>Os bilhetes de metro podem ser adquiridos nas bilheteiras das esta\u00e7\u00f5es, nos quiosques ou nas tabacarias.<\/li><li>\u00c9 importante ter bilhetes ou um bilhete de \u00e9poca antes de embarcar noutros transportes p\u00fablicos locais, como os autocarros ou os el\u00e9ctricos, uma vez que n\u00e3o \u00e9 poss\u00edvel comprar bilhetes a bordo.<\/li><\/ul>\t\t\t\t\t\t<\/div>\n\t\t\t\t<\/div>\n\t\t\t\t<div class=\"elementor-element elementor-element-1b6712c elementor-widget elementor-widget-heading\" data-id=\"1b6712c\" data-element_type=\"widget\" data-settings=\"{&quot;ekit_we_effect_on&quot;:&quot;none&quot;}\" data-widget_type=\"heading.default\">\n\t\t\t\t<div class=\"elementor-widget-container\">\n\t\t\t<div class=\"elementor-heading-title elementor-size-default\">N\u00e3o se esque\u00e7a de sair na paragem do Coliseu\n\n<\/div>\t\t<\/div>\n\t\t\t\t<\/div>\n\t\t\t\t\t<\/div>\n\t\t<\/div>\n\t\t\t\t\t<\/div>\n\t\t<\/section>\n\t\t\t\t<\/div>","protected":false},"excerpt":{"rendered":"<p>Fermata Metro Colosseo Quale \u00e8 la fermata metro per visitare il Colosseo? Per raggiungere il Colosseo basta prendere la linea b fermata colosseo.\u00a0 Colosseo \u00e8 una fermata della linea B della metropolitana di Roma, situata nel rione Monti e inaugurata nel 1955. La fermata dispone di due ingressi: il primo in piazza del Colosseo e [&hellip;]<\/p>","protected":false},"author":1,"featured_media":0,"parent":42,"menu_order":1,"comment_status":"closed","ping_status":"closed","template":"","meta":{"site-sidebar-layout":"no-sidebar","site-content-layout":"page-builder","ast-site-content-layout":"full-width-container","site-content-style":"unboxed","site-sidebar-style":"unboxed","ast-global-header-display":"","ast-banner-title-visibility":"","ast-main-header-display":"","ast-hfb-above-header-display":"","ast-hfb-below-header-display":"","ast-hfb-mobile-header-display":"","site-post-title":"disabled","ast-breadcrumbs-content":"","ast-featured-img":"disabled","footer-sml-layout":"","ast-disable-related-posts":"","theme-transparent-header-meta":"default","adv-header-id-meta":"","stick-header-meta":"","header-above-stick-meta":"","header-main-stick-meta":"","header-below-stick-meta":"","astra-migrate-meta-layouts":"set","ast-page-background-enabled":"default","ast-page-background-meta":{"desktop":{"background-color":"var(--ast-global-color-4)","background-image":"","background-repeat":"repeat","background-position":"center center","background-size":"auto","background-attachment":"scroll","background-type":"","background-media":"","overlay-type":"","overlay-color":"","overlay-opacity":"","overlay-gradient":""},"tablet":{"background-color":"","background-image":"","background-repeat":"repeat","background-position":"center center","background-size":"auto","background-attachment":"scroll","background-type":"","background-media":"","overlay-type":"","overlay-color":"","overlay-opacity":"","overlay-gradient":""},"mobile":{"background-color":"","background-image":"","background-repeat":"repeat","background-position":"center center","background-size":"auto","background-attachment":"scroll","background-type":"","background-media":"","overlay-type":"","overlay-color":"","overlay-opacity":"","overlay-gradient":""}},"ast-content-background-meta":{"desktop":{"background-color":"var(--ast-global-color-5)","background-image":"","background-repeat":"repeat","background-position":"center center","background-size":"auto","background-attachment":"scroll","background-type":"","background-media":"","overlay-type":"","overlay-color":"","overlay-opacity":"","overlay-gradient":""},"tablet":{"background-color":"var(--ast-global-color-5)","background-image":"","background-repeat":"repeat","background-position":"center center","background-size":"auto","background-attachment":"scroll","background-type":"","background-media":"","overlay-type":"","overlay-color":"","overlay-opacity":"","overlay-gradient":""},"mobile":{"background-color":"var(--ast-global-color-5)","background-image":"","background-repeat":"repeat","background-position":"center center","background-size":"auto","background-attachment":"scroll","background-type":"","background-media":"","overlay-type":"","overlay-color":"","overlay-opacity":"","overlay-gradient":""}},"iawp_total_views":14030,"footnotes":""},"class_list":["post-515","page","type-page","status-publish","hentry"],"_links":{"self":[{"href":"https:\/\/colosseo-roma.it\/pt\/wp-json\/wp\/v2\/pages\/515","targetHints":{"allow":["GET"]}}],"collection":[{"href":"https:\/\/colosseo-roma.it\/pt\/wp-json\/wp\/v2\/pages"}],"about":[{"href":"https:\/\/colosseo-roma.it\/pt\/wp-json\/wp\/v2\/types\/page"}],"author":[{"embeddable":true,"href":"https:\/\/colosseo-roma.it\/pt\/wp-json\/wp\/v2\/users\/1"}],"replies":[{"embeddable":true,"href":"https:\/\/colosseo-roma.it\/pt\/wp-json\/wp\/v2\/comments?post=515"}],"version-history":[{"count":0,"href":"https:\/\/colosseo-roma.it\/pt\/wp-json\/wp\/v2\/pages\/515\/revisions"}],"up":[{"embeddable":true,"href":"https:\/\/colosseo-roma.it\/pt\/wp-json\/wp\/v2\/pages\/42"}],"wp:attachment":[{"href":"https:\/\/colosseo-roma.it\/pt\/wp-json\/wp\/v2\/media?parent=515"}],"curies":[{"name":"wp","href":"https:\/\/api.w.org\/{rel}","templated":true}]}}