{"id":516,"date":"2023-03-28T09:13:59","date_gmt":"2023-03-28T08:13:59","guid":{"rendered":"https:\/\/wordpress-1074717-3818660.cloudwaysapps.com\/?page_id=516"},"modified":"2026-01-26T17:12:22","modified_gmt":"2026-01-26T16:12:22","slug":"autocarro","status":"publish","type":"page","link":"https:\/\/colosseo-roma.it\/pt\/visita\/como-la-chegar\/autocarro\/","title":{"rendered":"Autocarro"},"content":{"rendered":"<div data-elementor-type=\"wp-page\" data-elementor-id=\"516\" class=\"elementor elementor-516\" data-elementor-post-type=\"page\">\n\t\t\t\t\t\t<section class=\"elementor-section elementor-top-section elementor-element elementor-element-7ba6fb9 elementor-section-boxed elementor-section-height-default elementor-section-height-default\" data-id=\"7ba6fb9\" data-element_type=\"section\" data-settings=\"{&quot;jet_parallax_layout_list&quot;:[],&quot;ekit_has_onepagescroll_dot&quot;:&quot;yes&quot;}\">\n\t\t\t\t\t\t<div class=\"elementor-container elementor-column-gap-default\">\n\t\t\t\t\t<div class=\"elementor-column elementor-col-100 elementor-top-column elementor-element elementor-element-aa82c96\" data-id=\"aa82c96\" data-element_type=\"column\" data-settings=\"{&quot;background_background&quot;:&quot;classic&quot;}\">\n\t\t\t<div class=\"elementor-widget-wrap elementor-element-populated\">\n\t\t\t\t\t\t<div class=\"elementor-element elementor-element-3156afc elementor-widget elementor-widget-heading\" data-id=\"3156afc\" data-element_type=\"widget\" data-settings=\"{&quot;ekit_we_effect_on&quot;:&quot;none&quot;}\" data-widget_type=\"heading.default\">\n\t\t\t\t<div class=\"elementor-widget-container\">\n\t\t\t<h1 class=\"elementor-heading-title elementor-size-default\">Como chegar ao Coliseu de autocarro<\/h1>\t\t<\/div>\n\t\t\t\t<\/div>\n\t\t\t\t<div class=\"elementor-element elementor-element-4f8f27a elementor-widget elementor-widget-text-editor\" data-id=\"4f8f27a\" data-element_type=\"widget\" data-settings=\"{&quot;ekit_we_effect_on&quot;:&quot;none&quot;}\" data-widget_type=\"text-editor.default\">\n\t\t\t\t<div class=\"elementor-widget-container\">\n\t\t\t\t\t\t\t<p>Para chegar ao Coliseu de Roma de autocarro, existem v\u00e1rias op\u00e7\u00f5es, dependendo da sua localiza\u00e7\u00e3o inicial em Roma.<\/p><p>Eis alguns dos principais itiner\u00e1rios:<\/p><ul><li><strong>Da esta\u00e7\u00e3o Termini em Roma<\/strong>apanhar o autocarro n.\u00ba 75 em dire\u00e7\u00e3o a Poerio-Marmorata e sair na paragem <strong>Coliseu-C\u00e9lio\/Museus Capitolini<\/strong>. Esta paragem fica apenas a alguns passos da entrada principal do Coliseu.<\/li><li><strong>Da esta\u00e7\u00e3o Tiburtina de Roma<\/strong>Apanhe o autocarro n.\u00ba 714 em dire\u00e7\u00e3o ao Palazzo Sport e saia na paragem Colosseo-Gladiatori. Esta paragem est\u00e1 localizada a poucos passos do Coliseu.<\/li><li><strong>Da esta\u00e7\u00e3o Ostiense de Roma<\/strong>Apanhe o autocarro n\u00famero 170 em dire\u00e7\u00e3o a Clodio-Cipro e saia na paragem da Piazza del Colosseo. A partir daqui, o Coliseu fica apenas a alguns minutos a p\u00e9.<\/li><\/ul><p>Para al\u00e9m destas op\u00e7\u00f5es, existem outros autocarros dispon\u00edveis que o levam at\u00e9 \u00e0s imedia\u00e7\u00f5es do Coliseu, pelo que \u00e9 uma boa ideia consultar o mapa e os hor\u00e1rios dos autocarros de Roma para encontrar a melhor solu\u00e7\u00e3o com base na sua posi\u00e7\u00e3o de partida.<\/p>\t\t\t\t\t\t<\/div>\n\t\t\t\t<\/div>\n\t\t\t\t\t<\/div>\n\t\t<\/div>\n\t\t\t\t\t<\/div>\n\t\t<\/section>\n\t\t\t\t<\/div>","protected":false},"excerpt":{"rendered":"<p>Chegar ao Coliseu de autocarro Para chegar ao Coliseu de Roma de autocarro, existem v\u00e1rias op\u00e7\u00f5es, dependendo da sua localiza\u00e7\u00e3o inicial na cidade de Roma. Aqui est\u00e3o algumas das principais rotas: Da esta\u00e7\u00e3o Termini de Roma: apanhe o autocarro n\u00famero 75 na dire\u00e7\u00e3o de Poerio-Marmorata e saia na paragem Colosseo-Celio\/Musei Capitolini. Esta paragem est\u00e1 situada [...]<\/p>","protected":false},"author":1,"featured_media":0,"parent":42,"menu_order":2,"comment_status":"closed","ping_status":"closed","template":"","meta":{"site-sidebar-layout":"no-sidebar","site-content-layout":"page-builder","ast-site-content-layout":"full-width-container","site-content-style":"unboxed","site-sidebar-style":"unboxed","ast-global-header-display":"","ast-banner-title-visibility":"","ast-main-header-display":"","ast-hfb-above-header-display":"","ast-hfb-below-header-display":"","ast-hfb-mobile-header-display":"","site-post-title":"disabled","ast-breadcrumbs-content":"","ast-featured-img":"disabled","footer-sml-layout":"","ast-disable-related-posts":"","theme-transparent-header-meta":"default","adv-header-id-meta":"","stick-header-meta":"","header-above-stick-meta":"","header-main-stick-meta":"","header-below-stick-meta":"","astra-migrate-meta-layouts":"set","ast-page-background-enabled":"default","ast-page-background-meta":{"desktop":{"background-color":"var(--ast-global-color-4)","background-image":"","background-repeat":"repeat","background-position":"center center","background-size":"auto","background-attachment":"scroll","background-type":"","background-media":"","overlay-type":"","overlay-color":"","overlay-opacity":"","overlay-gradient":""},"tablet":{"background-color":"","background-image":"","background-repeat":"repeat","background-position":"center center","background-size":"auto","background-attachment":"scroll","background-type":"","background-media":"","overlay-type":"","overlay-color":"","overlay-opacity":"","overlay-gradient":""},"mobile":{"background-color":"","background-image":"","background-repeat":"repeat","background-position":"center center","background-size":"auto","background-attachment":"scroll","background-type":"","background-media":"","overlay-type":"","overlay-color":"","overlay-opacity":"","overlay-gradient":""}},"ast-content-background-meta":{"desktop":{"background-color":"var(--ast-global-color-5)","background-image":"","background-repeat":"repeat","background-position":"center center","background-size":"auto","background-attachment":"scroll","background-type":"","background-media":"","overlay-type":"","overlay-color":"","overlay-opacity":"","overlay-gradient":""},"tablet":{"background-color":"var(--ast-global-color-5)","background-image":"","background-repeat":"repeat","background-position":"center center","background-size":"auto","background-attachment":"scroll","background-type":"","background-media":"","overlay-type":"","overlay-color":"","overlay-opacity":"","overlay-gradient":""},"mobile":{"background-color":"var(--ast-global-color-5)","background-image":"","background-repeat":"repeat","background-position":"center center","background-size":"auto","background-attachment":"scroll","background-type":"","background-media":"","overlay-type":"","overlay-color":"","overlay-opacity":"","overlay-gradient":""}},"iawp_total_views":1431,"footnotes":""},"class_list":["post-516","page","type-page","status-publish","hentry"],"_links":{"self":[{"href":"https:\/\/colosseo-roma.it\/pt\/wp-json\/wp\/v2\/pages\/516","targetHints":{"allow":["GET"]}}],"collection":[{"href":"https:\/\/colosseo-roma.it\/pt\/wp-json\/wp\/v2\/pages"}],"about":[{"href":"https:\/\/colosseo-roma.it\/pt\/wp-json\/wp\/v2\/types\/page"}],"author":[{"embeddable":true,"href":"https:\/\/colosseo-roma.it\/pt\/wp-json\/wp\/v2\/users\/1"}],"replies":[{"embeddable":true,"href":"https:\/\/colosseo-roma.it\/pt\/wp-json\/wp\/v2\/comments?post=516"}],"version-history":[{"count":0,"href":"https:\/\/colosseo-roma.it\/pt\/wp-json\/wp\/v2\/pages\/516\/revisions"}],"up":[{"embeddable":true,"href":"https:\/\/colosseo-roma.it\/pt\/wp-json\/wp\/v2\/pages\/42"}],"wp:attachment":[{"href":"https:\/\/colosseo-roma.it\/pt\/wp-json\/wp\/v2\/media?parent=516"}],"curies":[{"name":"wp","href":"https:\/\/api.w.org\/{rel}","templated":true}]}}