{"id":521,"date":"2023-03-28T09:14:40","date_gmt":"2023-03-28T08:14:40","guid":{"rendered":"https:\/\/wordpress-1074717-3818660.cloudwaysapps.com\/?page_id=521"},"modified":"2026-01-26T17:12:17","modified_gmt":"2026-01-26T16:12:17","slug":"planear-a-visita","status":"publish","type":"page","link":"https:\/\/colosseo-roma.it\/pt\/visita\/planear-a-visita\/","title":{"rendered":"Planeamento da visita"},"content":{"rendered":"<div data-elementor-type=\"wp-page\" data-elementor-id=\"521\" class=\"elementor elementor-521\" data-elementor-post-type=\"page\">\n\t\t\t\t\t\t<section class=\"elementor-section elementor-top-section elementor-element elementor-element-fdbd7ad elementor-section-boxed elementor-section-height-default elementor-section-height-default\" data-id=\"fdbd7ad\" data-element_type=\"section\" data-settings=\"{&quot;jet_parallax_layout_list&quot;:[],&quot;ekit_has_onepagescroll_dot&quot;:&quot;yes&quot;}\">\n\t\t\t\t\t\t<div class=\"elementor-container elementor-column-gap-default\">\n\t\t\t\t\t<div class=\"elementor-column elementor-col-100 elementor-top-column elementor-element elementor-element-356d384\" data-id=\"356d384\" data-element_type=\"column\" data-settings=\"{&quot;background_background&quot;:&quot;classic&quot;}\">\n\t\t\t<div class=\"elementor-widget-wrap elementor-element-populated\">\n\t\t\t\t\t\t<div class=\"elementor-element elementor-element-6c161f4 elementor-widget elementor-widget-heading\" data-id=\"6c161f4\" data-element_type=\"widget\" data-settings=\"{&quot;ekit_we_effect_on&quot;:&quot;none&quot;}\" data-widget_type=\"heading.default\">\n\t\t\t\t<div class=\"elementor-widget-container\">\n\t\t\t<h1 class=\"elementor-heading-title elementor-size-default\">Planear a sua visita <\/h1>\t\t<\/div>\n\t\t\t\t<\/div>\n\t\t\t\t<div class=\"elementor-element elementor-element-269dbcf elementor-widget elementor-widget-heading\" data-id=\"269dbcf\" data-element_type=\"widget\" data-settings=\"{&quot;ekit_we_effect_on&quot;:&quot;none&quot;}\" data-widget_type=\"heading.default\">\n\t\t\t\t<div class=\"elementor-widget-container\">\n\t\t\t<h5 class=\"elementor-heading-title elementor-size-default\">Ajudamo-lo a organizar a sua visita ao Coliseu<\/h5>\t\t<\/div>\n\t\t\t\t<\/div>\n\t\t\t\t<div class=\"elementor-element elementor-element-174a2a0 elementor-widget elementor-widget-html\" data-id=\"174a2a0\" data-element_type=\"widget\" data-settings=\"{&quot;ekit_we_effect_on&quot;:&quot;none&quot;}\" data-widget_type=\"html.default\">\n\t\t\t\t<div class=\"elementor-widget-container\">\n\t\t\t<div data-tiqets-widget=\"discovery\" data-cards-layout=\"responsive\" data-content-type=\"product\" data-item_count=\"4\" data-destination-type=\"venue\" data-destination-id=\"145769\" data-partner=\"colosseo_roma\" data-tq-campaign=\"pianifica_visita\"><\/div><script defer src=\"https:\/\/widgets.tiqets.com\/loader.js\"><\/script>\t\t<\/div>\n\t\t\t\t<\/div>\n\t\t\t\t<div class=\"elementor-element elementor-element-462bd3a elementor-widget elementor-widget-spacer\" data-id=\"462bd3a\" data-element_type=\"widget\" data-settings=\"{&quot;ekit_we_effect_on&quot;:&quot;none&quot;}\" data-widget_type=\"spacer.default\">\n\t\t\t\t<div class=\"elementor-widget-container\">\n\t\t\t\t\t<div class=\"elementor-spacer\">\n\t\t\t<div class=\"elementor-spacer-inner\"><\/div>\n\t\t<\/div>\n\t\t\t\t<\/div>\n\t\t\t\t<\/div>\n\t\t\t\t<section class=\"elementor-section elementor-inner-section elementor-element elementor-element-9c51d8d elementor-section-boxed elementor-section-height-default elementor-section-height-default\" data-id=\"9c51d8d\" data-element_type=\"section\" data-settings=\"{&quot;jet_parallax_layout_list&quot;:[],&quot;ekit_has_onepagescroll_dot&quot;:&quot;yes&quot;}\">\n\t\t\t\t\t\t<div class=\"elementor-container elementor-column-gap-default\">\n\t\t\t\t\t<div class=\"elementor-column elementor-col-50 elementor-inner-column elementor-element elementor-element-3a5f46c\" data-id=\"3a5f46c\" data-element_type=\"column\" data-settings=\"{&quot;background_background&quot;:&quot;slideshow&quot;,&quot;background_slideshow_gallery&quot;:[{&quot;id&quot;:2213,&quot;url&quot;:&quot;https:\\\/\\\/colosseo-roma.it\\\/wp-content\\\/uploads\\\/2024\\\/08\\\/Colosseo_notte.jpg&quot;}],&quot;background_slideshow_loop&quot;:&quot;yes&quot;,&quot;background_slideshow_slide_duration&quot;:5000,&quot;background_slideshow_slide_transition&quot;:&quot;fade&quot;,&quot;background_slideshow_transition_duration&quot;:500}\">\n\t\t\t<div class=\"elementor-widget-wrap elementor-element-populated\">\n\t\t\t\t\t\t<div class=\"elementor-element elementor-element-ecd185e elementor-widget elementor-widget-spacer\" data-id=\"ecd185e\" data-element_type=\"widget\" data-settings=\"{&quot;ekit_we_effect_on&quot;:&quot;none&quot;}\" data-widget_type=\"spacer.default\">\n\t\t\t\t<div class=\"elementor-widget-container\">\n\t\t\t\t\t<div class=\"elementor-spacer\">\n\t\t\t<div class=\"elementor-spacer-inner\"><\/div>\n\t\t<\/div>\n\t\t\t\t<\/div>\n\t\t\t\t<\/div>\n\t\t\t\t\t<\/div>\n\t\t<\/div>\n\t\t\t\t<div class=\"elementor-column elementor-col-50 elementor-inner-column elementor-element elementor-element-e7baccf\" data-id=\"e7baccf\" data-element_type=\"column\">\n\t\t\t<div class=\"elementor-widget-wrap elementor-element-populated\">\n\t\t\t\t\t\t<div class=\"elementor-element elementor-element-1b66dc1 elementor-widget elementor-widget-heading\" data-id=\"1b66dc1\" data-element_type=\"widget\" data-settings=\"{&quot;ekit_we_effect_on&quot;:&quot;none&quot;}\" data-widget_type=\"heading.default\">\n\t\t\t\t<div class=\"elementor-widget-container\">\n\t\t\t<h4 class=\"elementor-heading-title elementor-size-default\">A visita ao Coliseu requer um planeamento cuidadoso para evitar desilus\u00f5es<\/h4>\t\t<\/div>\n\t\t\t\t<\/div>\n\t\t\t\t<div class=\"elementor-element elementor-element-b43c6cf elementor-widget elementor-widget-text-editor\" data-id=\"b43c6cf\" data-element_type=\"widget\" data-settings=\"{&quot;ekit_we_effect_on&quot;:&quot;none&quot;}\" data-widget_type=\"text-editor.default\">\n\t\t\t\t<div class=\"elementor-widget-container\">\n\t\t\t\t\t\t\t<p>Organize a sua visita ao <strong>Coliseu<\/strong> \u00e9 essencial para uma experi\u00eancia inesquec\u00edvel num dos monumentos mais emblem\u00e1ticos do mundo. <span style=\"text-decoration: underline;\">Reservar bilhetes online com anteced\u00eancia <\/span>permite-lhe evitar as longas filas de espera, dando-lhe acesso priorit\u00e1rio. Pode escolher entre v\u00e1rias op\u00e7\u00f5es de visita: de<strong> bilhetes sem fila<\/strong>, em <strong>visitas guiadas<\/strong> que incluem tamb\u00e9m o F\u00f3rum Romano e o Palatino, at\u00e9 <strong>visitas exclusivas<\/strong> noite ou no metro. N\u00e3o se esque\u00e7a de reservar o seu hor\u00e1rio de entrada, especialmente na \u00e9poca alta, para evitar desilus\u00f5es. Chegue alguns minutos mais cedo para passar pela seguran\u00e7a e lembre-se de usar sapatos confort\u00e1veis, pois o s\u00edtio \u00e9 vasto e rico em hist\u00f3ria. Para uma visita completa e informada, considere a utiliza\u00e7\u00e3o de um<strong>audioguia<\/strong> ou uma visita guiada para descobrir os segredos e as maravilhas da Roma antiga. <span style=\"text-decoration: underline;\">Planear a sua visita<\/span> permitir-lhe-\u00e1 desfrutar plenamente da magnific\u00eancia do Coliseu e mergulhar na sua fascinante hist\u00f3ria.<\/p>\t\t\t\t\t\t<\/div>\n\t\t\t\t<\/div>\n\t\t\t\t\t<\/div>\n\t\t<\/div>\n\t\t\t\t\t<\/div>\n\t\t<\/section>\n\t\t\t\t<section class=\"elementor-section elementor-inner-section elementor-element elementor-element-a65ae7d elementor-section-boxed elementor-section-height-default elementor-section-height-default\" data-id=\"a65ae7d\" data-element_type=\"section\" data-settings=\"{&quot;jet_parallax_layout_list&quot;:[],&quot;ekit_has_onepagescroll_dot&quot;:&quot;yes&quot;}\">\n\t\t\t\t\t\t<div class=\"elementor-container elementor-column-gap-default\">\n\t\t\t\t\t<div class=\"elementor-column elementor-col-50 elementor-inner-column elementor-element elementor-element-61ec2c8\" data-id=\"61ec2c8\" data-element_type=\"column\">\n\t\t\t<div class=\"elementor-widget-wrap elementor-element-populated\">\n\t\t\t\t\t\t<div class=\"elementor-element elementor-element-b1e56fb elementor-widget elementor-widget-heading\" data-id=\"b1e56fb\" data-element_type=\"widget\" data-settings=\"{&quot;ekit_we_effect_on&quot;:&quot;none&quot;}\" data-widget_type=\"heading.default\">\n\t\t\t\t<div class=\"elementor-widget-container\">\n\t\t\t<h4 class=\"elementor-heading-title elementor-size-default\">Qual \u00e9 a melhor altura para visitar o Coliseu e desfrutar deste s\u00edtio extraordin\u00e1rio sem multid\u00f5es?<\/h4>\t\t<\/div>\n\t\t\t\t<\/div>\n\t\t\t\t<div class=\"elementor-element elementor-element-ef88207 elementor-widget elementor-widget-text-editor\" data-id=\"ef88207\" data-element_type=\"widget\" data-settings=\"{&quot;ekit_we_effect_on&quot;:&quot;none&quot;}\" data-widget_type=\"text-editor.default\">\n\t\t\t\t<div class=\"elementor-widget-container\">\n\t\t\t\t\t\t\t<p>O <strong>melhor per\u00edodo<\/strong> para visitar o Coliseu e apreciar o local sem demasiadas multid\u00f5es \u00e9 durante o <strong>\u00e9poca baixa,<\/strong> que geralmente varia de <span style=\"text-decoration: underline;\">novembro a mar\u00e7o<\/span> (excluindo os feriados de Natal e Ano Novo). Durante estes meses, o n\u00famero de visitantes \u00e9 significativamente mais baixo do que durante a \u00e9poca alta, permitindo-lhe explorar o Coliseu com maior tranquilidade. Tamb\u00e9m o <strong>primeiras horas da manh\u00e3<\/strong>assim que a atra\u00e7\u00e3o abrir, ou o <strong>final da tarde<\/strong>perto da hora de encerramento s\u00e3o boas alturas para evitar grandes multid\u00f5es. Durante estas horas, pode apreciar plenamente a majestade do Coliseu sem ter de lidar com longas esperas ou grandes grupos de turistas.<\/p>\t\t\t\t\t\t<\/div>\n\t\t\t\t<\/div>\n\t\t\t\t\t<\/div>\n\t\t<\/div>\n\t\t\t\t<div class=\"elementor-column elementor-col-50 elementor-inner-column elementor-element elementor-element-2d372b0\" data-id=\"2d372b0\" data-element_type=\"column\" data-settings=\"{&quot;background_background&quot;:&quot;slideshow&quot;,&quot;background_slideshow_gallery&quot;:[{&quot;id&quot;:2258,&quot;url&quot;:&quot;https:\\\/\\\/colosseo-roma.it\\\/wp-content\\\/uploads\\\/2024\\\/08\\\/Sotterranei_colosseo.jpg&quot;}],&quot;background_slideshow_loop&quot;:&quot;yes&quot;,&quot;background_slideshow_slide_duration&quot;:5000,&quot;background_slideshow_slide_transition&quot;:&quot;fade&quot;,&quot;background_slideshow_transition_duration&quot;:500}\">\n\t\t\t<div class=\"elementor-widget-wrap elementor-element-populated\">\n\t\t\t\t\t\t<div class=\"elementor-element elementor-element-08aba30 elementor-widget elementor-widget-spacer\" data-id=\"08aba30\" data-element_type=\"widget\" data-settings=\"{&quot;ekit_we_effect_on&quot;:&quot;none&quot;}\" data-widget_type=\"spacer.default\">\n\t\t\t\t<div class=\"elementor-widget-container\">\n\t\t\t\t\t<div class=\"elementor-spacer\">\n\t\t\t<div class=\"elementor-spacer-inner\"><\/div>\n\t\t<\/div>\n\t\t\t\t<\/div>\n\t\t\t\t<\/div>\n\t\t\t\t\t<\/div>\n\t\t<\/div>\n\t\t\t\t\t<\/div>\n\t\t<\/section>\n\t\t\t\t<section class=\"elementor-section elementor-inner-section elementor-element elementor-element-b6edc51 elementor-section-boxed elementor-section-height-default elementor-section-height-default\" data-id=\"b6edc51\" data-element_type=\"section\" data-settings=\"{&quot;jet_parallax_layout_list&quot;:[],&quot;ekit_has_onepagescroll_dot&quot;:&quot;yes&quot;}\">\n\t\t\t\t\t\t<div class=\"elementor-container elementor-column-gap-default\">\n\t\t\t\t\t<div class=\"elementor-column elementor-col-50 elementor-inner-column elementor-element elementor-element-5e0a5a6\" data-id=\"5e0a5a6\" data-element_type=\"column\" data-settings=\"{&quot;background_background&quot;:&quot;slideshow&quot;,&quot;background_slideshow_gallery&quot;:[{&quot;id&quot;:2260,&quot;url&quot;:&quot;https:\\\/\\\/colosseo-roma.it\\\/wp-content\\\/uploads\\\/2024\\\/08\\\/Pavimento_colosseo.jpg&quot;}],&quot;background_slideshow_loop&quot;:&quot;yes&quot;,&quot;background_slideshow_slide_duration&quot;:5000,&quot;background_slideshow_slide_transition&quot;:&quot;fade&quot;,&quot;background_slideshow_transition_duration&quot;:500}\">\n\t\t\t<div class=\"elementor-widget-wrap elementor-element-populated\">\n\t\t\t\t\t\t<div class=\"elementor-element elementor-element-1359518 elementor-widget elementor-widget-spacer\" data-id=\"1359518\" data-element_type=\"widget\" data-settings=\"{&quot;ekit_we_effect_on&quot;:&quot;none&quot;}\" data-widget_type=\"spacer.default\">\n\t\t\t\t<div class=\"elementor-widget-container\">\n\t\t\t\t\t<div class=\"elementor-spacer\">\n\t\t\t<div class=\"elementor-spacer-inner\"><\/div>\n\t\t<\/div>\n\t\t\t\t<\/div>\n\t\t\t\t<\/div>\n\t\t\t\t\t<\/div>\n\t\t<\/div>\n\t\t\t\t<div class=\"elementor-column elementor-col-50 elementor-inner-column elementor-element elementor-element-7cf086b\" data-id=\"7cf086b\" data-element_type=\"column\">\n\t\t\t<div class=\"elementor-widget-wrap elementor-element-populated\">\n\t\t\t\t\t\t<div class=\"elementor-element elementor-element-e2925a5 elementor-widget elementor-widget-heading\" data-id=\"e2925a5\" data-element_type=\"widget\" data-settings=\"{&quot;ekit_we_effect_on&quot;:&quot;none&quot;}\" data-widget_type=\"heading.default\">\n\t\t\t\t<div class=\"elementor-widget-container\">\n\t\t\t<h4 class=\"elementor-heading-title elementor-size-default\">Qual \u00e9 a melhor altura para visitar o Coliseu e desfrutar deste s\u00edtio extraordin\u00e1rio sem multid\u00f5es?<\/h4>\t\t<\/div>\n\t\t\t\t<\/div>\n\t\t\t\t<div class=\"elementor-element elementor-element-8907f82 elementor-widget elementor-widget-text-editor\" data-id=\"8907f82\" data-element_type=\"widget\" data-settings=\"{&quot;ekit_we_effect_on&quot;:&quot;none&quot;}\" data-widget_type=\"text-editor.default\">\n\t\t\t\t<div class=\"elementor-widget-container\">\n\t\t\t\t\t\t\t<p>O <strong>Coliseu<\/strong> est\u00e1 aberto todo o ano, com hor\u00e1rios que variam consoante a esta\u00e7\u00e3o do ano. Em geral, o hor\u00e1rio de <strong>abertura<\/strong> \u00e9 fixado em<strong> 9:00<\/strong> <strong>de manh\u00e3<\/strong>enquanto a hora de fecho varia consoante a luz solar. De<span style=\"text-decoration: underline;\"> final de mar\u00e7o a final de agosto<\/span>o Coliseu <strong>encerra \u00e0s 19:15<\/strong>enquanto que de <span style=\"text-decoration: underline;\">final de agosto a final de outubro<\/span> a hora de fecho \u00e9 mais cedo em <strong>18:30<\/strong>. Durante o <span style=\"text-decoration: underline;\">meses de inverno,<\/span> De novembro a fevereiro, o monumento <strong>fecha \u00e0s 16:30.<\/strong> \u00c9 importante notar que a \u00faltima entrada \u00e9 permitida uma hora antes da hora de encerramento. O Coliseu est\u00e1 fechado apenas nos dias <strong>25 de dezembro e 1 de janeiro<\/strong>. Planear a sua visita com estes hor\u00e1rios em mente ajud\u00e1-lo-\u00e1 a desfrutar plenamente da sua experi\u00eancia.<\/p>\t\t\t\t\t\t<\/div>\n\t\t\t\t<\/div>\n\t\t\t\t\t<\/div>\n\t\t<\/div>\n\t\t\t\t\t<\/div>\n\t\t<\/section>\n\t\t\t\t\t<\/div>\n\t\t<\/div>\n\t\t\t\t\t<\/div>\n\t\t<\/section>\n\t\t\t\t<\/div>","protected":false},"excerpt":{"rendered":"<p>Planeie a sua visita Ajudamo-lo a organizar a sua visita ao Coliseu Visitar o Coliseu requer um planeamento cuidadoso para evitar desilus\u00f5es Organizar a sua visita ao Coliseu \u00e9 essencial para uma experi\u00eancia inesquec\u00edvel num dos monumentos mais emblem\u00e1ticos do mundo. Reservar os bilhetes online com anteced\u00eancia permite-lhe evitar os [...]<\/p>","protected":false},"author":1,"featured_media":0,"parent":2357,"menu_order":6,"comment_status":"closed","ping_status":"closed","template":"","meta":{"site-sidebar-layout":"no-sidebar","site-content-layout":"page-builder","ast-site-content-layout":"full-width-container","site-content-style":"unboxed","site-sidebar-style":"unboxed","ast-global-header-display":"","ast-banner-title-visibility":"","ast-main-header-display":"","ast-hfb-above-header-display":"","ast-hfb-below-header-display":"","ast-hfb-mobile-header-display":"","site-post-title":"disabled","ast-breadcrumbs-content":"","ast-featured-img":"disabled","footer-sml-layout":"","ast-disable-related-posts":"","theme-transparent-header-meta":"default","adv-header-id-meta":"","stick-header-meta":"","header-above-stick-meta":"","header-main-stick-meta":"","header-below-stick-meta":"","astra-migrate-meta-layouts":"set","ast-page-background-enabled":"default","ast-page-background-meta":{"desktop":{"background-color":"var(--ast-global-color-4)","background-image":"","background-repeat":"repeat","background-position":"center center","background-size":"auto","background-attachment":"scroll","background-type":"","background-media":"","overlay-type":"","overlay-color":"","overlay-opacity":"","overlay-gradient":""},"tablet":{"background-color":"","background-image":"","background-repeat":"repeat","background-position":"center center","background-size":"auto","background-attachment":"scroll","background-type":"","background-media":"","overlay-type":"","overlay-color":"","overlay-opacity":"","overlay-gradient":""},"mobile":{"background-color":"","background-image":"","background-repeat":"repeat","background-position":"center center","background-size":"auto","background-attachment":"scroll","background-type":"","background-media":"","overlay-type":"","overlay-color":"","overlay-opacity":"","overlay-gradient":""}},"ast-content-background-meta":{"desktop":{"background-color":"var(--ast-global-color-5)","background-image":"","background-repeat":"repeat","background-position":"center center","background-size":"auto","background-attachment":"scroll","background-type":"","background-media":"","overlay-type":"","overlay-color":"","overlay-opacity":"","overlay-gradient":""},"tablet":{"background-color":"var(--ast-global-color-5)","background-image":"","background-repeat":"repeat","background-position":"center center","background-size":"auto","background-attachment":"scroll","background-type":"","background-media":"","overlay-type":"","overlay-color":"","overlay-opacity":"","overlay-gradient":""},"mobile":{"background-color":"var(--ast-global-color-5)","background-image":"","background-repeat":"repeat","background-position":"center center","background-size":"auto","background-attachment":"scroll","background-type":"","background-media":"","overlay-type":"","overlay-color":"","overlay-opacity":"","overlay-gradient":""}},"iawp_total_views":15771,"footnotes":""},"class_list":["post-521","page","type-page","status-publish","hentry"],"_links":{"self":[{"href":"https:\/\/colosseo-roma.it\/pt\/wp-json\/wp\/v2\/pages\/521","targetHints":{"allow":["GET"]}}],"collection":[{"href":"https:\/\/colosseo-roma.it\/pt\/wp-json\/wp\/v2\/pages"}],"about":[{"href":"https:\/\/colosseo-roma.it\/pt\/wp-json\/wp\/v2\/types\/page"}],"author":[{"embeddable":true,"href":"https:\/\/colosseo-roma.it\/pt\/wp-json\/wp\/v2\/users\/1"}],"replies":[{"embeddable":true,"href":"https:\/\/colosseo-roma.it\/pt\/wp-json\/wp\/v2\/comments?post=521"}],"version-history":[{"count":0,"href":"https:\/\/colosseo-roma.it\/pt\/wp-json\/wp\/v2\/pages\/521\/revisions"}],"up":[{"embeddable":true,"href":"https:\/\/colosseo-roma.it\/pt\/wp-json\/wp\/v2\/pages\/2357"}],"wp:attachment":[{"href":"https:\/\/colosseo-roma.it\/pt\/wp-json\/wp\/v2\/media?parent=521"}],"curies":[{"name":"wp","href":"https:\/\/api.w.org\/{rel}","templated":true}]}}