{"id":528,"date":"2023-03-28T09:17:41","date_gmt":"2023-03-28T08:17:41","guid":{"rendered":"https:\/\/wordpress-1074717-3818660.cloudwaysapps.com\/?page_id=528"},"modified":"2026-01-26T17:11:52","modified_gmt":"2026-01-26T16:11:52","slug":"coliseu","status":"publish","type":"page","link":"https:\/\/colosseo-roma.it\/pt\/explorar\/coliseu\/","title":{"rendered":"Coliseu"},"content":{"rendered":"<div data-elementor-type=\"wp-page\" data-elementor-id=\"528\" class=\"elementor elementor-528\" data-elementor-post-type=\"page\">\n\t\t\t\t\t\t<section class=\"elementor-section elementor-top-section elementor-element elementor-element-f7c0010 elementor-section-boxed elementor-section-height-default elementor-section-height-default\" data-id=\"f7c0010\" data-element_type=\"section\" data-settings=\"{&quot;jet_parallax_layout_list&quot;:[],&quot;ekit_has_onepagescroll_dot&quot;:&quot;yes&quot;}\">\n\t\t\t\t\t\t<div class=\"elementor-container elementor-column-gap-default\">\n\t\t\t\t\t<div class=\"elementor-column elementor-col-100 elementor-top-column elementor-element elementor-element-c1d5877\" data-id=\"c1d5877\" data-element_type=\"column\" data-settings=\"{&quot;background_background&quot;:&quot;classic&quot;}\">\n\t\t\t<div class=\"elementor-widget-wrap elementor-element-populated\">\n\t\t\t\t\t\t<div class=\"elementor-element elementor-element-2b03883 elementor-widget elementor-widget-heading\" data-id=\"2b03883\" data-element_type=\"widget\" data-settings=\"{&quot;ekit_we_effect_on&quot;:&quot;none&quot;}\" data-widget_type=\"heading.default\">\n\t\t\t\t<div class=\"elementor-widget-container\">\n\t\t\t<h1 class=\"elementor-heading-title elementor-size-default\">O Coliseu<\/h1>\t\t<\/div>\n\t\t\t\t<\/div>\n\t\t\t\t<div class=\"elementor-element elementor-element-3c63e13 elementor-widget elementor-widget-text-editor\" data-id=\"3c63e13\" data-element_type=\"widget\" data-settings=\"{&quot;ekit_we_effect_on&quot;:&quot;none&quot;}\" data-widget_type=\"text-editor.default\">\n\t\t\t\t<div class=\"elementor-widget-container\">\n\t\t\t\t\t\t\t<p>Uma visita ao Coliseu \u00e9 uma experi\u00eancia \u00fanica e inesquec\u00edvel que lhe permite mergulhar na hist\u00f3ria e na beleza de um dos monumentos mais emblem\u00e1ticos do mundo.<\/p>\t\t\t\t\t\t<\/div>\n\t\t\t\t<\/div>\n\t\t\t\t<div class=\"elementor-element elementor-element-cbf735d elementor-widget elementor-widget-html\" data-id=\"cbf735d\" data-element_type=\"widget\" data-settings=\"{&quot;ekit_we_effect_on&quot;:&quot;none&quot;}\" data-widget_type=\"html.default\">\n\t\t\t\t<div class=\"elementor-widget-container\">\n\t\t\t<div data-tiqets-widget=\"discovery\" data-cards-layout=\"responsive\" data-content-type=\"product\" data-item_count=\"4\" data-destination-type=\"venue\" data-destination-id=\"145769\" data-partner=\"colosseo_roma\" data-tq-campaign=\"colosseo\"><\/div><script defer src=\"https:\/\/widgets.tiqets.com\/loader.js\"><\/script>\t\t<\/div>\n\t\t\t\t<\/div>\n\t\t\t\t<div class=\"elementor-element elementor-element-cf9137a elementor-widget elementor-widget-heading\" data-id=\"cf9137a\" data-element_type=\"widget\" data-settings=\"{&quot;ekit_we_effect_on&quot;:&quot;none&quot;}\" data-widget_type=\"heading.default\">\n\t\t\t\t<div class=\"elementor-widget-container\">\n\t\t\t<h3 class=\"elementor-heading-title elementor-size-default\">O anfiteatro Flaviano<\/h3>\t\t<\/div>\n\t\t\t\t<\/div>\n\t\t\t\t<div class=\"elementor-element elementor-element-1fcfaad elementor-widget elementor-widget-text-editor\" data-id=\"1fcfaad\" data-element_type=\"widget\" data-settings=\"{&quot;ekit_we_effect_on&quot;:&quot;none&quot;}\" data-widget_type=\"text-editor.default\">\n\t\t\t\t<div class=\"elementor-widget-container\">\n\t\t\t\t\t\t\t<p>O Antigo Anfiteatro Flaviano, constru\u00eddo no s\u00e9culo I d.C. em Roma, foi rebaptizado de \"Coliseu\" no s\u00e9culo VIII devido \u00e0 sua proximidade com o Colosso de Neroniano. A etimologia do novo nome deu origem a v\u00e1rias hip\u00f3teses: alguns v\u00eaem na designa\u00e7\u00e3o \"Coliseu\" uma refer\u00eancia \u00e0s propor\u00e7\u00f5es \"colossais\" do edif\u00edcio, enquanto outros se referem \u00e0 proximidade do Colosso de Nero, sugerindo que as pessoas diriam \"ad Colossum eo\", ou seja, \"vou ao Colosso\". Uma outra teoria prop\u00f5e que o nome deriva do termo antigo \"Collis Isei\", que significa o templo de \u00cdsis que se situava no vizinho Colle Oppio.<\/p>\t\t\t\t\t\t<\/div>\n\t\t\t\t<\/div>\n\t\t\t\t<div class=\"elementor-element elementor-element-7b72c82 elementor-widget elementor-widget-heading\" data-id=\"7b72c82\" data-element_type=\"widget\" data-settings=\"{&quot;ekit_we_effect_on&quot;:&quot;none&quot;}\" data-widget_type=\"heading.default\">\n\t\t\t\t<div class=\"elementor-widget-container\">\n\t\t\t<h5 class=\"elementor-heading-title elementor-size-default\">Visitar o anfiteatro Flaviano<\/h5>\t\t<\/div>\n\t\t\t\t<\/div>\n\t\t\t\t<div class=\"elementor-element elementor-element-7bf2ad0 elementor-widget elementor-widget-text-editor\" data-id=\"7bf2ad0\" data-element_type=\"widget\" data-settings=\"{&quot;ekit_we_effect_on&quot;:&quot;none&quot;}\" data-widget_type=\"text-editor.default\">\n\t\t\t\t<div class=\"elementor-widget-container\">\n\t\t\t\t\t\t\t<p>O Coliseu de Roma \u00e9 um anfiteatro romano constru\u00eddo no s\u00e9culo I d.C. e \u00e9 um dos monumentos mais famosos e visitados do mundo. Conhecido como o Anfiteatro Flaviano, foi inclu\u00eddo entre as sete maravilhas do mundo pela sua majestade e import\u00e2ncia hist\u00f3rica. O Coliseu \u00e9 mais famoso por ser o epicentro dos espect\u00e1culos e batalhas de gladiadores da Roma antiga.<\/p>\t\t\t\t\t\t<\/div>\n\t\t\t\t<\/div>\n\t\t\t\t<div class=\"elementor-element elementor-element-02f550b elementor-widget elementor-widget-heading\" data-id=\"02f550b\" data-element_type=\"widget\" data-settings=\"{&quot;ekit_we_effect_on&quot;:&quot;none&quot;}\" data-widget_type=\"heading.default\">\n\t\t\t\t<div class=\"elementor-widget-container\">\n\t\t\t<h5 class=\"elementor-heading-title elementor-size-default\">Informa\u00e7\u00f5es \u00fateis para visitar o Coliseu<\/h5>\t\t<\/div>\n\t\t\t\t<\/div>\n\t\t\t\t<div class=\"elementor-element elementor-element-4947f3a elementor-widget elementor-widget-text-editor\" data-id=\"4947f3a\" data-element_type=\"widget\" data-settings=\"{&quot;ekit_we_effect_on&quot;:&quot;none&quot;}\" data-widget_type=\"text-editor.default\">\n\t\t\t\t<div class=\"elementor-widget-container\">\n\t\t\t\t\t\t\t<p>Os bilhetes de entrada podem ser adquiridos em linha ou nos pontos de venda autorizados. No entanto, recomendamos a compra online de uma visita organizada com um bilhete \"sem fila\" para evitar longas filas de espera.<\/p><p>O parque arqueol\u00f3gico do Coliseu \u00e9 facilmente acess\u00edvel a partir do centro da cidade<\/p><ul><li>A p\u00e9 do centro de Roma<\/li><li>Autocarro<\/li><li>Metro<\/li><\/ul><p>As principais atrac\u00e7\u00f5es de Roma que podem ser alcan\u00e7adas a partir do Coliseu s\u00e3o:<\/p><ul><li>A Domus Aurea<\/li><li>O F\u00f3rum Romano do Palatino<\/li><\/ul>\t\t\t\t\t\t<\/div>\n\t\t\t\t<\/div>\n\t\t\t\t<div class=\"elementor-element elementor-element-f36208e elementor-widget elementor-widget-heading\" data-id=\"f36208e\" data-element_type=\"widget\" data-settings=\"{&quot;ekit_we_effect_on&quot;:&quot;none&quot;}\" data-widget_type=\"heading.default\">\n\t\t\t\t<div class=\"elementor-widget-container\">\n\t\t\t<h5 class=\"elementor-heading-title elementor-size-default\">A arquitetura do anfiteatro flaviano<\/h5>\t\t<\/div>\n\t\t\t\t<\/div>\n\t\t\t\t<div class=\"elementor-element elementor-element-7eff0fc elementor-widget elementor-widget-text-editor\" data-id=\"7eff0fc\" data-element_type=\"widget\" data-settings=\"{&quot;ekit_we_effect_on&quot;:&quot;none&quot;}\" data-widget_type=\"text-editor.default\">\n\t\t\t\t<div class=\"elementor-widget-container\">\n\t\t\t\t\t\t\t<p>O Coliseu de Roma \u00e9 uma das obras-primas da arquitetura romana e um dos mais importantes testemunhos da grandeza do Imp\u00e9rio Romano. O complexo sistema do Coliseu consiste em tr\u00eas n\u00edveis principais, cada um com uma s\u00e9rie de arcos semicirculares, que s\u00e3o suportados por pilares e colunas de pedra travertino. Estes arcos formam galerias internas onde se podiam sentar at\u00e9 50.000 pessoas. As dimens\u00f5es do Coliseu s\u00e3o impressionantes: a sua arena oval cobre uma \u00e1rea de cerca de 6.000 metros quadrados e a sua altura atinge os 57 metros. Os arcos do Coliseu t\u00eam cerca de 30 metros de altura, num total de 80 arcos. O r\u00e9s do ch\u00e3o do Coliseu era reservado \u00e0s actividades de organiza\u00e7\u00e3o, enquanto os andares superiores albergavam as assembleias e as celebra\u00e7\u00f5es p\u00fablicas do povo romano. A parede exterior do Coliseu era muito decorada, com numerosos ornamentos de pedra, arcos, nichos e colunas c\u00f3nicas. De cada lado da estrutura, havia quatro entradas principais, cada uma com um p\u00f3rtico com colunas, que conduziam \u00e0s galerias da arena. A majestade do Coliseu foi tamb\u00e9m possibilitada pela utiliza\u00e7\u00e3o de numerosos sistemas de irriga\u00e7\u00e3o e drenagem, que permitiam a organiza\u00e7\u00e3o de eventos no interior sem receio de inunda\u00e7\u00f5es ou de acumula\u00e7\u00e3o de \u00e1gua. Em suma, a arquitetura do Coliseu \u00e9 excecional pela sua combina\u00e7\u00e3o de funcionalidade e beleza, tornando-o uma estrutura sem precedentes e ainda surpreendente para os visitantes de todo o mundo.<\/p>\t\t\t\t\t\t<\/div>\n\t\t\t\t<\/div>\n\t\t\t\t<div class=\"elementor-element elementor-element-056af37 elementor-widget elementor-widget-heading\" data-id=\"056af37\" data-element_type=\"widget\" data-settings=\"{&quot;ekit_we_effect_on&quot;:&quot;none&quot;}\" data-widget_type=\"heading.default\">\n\t\t\t\t<div class=\"elementor-widget-container\">\n\t\t\t<h5 class=\"elementor-heading-title elementor-size-default\">A hist\u00f3ria do Coliseu<\/h5>\t\t<\/div>\n\t\t\t\t<\/div>\n\t\t\t\t<div class=\"elementor-element elementor-element-1c9abae elementor-widget elementor-widget-text-editor\" data-id=\"1c9abae\" data-element_type=\"widget\" data-settings=\"{&quot;ekit_we_effect_on&quot;:&quot;none&quot;}\" data-widget_type=\"text-editor.default\">\n\t\t\t\t<div class=\"elementor-widget-container\">\n\t\t\t\t\t\t\t<p>A constru\u00e7\u00e3o do Coliseu teve in\u00edcio no reinado do imperador Vespasiano, em 72 d.C., e foi conclu\u00edda no reinado do seu filho, Tito, em 80 d.C. A sua realiza\u00e7\u00e3o foi poss\u00edvel gra\u00e7as \u00e0 reforma urbana de Roma, que levou \u00e0 recupera\u00e7\u00e3o do Campus Martius e \u00e0 cria\u00e7\u00e3o da vasta \u00e1rea do Colle Oppio. O Coliseu era inicialmente conhecido como Anfiteatro Flaviano, em honra da dinastia dos Flavianos. O principal objetivo do Coliseu era acolher uma grande variedade de espect\u00e1culos p\u00fablicos, nomeadamente lutas de gladiadores, ca\u00e7adas de animais selvagens e batalhas navais simuladas, gra\u00e7as \u00e0 tecnologia inovadora de uma vasta cisterna subterr\u00e2nea que podia ser enchida com \u00e1gua. O Coliseu tornou-se rapidamente num dos locais de entretenimento preferidos do Imp\u00e9rio e foi tamb\u00e9m utilizado em festas e celebra\u00e7\u00f5es p\u00fablicas, como a comemora\u00e7\u00e3o da conquista de Jerusal\u00e9m no ano 70 d.C. Apesar da sua import\u00e2ncia hist\u00f3rica, na Idade M\u00e9dia, o Coliseu caiu em desuso e foi utilizado como fonte de materiais de constru\u00e7\u00e3o. Ao longo dos s\u00e9culos, a estrutura sofreu muitos danos, tanto devido a terramotos como \u00e0 degrada\u00e7\u00e3o causada pelo tempo e pelo desgaste do uso.<\/p><p>Atualmente, o Coliseu continua a ser um dos monumentos mais visitados do mundo e um dos s\u00edmbolos mais importantes do passado glorioso de Roma. Gra\u00e7as ao nosso conhecimento hist\u00f3rico e \u00e0 nossa tecnologia, o Coliseu foi restaurado e preservado para as gera\u00e7\u00f5es vindouras.<\/p>\t\t\t\t\t\t<\/div>\n\t\t\t\t<\/div>\n\t\t\t\t<div class=\"elementor-element elementor-element-b2c6de7 elementor-widget elementor-widget-heading\" data-id=\"b2c6de7\" data-element_type=\"widget\" data-settings=\"{&quot;ekit_we_effect_on&quot;:&quot;none&quot;}\" data-widget_type=\"heading.default\">\n\t\t\t\t<div class=\"elementor-widget-container\">\n\t\t\t<h5 class=\"elementor-heading-title elementor-size-default\">O terra\u00e7o do imponente monumento<\/h5>\t\t<\/div>\n\t\t\t\t<\/div>\n\t\t\t\t<div class=\"elementor-element elementor-element-602d3ae elementor-widget elementor-widget-text-editor\" data-id=\"602d3ae\" data-element_type=\"widget\" data-settings=\"{&quot;ekit_we_effect_on&quot;:&quot;none&quot;}\" data-widget_type=\"text-editor.default\">\n\t\t\t\t<div class=\"elementor-widget-container\">\n\t\t\t\t\t\t\t<p>O acesso ao Coliseu era livre, e as pessoas entravam atrav\u00e9s de 76 arcos numerados e marcados a vermelho, 29 dos quais ainda s\u00e3o vis\u00edveis no lado norte. As orienta\u00e7\u00f5es para os espectadores estavam indicadas nos percursos no interior dos arcos e tamb\u00e9m nos cart\u00f5es distribu\u00eddos a cada chefe de fam\u00edlia. A atribui\u00e7\u00e3o dos lugares obedecia a um crit\u00e9rio hier\u00e1rquico rigoroso: a melhor vista era a do camarote imperial, situado na entrada sul, no eixo menor do monumento. Os senadores dispunham dos melhores lugares junto \u00e0 arena, seguidos do sector posterior reservado aos cavaleiros, enquanto os dois sectores do maenianum secundum abrigavam categorias sociais progressivamente mais baixas. Os piores lugares, em termos de visibilidade e de facilidade de acesso, situavam-se no maenianum summum, o p\u00f3rtico com colunatas que coroava a cavea, equipado com bancos de madeira reservados aos plebeus. Daqui se podia aceder ao terra\u00e7o do chamado \"Belvedere\" do terceiro n\u00edvel, a partir do qual \u00e9 agora poss\u00edvel admirar a cavea de diferentes alturas das ordens superiores, alcan\u00e7ando os terra\u00e7os do terceiro, quarto e quinto n\u00edveis.<\/p>\t\t\t\t\t\t<\/div>\n\t\t\t\t<\/div>\n\t\t\t\t<div class=\"elementor-element elementor-element-2e7af6b elementor-widget elementor-widget-spacer\" data-id=\"2e7af6b\" data-element_type=\"widget\" data-settings=\"{&quot;ekit_we_effect_on&quot;:&quot;none&quot;}\" data-widget_type=\"spacer.default\">\n\t\t\t\t<div class=\"elementor-widget-container\">\n\t\t\t\t\t<div class=\"elementor-spacer\">\n\t\t\t<div class=\"elementor-spacer-inner\"><\/div>\n\t\t<\/div>\n\t\t\t\t<\/div>\n\t\t\t\t<\/div>\n\t\t\t\t<div class=\"elementor-element elementor-element-373d514 elementor-widget elementor-widget-heading\" data-id=\"373d514\" data-element_type=\"widget\" data-settings=\"{&quot;ekit_we_effect_on&quot;:&quot;none&quot;}\" data-widget_type=\"heading.default\">\n\t\t\t\t<div class=\"elementor-widget-container\">\n\t\t\t<h3 class=\"elementor-heading-title elementor-size-default\">Coment\u00e1rios<\/h3>\t\t<\/div>\n\t\t\t\t<\/div>\n\t\t<div class=\"elementor-element elementor-element-75822e0 e-flex e-con-boxed e-con e-parent\" data-id=\"75822e0\" data-element_type=\"container\" data-settings=\"{&quot;jet_parallax_layout_list&quot;:[],&quot;ekit_has_onepagescroll_dot&quot;:&quot;yes&quot;}\">\n\t\t\t\t\t<div class=\"e-con-inner\">\n\t\t\t\t<div class=\"elementor-element elementor-element-1ebef0a elementor-widget elementor-widget-jet-carousel\" data-id=\"1ebef0a\" data-element_type=\"widget\" data-settings=\"{&quot;slides_to_show&quot;:&quot;3&quot;,&quot;slides_to_scroll&quot;:&quot;3&quot;,&quot;slides_to_show_tablet&quot;:&quot;2&quot;,&quot;slides_to_show_mobile&quot;:&quot;1&quot;,&quot;slides_to_scroll_tablet&quot;:&quot;2&quot;,&quot;slides_to_scroll_mobile&quot;:&quot;1&quot;,&quot;ekit_we_effect_on&quot;:&quot;none&quot;}\" data-widget_type=\"jet-carousel.default\">\n\t\t\t\t<div class=\"elementor-widget-container\">\n\t\t\t<div class=\"elementor-jet-carousel jet-elements\"><div class=\"jet-carousel-wrap jet-equal-cols\">\n\t<div class=\"jet-carousel\" data-slider_options=\"{&quot;autoplaySpeed&quot;:5000,&quot;autoplay&quot;:true,&quot;infinite&quot;:true,&quot;centerMode&quot;:false,&quot;centerPadding&quot;:&quot;50px&quot;,&quot;pauseOnHover&quot;:false,&quot;speed&quot;:500,&quot;arrows&quot;:true,&quot;dots&quot;:false,&quot;variableWidth&quot;:false,&quot;prevArrow&quot;:&quot;.jet-carousel__prev-arrow-1ebef0a&quot;,&quot;nextArrow&quot;:&quot;.jet-carousel__next-arrow-1ebef0a&quot;,&quot;rtl&quot;:false,&quot;fractionNav&quot;:false}\" dir=\"ltr\">\n\t<div class=\"elementor-slick-slider\">\n\n<div class=\"jet-carousel__item\">\n\t<div class=\"jet-carousel__item-inner\"><div class=\"jet-carousel__content\"><h5 class=\"jet-carousel__item-title\"><\/h5><div class=\"jet-carousel__item-text\"><p>O Coliseu \u00e9 um dos locais mais emblem\u00e1ticos da Cidade Eterna e de todo o mundo. A magnific\u00eancia desta estrutura antiga \u00e9 incr\u00edvel e n\u00e3o se pode deixar de sentir uma sensa\u00e7\u00e3o de admira\u00e7\u00e3o e respeito ao visit\u00e1-la.<\/p><\/div><\/div><\/div>\n<\/div>\n\n<div class=\"jet-carousel__item\">\n\t<div class=\"jet-carousel__item-inner\"><div class=\"jet-carousel__content\"><h5 class=\"jet-carousel__item-title\"><\/h5><div class=\"jet-carousel__item-text\"><p>Visitar o Coliseu \u00e9 uma experi\u00eancia inesquec\u00edvel que n\u00e3o pode ser perdida se estiver em Roma. A majestade da arena e a hist\u00f3ria em cada canto fazem dele um lugar \u00fanico no mundo.<\/p><\/div><\/div><\/div>\n<\/div>\n\n<div class=\"jet-carousel__item\">\n\t<div class=\"jet-carousel__item-inner\"><div class=\"jet-carousel__content\"><h5 class=\"jet-carousel__item-title\"><\/h5><div class=\"jet-carousel__item-text\"><p>O Coliseu pode estar cheio de turistas, mas vale a pena visit\u00e1-lo. \u00c9 uma obra de arquitetura que representa perfeitamente a grandeza do Imp\u00e9rio Romano e a sua import\u00e2ncia na hist\u00f3ria da humanidade.<\/p><\/div><\/div><\/div>\n<\/div>\n\n<div class=\"jet-carousel__item\">\n\t<div class=\"jet-carousel__item-inner\"><div class=\"jet-carousel__content\"><h5 class=\"jet-carousel__item-title\"><\/h5><div class=\"jet-carousel__item-text\"><p>Uma visita ao Coliseu requer um pouco de paci\u00eancia, especialmente se quiser evitar as filas para entrar. Mas uma vez l\u00e1 dentro, a beleza da arena e os frescos antigos que a decoram compensam qualquer esfor\u00e7o.<\/p><\/div><\/div><\/div>\n<\/div>\n\n<div class=\"jet-carousel__item\">\n\t<div class=\"jet-carousel__item-inner\"><div class=\"jet-carousel__content\"><h5 class=\"jet-carousel__item-title\"><\/h5><div class=\"jet-carousel__item-text\"><p>O Coliseu \u00e9 um dos locais mais fotografados do mundo e \u00e9 f\u00e1cil perceber porqu\u00ea. A sua estrutura imponente e as vistas impressionantes sobre a cidade de Roma fazem dele um destino obrigat\u00f3rio para os entusiastas da fotografia.<\/p><\/div><\/div><\/div>\n<\/div>\n\n<div class=\"jet-carousel__item\">\n\t<div class=\"jet-carousel__item-inner\"><div class=\"jet-carousel__content\"><h5 class=\"jet-carousel__item-title\"><\/h5><div class=\"jet-carousel__item-text\"><p>Se n\u00e3o estiver familiarizado com os pormenores hist\u00f3ricos do Coliseu, pode participar numa visita guiada para saber mais sobre a sua hist\u00f3ria e as curiosidades que o rodeiam.<\/p><\/div><\/div><\/div>\n<\/div>\n\n<div class=\"jet-carousel__item\">\n\t<div class=\"jet-carousel__item-inner\"><div class=\"jet-carousel__content\"><h5 class=\"jet-carousel__item-title\"><\/h5><div class=\"jet-carousel__item-text\"><p>O Coliseu \u00e9 um lugar que nunca deixa de surpreender e fascinar, mesmo depois de muitas visitas. A sua grandeza e os sinais da sua antiga grandeza s\u00e3o ainda muito evidentes.<\/p><\/div><\/div><\/div>\n<\/div>\n\n<div class=\"jet-carousel__item\">\n\t<div class=\"jet-carousel__item-inner\"><div class=\"jet-carousel__content\"><h5 class=\"jet-carousel__item-title\"><\/h5><div class=\"jet-carousel__item-text\"><p>O Coliseu \u00e9 um s\u00edmbolo ic\u00f3nico da cidade de Roma e de todo o pa\u00eds. Todos os italianos deveriam visit\u00e1-lo pelo menos uma vez na vida para apreciar a sua beleza e arquitetura majestosa.<\/p><\/div><\/div><\/div>\n<\/div>\n\n<div class=\"jet-carousel__item\">\n\t<div class=\"jet-carousel__item-inner\"><div class=\"jet-carousel__content\"><h5 class=\"jet-carousel__item-title\"><\/h5><div class=\"jet-carousel__item-text\"><p>Apesar de tudo, o Coliseu parece ainda estar de p\u00e9 com a sua for\u00e7a e robustez, apesar do tempo que passou. \u00c9 um s\u00edmbolo eterno da grandeza da humanidade e da sua vontade de construir monumentos indel\u00e9veis.<\/p><\/div><\/div><\/div>\n<\/div>\n\n<div class=\"jet-carousel__item\">\n\t<div class=\"jet-carousel__item-inner\"><div class=\"jet-carousel__content\"><h5 class=\"jet-carousel__item-title\"><\/h5><div class=\"jet-carousel__item-text\"><p>Uma visita ao Coliseu \u00e9 provavelmente um dos momentos mais emocionantes que se pode viver em Roma. Observar a arena e imaginar as batalhas que ali tiveram lugar h\u00e1 s\u00e9culos \u00e9 uma experi\u00eancia irrepet\u00edvel.<\/p><\/div><\/div><\/div>\n<\/div>\n<\/div><div class=\"jet-carousel__prev-arrow-1ebef0a jet-arrow prev-arrow\"><i aria-hidden=\"true\" class=\"fal fa-chevron-left\"><\/i><\/div><div class=\"jet-carousel__next-arrow-1ebef0a jet-arrow next-arrow\"><i aria-hidden=\"true\" class=\"fal fa-chevron-right\"><\/i><\/div><\/div>\n<\/div>\n<\/div>\t\t<\/div>\n\t\t\t\t<\/div>\n\t\t\t\t\t<\/div>\n\t\t\t\t<\/div>\n\t\t\t\t\t<\/div>\n\t\t<\/div>\n\t\t\t\t\t<\/div>\n\t\t<\/section>\n\t\t\t\t<\/div>","protected":false},"excerpt":{"rendered":"<p>O Coliseu Uma visita ao Coliseu \u00e9 uma experi\u00eancia \u00fanica e inesquec\u00edvel que lhe permite mergulhar na hist\u00f3ria e na beleza de um dos monumentos mais emblem\u00e1ticos do mundo. O Anfiteatro Flaviano O Anfiteatro Flaviano, constru\u00eddo no s\u00e9culo I d.C. em Roma, foi rebaptizado de \"Coliseu\" no s\u00e9culo VIII devido \u00e0 sua proximidade com o Colosso de Neronian. A etimologia de [...]<\/p>","protected":false},"author":1,"featured_media":0,"parent":526,"menu_order":0,"comment_status":"closed","ping_status":"closed","template":"","meta":{"site-sidebar-layout":"no-sidebar","site-content-layout":"page-builder","ast-site-content-layout":"full-width-container","site-content-style":"unboxed","site-sidebar-style":"unboxed","ast-global-header-display":"","ast-banner-title-visibility":"","ast-main-header-display":"","ast-hfb-above-header-display":"","ast-hfb-below-header-display":"","ast-hfb-mobile-header-display":"","site-post-title":"disabled","ast-breadcrumbs-content":"","ast-featured-img":"disabled","footer-sml-layout":"","ast-disable-related-posts":"","theme-transparent-header-meta":"default","adv-header-id-meta":"","stick-header-meta":"","header-above-stick-meta":"","header-main-stick-meta":"","header-below-stick-meta":"","astra-migrate-meta-layouts":"set","ast-page-background-enabled":"default","ast-page-background-meta":{"desktop":{"background-color":"var(--ast-global-color-4)","background-image":"","background-repeat":"repeat","background-position":"center center","background-size":"auto","background-attachment":"scroll","background-type":"","background-media":"","overlay-type":"","overlay-color":"","overlay-opacity":"","overlay-gradient":""},"tablet":{"background-color":"","background-image":"","background-repeat":"repeat","background-position":"center center","background-size":"auto","background-attachment":"scroll","background-type":"","background-media":"","overlay-type":"","overlay-color":"","overlay-opacity":"","overlay-gradient":""},"mobile":{"background-color":"","background-image":"","background-repeat":"repeat","background-position":"center center","background-size":"auto","background-attachment":"scroll","background-type":"","background-media":"","overlay-type":"","overlay-color":"","overlay-opacity":"","overlay-gradient":""}},"ast-content-background-meta":{"desktop":{"background-color":"var(--ast-global-color-5)","background-image":"","background-repeat":"repeat","background-position":"center center","background-size":"auto","background-attachment":"scroll","background-type":"","background-media":"","overlay-type":"","overlay-color":"","overlay-opacity":"","overlay-gradient":""},"tablet":{"background-color":"var(--ast-global-color-5)","background-image":"","background-repeat":"repeat","background-position":"center center","background-size":"auto","background-attachment":"scroll","background-type":"","background-media":"","overlay-type":"","overlay-color":"","overlay-opacity":"","overlay-gradient":""},"mobile":{"background-color":"var(--ast-global-color-5)","background-image":"","background-repeat":"repeat","background-position":"center center","background-size":"auto","background-attachment":"scroll","background-type":"","background-media":"","overlay-type":"","overlay-color":"","overlay-opacity":"","overlay-gradient":""}},"iawp_total_views":6458,"footnotes":""},"class_list":["post-528","page","type-page","status-publish","hentry"],"_links":{"self":[{"href":"https:\/\/colosseo-roma.it\/pt\/wp-json\/wp\/v2\/pages\/528","targetHints":{"allow":["GET"]}}],"collection":[{"href":"https:\/\/colosseo-roma.it\/pt\/wp-json\/wp\/v2\/pages"}],"about":[{"href":"https:\/\/colosseo-roma.it\/pt\/wp-json\/wp\/v2\/types\/page"}],"author":[{"embeddable":true,"href":"https:\/\/colosseo-roma.it\/pt\/wp-json\/wp\/v2\/users\/1"}],"replies":[{"embeddable":true,"href":"https:\/\/colosseo-roma.it\/pt\/wp-json\/wp\/v2\/comments?post=528"}],"version-history":[{"count":0,"href":"https:\/\/colosseo-roma.it\/pt\/wp-json\/wp\/v2\/pages\/528\/revisions"}],"up":[{"embeddable":true,"href":"https:\/\/colosseo-roma.it\/pt\/wp-json\/wp\/v2\/pages\/526"}],"wp:attachment":[{"href":"https:\/\/colosseo-roma.it\/pt\/wp-json\/wp\/v2\/media?parent=528"}],"curies":[{"name":"wp","href":"https:\/\/api.w.org\/{rel}","templated":true}]}}