{"id":536,"date":"2023-03-28T09:18:11","date_gmt":"2023-03-28T08:18:11","guid":{"rendered":"https:\/\/wordpress-1074717-3818660.cloudwaysapps.com\/?page_id=536"},"modified":"2026-01-26T17:11:37","modified_gmt":"2026-01-26T16:11:37","slug":"arena","status":"publish","type":"page","link":"https:\/\/colosseo-roma.it\/pt\/explorar\/coliseu\/arena\/","title":{"rendered":"Arena"},"content":{"rendered":"<div data-elementor-type=\"wp-page\" data-elementor-id=\"536\" class=\"elementor elementor-536\" data-elementor-post-type=\"page\">\n\t\t\t\t\t\t<section class=\"elementor-section elementor-top-section elementor-element elementor-element-08eec93 elementor-section-boxed elementor-section-height-default elementor-section-height-default\" data-id=\"08eec93\" data-element_type=\"section\" data-settings=\"{&quot;jet_parallax_layout_list&quot;:[],&quot;ekit_has_onepagescroll_dot&quot;:&quot;yes&quot;}\">\n\t\t\t\t\t\t<div class=\"elementor-container elementor-column-gap-default\">\n\t\t\t\t\t<div class=\"elementor-column elementor-col-100 elementor-top-column elementor-element elementor-element-d4070b0\" data-id=\"d4070b0\" data-element_type=\"column\" data-settings=\"{&quot;background_background&quot;:&quot;classic&quot;}\">\n\t\t\t<div class=\"elementor-widget-wrap elementor-element-populated\">\n\t\t\t\t\t\t<div class=\"elementor-element elementor-element-5374739 elementor-widget elementor-widget-heading\" data-id=\"5374739\" data-element_type=\"widget\" data-settings=\"{&quot;ekit_we_effect_on&quot;:&quot;none&quot;}\" data-widget_type=\"heading.default\">\n\t\t\t\t<div class=\"elementor-widget-container\">\n\t\t\t<h1 class=\"elementor-heading-title elementor-size-default\">Arena do Coliseu<\/h1>\t\t<\/div>\n\t\t\t\t<\/div>\n\t\t\t\t<div class=\"elementor-element elementor-element-26d4e55 elementor-widget elementor-widget-heading\" data-id=\"26d4e55\" data-element_type=\"widget\" data-settings=\"{&quot;ekit_we_effect_on&quot;:&quot;none&quot;}\" data-widget_type=\"heading.default\">\n\t\t\t\t<div class=\"elementor-widget-container\">\n\t\t\t<h4 class=\"elementor-heading-title elementor-size-default\">A Arena do Coliseu <\/h4>\t\t<\/div>\n\t\t\t\t<\/div>\n\t\t\t\t<div class=\"elementor-element elementor-element-c399692 elementor-widget elementor-widget-text-editor\" data-id=\"c399692\" data-element_type=\"widget\" data-settings=\"{&quot;ekit_we_effect_on&quot;:&quot;none&quot;}\" data-widget_type=\"text-editor.default\">\n\t\t\t\t<div class=\"elementor-widget-container\">\n\t\t\t\t\t\t\t<p>O edif\u00edcio tem uma planta el\u00edptica e apresenta uma colunata tripla de oitenta arcos de travertino no exterior, decorada com semicolunas de estilo d\u00f3rico-toscano no n\u00edvel inferior, de estilo j\u00f3nico no segundo n\u00edvel e de estilo cor\u00edntio no terceiro. O s\u00f3t\u00e3o \u00e9 decorado com colunas de estilo comp\u00f3sito e tem orif\u00edcios dos postes que suportavam a grande cortina (o velum) utilizada para proteger os espectadores do sol e da chuva. A \u00e1gua-furtada foi adornada com 40 escudos de bronze, s\u00edmbolos das vit\u00f3rias militares de Roma sobre os escudos dos seus inimigos.<\/p><p>O Coliseu mede 189 metros de comprimento e 156 metros de largura, com uma fachada de 48 metros de altura. A sua arena central \u00e9 uma oval com um eixo principal de 86 metros de comprimento, rodeada por um muro de 4,5 metros de altura que vai at\u00e9 aos primeiros degraus.<\/p><p>A estrutura foi constru\u00edda com uma variedade de materiais, incluindo tufo e travertino, utilizados especialmente para a fachada. Os orif\u00edcios vis\u00edveis na fachada foram feitos principalmente na Idade M\u00e9dia para recuperar as placas met\u00e1licas que ligavam os blocos de pedra.<\/p><p>As arcadas no r\u00e9s do ch\u00e3o davam ao p\u00fablico acesso \u00e0s escadas para as bancadas. Por cima das arcadas, n\u00fameros romanos indicam as diferentes zonas do audit\u00f3rio. As arcadas dos dois primeiros pisos foram decoradas com 160 est\u00e1tuas de bronze de 5 metros de altura, representando deuses e personagens mitol\u00f3gicos. As quatro entradas principais, n\u00e3o numeradas, eram reservadas a categorias privilegiadas, como os magistrados ou os religiosos. A porta norte dava acesso \u00e0 tribuna imperial.<\/p><p>Na parte central do anfiteatro encontram-se os corredores subterr\u00e2neos, originalmente cobertos com t\u00e1buas de madeira que formavam a superf\u00edcie da arena. A\u00ed se encontravam m\u00e1quinas, jaulas para animais, armaz\u00e9ns e outras instala\u00e7\u00f5es. Quatro corredores, situados por baixo das entradas principais, ligavam as caves ao exterior. Um deles conduzia ao Ludus Magnus, a caserna dos gladiadores.<\/p><p>Os espect\u00e1culos eram gratuitos e os lugares eram atribu\u00eddos de acordo com a classe social. Os lugares mais baixos eram reservados aos senadores ou aos cl\u00e9rigos. Entre os nomes que figuram na lista, encontram-se os de 195 senadores da \u00e9poca de Odoacer (476-483).<\/p><p>\u00a0<\/p>\t\t\t\t\t\t<\/div>\n\t\t\t\t<\/div>\n\t\t\t\t\t<\/div>\n\t\t<\/div>\n\t\t\t\t\t<\/div>\n\t\t<\/section>\n\t\t\t\t<\/div>","protected":false},"excerpt":{"rendered":"<p>Arena do Coliseu A Arena do Coliseu caracteriza-se por uma planta el\u00edptica e apresenta uma colunata tripla de oitenta arcos de travertino no exterior, decorada com semicolunas de estilo d\u00f3rico-toscano no n\u00edvel inferior, de estilo j\u00f3nico no segundo n\u00edvel e de estilo cor\u00edntio no terceiro. O s\u00f3t\u00e3o \u00e9 decorado com colunas de estilo comp\u00f3sito e tem [...].<\/p>","protected":false},"author":1,"featured_media":0,"parent":528,"menu_order":1,"comment_status":"closed","ping_status":"closed","template":"","meta":{"site-sidebar-layout":"no-sidebar","site-content-layout":"page-builder","ast-site-content-layout":"full-width-container","site-content-style":"unboxed","site-sidebar-style":"unboxed","ast-global-header-display":"","ast-banner-title-visibility":"","ast-main-header-display":"","ast-hfb-above-header-display":"","ast-hfb-below-header-display":"","ast-hfb-mobile-header-display":"","site-post-title":"disabled","ast-breadcrumbs-content":"","ast-featured-img":"disabled","footer-sml-layout":"","ast-disable-related-posts":"","theme-transparent-header-meta":"default","adv-header-id-meta":"","stick-header-meta":"","header-above-stick-meta":"","header-main-stick-meta":"","header-below-stick-meta":"","astra-migrate-meta-layouts":"set","ast-page-background-enabled":"default","ast-page-background-meta":{"desktop":{"background-color":"var(--ast-global-color-4)","background-image":"","background-repeat":"repeat","background-position":"center center","background-size":"auto","background-attachment":"scroll","background-type":"","background-media":"","overlay-type":"","overlay-color":"","overlay-opacity":"","overlay-gradient":""},"tablet":{"background-color":"","background-image":"","background-repeat":"repeat","background-position":"center center","background-size":"auto","background-attachment":"scroll","background-type":"","background-media":"","overlay-type":"","overlay-color":"","overlay-opacity":"","overlay-gradient":""},"mobile":{"background-color":"","background-image":"","background-repeat":"repeat","background-position":"center center","background-size":"auto","background-attachment":"scroll","background-type":"","background-media":"","overlay-type":"","overlay-color":"","overlay-opacity":"","overlay-gradient":""}},"ast-content-background-meta":{"desktop":{"background-color":"var(--ast-global-color-5)","background-image":"","background-repeat":"repeat","background-position":"center center","background-size":"auto","background-attachment":"scroll","background-type":"","background-media":"","overlay-type":"","overlay-color":"","overlay-opacity":"","overlay-gradient":""},"tablet":{"background-color":"var(--ast-global-color-5)","background-image":"","background-repeat":"repeat","background-position":"center center","background-size":"auto","background-attachment":"scroll","background-type":"","background-media":"","overlay-type":"","overlay-color":"","overlay-opacity":"","overlay-gradient":""},"mobile":{"background-color":"var(--ast-global-color-5)","background-image":"","background-repeat":"repeat","background-position":"center center","background-size":"auto","background-attachment":"scroll","background-type":"","background-media":"","overlay-type":"","overlay-color":"","overlay-opacity":"","overlay-gradient":""}},"iawp_total_views":1402,"footnotes":""},"class_list":["post-536","page","type-page","status-publish","hentry"],"_links":{"self":[{"href":"https:\/\/colosseo-roma.it\/pt\/wp-json\/wp\/v2\/pages\/536","targetHints":{"allow":["GET"]}}],"collection":[{"href":"https:\/\/colosseo-roma.it\/pt\/wp-json\/wp\/v2\/pages"}],"about":[{"href":"https:\/\/colosseo-roma.it\/pt\/wp-json\/wp\/v2\/types\/page"}],"author":[{"embeddable":true,"href":"https:\/\/colosseo-roma.it\/pt\/wp-json\/wp\/v2\/users\/1"}],"replies":[{"embeddable":true,"href":"https:\/\/colosseo-roma.it\/pt\/wp-json\/wp\/v2\/comments?post=536"}],"version-history":[{"count":0,"href":"https:\/\/colosseo-roma.it\/pt\/wp-json\/wp\/v2\/pages\/536\/revisions"}],"up":[{"embeddable":true,"href":"https:\/\/colosseo-roma.it\/pt\/wp-json\/wp\/v2\/pages\/528"}],"wp:attachment":[{"href":"https:\/\/colosseo-roma.it\/pt\/wp-json\/wp\/v2\/media?parent=536"}],"curies":[{"name":"wp","href":"https:\/\/api.w.org\/{rel}","templated":true}]}}