{"id":537,"date":"2023-03-28T09:18:27","date_gmt":"2023-03-28T08:18:27","guid":{"rendered":"https:\/\/wordpress-1074717-3818660.cloudwaysapps.com\/?page_id=537"},"modified":"2026-01-26T17:11:42","modified_gmt":"2026-01-26T16:11:42","slug":"caves","status":"publish","type":"page","link":"https:\/\/colosseo-roma.it\/pt\/explorar\/coliseu\/caves\/","title":{"rendered":"Subterr\u00e2neo"},"content":{"rendered":"<div data-elementor-type=\"wp-page\" data-elementor-id=\"537\" class=\"elementor elementor-537\" data-elementor-post-type=\"page\">\n\t\t\t\t\t\t<section class=\"elementor-section elementor-top-section elementor-element elementor-element-235238d elementor-section-boxed elementor-section-height-default elementor-section-height-default\" data-id=\"235238d\" data-element_type=\"section\" data-settings=\"{&quot;jet_parallax_layout_list&quot;:[],&quot;ekit_has_onepagescroll_dot&quot;:&quot;yes&quot;}\">\n\t\t\t\t\t\t<div class=\"elementor-container elementor-column-gap-default\">\n\t\t\t\t\t<div class=\"elementor-column elementor-col-100 elementor-top-column elementor-element elementor-element-dcb42cd\" data-id=\"dcb42cd\" data-element_type=\"column\" data-settings=\"{&quot;background_background&quot;:&quot;classic&quot;}\">\n\t\t\t<div class=\"elementor-widget-wrap elementor-element-populated\">\n\t\t\t\t\t\t<div class=\"elementor-element elementor-element-6a119f8 elementor-widget elementor-widget-heading\" data-id=\"6a119f8\" data-element_type=\"widget\" data-settings=\"{&quot;ekit_we_effect_on&quot;:&quot;none&quot;}\" data-widget_type=\"heading.default\">\n\t\t\t\t<div class=\"elementor-widget-container\">\n\t\t\t<h1 class=\"elementor-heading-title elementor-size-default\">Subterr\u00e2neo do Coliseu<\/h1>\t\t<\/div>\n\t\t\t\t<\/div>\n\t\t\t\t<div class=\"elementor-element elementor-element-5ae2d92 elementor-widget elementor-widget-heading\" data-id=\"5ae2d92\" data-element_type=\"widget\" data-settings=\"{&quot;ekit_we_effect_on&quot;:&quot;none&quot;}\" data-widget_type=\"heading.default\">\n\t\t\t\t<div class=\"elementor-widget-container\">\n\t\t\t<h4 class=\"elementor-heading-title elementor-size-default\">Coliseu e subterr\u00e2neo<\/h4>\t\t<\/div>\n\t\t\t\t<\/div>\n\t\t\t\t<div class=\"elementor-element elementor-element-44f1ced elementor-widget elementor-widget-text-editor\" data-id=\"44f1ced\" data-element_type=\"widget\" data-settings=\"{&quot;ekit_we_effect_on&quot;:&quot;none&quot;}\" data-widget_type=\"text-editor.default\">\n\t\t\t\t<div class=\"elementor-widget-container\">\n\t\t\t\t\t\t\t<p>A forma el\u00edptica do Coliseu foi realizada atrav\u00e9s de um sofisticado procedimento geom\u00e9trico de 4 centros e foi tamb\u00e9m retomada pelo pavimento da arena, adoptando uma alvenaria misturada com uma t\u00e1bua de madeira coberta de areia. Sob o pavimento da arena encontravam-se espa\u00e7osas salas de servi\u00e7o subterr\u00e2neas, constru\u00eddas depois do imperador Domiciano.<\/p><p>Anteriormente, a arena podia ser inundada para acolher naumachiae ou espect\u00e1culos com nadadores, como relata Marcial no seu livro De spectaculis. Uma grande parte do calabou\u00e7o ainda hoje \u00e9 vis\u00edvel do alto e pode-se ver um largo corredor ao longo do eixo principal que divide a \u00e1rea em dois semic\u00edrculos laterais atravessados por doze corredores curvil\u00edneos. Ao longo do muro perimetral, h\u00e1 uma s\u00e9rie de salas de servi\u00e7o abobadadas que, provavelmente, albergavam os animais utilizados durante os jogos, bem como os cen\u00e1rios.<\/p><p>O corredor ao longo do eixo principal da elipse terminava em duas galerias que se abrem no interior da rosca de bet\u00e3o que forma as funda\u00e7\u00f5es do anfiteatro. Duas outras galerias ao longo do eixo menor da elipse, uma na dire\u00e7\u00e3o do Colle Oppio e outra na dire\u00e7\u00e3o do Caelian, ainda n\u00e3o foram escavadas. Um quinto t\u00fanel, situado ao longo da cunha V abaixo do palco imperial, foi constru\u00eddo na \u00e9poca de Domiciano e era provavelmente uma via de acesso reservada exclusivamente ao imperador e diretamente ligada a alguns edif\u00edcios imperiais na zona do Templo de Cl\u00e1udio no Caelian.<\/p>\t\t\t\t\t\t<\/div>\n\t\t\t\t<\/div>\n\t\t\t\t<div class=\"elementor-element elementor-element-d94dd08 elementor-widget elementor-widget-heading\" data-id=\"d94dd08\" data-element_type=\"widget\" data-settings=\"{&quot;ekit_we_effect_on&quot;:&quot;none&quot;}\" data-widget_type=\"heading.default\">\n\t\t\t\t<div class=\"elementor-widget-container\">\n\t\t\t<h4 class=\"elementor-heading-title elementor-size-default\">Coliseu e subterr\u00e2neo<\/h4>\t\t<\/div>\n\t\t\t\t<\/div>\n\t\t\t\t<div class=\"elementor-element elementor-element-fd1e286 elementor-widget elementor-widget-text-editor\" data-id=\"fd1e286\" data-element_type=\"widget\" data-settings=\"{&quot;ekit_we_effect_on&quot;:&quot;none&quot;}\" data-widget_type=\"text-editor.default\">\n\t\t\t\t<div class=\"elementor-widget-container\">\n\t\t\t\t\t\t\t<p>Por baixo dos quatro t\u00faneis ao longo dos dois eixos encontram-se condutas hidr\u00e1ulicas, indispens\u00e1veis para a evacua\u00e7\u00e3o das \u00e1guas pluviais e para a drenagem das latrinas. As explora\u00e7\u00f5es do espeleo-subaque levaram \u00e0 descoberta de outras grandes condutas, que foram encontradas sob o Coliseu e que provavelmente faziam parte do sistema de condutas que alimentavam o lago constru\u00eddo para a resid\u00eancia de Nero.<\/p><p>A estrutura hidr\u00e1ulica do Coliseu \u00e9 ainda muito complexa e n\u00e3o completamente compreendida. No exterior do anfiteatro foi encontrado um t\u00fanel a 8 metros de profundidade do n\u00edvel do solo da pra\u00e7a que rodeia todo o anfiteatro a cerca de 2-3 metros do seu per\u00edmetro exterior; trata-se de uma conduta de esgotos. Um outro t\u00fanel, mais pequeno, com ab\u00f3bada de capuchinho, situado no interior da ros\u00e1cea de funda\u00e7\u00e3o, a 2,8 metros de profundidade, albergava provavelmente tubos de chumbo que transportavam \u00e1gua mantida sob press\u00e3o por tanques.<\/p>\t\t\t\t\t\t<\/div>\n\t\t\t\t<\/div>\n\t\t\t\t\t<\/div>\n\t\t<\/div>\n\t\t\t\t\t<\/div>\n\t\t<\/section>\n\t\t\t\t<\/div>","protected":false},"excerpt":{"rendered":"<p>Subterr\u00e2neo do Coliseu Coliseu e Subterr\u00e2neo A forma el\u00edptica do Coliseu foi realizada atrav\u00e9s de um sofisticado procedimento geom\u00e9trico quadric\u00eantrico, e foi tamb\u00e9m retomada pelo pavimento da arena, adoptando uma alvenaria misturada com uma t\u00e1bua de madeira coberta de areia. Sob o pavimento da arena existiam espa\u00e7osas salas de servi\u00e7o subterr\u00e2neas, [...].<\/p>","protected":false},"author":1,"featured_media":0,"parent":528,"menu_order":2,"comment_status":"closed","ping_status":"closed","template":"","meta":{"site-sidebar-layout":"no-sidebar","site-content-layout":"page-builder","ast-site-content-layout":"full-width-container","site-content-style":"unboxed","site-sidebar-style":"unboxed","ast-global-header-display":"","ast-banner-title-visibility":"","ast-main-header-display":"","ast-hfb-above-header-display":"","ast-hfb-below-header-display":"","ast-hfb-mobile-header-display":"","site-post-title":"disabled","ast-breadcrumbs-content":"","ast-featured-img":"disabled","footer-sml-layout":"","ast-disable-related-posts":"","theme-transparent-header-meta":"default","adv-header-id-meta":"","stick-header-meta":"","header-above-stick-meta":"","header-main-stick-meta":"","header-below-stick-meta":"","astra-migrate-meta-layouts":"set","ast-page-background-enabled":"default","ast-page-background-meta":{"desktop":{"background-color":"var(--ast-global-color-4)","background-image":"","background-repeat":"repeat","background-position":"center center","background-size":"auto","background-attachment":"scroll","background-type":"","background-media":"","overlay-type":"","overlay-color":"","overlay-opacity":"","overlay-gradient":""},"tablet":{"background-color":"","background-image":"","background-repeat":"repeat","background-position":"center center","background-size":"auto","background-attachment":"scroll","background-type":"","background-media":"","overlay-type":"","overlay-color":"","overlay-opacity":"","overlay-gradient":""},"mobile":{"background-color":"","background-image":"","background-repeat":"repeat","background-position":"center center","background-size":"auto","background-attachment":"scroll","background-type":"","background-media":"","overlay-type":"","overlay-color":"","overlay-opacity":"","overlay-gradient":""}},"ast-content-background-meta":{"desktop":{"background-color":"var(--ast-global-color-5)","background-image":"","background-repeat":"repeat","background-position":"center center","background-size":"auto","background-attachment":"scroll","background-type":"","background-media":"","overlay-type":"","overlay-color":"","overlay-opacity":"","overlay-gradient":""},"tablet":{"background-color":"var(--ast-global-color-5)","background-image":"","background-repeat":"repeat","background-position":"center center","background-size":"auto","background-attachment":"scroll","background-type":"","background-media":"","overlay-type":"","overlay-color":"","overlay-opacity":"","overlay-gradient":""},"mobile":{"background-color":"var(--ast-global-color-5)","background-image":"","background-repeat":"repeat","background-position":"center center","background-size":"auto","background-attachment":"scroll","background-type":"","background-media":"","overlay-type":"","overlay-color":"","overlay-opacity":"","overlay-gradient":""}},"iawp_total_views":2125,"footnotes":""},"class_list":["post-537","page","type-page","status-publish","hentry"],"_links":{"self":[{"href":"https:\/\/colosseo-roma.it\/pt\/wp-json\/wp\/v2\/pages\/537","targetHints":{"allow":["GET"]}}],"collection":[{"href":"https:\/\/colosseo-roma.it\/pt\/wp-json\/wp\/v2\/pages"}],"about":[{"href":"https:\/\/colosseo-roma.it\/pt\/wp-json\/wp\/v2\/types\/page"}],"author":[{"embeddable":true,"href":"https:\/\/colosseo-roma.it\/pt\/wp-json\/wp\/v2\/users\/1"}],"replies":[{"embeddable":true,"href":"https:\/\/colosseo-roma.it\/pt\/wp-json\/wp\/v2\/comments?post=537"}],"version-history":[{"count":0,"href":"https:\/\/colosseo-roma.it\/pt\/wp-json\/wp\/v2\/pages\/537\/revisions"}],"up":[{"embeddable":true,"href":"https:\/\/colosseo-roma.it\/pt\/wp-json\/wp\/v2\/pages\/528"}],"wp:attachment":[{"href":"https:\/\/colosseo-roma.it\/pt\/wp-json\/wp\/v2\/media?parent=537"}],"curies":[{"name":"wp","href":"https:\/\/api.w.org\/{rel}","templated":true}]}}