{"id":538,"date":"2023-03-28T09:18:33","date_gmt":"2023-03-28T08:18:33","guid":{"rendered":"https:\/\/wordpress-1074717-3818660.cloudwaysapps.com\/?page_id=538"},"modified":"2023-03-31T22:37:11","modified_gmt":"2023-03-31T21:37:11","slug":"museu-do-coliseu","status":"publish","type":"page","link":"https:\/\/colosseo-roma.it\/pt\/explorar\/coliseu\/museu-do-coliseu\/","title":{"rendered":"Museu do Coliseu"},"content":{"rendered":"<div data-elementor-type=\"wp-page\" data-elementor-id=\"538\" class=\"elementor elementor-538\" data-elementor-post-type=\"page\">\n\t\t\t\t\t\t<section class=\"elementor-section elementor-top-section elementor-element elementor-element-226a65a elementor-section-boxed elementor-section-height-default elementor-section-height-default\" data-id=\"226a65a\" data-element_type=\"section\" data-settings=\"{&quot;jet_parallax_layout_list&quot;:[],&quot;ekit_has_onepagescroll_dot&quot;:&quot;yes&quot;}\">\n\t\t\t\t\t\t<div class=\"elementor-container elementor-column-gap-default\">\n\t\t\t\t\t<div class=\"elementor-column elementor-col-100 elementor-top-column elementor-element elementor-element-7fe7b2d\" data-id=\"7fe7b2d\" data-element_type=\"column\">\n\t\t\t<div class=\"elementor-widget-wrap elementor-element-populated\">\n\t\t\t\t\t\t<div class=\"elementor-element elementor-element-730ea5d elementor-widget elementor-widget-heading\" data-id=\"730ea5d\" data-element_type=\"widget\" data-settings=\"{&quot;ekit_we_effect_on&quot;:&quot;none&quot;}\" data-widget_type=\"heading.default\">\n\t\t\t\t<div class=\"elementor-widget-container\">\n\t\t\t<h1 class=\"elementor-heading-title elementor-size-default\">O Museu Palatino<\/h1>\t\t<\/div>\n\t\t\t\t<\/div>\n\t\t\t\t<div class=\"elementor-element elementor-element-3566507 elementor-widget elementor-widget-heading\" data-id=\"3566507\" data-element_type=\"widget\" data-settings=\"{&quot;ekit_we_effect_on&quot;:&quot;none&quot;}\" data-widget_type=\"heading.default\">\n\t\t\t\t<div class=\"elementor-widget-container\">\n\t\t\t<h5 class=\"elementor-heading-title elementor-size-default\">Visitar o Museu do Coliseu<\/h5>\t\t<\/div>\n\t\t\t\t<\/div>\n\t\t\t\t<div class=\"elementor-element elementor-element-d56a64d elementor-widget elementor-widget-heading\" data-id=\"d56a64d\" data-element_type=\"widget\" data-settings=\"{&quot;ekit_we_effect_on&quot;:&quot;none&quot;}\" data-widget_type=\"heading.default\">\n\t\t\t\t<div class=\"elementor-widget-container\">\n\t\t\t<h5 class=\"elementor-heading-title elementor-size-default\">Compre o seu bilhete e fa\u00e7a uma visita guiada <\/h5>\t\t<\/div>\n\t\t\t\t<\/div>\n\t\t\t\t<div class=\"elementor-element elementor-element-a1a62c5 elementor-widget elementor-widget-html\" data-id=\"a1a62c5\" data-element_type=\"widget\" data-settings=\"{&quot;ekit_we_effect_on&quot;:&quot;none&quot;}\" data-widget_type=\"html.default\">\n\t\t\t\t<div class=\"elementor-widget-container\">\n\t\t\t<div data-gyg-href=\"https:\/\/widget.getyourguide.com\/default\/activities.frame\" data-gyg-locale-code=\"it-IT\" data-gyg-widget=\"activities\" data-gyg-number-of-items=\"3\" data-gyg-partner-id=\"D5VYVWQ\" data-gyg-tour-ids=\"183746,408602,225249\"><\/div>\t\t<\/div>\n\t\t\t\t<\/div>\n\t\t\t\t<div class=\"elementor-element elementor-element-21f6686 elementor-widget elementor-widget-heading\" data-id=\"21f6686\" data-element_type=\"widget\" data-settings=\"{&quot;ekit_we_effect_on&quot;:&quot;none&quot;}\" data-widget_type=\"heading.default\">\n\t\t\t\t<div class=\"elementor-widget-container\">\n\t\t\t<h5 class=\"elementor-heading-title elementor-size-default\">Museu do Anfiteatro Flaviano<\/h5>\t\t<\/div>\n\t\t\t\t<\/div>\n\t\t\t\t<div class=\"elementor-element elementor-element-bccb85f elementor-widget elementor-widget-text-editor\" data-id=\"bccb85f\" data-element_type=\"widget\" data-settings=\"{&quot;ekit_we_effect_on&quot;:&quot;none&quot;}\" data-widget_type=\"text-editor.default\">\n\t\t\t\t<div class=\"elementor-widget-container\">\n\t\t\t\t\t\t\t<p>O Museu do Coliseu, situado no segundo n\u00edvel do anfiteatro, representa um itiner\u00e1rio tem\u00e1tico dentro do espa\u00e7o de exposi\u00e7\u00e3o. Uma sinal\u00e9tica bem concebida identifica os itiner\u00e1rios mais significativos para tirar o m\u00e1ximo partido da visita.<\/p><p>As investiga\u00e7\u00f5es arqueol\u00f3gicas dos \u00faltimos anos, juntamente com as exposi\u00e7\u00f5es mais recentes e as publica\u00e7\u00f5es impressas em que foram incorporadas, permitiram aos especialistas compreender melhor a longa vida do Coliseu, as suas reutiliza\u00e7\u00f5es e at\u00e9 os seus significados ideol\u00f3gicos. A exposi\u00e7\u00e3o do Museu re\u00fane as obras mais not\u00e1veis da constru\u00e7\u00e3o e das escava\u00e7\u00f5es, organizadas de forma a ilustrar os aspectos mais salientes do monumento atrav\u00e9s de expans\u00f5es hipertextuais e hiperm\u00e9dia.<\/p><p>A primeira sec\u00e7\u00e3o \u00e9 o ponto de partida do museu e baseia-se na arquitetura do grande antiteatro, com pe\u00e7as como capit\u00e9is e fragmentos de transenhas e a impressionante reconstru\u00e7\u00e3o da vomit\u00f3ria. Nesta sec\u00e7\u00e3o, \u00e9 real\u00e7ada a for\u00e7a do monumento como modelo de arquitetura ao longo dos s\u00e9culos. Uma assinatura deixada por Hubert Robert na \"carne viva\" do Coliseu \u00e9 um exemplo art\u00edstico evidente de identifica\u00e7\u00e3o existencial com o edif\u00edcio. As pinturas reproduzidas nos pain\u00e9is explicativos mostram fielmente os tipos de utiliza\u00e7\u00e3o do r\u00e9s do ch\u00e3o, de uma forma que j\u00e1 prevalecia no final da Idade M\u00e9dia.<\/p><p>A segunda sec\u00e7\u00e3o ilustra o funcionamento do anfiteatro e a vida quotidiana no seu interior atrav\u00e9s de modelos e exposi\u00e7\u00f5es em vitrinas. Al\u00e9m disso, s\u00e3o apresentados grafittis, mosaicos e relevos que descrevem a atividade dos gladiadores e os temas das venationes.<\/p><p>A terceira sec\u00e7\u00e3o \u00e9 dedicada aos espectadores, com loca senatorial cujas inscri\u00e7\u00f5es mostram uma divis\u00e3o dos lugares nos n\u00edveis de assentos. Uma variedade de m\u00e1rmores expostos descreve o aparelho escult\u00f3rico do monumento, incluindo a sua localiza\u00e7\u00e3o original, se conhecida.<\/p><p>A quarta sec\u00e7\u00e3o centra-se na reutiliza\u00e7\u00e3o ideol\u00f3gica do monumento, transformado em s\u00edmbolo do novo imp\u00e9rio nos anos do imp\u00e9rio. A sec\u00e7\u00e3o segue-se com uma ilustra\u00e7\u00e3o da Idade M\u00e9dia do Coliseu, a sua \"cristianiza\u00e7\u00e3o\" e, como contraponto, a evoca\u00e7\u00e3o de um Coliseu \"m\u00e1gico\" e demon\u00edaco.<\/p><p>A exposi\u00e7\u00e3o no Museu do Coliseu termina com a sec\u00e7\u00e3o sobre a reconstru\u00e7\u00e3o \"filol\u00f3gica\" do modelo de Lucangeli e os \"arcos frondosos\" de vistas e escritos rom\u00e2nticos do Grand Tour.<\/p>\t\t\t\t\t\t<\/div>\n\t\t\t\t<\/div>\n\t\t\t\t<div class=\"elementor-element elementor-element-33084a0 elementor-widget elementor-widget-heading\" data-id=\"33084a0\" data-element_type=\"widget\" data-settings=\"{&quot;ekit_we_effect_on&quot;:&quot;none&quot;}\" data-widget_type=\"heading.default\">\n\t\t\t\t<div class=\"elementor-widget-container\">\n\t\t\t<h5 class=\"elementor-heading-title elementor-size-default\">Hor\u00e1rio de funcionamento<\/h5>\t\t<\/div>\n\t\t\t\t<\/div>\n\t\t\t\t<div class=\"elementor-element elementor-element-41630b5 elementor-widget elementor-widget-text-editor\" data-id=\"41630b5\" data-element_type=\"widget\" data-settings=\"{&quot;ekit_we_effect_on&quot;:&quot;none&quot;}\" data-widget_type=\"text-editor.default\">\n\t\t\t\t<div class=\"elementor-widget-container\">\n\t\t\t\t\t\t\t<p>O Museu est\u00e1 aberto todos os dias, de segunda a domingo, das 9h \u00e0s 16h30m.<\/p><p>A \u00faltima visita \u00e9 efectuada uma hora antes da hora de encerramento.\u00a0<\/p><p>\u00a0<\/p><p>\u00a0<\/p><p>\u00a0<\/p><p>\u00a0<\/p>\t\t\t\t\t\t<\/div>\n\t\t\t\t<\/div>\n\t\t\t\t<div class=\"elementor-element elementor-element-5a13300 elementor-widget elementor-widget-heading\" data-id=\"5a13300\" data-element_type=\"widget\" data-settings=\"{&quot;ekit_we_effect_on&quot;:&quot;none&quot;}\" data-widget_type=\"heading.default\">\n\t\t\t\t<div class=\"elementor-widget-container\">\n\t\t\t<h5 class=\"elementor-heading-title elementor-size-default\">Como chegar ao Museu do Anfiteatro Flaviano<\/h5>\t\t<\/div>\n\t\t\t\t<\/div>\n\t\t\t\t<div class=\"elementor-element elementor-element-b392f7f elementor-widget elementor-widget-text-editor\" data-id=\"b392f7f\" data-element_type=\"widget\" data-settings=\"{&quot;ekit_we_effect_on&quot;:&quot;none&quot;}\" data-widget_type=\"text-editor.default\">\n\t\t\t\t<div class=\"elementor-widget-container\">\n\t\t\t\t\t\t\t<p>Metro: Linha B, paragem Colosseo<\/p><p>Autocarros: n.\u00ba 75, 81, 87, 673, 175, 204<\/p><p>El\u00e9trico: n.\u00ba 3<\/p>\t\t\t\t\t\t<\/div>\n\t\t\t\t<\/div>\n\t\t\t\t<div class=\"elementor-element elementor-element-35c1500 elementor-widget elementor-widget-heading\" data-id=\"35c1500\" data-element_type=\"widget\" data-settings=\"{&quot;ekit_we_effect_on&quot;:&quot;none&quot;}\" data-widget_type=\"heading.default\">\n\t\t\t\t<div class=\"elementor-widget-container\">\n\t\t\t<h5 class=\"elementor-heading-title elementor-size-default\">Livro tamb\u00e9m F\u00f3rum Palatino Romano e Domus Aurea<\/h5>\t\t<\/div>\n\t\t\t\t<\/div>\n\t\t\t\t\t<\/div>\n\t\t<\/div>\n\t\t\t\t\t<\/div>\n\t\t<\/section>\n\t\t\t\t<\/div>","protected":false},"excerpt":{"rendered":"<p>O Museu do Palatino Visitar o Museu do Coliseu Comprar bilhete e visita O Museu do Anfiteatro Flaviano O Museu do Coliseu, situado no segundo n\u00edvel do anfiteatro, representa um itiner\u00e1rio tem\u00e1tico dentro do espa\u00e7o de exposi\u00e7\u00e3o. Uma sinal\u00e9tica bem concebida identifica os itiner\u00e1rios mais significativos para aproveitar ao m\u00e1ximo a visita. As investiga\u00e7\u00f5es arqueol\u00f3gicas dos \u00faltimos [...]<\/p>","protected":false},"author":1,"featured_media":0,"parent":528,"menu_order":5,"comment_status":"closed","ping_status":"closed","template":"","meta":{"site-sidebar-layout":"no-sidebar","site-content-layout":"page-builder","ast-site-content-layout":"default","site-content-style":"default","site-sidebar-style":"default","ast-global-header-display":"","ast-banner-title-visibility":"","ast-main-header-display":"","ast-hfb-above-header-display":"","ast-hfb-below-header-display":"","ast-hfb-mobile-header-display":"","site-post-title":"disabled","ast-breadcrumbs-content":"","ast-featured-img":"disabled","footer-sml-layout":"","ast-disable-related-posts":"","theme-transparent-header-meta":"default","adv-header-id-meta":"","stick-header-meta":"","header-above-stick-meta":"","header-main-stick-meta":"","header-below-stick-meta":"","astra-migrate-meta-layouts":"default","ast-page-background-enabled":"default","ast-page-background-meta":{"desktop":{"background-color":"var(--ast-global-color-4)","background-image":"","background-repeat":"repeat","background-position":"center center","background-size":"auto","background-attachment":"scroll","background-type":"","background-media":"","overlay-type":"","overlay-color":"","overlay-opacity":"","overlay-gradient":""},"tablet":{"background-color":"","background-image":"","background-repeat":"repeat","background-position":"center center","background-size":"auto","background-attachment":"scroll","background-type":"","background-media":"","overlay-type":"","overlay-color":"","overlay-opacity":"","overlay-gradient":""},"mobile":{"background-color":"","background-image":"","background-repeat":"repeat","background-position":"center center","background-size":"auto","background-attachment":"scroll","background-type":"","background-media":"","overlay-type":"","overlay-color":"","overlay-opacity":"","overlay-gradient":""}},"ast-content-background-meta":{"desktop":{"background-color":"var(--ast-global-color-5)","background-image":"","background-repeat":"repeat","background-position":"center center","background-size":"auto","background-attachment":"scroll","background-type":"","background-media":"","overlay-type":"","overlay-color":"","overlay-opacity":"","overlay-gradient":""},"tablet":{"background-color":"var(--ast-global-color-5)","background-image":"","background-repeat":"repeat","background-position":"center center","background-size":"auto","background-attachment":"scroll","background-type":"","background-media":"","overlay-type":"","overlay-color":"","overlay-opacity":"","overlay-gradient":""},"mobile":{"background-color":"var(--ast-global-color-5)","background-image":"","background-repeat":"repeat","background-position":"center center","background-size":"auto","background-attachment":"scroll","background-type":"","background-media":"","overlay-type":"","overlay-color":"","overlay-opacity":"","overlay-gradient":""}},"iawp_total_views":516,"footnotes":""},"class_list":["post-538","page","type-page","status-publish","hentry"],"_links":{"self":[{"href":"https:\/\/colosseo-roma.it\/pt\/wp-json\/wp\/v2\/pages\/538","targetHints":{"allow":["GET"]}}],"collection":[{"href":"https:\/\/colosseo-roma.it\/pt\/wp-json\/wp\/v2\/pages"}],"about":[{"href":"https:\/\/colosseo-roma.it\/pt\/wp-json\/wp\/v2\/types\/page"}],"author":[{"embeddable":true,"href":"https:\/\/colosseo-roma.it\/pt\/wp-json\/wp\/v2\/users\/1"}],"replies":[{"embeddable":true,"href":"https:\/\/colosseo-roma.it\/pt\/wp-json\/wp\/v2\/comments?post=538"}],"version-history":[{"count":0,"href":"https:\/\/colosseo-roma.it\/pt\/wp-json\/wp\/v2\/pages\/538\/revisions"}],"up":[{"embeddable":true,"href":"https:\/\/colosseo-roma.it\/pt\/wp-json\/wp\/v2\/pages\/528"}],"wp:attachment":[{"href":"https:\/\/colosseo-roma.it\/pt\/wp-json\/wp\/v2\/media?parent=538"}],"curies":[{"name":"wp","href":"https:\/\/api.w.org\/{rel}","templated":true}]}}